{"id":1778,"date":"2023-05-10T10:35:19","date_gmt":"2023-05-10T08:35:19","guid":{"rendered":"https:\/\/www.ff.unipo.sk\/slovencina\/?page_id=1778"},"modified":"2024-12-19T12:30:36","modified_gmt":"2024-12-19T11:30:36","slug":"v-banke-lexika","status":"publish","type":"page","link":"https:\/\/www.ff.unipo.sk\/slovencina\/?page_id=1778","title":{"rendered":"V BANKE"},"content":{"rendered":"\t\t<div data-elementor-type=\"wp-page\" data-elementor-id=\"1778\" class=\"elementor elementor-1778\">\n\t\t\t\t\t\t<section class=\"has_eae_slider elementor-section elementor-top-section elementor-element elementor-element-5843466c elementor-section-boxed elementor-section-height-default elementor-section-height-default\" data-eae-slider=\"90249\" data-id=\"5843466c\" data-element_type=\"section\" data-e-type=\"section\">\n\t\t\t\t\t\t<div class=\"elementor-container elementor-column-gap-default\">\n\t\t\t\t\t<div class=\"has_eae_slider elementor-column elementor-col-100 elementor-top-column elementor-element elementor-element-ce5838a\" data-eae-slider=\"31627\" data-id=\"ce5838a\" data-element_type=\"column\" data-e-type=\"column\">\n\t\t\t<div class=\"elementor-widget-wrap elementor-element-populated\">\n\t\t\t\t\t\t<div class=\"elementor-element elementor-element-76174860 elementor-widget elementor-widget-image\" data-id=\"76174860\" data-element_type=\"widget\" data-e-type=\"widget\" data-widget_type=\"image.default\">\n\t\t\t\t<div class=\"elementor-widget-container\">\n\t\t\t\t\t\t\t\t\t\t\t\t\t\t\t<img fetchpriority=\"high\" decoding=\"async\" width=\"2048\" height=\"343\" src=\"https:\/\/www.ff.unipo.sk\/slovencina\/wp-content\/uploads\/2023\/05\/banner-2048x343.png\" class=\"attachment-2048x2048 size-2048x2048 wp-image-1886\" alt=\"\" srcset=\"https:\/\/www.ff.unipo.sk\/slovencina\/wp-content\/uploads\/2023\/05\/banner-2048x343.png 2048w, https:\/\/www.ff.unipo.sk\/slovencina\/wp-content\/uploads\/2023\/05\/banner-300x50.png 300w, https:\/\/www.ff.unipo.sk\/slovencina\/wp-content\/uploads\/2023\/05\/banner-1024x172.png 1024w, https:\/\/www.ff.unipo.sk\/slovencina\/wp-content\/uploads\/2023\/05\/banner-768x129.png 768w, https:\/\/www.ff.unipo.sk\/slovencina\/wp-content\/uploads\/2023\/05\/banner-1536x258.png 1536w\" sizes=\"(max-width: 2048px) 100vw, 2048px\" \/>\t\t\t\t\t\t\t\t\t\t\t\t\t\t\t<\/div>\n\t\t\t\t<\/div>\n\t\t\t\t\t<\/div>\n\t\t<\/div>\n\t\t\t\t\t<\/div>\n\t\t<\/section>\n\t\t\t\t<section class=\"has_eae_slider elementor-section elementor-top-section elementor-element elementor-element-16254e0 elementor-section-boxed elementor-section-height-default elementor-section-height-default\" data-eae-slider=\"91556\" data-id=\"16254e0\" data-element_type=\"section\" data-e-type=\"section\">\n\t\t\t\t\t\t<div class=\"elementor-container elementor-column-gap-default\">\n\t\t\t\t\t<div class=\"has_eae_slider elementor-column elementor-col-100 elementor-top-column elementor-element elementor-element-efac719\" data-eae-slider=\"25762\" data-id=\"efac719\" data-element_type=\"column\" data-e-type=\"column\">\n\t\t\t<div class=\"elementor-widget-wrap elementor-element-populated\">\n\t\t\t\t\t\t<div class=\"elementor-element elementor-element-bf45e8b elementor-widget elementor-widget-heading\" data-id=\"bf45e8b\" data-element_type=\"widget\" data-e-type=\"widget\" data-widget_type=\"heading.default\">\n\t\t\t\t<div class=\"elementor-widget-container\">\n\t\t\t\t\t<h2 class=\"elementor-heading-title elementor-size-default\">V BANKE<\/h2>\t\t\t\t<\/div>\n\t\t\t\t<\/div>\n\t\t\t\t\t<\/div>\n\t\t<\/div>\n\t\t\t\t\t<\/div>\n\t\t<\/section>\n\t\t\t\t<section class=\"has_eae_slider elementor-section elementor-top-section elementor-element elementor-element-a6ede3c elementor-section-boxed elementor-section-height-default elementor-section-height-default\" data-eae-slider=\"56922\" data-id=\"a6ede3c\" data-element_type=\"section\" data-e-type=\"section\">\n\t\t\t\t\t\t<div class=\"elementor-container elementor-column-gap-default\">\n\t\t\t\t\t<div class=\"has_eae_slider elementor-column elementor-col-25 elementor-top-column elementor-element elementor-element-d426d53\" data-eae-slider=\"97887\" data-id=\"d426d53\" data-element_type=\"column\" data-e-type=\"column\">\n\t\t\t<div class=\"elementor-widget-wrap\">\n\t\t\t\t\t\t\t<\/div>\n\t\t<\/div>\n\t\t\t\t<div class=\"has_eae_slider elementor-column elementor-col-50 elementor-top-column elementor-element elementor-element-e0b9920\" data-eae-slider=\"1471\" data-id=\"e0b9920\" data-element_type=\"column\" data-e-type=\"column\">\n\t\t\t<div class=\"elementor-widget-wrap elementor-element-populated\">\n\t\t\t\t\t\t<div class=\"elementor-element elementor-element-f1e7378 elementor-widget elementor-widget-text-editor\" data-id=\"f1e7378\" data-element_type=\"widget\" data-e-type=\"widget\" data-widget_type=\"text-editor.default\">\n\t\t\t\t<div class=\"elementor-widget-container\">\n\t\t\t\t\t\t\t\t\t<table><tbody><tr><td width=\"198\"><p>aktivova\u0165<\/p><\/td><td width=\"227\"><p>\u0430\u043a\u0442\u0438\u0432\u0443\u0432\u0430\u0442\u0438<\/p><\/td><td width=\"179\"><p>to activate<\/p><\/td><\/tr><tr><td width=\"198\"><p>aplik\u00e1cia, apka (slang.)<\/p><\/td><td width=\"227\"><p>\u0430\u043f\u043b\u0456\u043a\u0430\u0446\u0456\u044f, \u0430\u043f\u043a\u0430<\/p><\/td><td width=\"179\"><p>application, app\u00a0\u00a0<\/p><\/td><\/tr><tr><td width=\"198\"><p>automaticky<\/p><\/td><td width=\"227\"><p>\u0430\u0432\u0442\u043e\u043c\u0430\u0442\u0438\u0447\u043d\u043e<\/p><\/td><td width=\"179\"><p>automatically<\/p><\/td><\/tr><tr><td width=\"198\"><p>banka<\/p><\/td><td width=\"227\"><p>\u0431\u0430\u043d\u043a<\/p><\/td><td width=\"179\"><p>bank<\/p><\/td><\/tr><tr><td width=\"198\"><p>bankomat<\/p><\/td><td width=\"227\"><p>\u0431\u0430\u043d\u043a\u043e\u043c\u0430\u0442<\/p><\/td><td width=\"179\"><p>cash dispenser, cashpoint (BrE), ATM, automated teller machine (AmE)<\/p><\/td><\/tr><tr><td width=\"198\"><p>bezpapierovo<\/p><\/td><td width=\"227\"><p>\u0431\u0435\u0437 \u0432\u0438\u043a\u043e\u0440\u0438\u0441\u0442\u0430\u043d\u043d\u044f \u043f\u0430\u043f\u0435\u0440\u0443<\/p><\/td><td width=\"179\"><p>paperless<\/p><\/td><\/tr><tr><td width=\"198\"><p>biometria (napr. odtla\u010dky prstov)<\/p><\/td><td width=\"227\"><p>\u0431\u0456\u043e\u043c\u0435\u0442\u0440\u0456\u044f (\u0432\u0456\u0434\u0431\u0438\u0442\u043a\u0438 \u043f\u0430\u043b\u044c\u0446\u0456\u0432)<\/p><\/td><td width=\"179\"><p>biometrics (e.g. fingerprints)<\/p><\/td><\/tr><tr><td width=\"198\"><p>brig\u00e1da<\/p><\/td><td width=\"227\"><p>\u043f\u0456\u0434\u0437\u0430\u0440\u043e\u0431\u0456\u0442\u043e\u043a (\u0434\u043b\u044f \u0441\u0442\u0443\u0434\u0435\u043d\u0442\u0456\u0432)<\/p><\/td><td width=\"179\"><p>student part-time job<\/p><\/td><\/tr><tr><td width=\"198\"><p>debetn\u00fd<\/p><\/td><td width=\"227\"><p>\u0434\u0435\u0431\u0435\u0442\u043d\u0438\u0439<\/p><\/td><td width=\"179\"><p>debit<\/p><\/td><\/tr><tr><td width=\"198\"><p>digit\u00e1lne<\/p><\/td><td width=\"227\"><p>\u0443 \u0446\u0438\u0444\u0440\u043e\u0432\u0456\u0439\/\u0435\u043b\u0435\u043a\u0442\u0440\u043e\u043d\u043d\u0456\u0439 \u0444\u043e\u0440\u043c\u0456<\/p><\/td><td width=\"179\"><p>digitally<\/p><\/td><\/tr><tr><td width=\"198\"><p>dizajn<\/p><\/td><td width=\"227\"><p>\u0434\u0438\u0437\u0430\u0439\u043d<\/p><\/td><td width=\"179\"><p>design<\/p><\/td><\/tr><tr><td width=\"198\"><p>doru\u010di\u0165<\/p><\/td><td width=\"227\"><p>\u0434\u043e\u0441\u0442\u0430\u0432\u0438\u0442\u0438<\/p><\/td><td width=\"179\"><p>to deliver<\/p><\/td><\/tr><tr><td width=\"198\"><p>ekologicky<\/p><\/td><td width=\"227\"><p>\u0435\u043a\u043e\u043b\u043e\u0433\u0456\u0447\u043d\u043e<\/p><\/td><td width=\"179\"><p>eco-friendly<\/p><\/td><\/tr><tr><td width=\"198\"><p>elektronick\u00e1 vizitka<\/p><\/td><td width=\"227\"><p>\u0435\u043b\u0435\u043a\u0442\u0440\u043e\u043d\u043d\u0430 \u0432\u0456\u0437\u0438\u0442\u0456\u0432\u043a\u0430<\/p><\/td><td width=\"179\"><p>electronic business card<\/p><\/td><\/tr><tr><td width=\"198\"><p>elektronick\u00e9\/online bankovn\u00edctvo<\/p><\/td><td width=\"227\"><p>\u0456\u043d\u0442\u0435\u0440\u043d\u0435\u0442-\u0431\u0435\u043d\u043a\u0456\u043d\u0433<\/p><\/td><td width=\"179\"><p>e-banking<\/p><\/td><\/tr><tr><td width=\"198\"><p>finan\u010dn\u00e9 zabezpe\u010denie<\/p><\/td><td width=\"227\"><p>\u0444\u0456\u043d\u0430\u043d\u0441\u043e\u0432\u0435 \u0437\u0430\u0431\u0435\u0437\u043f\u0435\u0447\u0435\u043d\u043d\u044f<\/p><\/td><td width=\"179\"><p>funds, financial security\u00a0\u00a0<\/p><\/td><\/tr><tr><td width=\"198\"><p>heslo<\/p><\/td><td width=\"227\"><p>\u043f\u0430\u0440\u043e\u043b\u044c<\/p><\/td><td width=\"179\"><p>password\u00a0<\/p><\/td><\/tr><tr><td width=\"198\"><p>hodinky<\/p><\/td><td width=\"227\"><p>\u0433\u043e\u0434\u0438\u043d\u043d\u0438\u043a<\/p><\/td><td width=\"179\"><p>watch<\/p><\/td><\/tr><tr><td width=\"198\"><p>hotovos\u0165<\/p><\/td><td width=\"227\"><p>\u0433\u043e\u0442\u0456\u0432\u043a\u0430<\/p><\/td><td width=\"179\"><p>cash\u00a0<\/p><\/td><\/tr><tr><td width=\"198\"><p>in\u0161talova\u0165<\/p><\/td><td width=\"227\"><p>\u0443\u0441\u0442\u0430\u043d\u043e\u0432\u0438\u0442\u0438<\/p><\/td><td width=\"179\"><p>to install<\/p><\/td><\/tr><tr><td width=\"198\"><p>klient\/klientka<\/p><\/td><td width=\"227\"><p>\u043a\u043b\u0456\u0454\u043d\u0442<\/p><\/td><td width=\"179\"><p>client<\/p><\/td><\/tr><tr><td width=\"198\"><p>klientsky poradca\/klientska poradky\u0148a\u00a0<\/p><\/td><td width=\"227\"><p>\u043c\u0435\u043d\u0435\u0434\u0436\u0435\u0440 \u043f\u043e \u0440\u043e\u0431\u043e\u0442\u0456 \u0437 \u043a\u043b\u0456\u0454\u043d\u0442\u0430\u043c\u0438<\/p><p>\u00a0<\/p><\/td><td width=\"179\"><p>client adviser\u00a0<\/p><\/td><\/tr><tr><td width=\"198\"><p>logo<\/p><\/td><td width=\"227\"><p>\u043b\u043e\u0433\u043e\u0442\u0438\u043f<\/p><\/td><td width=\"179\"><p>logo<\/p><\/td><\/tr><tr><td width=\"198\"><p>limit<\/p><\/td><td width=\"227\"><p>\u043b\u0456\u043c\u0456\u0442<\/p><\/td><td width=\"179\"><p>limit<\/p><\/td><\/tr><tr><td width=\"198\"><p>mobil<\/p><\/td><td width=\"227\"><p>\u043c\u043e\u0431\u0456\u043b\u044c\u043d\u0438\u0439<\/p><\/td><td width=\"179\"><p>cell phone<\/p><\/td><\/tr><tr><td width=\"198\"><p>na\u010d\u00edta\u0165 (sa)<\/p><p>\u00a0<\/p><\/td><td width=\"227\"><p>\u0437\u0430\u0433\u0440\u0443\u0437\u0438\u0442\u0438<\/p><\/td><td width=\"179\"><p>to load\/to be loaded<\/p><\/td><\/tr><tr><td width=\"198\"><p>nadizajnova\u0165<\/p><\/td><td width=\"227\"><p>\u0437\u0440\u043e\u0431\u0438\u0442\u0438 \u0434\u0438\u0437\u0430\u0439\u043d<\/p><\/td><td width=\"179\"><p>to design<\/p><\/td><\/tr><tr><td width=\"198\"><p>nahrat\u00fd<\/p><\/td><td width=\"227\"><p>\u0437\u0430\u043f\u0438\u0441\u0430\u043d\u0438\u0439 \u0443 \u0435\u043b\u0435\u043a\u0442\u0440\u043e\u043d\u043d\u043e\u043c\u0443 \u0432\u0438\u0433\u043b\u044f\u0434\u0456<\/p><\/td><td width=\"179\"><p>uploaded<\/p><\/td><\/tr><tr><td width=\"198\"><p>nastavi\u0165<\/p><\/td><td width=\"227\"><p>\u043d\u0430\u043b\u0430\u0448\u0442\u0443\u0432\u0430\u0442\u0438<\/p><\/td><td width=\"179\"><p>to set up<\/p><\/td><\/tr><tr><td width=\"198\"><p>ob\u00e1lka<\/p><\/td><td width=\"227\"><p>\u043a\u043e\u043d\u0432\u0435\u0440\u0442<\/p><\/td><td width=\"179\"><p>envelope<\/p><\/td><\/tr><tr><td width=\"198\"><p>obrat<\/p><\/td><td width=\"227\"><p>\u043e\u0431\u043e\u0440\u043e\u0442<\/p><\/td><td width=\"179\"><p>bank turnover<\/p><\/td><\/tr><tr><td width=\"198\"><p>odp\u00edsa\u0165<\/p><\/td><td width=\"227\"><p>\u043f\u0435\u0440\u0435\u043f\u0438\u0441\u0430\u0442\u0438<\/p><\/td><td width=\"179\"><p>to copy<\/p><\/td><\/tr><tr><td width=\"198\"><p>oskenova\u0165<\/p><\/td><td width=\"227\"><p>\u0437\u0430\u0441\u043a\u0430\u043d\u0443\u0432\u0430\u0442\u0438<\/p><\/td><td width=\"179\"><p>to scan<\/p><\/td><\/tr><tr><td width=\"198\"><p>ozna\u010di\u0165<\/p><\/td><td width=\"227\"><p>\u043f\u043e\u0437\u043d\u0430\u0447\u0438\u0442\u0438<\/p><\/td><td width=\"179\"><p>to tag<\/p><\/td><\/tr><tr><td width=\"198\"><p>peniaze<\/p><\/td><td width=\"227\"><p>\u0433\u0440\u043e\u0448\u0456<\/p><\/td><td width=\"179\"><p>money<\/p><\/td><\/tr><tr><td width=\"198\"><p>pe\u0148a\u017en\u00e9\/finan\u010dn\u00e9 prostriedky<\/p><\/td><td width=\"227\"><p>\u0433\u0440\u043e\u0448\u043e\u0432\u0456 \u043a\u043e\u0448\u0442\u0438<\/p><\/td><td width=\"179\"><p>financial means, funds\u00a0<\/p><\/td><\/tr><tr><td width=\"198\"><p>platba<\/p><\/td><td width=\"227\"><p>\u043f\u043b\u0430\u0442\u0456\u0436<\/p><\/td><td width=\"179\"><p>payment\u00a0<\/p><\/td><\/tr><tr><td width=\"198\"><p>plati\u0165<\/p><\/td><td width=\"227\"><p>\u043f\u043b\u0430\u0442\u0438\u0442\u0438<\/p><\/td><td width=\"179\"><p>to pay<\/p><\/td><\/tr><tr><td width=\"198\"><p>platobn\u00e1 karta<\/p><\/td><td width=\"227\"><p>\u043f\u043b\u0430\u0442\u0456\u0436\u043a\u0430 \u043a\u0430\u0440\u0442\u043a\u0430<\/p><\/td><td width=\"179\"><p>payment card\u00a0<\/p><\/td><\/tr><tr><td width=\"198\"><p>pobo\u010dka<\/p><\/td><td width=\"227\"><p>\u0444\u0456\u043b\u0456\u0430\u043b, \u0432\u0456\u0434\u0434\u0456\u043b\u0435\u043d\u043d\u044f<\/p><\/td><td width=\"179\"><p>branch\u00a0<\/p><\/td><\/tr><tr><td width=\"198\"><p>pokra\u010dova\u0165<\/p><\/td><td width=\"227\"><p>\u043f\u0440\u043e\u0434\u043e\u0432\u0436\u0438\u0442\u0438<\/p><\/td><td width=\"179\"><p>to continue<\/p><\/td><\/tr><tr><td width=\"198\"><p>poplatok<\/p><\/td><td width=\"227\"><p>\u043a\u043e\u043c\u0456\u0441\u0456\u044f<\/p><\/td><td width=\"179\"><p>fee<\/p><\/td><\/tr><tr><td width=\"198\"><p>posiela\u0165 peniaze<\/p><\/td><td width=\"227\"><p>\u043d\u0430\u0434\u0441\u0438\u043b\u0430\u0442\u0438\/\u043f\u0435\u0440\u0435\u043a\u0430\u0437\u0443\u0432\u0430\u0442\u0438 \u0433\u0440\u043e\u0448\u0456<\/p><\/td><td width=\"179\"><p>send money<\/p><\/td><\/tr><tr><td width=\"198\"><p>potvrdenie z\u00a0banky<\/p><\/td><td width=\"227\"><p>\u0434\u043e\u0432\u0456\u0434\u043a\u0430 \u0437 \u0431\u0430\u043d\u043a\u0443<\/p><\/td><td width=\"179\"><p>bank certificate<\/p><\/td><\/tr><tr><td width=\"198\"><p>potvrdenie o\u00a0n\u00e1v\u0161teve \u0161koly<\/p><\/td><td width=\"227\"><p>\u0434\u043e\u0432\u0456\u0434\u043a\u0430 \u043f\u0440\u043e \u043d\u0430\u0432\u0447\u0430\u043d\u043d\u044f<\/p><\/td><td width=\"179\"><p>confirmation\/certificate of school attendance<\/p><\/td><\/tr><tr><td width=\"198\"><p>potvrdi\u0165<\/p><\/td><td width=\"227\"><p>\u043f\u0456\u0434\u0442\u0432\u0435\u0440\u0434\u0438\u0442\u0438<\/p><\/td><td width=\"179\"><p>to confirm<\/p><\/td><\/tr><tr><td width=\"198\"><p>presko\u010di\u0165<\/p><\/td><td width=\"227\"><p>\u043f\u0440\u043e\u043f\u0443\u0441\u0442\u0438\u0442\u0438<\/p><\/td><td width=\"179\"><p>to skip<\/p><\/td><\/tr><tr><td width=\"198\"><p>prevod<\/p><\/td><td width=\"227\"><p>\u043f\u0435\u0440\u0435\u043a\u0430\u0437<\/p><\/td><td width=\"179\"><p>transfer<\/p><\/td><\/tr><tr><td width=\"198\"><p>prihl\u00e1si\u0165 sa<\/p><\/td><td width=\"227\"><p>\u0443\u0432\u0456\u0439\u0442\u0438<\/p><\/td><td width=\"179\"><p>to sign in, to login<\/p><\/td><\/tr><tr><td width=\"198\"><p>prihlasovacie \u00fadaje<\/p><\/td><td width=\"227\"><p>\u043b\u043e\u0433\u0456\u043d \u0456 \u043f\u0430\u0440\u043e\u043b\u044c<\/p><\/td><td width=\"179\"><p>login data<\/p><\/td><\/tr><tr><td width=\"198\"><p>pr\u00edjem<\/p><\/td><td width=\"227\"><p>\u0434\u043e\u0445\u0456\u0434<\/p><\/td><td width=\"179\"><p>income<\/p><\/td><\/tr><tr><td width=\"198\"><p>pr\u00edstup<\/p><\/td><td width=\"227\"><p>\u0434\u043e\u0441\u0442\u0443\u043f<\/p><\/td><td width=\"179\"><p>access<\/p><\/td><\/tr><tr><td width=\"198\"><p>spusti\u0165<\/p><\/td><td width=\"227\"><p>\u0440\u043e\u0437\u043f\u043e\u0447\u0430\u0442\u0438<\/p><\/td><td width=\"179\"><p>to run<\/p><\/td><\/tr><tr><td width=\"198\"><p>stiahnu\u0165 (aplik\u00e1ciu)<\/p><\/td><td width=\"227\"><p>\u0441\u043a\u0430\u0447\u0430\u0442\u0438 (\u0430\u043f\u043b\u0456\u043a\u0430\u0446\u0456\u044e)<\/p><\/td><td width=\"179\"><p>to download (application)<\/p><\/td><\/tr><tr><td width=\"198\"><p>tablet<\/p><\/td><td width=\"227\"><p>\u043f\u043b\u0430\u043d\u0448\u0435\u0442<\/p><\/td><td width=\"179\"><p>tablet<\/p><\/td><\/tr><tr><td width=\"198\"><p>\u00fa\u010det<\/p><\/td><td width=\"227\"><p>\u0440\u0430\u0445\u0443\u043d\u043e\u043a<\/p><\/td><td width=\"179\"><p>bank account<\/p><\/td><\/tr><tr><td width=\"198\"><p>\u00fadaje<\/p><\/td><td width=\"227\"><p>\u0434\u0430\u043d\u0456<\/p><\/td><td width=\"179\"><p>data<\/p><\/td><\/tr><tr><td width=\"198\"><p>vybera\u0165 peniaze (z bankomatu)<\/p><\/td><td width=\"227\"><p>\u0437\u043d\u0456\u043c\u0430\u0442\u0438 \u0433\u0440\u043e\u0448\u0456 (\u0443 \u0431\u0430\u043d\u043a\u043e\u043c\u0430\u0442\u0456)<\/p><\/td><td width=\"179\"><p>to withdraw<\/p><\/td><\/tr><tr><td width=\"198\"><p>v\u00fdpis z \u00fa\u010dtu<\/p><\/td><td width=\"227\"><p>\u0432\u0438\u043f\u0438\u0441\u043a\u0430 \u0437 \u0440\u0430\u0445\u0443\u043d\u043a\u0443<\/p><\/td><td width=\"179\"><p>(account)\/(bank) statement\u00a0<\/p><\/td><\/tr><tr><td width=\"198\"><p>zahrani\u010die<\/p><\/td><td width=\"227\"><p>\u0437\u0430\u0440\u0443\u0431\u0456\u0436\u0436\u044f<\/p><\/td><td width=\"179\"><p>abroad<\/p><\/td><\/tr><tr><td width=\"198\"><p>zalo\u017ei\u0165 si\/zriadi\u0165 si \u00fa\u010det<\/p><\/td><td width=\"227\"><p>\u0432\u0456\u0434\u043a\u0440\u0438\u0442\u0438 \u0440\u0430\u0445\u0443\u043d\u043e\u043a<\/p><\/td><td width=\"179\"><p>to open an account<\/p><\/td><\/tr><tr><td width=\"198\"><p>zrolova\u0165 (dole)<\/p><\/td><td width=\"227\"><p>\u043f\u0440\u043e\u043a\u0440\u0443\u0442\u0438\u0442\u0438 (\u0432\u043d\u0438\u0437) (\u043d\u0430 \u0441\u0435\u043d\u0441\u043e\u0440\u043d\u043e\u043c\u0443 \u0435\u043a\u0440\u0430\u043d\u0456)<\/p><\/td><td width=\"179\"><p>to scroll down<\/p><\/td><\/tr><tr><td width=\"198\"><p>\u017eivotn\u00e9 minimum<\/p><\/td><td width=\"227\"><p>\u043f\u0440\u043e\u0436\u0438\u0442\u043a\u043e\u0432\u0438\u0439 \u043c\u0456\u043d\u0456\u043c\u0443\u043c<\/p><\/td><td width=\"179\"><p>minimum level of subsistence, minimum subsistence figure, minimum income, living wage<\/p><\/td><\/tr><\/tbody><\/table>\t\t\t\t\t\t\t\t<\/div>\n\t\t\t\t<\/div>\n\t\t\t\t\t<\/div>\n\t\t<\/div>\n\t\t\t\t<div class=\"has_eae_slider elementor-column elementor-col-25 elementor-top-column elementor-element elementor-element-300aa86\" data-eae-slider=\"74147\" data-id=\"300aa86\" data-element_type=\"column\" data-e-type=\"column\">\n\t\t\t<div class=\"elementor-widget-wrap\">\n\t\t\t\t\t\t\t<\/div>\n\t\t<\/div>\n\t\t\t\t\t<\/div>\n\t\t<\/section>\n\t\t\t\t<\/div>\n\t\t","protected":false},"excerpt":{"rendered":"<p>V BANKE aktivova\u0165 \u0430\u043a\u0442\u0438\u0432\u0443\u0432\u0430\u0442\u0438 to activate aplik\u00e1cia, apka (slang.) \u0430\u043f\u043b\u0456\u043a\u0430\u0446\u0456\u044f, \u0430\u043f\u043a\u0430 application, app\u00a0\u00a0 automaticky \u0430\u0432\u0442\u043e\u043c\u0430\u0442\u0438\u0447\u043d\u043e automatically banka \u0431\u0430\u043d\u043a bank bankomat \u0431\u0430\u043d\u043a\u043e\u043c\u0430\u0442 cash dispenser, cashpoint (BrE), ATM, automated teller machine (AmE) bezpapierovo \u0431\u0435\u0437 \u0432\u0438\u043a\u043e\u0440\u0438\u0441\u0442\u0430\u043d\u043d\u044f \u043f\u0430\u043f\u0435\u0440\u0443 paperless biometria (napr. odtla\u010dky prstov) \u0431\u0456\u043e\u043c\u0435\u0442\u0440\u0456\u044f (\u0432\u0456\u0434\u0431\u0438\u0442\u043a\u0438 \u043f\u0430\u043b\u044c\u0446\u0456\u0432) biometrics (e.g. fingerprints) brig\u00e1da \u043f\u0456\u0434\u0437\u0430\u0440\u043e\u0431\u0456\u0442\u043e\u043a (\u0434\u043b\u044f \u0441\u0442\u0443\u0434\u0435\u043d\u0442\u0456\u0432) student part-time job debetn\u00fd \u0434\u0435\u0431\u0435\u0442\u043d\u0438\u0439 debit [&hellip;]<\/p>\n","protected":false},"author":1,"featured_media":0,"parent":808,"menu_order":3,"comment_status":"closed","ping_status":"closed","template":"","meta":{"_acf_changed":false,"ocean_post_layout":"full-screen","ocean_both_sidebars_style":"","ocean_both_sidebars_content_width":0,"ocean_both_sidebars_sidebars_width":0,"ocean_sidebar":"0","ocean_second_sidebar":"0","ocean_disable_margins":"enable","ocean_add_body_class":"","ocean_shortcode_before_top_bar":"","ocean_shortcode_after_top_bar":"","ocean_shortcode_before_header":"","ocean_shortcode_after_header":"","ocean_has_shortcode":"","ocean_shortcode_after_title":"","ocean_shortcode_before_footer_widgets":"","ocean_shortcode_after_footer_widgets":"","ocean_shortcode_before_footer_bottom":"","ocean_shortcode_after_footer_bottom":"","ocean_display_top_bar":"off","ocean_display_header":"default","ocean_header_style":"","ocean_center_header_left_menu":"0","ocean_custom_header_template":"0","ocean_custom_logo":0,"ocean_custom_retina_logo":0,"ocean_custom_logo_max_width":0,"ocean_custom_logo_tablet_max_width":0,"ocean_custom_logo_mobile_max_width":0,"ocean_custom_logo_max_height":0,"ocean_custom_logo_tablet_max_height":0,"ocean_custom_logo_mobile_max_height":0,"ocean_header_custom_menu":"0","ocean_menu_typo_font_family":"0","ocean_menu_typo_font_subset":"","ocean_menu_typo_font_size":0,"ocean_menu_typo_font_size_tablet":0,"ocean_menu_typo_font_size_mobile":0,"ocean_menu_typo_font_size_unit":"px","ocean_menu_typo_font_weight":"","ocean_menu_typo_font_weight_tablet":"","ocean_menu_typo_font_weight_mobile":"","ocean_menu_typo_transform":"","ocean_menu_typo_transform_tablet":"","ocean_menu_typo_transform_mobile":"","ocean_menu_typo_line_height":0,"ocean_menu_typo_line_height_tablet":0,"ocean_menu_typo_line_height_mobile":0,"ocean_menu_typo_line_height_unit":"","ocean_menu_typo_spacing":0,"ocean_menu_typo_spacing_tablet":0,"ocean_menu_typo_spacing_mobile":0,"ocean_menu_typo_spacing_unit":"","ocean_menu_link_color":"","ocean_menu_link_color_hover":"","ocean_menu_link_color_active":"","ocean_menu_link_background":"","ocean_menu_link_hover_background":"","ocean_menu_link_active_background":"","ocean_menu_social_links_bg":"","ocean_menu_social_hover_links_bg":"","ocean_menu_social_links_color":"","ocean_menu_social_hover_links_color":"","ocean_disable_title":"on","ocean_disable_heading":"default","ocean_post_title":"","ocean_post_subheading":"","ocean_post_title_style":"","ocean_post_title_background_color":"","ocean_post_title_background":0,"ocean_post_title_bg_image_position":"","ocean_post_title_bg_image_attachment":"","ocean_post_title_bg_image_repeat":"","ocean_post_title_bg_image_size":"","ocean_post_title_height":0,"ocean_post_title_bg_overlay":0.5,"ocean_post_title_bg_overlay_color":"","ocean_disable_breadcrumbs":"default","ocean_breadcrumbs_color":"","ocean_breadcrumbs_separator_color":"","ocean_breadcrumbs_links_color":"","ocean_breadcrumbs_links_hover_color":"","ocean_display_footer_widgets":"off","ocean_display_footer_bottom":"default","ocean_custom_footer_template":"0","footnotes":""},"class_list":["post-1778","page","type-page","status-publish","hentry","entry"],"acf":[],"amp_enabled":true,"_links":{"self":[{"href":"https:\/\/www.ff.unipo.sk\/slovencina\/index.php?rest_route=\/wp\/v2\/pages\/1778","targetHints":{"allow":["GET"]}}],"collection":[{"href":"https:\/\/www.ff.unipo.sk\/slovencina\/index.php?rest_route=\/wp\/v2\/pages"}],"about":[{"href":"https:\/\/www.ff.unipo.sk\/slovencina\/index.php?rest_route=\/wp\/v2\/types\/page"}],"author":[{"embeddable":true,"href":"https:\/\/www.ff.unipo.sk\/slovencina\/index.php?rest_route=\/wp\/v2\/users\/1"}],"replies":[{"embeddable":true,"href":"https:\/\/www.ff.unipo.sk\/slovencina\/index.php?rest_route=%2Fwp%2Fv2%2Fcomments&post=1778"}],"version-history":[{"count":22,"href":"https:\/\/www.ff.unipo.sk\/slovencina\/index.php?rest_route=\/wp\/v2\/pages\/1778\/revisions"}],"predecessor-version":[{"id":7843,"href":"https:\/\/www.ff.unipo.sk\/slovencina\/index.php?rest_route=\/wp\/v2\/pages\/1778\/revisions\/7843"}],"up":[{"embeddable":true,"href":"https:\/\/www.ff.unipo.sk\/slovencina\/index.php?rest_route=\/wp\/v2\/pages\/808"}],"wp:attachment":[{"href":"https:\/\/www.ff.unipo.sk\/slovencina\/index.php?rest_route=%2Fwp%2Fv2%2Fmedia&parent=1778"}],"curies":[{"name":"wp","href":"https:\/\/api.w.org\/{rel}","templated":true}]}}