{"id":3014,"date":"2023-10-20T22:42:39","date_gmt":"2023-10-20T20:42:39","guid":{"rendered":"https:\/\/www.ff.unipo.sk\/slovencina\/?page_id=3014"},"modified":"2023-10-20T22:48:33","modified_gmt":"2023-10-20T20:48:33","slug":"ivanova","status":"publish","type":"page","link":"https:\/\/www.ff.unipo.sk\/slovencina\/?page_id=3014","title":{"rendered":"IVANOVA"},"content":{"rendered":"\t\t<div data-elementor-type=\"wp-page\" data-elementor-id=\"3014\" class=\"elementor elementor-3014\">\n\t\t\t\t\t\t<section class=\"has_eae_slider elementor-section elementor-top-section elementor-element elementor-element-7989e609 elementor-section-boxed elementor-section-height-default elementor-section-height-default\" data-eae-slider=\"85206\" data-id=\"7989e609\" data-element_type=\"section\" data-e-type=\"section\">\n\t\t\t\t\t\t<div class=\"elementor-container elementor-column-gap-default\">\n\t\t\t\t\t<div class=\"has_eae_slider elementor-column elementor-col-100 elementor-top-column elementor-element elementor-element-1049d0a\" data-eae-slider=\"71411\" data-id=\"1049d0a\" data-element_type=\"column\" data-e-type=\"column\">\n\t\t\t<div class=\"elementor-widget-wrap elementor-element-populated\">\n\t\t\t\t\t\t<div class=\"elementor-element elementor-element-32f97e29 elementor-widget elementor-widget-image\" data-id=\"32f97e29\" data-element_type=\"widget\" data-e-type=\"widget\" data-widget_type=\"image.default\">\n\t\t\t\t<div class=\"elementor-widget-container\">\n\t\t\t\t\t\t\t\t\t\t\t\t\t\t\t<img fetchpriority=\"high\" decoding=\"async\" width=\"2048\" height=\"343\" src=\"https:\/\/www.ff.unipo.sk\/slovencina\/wp-content\/uploads\/2023\/05\/banner-2048x343.png\" class=\"attachment-2048x2048 size-2048x2048 wp-image-1886\" alt=\"\" srcset=\"https:\/\/www.ff.unipo.sk\/slovencina\/wp-content\/uploads\/2023\/05\/banner-2048x343.png 2048w, https:\/\/www.ff.unipo.sk\/slovencina\/wp-content\/uploads\/2023\/05\/banner-300x50.png 300w, https:\/\/www.ff.unipo.sk\/slovencina\/wp-content\/uploads\/2023\/05\/banner-1024x172.png 1024w, https:\/\/www.ff.unipo.sk\/slovencina\/wp-content\/uploads\/2023\/05\/banner-768x129.png 768w, https:\/\/www.ff.unipo.sk\/slovencina\/wp-content\/uploads\/2023\/05\/banner-1536x258.png 1536w\" sizes=\"(max-width: 2048px) 100vw, 2048px\" \/>\t\t\t\t\t\t\t\t\t\t\t\t\t\t\t<\/div>\n\t\t\t\t<\/div>\n\t\t\t\t<div class=\"elementor-element elementor-element-400a5bdc elementor-widget elementor-widget-heading\" data-id=\"400a5bdc\" data-element_type=\"widget\" data-e-type=\"widget\" data-widget_type=\"heading.default\">\n\t\t\t\t<div class=\"elementor-widget-container\">\n\t\t\t\t\t<h2 class=\"elementor-heading-title elementor-size-default\">prof. Mgr. Martina Ivanov\u00e1, PhD. (z\u00e1stupky\u0148a projektu)<\/h2>\t\t\t\t<\/div>\n\t\t\t\t<\/div>\n\t\t\t\t\t<\/div>\n\t\t<\/div>\n\t\t\t\t\t<\/div>\n\t\t<\/section>\n\t\t\t\t<section class=\"has_eae_slider elementor-section elementor-top-section elementor-element elementor-element-bd2c09d elementor-section-full_width elementor-section-height-default elementor-section-height-default\" data-eae-slider=\"53416\" data-id=\"bd2c09d\" data-element_type=\"section\" data-e-type=\"section\">\n\t\t\t\t\t\t<div class=\"elementor-container elementor-column-gap-default\">\n\t\t\t\t\t<div class=\"has_eae_slider elementor-column elementor-col-100 elementor-top-column elementor-element elementor-element-70fe9b7\" data-eae-slider=\"68590\" data-id=\"70fe9b7\" data-element_type=\"column\" data-e-type=\"column\">\n\t\t\t<div class=\"elementor-widget-wrap elementor-element-populated\">\n\t\t\t\t\t\t<div class=\"elementor-element elementor-element-0ad1ce5 elementor-widget-divider--view-line elementor-widget elementor-widget-divider\" data-id=\"0ad1ce5\" data-element_type=\"widget\" data-e-type=\"widget\" data-widget_type=\"divider.default\">\n\t\t\t\t<div class=\"elementor-widget-container\">\n\t\t\t\t\t\t\t<div class=\"elementor-divider\">\n\t\t\t<span class=\"elementor-divider-separator\">\n\t\t\t\t\t\t<\/span>\n\t\t<\/div>\n\t\t\t\t\t\t<\/div>\n\t\t\t\t<\/div>\n\t\t\t\t\t<\/div>\n\t\t<\/div>\n\t\t\t\t\t<\/div>\n\t\t<\/section>\n\t\t\t\t<section class=\"has_eae_slider elementor-section elementor-top-section elementor-element elementor-element-602989f elementor-section-boxed elementor-section-height-default elementor-section-height-default\" data-eae-slider=\"94636\" data-id=\"602989f\" data-element_type=\"section\" data-e-type=\"section\">\n\t\t\t\t\t\t<div class=\"elementor-container elementor-column-gap-default\">\n\t\t\t\t\t<div class=\"has_eae_slider elementor-column elementor-col-33 elementor-top-column elementor-element elementor-element-8620499\" data-eae-slider=\"65169\" data-id=\"8620499\" data-element_type=\"column\" data-e-type=\"column\">\n\t\t\t<div class=\"elementor-widget-wrap elementor-element-populated\">\n\t\t\t\t\t\t<div class=\"elementor-element elementor-element-091e20d elementor-widget__width-initial elementor-widget elementor-widget-image\" data-id=\"091e20d\" data-element_type=\"widget\" data-e-type=\"widget\" data-widget_type=\"image.default\">\n\t\t\t\t<div class=\"elementor-widget-container\">\n\t\t\t\t\t\t\t\t\t\t\t\t\t\t\t<img decoding=\"async\" width=\"231\" height=\"300\" src=\"https:\/\/www.ff.unipo.sk\/slovencina\/wp-content\/uploads\/2023\/04\/mi-231x300.jpg\" class=\"attachment-medium size-medium wp-image-1763\" alt=\"\" srcset=\"https:\/\/www.ff.unipo.sk\/slovencina\/wp-content\/uploads\/2023\/04\/mi-231x300.jpg 231w, https:\/\/www.ff.unipo.sk\/slovencina\/wp-content\/uploads\/2023\/04\/mi-788x1024.jpg 788w, https:\/\/www.ff.unipo.sk\/slovencina\/wp-content\/uploads\/2023\/04\/mi-768x998.jpg 768w, https:\/\/www.ff.unipo.sk\/slovencina\/wp-content\/uploads\/2023\/04\/mi-1182x1536.jpg 1182w, https:\/\/www.ff.unipo.sk\/slovencina\/wp-content\/uploads\/2023\/04\/mi-1576x2048.jpg 1576w, https:\/\/www.ff.unipo.sk\/slovencina\/wp-content\/uploads\/2023\/04\/mi-scaled.jpg 1970w\" sizes=\"(max-width: 231px) 100vw, 231px\" \/>\t\t\t\t\t\t\t\t\t\t\t\t\t\t\t<\/div>\n\t\t\t\t<\/div>\n\t\t\t\t\t<\/div>\n\t\t<\/div>\n\t\t\t\t<div class=\"has_eae_slider elementor-column elementor-col-66 elementor-top-column elementor-element elementor-element-4b5657b\" data-eae-slider=\"95570\" data-id=\"4b5657b\" data-element_type=\"column\" data-e-type=\"column\">\n\t\t\t<div class=\"elementor-widget-wrap elementor-element-populated\">\n\t\t\t\t\t\t<div class=\"elementor-element elementor-element-85f7939 elementor-widget elementor-widget-text-editor\" data-id=\"85f7939\" data-element_type=\"widget\" data-e-type=\"widget\" data-widget_type=\"text-editor.default\">\n\t\t\t\t<div class=\"elementor-widget-container\">\n\t\t\t\t\t\t\t\t\t<p style=\"text-align: justify;\"><span style=\"color: #000000;\">Od roku 2003 p\u00f4sob\u00ed na In\u0161tit\u00fate slovakistiky a medi\u00e1lnych \u0161t\u00fadi\u00ed FF PU v Pre\u0161ove. V\u00fdskumne sa orientuje na oblas\u0165 slovenskej gramatiky (morfol\u00f3gia, syntax), lexikografie, derivatol\u00f3gie, korpusovej a kognit\u00edvnej lingvistiky a v\u00fdu\u010dby sloven\u010diny ako cudzieho jazyka. V rokoch 2016 \u2013 2019 p\u00f4sobila ako lektorka sloven\u010diny ako cudzieho jazyka na Var\u0161avskej univerzite. V rokoch 2010 a\u017e 2016 p\u00f4sobila ako \u010dlenka komisie pre sk\u00fa\u0161ky zo \u0161t\u00e1tneho\/slovensk\u00e9ho jazyka pre pedagogick\u00fdch a odborn\u00fdch zamestnancov, ktor\u00ed z\u00edskali vzdelanie v inom jazyku ako \u0161t\u00e1tnom jazyku, a zabezpe\u010dovala v\u00fdu\u010dbu sloven\u010diny ako cudzieho jazyka pre zahrani\u010dn\u00fdch \u0161tudentov v r\u00e1mci programu Erasmus (Basic Slovak). Ako odborn\u00e1 garantka a lektorka p\u00f4sobila v rokoch 2015 a 2016 na Letnej \u0161kole sloven\u010diny pre ukrajinsk\u00fdch \u0161tudentov a v roku 2016 ako lektorka kurzu na rak\u00fasko-slovenskej letnej \u0161kole Sommerkolleg. Ako lektorka predn\u00e1\u0161a na Letnej \u0161kole sloven\u010diny ako cudzieho jazyka SAS. Od roku 2022 vedie kurzy slovensk\u00e9ho jazyka pre od\u00eddencov z Ukrajiny.<\/span><\/p>\t\t\t\t\t\t\t\t<\/div>\n\t\t\t\t<\/div>\n\t\t\t\t\t<\/div>\n\t\t<\/div>\n\t\t\t\t\t<\/div>\n\t\t<\/section>\n\t\t\t\t<\/div>\n\t\t","protected":false},"excerpt":{"rendered":"<p>prof. Mgr. Martina Ivanov\u00e1, PhD. (z\u00e1stupky\u0148a projektu) Od roku 2003 p\u00f4sob\u00ed na In\u0161tit\u00fate slovakistiky a medi\u00e1lnych \u0161t\u00fadi\u00ed FF PU v Pre\u0161ove. V\u00fdskumne sa orientuje na oblas\u0165 slovenskej gramatiky (morfol\u00f3gia, syntax), lexikografie, derivatol\u00f3gie, korpusovej a kognit\u00edvnej lingvistiky a v\u00fdu\u010dby sloven\u010diny ako cudzieho jazyka. V rokoch 2016 \u2013 2019 p\u00f4sobila ako lektorka sloven\u010diny ako cudzieho jazyka na [&hellip;]<\/p>\n","protected":false},"author":1,"featured_media":0,"parent":2942,"menu_order":2,"comment_status":"closed","ping_status":"closed","template":"","meta":{"_acf_changed":false,"ocean_post_layout":"full-screen","ocean_both_sidebars_style":"","ocean_both_sidebars_content_width":0,"ocean_both_sidebars_sidebars_width":0,"ocean_sidebar":"","ocean_second_sidebar":"","ocean_disable_margins":"enable","ocean_add_body_class":"","ocean_shortcode_before_top_bar":"","ocean_shortcode_after_top_bar":"","ocean_shortcode_before_header":"","ocean_shortcode_after_header":"","ocean_has_shortcode":"","ocean_shortcode_after_title":"","ocean_shortcode_before_footer_widgets":"","ocean_shortcode_after_footer_widgets":"","ocean_shortcode_before_footer_bottom":"","ocean_shortcode_after_footer_bottom":"","ocean_display_top_bar":"off","ocean_display_header":"default","ocean_header_style":"","ocean_center_header_left_menu":"","ocean_custom_header_template":"","ocean_custom_logo":0,"ocean_custom_retina_logo":0,"ocean_custom_logo_max_width":0,"ocean_custom_logo_tablet_max_width":0,"ocean_custom_logo_mobile_max_width":0,"ocean_custom_logo_max_height":0,"ocean_custom_logo_tablet_max_height":0,"ocean_custom_logo_mobile_max_height":0,"ocean_header_custom_menu":"","ocean_menu_typo_font_family":"","ocean_menu_typo_font_subset":"","ocean_menu_typo_font_size":0,"ocean_menu_typo_font_size_tablet":0,"ocean_menu_typo_font_size_mobile":0,"ocean_menu_typo_font_size_unit":"px","ocean_menu_typo_font_weight":"","ocean_menu_typo_font_weight_tablet":"","ocean_menu_typo_font_weight_mobile":"","ocean_menu_typo_transform":"","ocean_menu_typo_transform_tablet":"","ocean_menu_typo_transform_mobile":"","ocean_menu_typo_line_height":0,"ocean_menu_typo_line_height_tablet":0,"ocean_menu_typo_line_height_mobile":0,"ocean_menu_typo_line_height_unit":"","ocean_menu_typo_spacing":0,"ocean_menu_typo_spacing_tablet":0,"ocean_menu_typo_spacing_mobile":0,"ocean_menu_typo_spacing_unit":"","ocean_menu_link_color":"","ocean_menu_link_color_hover":"","ocean_menu_link_color_active":"","ocean_menu_link_background":"","ocean_menu_link_hover_background":"","ocean_menu_link_active_background":"","ocean_menu_social_links_bg":"","ocean_menu_social_hover_links_bg":"","ocean_menu_social_links_color":"","ocean_menu_social_hover_links_color":"","ocean_disable_title":"on","ocean_disable_heading":"default","ocean_post_title":"","ocean_post_subheading":"","ocean_post_title_style":"","ocean_post_title_background_color":"","ocean_post_title_background":0,"ocean_post_title_bg_image_position":"","ocean_post_title_bg_image_attachment":"","ocean_post_title_bg_image_repeat":"","ocean_post_title_bg_image_size":"","ocean_post_title_height":0,"ocean_post_title_bg_overlay":0.5,"ocean_post_title_bg_overlay_color":"","ocean_disable_breadcrumbs":"default","ocean_breadcrumbs_color":"","ocean_breadcrumbs_separator_color":"","ocean_breadcrumbs_links_color":"","ocean_breadcrumbs_links_hover_color":"","ocean_display_footer_widgets":"off","ocean_display_footer_bottom":"default","ocean_custom_footer_template":"","footnotes":""},"class_list":["post-3014","page","type-page","status-publish","hentry","entry"],"acf":[],"amp_enabled":true,"_links":{"self":[{"href":"https:\/\/www.ff.unipo.sk\/slovencina\/index.php?rest_route=\/wp\/v2\/pages\/3014","targetHints":{"allow":["GET"]}}],"collection":[{"href":"https:\/\/www.ff.unipo.sk\/slovencina\/index.php?rest_route=\/wp\/v2\/pages"}],"about":[{"href":"https:\/\/www.ff.unipo.sk\/slovencina\/index.php?rest_route=\/wp\/v2\/types\/page"}],"author":[{"embeddable":true,"href":"https:\/\/www.ff.unipo.sk\/slovencina\/index.php?rest_route=\/wp\/v2\/users\/1"}],"replies":[{"embeddable":true,"href":"https:\/\/www.ff.unipo.sk\/slovencina\/index.php?rest_route=%2Fwp%2Fv2%2Fcomments&post=3014"}],"version-history":[{"count":10,"href":"https:\/\/www.ff.unipo.sk\/slovencina\/index.php?rest_route=\/wp\/v2\/pages\/3014\/revisions"}],"predecessor-version":[{"id":3031,"href":"https:\/\/www.ff.unipo.sk\/slovencina\/index.php?rest_route=\/wp\/v2\/pages\/3014\/revisions\/3031"}],"up":[{"embeddable":true,"href":"https:\/\/www.ff.unipo.sk\/slovencina\/index.php?rest_route=\/wp\/v2\/pages\/2942"}],"wp:attachment":[{"href":"https:\/\/www.ff.unipo.sk\/slovencina\/index.php?rest_route=%2Fwp%2Fv2%2Fmedia&parent=3014"}],"curies":[{"name":"wp","href":"https:\/\/api.w.org\/{rel}","templated":true}]}}