{"id":3044,"date":"2023-10-20T22:56:34","date_gmt":"2023-10-20T20:56:34","guid":{"rendered":"https:\/\/www.ff.unipo.sk\/slovencina\/?page_id=3044"},"modified":"2023-10-20T22:58:47","modified_gmt":"2023-10-20T20:58:47","slug":"gregova","status":"publish","type":"page","link":"https:\/\/www.ff.unipo.sk\/slovencina\/?page_id=3044","title":{"rendered":"GREGOVA"},"content":{"rendered":"\t\t<div data-elementor-type=\"wp-page\" data-elementor-id=\"3044\" class=\"elementor elementor-3044\">\n\t\t\t\t\t\t<section class=\"has_eae_slider elementor-section elementor-top-section elementor-element elementor-element-1249a1ae elementor-section-boxed elementor-section-height-default elementor-section-height-default\" data-eae-slider=\"76668\" data-id=\"1249a1ae\" data-element_type=\"section\" data-e-type=\"section\">\n\t\t\t\t\t\t<div class=\"elementor-container elementor-column-gap-default\">\n\t\t\t\t\t<div class=\"has_eae_slider elementor-column elementor-col-100 elementor-top-column elementor-element elementor-element-11bb9701\" data-eae-slider=\"4387\" data-id=\"11bb9701\" data-element_type=\"column\" data-e-type=\"column\">\n\t\t\t<div class=\"elementor-widget-wrap elementor-element-populated\">\n\t\t\t\t\t\t<div class=\"elementor-element elementor-element-5cb0fd0d elementor-widget elementor-widget-image\" data-id=\"5cb0fd0d\" data-element_type=\"widget\" data-e-type=\"widget\" data-widget_type=\"image.default\">\n\t\t\t\t<div class=\"elementor-widget-container\">\n\t\t\t\t\t\t\t\t\t\t\t\t\t\t\t<img fetchpriority=\"high\" decoding=\"async\" width=\"2048\" height=\"343\" src=\"https:\/\/www.ff.unipo.sk\/slovencina\/wp-content\/uploads\/2023\/05\/banner-2048x343.png\" class=\"attachment-2048x2048 size-2048x2048 wp-image-1886\" alt=\"\" srcset=\"https:\/\/www.ff.unipo.sk\/slovencina\/wp-content\/uploads\/2023\/05\/banner-2048x343.png 2048w, https:\/\/www.ff.unipo.sk\/slovencina\/wp-content\/uploads\/2023\/05\/banner-300x50.png 300w, https:\/\/www.ff.unipo.sk\/slovencina\/wp-content\/uploads\/2023\/05\/banner-1024x172.png 1024w, https:\/\/www.ff.unipo.sk\/slovencina\/wp-content\/uploads\/2023\/05\/banner-768x129.png 768w, https:\/\/www.ff.unipo.sk\/slovencina\/wp-content\/uploads\/2023\/05\/banner-1536x258.png 1536w\" sizes=\"(max-width: 2048px) 100vw, 2048px\" \/>\t\t\t\t\t\t\t\t\t\t\t\t\t\t\t<\/div>\n\t\t\t\t<\/div>\n\t\t\t\t<div class=\"elementor-element elementor-element-1981d6aa elementor-widget elementor-widget-heading\" data-id=\"1981d6aa\" data-element_type=\"widget\" data-e-type=\"widget\" data-widget_type=\"heading.default\">\n\t\t\t\t<div class=\"elementor-widget-container\">\n\t\t\t\t\t<h2 class=\"elementor-heading-title elementor-size-default\">Mgr. Veronika Gregov\u00e1, PhD. (rod. Perovsk\u00e1)<\/h2>\t\t\t\t<\/div>\n\t\t\t\t<\/div>\n\t\t\t\t\t<\/div>\n\t\t<\/div>\n\t\t\t\t\t<\/div>\n\t\t<\/section>\n\t\t\t\t<section class=\"has_eae_slider elementor-section elementor-top-section elementor-element elementor-element-e0e863d elementor-section-full_width elementor-section-height-default elementor-section-height-default\" data-eae-slider=\"35817\" data-id=\"e0e863d\" data-element_type=\"section\" data-e-type=\"section\">\n\t\t\t\t\t\t<div class=\"elementor-container elementor-column-gap-default\">\n\t\t\t\t\t<div class=\"has_eae_slider elementor-column elementor-col-100 elementor-top-column elementor-element elementor-element-9c0d15f\" data-eae-slider=\"61664\" data-id=\"9c0d15f\" data-element_type=\"column\" data-e-type=\"column\">\n\t\t\t<div class=\"elementor-widget-wrap elementor-element-populated\">\n\t\t\t\t\t\t<div class=\"elementor-element elementor-element-d3f4118 elementor-widget-divider--view-line elementor-widget elementor-widget-divider\" data-id=\"d3f4118\" data-element_type=\"widget\" data-e-type=\"widget\" data-widget_type=\"divider.default\">\n\t\t\t\t<div class=\"elementor-widget-container\">\n\t\t\t\t\t\t\t<div class=\"elementor-divider\">\n\t\t\t<span class=\"elementor-divider-separator\">\n\t\t\t\t\t\t<\/span>\n\t\t<\/div>\n\t\t\t\t\t\t<\/div>\n\t\t\t\t<\/div>\n\t\t\t\t\t<\/div>\n\t\t<\/div>\n\t\t\t\t\t<\/div>\n\t\t<\/section>\n\t\t\t\t<section class=\"has_eae_slider elementor-section elementor-top-section elementor-element elementor-element-f3cde83 elementor-section-boxed elementor-section-height-default elementor-section-height-default\" data-eae-slider=\"55520\" data-id=\"f3cde83\" data-element_type=\"section\" data-e-type=\"section\">\n\t\t\t\t\t\t<div class=\"elementor-container elementor-column-gap-default\">\n\t\t\t\t\t<div class=\"has_eae_slider elementor-column elementor-col-33 elementor-top-column elementor-element elementor-element-3da4a30\" data-eae-slider=\"67624\" data-id=\"3da4a30\" data-element_type=\"column\" data-e-type=\"column\">\n\t\t\t<div class=\"elementor-widget-wrap elementor-element-populated\">\n\t\t\t\t\t\t<div class=\"elementor-element elementor-element-22d5152 elementor-widget elementor-widget-image\" data-id=\"22d5152\" data-element_type=\"widget\" data-e-type=\"widget\" data-widget_type=\"image.default\">\n\t\t\t\t<div class=\"elementor-widget-container\">\n\t\t\t\t\t\t\t\t\t\t\t\t\t\t\t<img decoding=\"async\" width=\"225\" height=\"300\" src=\"https:\/\/www.ff.unipo.sk\/slovencina\/wp-content\/uploads\/2023\/04\/vg-225x300.jpg\" class=\"attachment-medium size-medium wp-image-1768\" alt=\"\" srcset=\"https:\/\/www.ff.unipo.sk\/slovencina\/wp-content\/uploads\/2023\/04\/vg-225x300.jpg 225w, https:\/\/www.ff.unipo.sk\/slovencina\/wp-content\/uploads\/2023\/04\/vg-768x1024.jpg 768w, https:\/\/www.ff.unipo.sk\/slovencina\/wp-content\/uploads\/2023\/04\/vg.jpg 960w\" sizes=\"(max-width: 225px) 100vw, 225px\" \/>\t\t\t\t\t\t\t\t\t\t\t\t\t\t\t<\/div>\n\t\t\t\t<\/div>\n\t\t\t\t\t<\/div>\n\t\t<\/div>\n\t\t\t\t<div class=\"has_eae_slider elementor-column elementor-col-66 elementor-top-column elementor-element elementor-element-cf49a06\" data-eae-slider=\"84421\" data-id=\"cf49a06\" data-element_type=\"column\" data-e-type=\"column\">\n\t\t\t<div class=\"elementor-widget-wrap elementor-element-populated\">\n\t\t\t\t\t\t<div class=\"elementor-element elementor-element-d6d415e elementor-widget elementor-widget-text-editor\" data-id=\"d6d415e\" data-element_type=\"widget\" data-e-type=\"widget\" data-widget_type=\"text-editor.default\">\n\t\t\t\t<div class=\"elementor-widget-container\">\n\t\t\t\t\t\t\t\t\t<p style=\"text-align: justify;\"><span style=\"color: #000000;\">Od roku 2017 p\u00f4sob\u00ed ako odborn\u00e1 asistentka na In\u0161tit\u00fate slovakistiky a medi\u00e1lnych \u0161t\u00fadi\u00ed FF PU v Pre\u0161ove. Vedeckov\u00fdskumne a pedagogicky sa orientuje na problematiku slovenskej morfol\u00f3gie, historickej gramatiky a dialektol\u00f3gie. Od roku 2018 vyu\u010duje na Pre\u0161ovskej univerzite sloven\u010dinu ako cudz\u00ed jazyk pre ukrajinsk\u00fdch \u0161tudentov. V rokoch 2018 a 2019 bola lektorkou sloven\u010diny ako cudzieho jazyka v r\u00e1mci letn\u00e9ho intenz\u00edvneho pr\u00edpravn\u00e9ho kurzu pred semestrom na Pre\u0161ovskej univerzite v Pre\u0161ove. V rokoch 2018 a 2020 p\u00f4sobila ako \u010dlenka komisie pre sk\u00fa\u0161ky zo \u0161t\u00e1tneho\/slovensk\u00e9ho jazyka pre pedagogick\u00fdch a odborn\u00fdch zamestnancov poch\u00e1dzaj\u00facich zo zahrani\u010dia. Ako \u0161tudentka absolvovala letn\u00e9 kurzy po\u013esk\u00e9ho (Krakov) a bulharsk\u00e9ho (Sofia) jazyka a kult\u00fary.<\/span><\/p>\t\t\t\t\t\t\t\t<\/div>\n\t\t\t\t<\/div>\n\t\t\t\t\t<\/div>\n\t\t<\/div>\n\t\t\t\t\t<\/div>\n\t\t<\/section>\n\t\t\t\t<\/div>\n\t\t","protected":false},"excerpt":{"rendered":"<p>Mgr. Veronika Gregov\u00e1, PhD. (rod. Perovsk\u00e1) Od roku 2017 p\u00f4sob\u00ed ako odborn\u00e1 asistentka na In\u0161tit\u00fate slovakistiky a medi\u00e1lnych \u0161t\u00fadi\u00ed FF PU v Pre\u0161ove. Vedeckov\u00fdskumne a pedagogicky sa orientuje na problematiku slovenskej morfol\u00f3gie, historickej gramatiky a dialektol\u00f3gie. Od roku 2018 vyu\u010duje na Pre\u0161ovskej univerzite sloven\u010dinu ako cudz\u00ed jazyk pre ukrajinsk\u00fdch \u0161tudentov. V rokoch 2018 a 2019 [&hellip;]<\/p>\n","protected":false},"author":1,"featured_media":0,"parent":2942,"menu_order":5,"comment_status":"closed","ping_status":"closed","template":"","meta":{"_acf_changed":false,"ocean_post_layout":"full-screen","ocean_both_sidebars_style":"","ocean_both_sidebars_content_width":0,"ocean_both_sidebars_sidebars_width":0,"ocean_sidebar":"","ocean_second_sidebar":"","ocean_disable_margins":"enable","ocean_add_body_class":"","ocean_shortcode_before_top_bar":"","ocean_shortcode_after_top_bar":"","ocean_shortcode_before_header":"","ocean_shortcode_after_header":"","ocean_has_shortcode":"","ocean_shortcode_after_title":"","ocean_shortcode_before_footer_widgets":"","ocean_shortcode_after_footer_widgets":"","ocean_shortcode_before_footer_bottom":"","ocean_shortcode_after_footer_bottom":"","ocean_display_top_bar":"off","ocean_display_header":"default","ocean_header_style":"","ocean_center_header_left_menu":"","ocean_custom_header_template":"","ocean_custom_logo":0,"ocean_custom_retina_logo":0,"ocean_custom_logo_max_width":0,"ocean_custom_logo_tablet_max_width":0,"ocean_custom_logo_mobile_max_width":0,"ocean_custom_logo_max_height":0,"ocean_custom_logo_tablet_max_height":0,"ocean_custom_logo_mobile_max_height":0,"ocean_header_custom_menu":"","ocean_menu_typo_font_family":"","ocean_menu_typo_font_subset":"","ocean_menu_typo_font_size":0,"ocean_menu_typo_font_size_tablet":0,"ocean_menu_typo_font_size_mobile":0,"ocean_menu_typo_font_size_unit":"px","ocean_menu_typo_font_weight":"","ocean_menu_typo_font_weight_tablet":"","ocean_menu_typo_font_weight_mobile":"","ocean_menu_typo_transform":"","ocean_menu_typo_transform_tablet":"","ocean_menu_typo_transform_mobile":"","ocean_menu_typo_line_height":0,"ocean_menu_typo_line_height_tablet":0,"ocean_menu_typo_line_height_mobile":0,"ocean_menu_typo_line_height_unit":"","ocean_menu_typo_spacing":0,"ocean_menu_typo_spacing_tablet":0,"ocean_menu_typo_spacing_mobile":0,"ocean_menu_typo_spacing_unit":"","ocean_menu_link_color":"","ocean_menu_link_color_hover":"","ocean_menu_link_color_active":"","ocean_menu_link_background":"","ocean_menu_link_hover_background":"","ocean_menu_link_active_background":"","ocean_menu_social_links_bg":"","ocean_menu_social_hover_links_bg":"","ocean_menu_social_links_color":"","ocean_menu_social_hover_links_color":"","ocean_disable_title":"on","ocean_disable_heading":"default","ocean_post_title":"","ocean_post_subheading":"","ocean_post_title_style":"","ocean_post_title_background_color":"","ocean_post_title_background":0,"ocean_post_title_bg_image_position":"","ocean_post_title_bg_image_attachment":"","ocean_post_title_bg_image_repeat":"","ocean_post_title_bg_image_size":"","ocean_post_title_height":0,"ocean_post_title_bg_overlay":0.5,"ocean_post_title_bg_overlay_color":"","ocean_disable_breadcrumbs":"default","ocean_breadcrumbs_color":"","ocean_breadcrumbs_separator_color":"","ocean_breadcrumbs_links_color":"","ocean_breadcrumbs_links_hover_color":"","ocean_display_footer_widgets":"off","ocean_display_footer_bottom":"default","ocean_custom_footer_template":"","footnotes":""},"class_list":["post-3044","page","type-page","status-publish","hentry","entry"],"acf":[],"amp_enabled":true,"_links":{"self":[{"href":"https:\/\/www.ff.unipo.sk\/slovencina\/index.php?rest_route=\/wp\/v2\/pages\/3044","targetHints":{"allow":["GET"]}}],"collection":[{"href":"https:\/\/www.ff.unipo.sk\/slovencina\/index.php?rest_route=\/wp\/v2\/pages"}],"about":[{"href":"https:\/\/www.ff.unipo.sk\/slovencina\/index.php?rest_route=\/wp\/v2\/types\/page"}],"author":[{"embeddable":true,"href":"https:\/\/www.ff.unipo.sk\/slovencina\/index.php?rest_route=\/wp\/v2\/users\/1"}],"replies":[{"embeddable":true,"href":"https:\/\/www.ff.unipo.sk\/slovencina\/index.php?rest_route=%2Fwp%2Fv2%2Fcomments&post=3044"}],"version-history":[{"count":4,"href":"https:\/\/www.ff.unipo.sk\/slovencina\/index.php?rest_route=\/wp\/v2\/pages\/3044\/revisions"}],"predecessor-version":[{"id":3049,"href":"https:\/\/www.ff.unipo.sk\/slovencina\/index.php?rest_route=\/wp\/v2\/pages\/3044\/revisions\/3049"}],"up":[{"embeddable":true,"href":"https:\/\/www.ff.unipo.sk\/slovencina\/index.php?rest_route=\/wp\/v2\/pages\/2942"}],"wp:attachment":[{"href":"https:\/\/www.ff.unipo.sk\/slovencina\/index.php?rest_route=%2Fwp%2Fv2%2Fmedia&parent=3044"}],"curies":[{"name":"wp","href":"https:\/\/api.w.org\/{rel}","templated":true}]}}