{"id":3450,"date":"2023-11-24T22:33:20","date_gmt":"2023-11-24T21:33:20","guid":{"rendered":"https:\/\/www.ff.unipo.sk\/slovencina\/?page_id=3450"},"modified":"2024-12-19T12:36:46","modified_gmt":"2024-12-19T11:36:46","slug":"v-skolskej-jedalni-lexika","status":"publish","type":"page","link":"https:\/\/www.ff.unipo.sk\/slovencina\/?page_id=3450","title":{"rendered":"V \u0160KOLSKEJ JED\u00c1LNI"},"content":{"rendered":"\t\t<div data-elementor-type=\"wp-page\" data-elementor-id=\"3450\" class=\"elementor elementor-3450\">\n\t\t\t\t\t\t<section class=\"has_eae_slider elementor-section elementor-top-section elementor-element elementor-element-72f1bd0c elementor-section-boxed elementor-section-height-default elementor-section-height-default\" data-eae-slider=\"37722\" data-id=\"72f1bd0c\" data-element_type=\"section\" data-e-type=\"section\">\n\t\t\t\t\t\t<div class=\"elementor-container elementor-column-gap-default\">\n\t\t\t\t\t<div class=\"has_eae_slider elementor-column elementor-col-100 elementor-top-column elementor-element elementor-element-531859e2\" data-eae-slider=\"52691\" data-id=\"531859e2\" data-element_type=\"column\" data-e-type=\"column\">\n\t\t\t<div class=\"elementor-widget-wrap elementor-element-populated\">\n\t\t\t\t\t\t<div class=\"elementor-element elementor-element-68396f69 elementor-widget elementor-widget-image\" data-id=\"68396f69\" data-element_type=\"widget\" data-e-type=\"widget\" data-widget_type=\"image.default\">\n\t\t\t\t<div class=\"elementor-widget-container\">\n\t\t\t\t\t\t\t\t\t\t\t\t\t\t\t<img fetchpriority=\"high\" decoding=\"async\" width=\"2048\" height=\"343\" src=\"https:\/\/www.ff.unipo.sk\/slovencina\/wp-content\/uploads\/2023\/05\/banner-2048x343.png\" class=\"attachment-2048x2048 size-2048x2048 wp-image-1886\" alt=\"\" srcset=\"https:\/\/www.ff.unipo.sk\/slovencina\/wp-content\/uploads\/2023\/05\/banner-2048x343.png 2048w, https:\/\/www.ff.unipo.sk\/slovencina\/wp-content\/uploads\/2023\/05\/banner-300x50.png 300w, https:\/\/www.ff.unipo.sk\/slovencina\/wp-content\/uploads\/2023\/05\/banner-1024x172.png 1024w, https:\/\/www.ff.unipo.sk\/slovencina\/wp-content\/uploads\/2023\/05\/banner-768x129.png 768w, https:\/\/www.ff.unipo.sk\/slovencina\/wp-content\/uploads\/2023\/05\/banner-1536x258.png 1536w\" sizes=\"(max-width: 2048px) 100vw, 2048px\" \/>\t\t\t\t\t\t\t\t\t\t\t\t\t\t\t<\/div>\n\t\t\t\t<\/div>\n\t\t\t\t<div class=\"elementor-element elementor-element-389dccd9 elementor-widget elementor-widget-heading\" data-id=\"389dccd9\" data-element_type=\"widget\" data-e-type=\"widget\" data-widget_type=\"heading.default\">\n\t\t\t\t<div class=\"elementor-widget-container\">\n\t\t\t\t\t<h2 class=\"elementor-heading-title elementor-size-default\">V \u0160KOLSKEJ JED\u00c1LNI<\/h2>\t\t\t\t<\/div>\n\t\t\t\t<\/div>\n\t\t\t\t\t<\/div>\n\t\t<\/div>\n\t\t\t\t\t<\/div>\n\t\t<\/section>\n\t\t\t\t<section class=\"has_eae_slider elementor-section elementor-top-section elementor-element elementor-element-d282f26 elementor-section-boxed elementor-section-height-default elementor-section-height-default\" data-eae-slider=\"54514\" data-id=\"d282f26\" data-element_type=\"section\" data-e-type=\"section\">\n\t\t\t\t\t\t<div class=\"elementor-container elementor-column-gap-default\">\n\t\t\t\t\t<div class=\"has_eae_slider elementor-column elementor-col-16 elementor-top-column elementor-element elementor-element-5c05f0e\" data-eae-slider=\"62236\" data-id=\"5c05f0e\" data-element_type=\"column\" data-e-type=\"column\">\n\t\t\t<div class=\"elementor-widget-wrap\">\n\t\t\t\t\t\t\t<\/div>\n\t\t<\/div>\n\t\t\t\t<div class=\"has_eae_slider elementor-column elementor-col-66 elementor-top-column elementor-element elementor-element-6efef3d\" data-eae-slider=\"4708\" data-id=\"6efef3d\" data-element_type=\"column\" data-e-type=\"column\">\n\t\t\t<div class=\"elementor-widget-wrap elementor-element-populated\">\n\t\t\t\t\t\t<div class=\"elementor-element elementor-element-c2367cb elementor-widget elementor-widget-text-editor\" data-id=\"c2367cb\" data-element_type=\"widget\" data-e-type=\"widget\" data-widget_type=\"text-editor.default\">\n\t\t\t\t<div class=\"elementor-widget-container\">\n\t\t\t\t\t\t\t\t\t<table><tbody><tr><td width=\"211\"><p>aktivova\u0165<\/p><\/td><td width=\"224\"><p>\u0430\u043a\u0442\u0438\u0432\u0443\u0432\u0430\u0442\u0438<\/p><\/td><td width=\"170\"><p>to activate<\/p><\/td><\/tr><tr><td width=\"211\"><p>bezlepkov\u00e9 jedlo<\/p><\/td><td width=\"224\"><p>\u0431\u0435\u0437\u0433\u043b\u044e\u0442\u0435\u043d\u043e\u0432\u0430 \u0441\u0442\u0440\u0430\u0432\u0430<\/p><\/td><td width=\"170\"><p>gluten-free food<\/p><\/td><\/tr><tr><td width=\"211\"><p>desiata<\/p><\/td><td width=\"224\"><p>\u0434\u0440\u0443\u0433\u0438\u0439 \u0441\u043d\u0456\u0434\u0430\u043d\u043e\u043a, \u043b\u0430\u043d\u0447\u00a0<\/p><\/td><td width=\"170\"><p>snack<\/p><\/td><\/tr><tr><td width=\"211\"><p>dobi\u0165 si kredit (na ISIC karte)<\/p><\/td><td width=\"224\"><p>\u043f\u043e\u043f\u043e\u0432\u043d\u0438\u0442\u0438 \u0440\u0430\u0445\u0443\u043d\u043e\u043a\u00a0<\/p><\/td><td width=\"170\"><p>to top up phone credit<\/p><\/td><\/tr><tr><td width=\"211\"><p>dotykov\u00fd termin\u00e1l<\/p><\/td><td width=\"224\"><p>\u0441\u0435\u043d\u0441\u043e\u0440\u043d\u0438\u0439 \u0442\u0435\u0440\u043c\u0456\u043d\u0430\u043b<\/p><\/td><td width=\"170\"><p>touch screen terminal<\/p><\/td><\/tr><tr><td width=\"211\"><p>chuti\u0165<\/p><\/td><td width=\"224\"><p>\u0441\u043c\u0430\u043a\u0443\u0432\u0430\u0442\u0438, \u043f\u043e\u0434\u043e\u0431\u0430\u0442\u0438\u0441\u044f \u043d\u0430 \u0441\u043c\u0430\u043a<\/p><\/td><td width=\"170\"><p>to taste good, to be delicious<\/p><\/td><\/tr><tr><td width=\"211\"><p>jed\u00e1le\u0148<\/p><\/td><td width=\"224\"><p>\u0457\u0434\u0430\u043b\u044c\u043d\u044f<\/p><\/td><td width=\"170\"><p>canteen<\/p><\/td><\/tr><tr><td width=\"211\"><p>jedlo<\/p><\/td><td width=\"224\"><p>\u0441\u0442\u0440\u0430\u0432\u0430, \u0457\u0436\u0430<\/p><\/td><td width=\"170\"><p>meal<\/p><\/td><\/tr><tr><td width=\"211\"><p>kurac\u00ed reze\u0148<\/p><\/td><td width=\"224\"><p>\u043a\u0443\u0440\u044f\u0447\u0430 \u0432\u0456\u0434\u0431\u0438\u0432\u043d\u0430<\/p><\/td><td width=\"170\"><p>chicken schnitzel<\/p><\/td><\/tr><tr><td width=\"211\"><p>lomka (\/)<\/p><\/td><td width=\"224\"><p>\u0441\u043a\u0456\u0441\u043d\u0430 \u0440\u0438\u0441\u043a\u0430<\/p><\/td><td width=\"170\"><p>slash<\/p><\/td><\/tr><tr><td width=\"211\"><p>obedova\u0165, naobedova\u0165 sa<\/p><\/td><td width=\"224\"><p>\u043e\u0431\u0456\u0434\u0430\u0442\u0438, \u043f\u043e\u043e\u0431\u0456\u0434\u0430\u0442\u0438<\/p><\/td><td width=\"170\"><p>to have lunch<\/p><\/td><\/tr><tr><td width=\"211\"><p>obed<\/p><\/td><td width=\"224\"><p>\u043e\u0431\u0456\u0434<\/p><\/td><td width=\"170\"><p>lunch<\/p><\/td><\/tr><tr><td width=\"211\"><p>objedna\u0165<\/p><\/td><td width=\"224\"><p>\u0437\u0430\u043c\u043e\u0432\u0438\u0442\u0438<\/p><\/td><td width=\"170\"><p>to order<\/p><\/td><\/tr><tr><td width=\"211\"><p>objedn\u00e1vka<\/p><\/td><td width=\"224\"><p>\u0437\u0430\u043c\u043e\u0432\u043b\u0435\u043d\u043d\u044f<\/p><\/td><td width=\"170\"><p>order<\/p><\/td><\/tr><tr><td width=\"211\"><p>odtrhn\u00fa\u0165<\/p><\/td><td width=\"224\"><p>\u0432\u0456\u0434\u0456\u0440\u0432\u0430\u0442\u0438<\/p><\/td><td width=\"170\"><p>to tear off<\/p><\/td><\/tr><tr><td width=\"211\"><p>ochutna\u0165<\/p><\/td><td width=\"224\"><p>\u0441\u043a\u0443\u0448\u0442\u0443\u0432\u0430\u0442\u0438, \u0441\u043f\u0440\u043e\u0431\u0443\u0432\u0430\u0442\u0438 \u043d\u0430 \u0441\u043c\u0430\u043a\u00a0<\/p><\/td><td width=\"170\"><p>to taste<\/p><\/td><\/tr><tr><td width=\"211\"><p>okienko<\/p><\/td><td width=\"224\"><p>\u0432\u0456\u043a\u043e\u043d\u0446\u0435<\/p><\/td><td width=\"170\"><p>counter<\/p><\/td><\/tr><tr><td width=\"211\"><p>olovrant<\/p><\/td><td width=\"224\"><p>\u043f\u043e\u043b\u0443\u0434\u0435\u043d\u044c, \u043d\u0430\u0434\u0432\u0435\u0447\u0456\u0440\u043e\u043a (\u043f\u0440\u0438\u0439\u043e\u043c \u0457\u0436\u0456 \u043c\u0456\u0436 \u043e\u0431\u0456\u0434\u043e\u043c \u0456 \u0432\u0435\u0447\u0435\u0440\u0435\u044e)<\/p><\/td><td width=\"170\"><p>afternoon snack<\/p><\/td><\/tr><tr><td width=\"211\"><p>pe\u010diatka<\/p><\/td><td width=\"224\"><p>\u043f\u0435\u0447\u0430\u0442\u043a\u0430<\/p><\/td><td width=\"170\"><p>stamp<\/p><\/td><\/tr><tr><td width=\"211\"><p>p\u00edsmeno, p\u00edsmenko<\/p><\/td><td width=\"224\"><p>\u043b\u0456\u0442\u0435\u0440\u0430<\/p><\/td><td width=\"170\"><p>letter<\/p><\/td><\/tr><tr><td width=\"211\"><p>plati\u0165 (ma\u0165 platnos\u0165)<\/p><\/td><td width=\"224\"><p>\u0434\u0456\u044f\u0442\u0438 = \u0431\u0443\u0442\u0438 \u0434\u0456\u0439\u0441\u043d\u0438\u043c<\/p><\/td><td width=\"170\"><p>to be valid<\/p><\/td><\/tr><tr><td width=\"211\"><p>pln\u00e1 cena<\/p><\/td><td width=\"224\"><p>\u043f\u043e\u0432\u043d\u0430 \u0432\u0430\u0440\u0442\u0456\u0441\u0442\u044c<\/p><\/td><td width=\"170\"><p>full price<\/p><\/td><\/tr><tr><td width=\"211\"><p>poklad\u0148a<\/p><\/td><td width=\"224\"><p>\u043a\u0430\u0441\u0430<\/p><\/td><td width=\"170\"><p>cash desk<\/p><\/td><\/tr><tr><td width=\"211\"><p>polovi\u010dn\u00e1 cena<\/p><\/td><td width=\"224\"><p>\u043f\u043e\u043b\u043e\u0432\u0438\u043d\u043d\u0430 \u0432\u0430\u0440\u0442\u0456\u0441\u0442\u044c<\/p><\/td><td width=\"170\"><p>half price<\/p><\/td><\/tr><tr><td width=\"211\"><p>polievka<\/p><\/td><td width=\"224\"><p>\u0441\u0443\u043f<\/p><\/td><td width=\"170\"><p>soup<\/p><\/td><\/tr><tr><td width=\"211\"><p>prihlasovacie \u00fadaje<\/p><\/td><td width=\"224\"><p>\u043b\u043e\u0433\u0456\u043d \u0456 \u043f\u0430\u0440\u043e\u043b\u044c<\/p><\/td><td width=\"170\"><p>login data<\/p><\/td><\/tr><tr><td width=\"211\"><p>prilo\u017ei\u0165 (kartu)<\/p><\/td><td width=\"224\"><p>\u043f\u0440\u0438\u043a\u043b\u0430\u0441\u0442\u0438, \u043f\u0440\u0438\u0442\u0438\u0441\u043d\u0443\u0442\u0438 (\u043a\u0430\u0440\u0442\u043a\u0443)<\/p><\/td><td width=\"170\"><p>to swipe (a card)<\/p><p>\u00a0<\/p><\/td><\/tr><tr><td width=\"211\"><p>ra\u0148ajky<\/p><\/td><td width=\"224\"><p>\u0441\u043d\u0456\u0434\u0430\u043d\u043e\u043a<\/p><\/td><td width=\"170\"><p>breakfast<\/p><\/td><\/tr><tr><td width=\"211\"><p>rezerva (vopred neobjednan\u00e9 jedlo, porcie uvaren\u00e9 navy\u0161e)<\/p><\/td><td width=\"224\"><p>\u0440\u0435\u0437\u0435\u0440\u0432, \u0437\u0430\u043f\u0430\u0441 (\u043d\u0430\u0434\u043b\u0438\u0448\u043e\u043a \u043f\u043e\u0440\u0446\u0456\u0439)<\/p><\/td><td width=\"170\"><p>reserve (meal that is not solicited in advance)<\/p><\/td><\/tr><tr><td width=\"211\"><p>schr\u00e1nka<\/p><\/td><td width=\"224\"><p>\u0441\u043a\u0440\u0438\u043d\u044c\u043a\u0430<\/p><\/td><td width=\"170\"><p>box<\/p><\/td><\/tr><tr><td width=\"211\"><p>stihn\u00fa\u0165<\/p><\/td><td width=\"224\"><p>\u0432\u0441\u0442\u0438\u0433\u043d\u0443\u0442\u0438<\/p><\/td><td width=\"170\"><p>manage in time<\/p><\/td><\/tr><tr><td width=\"211\"><p>strava<\/p><\/td><td width=\"224\"><p>\u0445\u0430\u0440\u0447\u0443\u0432\u0430\u043d\u043d\u044f<\/p><\/td><td width=\"170\"><p>food<\/p><\/td><\/tr><tr><td width=\"211\"><p>stravn\u00fd l\u00edstok<\/p><\/td><td width=\"224\"><p>\u0442\u0430\u043b\u043e\u043d \u043d\u0430 \u0445\u0430\u0440\u0447\u0443\u0432\u0430\u043d\u043d\u044f<\/p><\/td><td width=\"170\"><p>meal voucher<\/p><\/td><\/tr><tr><td width=\"211\"><p>stravovac\u00ed syst\u00e9m<\/p><\/td><td width=\"224\"><p>\u0441\u0438\u0441\u0442\u0435\u043c\u0430 \u0445\u0430\u0440\u0447\u0443\u0432\u0430\u043d\u043d\u044f<\/p><\/td><td width=\"170\"><p>catering system<\/p><\/td><\/tr><tr><td width=\"211\"><p>\u0161tudentsk\u00e1 legitim\u00e1cia<\/p><\/td><td width=\"224\"><p>\u043f\u043e\u0441\u0432\u0456\u0434\u0447\u0435\u043d\u043d\u044f \u043c\u0435\u0448\u043a\u0430\u043d\u0446\u044f \u0433\u0443\u0440\u0442\u043e\u0436\u0438\u0442\u043a\u0443\/\u043f\u0435\u0440\u0435\u043f\u0443\u0441\u0442\u043a\u0430<\/p><\/td><td width=\"170\"><p>student ID card, dormitory pass\u00a0\u00a0<\/p><\/td><\/tr><tr><td width=\"211\"><p>uhorkov\u00fd \u0161al\u00e1t<\/p><\/td><td width=\"224\"><p>\u0441\u0430\u043b\u0430\u0442 \u0437 \u043e\u0433\u0456\u0440\u043a\u0456\u0432<\/p><\/td><td width=\"170\"><p>cucumber salad<\/p><\/td><\/tr><tr><td width=\"211\"><p>u\u0161etri\u0165<\/p><\/td><td width=\"224\"><p>\u0437\u0435\u043a\u043e\u043d\u043e\u043c\u0438\u0442\u0438, \u0437\u0430\u043e\u0449\u0430\u0434\u0438\u0442\u0438<\/p><\/td><td width=\"170\"><p>to save (money, time)<\/p><\/td><\/tr><tr><td width=\"211\"><p>ve\u010dera<\/p><\/td><td width=\"224\"><p>\u0432\u0435\u0447\u0435\u0440\u044f<\/p><\/td><td width=\"170\"><p>dinner<\/p><\/td><\/tr><tr><td width=\"211\"><p>vybavi\u0165<\/p><\/td><td width=\"224\"><p>\u043e\u0444\u043e\u0440\u043c\u0438\u0442\u0438<\/p><\/td><td width=\"170\"><p>to arrange<\/p><\/td><\/tr><tr><td width=\"211\"><p>v\u00fddaj jedla<\/p><\/td><td width=\"224\"><p>\u0432\u0438\u0434\u0430\u0447\u0430 \u0457\u0436\u0456\u00a0<\/p><\/td><td width=\"170\"><p>food dispensing<\/p><\/td><\/tr><tr><td width=\"211\"><p>v\u00fddaj\u0148a (jedla)<\/p><\/td><td width=\"224\"><p>\u0432\u0456\u043a\u043d\u043e \u0432\u0438\u0434\u0430\u0447\u0456\/\u0440\u043e\u0437\u0434\u0430\u0432\u0430\u043b\u044c\u043d\u0438\u0439 \u043f\u0443\u043d\u043a\u0442 \u0457\u0436\u0456<\/p><\/td><td width=\"170\"><p>food dispensary<\/p><\/td><\/tr><tr><td width=\"211\"><p>vyd\u00e1va\u0165\/pod\u00e1va\u0165 obedy<\/p><\/td><td width=\"224\"><p>\u0432\u0438\u0434\u0430\u0432\u0430\u0442\u0438\/\u043f\u043e\u0434\u0430\u0432\u0430\u0442\u0438 \u043e\u0431\u0456\u0434\u0438<\/p><\/td><td width=\"170\"><p>to dispense lunches<\/p><\/td><\/tr><tr><td width=\"211\"><p>v\u00fdhodn\u00fd<\/p><\/td><td width=\"224\"><p>\u0432\u0438\u0433\u0456\u0434\u043d\u0438\u0439<\/p><\/td><td width=\"170\"><p>budget-wise<\/p><\/td><\/tr><tr><td width=\"211\"><p>zabali\u0165 (jedlo)<\/p><\/td><td width=\"224\"><p>\u0443\u043f\u0430\u043a\u0443\u0432\u0430\u0442\u0438, \u0437\u0430\u0433\u043e\u0440\u043d\u0443\u0442\u0438 (\u043d\u0430 \u0432\u0438\u043d\u0456\u0441, \u0437 \u0441\u043e\u0431\u043e\u044e)<\/p><\/td><td width=\"170\"><p>to pack (food)<\/p><\/td><\/tr><tr><td width=\"211\"><p>zemiakov\u00e1 ka\u0161a<\/p><\/td><td width=\"224\"><p>\u043a\u0430\u0440\u0442\u043e\u043f\u043b\u044f\u043d\u0435 \u043f\u044e\u0440\u0435<\/p><\/td><td width=\"170\"><p>mashed potatoes<\/p><\/td><\/tr><tr><td width=\"211\"><p>zmeni\u0165 objedn\u00e1vku<\/p><\/td><td width=\"224\"><p>\u0437\u043c\u0456\u043d\u0438\u0442\u0438 \u0437\u0430\u043c\u043e\u0432\u043b\u0435\u043d\u043d\u044f<\/p><\/td><td width=\"170\"><p>to change order<\/p><\/td><\/tr><tr><td width=\"211\"><p>zobra\u0165 si (jedlo) so sebou<\/p><\/td><td width=\"224\"><p>\u0432\u0437\u044f\u0442\u0438 (\u0441\u0442\u0440\u0430\u0432\u0443, \u0457\u0436\u0443) \u0437 \u0441\u043e\u0431\u043e\u044e<\/p><\/td><td width=\"170\"><p>to take food away<\/p><\/td><\/tr><tr><td width=\"211\"><p>zru\u0161i\u0165 objedn\u00e1vku<\/p><\/td><td width=\"224\"><p>\u0441\u043a\u0430\u0441\u0443\u0432\u0430\u0442\u0438 \u0437\u0430\u043c\u043e\u0432\u043b\u0435\u043d\u043d\u044f<\/p><\/td><td width=\"170\"><p>to cancel order<\/p><\/td><\/tr><tr><td width=\"211\"><p>zv\u00fd\u0161i\u0165 sa, zosta\u0165 nazvy\u0161<\/p><\/td><td width=\"224\"><p>\u0437\u0430\u043b\u0438\u0448\u0438\u0442\u0438\u0441\u044f (\u043f\u0440\u043e \u0434\u043e\u0441\u0442\u0430\u0442\u043d\u044e \u043a\u0456\u043b\u044c\u043a\u0456\u0441\u0442\u044c \u0457\u0436\u0456, \u0441\u0442\u0440\u0430\u0432)\u00a0\u00a0\u00a0\u00a0<\/p><\/td><td width=\"170\"><p>to be left over<\/p><\/td><\/tr><\/tbody><\/table>\t\t\t\t\t\t\t\t<\/div>\n\t\t\t\t<\/div>\n\t\t\t\t\t<\/div>\n\t\t<\/div>\n\t\t\t\t<div class=\"has_eae_slider elementor-column elementor-col-16 elementor-top-column elementor-element elementor-element-b4d65a7\" data-eae-slider=\"71696\" data-id=\"b4d65a7\" data-element_type=\"column\" data-e-type=\"column\">\n\t\t\t<div class=\"elementor-widget-wrap\">\n\t\t\t\t\t\t\t<\/div>\n\t\t<\/div>\n\t\t\t\t\t<\/div>\n\t\t<\/section>\n\t\t\t\t<\/div>\n\t\t","protected":false},"excerpt":{"rendered":"<p>V \u0160KOLSKEJ JED\u00c1LNI aktivova\u0165 \u0430\u043a\u0442\u0438\u0432\u0443\u0432\u0430\u0442\u0438 to activate bezlepkov\u00e9 jedlo \u0431\u0435\u0437\u0433\u043b\u044e\u0442\u0435\u043d\u043e\u0432\u0430 \u0441\u0442\u0440\u0430\u0432\u0430 gluten-free food desiata \u0434\u0440\u0443\u0433\u0438\u0439 \u0441\u043d\u0456\u0434\u0430\u043d\u043e\u043a, \u043b\u0430\u043d\u0447\u00a0 snack dobi\u0165 si kredit (na ISIC karte) \u043f\u043e\u043f\u043e\u0432\u043d\u0438\u0442\u0438 \u0440\u0430\u0445\u0443\u043d\u043e\u043a\u00a0 to top up phone credit dotykov\u00fd termin\u00e1l \u0441\u0435\u043d\u0441\u043e\u0440\u043d\u0438\u0439 \u0442\u0435\u0440\u043c\u0456\u043d\u0430\u043b touch screen terminal chuti\u0165 \u0441\u043c\u0430\u043a\u0443\u0432\u0430\u0442\u0438, \u043f\u043e\u0434\u043e\u0431\u0430\u0442\u0438\u0441\u044f \u043d\u0430 \u0441\u043c\u0430\u043a to taste good, to be delicious jed\u00e1le\u0148 \u0457\u0434\u0430\u043b\u044c\u043d\u044f canteen jedlo \u0441\u0442\u0440\u0430\u0432\u0430, \u0457\u0436\u0430 [&hellip;]<\/p>\n","protected":false},"author":1,"featured_media":0,"parent":808,"menu_order":7,"comment_status":"closed","ping_status":"closed","template":"","meta":{"_acf_changed":false,"ocean_post_layout":"full-screen","ocean_both_sidebars_style":"","ocean_both_sidebars_content_width":0,"ocean_both_sidebars_sidebars_width":0,"ocean_sidebar":"","ocean_second_sidebar":"","ocean_disable_margins":"enable","ocean_add_body_class":"","ocean_shortcode_before_top_bar":"","ocean_shortcode_after_top_bar":"","ocean_shortcode_before_header":"","ocean_shortcode_after_header":"","ocean_has_shortcode":"","ocean_shortcode_after_title":"","ocean_shortcode_before_footer_widgets":"","ocean_shortcode_after_footer_widgets":"","ocean_shortcode_before_footer_bottom":"","ocean_shortcode_after_footer_bottom":"","ocean_display_top_bar":"off","ocean_display_header":"default","ocean_header_style":"","ocean_center_header_left_menu":"","ocean_custom_header_template":"","ocean_custom_logo":0,"ocean_custom_retina_logo":0,"ocean_custom_logo_max_width":0,"ocean_custom_logo_tablet_max_width":0,"ocean_custom_logo_mobile_max_width":0,"ocean_custom_logo_max_height":0,"ocean_custom_logo_tablet_max_height":0,"ocean_custom_logo_mobile_max_height":0,"ocean_header_custom_menu":"","ocean_menu_typo_font_family":"","ocean_menu_typo_font_subset":"","ocean_menu_typo_font_size":0,"ocean_menu_typo_font_size_tablet":0,"ocean_menu_typo_font_size_mobile":0,"ocean_menu_typo_font_size_unit":"px","ocean_menu_typo_font_weight":"","ocean_menu_typo_font_weight_tablet":"","ocean_menu_typo_font_weight_mobile":"","ocean_menu_typo_transform":"","ocean_menu_typo_transform_tablet":"","ocean_menu_typo_transform_mobile":"","ocean_menu_typo_line_height":0,"ocean_menu_typo_line_height_tablet":0,"ocean_menu_typo_line_height_mobile":0,"ocean_menu_typo_line_height_unit":"","ocean_menu_typo_spacing":0,"ocean_menu_typo_spacing_tablet":0,"ocean_menu_typo_spacing_mobile":0,"ocean_menu_typo_spacing_unit":"","ocean_menu_link_color":"","ocean_menu_link_color_hover":"","ocean_menu_link_color_active":"","ocean_menu_link_background":"","ocean_menu_link_hover_background":"","ocean_menu_link_active_background":"","ocean_menu_social_links_bg":"","ocean_menu_social_hover_links_bg":"","ocean_menu_social_links_color":"","ocean_menu_social_hover_links_color":"","ocean_disable_title":"on","ocean_disable_heading":"default","ocean_post_title":"","ocean_post_subheading":"","ocean_post_title_style":"","ocean_post_title_background_color":"","ocean_post_title_background":0,"ocean_post_title_bg_image_position":"","ocean_post_title_bg_image_attachment":"","ocean_post_title_bg_image_repeat":"","ocean_post_title_bg_image_size":"","ocean_post_title_height":0,"ocean_post_title_bg_overlay":0.5,"ocean_post_title_bg_overlay_color":"","ocean_disable_breadcrumbs":"default","ocean_breadcrumbs_color":"","ocean_breadcrumbs_separator_color":"","ocean_breadcrumbs_links_color":"","ocean_breadcrumbs_links_hover_color":"","ocean_display_footer_widgets":"off","ocean_display_footer_bottom":"default","ocean_custom_footer_template":"","footnotes":""},"class_list":["post-3450","page","type-page","status-publish","hentry","entry"],"acf":[],"amp_enabled":true,"_links":{"self":[{"href":"https:\/\/www.ff.unipo.sk\/slovencina\/index.php?rest_route=\/wp\/v2\/pages\/3450","targetHints":{"allow":["GET"]}}],"collection":[{"href":"https:\/\/www.ff.unipo.sk\/slovencina\/index.php?rest_route=\/wp\/v2\/pages"}],"about":[{"href":"https:\/\/www.ff.unipo.sk\/slovencina\/index.php?rest_route=\/wp\/v2\/types\/page"}],"author":[{"embeddable":true,"href":"https:\/\/www.ff.unipo.sk\/slovencina\/index.php?rest_route=\/wp\/v2\/users\/1"}],"replies":[{"embeddable":true,"href":"https:\/\/www.ff.unipo.sk\/slovencina\/index.php?rest_route=%2Fwp%2Fv2%2Fcomments&post=3450"}],"version-history":[{"count":14,"href":"https:\/\/www.ff.unipo.sk\/slovencina\/index.php?rest_route=\/wp\/v2\/pages\/3450\/revisions"}],"predecessor-version":[{"id":7855,"href":"https:\/\/www.ff.unipo.sk\/slovencina\/index.php?rest_route=\/wp\/v2\/pages\/3450\/revisions\/7855"}],"up":[{"embeddable":true,"href":"https:\/\/www.ff.unipo.sk\/slovencina\/index.php?rest_route=\/wp\/v2\/pages\/808"}],"wp:attachment":[{"href":"https:\/\/www.ff.unipo.sk\/slovencina\/index.php?rest_route=%2Fwp%2Fv2%2Fmedia&parent=3450"}],"curies":[{"name":"wp","href":"https:\/\/api.w.org\/{rel}","templated":true}]}}