{"id":468,"date":"2023-01-28T19:39:14","date_gmt":"2023-01-28T18:39:14","guid":{"rendered":"https:\/\/www.ff.unipo.sk\/slovencina\/?page_id=468"},"modified":"2023-12-05T08:25:54","modified_gmt":"2023-12-05T07:25:54","slug":"vianoce","status":"publish","type":"page","link":"https:\/\/www.ff.unipo.sk\/slovencina\/?page_id=468","title":{"rendered":"T\u00c9MA VIANOCE"},"content":{"rendered":"\t\t<div data-elementor-type=\"wp-page\" data-elementor-id=\"468\" class=\"elementor elementor-468\">\n\t\t\t\t\t\t<section class=\"has_eae_slider elementor-section elementor-top-section elementor-element elementor-element-27fe0960 elementor-section-boxed elementor-section-height-default elementor-section-height-default\" data-eae-slider=\"58178\" data-id=\"27fe0960\" data-element_type=\"section\" data-e-type=\"section\">\n\t\t\t\t\t\t<div class=\"elementor-container elementor-column-gap-default\">\n\t\t\t\t\t<div class=\"has_eae_slider elementor-column elementor-col-100 elementor-top-column elementor-element elementor-element-3ce7a348\" data-eae-slider=\"38663\" data-id=\"3ce7a348\" data-element_type=\"column\" data-e-type=\"column\">\n\t\t\t<div class=\"elementor-widget-wrap elementor-element-populated\">\n\t\t\t\t\t\t<div class=\"elementor-element elementor-element-4c212dd0 elementor-widget elementor-widget-image\" data-id=\"4c212dd0\" data-element_type=\"widget\" data-e-type=\"widget\" data-widget_type=\"image.default\">\n\t\t\t\t<div class=\"elementor-widget-container\">\n\t\t\t\t\t\t\t\t\t\t\t\t\t\t\t<img fetchpriority=\"high\" decoding=\"async\" width=\"2048\" height=\"343\" src=\"https:\/\/www.ff.unipo.sk\/slovencina\/wp-content\/uploads\/2023\/05\/banner-2048x343.png\" class=\"attachment-2048x2048 size-2048x2048 wp-image-1886\" alt=\"\" srcset=\"https:\/\/www.ff.unipo.sk\/slovencina\/wp-content\/uploads\/2023\/05\/banner-2048x343.png 2048w, https:\/\/www.ff.unipo.sk\/slovencina\/wp-content\/uploads\/2023\/05\/banner-300x50.png 300w, https:\/\/www.ff.unipo.sk\/slovencina\/wp-content\/uploads\/2023\/05\/banner-1024x172.png 1024w, https:\/\/www.ff.unipo.sk\/slovencina\/wp-content\/uploads\/2023\/05\/banner-768x129.png 768w, https:\/\/www.ff.unipo.sk\/slovencina\/wp-content\/uploads\/2023\/05\/banner-1536x258.png 1536w\" sizes=\"(max-width: 2048px) 100vw, 2048px\" \/>\t\t\t\t\t\t\t\t\t\t\t\t\t\t\t<\/div>\n\t\t\t\t<\/div>\n\t\t\t\t\t<\/div>\n\t\t<\/div>\n\t\t\t\t\t<\/div>\n\t\t<\/section>\n\t\t\t\t<section class=\"has_eae_slider elementor-section elementor-top-section elementor-element elementor-element-17c1f8a elementor-section-boxed elementor-section-height-default elementor-section-height-default\" data-eae-slider=\"72366\" data-id=\"17c1f8a\" data-element_type=\"section\" data-e-type=\"section\">\n\t\t\t\t\t\t<div class=\"elementor-container elementor-column-gap-default\">\n\t\t\t\t\t<div class=\"has_eae_slider elementor-column elementor-col-100 elementor-top-column elementor-element elementor-element-7e1a827\" data-eae-slider=\"52422\" data-id=\"7e1a827\" data-element_type=\"column\" data-e-type=\"column\">\n\t\t\t<div class=\"elementor-widget-wrap elementor-element-populated\">\n\t\t\t\t\t\t<div class=\"elementor-element elementor-element-5d345c2 elementor-widget elementor-widget-heading\" data-id=\"5d345c2\" data-element_type=\"widget\" data-e-type=\"widget\" data-widget_type=\"heading.default\">\n\t\t\t\t<div class=\"elementor-widget-container\">\n\t\t\t\t\t<h1 class=\"elementor-heading-title elementor-size-default\">T\u00c9MA VIANOCE<\/h1>\t\t\t\t<\/div>\n\t\t\t\t<\/div>\n\t\t\t\t\t<\/div>\n\t\t<\/div>\n\t\t\t\t\t<\/div>\n\t\t<\/section>\n\t\t\t\t<section class=\"has_eae_slider elementor-section elementor-top-section elementor-element elementor-element-06f7e40 elementor-section-boxed elementor-section-height-default elementor-section-height-default\" data-eae-slider=\"30904\" data-id=\"06f7e40\" data-element_type=\"section\" data-e-type=\"section\">\n\t\t\t\t\t\t<div class=\"elementor-container elementor-column-gap-default\">\n\t\t\t\t\t<div class=\"has_eae_slider elementor-column elementor-col-100 elementor-top-column elementor-element elementor-element-8695b52\" data-eae-slider=\"64729\" data-id=\"8695b52\" data-element_type=\"column\" data-e-type=\"column\">\n\t\t\t<div class=\"elementor-widget-wrap elementor-element-populated\">\n\t\t\t\t\t\t<div class=\"elementor-element elementor-element-65a3290 elementor-widget elementor-widget-heading\" data-id=\"65a3290\" data-element_type=\"widget\" data-e-type=\"widget\" data-widget_type=\"heading.default\">\n\t\t\t\t<div class=\"elementor-widget-container\">\n\t\t\t\t\t<h2 class=\"elementor-heading-title elementor-size-default\">M\u00e1ria \u010c\u00edrov\u00e1 \u2013 Tich\u00e1 noc<\/h2>\t\t\t\t<\/div>\n\t\t\t\t<\/div>\n\t\t\t\t\t<\/div>\n\t\t<\/div>\n\t\t\t\t\t<\/div>\n\t\t<\/section>\n\t\t\t\t<section class=\"has_eae_slider elementor-section elementor-top-section elementor-element elementor-element-6690048 elementor-section-boxed elementor-section-height-default elementor-section-height-default\" data-eae-slider=\"73024\" data-id=\"6690048\" data-element_type=\"section\" data-e-type=\"section\">\n\t\t\t\t\t\t<div class=\"elementor-container elementor-column-gap-default\">\n\t\t\t\t\t<div class=\"has_eae_slider elementor-column elementor-col-100 elementor-top-column elementor-element elementor-element-e6de8a4\" data-eae-slider=\"87443\" data-id=\"e6de8a4\" data-element_type=\"column\" data-e-type=\"column\">\n\t\t\t<div class=\"elementor-widget-wrap elementor-element-populated\">\n\t\t\t\t\t\t<div class=\"elementor-element elementor-element-8f89b58 elementor-widget elementor-widget-shortcode\" data-id=\"8f89b58\" data-element_type=\"widget\" data-e-type=\"widget\" data-widget_type=\"shortcode.default\">\n\t\t\t\t<div class=\"elementor-widget-container\">\n\t\t\t\t\t\t\t<div class=\"elementor-shortcode\"><div class=\"h5p-iframe-wrapper\"><iframe id=\"h5p-iframe-22\" class=\"h5p-iframe\" data-content-id=\"22\" style=\"height:1px\" src=\"about:blank\" frameBorder=\"0\" scrolling=\"no\" title=\"TICH\u00c1 NOC\"><\/iframe><\/div><\/div>\n\t\t\t\t\t\t<\/div>\n\t\t\t\t<\/div>\n\t\t\t\t\t<\/div>\n\t\t<\/div>\n\t\t\t\t\t<\/div>\n\t\t<\/section>\n\t\t\t\t<section class=\"has_eae_slider elementor-section elementor-top-section elementor-element elementor-element-37beda8 elementor-section-boxed elementor-section-height-default elementor-section-height-default\" data-eae-slider=\"57361\" data-id=\"37beda8\" data-element_type=\"section\" data-e-type=\"section\">\n\t\t\t\t\t\t<div class=\"elementor-container elementor-column-gap-default\">\n\t\t\t\t\t<div class=\"has_eae_slider elementor-column elementor-col-100 elementor-top-column elementor-element elementor-element-a008f73\" data-eae-slider=\"28701\" data-id=\"a008f73\" data-element_type=\"column\" data-e-type=\"column\">\n\t\t\t<div class=\"elementor-widget-wrap elementor-element-populated\">\n\t\t\t\t\t\t<div class=\"elementor-element elementor-element-bf82444 elementor-widget elementor-widget-text-editor\" data-id=\"bf82444\" data-element_type=\"widget\" data-e-type=\"widget\" data-widget_type=\"text-editor.default\">\n\t\t\t\t<div class=\"elementor-widget-container\">\n\t\t\t\t\t\t\t\t\t<p style=\"padding-left: 40px;\"><strong>Tich\u00e1 noc\u00a0<\/strong><br \/><i>(ak chce\u0161 vidie\u0165 defin\u00edciu zv\u00fdraznen\u00e9ho slova, presu\u0148 kurzor na dan\u00e9 slovo bez klikania)<\/i><\/p><p style=\"padding-left: 40px;\">Tich\u00e1 noc, sv\u00e4t\u00e1 noc!<br \/>V\u0161etko sp\u00ed, v\u0161etko <strong><i title=\"sn\u00edva, poetick\u00fd v\u00fdraz\">sn\u00ed<\/i><\/strong>,<br \/>s\u00e1m len sv\u00e4t\u00fd <i title=\"nesp\u00ed\"><strong>bdie<\/strong><\/i> <strong><i title=\"sv\u00e4t\u00fd d\u00f4vern\u00fd p\u00e1r = M\u00e1ria a Jozef\">d\u00f4vern\u00fd p\u00e1r<\/i><\/strong>,<br \/>str\u00e1\u017ei Die\u0165atko, nebesk\u00fd dar.<br \/>Sladk\u00fd <strong><i title=\"Je\u017ei\u0161ko ako mal\u00e9 die\u0165a\">Je\u017ei\u0161ko<\/i><\/strong> sp\u00ed, sn\u00ed, nebesky t\u00ed\u0161ko sp\u00ed, sn\u00ed.<\/p><p style=\"padding-left: 40px;\">Tich\u00e1 noc, sv\u00e4t\u00e1 noc! Anjeli zleteli,<br \/>najprv pastierom <strong><i title=\"ozn\u00e1mili novinu\">podali zves\u0165<\/i><\/strong>,<br \/>ktor\u00e1 svetom dnes <strong><i title=\"\u0161\u00edri sa po celom svete\">d\u00e1va sa nies\u0165<\/i><\/strong>:<br \/>Kristus, <strong><i title=\"Je\u017ei\u0161 Kristus, ktor\u00fd spas\u00ed svet\">Spasite\u013e<\/i><\/strong> je tu, <strong><i title=\"Je\u017ei\u0161, ktor\u00fd prin\u00e1\u0161a rados\u0165 na svet\">Te\u0161ite\u013e<\/i><\/strong> sveta je tu!<\/p><p style=\"padding-left: 40px;\">Tich\u00e1 noc, sv\u00e4t\u00e1 noc!<br \/>Ne\u017en\u00e1 tv\u00e1r, l\u00e1sky <strong><i title=\"svetlo\">\u017eiar<\/i><\/strong>,<br \/>bo\u017esky <strong><i title=\"rozd\u00e1va, \u0161\u00edri\">rozsieva<\/i><\/strong> v jasli\u010dk\u00e1ch tam:<br \/>bije z\u00e1chrann\u00e1 hodina n\u00e1m<br \/>v tvojom zroden\u00ed, <strong><i title=\"v kres\u0165anstve najvy\u0161\u0161ia bytos\u0165, stvorite\u013e sveta\">Boh<\/i><\/strong> Syn,<br \/>Je\u017ei\u0161ko, L\u00e1ska, Boh Syn!<\/p>\t\t\t\t\t\t\t\t<\/div>\n\t\t\t\t<\/div>\n\t\t\t\t\t<\/div>\n\t\t<\/div>\n\t\t\t\t\t<\/div>\n\t\t<\/section>\n\t\t\t\t<section class=\"has_eae_slider elementor-section elementor-top-section elementor-element elementor-element-f40c4e0 elementor-section-boxed elementor-section-height-default elementor-section-height-default\" data-eae-slider=\"26742\" data-id=\"f40c4e0\" data-element_type=\"section\" data-e-type=\"section\">\n\t\t\t\t\t\t<div class=\"elementor-container elementor-column-gap-default\">\n\t\t\t\t\t<div class=\"has_eae_slider elementor-column elementor-col-100 elementor-top-column elementor-element elementor-element-9a8423f\" data-eae-slider=\"64080\" data-id=\"9a8423f\" data-element_type=\"column\" data-e-type=\"column\">\n\t\t\t<div class=\"elementor-widget-wrap elementor-element-populated\">\n\t\t\t\t\t\t<div class=\"elementor-element elementor-element-42b202f elementor-widget-divider--view-line elementor-widget elementor-widget-divider\" data-id=\"42b202f\" data-element_type=\"widget\" data-e-type=\"widget\" data-widget_type=\"divider.default\">\n\t\t\t\t<div class=\"elementor-widget-container\">\n\t\t\t\t\t\t\t<div class=\"elementor-divider\">\n\t\t\t<span class=\"elementor-divider-separator\">\n\t\t\t\t\t\t<\/span>\n\t\t<\/div>\n\t\t\t\t\t\t<\/div>\n\t\t\t\t<\/div>\n\t\t\t\t\t<\/div>\n\t\t<\/div>\n\t\t\t\t\t<\/div>\n\t\t<\/section>\n\t\t\t\t<section class=\"has_eae_slider elementor-section elementor-top-section elementor-element elementor-element-5194e65b elementor-section-boxed elementor-section-height-default elementor-section-height-default\" data-eae-slider=\"6914\" data-id=\"5194e65b\" data-element_type=\"section\" data-e-type=\"section\">\n\t\t\t\t\t\t<div class=\"elementor-container elementor-column-gap-default\">\n\t\t\t\t\t<div class=\"has_eae_slider elementor-column elementor-col-100 elementor-top-column elementor-element elementor-element-48714599\" data-eae-slider=\"21770\" data-id=\"48714599\" data-element_type=\"column\" data-e-type=\"column\">\n\t\t\t<div class=\"elementor-widget-wrap elementor-element-populated\">\n\t\t\t\t\t\t<div class=\"elementor-element elementor-element-7a557d8c elementor-widget elementor-widget-text-editor\" data-id=\"7a557d8c\" data-element_type=\"widget\" data-e-type=\"widget\" data-widget_type=\"text-editor.default\">\n\t\t\t\t<div class=\"elementor-widget-container\">\n\t\t\t\t\t\t\t\t\t<h3 style=\"text-align: center;\"><span style=\"color: #000000;\">Pracovn\u00fd list <a href=\"https:\/\/www.ff.unipo.sk\/slovencina\/wp-content\/uploads\/2023\/12\/PL_co-pocujes_hudba_vianoce.pdf\"><img decoding=\"async\" class=\"size-full wp-image-2768\" src=\"https:\/\/www.ff.unipo.sk\/slovencina\/wp-content\/uploads\/2023\/10\/pdf.png\" alt=\"\" width=\"28\" height=\"28\" \/><\/a> <\/span><\/h3>\t\t\t\t\t\t\t\t<\/div>\n\t\t\t\t<\/div>\n\t\t\t\t\t<\/div>\n\t\t<\/div>\n\t\t\t\t\t<\/div>\n\t\t<\/section>\n\t\t\t\t<\/div>\n\t\t","protected":false},"excerpt":{"rendered":"<p>T\u00c9MA VIANOCE M\u00e1ria \u010c\u00edrov\u00e1 \u2013 Tich\u00e1 noc Tich\u00e1 noc\u00a0(ak chce\u0161 vidie\u0165 defin\u00edciu zv\u00fdraznen\u00e9ho slova, presu\u0148 kurzor na dan\u00e9 slovo bez klikania) Tich\u00e1 noc, sv\u00e4t\u00e1 noc!V\u0161etko sp\u00ed, v\u0161etko sn\u00ed,s\u00e1m len sv\u00e4t\u00fd bdie d\u00f4vern\u00fd p\u00e1r,str\u00e1\u017ei Die\u0165atko, nebesk\u00fd dar.Sladk\u00fd Je\u017ei\u0161ko sp\u00ed, sn\u00ed, nebesky t\u00ed\u0161ko sp\u00ed, sn\u00ed. Tich\u00e1 noc, sv\u00e4t\u00e1 noc! Anjeli zleteli,najprv pastierom podali zves\u0165,ktor\u00e1 svetom dnes d\u00e1va [&hellip;]<\/p>\n","protected":false},"author":1,"featured_media":0,"parent":508,"menu_order":3,"comment_status":"closed","ping_status":"closed","template":"","meta":{"_acf_changed":false,"ocean_post_layout":"full-screen","ocean_both_sidebars_style":"","ocean_both_sidebars_content_width":0,"ocean_both_sidebars_sidebars_width":0,"ocean_sidebar":"0","ocean_second_sidebar":"0","ocean_disable_margins":"enable","ocean_add_body_class":"","ocean_shortcode_before_top_bar":"","ocean_shortcode_after_top_bar":"","ocean_shortcode_before_header":"","ocean_shortcode_after_header":"","ocean_has_shortcode":"","ocean_shortcode_after_title":"","ocean_shortcode_before_footer_widgets":"","ocean_shortcode_after_footer_widgets":"","ocean_shortcode_before_footer_bottom":"","ocean_shortcode_after_footer_bottom":"","ocean_display_top_bar":"off","ocean_display_header":"default","ocean_header_style":"","ocean_center_header_left_menu":"0","ocean_custom_header_template":"0","ocean_custom_logo":0,"ocean_custom_retina_logo":0,"ocean_custom_logo_max_width":0,"ocean_custom_logo_tablet_max_width":0,"ocean_custom_logo_mobile_max_width":0,"ocean_custom_logo_max_height":0,"ocean_custom_logo_tablet_max_height":0,"ocean_custom_logo_mobile_max_height":0,"ocean_header_custom_menu":"0","ocean_menu_typo_font_family":"0","ocean_menu_typo_font_subset":"","ocean_menu_typo_font_size":0,"ocean_menu_typo_font_size_tablet":0,"ocean_menu_typo_font_size_mobile":0,"ocean_menu_typo_font_size_unit":"px","ocean_menu_typo_font_weight":"","ocean_menu_typo_font_weight_tablet":"","ocean_menu_typo_font_weight_mobile":"","ocean_menu_typo_transform":"","ocean_menu_typo_transform_tablet":"","ocean_menu_typo_transform_mobile":"","ocean_menu_typo_line_height":0,"ocean_menu_typo_line_height_tablet":0,"ocean_menu_typo_line_height_mobile":0,"ocean_menu_typo_line_height_unit":"","ocean_menu_typo_spacing":0,"ocean_menu_typo_spacing_tablet":0,"ocean_menu_typo_spacing_mobile":0,"ocean_menu_typo_spacing_unit":"","ocean_menu_link_color":"","ocean_menu_link_color_hover":"","ocean_menu_link_color_active":"","ocean_menu_link_background":"","ocean_menu_link_hover_background":"","ocean_menu_link_active_background":"","ocean_menu_social_links_bg":"","ocean_menu_social_hover_links_bg":"","ocean_menu_social_links_color":"","ocean_menu_social_hover_links_color":"","ocean_disable_title":"on","ocean_disable_heading":"default","ocean_post_title":"","ocean_post_subheading":"","ocean_post_title_style":"","ocean_post_title_background_color":"","ocean_post_title_background":0,"ocean_post_title_bg_image_position":"","ocean_post_title_bg_image_attachment":"","ocean_post_title_bg_image_repeat":"","ocean_post_title_bg_image_size":"","ocean_post_title_height":0,"ocean_post_title_bg_overlay":0.5,"ocean_post_title_bg_overlay_color":"","ocean_disable_breadcrumbs":"default","ocean_breadcrumbs_color":"","ocean_breadcrumbs_separator_color":"","ocean_breadcrumbs_links_color":"","ocean_breadcrumbs_links_hover_color":"","ocean_display_footer_widgets":"off","ocean_display_footer_bottom":"default","ocean_custom_footer_template":"0","footnotes":""},"class_list":["post-468","page","type-page","status-publish","hentry","entry"],"acf":[],"amp_enabled":true,"_links":{"self":[{"href":"https:\/\/www.ff.unipo.sk\/slovencina\/index.php?rest_route=\/wp\/v2\/pages\/468","targetHints":{"allow":["GET"]}}],"collection":[{"href":"https:\/\/www.ff.unipo.sk\/slovencina\/index.php?rest_route=\/wp\/v2\/pages"}],"about":[{"href":"https:\/\/www.ff.unipo.sk\/slovencina\/index.php?rest_route=\/wp\/v2\/types\/page"}],"author":[{"embeddable":true,"href":"https:\/\/www.ff.unipo.sk\/slovencina\/index.php?rest_route=\/wp\/v2\/users\/1"}],"replies":[{"embeddable":true,"href":"https:\/\/www.ff.unipo.sk\/slovencina\/index.php?rest_route=%2Fwp%2Fv2%2Fcomments&post=468"}],"version-history":[{"count":52,"href":"https:\/\/www.ff.unipo.sk\/slovencina\/index.php?rest_route=\/wp\/v2\/pages\/468\/revisions"}],"predecessor-version":[{"id":3987,"href":"https:\/\/www.ff.unipo.sk\/slovencina\/index.php?rest_route=\/wp\/v2\/pages\/468\/revisions\/3987"}],"up":[{"embeddable":true,"href":"https:\/\/www.ff.unipo.sk\/slovencina\/index.php?rest_route=\/wp\/v2\/pages\/508"}],"wp:attachment":[{"href":"https:\/\/www.ff.unipo.sk\/slovencina\/index.php?rest_route=%2Fwp%2Fv2%2Fmedia&parent=468"}],"curies":[{"name":"wp","href":"https:\/\/api.w.org\/{rel}","templated":true}]}}