{"id":530,"date":"2023-02-06T16:55:49","date_gmt":"2023-02-06T15:55:49","guid":{"rendered":"https:\/\/www.ff.unipo.sk\/slovencina\/?page_id=530"},"modified":"2023-12-05T08:20:03","modified_gmt":"2023-12-05T07:20:03","slug":"tema-cestovanie","status":"publish","type":"page","link":"https:\/\/www.ff.unipo.sk\/slovencina\/?page_id=530","title":{"rendered":"T\u00c9MA CESTOVANIE"},"content":{"rendered":"\t\t<div data-elementor-type=\"wp-page\" data-elementor-id=\"530\" class=\"elementor elementor-530\">\n\t\t\t\t\t\t<section class=\"has_eae_slider elementor-section elementor-top-section elementor-element elementor-element-68bb7ce5 elementor-section-boxed elementor-section-height-default elementor-section-height-default\" data-eae-slider=\"86667\" data-id=\"68bb7ce5\" data-element_type=\"section\" data-e-type=\"section\">\n\t\t\t\t\t\t<div class=\"elementor-container elementor-column-gap-default\">\n\t\t\t\t\t<div class=\"has_eae_slider elementor-column elementor-col-100 elementor-top-column elementor-element elementor-element-3dc0773b\" data-eae-slider=\"63736\" data-id=\"3dc0773b\" data-element_type=\"column\" data-e-type=\"column\">\n\t\t\t<div class=\"elementor-widget-wrap elementor-element-populated\">\n\t\t\t\t\t\t<div class=\"elementor-element elementor-element-56c2f5b2 elementor-widget elementor-widget-image\" data-id=\"56c2f5b2\" data-element_type=\"widget\" data-e-type=\"widget\" data-widget_type=\"image.default\">\n\t\t\t\t<div class=\"elementor-widget-container\">\n\t\t\t\t\t\t\t\t\t\t\t\t\t\t\t<img fetchpriority=\"high\" decoding=\"async\" width=\"2048\" height=\"343\" src=\"https:\/\/www.ff.unipo.sk\/slovencina\/wp-content\/uploads\/2023\/05\/banner-2048x343.png\" class=\"attachment-2048x2048 size-2048x2048 wp-image-1886\" alt=\"\" srcset=\"https:\/\/www.ff.unipo.sk\/slovencina\/wp-content\/uploads\/2023\/05\/banner-2048x343.png 2048w, https:\/\/www.ff.unipo.sk\/slovencina\/wp-content\/uploads\/2023\/05\/banner-300x50.png 300w, https:\/\/www.ff.unipo.sk\/slovencina\/wp-content\/uploads\/2023\/05\/banner-1024x172.png 1024w, https:\/\/www.ff.unipo.sk\/slovencina\/wp-content\/uploads\/2023\/05\/banner-768x129.png 768w, https:\/\/www.ff.unipo.sk\/slovencina\/wp-content\/uploads\/2023\/05\/banner-1536x258.png 1536w\" sizes=\"(max-width: 2048px) 100vw, 2048px\" \/>\t\t\t\t\t\t\t\t\t\t\t\t\t\t\t<\/div>\n\t\t\t\t<\/div>\n\t\t\t\t\t<\/div>\n\t\t<\/div>\n\t\t\t\t\t<\/div>\n\t\t<\/section>\n\t\t\t\t<section class=\"has_eae_slider elementor-section elementor-top-section elementor-element elementor-element-cffa676 elementor-section-boxed elementor-section-height-default elementor-section-height-default\" data-eae-slider=\"44426\" data-id=\"cffa676\" data-element_type=\"section\" data-e-type=\"section\">\n\t\t\t\t\t\t<div class=\"elementor-container elementor-column-gap-default\">\n\t\t\t\t\t<div class=\"has_eae_slider elementor-column elementor-col-100 elementor-top-column elementor-element elementor-element-302d875\" data-eae-slider=\"96119\" data-id=\"302d875\" data-element_type=\"column\" data-e-type=\"column\">\n\t\t\t<div class=\"elementor-widget-wrap elementor-element-populated\">\n\t\t\t\t\t\t<div class=\"elementor-element elementor-element-337b190 elementor-widget elementor-widget-heading\" data-id=\"337b190\" data-element_type=\"widget\" data-e-type=\"widget\" data-widget_type=\"heading.default\">\n\t\t\t\t<div class=\"elementor-widget-container\">\n\t\t\t\t\t<h1 class=\"elementor-heading-title elementor-size-default\">T\u00c9MA CESTOVANIE<\/h1>\t\t\t\t<\/div>\n\t\t\t\t<\/div>\n\t\t\t\t\t<\/div>\n\t\t<\/div>\n\t\t\t\t\t<\/div>\n\t\t<\/section>\n\t\t\t\t<section class=\"has_eae_slider elementor-section elementor-top-section elementor-element elementor-element-81692d5 elementor-section-boxed elementor-section-height-default elementor-section-height-default\" data-eae-slider=\"88416\" data-id=\"81692d5\" data-element_type=\"section\" data-e-type=\"section\">\n\t\t\t\t\t\t<div class=\"elementor-container elementor-column-gap-default\">\n\t\t\t\t\t<div class=\"has_eae_slider elementor-column elementor-col-100 elementor-top-column elementor-element elementor-element-e43f00a\" data-eae-slider=\"15222\" data-id=\"e43f00a\" data-element_type=\"column\" data-e-type=\"column\">\n\t\t\t<div class=\"elementor-widget-wrap elementor-element-populated\">\n\t\t\t\t\t\t<div class=\"elementor-element elementor-element-26b422c elementor-widget elementor-widget-heading\" data-id=\"26b422c\" data-element_type=\"widget\" data-e-type=\"widget\" data-widget_type=\"heading.default\">\n\t\t\t\t<div class=\"elementor-widget-container\">\n\t\t\t\t\t<h2 class=\"elementor-heading-title elementor-size-default\">S hudbou vesm\u00edrnou \u2013 Ideme vlakom<\/h2>\t\t\t\t<\/div>\n\t\t\t\t<\/div>\n\t\t\t\t\t<\/div>\n\t\t<\/div>\n\t\t\t\t\t<\/div>\n\t\t<\/section>\n\t\t\t\t<section class=\"has_eae_slider elementor-section elementor-top-section elementor-element elementor-element-c051930 elementor-section-boxed elementor-section-height-default elementor-section-height-default\" data-eae-slider=\"48433\" data-id=\"c051930\" data-element_type=\"section\" data-e-type=\"section\">\n\t\t\t\t\t\t<div class=\"elementor-container elementor-column-gap-default\">\n\t\t\t\t\t<div class=\"has_eae_slider elementor-column elementor-col-100 elementor-top-column elementor-element elementor-element-54d027f\" data-eae-slider=\"37818\" data-id=\"54d027f\" data-element_type=\"column\" data-e-type=\"column\">\n\t\t\t<div class=\"elementor-widget-wrap elementor-element-populated\">\n\t\t\t\t\t\t<div class=\"elementor-element elementor-element-9bf5d09 elementor-widget elementor-widget-shortcode\" data-id=\"9bf5d09\" data-element_type=\"widget\" data-e-type=\"widget\" data-widget_type=\"shortcode.default\">\n\t\t\t\t<div class=\"elementor-widget-container\">\n\t\t\t\t\t\t\t<div class=\"elementor-shortcode\"><div class=\"h5p-iframe-wrapper\"><iframe id=\"h5p-iframe-23\" class=\"h5p-iframe\" data-content-id=\"23\" style=\"height:1px\" src=\"about:blank\" frameBorder=\"0\" scrolling=\"no\" title=\"IDEME VLAKOM\"><\/iframe><\/div><\/div>\n\t\t\t\t\t\t<\/div>\n\t\t\t\t<\/div>\n\t\t\t\t\t<\/div>\n\t\t<\/div>\n\t\t\t\t\t<\/div>\n\t\t<\/section>\n\t\t\t\t<section class=\"has_eae_slider elementor-section elementor-top-section elementor-element elementor-element-9022be2 elementor-section-boxed elementor-section-height-default elementor-section-height-default\" data-eae-slider=\"29661\" data-id=\"9022be2\" data-element_type=\"section\" data-e-type=\"section\">\n\t\t\t\t\t\t<div class=\"elementor-container elementor-column-gap-default\">\n\t\t\t\t\t<div class=\"has_eae_slider elementor-column elementor-col-100 elementor-top-column elementor-element elementor-element-869f338\" data-eae-slider=\"92426\" data-id=\"869f338\" data-element_type=\"column\" data-e-type=\"column\">\n\t\t\t<div class=\"elementor-widget-wrap elementor-element-populated\">\n\t\t\t\t\t\t<div class=\"elementor-element elementor-element-bfba8a4 elementor-widget elementor-widget-text-editor\" data-id=\"bfba8a4\" data-element_type=\"widget\" data-e-type=\"widget\" data-widget_type=\"text-editor.default\">\n\t\t\t\t<div class=\"elementor-widget-container\">\n\t\t\t\t\t\t\t\t\t<p style=\"padding-left: 40px;\"><b>S hudbou vesm\u00edrnou \u2013 Ideme vlakom\u00a0<\/b><br \/><i>(ak chce\u0161 vidie\u0165 defin\u00edciu zv\u00fdraznen\u00e9ho slova, presu\u0148 kurzor na dan\u00e9 slovo bez klikania)<\/i><\/p><p style=\"padding-left: 40px;\">Bol to piatok poobede, 15:23,<br \/>ke\u010f pri\u0161iel ten super n\u00e1pad <strong><i title=\"zv\u00ed\u0165azi\u0165 nad nie\u010d\u00edm, \u010dasto v spojen\u00ed s horami, prekona\u0165\"> zdola\u0165 <\/i><\/strong> Tatry.<br \/>Cesty bud\u00fa <strong><i title=\"pln\u00e9\">preplnen\u00e9<\/i><\/strong>, \u010das vysk\u00fa\u0161a\u0165 vlak.<br \/>Odchod u\u017e o 30 min\u00fat, prudko st\u00fapa tlak.<br \/>Veci <strong><i title=\"vy\u010dnievaj\u00fa von\">tr\u010dia<\/i><\/strong> z ruksaku, ak\u010dn\u00fd prepad stanice:<br \/>&#8222;Jeden cel\u00fd l\u00edstok, pros\u00edm, a\u017e do Lomnice!&#8220;<br \/>R\u00fdchlik s\u00edce neme\u0161k\u00e1, no pln\u00fd je po okraj<br \/>Bude to tu riadna p\u00e1rty. Ke\u010f chce\u0161 <strong><i title=\"po\u010f s nami\">sa pridaj<\/i><\/strong>!<br \/><strong><i title=\"na\u0161\u0165astie\">Chvalabohu<\/i><\/strong> v prvej triede hod\u00edm v\u0161etko za hlavu.<br \/>Najsk\u00f4r sa uprav\u00edm, a m\u00e1m chu\u0165 na k\u00e1vu.<\/p><p style=\"padding-left: 40px;\"><strong><i title=\"ka\u017ed\u00fd de\u0148, pou\u017e\u00edva sa, ke\u010f je to trochu otravn\u00e9\"> De\u0148, \u010do de\u0148<\/i><\/strong> \u010do de\u0148, sed\u00edme v \u0148om.<br \/>De\u0148, \u010do de\u0148, \u010do de\u0148, <strong><i title=\"pozer\u00e1me sa\">sa d\u00edvame<\/i><\/strong> z okna von.<br \/>Osob\u00e1kom, r\u00fdchlikom&#8230;<br \/>De\u0148, \u010do de\u0148, \u010do de\u0148, cestou vlakom!<\/p><p style=\"padding-left: 40px;\">Sle\u010dna, va\u0161a k\u00e1va. \u010co e\u0161te prinesiem?<br \/>Je mi jedno, oh\u00farte ma, v\u0161etko dobr\u00e9 zjem.<br \/>Hom\u00e1ra dnes nem\u00e1me, no chceme sa zlep\u0161ova\u0165!<br \/>Na za\u010diatok d\u00e1vame na ry\u017eu \u010derstv\u00fa <b><i title=\"zelen\u00e1 \u010das\u0165 rastliny, napr\u00edklad petr\u017elenu, na dochutenie\">v\u0148a\u0165<\/i><\/b> .<br \/>No to sa mi sn\u00edva, koho to nevid\u00edm?<br \/>Ako sa m\u00e1\u0161, <b><i title=\"odkia\u013e, z ak\u00e9ho miesta\">skadia\u013e<\/i><\/b> ide\u0161, a si st\u00e1le s t\u00fdm?<br \/>Mili\u00f3n \u013eud\u00ed denne cestuje <b><i title=\"r\u00f4znymi smermi, z r\u00f4znych miest, na r\u00f4zne miesta\">sem a tam<\/i><\/b>.<br \/>S ka\u017ed\u00fdm, koho stretnem, si rada zaspievam.<\/p><p style=\"padding-left: 40px;\">De\u0148, \u010do de\u0148, \u010do de\u0148, sed\u00edme v \u0148om.<br \/>De\u0148, \u010do de\u0148, \u010do de\u0148, sa d\u00edvame z okna von.<br \/>Osob\u00e1kom, r\u00fdchlikom&#8230;<br \/>De\u0148, \u010do de\u0148, \u010do de\u0148, cestou vlakom!<br \/>De\u0148, \u010do de\u0148, \u010do de\u0148, sed\u00edme v \u0148om.<br \/>De\u0148, \u010do de\u0148, \u010do de\u0148, sa d\u00edvame z okna von.<br \/>Osob\u00e1kom, r\u00fdchlikom&#8230;<br \/>De\u0148, \u010do de\u0148, \u010do de\u0148, cestou vlakom!<\/p><p style=\"padding-left: 40px;\">Po\u010das cesty vlakom m\u00f4\u017ee\u0161 jes\u0165, pi\u0165, <b><i title=\"dlho, ve\u013ea spa\u0165\">vysp\u00e1va\u0165<\/i><\/b>.<br \/>A nemus\u00ed\u0161 v z\u00e1pche <b><i title=\"hovori\u0165 vulg\u00e1rne, nad\u00e1va\u0165\">vulgarizova\u0165<\/i><\/b>.<br \/>Ka\u017ed\u00e1 cesta vlakom je origin\u00e1l.<br \/>Dnes sa m\u00f4\u017ee vozi\u0165 poddan\u00fd aj kr\u00e1\u013e.<br \/>Ak ste dodnes nevedeli, \u010do s va\u0161\u00edm \u010dasom,<br \/>budem rada, ak <b><i title=\"spr\u00e1vne: ak som niekomu poradila, v piesni je zmenen\u00e9 poradie slov kv\u00f4li rytmu\">niekomu poradila som<\/i><\/b>.<\/p><p style=\"padding-left: 40px;\">De\u0148, \u010do de\u0148, \u010do de\u0148, sed\u00edme v \u0148om.<br \/>De\u0148, \u010do de\u0148, \u010do de\u0148, sa d\u00edvame z okna von.<br \/><b><i title=\"hovorov\u00e9 slovo, osobn\u00fd vlak\">Osob\u00e1kom<\/i><\/b>, r\u00fdchlikom&#8230;<br \/>De\u0148, \u010do de\u0148, \u010do de\u0148, cestou vlakom!<br \/>De\u0148, \u010do de\u0148, \u010do de\u0148, sed\u00edme v \u0148om.<br \/>De\u0148, \u010do de\u0148, \u010do de\u0148, sa d\u00edvame z okna von.<br \/>Osob\u00e1kom, r\u00fdchlikom&#8230;<\/p>\t\t\t\t\t\t\t\t<\/div>\n\t\t\t\t<\/div>\n\t\t\t\t\t<\/div>\n\t\t<\/div>\n\t\t\t\t\t<\/div>\n\t\t<\/section>\n\t\t\t\t<section class=\"has_eae_slider elementor-section elementor-top-section elementor-element elementor-element-0edabb7 elementor-section-boxed elementor-section-height-default elementor-section-height-default\" data-eae-slider=\"49385\" data-id=\"0edabb7\" data-element_type=\"section\" data-e-type=\"section\">\n\t\t\t\t\t\t<div class=\"elementor-container elementor-column-gap-default\">\n\t\t\t\t\t<div class=\"has_eae_slider elementor-column elementor-col-100 elementor-top-column elementor-element elementor-element-6eedd1d\" data-eae-slider=\"92931\" data-id=\"6eedd1d\" data-element_type=\"column\" data-e-type=\"column\">\n\t\t\t<div class=\"elementor-widget-wrap elementor-element-populated\">\n\t\t\t\t\t\t<div class=\"elementor-element elementor-element-a3e1d93 elementor-widget-divider--view-line elementor-widget elementor-widget-divider\" data-id=\"a3e1d93\" data-element_type=\"widget\" data-e-type=\"widget\" data-widget_type=\"divider.default\">\n\t\t\t\t<div class=\"elementor-widget-container\">\n\t\t\t\t\t\t\t<div class=\"elementor-divider\">\n\t\t\t<span class=\"elementor-divider-separator\">\n\t\t\t\t\t\t<\/span>\n\t\t<\/div>\n\t\t\t\t\t\t<\/div>\n\t\t\t\t<\/div>\n\t\t\t\t\t<\/div>\n\t\t<\/div>\n\t\t\t\t\t<\/div>\n\t\t<\/section>\n\t\t\t\t<section class=\"has_eae_slider elementor-section elementor-top-section elementor-element elementor-element-115af4a6 elementor-section-boxed elementor-section-height-default elementor-section-height-default\" data-eae-slider=\"75222\" data-id=\"115af4a6\" data-element_type=\"section\" data-e-type=\"section\">\n\t\t\t\t\t\t<div class=\"elementor-container elementor-column-gap-default\">\n\t\t\t\t\t<div class=\"has_eae_slider elementor-column elementor-col-100 elementor-top-column elementor-element elementor-element-3d842edd\" data-eae-slider=\"69867\" data-id=\"3d842edd\" data-element_type=\"column\" data-e-type=\"column\">\n\t\t\t<div class=\"elementor-widget-wrap elementor-element-populated\">\n\t\t\t\t\t\t<div class=\"elementor-element elementor-element-59eca8ea elementor-widget elementor-widget-text-editor\" data-id=\"59eca8ea\" data-element_type=\"widget\" data-e-type=\"widget\" data-widget_type=\"text-editor.default\">\n\t\t\t\t<div class=\"elementor-widget-container\">\n\t\t\t\t\t\t\t\t\t<h3 style=\"text-align: center;\"><span style=\"color: #000000;\">Pracovn\u00fd list <a href=\"https:\/\/www.ff.unipo.sk\/slovencina\/wp-content\/uploads\/2023\/12\/PL_co-pocujes_hudba_cestovanie.pdf\"><img decoding=\"async\" class=\"size-full wp-image-2768\" src=\"https:\/\/www.ff.unipo.sk\/slovencina\/wp-content\/uploads\/2023\/10\/pdf.png\" alt=\"\" width=\"28\" height=\"28\" \/><\/a> <\/span><\/h3>\t\t\t\t\t\t\t\t<\/div>\n\t\t\t\t<\/div>\n\t\t\t\t\t<\/div>\n\t\t<\/div>\n\t\t\t\t\t<\/div>\n\t\t<\/section>\n\t\t\t\t<\/div>\n\t\t","protected":false},"excerpt":{"rendered":"<p>T\u00c9MA CESTOVANIE S hudbou vesm\u00edrnou \u2013 Ideme vlakom S hudbou vesm\u00edrnou \u2013 Ideme vlakom\u00a0(ak chce\u0161 vidie\u0165 defin\u00edciu zv\u00fdraznen\u00e9ho slova, presu\u0148 kurzor na dan\u00e9 slovo bez klikania) Bol to piatok poobede, 15:23,ke\u010f pri\u0161iel ten super n\u00e1pad zdola\u0165 Tatry.Cesty bud\u00fa preplnen\u00e9, \u010das vysk\u00fa\u0161a\u0165 vlak.Odchod u\u017e o 30 min\u00fat, prudko st\u00fapa tlak.Veci tr\u010dia z ruksaku, ak\u010dn\u00fd prepad stanice:&#8222;Jeden [&hellip;]<\/p>\n","protected":false},"author":1,"featured_media":0,"parent":508,"menu_order":1,"comment_status":"closed","ping_status":"closed","template":"","meta":{"_acf_changed":false,"ocean_post_layout":"full-screen","ocean_both_sidebars_style":"","ocean_both_sidebars_content_width":0,"ocean_both_sidebars_sidebars_width":0,"ocean_sidebar":"0","ocean_second_sidebar":"0","ocean_disable_margins":"enable","ocean_add_body_class":"","ocean_shortcode_before_top_bar":"","ocean_shortcode_after_top_bar":"","ocean_shortcode_before_header":"","ocean_shortcode_after_header":"","ocean_has_shortcode":"","ocean_shortcode_after_title":"","ocean_shortcode_before_footer_widgets":"","ocean_shortcode_after_footer_widgets":"","ocean_shortcode_before_footer_bottom":"","ocean_shortcode_after_footer_bottom":"","ocean_display_top_bar":"off","ocean_display_header":"default","ocean_header_style":"","ocean_center_header_left_menu":"0","ocean_custom_header_template":"0","ocean_custom_logo":0,"ocean_custom_retina_logo":0,"ocean_custom_logo_max_width":0,"ocean_custom_logo_tablet_max_width":0,"ocean_custom_logo_mobile_max_width":0,"ocean_custom_logo_max_height":0,"ocean_custom_logo_tablet_max_height":0,"ocean_custom_logo_mobile_max_height":0,"ocean_header_custom_menu":"0","ocean_menu_typo_font_family":"0","ocean_menu_typo_font_subset":"","ocean_menu_typo_font_size":0,"ocean_menu_typo_font_size_tablet":0,"ocean_menu_typo_font_size_mobile":0,"ocean_menu_typo_font_size_unit":"px","ocean_menu_typo_font_weight":"","ocean_menu_typo_font_weight_tablet":"","ocean_menu_typo_font_weight_mobile":"","ocean_menu_typo_transform":"","ocean_menu_typo_transform_tablet":"","ocean_menu_typo_transform_mobile":"","ocean_menu_typo_line_height":0,"ocean_menu_typo_line_height_tablet":0,"ocean_menu_typo_line_height_mobile":0,"ocean_menu_typo_line_height_unit":"","ocean_menu_typo_spacing":0,"ocean_menu_typo_spacing_tablet":0,"ocean_menu_typo_spacing_mobile":0,"ocean_menu_typo_spacing_unit":"","ocean_menu_link_color":"","ocean_menu_link_color_hover":"","ocean_menu_link_color_active":"","ocean_menu_link_background":"","ocean_menu_link_hover_background":"","ocean_menu_link_active_background":"","ocean_menu_social_links_bg":"","ocean_menu_social_hover_links_bg":"","ocean_menu_social_links_color":"","ocean_menu_social_hover_links_color":"","ocean_disable_title":"on","ocean_disable_heading":"default","ocean_post_title":"","ocean_post_subheading":"","ocean_post_title_style":"","ocean_post_title_background_color":"","ocean_post_title_background":0,"ocean_post_title_bg_image_position":"","ocean_post_title_bg_image_attachment":"","ocean_post_title_bg_image_repeat":"","ocean_post_title_bg_image_size":"","ocean_post_title_height":0,"ocean_post_title_bg_overlay":0.5,"ocean_post_title_bg_overlay_color":"","ocean_disable_breadcrumbs":"default","ocean_breadcrumbs_color":"","ocean_breadcrumbs_separator_color":"","ocean_breadcrumbs_links_color":"","ocean_breadcrumbs_links_hover_color":"","ocean_display_footer_widgets":"off","ocean_display_footer_bottom":"default","ocean_custom_footer_template":"0","footnotes":""},"class_list":["post-530","page","type-page","status-publish","hentry","entry"],"acf":[],"amp_enabled":true,"_links":{"self":[{"href":"https:\/\/www.ff.unipo.sk\/slovencina\/index.php?rest_route=\/wp\/v2\/pages\/530","targetHints":{"allow":["GET"]}}],"collection":[{"href":"https:\/\/www.ff.unipo.sk\/slovencina\/index.php?rest_route=\/wp\/v2\/pages"}],"about":[{"href":"https:\/\/www.ff.unipo.sk\/slovencina\/index.php?rest_route=\/wp\/v2\/types\/page"}],"author":[{"embeddable":true,"href":"https:\/\/www.ff.unipo.sk\/slovencina\/index.php?rest_route=\/wp\/v2\/users\/1"}],"replies":[{"embeddable":true,"href":"https:\/\/www.ff.unipo.sk\/slovencina\/index.php?rest_route=%2Fwp%2Fv2%2Fcomments&post=530"}],"version-history":[{"count":65,"href":"https:\/\/www.ff.unipo.sk\/slovencina\/index.php?rest_route=\/wp\/v2\/pages\/530\/revisions"}],"predecessor-version":[{"id":3980,"href":"https:\/\/www.ff.unipo.sk\/slovencina\/index.php?rest_route=\/wp\/v2\/pages\/530\/revisions\/3980"}],"up":[{"embeddable":true,"href":"https:\/\/www.ff.unipo.sk\/slovencina\/index.php?rest_route=\/wp\/v2\/pages\/508"}],"wp:attachment":[{"href":"https:\/\/www.ff.unipo.sk\/slovencina\/index.php?rest_route=%2Fwp%2Fv2%2Fmedia&parent=530"}],"curies":[{"name":"wp","href":"https:\/\/api.w.org\/{rel}","templated":true}]}}