{"id":5510,"date":"2024-03-17T16:52:08","date_gmt":"2024-03-17T15:52:08","guid":{"rendered":"https:\/\/www.ff.unipo.sk\/slovencina\/?page_id=5510"},"modified":"2024-03-17T16:53:56","modified_gmt":"2024-03-17T15:53:56","slug":"%d0%b4%d0%b8%d0%ba%d1%82%d0%b0%d0%bd%d1%82%d0%b8-%d0%b4%d0%bb%d1%8f-%d1%82%d0%b5%d0%b1%d0%b5","status":"publish","type":"page","link":"https:\/\/www.ff.unipo.sk\/slovencina\/?page_id=5510&lang=uk","title":{"rendered":"\u0414\u0418\u041a\u0422\u0410\u041d\u0422\u0418 \u0414\u041b\u042f \u0422\u0415\u0411\u0415"},"content":{"rendered":"\t\t<div data-elementor-type=\"wp-page\" data-elementor-id=\"5510\" class=\"elementor elementor-5510\">\n\t\t\t\t\t\t<section class=\"has_eae_slider elementor-section elementor-top-section elementor-element elementor-element-43407295 elementor-section-boxed elementor-section-height-default elementor-section-height-default\" data-eae-slider=\"90528\" data-id=\"43407295\" data-element_type=\"section\" data-e-type=\"section\">\n\t\t\t\t\t\t<div class=\"elementor-container elementor-column-gap-default\">\n\t\t\t\t\t<div class=\"has_eae_slider elementor-column elementor-col-100 elementor-top-column elementor-element elementor-element-2ca5ef3d\" data-eae-slider=\"4381\" data-id=\"2ca5ef3d\" data-element_type=\"column\" data-e-type=\"column\">\n\t\t\t<div class=\"elementor-widget-wrap elementor-element-populated\">\n\t\t\t\t\t\t<div class=\"elementor-element elementor-element-2480e1c0 elementor-widget elementor-widget-image\" data-id=\"2480e1c0\" data-element_type=\"widget\" data-e-type=\"widget\" data-widget_type=\"image.default\">\n\t\t\t\t<div class=\"elementor-widget-container\">\n\t\t\t\t\t\t\t\t\t\t\t\t\t\t\t<img fetchpriority=\"high\" decoding=\"async\" width=\"2048\" height=\"343\" src=\"https:\/\/www.ff.unipo.sk\/slovencina\/wp-content\/uploads\/2023\/05\/banner-2048x343.png\" class=\"attachment-2048x2048 size-2048x2048 wp-image-1886\" alt=\"\" srcset=\"https:\/\/www.ff.unipo.sk\/slovencina\/wp-content\/uploads\/2023\/05\/banner-2048x343.png 2048w, https:\/\/www.ff.unipo.sk\/slovencina\/wp-content\/uploads\/2023\/05\/banner-300x50.png 300w, https:\/\/www.ff.unipo.sk\/slovencina\/wp-content\/uploads\/2023\/05\/banner-1024x172.png 1024w, https:\/\/www.ff.unipo.sk\/slovencina\/wp-content\/uploads\/2023\/05\/banner-768x129.png 768w, https:\/\/www.ff.unipo.sk\/slovencina\/wp-content\/uploads\/2023\/05\/banner-1536x258.png 1536w\" sizes=\"(max-width: 2048px) 100vw, 2048px\" \/>\t\t\t\t\t\t\t\t\t\t\t\t\t\t\t<\/div>\n\t\t\t\t<\/div>\n\t\t\t\t<div class=\"elementor-element elementor-element-4c36ee07 elementor-widget elementor-widget-heading\" data-id=\"4c36ee07\" data-element_type=\"widget\" data-e-type=\"widget\" data-widget_type=\"heading.default\">\n\t\t\t\t<div class=\"elementor-widget-container\">\n\t\t\t\t\t<h2 class=\"elementor-heading-title elementor-size-default\">\u0414\u0418\u041a\u0422\u0410\u041d\u0422\u0418 \u0414\u041b\u042f \u0422\u0415\u0411\u0415 <\/h2>\t\t\t\t<\/div>\n\t\t\t\t<\/div>\n\t\t\t\t\t<\/div>\n\t\t<\/div>\n\t\t\t\t\t<\/div>\n\t\t<\/section>\n\t\t\t\t<section class=\"has_eae_slider elementor-section elementor-top-section elementor-element elementor-element-cec3eb2 elementor-section-boxed elementor-section-height-default elementor-section-height-default\" data-eae-slider=\"88579\" data-id=\"cec3eb2\" data-element_type=\"section\" data-e-type=\"section\">\n\t\t\t\t\t\t<div class=\"elementor-container elementor-column-gap-default\">\n\t\t\t\t\t<div class=\"has_eae_slider elementor-column elementor-col-100 elementor-top-column elementor-element elementor-element-10c17f9\" data-eae-slider=\"97596\" data-id=\"10c17f9\" data-element_type=\"column\" data-e-type=\"column\">\n\t\t\t<div class=\"elementor-widget-wrap elementor-element-populated\">\n\t\t\t\t\t\t<div class=\"elementor-element elementor-element-66592ed elementor-widget elementor-widget-text-editor\" data-id=\"66592ed\" data-element_type=\"widget\" data-e-type=\"widget\" data-widget_type=\"text-editor.default\">\n\t\t\t\t<div class=\"elementor-widget-container\">\n\t\t\t\t\t\t\t\t\t<p><span style=\"color: #000000;\">\u041a\u0441\u0435\u043d\u0456\u044f \u0432\u0436\u0435 \u0432\u0438\u0432\u0447\u0438\u043b\u0430 \u0431\u0430\u0433\u0430\u0442\u043e \u0441\u043b\u0456\u0432 \u0442\u0430 \u0433\u0440\u0430\u043c\u0430\u0442\u0438\u0447\u043d\u0438\u0445 \u043f\u0440\u0430\u0432\u0438\u043b, \u0430\u043b\u0435 \u0443\u0441\u0435 \u0449\u0435 \u0440\u043e\u0431\u0438\u0442\u044c \u043f\u043e\u043c\u0438\u043b\u043a\u0438 \u0443 \u043f\u0440\u0430\u0432\u043e\u043f\u0438\u0441\u0456. <\/span><br \/><span style=\"color: #000000;\">\u041d\u0430\u0439\u0431\u0456\u043b\u044c\u0448\u043e\u044e \u043f\u0440\u043e\u0431\u043b\u0435\u043c\u043e\u044e \u0434\u043b\u044f \u043d\u0435\u0457 \u0454 \u0437\u043d\u0430\u043a \u0434\u043e\u0432\u0433\u043e\u0442\u0438, \u0431\u043e \u0432\u043e\u043d\u0430 \u043d\u0435 \u0432\u0456\u0434\u0447\u0443\u0432\u0430\u0454 \u0440\u0456\u0437\u043d\u0438\u0446\u044e \u043c\u0456\u0436 \u0434\u043e\u0432\u0433\u0438\u043c\u0438 \u0456 \u043a\u043e\u0440\u043e\u0442\u043a\u0438\u043c\u0438 \u0433\u043e\u043b\u043e\u0441\u043d\u0438\u043c\u0438.<\/span><\/p><ul><li><span style=\"color: #000000;\">\u0422\u0438 \u0442\u0435\u0436 \u0445\u043e\u0447\u0435\u0448 \u0432\u043c\u0456\u0442\u0438 \u043f\u0438\u0441\u0430\u0442\u0438 \u0431\u0435\u0437 \u043f\u043e\u043c\u0438\u043b\u043e\u043a?<\/span><\/li><li><span style=\"color: #000000;\">\u0425\u043e\u0447\u0435\u0448 \u0442\u0440\u0435\u043d\u0443\u0432\u0430\u0442\u0438\u0441\u044f \u043f\u0438\u0441\u0430\u0442\u0438 \u0437\u043d\u0430\u043a \u0434\u043e\u0432\u0433\u043e\u0442\u0438?<\/span><\/li><li><span style=\"color: #000000;\">\u0425\u043e\u0447\u0435\u0448 \u0442\u0440\u0435\u043d\u0443\u0432\u0430\u0442\u0438\u0441\u044f \u043f\u0438\u0441\u0430\u0442\u0438 \u0441\u043b\u043e\u0432\u0430, \u044f\u043a\u0456 \u0442\u0438 \u0432\u0436\u0435 \u0432\u043c\u0456\u0454\u0448 \u0432\u0436\u0438\u0432\u0430\u0442\u0438 \u0443\u0441\u043d\u043e?<\/span><\/li><\/ul><p><br \/><span style=\"color: #000000;\">\u0420\u0430\u0437\u043e\u043c \u0437 \u041a\u0441\u0435\u043d\u0456\u0454\u044e \u0442\u0440\u0435\u043d\u0443\u0439\u0441\u044f \u043f\u0438\u0441\u0430\u0442\u0438 \u043a\u0440\u043e\u043a \u0437\u0430 \u043a\u0440\u043e\u043a\u043e\u043c \u0456 \u0437\u043d\u0430\u043a\u0438 \u0434\u043e\u0432\u0433\u043e\u0442\u0438 \u0437\u043e\u0432\u0441\u0456\u043c \u0441\u043a\u043e\u0440\u043e \u043d\u0435 \u0441\u0442\u0432\u043e\u0440\u044e\u0432\u0430\u0442\u0438\u043c\u0443\u0442\u044c \u0436\u043e\u0434\u043d\u0438\u0445 \u043f\u0440\u043e\u0431\u043b\u0435\u043c!<\/span><\/p>\t\t\t\t\t\t\t\t<\/div>\n\t\t\t\t<\/div>\n\t\t\t\t\t<\/div>\n\t\t<\/div>\n\t\t\t\t\t<\/div>\n\t\t<\/section>\n\t\t\t\t<section class=\"has_eae_slider elementor-section elementor-top-section elementor-element elementor-element-54dda5c elementor-section-boxed elementor-section-height-default elementor-section-height-default\" data-eae-slider=\"2608\" data-id=\"54dda5c\" data-element_type=\"section\" data-e-type=\"section\">\n\t\t\t\t\t\t<div class=\"elementor-container elementor-column-gap-default\">\n\t\t\t\t\t<div class=\"has_eae_slider elementor-column elementor-col-100 elementor-top-column elementor-element elementor-element-ca706c5\" data-eae-slider=\"57366\" data-id=\"ca706c5\" data-element_type=\"column\" data-e-type=\"column\">\n\t\t\t<div class=\"elementor-widget-wrap elementor-element-populated\">\n\t\t\t\t\t\t<div class=\"elementor-element elementor-element-2655b88 elementor-widget-divider--view-line elementor-widget elementor-widget-divider\" data-id=\"2655b88\" data-element_type=\"widget\" data-e-type=\"widget\" data-widget_type=\"divider.default\">\n\t\t\t\t<div class=\"elementor-widget-container\">\n\t\t\t\t\t\t\t<div class=\"elementor-divider\">\n\t\t\t<span class=\"elementor-divider-separator\">\n\t\t\t\t\t\t<\/span>\n\t\t<\/div>\n\t\t\t\t\t\t<\/div>\n\t\t\t\t<\/div>\n\t\t\t\t\t<\/div>\n\t\t<\/div>\n\t\t\t\t\t<\/div>\n\t\t<\/section>\n\t\t\t\t<section class=\"has_eae_slider elementor-section elementor-inner-section elementor-element elementor-element-4fdab8e6 elementor-section-content-top elementor-section-boxed elementor-section-height-default elementor-section-height-default\" data-eae-slider=\"22031\" data-id=\"4fdab8e6\" data-element_type=\"section\" data-e-type=\"section\">\n\t\t\t\t\t\t<div class=\"elementor-container elementor-column-gap-no\">\n\t\t\t\t\t<div data-wts-url=\"https:\/\/www.ff.unipo.sk\/slovencina\/?page_id=5172\" data-wts-link=\"yes\" data-wts-new-window=\"\" class=\"has_eae_slider elementor-column elementor-col-33 elementor-inner-column elementor-element elementor-element-5dd4c160 animated-fast ae-link-yes elementor-invisible\" data-eae-slider=\"70778\" data-id=\"5dd4c160\" data-element_type=\"column\" data-e-type=\"column\" data-settings=\"{&quot;animation&quot;:&quot;fadeInUp&quot;,&quot;background_background&quot;:&quot;classic&quot;}\">\n\t\t\t<div class=\"elementor-widget-wrap elementor-element-populated\">\n\t\t\t\t\t\t<section class=\"has_eae_slider elementor-section elementor-inner-section elementor-element elementor-element-7e42cace elementor-section-height-min-height elementor-section-boxed elementor-section-height-default\" data-eae-slider=\"52795\" data-id=\"7e42cace\" data-element_type=\"section\" data-e-type=\"section\">\n\t\t\t\t\t\t<div class=\"elementor-container elementor-column-gap-default\">\n\t\t\t\t\t<div class=\"has_eae_slider elementor-column elementor-col-100 elementor-inner-column elementor-element elementor-element-d336e55 elementor-invisible\" data-eae-slider=\"82615\" data-id=\"d336e55\" data-element_type=\"column\" data-e-type=\"column\" data-settings=\"{&quot;background_background&quot;:&quot;classic&quot;,&quot;animation&quot;:&quot;fadeIn&quot;}\">\n\t\t\t<div class=\"elementor-widget-wrap elementor-element-populated\">\n\t\t\t\t\t<div class=\"elementor-background-overlay\"><\/div>\n\t\t\t\t\t\t<div class=\"elementor-element elementor-element-25c42fde elementor-widget elementor-widget-spacer\" data-id=\"25c42fde\" data-element_type=\"widget\" data-e-type=\"widget\" data-widget_type=\"spacer.default\">\n\t\t\t\t<div class=\"elementor-widget-container\">\n\t\t\t\t\t\t\t<div class=\"elementor-spacer\">\n\t\t\t<div class=\"elementor-spacer-inner\"><\/div>\n\t\t<\/div>\n\t\t\t\t\t\t<\/div>\n\t\t\t\t<\/div>\n\t\t\t\t\t<\/div>\n\t\t<\/div>\n\t\t\t\t\t<\/div>\n\t\t<\/section>\n\t\t\t\t<div class=\"elementor-element elementor-element-5ed37e6e elementor-widget elementor-widget-heading\" data-id=\"5ed37e6e\" data-element_type=\"widget\" data-e-type=\"widget\" data-widget_type=\"heading.default\">\n\t\t\t\t<div class=\"elementor-widget-container\">\n\t\t\t\t\t<h1 class=\"elementor-heading-title elementor-size-large\"><a href=\"https:\/\/www.ff.unipo.sk\/slovencina\/?page_id=5172\">ZA\u010cIATO\u010cN\u00cdCI (A1 - A2)<\/a><\/h1>\t\t\t\t<\/div>\n\t\t\t\t<\/div>\n\t\t\t\t\t<\/div>\n\t\t<\/div>\n\t\t\t\t<div data-wts-url=\"https:\/\/www.ff.unipo.sk\/slovencina\/?page_id=5179\" data-wts-link=\"yes\" data-wts-new-window=\"\" class=\"has_eae_slider elementor-column elementor-col-33 elementor-inner-column elementor-element elementor-element-59d5bdfe animated-fast ae-link-yes elementor-invisible\" data-eae-slider=\"76903\" data-id=\"59d5bdfe\" data-element_type=\"column\" data-e-type=\"column\" data-settings=\"{&quot;animation&quot;:&quot;fadeInUp&quot;,&quot;background_background&quot;:&quot;classic&quot;}\">\n\t\t\t<div class=\"elementor-widget-wrap elementor-element-populated\">\n\t\t\t\t\t\t<section class=\"has_eae_slider elementor-section elementor-inner-section elementor-element elementor-element-2c84c308 elementor-section-height-min-height elementor-section-boxed elementor-section-height-default\" data-eae-slider=\"14639\" data-id=\"2c84c308\" data-element_type=\"section\" data-e-type=\"section\">\n\t\t\t\t\t\t<div class=\"elementor-container elementor-column-gap-default\">\n\t\t\t\t\t<div class=\"has_eae_slider elementor-column elementor-col-100 elementor-inner-column elementor-element elementor-element-5fafe5c6 elementor-invisible\" data-eae-slider=\"90389\" data-id=\"5fafe5c6\" data-element_type=\"column\" data-e-type=\"column\" data-settings=\"{&quot;background_background&quot;:&quot;classic&quot;,&quot;animation&quot;:&quot;fadeIn&quot;}\">\n\t\t\t<div class=\"elementor-widget-wrap elementor-element-populated\">\n\t\t\t\t\t<div class=\"elementor-background-overlay\"><\/div>\n\t\t\t\t\t\t<div class=\"elementor-element elementor-element-62278004 elementor-widget elementor-widget-spacer\" data-id=\"62278004\" data-element_type=\"widget\" data-e-type=\"widget\" data-widget_type=\"spacer.default\">\n\t\t\t\t<div class=\"elementor-widget-container\">\n\t\t\t\t\t\t\t<div class=\"elementor-spacer\">\n\t\t\t<div class=\"elementor-spacer-inner\"><\/div>\n\t\t<\/div>\n\t\t\t\t\t\t<\/div>\n\t\t\t\t<\/div>\n\t\t\t\t\t<\/div>\n\t\t<\/div>\n\t\t\t\t\t<\/div>\n\t\t<\/section>\n\t\t\t\t<section class=\"has_eae_slider elementor-section elementor-inner-section elementor-element elementor-element-5254fb87 elementor-section-boxed elementor-section-height-default elementor-section-height-default\" data-eae-slider=\"4528\" data-id=\"5254fb87\" data-element_type=\"section\" data-e-type=\"section\">\n\t\t\t\t\t\t<div class=\"elementor-container elementor-column-gap-default\">\n\t\t\t\t\t<div class=\"has_eae_slider elementor-column elementor-col-100 elementor-inner-column elementor-element elementor-element-60d9178\" data-eae-slider=\"16730\" data-id=\"60d9178\" data-element_type=\"column\" data-e-type=\"column\">\n\t\t\t<div class=\"elementor-widget-wrap elementor-element-populated\">\n\t\t\t\t\t\t<div class=\"elementor-element elementor-element-6dd03cc6 elementor-widget elementor-widget-heading\" data-id=\"6dd03cc6\" data-element_type=\"widget\" data-e-type=\"widget\" data-widget_type=\"heading.default\">\n\t\t\t\t<div class=\"elementor-widget-container\">\n\t\t\t\t\t<h3 class=\"elementor-heading-title elementor-size-default\"><a href=\"https:\/\/www.ff.unipo.sk\/slovencina\/?page_id=5179\">POKRO\u010cIL\u00cd (B1 - B2)<\/a><\/h3>\t\t\t\t<\/div>\n\t\t\t\t<\/div>\n\t\t\t\t\t<\/div>\n\t\t<\/div>\n\t\t\t\t\t<\/div>\n\t\t<\/section>\n\t\t\t\t\t<\/div>\n\t\t<\/div>\n\t\t\t\t<div class=\"has_eae_slider elementor-column elementor-col-33 elementor-inner-column elementor-element elementor-element-32767fec animated-fast elementor-invisible\" data-eae-slider=\"71117\" data-id=\"32767fec\" data-element_type=\"column\" data-e-type=\"column\" data-settings=\"{&quot;animation&quot;:&quot;fadeInUp&quot;,&quot;background_background&quot;:&quot;classic&quot;}\">\n\t\t\t<div class=\"elementor-widget-wrap elementor-element-populated\">\n\t\t\t\t\t\t<section class=\"has_eae_slider elementor-section elementor-inner-section elementor-element elementor-element-199cce2f elementor-section-height-min-height elementor-section-boxed elementor-section-height-default\" data-eae-slider=\"21112\" data-id=\"199cce2f\" data-element_type=\"section\" data-e-type=\"section\">\n\t\t\t\t\t\t<div class=\"elementor-container elementor-column-gap-default\">\n\t\t\t\t\t<div class=\"has_eae_slider elementor-column elementor-col-100 elementor-inner-column elementor-element elementor-element-75fb9ed3 elementor-invisible\" data-eae-slider=\"13160\" data-id=\"75fb9ed3\" data-element_type=\"column\" data-e-type=\"column\" data-settings=\"{&quot;background_background&quot;:&quot;classic&quot;,&quot;animation&quot;:&quot;fadeIn&quot;}\">\n\t\t\t<div class=\"elementor-widget-wrap elementor-element-populated\">\n\t\t\t\t\t<div class=\"elementor-background-overlay\"><\/div>\n\t\t\t\t\t\t<div class=\"elementor-element elementor-element-758cd66 elementor-widget elementor-widget-spacer\" data-id=\"758cd66\" data-element_type=\"widget\" data-e-type=\"widget\" data-widget_type=\"spacer.default\">\n\t\t\t\t<div class=\"elementor-widget-container\">\n\t\t\t\t\t\t\t<div class=\"elementor-spacer\">\n\t\t\t<div class=\"elementor-spacer-inner\"><\/div>\n\t\t<\/div>\n\t\t\t\t\t\t<\/div>\n\t\t\t\t<\/div>\n\t\t\t\t\t<\/div>\n\t\t<\/div>\n\t\t\t\t\t<\/div>\n\t\t<\/section>\n\t\t\t\t<section class=\"has_eae_slider elementor-section elementor-inner-section elementor-element elementor-element-58c27d57 elementor-section-boxed elementor-section-height-default elementor-section-height-default\" data-eae-slider=\"77985\" data-id=\"58c27d57\" data-element_type=\"section\" data-e-type=\"section\">\n\t\t\t\t\t\t<div class=\"elementor-container elementor-column-gap-default\">\n\t\t\t\t\t<div class=\"has_eae_slider elementor-column elementor-col-100 elementor-inner-column elementor-element elementor-element-5f2015c9\" data-eae-slider=\"92466\" data-id=\"5f2015c9\" data-element_type=\"column\" data-e-type=\"column\">\n\t\t\t<div class=\"elementor-widget-wrap elementor-element-populated\">\n\t\t\t\t\t\t\t<\/div>\n\t\t<\/div>\n\t\t\t\t\t<\/div>\n\t\t<\/section>\n\t\t\t\t\t<\/div>\n\t\t<\/div>\n\t\t\t\t\t<\/div>\n\t\t<\/section>\n\t\t\t\t<\/div>\n\t\t","protected":false},"excerpt":{"rendered":"<p>\u0414\u0418\u041a\u0422\u0410\u041d\u0422\u0418 \u0414\u041b\u042f \u0422\u0415\u0411\u0415 \u041a\u0441\u0435\u043d\u0456\u044f \u0432\u0436\u0435 \u0432\u0438\u0432\u0447\u0438\u043b\u0430 \u0431\u0430\u0433\u0430\u0442\u043e \u0441\u043b\u0456\u0432 \u0442\u0430 \u0433\u0440\u0430\u043c\u0430\u0442\u0438\u0447\u043d\u0438\u0445 \u043f\u0440\u0430\u0432\u0438\u043b, \u0430\u043b\u0435 \u0443\u0441\u0435 \u0449\u0435 \u0440\u043e\u0431\u0438\u0442\u044c \u043f\u043e\u043c\u0438\u043b\u043a\u0438 \u0443 \u043f\u0440\u0430\u0432\u043e\u043f\u0438\u0441\u0456. \u041d\u0430\u0439\u0431\u0456\u043b\u044c\u0448\u043e\u044e \u043f\u0440\u043e\u0431\u043b\u0435\u043c\u043e\u044e \u0434\u043b\u044f \u043d\u0435\u0457 \u0454 \u0437\u043d\u0430\u043a \u0434\u043e\u0432\u0433\u043e\u0442\u0438, \u0431\u043e \u0432\u043e\u043d\u0430 \u043d\u0435 \u0432\u0456\u0434\u0447\u0443\u0432\u0430\u0454 \u0440\u0456\u0437\u043d\u0438\u0446\u044e \u043c\u0456\u0436 \u0434\u043e\u0432\u0433\u0438\u043c\u0438 \u0456 \u043a\u043e\u0440\u043e\u0442\u043a\u0438\u043c\u0438 \u0433\u043e\u043b\u043e\u0441\u043d\u0438\u043c\u0438. \u0422\u0438 \u0442\u0435\u0436 \u0445\u043e\u0447\u0435\u0448 \u0432\u043c\u0456\u0442\u0438 \u043f\u0438\u0441\u0430\u0442\u0438 \u0431\u0435\u0437 \u043f\u043e\u043c\u0438\u043b\u043e\u043a? \u0425\u043e\u0447\u0435\u0448 \u0442\u0440\u0435\u043d\u0443\u0432\u0430\u0442\u0438\u0441\u044f \u043f\u0438\u0441\u0430\u0442\u0438 \u0437\u043d\u0430\u043a \u0434\u043e\u0432\u0433\u043e\u0442\u0438? \u0425\u043e\u0447\u0435\u0448 \u0442\u0440\u0435\u043d\u0443\u0432\u0430\u0442\u0438\u0441\u044f \u043f\u0438\u0441\u0430\u0442\u0438 \u0441\u043b\u043e\u0432\u0430, \u044f\u043a\u0456 \u0442\u0438 \u0432\u0436\u0435 \u0432\u043c\u0456\u0454\u0448 [&hellip;]<\/p>\n","protected":false},"author":1,"featured_media":0,"parent":5362,"menu_order":4,"comment_status":"closed","ping_status":"closed","template":"","meta":{"_acf_changed":false,"ocean_post_layout":"full-screen","ocean_both_sidebars_style":"","ocean_both_sidebars_content_width":0,"ocean_both_sidebars_sidebars_width":0,"ocean_sidebar":"0","ocean_second_sidebar":"0","ocean_disable_margins":"enable","ocean_add_body_class":"","ocean_shortcode_before_top_bar":"","ocean_shortcode_after_top_bar":"","ocean_shortcode_before_header":"","ocean_shortcode_after_header":"","ocean_has_shortcode":"","ocean_shortcode_after_title":"","ocean_shortcode_before_footer_widgets":"","ocean_shortcode_after_footer_widgets":"","ocean_shortcode_before_footer_bottom":"","ocean_shortcode_after_footer_bottom":"","ocean_display_top_bar":"off","ocean_display_header":"default","ocean_header_style":"","ocean_center_header_left_menu":"0","ocean_custom_header_template":"0","ocean_custom_logo":0,"ocean_custom_retina_logo":0,"ocean_custom_logo_max_width":0,"ocean_custom_logo_tablet_max_width":0,"ocean_custom_logo_mobile_max_width":0,"ocean_custom_logo_max_height":0,"ocean_custom_logo_tablet_max_height":0,"ocean_custom_logo_mobile_max_height":0,"ocean_header_custom_menu":"0","ocean_menu_typo_font_family":"0","ocean_menu_typo_font_subset":"","ocean_menu_typo_font_size":0,"ocean_menu_typo_font_size_tablet":0,"ocean_menu_typo_font_size_mobile":0,"ocean_menu_typo_font_size_unit":"px","ocean_menu_typo_font_weight":"","ocean_menu_typo_font_weight_tablet":"","ocean_menu_typo_font_weight_mobile":"","ocean_menu_typo_transform":"","ocean_menu_typo_transform_tablet":"","ocean_menu_typo_transform_mobile":"","ocean_menu_typo_line_height":0,"ocean_menu_typo_line_height_tablet":0,"ocean_menu_typo_line_height_mobile":0,"ocean_menu_typo_line_height_unit":"","ocean_menu_typo_spacing":0,"ocean_menu_typo_spacing_tablet":0,"ocean_menu_typo_spacing_mobile":0,"ocean_menu_typo_spacing_unit":"","ocean_menu_link_color":"","ocean_menu_link_color_hover":"","ocean_menu_link_color_active":"","ocean_menu_link_background":"","ocean_menu_link_hover_background":"","ocean_menu_link_active_background":"","ocean_menu_social_links_bg":"","ocean_menu_social_hover_links_bg":"","ocean_menu_social_links_color":"","ocean_menu_social_hover_links_color":"","ocean_disable_title":"on","ocean_disable_heading":"default","ocean_post_title":"","ocean_post_subheading":"","ocean_post_title_style":"","ocean_post_title_background_color":"","ocean_post_title_background":0,"ocean_post_title_bg_image_position":"","ocean_post_title_bg_image_attachment":"","ocean_post_title_bg_image_repeat":"","ocean_post_title_bg_image_size":"","ocean_post_title_height":0,"ocean_post_title_bg_overlay":0.5,"ocean_post_title_bg_overlay_color":"","ocean_disable_breadcrumbs":"default","ocean_breadcrumbs_color":"","ocean_breadcrumbs_separator_color":"","ocean_breadcrumbs_links_color":"","ocean_breadcrumbs_links_hover_color":"","ocean_display_footer_widgets":"off","ocean_display_footer_bottom":"default","ocean_custom_footer_template":"0","footnotes":""},"class_list":["post-5510","page","type-page","status-publish","hentry","entry"],"acf":[],"amp_enabled":true,"_links":{"self":[{"href":"https:\/\/www.ff.unipo.sk\/slovencina\/index.php?rest_route=\/wp\/v2\/pages\/5510","targetHints":{"allow":["GET"]}}],"collection":[{"href":"https:\/\/www.ff.unipo.sk\/slovencina\/index.php?rest_route=\/wp\/v2\/pages"}],"about":[{"href":"https:\/\/www.ff.unipo.sk\/slovencina\/index.php?rest_route=\/wp\/v2\/types\/page"}],"author":[{"embeddable":true,"href":"https:\/\/www.ff.unipo.sk\/slovencina\/index.php?rest_route=\/wp\/v2\/users\/1"}],"replies":[{"embeddable":true,"href":"https:\/\/www.ff.unipo.sk\/slovencina\/index.php?rest_route=%2Fwp%2Fv2%2Fcomments&post=5510"}],"version-history":[{"count":4,"href":"https:\/\/www.ff.unipo.sk\/slovencina\/index.php?rest_route=\/wp\/v2\/pages\/5510\/revisions"}],"predecessor-version":[{"id":5514,"href":"https:\/\/www.ff.unipo.sk\/slovencina\/index.php?rest_route=\/wp\/v2\/pages\/5510\/revisions\/5514"}],"up":[{"embeddable":true,"href":"https:\/\/www.ff.unipo.sk\/slovencina\/index.php?rest_route=\/wp\/v2\/pages\/5362"}],"wp:attachment":[{"href":"https:\/\/www.ff.unipo.sk\/slovencina\/index.php?rest_route=%2Fwp%2Fv2%2Fmedia&parent=5510"}],"curies":[{"name":"wp","href":"https:\/\/api.w.org\/{rel}","templated":true}]}}