{"id":5537,"date":"2024-03-17T17:06:30","date_gmt":"2024-03-17T16:06:30","guid":{"rendered":"https:\/\/www.ff.unipo.sk\/slovencina\/?page_id=5537"},"modified":"2024-03-17T17:07:25","modified_gmt":"2024-03-17T16:07:25","slug":"%d0%bd%d0%b0%d1%81%d0%be%d0%bb%d0%be%d0%b4%d0%b6%d1%83%d0%b9%d1%81%d1%8f-%d1%81%d0%bb%d0%be%d0%b2%d0%b0%d1%87%d1%87%d0%b8%d0%bd%d0%be%d1%8e","status":"publish","type":"page","link":"https:\/\/www.ff.unipo.sk\/slovencina\/?page_id=5537&lang=uk","title":{"rendered":"\u041d\u0410\u0421\u041e\u041b\u041e\u0414\u0416\u0423\u0419\u0421\u042f \u0421\u041b\u041e\u0412\u0410\u0427\u0427\u0418\u041d\u041e\u042e"},"content":{"rendered":"\t\t<div data-elementor-type=\"wp-page\" data-elementor-id=\"5537\" class=\"elementor elementor-5537\">\n\t\t\t\t\t\t<section class=\"has_eae_slider elementor-section elementor-top-section elementor-element elementor-element-42fe05c4 elementor-section-boxed elementor-section-height-default elementor-section-height-default\" data-eae-slider=\"80642\" data-id=\"42fe05c4\" data-element_type=\"section\" data-e-type=\"section\">\n\t\t\t\t\t\t<div class=\"elementor-container elementor-column-gap-default\">\n\t\t\t\t\t<div class=\"has_eae_slider elementor-column elementor-col-100 elementor-top-column elementor-element elementor-element-79bbcf80\" data-eae-slider=\"20229\" data-id=\"79bbcf80\" data-element_type=\"column\" data-e-type=\"column\">\n\t\t\t<div class=\"elementor-widget-wrap elementor-element-populated\">\n\t\t\t\t\t\t<div class=\"elementor-element elementor-element-a682f12 elementor-widget elementor-widget-image\" data-id=\"a682f12\" data-element_type=\"widget\" data-e-type=\"widget\" data-widget_type=\"image.default\">\n\t\t\t\t<div class=\"elementor-widget-container\">\n\t\t\t\t\t\t\t\t\t\t\t\t\t\t\t<img fetchpriority=\"high\" decoding=\"async\" width=\"2048\" height=\"343\" src=\"https:\/\/www.ff.unipo.sk\/slovencina\/wp-content\/uploads\/2023\/05\/banner-2048x343.png\" class=\"attachment-2048x2048 size-2048x2048 wp-image-1886\" alt=\"\" srcset=\"https:\/\/www.ff.unipo.sk\/slovencina\/wp-content\/uploads\/2023\/05\/banner-2048x343.png 2048w, https:\/\/www.ff.unipo.sk\/slovencina\/wp-content\/uploads\/2023\/05\/banner-300x50.png 300w, https:\/\/www.ff.unipo.sk\/slovencina\/wp-content\/uploads\/2023\/05\/banner-1024x172.png 1024w, https:\/\/www.ff.unipo.sk\/slovencina\/wp-content\/uploads\/2023\/05\/banner-768x129.png 768w, https:\/\/www.ff.unipo.sk\/slovencina\/wp-content\/uploads\/2023\/05\/banner-1536x258.png 1536w\" sizes=\"(max-width: 2048px) 100vw, 2048px\" \/>\t\t\t\t\t\t\t\t\t\t\t\t\t\t\t<\/div>\n\t\t\t\t<\/div>\n\t\t\t\t\t<\/div>\n\t\t<\/div>\n\t\t\t\t\t<\/div>\n\t\t<\/section>\n\t\t\t\t<section class=\"has_eae_slider elementor-section elementor-top-section elementor-element elementor-element-ecb754b elementor-section-boxed elementor-section-height-default elementor-section-height-default\" data-eae-slider=\"67914\" data-id=\"ecb754b\" data-element_type=\"section\" data-e-type=\"section\">\n\t\t\t\t\t\t<div class=\"elementor-container elementor-column-gap-default\">\n\t\t\t\t\t<div class=\"has_eae_slider elementor-column elementor-col-100 elementor-top-column elementor-element elementor-element-e706296\" data-eae-slider=\"66273\" data-id=\"e706296\" data-element_type=\"column\" data-e-type=\"column\">\n\t\t\t<div class=\"elementor-widget-wrap elementor-element-populated\">\n\t\t\t\t\t\t<div class=\"elementor-element elementor-element-3e43ad9 elementor-widget elementor-widget-heading\" data-id=\"3e43ad9\" data-element_type=\"widget\" data-e-type=\"widget\" data-widget_type=\"heading.default\">\n\t\t\t\t<div class=\"elementor-widget-container\">\n\t\t\t\t\t<h2 class=\"elementor-heading-title elementor-size-default\">\u041d\u0410\u0421\u041e\u041b\u041e\u0414\u0416\u0423\u0419\u0421\u042f \u0421\u041b\u041e\u0412\u0410\u0427\u0427\u0418\u041d\u041e\u042e <\/h2>\t\t\t\t<\/div>\n\t\t\t\t<\/div>\n\t\t\t\t\t<\/div>\n\t\t<\/div>\n\t\t\t\t\t<\/div>\n\t\t<\/section>\n\t\t\t\t<section class=\"has_eae_slider elementor-section elementor-top-section elementor-element elementor-element-8c9b34c elementor-section-boxed elementor-section-height-default elementor-section-height-default\" data-eae-slider=\"5557\" data-id=\"8c9b34c\" data-element_type=\"section\" data-e-type=\"section\">\n\t\t\t\t\t\t<div class=\"elementor-container elementor-column-gap-default\">\n\t\t\t\t\t<div class=\"has_eae_slider elementor-column elementor-col-100 elementor-top-column elementor-element elementor-element-486352d\" data-eae-slider=\"84414\" data-id=\"486352d\" data-element_type=\"column\" data-e-type=\"column\">\n\t\t\t<div class=\"elementor-widget-wrap elementor-element-populated\">\n\t\t\t\t\t\t<div class=\"elementor-element elementor-element-4fbaffc elementor-widget-divider--view-line elementor-widget elementor-widget-divider\" data-id=\"4fbaffc\" data-element_type=\"widget\" data-e-type=\"widget\" data-widget_type=\"divider.default\">\n\t\t\t\t<div class=\"elementor-widget-container\">\n\t\t\t\t\t\t\t<div class=\"elementor-divider\">\n\t\t\t<span class=\"elementor-divider-separator\">\n\t\t\t\t\t\t<\/span>\n\t\t<\/div>\n\t\t\t\t\t\t<\/div>\n\t\t\t\t<\/div>\n\t\t\t\t\t<\/div>\n\t\t<\/div>\n\t\t\t\t\t<\/div>\n\t\t<\/section>\n\t\t\t\t<section class=\"has_eae_slider elementor-section elementor-top-section elementor-element elementor-element-da08c76 elementor-section-boxed elementor-section-height-default elementor-section-height-default\" data-eae-slider=\"23655\" data-id=\"da08c76\" data-element_type=\"section\" data-e-type=\"section\">\n\t\t\t\t\t\t<div class=\"elementor-container elementor-column-gap-default\">\n\t\t\t\t\t<div class=\"has_eae_slider elementor-column elementor-col-100 elementor-top-column elementor-element elementor-element-8abb7f3\" data-eae-slider=\"45924\" data-id=\"8abb7f3\" data-element_type=\"column\" data-e-type=\"column\">\n\t\t\t<div class=\"elementor-widget-wrap elementor-element-populated\">\n\t\t\t\t\t\t<div class=\"elementor-element elementor-element-8fcfad6 elementor-widget elementor-widget-text-editor\" data-id=\"8fcfad6\" data-element_type=\"widget\" data-e-type=\"widget\" data-widget_type=\"text-editor.default\">\n\t\t\t\t<div class=\"elementor-widget-container\">\n\t\t\t\t\t\t\t\t\t<p><span style=\"color: #000000;\">\u0421\u043e\u0444\u0456\u044f \u0442\u0430 \u0406\u043b\u043b\u044f \u00a0\u0445\u043e\u0447\u0443\u0442\u044c \u0441\u0432\u0456\u0439 \u0432\u0456\u043b\u044c\u043d\u0438\u0439 \u0447\u0430\u0441 \u0443 \u0421\u043b\u043e\u0432\u0430\u0447\u0447\u0438\u043d\u0456 \u043f\u0440\u043e\u0432\u043e\u0434\u0438\u0442\u0438 \u0430\u043a\u0442\u0438\u0432\u043d\u043e. \u0412\u043e\u043d\u0438 \u0445\u043e\u0447\u0443\u0442\u044c \u0457\u0437\u0434\u0438\u0442\u0438 \u043d\u0430 \u0435\u043a\u0441\u043a\u0443\u0440\u0441\u0456\u0457, \u0432\u0456\u0434\u0432\u0456\u0434\u0443\u0432\u0430\u0442\u0438 \u0440\u0456\u0437\u043d\u0456 \u0437\u0430\u0445\u043e\u0434\u0438 \u00a0\u0442\u0430 \u0437\u043d\u0430\u0439\u043e\u043c\u0438\u0442\u0438\u0441\u044f \u0437 \u043d\u043e\u0432\u0438\u043c\u0438 \u043c\u0456\u0441\u0446\u044f\u043c\u0438.<\/span><\/p><ul><li><span style=\"color: #000000;\">\u0422\u043e\u0431\u0456 \u0442\u0435\u0436 \u043f\u043e\u0442\u0440\u0456\u0431\u043d\u0456 \u0456\u0434\u0435\u0457, \u043a\u0443\u0434\u0438 \u043c\u043e\u0436\u043d\u0430 \u043f\u0456\u0442\u0438 \u0447\u0438 \u043f\u043e\u0457\u0445\u0430\u0442\u0438 \u0443 \u0421\u043b\u043e\u0432\u0430\u0447\u0447\u0438\u043d\u0456 (\u0443 \u0441\u0445\u0456\u0434\u043d\u0456\u0439 \u0421\u043b\u043e\u0432\u0430\u0447\u0447\u0438\u043d\u0456)?<\/span><\/li><li><span style=\"color: #000000;\">\u0425\u043e\u0447\u0435\u0448 \u0437\u043d\u0430\u0442\u0438, \u0449\u043e \u0442\u0443\u0442 \u043c\u043e\u0436\u043d\u0430 \u0440\u043e\u0431\u0438\u0442\u0438 \u0432\u043b\u0456\u0442\u043a\u0443 \u0447\u0438 \u0432\u0437\u0438\u043c\u043a\u0443?<\/span><\/li><li><span style=\"color: #000000;\">\u0425\u043e\u0447\u0435\u0448 \u043f\u043e\u0437\u043d\u0430\u0439\u043e\u043c\u0438\u0442\u0438\u0441\u044f \u0437 \u0442\u0440\u0430\u0434\u0438\u0446\u0456\u044f\u043c\u0438 \u0441\u0432\u044f\u0442\u043a\u0443\u0432\u0430\u043d\u044c?<\/span><\/li><\/ul><p><span style=\"color: #000000;\">\u0414\u0438\u0432\u0438\u0441\u044c \u0443 \u0432\u0456\u0434\u0435\u043e, \u044f\u043a \u0441\u0432\u044f\u0442\u043a\u0443\u044e\u0442\u044c \u0442\u0430 \u043f\u0440\u043e\u0432\u043e\u0434\u044f\u0442\u044c \u0441\u0432\u0456\u0439 \u0432\u0456\u043b\u044c\u043d\u0438\u0439 \u0447\u0430\u0441 \u0441\u043b\u043e\u0432\u0430\u043a\u0438 \u00a0\u0442\u0430 \u043d\u0430\u0434\u0438\u0445\u00e1\u0439\u0441\u044f.\u00a0 \u0412\u0438\u0440\u0443\u0448\u0430\u0439 \u0443 \u043f\u043e\u0434\u043e\u0440\u043e\u0436 \u0442\u0430 \u043d\u0430\u0441\u043e\u043b\u043e\u0434\u0436\u0443\u0439\u0441\u044f \u0421\u043b\u043e\u0432\u0430\u0447\u0447\u0438\u043d\u043e\u044e!<\/span><\/p>\t\t\t\t\t\t\t\t<\/div>\n\t\t\t\t<\/div>\n\t\t\t\t\t<\/div>\n\t\t<\/div>\n\t\t\t\t\t<\/div>\n\t\t<\/section>\n\t\t\t\t<section class=\"has_eae_slider elementor-section elementor-top-section elementor-element elementor-element-5e969f6 elementor-section-boxed elementor-section-height-default elementor-section-height-default\" data-eae-slider=\"26024\" data-id=\"5e969f6\" data-element_type=\"section\" data-e-type=\"section\">\n\t\t\t\t\t\t<div class=\"elementor-container elementor-column-gap-default\">\n\t\t\t\t\t<div class=\"has_eae_slider elementor-column elementor-col-100 elementor-top-column elementor-element elementor-element-227287b\" data-eae-slider=\"22854\" data-id=\"227287b\" data-element_type=\"column\" data-e-type=\"column\">\n\t\t\t<div class=\"elementor-widget-wrap elementor-element-populated\">\n\t\t\t\t\t\t<div class=\"elementor-element elementor-element-805f4c5 elementor-widget-divider--view-line elementor-widget elementor-widget-divider\" data-id=\"805f4c5\" data-element_type=\"widget\" data-e-type=\"widget\" data-widget_type=\"divider.default\">\n\t\t\t\t<div class=\"elementor-widget-container\">\n\t\t\t\t\t\t\t<div class=\"elementor-divider\">\n\t\t\t<span class=\"elementor-divider-separator\">\n\t\t\t\t\t\t<\/span>\n\t\t<\/div>\n\t\t\t\t\t\t<\/div>\n\t\t\t\t<\/div>\n\t\t\t\t\t<\/div>\n\t\t<\/div>\n\t\t\t\t\t<\/div>\n\t\t<\/section>\n\t\t\t\t<section class=\"has_eae_slider elementor-section elementor-inner-section elementor-element elementor-element-35912623 elementor-section-content-top elementor-section-boxed elementor-section-height-default elementor-section-height-default\" data-eae-slider=\"91234\" data-id=\"35912623\" data-element_type=\"section\" data-e-type=\"section\">\n\t\t\t\t\t\t<div class=\"elementor-container elementor-column-gap-no\">\n\t\t\t\t\t<div class=\"has_eae_slider elementor-column elementor-col-33 elementor-inner-column elementor-element elementor-element-6ceff715 animated-fast elementor-invisible\" data-eae-slider=\"47770\" data-id=\"6ceff715\" data-element_type=\"column\" data-e-type=\"column\" data-settings=\"{&quot;animation&quot;:&quot;fadeInUp&quot;,&quot;background_background&quot;:&quot;classic&quot;}\">\n\t\t\t<div class=\"elementor-widget-wrap elementor-element-populated\">\n\t\t\t\t\t\t<section class=\"has_eae_slider elementor-section elementor-inner-section elementor-element elementor-element-74d823fc elementor-section-height-min-height elementor-section-boxed elementor-section-height-default\" data-eae-slider=\"28947\" data-id=\"74d823fc\" data-element_type=\"section\" data-e-type=\"section\">\n\t\t\t\t\t\t<div class=\"elementor-container elementor-column-gap-default\">\n\t\t\t\t\t<div data-wts-url=\"https:\/\/www.ff.unipo.sk\/slovencina\/?page_id=2119\" data-wts-link=\"yes\" data-wts-new-window=\"\" class=\"has_eae_slider elementor-column elementor-col-100 elementor-inner-column elementor-element elementor-element-72e0f7cb ae-link-yes elementor-invisible\" data-eae-slider=\"90989\" data-id=\"72e0f7cb\" data-element_type=\"column\" data-e-type=\"column\" data-settings=\"{&quot;background_background&quot;:&quot;classic&quot;,&quot;animation&quot;:&quot;fadeIn&quot;}\">\n\t\t\t<div class=\"elementor-widget-wrap elementor-element-populated\">\n\t\t\t\t\t<div class=\"elementor-background-overlay\"><\/div>\n\t\t\t\t\t\t<div class=\"elementor-element elementor-element-3f0394b8 elementor-widget elementor-widget-spacer\" data-id=\"3f0394b8\" data-element_type=\"widget\" data-e-type=\"widget\" data-widget_type=\"spacer.default\">\n\t\t\t\t<div class=\"elementor-widget-container\">\n\t\t\t\t\t\t\t<div class=\"elementor-spacer\">\n\t\t\t<div class=\"elementor-spacer-inner\"><\/div>\n\t\t<\/div>\n\t\t\t\t\t\t<\/div>\n\t\t\t\t<\/div>\n\t\t\t\t\t<\/div>\n\t\t<\/div>\n\t\t\t\t\t<\/div>\n\t\t<\/section>\n\t\t\t\t<div class=\"elementor-element elementor-element-a46c238 elementor-widget elementor-widget-heading\" data-id=\"a46c238\" data-element_type=\"widget\" data-e-type=\"widget\" data-widget_type=\"heading.default\">\n\t\t\t\t<div class=\"elementor-widget-container\">\n\t\t\t\t\t<h1 class=\"elementor-heading-title elementor-size-large\"><a href=\"https:\/\/www.ff.unipo.sk\/slovencina\/?page_id=2119\">ZVYKY A TRAD\u00cdCIE<\/a><\/h1>\t\t\t\t<\/div>\n\t\t\t\t<\/div>\n\t\t\t\t\t<\/div>\n\t\t<\/div>\n\t\t\t\t<div class=\"has_eae_slider elementor-column elementor-col-33 elementor-inner-column elementor-element elementor-element-6ba90502 animated-fast elementor-invisible\" data-eae-slider=\"27037\" data-id=\"6ba90502\" data-element_type=\"column\" data-e-type=\"column\" data-settings=\"{&quot;animation&quot;:&quot;fadeInUp&quot;,&quot;background_background&quot;:&quot;classic&quot;}\">\n\t\t\t<div class=\"elementor-widget-wrap elementor-element-populated\">\n\t\t\t\t\t\t<section class=\"has_eae_slider elementor-section elementor-inner-section elementor-element elementor-element-2e11494b elementor-section-height-min-height elementor-section-boxed elementor-section-height-default\" data-eae-slider=\"44811\" data-id=\"2e11494b\" data-element_type=\"section\" data-e-type=\"section\">\n\t\t\t\t\t\t<div class=\"elementor-container elementor-column-gap-default\">\n\t\t\t\t\t<div data-wts-url=\"https:\/\/www.ff.unipo.sk\/slovencina\/?page_id=2107\" data-wts-link=\"yes\" data-wts-new-window=\"\" class=\"has_eae_slider elementor-column elementor-col-100 elementor-inner-column elementor-element elementor-element-3d3ed65d ae-link-yes elementor-invisible\" data-eae-slider=\"47430\" data-id=\"3d3ed65d\" data-element_type=\"column\" data-e-type=\"column\" data-settings=\"{&quot;background_background&quot;:&quot;classic&quot;,&quot;animation&quot;:&quot;fadeIn&quot;}\">\n\t\t\t<div class=\"elementor-widget-wrap elementor-element-populated\">\n\t\t\t\t\t<div class=\"elementor-background-overlay\"><\/div>\n\t\t\t\t\t\t<div class=\"elementor-element elementor-element-63a99dbf elementor-widget elementor-widget-spacer\" data-id=\"63a99dbf\" data-element_type=\"widget\" data-e-type=\"widget\" data-widget_type=\"spacer.default\">\n\t\t\t\t<div class=\"elementor-widget-container\">\n\t\t\t\t\t\t\t<div class=\"elementor-spacer\">\n\t\t\t<div class=\"elementor-spacer-inner\"><\/div>\n\t\t<\/div>\n\t\t\t\t\t\t<\/div>\n\t\t\t\t<\/div>\n\t\t\t\t\t<\/div>\n\t\t<\/div>\n\t\t\t\t\t<\/div>\n\t\t<\/section>\n\t\t\t\t<section class=\"has_eae_slider elementor-section elementor-inner-section elementor-element elementor-element-6186177c elementor-section-boxed elementor-section-height-default elementor-section-height-default\" data-eae-slider=\"80488\" data-id=\"6186177c\" data-element_type=\"section\" data-e-type=\"section\">\n\t\t\t\t\t\t<div class=\"elementor-container elementor-column-gap-default\">\n\t\t\t\t\t<div class=\"has_eae_slider elementor-column elementor-col-100 elementor-inner-column elementor-element elementor-element-4afa2783\" data-eae-slider=\"77684\" data-id=\"4afa2783\" data-element_type=\"column\" data-e-type=\"column\">\n\t\t\t<div class=\"elementor-widget-wrap elementor-element-populated\">\n\t\t\t\t\t\t<div class=\"elementor-element elementor-element-79471e55 elementor-widget elementor-widget-heading\" data-id=\"79471e55\" data-element_type=\"widget\" data-e-type=\"widget\" data-widget_type=\"heading.default\">\n\t\t\t\t<div class=\"elementor-widget-container\">\n\t\t\t\t\t<h3 class=\"elementor-heading-title elementor-size-default\"><a href=\"https:\/\/www.ff.unipo.sk\/slovencina\/?page_id=2107\">VO\u013dN\u00dd \u010cAS<\/a><\/h3>\t\t\t\t<\/div>\n\t\t\t\t<\/div>\n\t\t\t\t\t<\/div>\n\t\t<\/div>\n\t\t\t\t\t<\/div>\n\t\t<\/section>\n\t\t\t\t\t<\/div>\n\t\t<\/div>\n\t\t\t\t<div class=\"has_eae_slider elementor-column elementor-col-33 elementor-inner-column elementor-element elementor-element-377720d1 animated-fast elementor-invisible\" data-eae-slider=\"97512\" data-id=\"377720d1\" data-element_type=\"column\" data-e-type=\"column\" data-settings=\"{&quot;animation&quot;:&quot;fadeInUp&quot;,&quot;background_background&quot;:&quot;classic&quot;}\">\n\t\t\t<div class=\"elementor-widget-wrap elementor-element-populated\">\n\t\t\t\t\t\t<section class=\"has_eae_slider elementor-section elementor-inner-section elementor-element elementor-element-43af2878 elementor-section-height-min-height elementor-section-boxed elementor-section-height-default\" data-eae-slider=\"24313\" data-id=\"43af2878\" data-element_type=\"section\" data-e-type=\"section\">\n\t\t\t\t\t\t<div class=\"elementor-container elementor-column-gap-default\">\n\t\t\t\t\t<div data-wts-url=\"https:\/\/www.ff.unipo.sk\/slovencina\/?page_id=2124\" data-wts-link=\"yes\" data-wts-new-window=\"\" class=\"has_eae_slider elementor-column elementor-col-100 elementor-inner-column elementor-element elementor-element-150e3dc9 ae-link-yes elementor-invisible\" data-eae-slider=\"58093\" data-id=\"150e3dc9\" data-element_type=\"column\" data-e-type=\"column\" data-settings=\"{&quot;background_background&quot;:&quot;classic&quot;,&quot;animation&quot;:&quot;fadeIn&quot;}\">\n\t\t\t<div class=\"elementor-widget-wrap elementor-element-populated\">\n\t\t\t\t\t<div class=\"elementor-background-overlay\"><\/div>\n\t\t\t\t\t\t<div class=\"elementor-element elementor-element-1505772d elementor-widget elementor-widget-spacer\" data-id=\"1505772d\" data-element_type=\"widget\" data-e-type=\"widget\" data-widget_type=\"spacer.default\">\n\t\t\t\t<div class=\"elementor-widget-container\">\n\t\t\t\t\t\t\t<div class=\"elementor-spacer\">\n\t\t\t<div class=\"elementor-spacer-inner\"><\/div>\n\t\t<\/div>\n\t\t\t\t\t\t<\/div>\n\t\t\t\t<\/div>\n\t\t\t\t\t<\/div>\n\t\t<\/div>\n\t\t\t\t\t<\/div>\n\t\t<\/section>\n\t\t\t\t<section class=\"has_eae_slider elementor-section elementor-inner-section elementor-element elementor-element-34f3b669 elementor-section-boxed elementor-section-height-default elementor-section-height-default\" data-eae-slider=\"19495\" data-id=\"34f3b669\" data-element_type=\"section\" data-e-type=\"section\">\n\t\t\t\t\t\t<div class=\"elementor-container elementor-column-gap-default\">\n\t\t\t\t\t<div class=\"has_eae_slider elementor-column elementor-col-100 elementor-inner-column elementor-element elementor-element-24605e64\" data-eae-slider=\"17026\" data-id=\"24605e64\" data-element_type=\"column\" data-e-type=\"column\">\n\t\t\t<div class=\"elementor-widget-wrap elementor-element-populated\">\n\t\t\t\t\t\t<div class=\"elementor-element elementor-element-3793d1ed elementor-widget elementor-widget-heading\" data-id=\"3793d1ed\" data-element_type=\"widget\" data-e-type=\"widget\" data-widget_type=\"heading.default\">\n\t\t\t\t<div class=\"elementor-widget-container\">\n\t\t\t\t\t<h3 class=\"elementor-heading-title elementor-size-default\"><a href=\"https:\/\/www.ff.unipo.sk\/slovencina\/?page_id=2124\">RO\u010cN\u00c9 OBDOBIA<\/a><\/h3>\t\t\t\t<\/div>\n\t\t\t\t<\/div>\n\t\t\t\t\t<\/div>\n\t\t<\/div>\n\t\t\t\t\t<\/div>\n\t\t<\/section>\n\t\t\t\t\t<\/div>\n\t\t<\/div>\n\t\t\t\t\t<\/div>\n\t\t<\/section>\n\t\t\t\t<\/div>\n\t\t","protected":false},"excerpt":{"rendered":"<p>\u041d\u0410\u0421\u041e\u041b\u041e\u0414\u0416\u0423\u0419\u0421\u042f \u0421\u041b\u041e\u0412\u0410\u0427\u0427\u0418\u041d\u041e\u042e \u0421\u043e\u0444\u0456\u044f \u0442\u0430 \u0406\u043b\u043b\u044f \u00a0\u0445\u043e\u0447\u0443\u0442\u044c \u0441\u0432\u0456\u0439 \u0432\u0456\u043b\u044c\u043d\u0438\u0439 \u0447\u0430\u0441 \u0443 \u0421\u043b\u043e\u0432\u0430\u0447\u0447\u0438\u043d\u0456 \u043f\u0440\u043e\u0432\u043e\u0434\u0438\u0442\u0438 \u0430\u043a\u0442\u0438\u0432\u043d\u043e. \u0412\u043e\u043d\u0438 \u0445\u043e\u0447\u0443\u0442\u044c \u0457\u0437\u0434\u0438\u0442\u0438 \u043d\u0430 \u0435\u043a\u0441\u043a\u0443\u0440\u0441\u0456\u0457, \u0432\u0456\u0434\u0432\u0456\u0434\u0443\u0432\u0430\u0442\u0438 \u0440\u0456\u0437\u043d\u0456 \u0437\u0430\u0445\u043e\u0434\u0438 \u00a0\u0442\u0430 \u0437\u043d\u0430\u0439\u043e\u043c\u0438\u0442\u0438\u0441\u044f \u0437 \u043d\u043e\u0432\u0438\u043c\u0438 \u043c\u0456\u0441\u0446\u044f\u043c\u0438. \u0422\u043e\u0431\u0456 \u0442\u0435\u0436 \u043f\u043e\u0442\u0440\u0456\u0431\u043d\u0456 \u0456\u0434\u0435\u0457, \u043a\u0443\u0434\u0438 \u043c\u043e\u0436\u043d\u0430 \u043f\u0456\u0442\u0438 \u0447\u0438 \u043f\u043e\u0457\u0445\u0430\u0442\u0438 \u0443 \u0421\u043b\u043e\u0432\u0430\u0447\u0447\u0438\u043d\u0456 (\u0443 \u0441\u0445\u0456\u0434\u043d\u0456\u0439 \u0421\u043b\u043e\u0432\u0430\u0447\u0447\u0438\u043d\u0456)? \u0425\u043e\u0447\u0435\u0448 \u0437\u043d\u0430\u0442\u0438, \u0449\u043e \u0442\u0443\u0442 \u043c\u043e\u0436\u043d\u0430 \u0440\u043e\u0431\u0438\u0442\u0438 \u0432\u043b\u0456\u0442\u043a\u0443 \u0447\u0438 \u0432\u0437\u0438\u043c\u043a\u0443? \u0425\u043e\u0447\u0435\u0448 \u043f\u043e\u0437\u043d\u0430\u0439\u043e\u043c\u0438\u0442\u0438\u0441\u044f \u0437 \u0442\u0440\u0430\u0434\u0438\u0446\u0456\u044f\u043c\u0438 \u0441\u0432\u044f\u0442\u043a\u0443\u0432\u0430\u043d\u044c? \u0414\u0438\u0432\u0438\u0441\u044c [&hellip;]<\/p>\n","protected":false},"author":1,"featured_media":0,"parent":5362,"menu_order":6,"comment_status":"closed","ping_status":"closed","template":"","meta":{"_acf_changed":false,"ocean_post_layout":"full-screen","ocean_both_sidebars_style":"","ocean_both_sidebars_content_width":0,"ocean_both_sidebars_sidebars_width":0,"ocean_sidebar":"0","ocean_second_sidebar":"0","ocean_disable_margins":"enable","ocean_add_body_class":"","ocean_shortcode_before_top_bar":"","ocean_shortcode_after_top_bar":"","ocean_shortcode_before_header":"","ocean_shortcode_after_header":"","ocean_has_shortcode":"","ocean_shortcode_after_title":"","ocean_shortcode_before_footer_widgets":"","ocean_shortcode_after_footer_widgets":"","ocean_shortcode_before_footer_bottom":"","ocean_shortcode_after_footer_bottom":"","ocean_display_top_bar":"off","ocean_display_header":"default","ocean_header_style":"","ocean_center_header_left_menu":"0","ocean_custom_header_template":"0","ocean_custom_logo":0,"ocean_custom_retina_logo":0,"ocean_custom_logo_max_width":0,"ocean_custom_logo_tablet_max_width":0,"ocean_custom_logo_mobile_max_width":0,"ocean_custom_logo_max_height":0,"ocean_custom_logo_tablet_max_height":0,"ocean_custom_logo_mobile_max_height":0,"ocean_header_custom_menu":"0","ocean_menu_typo_font_family":"0","ocean_menu_typo_font_subset":"","ocean_menu_typo_font_size":0,"ocean_menu_typo_font_size_tablet":0,"ocean_menu_typo_font_size_mobile":0,"ocean_menu_typo_font_size_unit":"px","ocean_menu_typo_font_weight":"","ocean_menu_typo_font_weight_tablet":"","ocean_menu_typo_font_weight_mobile":"","ocean_menu_typo_transform":"","ocean_menu_typo_transform_tablet":"","ocean_menu_typo_transform_mobile":"","ocean_menu_typo_line_height":0,"ocean_menu_typo_line_height_tablet":0,"ocean_menu_typo_line_height_mobile":0,"ocean_menu_typo_line_height_unit":"","ocean_menu_typo_spacing":0,"ocean_menu_typo_spacing_tablet":0,"ocean_menu_typo_spacing_mobile":0,"ocean_menu_typo_spacing_unit":"","ocean_menu_link_color":"","ocean_menu_link_color_hover":"","ocean_menu_link_color_active":"","ocean_menu_link_background":"","ocean_menu_link_hover_background":"","ocean_menu_link_active_background":"","ocean_menu_social_links_bg":"","ocean_menu_social_hover_links_bg":"","ocean_menu_social_links_color":"","ocean_menu_social_hover_links_color":"","ocean_disable_title":"on","ocean_disable_heading":"default","ocean_post_title":"","ocean_post_subheading":"","ocean_post_title_style":"","ocean_post_title_background_color":"","ocean_post_title_background":0,"ocean_post_title_bg_image_position":"","ocean_post_title_bg_image_attachment":"","ocean_post_title_bg_image_repeat":"","ocean_post_title_bg_image_size":"","ocean_post_title_height":0,"ocean_post_title_bg_overlay":0.5,"ocean_post_title_bg_overlay_color":"","ocean_disable_breadcrumbs":"default","ocean_breadcrumbs_color":"","ocean_breadcrumbs_separator_color":"","ocean_breadcrumbs_links_color":"","ocean_breadcrumbs_links_hover_color":"","ocean_display_footer_widgets":"off","ocean_display_footer_bottom":"default","ocean_custom_footer_template":"0","footnotes":""},"class_list":["post-5537","page","type-page","status-publish","hentry","entry"],"acf":[],"amp_enabled":true,"_links":{"self":[{"href":"https:\/\/www.ff.unipo.sk\/slovencina\/index.php?rest_route=\/wp\/v2\/pages\/5537","targetHints":{"allow":["GET"]}}],"collection":[{"href":"https:\/\/www.ff.unipo.sk\/slovencina\/index.php?rest_route=\/wp\/v2\/pages"}],"about":[{"href":"https:\/\/www.ff.unipo.sk\/slovencina\/index.php?rest_route=\/wp\/v2\/types\/page"}],"author":[{"embeddable":true,"href":"https:\/\/www.ff.unipo.sk\/slovencina\/index.php?rest_route=\/wp\/v2\/users\/1"}],"replies":[{"embeddable":true,"href":"https:\/\/www.ff.unipo.sk\/slovencina\/index.php?rest_route=%2Fwp%2Fv2%2Fcomments&post=5537"}],"version-history":[{"count":4,"href":"https:\/\/www.ff.unipo.sk\/slovencina\/index.php?rest_route=\/wp\/v2\/pages\/5537\/revisions"}],"predecessor-version":[{"id":5541,"href":"https:\/\/www.ff.unipo.sk\/slovencina\/index.php?rest_route=\/wp\/v2\/pages\/5537\/revisions\/5541"}],"up":[{"embeddable":true,"href":"https:\/\/www.ff.unipo.sk\/slovencina\/index.php?rest_route=\/wp\/v2\/pages\/5362"}],"wp:attachment":[{"href":"https:\/\/www.ff.unipo.sk\/slovencina\/index.php?rest_route=%2Fwp%2Fv2%2Fmedia&parent=5537"}],"curies":[{"name":"wp","href":"https:\/\/api.w.org\/{rel}","templated":true}]}}