{"id":5556,"date":"2024-03-17T17:15:04","date_gmt":"2024-03-17T16:15:04","guid":{"rendered":"https:\/\/www.ff.unipo.sk\/slovencina\/?page_id=5556"},"modified":"2024-03-17T17:16:07","modified_gmt":"2024-03-17T16:16:07","slug":"%d1%89%d0%be-%d1%82%d0%b0%d0%bc-%d0%bd%d0%b0%d0%bf%d0%b8%d1%81%d0%b0%d0%bd%d0%be","status":"publish","type":"page","link":"https:\/\/www.ff.unipo.sk\/slovencina\/?page_id=5556&lang=uk","title":{"rendered":"\u0429\u041e \u0422\u0410\u041c \u041d\u0410\u041f\u0418\u0421\u0410\u041d\u041e?"},"content":{"rendered":"\t\t<div data-elementor-type=\"wp-page\" data-elementor-id=\"5556\" class=\"elementor elementor-5556\">\n\t\t\t\t\t\t<section class=\"has_eae_slider elementor-section elementor-top-section elementor-element elementor-element-7f8b4a8e elementor-section-boxed elementor-section-height-default elementor-section-height-default\" data-eae-slider=\"37376\" data-id=\"7f8b4a8e\" data-element_type=\"section\" data-e-type=\"section\">\n\t\t\t\t\t\t<div class=\"elementor-container elementor-column-gap-default\">\n\t\t\t\t\t<div class=\"has_eae_slider elementor-column elementor-col-100 elementor-top-column elementor-element elementor-element-8237a96\" data-eae-slider=\"64932\" data-id=\"8237a96\" data-element_type=\"column\" data-e-type=\"column\">\n\t\t\t<div class=\"elementor-widget-wrap elementor-element-populated\">\n\t\t\t\t\t\t<div class=\"elementor-element elementor-element-11988f28 elementor-widget elementor-widget-image\" data-id=\"11988f28\" data-element_type=\"widget\" data-e-type=\"widget\" data-widget_type=\"image.default\">\n\t\t\t\t<div class=\"elementor-widget-container\">\n\t\t\t\t\t\t\t\t\t\t\t\t\t\t\t<img fetchpriority=\"high\" decoding=\"async\" width=\"2048\" height=\"343\" src=\"https:\/\/www.ff.unipo.sk\/slovencina\/wp-content\/uploads\/2023\/05\/banner-2048x343.png\" class=\"attachment-2048x2048 size-2048x2048 wp-image-1886\" alt=\"\" srcset=\"https:\/\/www.ff.unipo.sk\/slovencina\/wp-content\/uploads\/2023\/05\/banner-2048x343.png 2048w, https:\/\/www.ff.unipo.sk\/slovencina\/wp-content\/uploads\/2023\/05\/banner-300x50.png 300w, https:\/\/www.ff.unipo.sk\/slovencina\/wp-content\/uploads\/2023\/05\/banner-1024x172.png 1024w, https:\/\/www.ff.unipo.sk\/slovencina\/wp-content\/uploads\/2023\/05\/banner-768x129.png 768w, https:\/\/www.ff.unipo.sk\/slovencina\/wp-content\/uploads\/2023\/05\/banner-1536x258.png 1536w\" sizes=\"(max-width: 2048px) 100vw, 2048px\" \/>\t\t\t\t\t\t\t\t\t\t\t\t\t\t\t<\/div>\n\t\t\t\t<\/div>\n\t\t\t\t\t<\/div>\n\t\t<\/div>\n\t\t\t\t\t<\/div>\n\t\t<\/section>\n\t\t\t\t<section class=\"has_eae_slider elementor-section elementor-top-section elementor-element elementor-element-5a32abb1 elementor-section-boxed elementor-section-height-default elementor-section-height-default\" data-eae-slider=\"62590\" data-id=\"5a32abb1\" data-element_type=\"section\" data-e-type=\"section\">\n\t\t\t\t\t\t<div class=\"elementor-container elementor-column-gap-default\">\n\t\t\t\t\t<div class=\"has_eae_slider elementor-column elementor-col-100 elementor-top-column elementor-element elementor-element-5a8dfa59\" data-eae-slider=\"12497\" data-id=\"5a8dfa59\" data-element_type=\"column\" data-e-type=\"column\">\n\t\t\t<div class=\"elementor-widget-wrap elementor-element-populated\">\n\t\t\t\t\t\t<div class=\"elementor-element elementor-element-4495f6c4 elementor-widget elementor-widget-heading\" data-id=\"4495f6c4\" data-element_type=\"widget\" data-e-type=\"widget\" data-widget_type=\"heading.default\">\n\t\t\t\t<div class=\"elementor-widget-container\">\n\t\t\t\t\t<h2 class=\"elementor-heading-title elementor-size-default\">\u0429\u041e \u0422\u0410\u041c \u041d\u0410\u041f\u0418\u0421\u0410\u041d\u041e?<\/h2>\t\t\t\t<\/div>\n\t\t\t\t<\/div>\n\t\t\t\t\t<\/div>\n\t\t<\/div>\n\t\t\t\t\t<\/div>\n\t\t<\/section>\n\t\t\t\t<section class=\"has_eae_slider elementor-section elementor-top-section elementor-element elementor-element-2af6682f elementor-section-boxed elementor-section-height-default elementor-section-height-default\" data-eae-slider=\"40645\" data-id=\"2af6682f\" data-element_type=\"section\" data-e-type=\"section\">\n\t\t\t\t\t\t<div class=\"elementor-container elementor-column-gap-default\">\n\t\t\t\t\t<div class=\"has_eae_slider elementor-column elementor-col-100 elementor-top-column elementor-element elementor-element-3d888fba\" data-eae-slider=\"67100\" data-id=\"3d888fba\" data-element_type=\"column\" data-e-type=\"column\">\n\t\t\t<div class=\"elementor-widget-wrap elementor-element-populated\">\n\t\t\t\t\t\t<div class=\"elementor-element elementor-element-4a89f6c4 elementor-widget-divider--view-line elementor-widget elementor-widget-divider\" data-id=\"4a89f6c4\" data-element_type=\"widget\" data-e-type=\"widget\" data-widget_type=\"divider.default\">\n\t\t\t\t<div class=\"elementor-widget-container\">\n\t\t\t\t\t\t\t<div class=\"elementor-divider\">\n\t\t\t<span class=\"elementor-divider-separator\">\n\t\t\t\t\t\t<\/span>\n\t\t<\/div>\n\t\t\t\t\t\t<\/div>\n\t\t\t\t<\/div>\n\t\t\t\t\t<\/div>\n\t\t<\/div>\n\t\t\t\t\t<\/div>\n\t\t<\/section>\n\t\t\t\t<section class=\"has_eae_slider elementor-section elementor-top-section elementor-element elementor-element-43b20a7a elementor-section-boxed elementor-section-height-default elementor-section-height-default\" data-eae-slider=\"28442\" data-id=\"43b20a7a\" data-element_type=\"section\" data-e-type=\"section\">\n\t\t\t\t\t\t<div class=\"elementor-container elementor-column-gap-default\">\n\t\t\t\t\t<div class=\"has_eae_slider elementor-column elementor-col-100 elementor-top-column elementor-element elementor-element-3bd54750\" data-eae-slider=\"17\" data-id=\"3bd54750\" data-element_type=\"column\" data-e-type=\"column\">\n\t\t\t<div class=\"elementor-widget-wrap elementor-element-populated\">\n\t\t\t\t\t\t<div class=\"elementor-element elementor-element-32d624e4 elementor-widget elementor-widget-text-editor\" data-id=\"32d624e4\" data-element_type=\"widget\" data-e-type=\"widget\" data-widget_type=\"text-editor.default\">\n\t\t\t\t<div class=\"elementor-widget-container\">\n\t\t\t\t\t\t\t\t\t<p><span style=\"color: #000000;\">\u0412\u043b\u0430\u0434 \u043d\u0430\u0432\u0447\u0430\u0454\u0442\u044c\u0441\u044f \u0443 \u0421\u043b\u043e\u0432\u0430\u0447\u0447\u0438\u043d\u0456. \u041a\u043e\u0436\u043d\u043e\u0433\u043e \u0434\u043d\u044f \u0432\u0456\u043d \u0431\u0430\u0447\u0438\u0442\u044c \u0430\u0444\u0456\u0448\u0456 \u0439 \u043e\u0433\u043e\u043b\u043e\u0448\u0435\u043d\u043d\u044f, \u0430\u043b\u0435 \u043d\u0435 \u0437\u0430\u0432\u0436\u0434\u0438 \u0440\u043e\u0437\u0443\u043c\u0456\u0454, \u043f\u0440\u043e \u0449\u043e \u0442\u0430\u043c \u0439\u0434\u0435\u0442\u044c\u0441\u044f.<\/span><\/p><ul><li><span style=\"color: #000000;\">\u0423 \u0442\u0435\u0431\u0435 \u0442\u0430\u043a\u0430 \u0441\u0430\u043c\u0430 \u0441\u0438\u0442\u0443\u0430\u0446\u0456\u044f?<\/span><\/li><li><span style=\"color: #000000;\">\u0422\u0438 \u0434\u0438\u0432\u0438\u0448\u0441\u044f \u043d\u0430 \u0440\u043e\u0437\u043a\u043b\u0430\u0434 \u0437\u0430\u043d\u044f\u0442\u044c \u0456 \u043d\u0435 \u043c\u043e\u0436\u0435\u0448 \u0443 \u043d\u044c\u043e\u043c\u0443 \u0437\u043e\u0440\u0456\u0454\u043d\u0442\u0443\u0432\u0430\u0442\u0438\u0441\u044f ?<\/span><\/li><li><span style=\"color: #000000;\">\u041d\u0430 \u0434\u0432\u0435\u0440\u044f\u0445 \u043a\u0430\u0431\u0456\u043d\u0435\u0442\u0443 \u043b\u0456\u043a\u0430\u0440\u044f \u0442\u0438 \u0431\u0430\u0447\u0438\u0448 \u043e\u0433\u043e\u043b\u043e\u0448\u0435\u043d\u043d\u044f \u0456 \u043d\u0435 \u0440\u043e\u0437\u0443\u043c\u0456\u0454\u0448 \u0439\u043e\u0433\u043e?<\/span><\/li><\/ul><p><span style=\"color: #000000;\">\u0421\u043b\u0456\u0434\u043a\u0443\u0439 \u0437\u0430 \u0412\u043b\u0430\u0434\u043e\u043c, \u043f\u043e\u0441\u0442\u0443\u043f\u043e\u0432\u043e \u0432\u0456\u043d \u043f\u043e\u0437\u043d\u0430\u0439\u043e\u043c\u0438\u0442\u044c \u0442\u0435\u0431\u0435 \u0437 \u0442\u0435\u043a\u0441\u0442\u0430\u043c\u0438, \u044f\u043a\u0456 \u0442\u0440\u0430\u043f\u043b\u044f\u044e\u0442\u044c\u0441\u044f \u00a0\u0443 \u043f\u043e\u0432\u0441\u044f\u043a\u0434\u0435\u043d\u043d\u043e\u043c\u0443 \u0436\u0438\u0442\u0442\u0456. <\/span><br \/><span style=\"color: #000000;\">\u0414\u0456\u0437\u043d\u0430\u0439\u0441\u044f, \u0449\u043e \u0442\u0430\u043c \u043d\u0430\u043f\u0438\u0441\u0430\u043d\u043e \u0456 \u0447\u0438\u0442\u0430\u0439 \u0431\u0435\u0437 \u043f\u0440\u043e\u0431\u043b\u0435\u043c!\u00a0\u00a0<\/span><\/p>\t\t\t\t\t\t\t\t<\/div>\n\t\t\t\t<\/div>\n\t\t\t\t\t<\/div>\n\t\t<\/div>\n\t\t\t\t\t<\/div>\n\t\t<\/section>\n\t\t\t\t<section class=\"has_eae_slider elementor-section elementor-top-section elementor-element elementor-element-14604da elementor-section-boxed elementor-section-height-default elementor-section-height-default\" data-eae-slider=\"87569\" data-id=\"14604da\" data-element_type=\"section\" data-e-type=\"section\">\n\t\t\t\t\t\t<div class=\"elementor-container elementor-column-gap-default\">\n\t\t\t\t\t<div class=\"has_eae_slider elementor-column elementor-col-100 elementor-top-column elementor-element elementor-element-32a6856\" data-eae-slider=\"73166\" data-id=\"32a6856\" data-element_type=\"column\" data-e-type=\"column\">\n\t\t\t<div class=\"elementor-widget-wrap elementor-element-populated\">\n\t\t\t\t\t\t<div class=\"elementor-element elementor-element-cd88c7d elementor-widget-divider--view-line elementor-widget elementor-widget-divider\" data-id=\"cd88c7d\" data-element_type=\"widget\" data-e-type=\"widget\" data-widget_type=\"divider.default\">\n\t\t\t\t<div class=\"elementor-widget-container\">\n\t\t\t\t\t\t\t<div class=\"elementor-divider\">\n\t\t\t<span class=\"elementor-divider-separator\">\n\t\t\t\t\t\t<\/span>\n\t\t<\/div>\n\t\t\t\t\t\t<\/div>\n\t\t\t\t<\/div>\n\t\t\t\t\t<\/div>\n\t\t<\/div>\n\t\t\t\t\t<\/div>\n\t\t<\/section>\n\t\t\t\t<section class=\"has_eae_slider elementor-section elementor-inner-section elementor-element elementor-element-39a86d3b elementor-section-content-top elementor-section-boxed elementor-section-height-default elementor-section-height-default\" data-eae-slider=\"75477\" data-id=\"39a86d3b\" data-element_type=\"section\" data-e-type=\"section\">\n\t\t\t\t\t\t<div class=\"elementor-container elementor-column-gap-no\">\n\t\t\t\t\t<div class=\"has_eae_slider elementor-column elementor-col-33 elementor-inner-column elementor-element elementor-element-5285d5cc animated-fast elementor-invisible\" data-eae-slider=\"29392\" data-id=\"5285d5cc\" data-element_type=\"column\" data-e-type=\"column\" data-settings=\"{&quot;animation&quot;:&quot;fadeInUp&quot;,&quot;background_background&quot;:&quot;classic&quot;}\">\n\t\t\t<div class=\"elementor-widget-wrap elementor-element-populated\">\n\t\t\t\t\t\t<section class=\"has_eae_slider elementor-section elementor-inner-section elementor-element elementor-element-633f64a0 elementor-section-height-min-height elementor-section-boxed elementor-section-height-default\" data-eae-slider=\"89329\" data-id=\"633f64a0\" data-element_type=\"section\" data-e-type=\"section\">\n\t\t\t\t\t\t<div class=\"elementor-container elementor-column-gap-default\">\n\t\t\t\t\t<div data-wts-url=\"https:\/\/www.ff.unipo.sk\/slovencina\/?page_id=273\" data-wts-link=\"yes\" data-wts-new-window=\"\" class=\"has_eae_slider elementor-column elementor-col-100 elementor-inner-column elementor-element elementor-element-67b1cffd ae-link-yes elementor-invisible\" data-eae-slider=\"33277\" data-id=\"67b1cffd\" data-element_type=\"column\" data-e-type=\"column\" data-settings=\"{&quot;background_background&quot;:&quot;classic&quot;,&quot;animation&quot;:&quot;fadeIn&quot;}\">\n\t\t\t<div class=\"elementor-widget-wrap elementor-element-populated\">\n\t\t\t\t\t<div class=\"elementor-background-overlay\"><\/div>\n\t\t\t\t\t\t<div class=\"elementor-element elementor-element-13c90184 elementor-widget elementor-widget-spacer\" data-id=\"13c90184\" data-element_type=\"widget\" data-e-type=\"widget\" data-widget_type=\"spacer.default\">\n\t\t\t\t<div class=\"elementor-widget-container\">\n\t\t\t\t\t\t\t<div class=\"elementor-spacer\">\n\t\t\t<div class=\"elementor-spacer-inner\"><\/div>\n\t\t<\/div>\n\t\t\t\t\t\t<\/div>\n\t\t\t\t<\/div>\n\t\t\t\t\t<\/div>\n\t\t<\/div>\n\t\t\t\t\t<\/div>\n\t\t<\/section>\n\t\t\t\t<div class=\"elementor-element elementor-element-194f57eb elementor-widget elementor-widget-heading\" data-id=\"194f57eb\" data-element_type=\"widget\" data-e-type=\"widget\" data-widget_type=\"heading.default\">\n\t\t\t\t<div class=\"elementor-widget-container\">\n\t\t\t\t\t<h1 class=\"elementor-heading-title elementor-size-large\"><a href=\"https:\/\/www.ff.unipo.sk\/slovencina\/?page_id=273\">\u013dAHK\u00c9 (A1 - A2)<\/a><\/h1>\t\t\t\t<\/div>\n\t\t\t\t<\/div>\n\t\t\t\t\t<\/div>\n\t\t<\/div>\n\t\t\t\t<div class=\"has_eae_slider elementor-column elementor-col-33 elementor-inner-column elementor-element elementor-element-1a8bbec4 animated-fast elementor-invisible\" data-eae-slider=\"5409\" data-id=\"1a8bbec4\" data-element_type=\"column\" data-e-type=\"column\" data-settings=\"{&quot;animation&quot;:&quot;fadeInUp&quot;,&quot;background_background&quot;:&quot;classic&quot;}\">\n\t\t\t<div class=\"elementor-widget-wrap elementor-element-populated\">\n\t\t\t\t\t\t<section class=\"has_eae_slider elementor-section elementor-inner-section elementor-element elementor-element-5722d1e2 elementor-section-height-min-height elementor-section-boxed elementor-section-height-default\" data-eae-slider=\"9189\" data-id=\"5722d1e2\" data-element_type=\"section\" data-e-type=\"section\">\n\t\t\t\t\t\t<div class=\"elementor-container elementor-column-gap-default\">\n\t\t\t\t\t<div data-wts-url=\"https:\/\/www.ff.unipo.sk\/slovencina\/?page_id=1571\" data-wts-link=\"yes\" data-wts-new-window=\"\" class=\"has_eae_slider elementor-column elementor-col-100 elementor-inner-column elementor-element elementor-element-23595ea6 ae-link-yes elementor-invisible\" data-eae-slider=\"53753\" data-id=\"23595ea6\" data-element_type=\"column\" data-e-type=\"column\" data-settings=\"{&quot;background_background&quot;:&quot;classic&quot;,&quot;animation&quot;:&quot;fadeIn&quot;}\">\n\t\t\t<div class=\"elementor-widget-wrap elementor-element-populated\">\n\t\t\t\t\t<div class=\"elementor-background-overlay\"><\/div>\n\t\t\t\t\t\t<div class=\"elementor-element elementor-element-3e6adf8a elementor-widget elementor-widget-spacer\" data-id=\"3e6adf8a\" data-element_type=\"widget\" data-e-type=\"widget\" data-widget_type=\"spacer.default\">\n\t\t\t\t<div class=\"elementor-widget-container\">\n\t\t\t\t\t\t\t<div class=\"elementor-spacer\">\n\t\t\t<div class=\"elementor-spacer-inner\"><\/div>\n\t\t<\/div>\n\t\t\t\t\t\t<\/div>\n\t\t\t\t<\/div>\n\t\t\t\t\t<\/div>\n\t\t<\/div>\n\t\t\t\t\t<\/div>\n\t\t<\/section>\n\t\t\t\t<section class=\"has_eae_slider elementor-section elementor-inner-section elementor-element elementor-element-42103e29 elementor-section-boxed elementor-section-height-default elementor-section-height-default\" data-eae-slider=\"32706\" data-id=\"42103e29\" data-element_type=\"section\" data-e-type=\"section\">\n\t\t\t\t\t\t<div class=\"elementor-container elementor-column-gap-default\">\n\t\t\t\t\t<div class=\"has_eae_slider elementor-column elementor-col-100 elementor-inner-column elementor-element elementor-element-7d63ccff\" data-eae-slider=\"3772\" data-id=\"7d63ccff\" data-element_type=\"column\" data-e-type=\"column\">\n\t\t\t<div class=\"elementor-widget-wrap elementor-element-populated\">\n\t\t\t\t\t\t<div class=\"elementor-element elementor-element-ea07d2 elementor-widget elementor-widget-heading\" data-id=\"ea07d2\" data-element_type=\"widget\" data-e-type=\"widget\" data-widget_type=\"heading.default\">\n\t\t\t\t<div class=\"elementor-widget-container\">\n\t\t\t\t\t<h3 class=\"elementor-heading-title elementor-size-default\"><a href=\"https:\/\/www.ff.unipo.sk\/slovencina\/?page_id=1571\">STREDN\u00c9 (B1 - B2)<\/a><\/h3>\t\t\t\t<\/div>\n\t\t\t\t<\/div>\n\t\t\t\t\t<\/div>\n\t\t<\/div>\n\t\t\t\t\t<\/div>\n\t\t<\/section>\n\t\t\t\t\t<\/div>\n\t\t<\/div>\n\t\t\t\t<div class=\"has_eae_slider elementor-column elementor-col-33 elementor-inner-column elementor-element elementor-element-303f1f0c animated-fast elementor-invisible\" data-eae-slider=\"7128\" data-id=\"303f1f0c\" data-element_type=\"column\" data-e-type=\"column\" data-settings=\"{&quot;animation&quot;:&quot;fadeInUp&quot;,&quot;background_background&quot;:&quot;classic&quot;}\">\n\t\t\t<div class=\"elementor-widget-wrap elementor-element-populated\">\n\t\t\t\t\t\t<section class=\"has_eae_slider elementor-section elementor-inner-section elementor-element elementor-element-ff4dfc9 elementor-section-height-min-height elementor-section-boxed elementor-section-height-default\" data-eae-slider=\"78089\" data-id=\"ff4dfc9\" data-element_type=\"section\" data-e-type=\"section\">\n\t\t\t\t\t\t<div class=\"elementor-container elementor-column-gap-default\">\n\t\t\t\t\t<div data-wts-url=\"https:\/\/www.ff.unipo.sk\/slovencina\/?page_id=4072\" data-wts-link=\"yes\" data-wts-new-window=\"\" class=\"has_eae_slider elementor-column elementor-col-100 elementor-inner-column elementor-element elementor-element-371226c ae-link-yes elementor-invisible\" data-eae-slider=\"34193\" data-id=\"371226c\" data-element_type=\"column\" data-e-type=\"column\" data-settings=\"{&quot;background_background&quot;:&quot;classic&quot;,&quot;animation&quot;:&quot;fadeIn&quot;}\">\n\t\t\t<div class=\"elementor-widget-wrap elementor-element-populated\">\n\t\t\t\t\t<div class=\"elementor-background-overlay\"><\/div>\n\t\t\t\t\t\t<div class=\"elementor-element elementor-element-604e6591 elementor-widget elementor-widget-spacer\" data-id=\"604e6591\" data-element_type=\"widget\" data-e-type=\"widget\" data-widget_type=\"spacer.default\">\n\t\t\t\t<div class=\"elementor-widget-container\">\n\t\t\t\t\t\t\t<div class=\"elementor-spacer\">\n\t\t\t<div class=\"elementor-spacer-inner\"><\/div>\n\t\t<\/div>\n\t\t\t\t\t\t<\/div>\n\t\t\t\t<\/div>\n\t\t\t\t\t<\/div>\n\t\t<\/div>\n\t\t\t\t\t<\/div>\n\t\t<\/section>\n\t\t\t\t<section class=\"has_eae_slider elementor-section elementor-inner-section elementor-element elementor-element-5e61eec5 elementor-section-boxed elementor-section-height-default elementor-section-height-default\" data-eae-slider=\"62349\" data-id=\"5e61eec5\" data-element_type=\"section\" data-e-type=\"section\">\n\t\t\t\t\t\t<div class=\"elementor-container elementor-column-gap-default\">\n\t\t\t\t\t<div class=\"has_eae_slider elementor-column elementor-col-100 elementor-inner-column elementor-element elementor-element-3727ce79\" data-eae-slider=\"45726\" data-id=\"3727ce79\" data-element_type=\"column\" data-e-type=\"column\">\n\t\t\t<div class=\"elementor-widget-wrap elementor-element-populated\">\n\t\t\t\t\t\t<div class=\"elementor-element elementor-element-193a2f6c elementor-widget elementor-widget-heading\" data-id=\"193a2f6c\" data-element_type=\"widget\" data-e-type=\"widget\" data-widget_type=\"heading.default\">\n\t\t\t\t<div class=\"elementor-widget-container\">\n\t\t\t\t\t<h3 class=\"elementor-heading-title elementor-size-default\"><a href=\"https:\/\/www.ff.unipo.sk\/slovencina\/?page_id=4072\">\u0164A\u017dK\u00c9 (C1)<\/a><\/h3>\t\t\t\t<\/div>\n\t\t\t\t<\/div>\n\t\t\t\t\t<\/div>\n\t\t<\/div>\n\t\t\t\t\t<\/div>\n\t\t<\/section>\n\t\t\t\t\t<\/div>\n\t\t<\/div>\n\t\t\t\t\t<\/div>\n\t\t<\/section>\n\t\t\t\t<\/div>\n\t\t","protected":false},"excerpt":{"rendered":"<p>\u0429\u041e \u0422\u0410\u041c \u041d\u0410\u041f\u0418\u0421\u0410\u041d\u041e? \u0412\u043b\u0430\u0434 \u043d\u0430\u0432\u0447\u0430\u0454\u0442\u044c\u0441\u044f \u0443 \u0421\u043b\u043e\u0432\u0430\u0447\u0447\u0438\u043d\u0456. \u041a\u043e\u0436\u043d\u043e\u0433\u043e \u0434\u043d\u044f \u0432\u0456\u043d \u0431\u0430\u0447\u0438\u0442\u044c \u0430\u0444\u0456\u0448\u0456 \u0439 \u043e\u0433\u043e\u043b\u043e\u0448\u0435\u043d\u043d\u044f, \u0430\u043b\u0435 \u043d\u0435 \u0437\u0430\u0432\u0436\u0434\u0438 \u0440\u043e\u0437\u0443\u043c\u0456\u0454, \u043f\u0440\u043e \u0449\u043e \u0442\u0430\u043c \u0439\u0434\u0435\u0442\u044c\u0441\u044f. \u0423 \u0442\u0435\u0431\u0435 \u0442\u0430\u043a\u0430 \u0441\u0430\u043c\u0430 \u0441\u0438\u0442\u0443\u0430\u0446\u0456\u044f? \u0422\u0438 \u0434\u0438\u0432\u0438\u0448\u0441\u044f \u043d\u0430 \u0440\u043e\u0437\u043a\u043b\u0430\u0434 \u0437\u0430\u043d\u044f\u0442\u044c \u0456 \u043d\u0435 \u043c\u043e\u0436\u0435\u0448 \u0443 \u043d\u044c\u043e\u043c\u0443 \u0437\u043e\u0440\u0456\u0454\u043d\u0442\u0443\u0432\u0430\u0442\u0438\u0441\u044f ? \u041d\u0430 \u0434\u0432\u0435\u0440\u044f\u0445 \u043a\u0430\u0431\u0456\u043d\u0435\u0442\u0443 \u043b\u0456\u043a\u0430\u0440\u044f \u0442\u0438 \u0431\u0430\u0447\u0438\u0448 \u043e\u0433\u043e\u043b\u043e\u0448\u0435\u043d\u043d\u044f \u0456 \u043d\u0435 \u0440\u043e\u0437\u0443\u043c\u0456\u0454\u0448 \u0439\u043e\u0433\u043e? \u0421\u043b\u0456\u0434\u043a\u0443\u0439 \u0437\u0430 \u0412\u043b\u0430\u0434\u043e\u043c, \u043f\u043e\u0441\u0442\u0443\u043f\u043e\u0432\u043e \u0432\u0456\u043d [&hellip;]<\/p>\n","protected":false},"author":1,"featured_media":0,"parent":5362,"menu_order":8,"comment_status":"closed","ping_status":"closed","template":"","meta":{"_acf_changed":false,"ocean_post_layout":"full-screen","ocean_both_sidebars_style":"","ocean_both_sidebars_content_width":0,"ocean_both_sidebars_sidebars_width":0,"ocean_sidebar":"0","ocean_second_sidebar":"0","ocean_disable_margins":"enable","ocean_add_body_class":"","ocean_shortcode_before_top_bar":"","ocean_shortcode_after_top_bar":"","ocean_shortcode_before_header":"","ocean_shortcode_after_header":"","ocean_has_shortcode":"","ocean_shortcode_after_title":"","ocean_shortcode_before_footer_widgets":"","ocean_shortcode_after_footer_widgets":"","ocean_shortcode_before_footer_bottom":"","ocean_shortcode_after_footer_bottom":"","ocean_display_top_bar":"off","ocean_display_header":"default","ocean_header_style":"","ocean_center_header_left_menu":"0","ocean_custom_header_template":"0","ocean_custom_logo":0,"ocean_custom_retina_logo":0,"ocean_custom_logo_max_width":0,"ocean_custom_logo_tablet_max_width":0,"ocean_custom_logo_mobile_max_width":0,"ocean_custom_logo_max_height":0,"ocean_custom_logo_tablet_max_height":0,"ocean_custom_logo_mobile_max_height":0,"ocean_header_custom_menu":"0","ocean_menu_typo_font_family":"0","ocean_menu_typo_font_subset":"","ocean_menu_typo_font_size":0,"ocean_menu_typo_font_size_tablet":0,"ocean_menu_typo_font_size_mobile":0,"ocean_menu_typo_font_size_unit":"px","ocean_menu_typo_font_weight":"","ocean_menu_typo_font_weight_tablet":"","ocean_menu_typo_font_weight_mobile":"","ocean_menu_typo_transform":"","ocean_menu_typo_transform_tablet":"","ocean_menu_typo_transform_mobile":"","ocean_menu_typo_line_height":0,"ocean_menu_typo_line_height_tablet":0,"ocean_menu_typo_line_height_mobile":0,"ocean_menu_typo_line_height_unit":"","ocean_menu_typo_spacing":0,"ocean_menu_typo_spacing_tablet":0,"ocean_menu_typo_spacing_mobile":0,"ocean_menu_typo_spacing_unit":"","ocean_menu_link_color":"","ocean_menu_link_color_hover":"","ocean_menu_link_color_active":"","ocean_menu_link_background":"","ocean_menu_link_hover_background":"","ocean_menu_link_active_background":"","ocean_menu_social_links_bg":"","ocean_menu_social_hover_links_bg":"","ocean_menu_social_links_color":"","ocean_menu_social_hover_links_color":"","ocean_disable_title":"on","ocean_disable_heading":"default","ocean_post_title":"","ocean_post_subheading":"","ocean_post_title_style":"","ocean_post_title_background_color":"","ocean_post_title_background":0,"ocean_post_title_bg_image_position":"","ocean_post_title_bg_image_attachment":"","ocean_post_title_bg_image_repeat":"","ocean_post_title_bg_image_size":"","ocean_post_title_height":0,"ocean_post_title_bg_overlay":0.5,"ocean_post_title_bg_overlay_color":"","ocean_disable_breadcrumbs":"default","ocean_breadcrumbs_color":"","ocean_breadcrumbs_separator_color":"","ocean_breadcrumbs_links_color":"","ocean_breadcrumbs_links_hover_color":"","ocean_display_footer_widgets":"off","ocean_display_footer_bottom":"default","ocean_custom_footer_template":"0","footnotes":""},"class_list":["post-5556","page","type-page","status-publish","hentry","entry"],"acf":[],"amp_enabled":true,"_links":{"self":[{"href":"https:\/\/www.ff.unipo.sk\/slovencina\/index.php?rest_route=\/wp\/v2\/pages\/5556","targetHints":{"allow":["GET"]}}],"collection":[{"href":"https:\/\/www.ff.unipo.sk\/slovencina\/index.php?rest_route=\/wp\/v2\/pages"}],"about":[{"href":"https:\/\/www.ff.unipo.sk\/slovencina\/index.php?rest_route=\/wp\/v2\/types\/page"}],"author":[{"embeddable":true,"href":"https:\/\/www.ff.unipo.sk\/slovencina\/index.php?rest_route=\/wp\/v2\/users\/1"}],"replies":[{"embeddable":true,"href":"https:\/\/www.ff.unipo.sk\/slovencina\/index.php?rest_route=%2Fwp%2Fv2%2Fcomments&post=5556"}],"version-history":[{"count":4,"href":"https:\/\/www.ff.unipo.sk\/slovencina\/index.php?rest_route=\/wp\/v2\/pages\/5556\/revisions"}],"predecessor-version":[{"id":5560,"href":"https:\/\/www.ff.unipo.sk\/slovencina\/index.php?rest_route=\/wp\/v2\/pages\/5556\/revisions\/5560"}],"up":[{"embeddable":true,"href":"https:\/\/www.ff.unipo.sk\/slovencina\/index.php?rest_route=\/wp\/v2\/pages\/5362"}],"wp:attachment":[{"href":"https:\/\/www.ff.unipo.sk\/slovencina\/index.php?rest_route=%2Fwp%2Fv2%2Fmedia&parent=5556"}],"curies":[{"name":"wp","href":"https:\/\/api.w.org\/{rel}","templated":true}]}}