{"id":6590,"date":"2024-09-04T14:41:03","date_gmt":"2024-09-04T12:41:03","guid":{"rendered":"https:\/\/www.ff.unipo.sk\/slovencina\/?page_id=6590"},"modified":"2024-09-04T15:00:02","modified_gmt":"2024-09-04T13:00:02","slug":"dlzne","status":"publish","type":"page","link":"https:\/\/www.ff.unipo.sk\/slovencina\/?page_id=6590","title":{"rendered":"D\u0139\u017dNE"},"content":{"rendered":"\t\t<div data-elementor-type=\"wp-page\" data-elementor-id=\"6590\" class=\"elementor elementor-6590\">\n\t\t\t\t\t\t<section class=\"has_eae_slider elementor-section elementor-top-section elementor-element elementor-element-5077dd17 elementor-section-boxed elementor-section-height-default elementor-section-height-default\" data-eae-slider=\"56605\" data-id=\"5077dd17\" data-element_type=\"section\" data-e-type=\"section\">\n\t\t\t\t\t\t<div class=\"elementor-container elementor-column-gap-default\">\n\t\t\t\t\t<div class=\"has_eae_slider elementor-column elementor-col-100 elementor-top-column elementor-element elementor-element-3aff7d5e\" data-eae-slider=\"66866\" data-id=\"3aff7d5e\" data-element_type=\"column\" data-e-type=\"column\">\n\t\t\t<div class=\"elementor-widget-wrap elementor-element-populated\">\n\t\t\t\t\t\t<div class=\"elementor-element elementor-element-58d3a955 elementor-widget elementor-widget-image\" data-id=\"58d3a955\" data-element_type=\"widget\" data-e-type=\"widget\" data-widget_type=\"image.default\">\n\t\t\t\t<div class=\"elementor-widget-container\">\n\t\t\t\t\t\t\t\t\t\t\t\t\t\t\t<img fetchpriority=\"high\" decoding=\"async\" width=\"2048\" height=\"343\" src=\"https:\/\/www.ff.unipo.sk\/slovencina\/wp-content\/uploads\/2023\/05\/banner-2048x343.png\" class=\"attachment-2048x2048 size-2048x2048 wp-image-1886\" alt=\"\" srcset=\"https:\/\/www.ff.unipo.sk\/slovencina\/wp-content\/uploads\/2023\/05\/banner-2048x343.png 2048w, https:\/\/www.ff.unipo.sk\/slovencina\/wp-content\/uploads\/2023\/05\/banner-300x50.png 300w, https:\/\/www.ff.unipo.sk\/slovencina\/wp-content\/uploads\/2023\/05\/banner-1024x172.png 1024w, https:\/\/www.ff.unipo.sk\/slovencina\/wp-content\/uploads\/2023\/05\/banner-768x129.png 768w, https:\/\/www.ff.unipo.sk\/slovencina\/wp-content\/uploads\/2023\/05\/banner-1536x258.png 1536w\" sizes=\"(max-width: 2048px) 100vw, 2048px\" \/>\t\t\t\t\t\t\t\t\t\t\t\t\t\t\t<\/div>\n\t\t\t\t<\/div>\n\t\t\t\t<div class=\"elementor-element elementor-element-50e01e0b elementor-widget elementor-widget-heading\" data-id=\"50e01e0b\" data-element_type=\"widget\" data-e-type=\"widget\" data-widget_type=\"heading.default\">\n\t\t\t\t<div class=\"elementor-widget-container\">\n\t\t\t\t\t<h2 class=\"elementor-heading-title elementor-size-default\">D\u0139\u017dNE<\/h2>\t\t\t\t<\/div>\n\t\t\t\t<\/div>\n\t\t\t\t\t<\/div>\n\t\t<\/div>\n\t\t\t\t\t<\/div>\n\t\t<\/section>\n\t\t\t\t<section class=\"has_eae_slider elementor-section elementor-inner-section elementor-element elementor-element-2139791a elementor-section-content-top elementor-section-boxed elementor-section-height-default elementor-section-height-default\" data-eae-slider=\"42558\" data-id=\"2139791a\" data-element_type=\"section\" data-e-type=\"section\">\n\t\t\t\t\t\t<div class=\"elementor-container elementor-column-gap-no\">\n\t\t\t\t\t<div data-wts-url=\"https:\/\/www.ff.unipo.sk\/slovencina\/?page_id=6579\" data-wts-link=\"yes\" data-wts-new-window=\"\" class=\"has_eae_slider elementor-column elementor-col-33 elementor-inner-column elementor-element elementor-element-5e34fa6 animated-fast ae-link-yes elementor-invisible\" data-eae-slider=\"18906\" data-id=\"5e34fa6\" data-element_type=\"column\" data-e-type=\"column\" data-settings=\"{&quot;animation&quot;:&quot;fadeInUp&quot;,&quot;background_background&quot;:&quot;classic&quot;}\">\n\t\t\t<div class=\"elementor-widget-wrap elementor-element-populated\">\n\t\t\t\t\t\t<section class=\"has_eae_slider elementor-section elementor-inner-section elementor-element elementor-element-0951a34 elementor-section-height-min-height elementor-section-boxed elementor-section-height-default\" data-eae-slider=\"72539\" data-id=\"0951a34\" data-element_type=\"section\" data-e-type=\"section\">\n\t\t\t\t\t\t<div class=\"elementor-container elementor-column-gap-default\">\n\t\t\t\t\t<div class=\"has_eae_slider elementor-column elementor-col-100 elementor-inner-column elementor-element elementor-element-43c40c2 elementor-invisible\" data-eae-slider=\"9105\" data-id=\"43c40c2\" data-element_type=\"column\" data-e-type=\"column\" data-settings=\"{&quot;background_background&quot;:&quot;classic&quot;,&quot;animation&quot;:&quot;fadeIn&quot;}\">\n\t\t\t<div class=\"elementor-widget-wrap elementor-element-populated\">\n\t\t\t\t\t<div class=\"elementor-background-overlay\"><\/div>\n\t\t\t\t\t\t<div class=\"elementor-element elementor-element-9a63b9a elementor-widget elementor-widget-spacer\" data-id=\"9a63b9a\" data-element_type=\"widget\" data-e-type=\"widget\" data-widget_type=\"spacer.default\">\n\t\t\t\t<div class=\"elementor-widget-container\">\n\t\t\t\t\t\t\t<div class=\"elementor-spacer\">\n\t\t\t<div class=\"elementor-spacer-inner\"><\/div>\n\t\t<\/div>\n\t\t\t\t\t\t<\/div>\n\t\t\t\t<\/div>\n\t\t\t\t\t<\/div>\n\t\t<\/div>\n\t\t\t\t\t<\/div>\n\t\t<\/section>\n\t\t\t\t<section class=\"has_eae_slider elementor-section elementor-inner-section elementor-element elementor-element-d314bc1 elementor-section-boxed elementor-section-height-default elementor-section-height-default\" data-eae-slider=\"76392\" data-id=\"d314bc1\" data-element_type=\"section\" data-e-type=\"section\">\n\t\t\t\t\t\t<div class=\"elementor-container elementor-column-gap-default\">\n\t\t\t\t\t<div class=\"has_eae_slider elementor-column elementor-col-100 elementor-inner-column elementor-element elementor-element-16502eb\" data-eae-slider=\"87210\" data-id=\"16502eb\" data-element_type=\"column\" data-e-type=\"column\">\n\t\t\t<div class=\"elementor-widget-wrap elementor-element-populated\">\n\t\t\t\t\t\t<div class=\"elementor-element elementor-element-c6cfdc0 elementor-widget elementor-widget-heading\" data-id=\"c6cfdc0\" data-element_type=\"widget\" data-e-type=\"widget\" data-widget_type=\"heading.default\">\n\t\t\t\t<div class=\"elementor-widget-container\">\n\t\t\t\t\t<h3 class=\"elementor-heading-title elementor-size-default\"><a href=\"https:\/\/www.ff.unipo.sk\/slovencina\/?page_id=6579\">TELEFONICK\u00dd ROZHOVOR<\/a><\/h3>\t\t\t\t<\/div>\n\t\t\t\t<\/div>\n\t\t\t\t\t<\/div>\n\t\t<\/div>\n\t\t\t\t\t<\/div>\n\t\t<\/section>\n\t\t\t\t\t<\/div>\n\t\t<\/div>\n\t\t\t\t<div data-wts-url=\"https:\/\/www.ff.unipo.sk\/slovencina\/?page_id=6577\" data-wts-link=\"yes\" data-wts-new-window=\"\" class=\"has_eae_slider elementor-column elementor-col-33 elementor-inner-column elementor-element elementor-element-7a8cbca animated-fast ae-link-yes elementor-invisible\" data-eae-slider=\"88148\" data-id=\"7a8cbca\" data-element_type=\"column\" data-e-type=\"column\" data-settings=\"{&quot;animation&quot;:&quot;fadeInUp&quot;,&quot;background_background&quot;:&quot;classic&quot;}\">\n\t\t\t<div class=\"elementor-widget-wrap elementor-element-populated\">\n\t\t\t\t\t\t<section class=\"has_eae_slider elementor-section elementor-inner-section elementor-element elementor-element-ff908bc elementor-section-height-min-height elementor-section-boxed elementor-section-height-default\" data-eae-slider=\"86413\" data-id=\"ff908bc\" data-element_type=\"section\" data-e-type=\"section\">\n\t\t\t\t\t\t<div class=\"elementor-container elementor-column-gap-default\">\n\t\t\t\t\t<div class=\"has_eae_slider elementor-column elementor-col-100 elementor-inner-column elementor-element elementor-element-e12d02c elementor-invisible\" data-eae-slider=\"88697\" data-id=\"e12d02c\" data-element_type=\"column\" data-e-type=\"column\" data-settings=\"{&quot;background_background&quot;:&quot;classic&quot;,&quot;animation&quot;:&quot;fadeIn&quot;}\">\n\t\t\t<div class=\"elementor-widget-wrap elementor-element-populated\">\n\t\t\t\t\t<div class=\"elementor-background-overlay\"><\/div>\n\t\t\t\t\t\t<div class=\"elementor-element elementor-element-387d7a4 elementor-widget elementor-widget-spacer\" data-id=\"387d7a4\" data-element_type=\"widget\" data-e-type=\"widget\" data-widget_type=\"spacer.default\">\n\t\t\t\t<div class=\"elementor-widget-container\">\n\t\t\t\t\t\t\t<div class=\"elementor-spacer\">\n\t\t\t<div class=\"elementor-spacer-inner\"><\/div>\n\t\t<\/div>\n\t\t\t\t\t\t<\/div>\n\t\t\t\t<\/div>\n\t\t\t\t\t<\/div>\n\t\t<\/div>\n\t\t\t\t\t<\/div>\n\t\t<\/section>\n\t\t\t\t<section class=\"has_eae_slider elementor-section elementor-inner-section elementor-element elementor-element-8eda38a elementor-section-boxed elementor-section-height-default elementor-section-height-default\" data-eae-slider=\"10448\" data-id=\"8eda38a\" data-element_type=\"section\" data-e-type=\"section\">\n\t\t\t\t\t\t<div class=\"elementor-container elementor-column-gap-default\">\n\t\t\t\t\t<div class=\"has_eae_slider elementor-column elementor-col-100 elementor-inner-column elementor-element elementor-element-f6516a8\" data-eae-slider=\"71828\" data-id=\"f6516a8\" data-element_type=\"column\" data-e-type=\"column\">\n\t\t\t<div class=\"elementor-widget-wrap elementor-element-populated\">\n\t\t\t\t\t\t<div class=\"elementor-element elementor-element-ef51092 elementor-widget elementor-widget-heading\" data-id=\"ef51092\" data-element_type=\"widget\" data-e-type=\"widget\" data-widget_type=\"heading.default\">\n\t\t\t\t<div class=\"elementor-widget-container\">\n\t\t\t\t\t<h3 class=\"elementor-heading-title elementor-size-default\"><a href=\"https:\/\/www.ff.unipo.sk\/slovencina\/?page_id=6577\">STAR\u010cEK A PES<\/a><\/h3>\t\t\t\t<\/div>\n\t\t\t\t<\/div>\n\t\t\t\t\t<\/div>\n\t\t<\/div>\n\t\t\t\t\t<\/div>\n\t\t<\/section>\n\t\t\t\t\t<\/div>\n\t\t<\/div>\n\t\t\t\t<div data-wts-url=\"https:\/\/www.ff.unipo.sk\/slovencina\/?page_id=6571\" data-wts-link=\"yes\" data-wts-new-window=\"\" class=\"has_eae_slider elementor-column elementor-col-33 elementor-inner-column elementor-element elementor-element-05befda animated-fast ae-link-yes elementor-invisible\" data-eae-slider=\"28370\" data-id=\"05befda\" data-element_type=\"column\" data-e-type=\"column\" data-settings=\"{&quot;animation&quot;:&quot;fadeInUp&quot;,&quot;background_background&quot;:&quot;classic&quot;}\">\n\t\t\t<div class=\"elementor-widget-wrap elementor-element-populated\">\n\t\t\t\t\t\t<section class=\"has_eae_slider elementor-section elementor-inner-section elementor-element elementor-element-298e6cc elementor-section-height-min-height elementor-section-boxed elementor-section-height-default\" data-eae-slider=\"72480\" data-id=\"298e6cc\" data-element_type=\"section\" data-e-type=\"section\">\n\t\t\t\t\t\t<div class=\"elementor-container elementor-column-gap-default\">\n\t\t\t\t\t<div class=\"has_eae_slider elementor-column elementor-col-100 elementor-inner-column elementor-element elementor-element-afb7b90 elementor-invisible\" data-eae-slider=\"79552\" data-id=\"afb7b90\" data-element_type=\"column\" data-e-type=\"column\" data-settings=\"{&quot;background_background&quot;:&quot;classic&quot;,&quot;animation&quot;:&quot;fadeIn&quot;}\">\n\t\t\t<div class=\"elementor-widget-wrap elementor-element-populated\">\n\t\t\t\t\t<div class=\"elementor-background-overlay\"><\/div>\n\t\t\t\t\t\t<div class=\"elementor-element elementor-element-1ee34b3 elementor-widget elementor-widget-spacer\" data-id=\"1ee34b3\" data-element_type=\"widget\" data-e-type=\"widget\" data-widget_type=\"spacer.default\">\n\t\t\t\t<div class=\"elementor-widget-container\">\n\t\t\t\t\t\t\t<div class=\"elementor-spacer\">\n\t\t\t<div class=\"elementor-spacer-inner\"><\/div>\n\t\t<\/div>\n\t\t\t\t\t\t<\/div>\n\t\t\t\t<\/div>\n\t\t\t\t\t<\/div>\n\t\t<\/div>\n\t\t\t\t\t<\/div>\n\t\t<\/section>\n\t\t\t\t<section class=\"has_eae_slider elementor-section elementor-inner-section elementor-element elementor-element-ff91c69 elementor-section-boxed elementor-section-height-default elementor-section-height-default\" data-eae-slider=\"44317\" data-id=\"ff91c69\" data-element_type=\"section\" data-e-type=\"section\">\n\t\t\t\t\t\t<div class=\"elementor-container elementor-column-gap-default\">\n\t\t\t\t\t<div class=\"has_eae_slider elementor-column elementor-col-100 elementor-inner-column elementor-element elementor-element-ad5bfe9\" data-eae-slider=\"57569\" data-id=\"ad5bfe9\" data-element_type=\"column\" data-e-type=\"column\">\n\t\t\t<div class=\"elementor-widget-wrap elementor-element-populated\">\n\t\t\t\t\t\t<div class=\"elementor-element elementor-element-b44953c elementor-widget elementor-widget-heading\" data-id=\"b44953c\" data-element_type=\"widget\" data-e-type=\"widget\" data-widget_type=\"heading.default\">\n\t\t\t\t<div class=\"elementor-widget-container\">\n\t\t\t\t\t<h3 class=\"elementor-heading-title elementor-size-default\"><a href=\"https:\/\/www.ff.unipo.sk\/slovencina\/?page_id=6571\">NA TRHU<\/a><\/h3>\t\t\t\t<\/div>\n\t\t\t\t<\/div>\n\t\t\t\t\t<\/div>\n\t\t<\/div>\n\t\t\t\t\t<\/div>\n\t\t<\/section>\n\t\t\t\t\t<\/div>\n\t\t<\/div>\n\t\t\t\t\t<\/div>\n\t\t<\/section>\n\t\t\t\t<section class=\"has_eae_slider elementor-section elementor-inner-section elementor-element elementor-element-370bd89 elementor-section-content-top elementor-section-boxed elementor-section-height-default elementor-section-height-default\" data-eae-slider=\"41600\" data-id=\"370bd89\" data-element_type=\"section\" data-e-type=\"section\">\n\t\t\t\t\t\t<div class=\"elementor-container elementor-column-gap-no\">\n\t\t\t\t\t<div data-wts-url=\"https:\/\/www.ff.unipo.sk\/slovencina\/?page_id=6569\" data-wts-link=\"yes\" data-wts-new-window=\"\" class=\"has_eae_slider elementor-column elementor-col-33 elementor-inner-column elementor-element elementor-element-ea7f253 animated-fast ae-link-yes elementor-invisible\" data-eae-slider=\"9570\" data-id=\"ea7f253\" data-element_type=\"column\" data-e-type=\"column\" data-settings=\"{&quot;animation&quot;:&quot;fadeInUp&quot;,&quot;background_background&quot;:&quot;classic&quot;}\">\n\t\t\t<div class=\"elementor-widget-wrap elementor-element-populated\">\n\t\t\t\t\t\t<section class=\"has_eae_slider elementor-section elementor-inner-section elementor-element elementor-element-127e839 elementor-section-height-min-height elementor-section-boxed elementor-section-height-default\" data-eae-slider=\"51581\" data-id=\"127e839\" data-element_type=\"section\" data-e-type=\"section\">\n\t\t\t\t\t\t<div class=\"elementor-container elementor-column-gap-default\">\n\t\t\t\t\t<div class=\"has_eae_slider elementor-column elementor-col-100 elementor-inner-column elementor-element elementor-element-3e69fb8 elementor-invisible\" data-eae-slider=\"54748\" data-id=\"3e69fb8\" data-element_type=\"column\" data-e-type=\"column\" data-settings=\"{&quot;background_background&quot;:&quot;classic&quot;,&quot;animation&quot;:&quot;fadeIn&quot;}\">\n\t\t\t<div class=\"elementor-widget-wrap elementor-element-populated\">\n\t\t\t\t\t<div class=\"elementor-background-overlay\"><\/div>\n\t\t\t\t\t\t<div class=\"elementor-element elementor-element-89bae54 elementor-widget elementor-widget-spacer\" data-id=\"89bae54\" data-element_type=\"widget\" data-e-type=\"widget\" data-widget_type=\"spacer.default\">\n\t\t\t\t<div class=\"elementor-widget-container\">\n\t\t\t\t\t\t\t<div class=\"elementor-spacer\">\n\t\t\t<div class=\"elementor-spacer-inner\"><\/div>\n\t\t<\/div>\n\t\t\t\t\t\t<\/div>\n\t\t\t\t<\/div>\n\t\t\t\t\t<\/div>\n\t\t<\/div>\n\t\t\t\t\t<\/div>\n\t\t<\/section>\n\t\t\t\t<div class=\"elementor-element elementor-element-d5b870c elementor-widget elementor-widget-heading\" data-id=\"d5b870c\" data-element_type=\"widget\" data-e-type=\"widget\" data-widget_type=\"heading.default\">\n\t\t\t\t<div class=\"elementor-widget-container\">\n\t\t\t\t\t<h1 class=\"elementor-heading-title elementor-size-large\"><a href=\"https:\/\/www.ff.unipo.sk\/slovencina\/?page_id=6569\">MAIL OD ERASMUS \u0160TUDENTA<\/a><\/h1>\t\t\t\t<\/div>\n\t\t\t\t<\/div>\n\t\t\t\t\t<\/div>\n\t\t<\/div>\n\t\t\t\t<div data-wts-url=\"https:\/\/www.ff.unipo.sk\/slovencina\/?page_id=6573\" data-wts-link=\"yes\" data-wts-new-window=\"\" class=\"has_eae_slider elementor-column elementor-col-33 elementor-inner-column elementor-element elementor-element-4083c20 animated-fast ae-link-yes elementor-invisible\" data-eae-slider=\"46830\" data-id=\"4083c20\" data-element_type=\"column\" data-e-type=\"column\" data-settings=\"{&quot;animation&quot;:&quot;fadeInUp&quot;,&quot;background_background&quot;:&quot;classic&quot;}\">\n\t\t\t<div class=\"elementor-widget-wrap elementor-element-populated\">\n\t\t\t\t\t\t<section class=\"has_eae_slider elementor-section elementor-inner-section elementor-element elementor-element-cbbc36c elementor-section-height-min-height elementor-section-boxed elementor-section-height-default\" data-eae-slider=\"6696\" data-id=\"cbbc36c\" data-element_type=\"section\" data-e-type=\"section\">\n\t\t\t\t\t\t<div class=\"elementor-container elementor-column-gap-default\">\n\t\t\t\t\t<div class=\"has_eae_slider elementor-column elementor-col-100 elementor-inner-column elementor-element elementor-element-8340f21 elementor-invisible\" data-eae-slider=\"57297\" data-id=\"8340f21\" data-element_type=\"column\" data-e-type=\"column\" data-settings=\"{&quot;background_background&quot;:&quot;classic&quot;,&quot;animation&quot;:&quot;fadeIn&quot;}\">\n\t\t\t<div class=\"elementor-widget-wrap elementor-element-populated\">\n\t\t\t\t\t<div class=\"elementor-background-overlay\"><\/div>\n\t\t\t\t\t\t<div class=\"elementor-element elementor-element-4165421 elementor-widget elementor-widget-spacer\" data-id=\"4165421\" data-element_type=\"widget\" data-e-type=\"widget\" data-widget_type=\"spacer.default\">\n\t\t\t\t<div class=\"elementor-widget-container\">\n\t\t\t\t\t\t\t<div class=\"elementor-spacer\">\n\t\t\t<div class=\"elementor-spacer-inner\"><\/div>\n\t\t<\/div>\n\t\t\t\t\t\t<\/div>\n\t\t\t\t<\/div>\n\t\t\t\t\t<\/div>\n\t\t<\/div>\n\t\t\t\t\t<\/div>\n\t\t<\/section>\n\t\t\t\t<section class=\"has_eae_slider elementor-section elementor-inner-section elementor-element elementor-element-bb5c58f elementor-section-boxed elementor-section-height-default elementor-section-height-default\" data-eae-slider=\"25287\" data-id=\"bb5c58f\" data-element_type=\"section\" data-e-type=\"section\">\n\t\t\t\t\t\t<div class=\"elementor-container elementor-column-gap-default\">\n\t\t\t\t\t<div class=\"has_eae_slider elementor-column elementor-col-100 elementor-inner-column elementor-element elementor-element-5f50f34\" data-eae-slider=\"3357\" data-id=\"5f50f34\" data-element_type=\"column\" data-e-type=\"column\">\n\t\t\t<div class=\"elementor-widget-wrap elementor-element-populated\">\n\t\t\t\t\t\t<div class=\"elementor-element elementor-element-716f867 elementor-widget elementor-widget-heading\" data-id=\"716f867\" data-element_type=\"widget\" data-e-type=\"widget\" data-widget_type=\"heading.default\">\n\t\t\t\t<div class=\"elementor-widget-container\">\n\t\t\t\t\t<h3 class=\"elementor-heading-title elementor-size-default\"><a href=\"https:\/\/www.ff.unipo.sk\/slovencina\/?page_id=6573\">NA\u0160A \u0160KOLA<\/a><\/h3>\t\t\t\t<\/div>\n\t\t\t\t<\/div>\n\t\t\t\t\t<\/div>\n\t\t<\/div>\n\t\t\t\t\t<\/div>\n\t\t<\/section>\n\t\t\t\t\t<\/div>\n\t\t<\/div>\n\t\t\t\t<div data-wts-url=\"https:\/\/www.ff.unipo.sk\/slovencina\/?page_id=6575\" data-wts-link=\"yes\" data-wts-new-window=\"\" class=\"has_eae_slider elementor-column elementor-col-33 elementor-inner-column elementor-element elementor-element-5510d5e animated-fast ae-link-yes elementor-invisible\" data-eae-slider=\"78402\" data-id=\"5510d5e\" data-element_type=\"column\" data-e-type=\"column\" data-settings=\"{&quot;animation&quot;:&quot;fadeInUp&quot;,&quot;background_background&quot;:&quot;classic&quot;}\">\n\t\t\t<div class=\"elementor-widget-wrap elementor-element-populated\">\n\t\t\t\t\t\t<section class=\"has_eae_slider elementor-section elementor-inner-section elementor-element elementor-element-0364235 elementor-section-height-min-height elementor-section-boxed elementor-section-height-default\" data-eae-slider=\"86098\" data-id=\"0364235\" data-element_type=\"section\" data-e-type=\"section\">\n\t\t\t\t\t\t<div class=\"elementor-container elementor-column-gap-default\">\n\t\t\t\t\t<div class=\"has_eae_slider elementor-column elementor-col-100 elementor-inner-column elementor-element elementor-element-9746778 elementor-invisible\" data-eae-slider=\"44785\" data-id=\"9746778\" data-element_type=\"column\" data-e-type=\"column\" data-settings=\"{&quot;background_background&quot;:&quot;classic&quot;,&quot;animation&quot;:&quot;fadeIn&quot;}\">\n\t\t\t<div class=\"elementor-widget-wrap elementor-element-populated\">\n\t\t\t\t\t<div class=\"elementor-background-overlay\"><\/div>\n\t\t\t\t\t\t<div class=\"elementor-element elementor-element-6f9a27f elementor-widget elementor-widget-spacer\" data-id=\"6f9a27f\" data-element_type=\"widget\" data-e-type=\"widget\" data-widget_type=\"spacer.default\">\n\t\t\t\t<div class=\"elementor-widget-container\">\n\t\t\t\t\t\t\t<div class=\"elementor-spacer\">\n\t\t\t<div class=\"elementor-spacer-inner\"><\/div>\n\t\t<\/div>\n\t\t\t\t\t\t<\/div>\n\t\t\t\t<\/div>\n\t\t\t\t\t<\/div>\n\t\t<\/div>\n\t\t\t\t\t<\/div>\n\t\t<\/section>\n\t\t\t\t<div class=\"elementor-element elementor-element-126afbd elementor-widget elementor-widget-heading\" data-id=\"126afbd\" data-element_type=\"widget\" data-e-type=\"widget\" data-widget_type=\"heading.default\">\n\t\t\t\t<div class=\"elementor-widget-container\">\n\t\t\t\t\t<h1 class=\"elementor-heading-title elementor-size-large\"><a href=\"https:\/\/www.ff.unipo.sk\/slovencina\/?page_id=6575\">OBVYKL\u00c9 R\u00c1NA<\/a><\/h1>\t\t\t\t<\/div>\n\t\t\t\t<\/div>\n\t\t\t\t\t<\/div>\n\t\t<\/div>\n\t\t\t\t\t<\/div>\n\t\t<\/section>\n\t\t\t\t<\/div>\n\t\t","protected":false},"excerpt":{"rendered":"<p>D\u0139\u017dNE TELEFONICK\u00dd ROZHOVOR STAR\u010cEK A PES NA TRHU MAIL OD ERASMUS \u0160TUDENTA NA\u0160A \u0160KOLA OBVYKL\u00c9 R\u00c1NA<\/p>\n","protected":false},"author":1,"featured_media":0,"parent":5172,"menu_order":1,"comment_status":"closed","ping_status":"closed","template":"","meta":{"_acf_changed":false,"ocean_post_layout":"full-screen","ocean_both_sidebars_style":"","ocean_both_sidebars_content_width":0,"ocean_both_sidebars_sidebars_width":0,"ocean_sidebar":"0","ocean_second_sidebar":"0","ocean_disable_margins":"enable","ocean_add_body_class":"","ocean_shortcode_before_top_bar":"","ocean_shortcode_after_top_bar":"","ocean_shortcode_before_header":"","ocean_shortcode_after_header":"","ocean_has_shortcode":"","ocean_shortcode_after_title":"","ocean_shortcode_before_footer_widgets":"","ocean_shortcode_after_footer_widgets":"","ocean_shortcode_before_footer_bottom":"","ocean_shortcode_after_footer_bottom":"","ocean_display_top_bar":"off","ocean_display_header":"default","ocean_header_style":"","ocean_center_header_left_menu":"0","ocean_custom_header_template":"0","ocean_custom_logo":0,"ocean_custom_retina_logo":0,"ocean_custom_logo_max_width":0,"ocean_custom_logo_tablet_max_width":0,"ocean_custom_logo_mobile_max_width":0,"ocean_custom_logo_max_height":0,"ocean_custom_logo_tablet_max_height":0,"ocean_custom_logo_mobile_max_height":0,"ocean_header_custom_menu":"0","ocean_menu_typo_font_family":"0","ocean_menu_typo_font_subset":"","ocean_menu_typo_font_size":0,"ocean_menu_typo_font_size_tablet":0,"ocean_menu_typo_font_size_mobile":0,"ocean_menu_typo_font_size_unit":"px","ocean_menu_typo_font_weight":"","ocean_menu_typo_font_weight_tablet":"","ocean_menu_typo_font_weight_mobile":"","ocean_menu_typo_transform":"","ocean_menu_typo_transform_tablet":"","ocean_menu_typo_transform_mobile":"","ocean_menu_typo_line_height":0,"ocean_menu_typo_line_height_tablet":0,"ocean_menu_typo_line_height_mobile":0,"ocean_menu_typo_line_height_unit":"","ocean_menu_typo_spacing":0,"ocean_menu_typo_spacing_tablet":0,"ocean_menu_typo_spacing_mobile":0,"ocean_menu_typo_spacing_unit":"","ocean_menu_link_color":"","ocean_menu_link_color_hover":"","ocean_menu_link_color_active":"","ocean_menu_link_background":"","ocean_menu_link_hover_background":"","ocean_menu_link_active_background":"","ocean_menu_social_links_bg":"","ocean_menu_social_hover_links_bg":"","ocean_menu_social_links_color":"","ocean_menu_social_hover_links_color":"","ocean_disable_title":"on","ocean_disable_heading":"default","ocean_post_title":"","ocean_post_subheading":"","ocean_post_title_style":"","ocean_post_title_background_color":"","ocean_post_title_background":0,"ocean_post_title_bg_image_position":"","ocean_post_title_bg_image_attachment":"","ocean_post_title_bg_image_repeat":"","ocean_post_title_bg_image_size":"","ocean_post_title_height":0,"ocean_post_title_bg_overlay":0.5,"ocean_post_title_bg_overlay_color":"","ocean_disable_breadcrumbs":"default","ocean_breadcrumbs_color":"","ocean_breadcrumbs_separator_color":"","ocean_breadcrumbs_links_color":"","ocean_breadcrumbs_links_hover_color":"","ocean_display_footer_widgets":"off","ocean_display_footer_bottom":"default","ocean_custom_footer_template":"0","footnotes":""},"class_list":["post-6590","page","type-page","status-publish","hentry","entry"],"acf":[],"amp_enabled":true,"_links":{"self":[{"href":"https:\/\/www.ff.unipo.sk\/slovencina\/index.php?rest_route=\/wp\/v2\/pages\/6590","targetHints":{"allow":["GET"]}}],"collection":[{"href":"https:\/\/www.ff.unipo.sk\/slovencina\/index.php?rest_route=\/wp\/v2\/pages"}],"about":[{"href":"https:\/\/www.ff.unipo.sk\/slovencina\/index.php?rest_route=\/wp\/v2\/types\/page"}],"author":[{"embeddable":true,"href":"https:\/\/www.ff.unipo.sk\/slovencina\/index.php?rest_route=\/wp\/v2\/users\/1"}],"replies":[{"embeddable":true,"href":"https:\/\/www.ff.unipo.sk\/slovencina\/index.php?rest_route=%2Fwp%2Fv2%2Fcomments&post=6590"}],"version-history":[{"count":4,"href":"https:\/\/www.ff.unipo.sk\/slovencina\/index.php?rest_route=\/wp\/v2\/pages\/6590\/revisions"}],"predecessor-version":[{"id":6609,"href":"https:\/\/www.ff.unipo.sk\/slovencina\/index.php?rest_route=\/wp\/v2\/pages\/6590\/revisions\/6609"}],"up":[{"embeddable":true,"href":"https:\/\/www.ff.unipo.sk\/slovencina\/index.php?rest_route=\/wp\/v2\/pages\/5172"}],"wp:attachment":[{"href":"https:\/\/www.ff.unipo.sk\/slovencina\/index.php?rest_route=%2Fwp%2Fv2%2Fmedia&parent=6590"}],"curies":[{"name":"wp","href":"https:\/\/api.w.org\/{rel}","templated":true}]}}