{"id":6961,"date":"2024-09-26T09:15:52","date_gmt":"2024-09-26T07:15:52","guid":{"rendered":"https:\/\/www.ff.unipo.sk\/slovencina\/?page_id=6961"},"modified":"2024-10-15T12:55:35","modified_gmt":"2024-10-15T10:55:35","slug":"kolokvium2","status":"publish","type":"page","link":"https:\/\/www.ff.unipo.sk\/slovencina\/?page_id=6961","title":{"rendered":"SLOVAK BRAIN"},"content":{"rendered":"\t\t<div data-elementor-type=\"wp-page\" data-elementor-id=\"6961\" class=\"elementor elementor-6961\">\n\t\t\t\t\t\t<section class=\"has_eae_slider elementor-section elementor-top-section elementor-element elementor-element-10176c5b elementor-section-boxed elementor-section-height-default elementor-section-height-default\" data-eae-slider=\"61578\" data-id=\"10176c5b\" data-element_type=\"section\" data-e-type=\"section\">\n\t\t\t\t\t\t<div class=\"elementor-container elementor-column-gap-default\">\n\t\t\t\t\t<div class=\"has_eae_slider elementor-column elementor-col-100 elementor-top-column elementor-element elementor-element-166231fe\" data-eae-slider=\"34358\" data-id=\"166231fe\" data-element_type=\"column\" data-e-type=\"column\">\n\t\t\t<div class=\"elementor-widget-wrap elementor-element-populated\">\n\t\t\t\t\t\t<div class=\"elementor-element elementor-element-610e4c7b elementor-widget elementor-widget-image\" data-id=\"610e4c7b\" data-element_type=\"widget\" data-e-type=\"widget\" data-widget_type=\"image.default\">\n\t\t\t\t<div class=\"elementor-widget-container\">\n\t\t\t\t\t\t\t\t\t\t\t\t\t\t\t<img fetchpriority=\"high\" decoding=\"async\" width=\"2048\" height=\"343\" src=\"https:\/\/www.ff.unipo.sk\/slovencina\/wp-content\/uploads\/2023\/05\/banner-2048x343.png\" class=\"attachment-2048x2048 size-2048x2048 wp-image-1886\" alt=\"\" srcset=\"https:\/\/www.ff.unipo.sk\/slovencina\/wp-content\/uploads\/2023\/05\/banner-2048x343.png 2048w, https:\/\/www.ff.unipo.sk\/slovencina\/wp-content\/uploads\/2023\/05\/banner-300x50.png 300w, https:\/\/www.ff.unipo.sk\/slovencina\/wp-content\/uploads\/2023\/05\/banner-1024x172.png 1024w, https:\/\/www.ff.unipo.sk\/slovencina\/wp-content\/uploads\/2023\/05\/banner-768x129.png 768w, https:\/\/www.ff.unipo.sk\/slovencina\/wp-content\/uploads\/2023\/05\/banner-1536x258.png 1536w\" sizes=\"(max-width: 2048px) 100vw, 2048px\" \/>\t\t\t\t\t\t\t\t\t\t\t\t\t\t\t<\/div>\n\t\t\t\t<\/div>\n\t\t\t\t<div class=\"elementor-element elementor-element-1aa9cfd9 elementor-widget elementor-widget-heading\" data-id=\"1aa9cfd9\" data-element_type=\"widget\" data-e-type=\"widget\" data-widget_type=\"heading.default\">\n\t\t\t\t<div class=\"elementor-widget-container\">\n\t\t\t\t\t<h2 class=\"elementor-heading-title elementor-size-default\">SLOVAK BRAIN<BR>SLOVEN\u010cINA AKO CUDZ\u00cd JAZYK <BR>BRAINSTORMINGOVO A INTERFEJS<BR> \u2013 ODBORN\u00c9 KOLOKVIUM<\/h2>\t\t\t\t<\/div>\n\t\t\t\t<\/div>\n\t\t\t\t\t<\/div>\n\t\t<\/div>\n\t\t\t\t\t<\/div>\n\t\t<\/section>\n\t\t\t\t<section class=\"has_eae_slider elementor-section elementor-top-section elementor-element elementor-element-6a3dcd7 elementor-section-boxed elementor-section-height-default elementor-section-height-default\" data-eae-slider=\"70133\" data-id=\"6a3dcd7\" data-element_type=\"section\" data-e-type=\"section\">\n\t\t\t\t\t\t<div class=\"elementor-container elementor-column-gap-default\">\n\t\t\t\t\t<div class=\"has_eae_slider elementor-column elementor-col-100 elementor-top-column elementor-element elementor-element-6e75bbf\" data-eae-slider=\"19055\" data-id=\"6e75bbf\" data-element_type=\"column\" data-e-type=\"column\">\n\t\t\t<div class=\"elementor-widget-wrap elementor-element-populated\">\n\t\t\t\t\t\t<div class=\"elementor-element elementor-element-3a26e7f elementor-widget-divider--view-line elementor-widget elementor-widget-divider\" data-id=\"3a26e7f\" data-element_type=\"widget\" data-e-type=\"widget\" data-widget_type=\"divider.default\">\n\t\t\t\t<div class=\"elementor-widget-container\">\n\t\t\t\t\t\t\t<div class=\"elementor-divider\">\n\t\t\t<span class=\"elementor-divider-separator\">\n\t\t\t\t\t\t<\/span>\n\t\t<\/div>\n\t\t\t\t\t\t<\/div>\n\t\t\t\t<\/div>\n\t\t\t\t\t<\/div>\n\t\t<\/div>\n\t\t\t\t\t<\/div>\n\t\t<\/section>\n\t\t\t\t<section class=\"has_eae_slider elementor-section elementor-top-section elementor-element elementor-element-e227ee5 elementor-section-boxed elementor-section-height-default elementor-section-height-default\" data-eae-slider=\"95905\" data-id=\"e227ee5\" data-element_type=\"section\" data-e-type=\"section\">\n\t\t\t\t\t\t<div class=\"elementor-container elementor-column-gap-default\">\n\t\t\t\t\t<div class=\"has_eae_slider elementor-column elementor-col-100 elementor-top-column elementor-element elementor-element-e1f1dbf\" data-eae-slider=\"44583\" data-id=\"e1f1dbf\" data-element_type=\"column\" data-e-type=\"column\">\n\t\t\t<div class=\"elementor-widget-wrap elementor-element-populated\">\n\t\t\t\t\t\t<div class=\"elementor-element elementor-element-e9ba100 elementor-widget elementor-widget-text-editor\" data-id=\"e9ba100\" data-element_type=\"widget\" data-e-type=\"widget\" data-widget_type=\"text-editor.default\">\n\t\t\t\t<div class=\"elementor-widget-container\">\n\t\t\t\t\t\t\t\t\t<p><span style=\"color: #000000;\"><b style=\"color: #000000;\">19. septembra 2024 <\/b><span style=\"color: #000000;\">sa v Pre\u0161ove uskuto\u010dnilo odborn\u00e9 kolokvium <\/span><b><span style=\"color: #3366ff;\"><span style=\"color: #0070ff;\">SLOV<\/span><span style=\"color: #aa3b00;\">EN\u010cINA <\/span><\/span><span style=\"color: #000000;\">\u00a0<\/span><span style=\"color: #0070ff;\"><span style=\"color: #3366ff;\">AKO<\/span><\/span><span style=\"color: #aa3b00;\"><span style=\"color: #000000;\"><span style=\"color: #aa3b00;\"> CUDZ\u00cd<\/span> <span style=\"color: #aa3b00;\">JAZYK <\/span><\/span><\/span><span style=\"color: #0070ff;\">BRA<\/span><span style=\"color: #000000;\"><span style=\"color: #aa3b00;\">INSTORMINGOVO A <\/span><\/span><span style=\"color: #0070ff;\">IN<\/span><span style=\"color: #ff0000;\"><span style=\"color: #000000;\"><span style=\"color: #ff0000;\"><span style=\"color: #aa3b00;\">TERFEJS<\/span><span style=\"color: #000000;\">.<\/span><\/span><\/span><\/span><\/b><span style=\"color: #000000;\">\u00a0<\/span><\/span><\/p><p><span style=\"color: #000000;\">Pozv\u00e1nka na kolokvium \u00a0\u2013 <a href=\"https:\/\/www.ff.unipo.sk\/slovencina\/wp-content\/uploads\/2024\/09\/slovencina_ako_cudzi_jazyk_kolokvium_2024_pozvanka.pdf\" target=\"_blank\" rel=\"noopener\"><img decoding=\"async\" class=\"size-full wp-image-2768\" src=\"https:\/\/www.ff.unipo.sk\/slovencina\/wp-content\/uploads\/2023\/10\/pdf.png\" alt=\"\" width=\"28\" height=\"28\" \/><\/a>.\u00a0<\/span><\/p><p><span style=\"color: #000000;\">Program kolokvia \u2013 <a href=\"https:\/\/www.ff.unipo.sk\/slovencina\/wp-content\/uploads\/2024\/09\/slovak_brain-program.pdf\" target=\"_blank\" rel=\"noopener\"><img decoding=\"async\" class=\"size-full wp-image-2768\" src=\"https:\/\/www.ff.unipo.sk\/slovencina\/wp-content\/uploads\/2023\/10\/pdf.png\" alt=\"\" width=\"28\" height=\"28\" \/><\/a>.\u00a0<\/span><\/p>\t\t\t\t\t\t\t\t<\/div>\n\t\t\t\t<\/div>\n\t\t\t\t\t<\/div>\n\t\t<\/div>\n\t\t\t\t\t<\/div>\n\t\t<\/section>\n\t\t\t\t<section class=\"has_eae_slider elementor-section elementor-top-section elementor-element elementor-element-404b331 elementor-section-boxed elementor-section-height-default elementor-section-height-default\" data-eae-slider=\"30992\" data-id=\"404b331\" data-element_type=\"section\" data-e-type=\"section\">\n\t\t\t\t\t\t<div class=\"elementor-container elementor-column-gap-default\">\n\t\t\t\t\t<div class=\"has_eae_slider elementor-column elementor-col-100 elementor-top-column elementor-element elementor-element-c44646c\" data-eae-slider=\"1182\" data-id=\"c44646c\" data-element_type=\"column\" data-e-type=\"column\">\n\t\t\t<div class=\"elementor-widget-wrap elementor-element-populated\">\n\t\t\t\t\t\t<div class=\"elementor-element elementor-element-6cecd4a elementor-widget elementor-widget-image-gallery\" data-id=\"6cecd4a\" data-element_type=\"widget\" data-e-type=\"widget\" data-widget_type=\"image-gallery.default\">\n\t\t\t\t<div class=\"elementor-widget-container\">\n\t\t\t\t\t\t\t<div class=\"elementor-image-gallery\">\n\t\t\t<div id='gallery-1' class='gallery galleryid-6961 gallery-columns-3 gallery-size-medium'><figure class='gallery-item'>\n\t\t\t<div class='gallery-icon landscape'>\n\t\t\t\t<a data-elementor-open-lightbox=\"yes\" data-elementor-lightbox-slideshow=\"6cecd4a\" data-elementor-lightbox-title=\"IMG_20240919_143217\" data-e-action-hash=\"#elementor-action%3Aaction%3Dlightbox%26settings%3DeyJpZCI6NzAzMiwidXJsIjoiaHR0cHM6XC9cL3d3dy5mZi51bmlwby5za1wvc2xvdmVuY2luYVwvd3AtY29udGVudFwvdXBsb2Fkc1wvMjAyNFwvMTBcL0lNR18yMDI0MDkxOV8xNDMyMTctc2NhbGVkLmpwZyIsInNsaWRlc2hvdyI6IjZjZWNkNGEifQ%3D%3D\" href='https:\/\/www.ff.unipo.sk\/slovencina\/wp-content\/uploads\/2024\/10\/IMG_20240919_143217-scaled.jpg'><img decoding=\"async\" width=\"300\" height=\"225\" src=\"https:\/\/www.ff.unipo.sk\/slovencina\/wp-content\/uploads\/2024\/10\/IMG_20240919_143217-300x225.jpg\" class=\"attachment-medium size-medium\" alt=\"\" srcset=\"https:\/\/www.ff.unipo.sk\/slovencina\/wp-content\/uploads\/2024\/10\/IMG_20240919_143217-300x225.jpg 300w, https:\/\/www.ff.unipo.sk\/slovencina\/wp-content\/uploads\/2024\/10\/IMG_20240919_143217-1024x768.jpg 1024w, https:\/\/www.ff.unipo.sk\/slovencina\/wp-content\/uploads\/2024\/10\/IMG_20240919_143217-768x576.jpg 768w, https:\/\/www.ff.unipo.sk\/slovencina\/wp-content\/uploads\/2024\/10\/IMG_20240919_143217-1536x1152.jpg 1536w, https:\/\/www.ff.unipo.sk\/slovencina\/wp-content\/uploads\/2024\/10\/IMG_20240919_143217-2048x1536.jpg 2048w\" sizes=\"(max-width: 300px) 100vw, 300px\" \/><\/a>\n\t\t\t<\/div><\/figure><figure class='gallery-item'>\n\t\t\t<div class='gallery-icon landscape'>\n\t\t\t\t<a data-elementor-open-lightbox=\"yes\" data-elementor-lightbox-slideshow=\"6cecd4a\" data-elementor-lightbox-title=\"IMG_20240919_114522\" data-e-action-hash=\"#elementor-action%3Aaction%3Dlightbox%26settings%3DeyJpZCI6NzAzMSwidXJsIjoiaHR0cHM6XC9cL3d3dy5mZi51bmlwby5za1wvc2xvdmVuY2luYVwvd3AtY29udGVudFwvdXBsb2Fkc1wvMjAyNFwvMTBcL0lNR18yMDI0MDkxOV8xMTQ1MjItc2NhbGVkLmpwZyIsInNsaWRlc2hvdyI6IjZjZWNkNGEifQ%3D%3D\" href='https:\/\/www.ff.unipo.sk\/slovencina\/wp-content\/uploads\/2024\/10\/IMG_20240919_114522-scaled.jpg'><img loading=\"lazy\" decoding=\"async\" width=\"300\" height=\"225\" src=\"https:\/\/www.ff.unipo.sk\/slovencina\/wp-content\/uploads\/2024\/10\/IMG_20240919_114522-300x225.jpg\" class=\"attachment-medium size-medium\" alt=\"\" srcset=\"https:\/\/www.ff.unipo.sk\/slovencina\/wp-content\/uploads\/2024\/10\/IMG_20240919_114522-300x225.jpg 300w, https:\/\/www.ff.unipo.sk\/slovencina\/wp-content\/uploads\/2024\/10\/IMG_20240919_114522-1024x768.jpg 1024w, https:\/\/www.ff.unipo.sk\/slovencina\/wp-content\/uploads\/2024\/10\/IMG_20240919_114522-768x576.jpg 768w, https:\/\/www.ff.unipo.sk\/slovencina\/wp-content\/uploads\/2024\/10\/IMG_20240919_114522-1536x1152.jpg 1536w, https:\/\/www.ff.unipo.sk\/slovencina\/wp-content\/uploads\/2024\/10\/IMG_20240919_114522-2048x1536.jpg 2048w\" sizes=\"(max-width: 300px) 100vw, 300px\" \/><\/a>\n\t\t\t<\/div><\/figure><figure class='gallery-item'>\n\t\t\t<div class='gallery-icon landscape'>\n\t\t\t\t<a data-elementor-open-lightbox=\"yes\" data-elementor-lightbox-slideshow=\"6cecd4a\" data-elementor-lightbox-title=\"IMG_20240919_102122\" data-e-action-hash=\"#elementor-action%3Aaction%3Dlightbox%26settings%3DeyJpZCI6NzAzMCwidXJsIjoiaHR0cHM6XC9cL3d3dy5mZi51bmlwby5za1wvc2xvdmVuY2luYVwvd3AtY29udGVudFwvdXBsb2Fkc1wvMjAyNFwvMTBcL0lNR18yMDI0MDkxOV8xMDIxMjItc2NhbGVkLmpwZyIsInNsaWRlc2hvdyI6IjZjZWNkNGEifQ%3D%3D\" href='https:\/\/www.ff.unipo.sk\/slovencina\/wp-content\/uploads\/2024\/10\/IMG_20240919_102122-scaled.jpg'><img loading=\"lazy\" decoding=\"async\" width=\"300\" height=\"225\" src=\"https:\/\/www.ff.unipo.sk\/slovencina\/wp-content\/uploads\/2024\/10\/IMG_20240919_102122-300x225.jpg\" class=\"attachment-medium size-medium\" alt=\"\" srcset=\"https:\/\/www.ff.unipo.sk\/slovencina\/wp-content\/uploads\/2024\/10\/IMG_20240919_102122-300x225.jpg 300w, https:\/\/www.ff.unipo.sk\/slovencina\/wp-content\/uploads\/2024\/10\/IMG_20240919_102122-1024x768.jpg 1024w, https:\/\/www.ff.unipo.sk\/slovencina\/wp-content\/uploads\/2024\/10\/IMG_20240919_102122-768x576.jpg 768w, https:\/\/www.ff.unipo.sk\/slovencina\/wp-content\/uploads\/2024\/10\/IMG_20240919_102122-1536x1152.jpg 1536w, https:\/\/www.ff.unipo.sk\/slovencina\/wp-content\/uploads\/2024\/10\/IMG_20240919_102122-2048x1536.jpg 2048w\" sizes=\"(max-width: 300px) 100vw, 300px\" \/><\/a>\n\t\t\t<\/div><\/figure><figure class='gallery-item'>\n\t\t\t<div class='gallery-icon landscape'>\n\t\t\t\t<a data-elementor-open-lightbox=\"yes\" data-elementor-lightbox-slideshow=\"6cecd4a\" data-elementor-lightbox-title=\"IMG_20240919_100127_1\" data-e-action-hash=\"#elementor-action%3Aaction%3Dlightbox%26settings%3DeyJpZCI6NzAyOSwidXJsIjoiaHR0cHM6XC9cL3d3dy5mZi51bmlwby5za1wvc2xvdmVuY2luYVwvd3AtY29udGVudFwvdXBsb2Fkc1wvMjAyNFwvMTBcL0lNR18yMDI0MDkxOV8xMDAxMjdfMS1zY2FsZWQuanBnIiwic2xpZGVzaG93IjoiNmNlY2Q0YSJ9\" href='https:\/\/www.ff.unipo.sk\/slovencina\/wp-content\/uploads\/2024\/10\/IMG_20240919_100127_1-scaled.jpg'><img loading=\"lazy\" decoding=\"async\" width=\"300\" height=\"225\" src=\"https:\/\/www.ff.unipo.sk\/slovencina\/wp-content\/uploads\/2024\/10\/IMG_20240919_100127_1-300x225.jpg\" class=\"attachment-medium size-medium\" alt=\"\" srcset=\"https:\/\/www.ff.unipo.sk\/slovencina\/wp-content\/uploads\/2024\/10\/IMG_20240919_100127_1-300x225.jpg 300w, https:\/\/www.ff.unipo.sk\/slovencina\/wp-content\/uploads\/2024\/10\/IMG_20240919_100127_1-1024x768.jpg 1024w, https:\/\/www.ff.unipo.sk\/slovencina\/wp-content\/uploads\/2024\/10\/IMG_20240919_100127_1-768x576.jpg 768w, https:\/\/www.ff.unipo.sk\/slovencina\/wp-content\/uploads\/2024\/10\/IMG_20240919_100127_1-1536x1152.jpg 1536w, https:\/\/www.ff.unipo.sk\/slovencina\/wp-content\/uploads\/2024\/10\/IMG_20240919_100127_1-2048x1536.jpg 2048w\" sizes=\"(max-width: 300px) 100vw, 300px\" \/><\/a>\n\t\t\t<\/div><\/figure><figure class='gallery-item'>\n\t\t\t<div class='gallery-icon landscape'>\n\t\t\t\t<a data-elementor-open-lightbox=\"yes\" data-elementor-lightbox-slideshow=\"6cecd4a\" data-elementor-lightbox-title=\"IMG_20240919_094959\" data-e-action-hash=\"#elementor-action%3Aaction%3Dlightbox%26settings%3DeyJpZCI6NzAyOCwidXJsIjoiaHR0cHM6XC9cL3d3dy5mZi51bmlwby5za1wvc2xvdmVuY2luYVwvd3AtY29udGVudFwvdXBsb2Fkc1wvMjAyNFwvMTBcL0lNR18yMDI0MDkxOV8wOTQ5NTktc2NhbGVkLmpwZyIsInNsaWRlc2hvdyI6IjZjZWNkNGEifQ%3D%3D\" href='https:\/\/www.ff.unipo.sk\/slovencina\/wp-content\/uploads\/2024\/10\/IMG_20240919_094959-scaled.jpg'><img loading=\"lazy\" decoding=\"async\" width=\"300\" height=\"225\" src=\"https:\/\/www.ff.unipo.sk\/slovencina\/wp-content\/uploads\/2024\/10\/IMG_20240919_094959-300x225.jpg\" class=\"attachment-medium size-medium\" alt=\"\" srcset=\"https:\/\/www.ff.unipo.sk\/slovencina\/wp-content\/uploads\/2024\/10\/IMG_20240919_094959-300x225.jpg 300w, https:\/\/www.ff.unipo.sk\/slovencina\/wp-content\/uploads\/2024\/10\/IMG_20240919_094959-1024x768.jpg 1024w, https:\/\/www.ff.unipo.sk\/slovencina\/wp-content\/uploads\/2024\/10\/IMG_20240919_094959-768x576.jpg 768w, https:\/\/www.ff.unipo.sk\/slovencina\/wp-content\/uploads\/2024\/10\/IMG_20240919_094959-1536x1152.jpg 1536w, https:\/\/www.ff.unipo.sk\/slovencina\/wp-content\/uploads\/2024\/10\/IMG_20240919_094959-2048x1536.jpg 2048w\" sizes=\"(max-width: 300px) 100vw, 300px\" \/><\/a>\n\t\t\t<\/div><\/figure>\n\t\t<\/div>\n\t\t<\/div>\n\t\t\t\t\t\t<\/div>\n\t\t\t\t<\/div>\n\t\t\t\t\t<\/div>\n\t\t<\/div>\n\t\t\t\t\t<\/div>\n\t\t<\/section>\n\t\t\t\t<\/div>\n\t\t","protected":false},"excerpt":{"rendered":"<p>SLOVAK BRAINSLOVEN\u010cINA AKO CUDZ\u00cd JAZYK BRAINSTORMINGOVO A INTERFEJS \u2013 ODBORN\u00c9 KOLOKVIUM 19. septembra 2024 sa v Pre\u0161ove uskuto\u010dnilo odborn\u00e9 kolokvium SLOVEN\u010cINA \u00a0AKO CUDZ\u00cd JAZYK BRAINSTORMINGOVO A INTERFEJS.\u00a0 Pozv\u00e1nka na kolokvium \u00a0\u2013 .\u00a0 Program kolokvia \u2013 .\u00a0<\/p>\n","protected":false},"author":1,"featured_media":0,"parent":2986,"menu_order":2,"comment_status":"closed","ping_status":"closed","template":"","meta":{"_acf_changed":false,"ocean_post_layout":"full-screen","ocean_both_sidebars_style":"","ocean_both_sidebars_content_width":0,"ocean_both_sidebars_sidebars_width":0,"ocean_sidebar":"0","ocean_second_sidebar":"0","ocean_disable_margins":"enable","ocean_add_body_class":"","ocean_shortcode_before_top_bar":"","ocean_shortcode_after_top_bar":"","ocean_shortcode_before_header":"","ocean_shortcode_after_header":"","ocean_has_shortcode":"","ocean_shortcode_after_title":"","ocean_shortcode_before_footer_widgets":"","ocean_shortcode_after_footer_widgets":"","ocean_shortcode_before_footer_bottom":"","ocean_shortcode_after_footer_bottom":"","ocean_display_top_bar":"off","ocean_display_header":"default","ocean_header_style":"","ocean_center_header_left_menu":"0","ocean_custom_header_template":"0","ocean_custom_logo":0,"ocean_custom_retina_logo":0,"ocean_custom_logo_max_width":0,"ocean_custom_logo_tablet_max_width":0,"ocean_custom_logo_mobile_max_width":0,"ocean_custom_logo_max_height":0,"ocean_custom_logo_tablet_max_height":0,"ocean_custom_logo_mobile_max_height":0,"ocean_header_custom_menu":"0","ocean_menu_typo_font_family":"0","ocean_menu_typo_font_subset":"","ocean_menu_typo_font_size":0,"ocean_menu_typo_font_size_tablet":0,"ocean_menu_typo_font_size_mobile":0,"ocean_menu_typo_font_size_unit":"px","ocean_menu_typo_font_weight":"","ocean_menu_typo_font_weight_tablet":"","ocean_menu_typo_font_weight_mobile":"","ocean_menu_typo_transform":"","ocean_menu_typo_transform_tablet":"","ocean_menu_typo_transform_mobile":"","ocean_menu_typo_line_height":0,"ocean_menu_typo_line_height_tablet":0,"ocean_menu_typo_line_height_mobile":0,"ocean_menu_typo_line_height_unit":"","ocean_menu_typo_spacing":0,"ocean_menu_typo_spacing_tablet":0,"ocean_menu_typo_spacing_mobile":0,"ocean_menu_typo_spacing_unit":"","ocean_menu_link_color":"","ocean_menu_link_color_hover":"","ocean_menu_link_color_active":"","ocean_menu_link_background":"","ocean_menu_link_hover_background":"","ocean_menu_link_active_background":"","ocean_menu_social_links_bg":"","ocean_menu_social_hover_links_bg":"","ocean_menu_social_links_color":"","ocean_menu_social_hover_links_color":"","ocean_disable_title":"on","ocean_disable_heading":"default","ocean_post_title":"","ocean_post_subheading":"","ocean_post_title_style":"","ocean_post_title_background_color":"","ocean_post_title_background":0,"ocean_post_title_bg_image_position":"","ocean_post_title_bg_image_attachment":"","ocean_post_title_bg_image_repeat":"","ocean_post_title_bg_image_size":"","ocean_post_title_height":0,"ocean_post_title_bg_overlay":0.5,"ocean_post_title_bg_overlay_color":"","ocean_disable_breadcrumbs":"default","ocean_breadcrumbs_color":"","ocean_breadcrumbs_separator_color":"","ocean_breadcrumbs_links_color":"","ocean_breadcrumbs_links_hover_color":"","ocean_display_footer_widgets":"off","ocean_display_footer_bottom":"default","ocean_custom_footer_template":"0","footnotes":""},"class_list":["post-6961","page","type-page","status-publish","hentry","entry"],"acf":[],"amp_enabled":true,"_links":{"self":[{"href":"https:\/\/www.ff.unipo.sk\/slovencina\/index.php?rest_route=\/wp\/v2\/pages\/6961","targetHints":{"allow":["GET"]}}],"collection":[{"href":"https:\/\/www.ff.unipo.sk\/slovencina\/index.php?rest_route=\/wp\/v2\/pages"}],"about":[{"href":"https:\/\/www.ff.unipo.sk\/slovencina\/index.php?rest_route=\/wp\/v2\/types\/page"}],"author":[{"embeddable":true,"href":"https:\/\/www.ff.unipo.sk\/slovencina\/index.php?rest_route=\/wp\/v2\/users\/1"}],"replies":[{"embeddable":true,"href":"https:\/\/www.ff.unipo.sk\/slovencina\/index.php?rest_route=%2Fwp%2Fv2%2Fcomments&post=6961"}],"version-history":[{"count":13,"href":"https:\/\/www.ff.unipo.sk\/slovencina\/index.php?rest_route=\/wp\/v2\/pages\/6961\/revisions"}],"predecessor-version":[{"id":7039,"href":"https:\/\/www.ff.unipo.sk\/slovencina\/index.php?rest_route=\/wp\/v2\/pages\/6961\/revisions\/7039"}],"up":[{"embeddable":true,"href":"https:\/\/www.ff.unipo.sk\/slovencina\/index.php?rest_route=\/wp\/v2\/pages\/2986"}],"wp:attachment":[{"href":"https:\/\/www.ff.unipo.sk\/slovencina\/index.php?rest_route=%2Fwp%2Fv2%2Fmedia&parent=6961"}],"curies":[{"name":"wp","href":"https:\/\/api.w.org\/{rel}","templated":true}]}}