{"id":7709,"date":"2024-12-08T15:42:46","date_gmt":"2024-12-08T14:42:46","guid":{"rendered":"https:\/\/www.ff.unipo.sk\/slovencina\/?page_id=7709"},"modified":"2024-12-19T12:32:03","modified_gmt":"2024-12-19T11:32:03","slug":"v-univerzitnej-kniznici-lexika","status":"publish","type":"page","link":"https:\/\/www.ff.unipo.sk\/slovencina\/?page_id=7709","title":{"rendered":"V UNIVERZITNEJ KNI\u017dNICI"},"content":{"rendered":"\t\t<div data-elementor-type=\"wp-page\" data-elementor-id=\"7709\" class=\"elementor elementor-7709\">\n\t\t\t\t\t\t<section class=\"has_eae_slider elementor-section elementor-top-section elementor-element elementor-element-5e157081 elementor-section-boxed elementor-section-height-default elementor-section-height-default\" data-eae-slider=\"15046\" data-id=\"5e157081\" data-element_type=\"section\" data-e-type=\"section\">\n\t\t\t\t\t\t<div class=\"elementor-container elementor-column-gap-default\">\n\t\t\t\t\t<div class=\"has_eae_slider elementor-column elementor-col-100 elementor-top-column elementor-element elementor-element-7dbf1cc5\" data-eae-slider=\"87934\" data-id=\"7dbf1cc5\" data-element_type=\"column\" data-e-type=\"column\">\n\t\t\t<div class=\"elementor-widget-wrap elementor-element-populated\">\n\t\t\t\t\t\t<div class=\"elementor-element elementor-element-5cbcfef0 elementor-widget elementor-widget-image\" data-id=\"5cbcfef0\" data-element_type=\"widget\" data-e-type=\"widget\" data-widget_type=\"image.default\">\n\t\t\t\t<div class=\"elementor-widget-container\">\n\t\t\t\t\t\t\t\t\t\t\t\t\t\t\t<img fetchpriority=\"high\" decoding=\"async\" width=\"2048\" height=\"343\" src=\"https:\/\/www.ff.unipo.sk\/slovencina\/wp-content\/uploads\/2023\/05\/banner-2048x343.png\" class=\"attachment-2048x2048 size-2048x2048 wp-image-1886\" alt=\"\" srcset=\"https:\/\/www.ff.unipo.sk\/slovencina\/wp-content\/uploads\/2023\/05\/banner-2048x343.png 2048w, https:\/\/www.ff.unipo.sk\/slovencina\/wp-content\/uploads\/2023\/05\/banner-300x50.png 300w, https:\/\/www.ff.unipo.sk\/slovencina\/wp-content\/uploads\/2023\/05\/banner-1024x172.png 1024w, https:\/\/www.ff.unipo.sk\/slovencina\/wp-content\/uploads\/2023\/05\/banner-768x129.png 768w, https:\/\/www.ff.unipo.sk\/slovencina\/wp-content\/uploads\/2023\/05\/banner-1536x258.png 1536w\" sizes=\"(max-width: 2048px) 100vw, 2048px\" \/>\t\t\t\t\t\t\t\t\t\t\t\t\t\t\t<\/div>\n\t\t\t\t<\/div>\n\t\t\t\t\t<\/div>\n\t\t<\/div>\n\t\t\t\t\t<\/div>\n\t\t<\/section>\n\t\t\t\t<section class=\"has_eae_slider elementor-section elementor-top-section elementor-element elementor-element-304a230 elementor-section-boxed elementor-section-height-default elementor-section-height-default\" data-eae-slider=\"19040\" data-id=\"304a230\" data-element_type=\"section\" data-e-type=\"section\">\n\t\t\t\t\t\t<div class=\"elementor-container elementor-column-gap-default\">\n\t\t\t\t\t<div class=\"has_eae_slider elementor-column elementor-col-100 elementor-top-column elementor-element elementor-element-add7be2\" data-eae-slider=\"6862\" data-id=\"add7be2\" data-element_type=\"column\" data-e-type=\"column\">\n\t\t\t<div class=\"elementor-widget-wrap elementor-element-populated\">\n\t\t\t\t\t\t<div class=\"elementor-element elementor-element-fed30d7 elementor-widget elementor-widget-heading\" data-id=\"fed30d7\" data-element_type=\"widget\" data-e-type=\"widget\" data-widget_type=\"heading.default\">\n\t\t\t\t<div class=\"elementor-widget-container\">\n\t\t\t\t\t<h2 class=\"elementor-heading-title elementor-size-default\">V UNIVERZITNEJ KNI\u017dNICI<\/h2>\t\t\t\t<\/div>\n\t\t\t\t<\/div>\n\t\t\t\t\t<\/div>\n\t\t<\/div>\n\t\t\t\t\t<\/div>\n\t\t<\/section>\n\t\t\t\t<section class=\"has_eae_slider elementor-section elementor-top-section elementor-element elementor-element-40393b7 elementor-section-boxed elementor-section-height-default elementor-section-height-default\" data-eae-slider=\"78052\" data-id=\"40393b7\" data-element_type=\"section\" data-e-type=\"section\">\n\t\t\t\t\t\t<div class=\"elementor-container elementor-column-gap-default\">\n\t\t\t\t\t<div class=\"has_eae_slider elementor-column elementor-col-16 elementor-top-column elementor-element elementor-element-f290aed\" data-eae-slider=\"26417\" data-id=\"f290aed\" data-element_type=\"column\" data-e-type=\"column\">\n\t\t\t<div class=\"elementor-widget-wrap\">\n\t\t\t\t\t\t\t<\/div>\n\t\t<\/div>\n\t\t\t\t<div class=\"has_eae_slider elementor-column elementor-col-66 elementor-top-column elementor-element elementor-element-48101b2\" data-eae-slider=\"79532\" data-id=\"48101b2\" data-element_type=\"column\" data-e-type=\"column\">\n\t\t\t<div class=\"elementor-widget-wrap elementor-element-populated\">\n\t\t\t\t\t\t<div class=\"elementor-element elementor-element-0da5ab1 elementor-widget elementor-widget-text-editor\" data-id=\"0da5ab1\" data-element_type=\"widget\" data-e-type=\"widget\" data-widget_type=\"text-editor.default\">\n\t\t\t\t<div class=\"elementor-widget-container\">\n\t\t\t\t\t\t\t\t\t<table><tbody><tr><td width=\"212\"><p>centr\u00e1lne pracovisko kni\u017enice<\/p><\/td><td width=\"213\"><p>\u0446\u0435\u043d\u0442\u0440\u0430\u043b\u044c\u043d\u0438\u0439 \u0432\u0456\u0434\u0434\u0456\u043b \u00a0\u0431\u0456\u0431\u043b\u0456\u043e\u0442\u0435\u043a\u0438<\/p><\/td><td width=\"179\"><p>central library<\/p><\/td><\/tr><tr><td width=\"212\"><p>\u010ditate\u013e\/\u010ditate\u013eka<\/p><\/td><td width=\"213\"><p>\u0447\u0438\u0442\u0430\u0447\/\u0447\u0438\u0442\u0430\u0447\u043a\u0430<\/p><\/td><td width=\"179\"><p>reader<\/p><\/td><\/tr><tr><td width=\"212\"><p>dielo<\/p><\/td><td width=\"213\"><p>\u0442\u0432\u0456\u0440<\/p><\/td><td width=\"179\"><p>work<\/p><\/td><\/tr><tr><td width=\"212\"><p>foti\u0165, fotografova\u0165<\/p><\/td><td width=\"213\"><p>\u0444\u043e\u0442\u043e\u0433\u0440\u0430\u0444\u0443\u0432\u0430\u0442\u0438<\/p><\/td><td width=\"179\"><p>to take photos<\/p><\/td><\/tr><tr><td width=\"212\"><p>in\u0161trukt\u00e1\u017ene vide\u00e1<\/p><\/td><td width=\"213\"><p>\u0456\u043d\u0442\u0441\u0442\u0440\u0443\u043a\u0442\u0430\u0436\u043d\u0456 \u0432\u0456\u0434\u0435\u043e<\/p><\/td><td width=\"179\"><p>instructional videos<\/p><\/td><\/tr><tr><td width=\"212\"><p>Je nutn\u00e9 zachov\u00e1va\u0165 ticho.<\/p><\/td><td width=\"213\"><p>\u041d\u0435\u043e\u0431\u0445\u0456\u0434\u043d\u043e \u0437\u0431\u0435\u0440\u0456\u0433\u0430\u0442\u0438 \u0442\u0438\u0448\u0443.<\/p><\/td><td width=\"179\"><p>It is necessary to keep quiet\/silence.<\/p><\/td><\/tr><tr><td width=\"212\"><p>klikn\u00fa\u0165, klika\u0165<\/p><\/td><td width=\"213\"><p>\u043a\u043b\u0456\u043a\u043d\u0443\u0442\u0438, \u043a\u043b\u0456\u043a\u0430\u0442\u0438<\/p><\/td><td width=\"179\"><p>to click<\/p><\/td><\/tr><tr><td width=\"212\"><p>k\u013e\u00fa\u010dov\u00e9 slov\u00e1<\/p><\/td><td width=\"213\"><p>\u043a\u043b\u044e\u0447\u043e\u0432\u0456 \u0441\u043b\u043e\u0432\u0430<\/p><\/td><td width=\"179\"><p>key words<\/p><\/td><\/tr><tr><td width=\"212\"><p>knihovn\u00ed\u010dka<\/p><\/td><td width=\"213\"><p>\u0431\u0456\u0431\u043b\u0456\u043e\u0442\u0435\u043a\u0430\u0440\u043a\u0430<\/p><\/td><td width=\"179\"><p>librarian<\/p><\/td><\/tr><tr><td width=\"212\"><p>kni\u017enica<\/p><\/td><td width=\"213\"><p>\u0431\u0456\u0431\u043b\u0456\u043e\u0442\u0435\u043a\u0430<\/p><\/td><td width=\"179\"><p>library<\/p><\/td><\/tr><tr><td width=\"212\"><p>kni\u017eni\u010dn\u00e9 jednotky<\/p><\/td><td width=\"213\"><p>\u0431\u0456\u0431\u043b\u0456\u043e\u0442\u0435\u0447\u043d\u0456 \u043e\u0434\u0438\u043d\u0438\u0446\u0456<\/p><\/td><td width=\"179\"><p>library units<\/p><\/td><\/tr><tr><td width=\"212\"><p>kni\u017eni\u010dn\u00fd poriadok<\/p><\/td><td width=\"213\"><p>\u043f\u0440\u0430\u0432\u0438\u043b\u0430 \u043a\u043e\u0440\u0438\u0441\u0442\u0443\u0432\u0430\u043d\u043d\u044f \u0431\u0456\u0431\u043b\u0456\u043e\u0442\u0435\u043a\u043e\u044e<\/p><\/td><td width=\"179\"><p>library regulations<\/p><\/td><\/tr><tr><td width=\"212\"><p>konzumova\u0165<\/p><\/td><td width=\"213\"><p>\u0441\u043f\u043e\u0436\u0438\u0432\u0430\u0442\u0438 (\u043d\u0430\u043f\u043e\u0457, \u0457\u0436\u0443)<\/p><\/td><td width=\"179\"><p>to consume<\/p><\/td><\/tr><tr><td width=\"212\"><p>mimouniverzitn\u00e9 prostredie<\/p><\/td><td width=\"213\"><p>\u043f\u043e\u0437\u0430\u0443\u043d\u0456\u0432\u0435\u0440\u0441\u0438\u0442\u0435\u0442\u0441\u044c\u043a\u0435 \u0441\u0435\u0440\u0435\u0434\u043e\u0432\u0438\u0449\u0435<\/p><\/td><td width=\"179\"><p>non-university environment<\/p><\/td><\/tr><tr><td width=\"212\"><p>na\u010d\u00edta\u0165 sa<\/p><\/td><td width=\"213\"><p>\u0437\u0430\u0433\u0440\u0443\u0437\u0438\u0442\u0438\u0441\u044f, \u0437\u00b4\u044f\u0432\u0438\u0442\u0438\u0441\u044f \u043d\u0430 \u0435\u043a\u0440\u0430\u043d\u0456\u00a0<\/p><\/td><td width=\"179\"><p>to load (up)<\/p><\/td><\/tr><tr><td width=\"212\"><p>nahodi\u0165 \u00fadaje do syst\u00e9mu<\/p><\/td><td width=\"213\"><p>\u0432\u0432\u0435\u0441\u0442\u0438 \u0434\u0430\u043d\u0456 \u0443 \u0441\u0438\u0441\u0442\u0435\u043c\u0443<\/p><\/td><td width=\"179\"><p>to upload data to the system<\/p><\/td><\/tr><tr><td width=\"212\"><p>objednan\u00fd<\/p><\/td><td width=\"213\"><p>\u0437\u0430\u043c\u043e\u0432\u043b\u0435\u043d\u0438\u0439<\/p><\/td><td width=\"179\"><p>ordered<\/p><\/td><\/tr><tr><td width=\"212\"><p>objedna\u0165<\/p><\/td><td width=\"213\"><p>\u0437\u0430\u043c\u043e\u0432\u0438\u0442\u0438<\/p><\/td><td width=\"179\"><p>to order<\/p><\/td><\/tr><tr><td width=\"212\"><p>objedn\u00e1vka<\/p><\/td><td width=\"213\"><p>\u0437\u0430\u043c\u043e\u0432\u043b\u0435\u043d\u043d\u044f<\/p><\/td><td width=\"179\"><p>order<\/p><\/td><\/tr><tr><td width=\"212\"><p>online katal\u00f3g<\/p><\/td><td width=\"213\"><p>\u043e\u043d\u043b\u0430\u0439\u043d-\u043a\u0430\u0442\u0430\u043b\u043e\u0433<\/p><\/td><td width=\"179\"><p>online catalogue<\/p><\/td><\/tr><tr><td width=\"212\"><p>osobne<\/p><\/td><td width=\"213\"><p>\u043e\u0441\u043e\u0431\u0438\u0441\u0442\u043e<\/p><\/td><td width=\"179\"><p>in person<\/p><\/td><\/tr><tr><td width=\"212\"><p>pobo\u010dka<\/p><\/td><td width=\"213\"><p>\u0444\u0456\u043b\u0456\u0430\u043b<\/p><\/td><td width=\"179\"><p>branch<\/p><\/td><\/tr><tr><td width=\"212\"><p>pokuta<\/p><\/td><td width=\"213\"><p>\u0448\u0442\u0440\u0430\u0444<\/p><\/td><td width=\"179\"><p>fine<\/p><\/td><\/tr><tr><td width=\"212\"><p>pol\u00ed\u010dko<\/p><\/td><td width=\"213\"><p>\u0440\u044f\u0434\u043e\u043a<\/p><\/td><td width=\"179\"><p>box<\/p><\/td><\/tr><tr><td width=\"212\"><p>polo\u017eka (na webovej str\u00e1nke)<\/p><\/td><td width=\"213\"><p>\u0437\u0430\u043a\u043b\u0430\u0434\u043a\u0430 (\u043d\u0430 \u0441\u0430\u0439\u0442\u0456)<\/p><\/td><td width=\"179\"><p>entry (on website)<\/p><\/td><\/tr><tr><td width=\"212\"><p>potvrdi\u0165 (klikn\u00fa\u0165 na tla\u010didlo OK)<\/p><\/td><td width=\"213\"><p>\u043f\u0456\u0434\u0442\u0432\u0435\u0440\u0434\u0438\u0442\u0438<\/p><\/td><td width=\"179\"><p>to confirm<\/p><\/td><\/tr><tr><td width=\"212\"><p>povinnosti \u010ditate\u013ea<\/p><\/td><td width=\"213\"><p>\u043e\u0431\u043e\u0432\u00b4\u044f\u0437\u043a\u0438 \u0447\u0438\u0442\u0430\u0447\u0456\u0432\/\u043a\u043e\u0440\u0438\u0441\u0442\u0443\u0432\u0430\u0447\u0456\u0432<\/p><\/td><td width=\"179\"><p>reader&#8217;s responsibilities<\/p><\/td><\/tr><tr><td width=\"212\"><p>pozastaven\u00e9 slu\u017eby<\/p><\/td><td width=\"213\"><p>\u043f\u0440\u0438\u0437\u0443\u043f\u0438\u043d\u0435\u043d\u0435 \u043d\u0430\u0434\u0430\u043d\u043d\u044f \u043f\u043e\u0441\u043b\u0443\u0433<\/p><\/td><td width=\"179\"><p>suspended services<\/p><\/td><\/tr><tr><td width=\"212\"><p>po\u017eiadavka<\/p><\/td><td width=\"213\"><p>\u0437\u0430\u043f\u0438\u0442<\/p><\/td><td width=\"179\"><p>request<\/p><\/td><\/tr><tr><td width=\"212\"><p>po\u017ei\u010da\u0165 si, po\u017ei\u010diava\u0165 si, vypo\u017ei\u010da\u0165 si (knihy)<\/p><\/td><td width=\"213\"><p>\u0412\u0437\u044f\u0442\u0438\/ \u0431\u0440\u0430\u0442\u0438 \u043a\u043d\u0438\u0433\u0438 \u0443 \u0431\u0456\u0431\u043b\u0456\u043e\u0442\u0435\u0446\u0456\/\u0443 \u0432\u0456\u0434\u0434\u0456\u043b\u0456 \u0430\u0431\u043e\u043d\u0435\u043c\u0435\u043d\u0442\u0443<\/p><\/td><td width=\"179\"><p>to borrow (books)<\/p><\/td><\/tr><tr><td width=\"212\"><p>pr\u00e1va \u010ditate\u013ea<\/p><\/td><td width=\"213\"><p>\u043f\u0440\u0430\u0432\u0430 \u0447\u0438\u0442\u0430\u0447\u0456\u0432\/\u043a\u043e\u0440\u0438\u0441\u0442\u0443\u0432\u0430\u0447\u0456\u0432<\/p><\/td><td width=\"179\"><p>reader&#8217;s rights<\/p><\/td><\/tr><tr><td width=\"212\"><p>pred\u013a\u017ei\u0165 (v\u00fdpo\u017ei\u010dn\u00fa dobu)<\/p><\/td><td width=\"213\"><p>\u043f\u043e\u0434\u043e\u0432\u0436\u0438\u0442\u0438 \u0442\u0435\u0440\u043c\u0456\u043d \u043f\u043e\u0432\u0435\u0440\u043d\u0435\u043d\u043d\u044f<\/p><\/td><td width=\"179\"><p>to extend the borrowing period<\/p><\/td><\/tr><tr><td width=\"212\"><p>prekop\u00edrova\u0165, skop\u00edrova\u0165<\/p><\/td><td width=\"213\"><p>\u0437\u0440\u043e\u0431\u0438\u0442\u0438 \u043a\u0441\u0435\u0440\u043e\u043a\u043e\u043f\u0456\u044e, \u0440\u043e\u0437\u043c. \u0432\u0456\u0434\u043a\u0441\u0435\u0440\u0438\u0442\u0438\u00a0<\/p><\/td><td width=\"179\"><p>to copy<\/p><\/td><\/tr><tr><td width=\"212\"><p>prihl\u00e1si\u0165 sa<\/p><\/td><td width=\"213\"><p>\u0443\u0432\u0456\u0439\u0442\u0438 \u0432 \u0441\u0438\u0441\u0442\u0435\u043c\u0443<\/p><\/td><td width=\"179\"><p>to login<\/p><\/td><\/tr><tr><td width=\"212\"><p>prihlasovacie \u00fadaje<\/p><\/td><td width=\"213\"><p>\u043b\u043e\u0433\u0456\u043d \u0456 \u043f\u0430\u0440\u043e\u043b\u044c<\/p><\/td><td width=\"179\"><p>login data<\/p><\/td><\/tr><tr><td width=\"212\"><p>pripraven\u00fd<\/p><\/td><td width=\"213\"><p>\u0433\u043e\u0442\u043e\u0432\u0438\u0439<\/p><\/td><td width=\"179\"><p>ready<\/p><\/td><\/tr><tr><td width=\"212\"><p>registra\u010dn\u00e1 karta<\/p><\/td><td width=\"213\"><p>\u0440\u0435\u0454\u0441\u0442\u0440\u0430\u0446\u0456\u0439\u043d\u0430 \u043a\u0430\u0440\u0442\u043a\u0430<\/p><\/td><td width=\"179\"><p>registration card<\/p><\/td><\/tr><tr><td width=\"212\"><p>registra\u010dn\u00fd poplatok<\/p><\/td><td width=\"213\"><p>\u043f\u043b\u0430\u0442\u0430 \u0437\u0430 \u0440\u0435\u0454\u0441\u0442\u0440\u0430\u0446\u0456\u044e<\/p><\/td><td width=\"179\"><p>registration fee<\/p><\/td><\/tr><tr><td width=\"212\"><p>riadite\u013esk\u00e1 upomienka<\/p><\/td><td width=\"213\"><p>\u043d\u0430\u0433\u0430\u0434\u0443\u0432\u0430\u043d\u043d\u044f \u0432\u0456\u0434 \u0434\u0438\u0440\u0435\u043a\u0442\u043e\u0440\u0430 (\u0431\u0456\u0431\u043b\u0456\u043e\u0442\u0435\u043a\u0438)<\/p><\/td><td width=\"179\"><p>director&#8217;s reminder<\/p><\/td><\/tr><tr><td width=\"212\"><p>rok vydania<\/p><\/td><td width=\"213\"><p>\u0440\u0456\u043a \u0432\u0438\u0434\u0430\u043d\u043d\u044f<\/p><\/td><td width=\"179\"><p>year of publication<\/p><\/td><\/tr><tr><td width=\"212\"><p>samoobslu\u017en\u00fd kop\u00edrovac\u00ed stroj<\/p><\/td><td width=\"213\"><p>\u043a\u0441\u0435\u0440\u043e\u043a\u0441 \u0456\u0437 \u0441\u0430\u043c\u043e\u043e\u0431\u0441\u043b\u0443\u0433\u043e\u0432\u0443\u0432\u0430\u043d\u043d\u044f\u043c<\/p><\/td><td width=\"179\"><p>self-service copy machine<\/p><\/td><\/tr><tr><td width=\"212\"><p>skontrolova\u0165<\/p><\/td><td width=\"213\"><p>\u043f\u0435\u0440\u0435\u0432\u0456\u0440\u0438\u0442\u0438<\/p><\/td><td width=\"179\"><p>to check<\/p><\/td><\/tr><tr><td width=\"212\"><p>spr\u00e1vnos\u0165 \u00fadajov<\/p><\/td><td width=\"213\"><p>\u043f\u0440\u0430\u0432\u0438\u043b\u044c\u043d\u0456\u0441\u0442\u044c \u0434\u0430\u043d\u0438\u0445<\/p><\/td><td width=\"179\"><p>correctness of data\/<\/p><p>accuracy of data<\/p><\/td><\/tr><tr><td width=\"212\"><p>st\u013apec<\/p><\/td><td width=\"213\"><p>\u0441\u0442\u043e\u0432\u043f\u0447\u0438\u043a<\/p><\/td><td width=\"179\"><p>column<\/p><\/td><\/tr><tr><td width=\"212\"><p>\u0161tudov\u0148a<\/p><\/td><td width=\"213\"><p>\u0447\u0438\u0442\u0430\u043b\u044c\u043d\u0438\u0439 \u0437\u0430\u043b<\/p><\/td><td width=\"179\"><p>reading room<\/p><\/td><\/tr><tr><td width=\"212\"><p>term\u00edn vr\u00e1tenia<\/p><\/td><td width=\"213\"><p>\u0442\u0435\u0440\u043c\u0456\u043d \u043f\u043e\u0432\u0435\u0440\u043d\u0435\u043d\u043d\u044f<\/p><\/td><td width=\"179\"><p>return date<\/p><\/td><\/tr><tr><td width=\"212\"><p>tla\u010didlo<\/p><\/td><td width=\"213\"><p>\u043a\u043d\u043e\u043f\u043a\u0430<\/p><\/td><td width=\"179\"><p>button\/key<\/p><\/td><\/tr><tr><td width=\"212\"><p>umiestnen\u00fd<\/p><\/td><td width=\"213\"><p>\u0440\u043e\u0437\u043c\u0456\u0449\u0435\u043d\u0438\u0439<\/p><\/td><td width=\"179\"><p>located<\/p><\/td><\/tr><tr><td width=\"212\"><p>uplynutie\/vypr\u0161anie v\u00fdpo\u017ei\u010dnej lehoty<\/p><\/td><td width=\"213\"><p>\u0437\u0430\u043a\u0456\u043d\u0447\u0435\u043d\u043d\u044f \u0442\u0435\u0440\u043c\u0456\u043d\u0443 \u043f\u043e\u0432\u0435\u0440\u043d\u0435\u043d\u043d\u044f<\/p><\/td><td width=\"179\"><p>expiration of the borrowing period<\/p><\/td><\/tr><tr><td width=\"212\"><p>upomienka<\/p><\/td><td width=\"213\"><p>\u043d\u0430\u0433\u0430\u0434\u0443\u0432\u0430\u043d\u043d\u044f<\/p><\/td><td width=\"179\"><p>reminder<\/p><\/td><\/tr><tr><td width=\"212\"><p>vr\u00e1ti\u0165 (knihy)<\/p><\/td><td width=\"213\"><p>\u043f\u043e\u0432\u0435\u0440\u043d\u0443\u0442\u0438 (\u043a\u043d\u0438\u0433\u0438)<\/p><\/td><td width=\"179\"><p>to return books<\/p><\/td><\/tr><tr><td width=\"212\"><p>vyh\u013eada\u0165, vyh\u013ead\u00e1va\u0165<\/p><\/td><td width=\"213\"><p>\u0437\u0434\u0456\u0439\u043d\u0438\u0442\u0438 \u043f\u043e\u0448\u0443\u043a, \u0437\u043d\u0456\u0439\u0441\u043d\u044e\u0432\u0430\u0442\u0438 \u043f\u043e\u0448\u0443\u043a<\/p><\/td><td width=\"179\"><p>to search<\/p><\/td><\/tr><tr><td width=\"212\"><p>vypo\u017ei\u010dan\u00fd<\/p><\/td><td width=\"213\"><p>\u0437\u043d\u0430\u0445\u043e\u0434\u0438\u0442\u044c\u0441\u044f \u0443 \u0447\u0438\u0454\u043c\u0443\u0441\u044c \u043a\u043e\u0440\u0438\u0441\u0442\u0443\u0432\u0430\u043d\u043d\u0456, \u0432\u0438\u0434\u0430\u043d\u0438\u0439 \u043a\u043e\u043c\u0443\u0441\u044c<\/p><\/td><td width=\"179\"><p>borrowed<\/p><\/td><\/tr><tr><td width=\"212\"><p>v\u00fdpo\u017ei\u010dn\u00e1 doba (spr\u00e1v. lehota)<\/p><\/td><td width=\"213\"><p>\u0442\u0435\u0440\u043c\u0456\u043d \u043f\u043e\u0432\u0435\u0440\u043d\u0435\u043d\u043d\u044f<\/p><\/td><td width=\"179\"><p>borrowing period<\/p><\/td><\/tr><tr><td width=\"212\"><p>vytla\u010di\u0165<\/p><\/td><td width=\"213\"><p>\u0440\u043e\u0437\u0434\u0440\u0443\u043a\u0443\u0432\u0430\u0442\u0438<\/p><\/td><td width=\"179\"><p>to print out\u00a0<\/p><\/td><\/tr><tr><td width=\"212\"><p>zada\u0165 vyh\u013ead\u00e1vacie \u00fadaje<\/p><\/td><td width=\"213\"><p>\u0432\u0432\u0435\u0441\u0442\u0438 \u043f\u043e\u0448\u0443\u043a\u043e\u0432\u0456 \u0434\u0430\u043d\u0456<\/p><\/td><td width=\"179\"><p>to enter search data<\/p><\/td><\/tr><tr><td width=\"212\"><p>zaregistrova\u0165 sa<\/p><\/td><td width=\"213\"><p>\u0437\u0430\u0440\u0435\u0454\u0441\u0442\u0440\u0443\u0432\u0430\u0442\u0438\u0441\u044f<\/p><\/td><td width=\"179\"><p>to register<\/p><\/td><\/tr><tr><td width=\"212\"><p>zoraden\u00fd<\/p><\/td><td width=\"213\"><p>\u0432\u043f\u043e\u0440\u044f\u0434\u043a\u043e\u0432\u0430\u043d\u0438\u0439<\/p><\/td><td width=\"179\"><p>sorted<\/p><\/td><\/tr><\/tbody><\/table>\t\t\t\t\t\t\t\t<\/div>\n\t\t\t\t<\/div>\n\t\t\t\t\t<\/div>\n\t\t<\/div>\n\t\t\t\t<div class=\"has_eae_slider elementor-column elementor-col-16 elementor-top-column elementor-element elementor-element-f4475c3\" data-eae-slider=\"35906\" data-id=\"f4475c3\" data-element_type=\"column\" data-e-type=\"column\">\n\t\t\t<div class=\"elementor-widget-wrap\">\n\t\t\t\t\t\t\t<\/div>\n\t\t<\/div>\n\t\t\t\t\t<\/div>\n\t\t<\/section>\n\t\t\t\t<\/div>\n\t\t","protected":false},"excerpt":{"rendered":"<p>V UNIVERZITNEJ KNI\u017dNICI centr\u00e1lne pracovisko kni\u017enice \u0446\u0435\u043d\u0442\u0440\u0430\u043b\u044c\u043d\u0438\u0439 \u0432\u0456\u0434\u0434\u0456\u043b \u00a0\u0431\u0456\u0431\u043b\u0456\u043e\u0442\u0435\u043a\u0438 central library \u010ditate\u013e\/\u010ditate\u013eka \u0447\u0438\u0442\u0430\u0447\/\u0447\u0438\u0442\u0430\u0447\u043a\u0430 reader dielo \u0442\u0432\u0456\u0440 work foti\u0165, fotografova\u0165 \u0444\u043e\u0442\u043e\u0433\u0440\u0430\u0444\u0443\u0432\u0430\u0442\u0438 to take photos in\u0161trukt\u00e1\u017ene vide\u00e1 \u0456\u043d\u0442\u0441\u0442\u0440\u0443\u043a\u0442\u0430\u0436\u043d\u0456 \u0432\u0456\u0434\u0435\u043e instructional videos Je nutn\u00e9 zachov\u00e1va\u0165 ticho. \u041d\u0435\u043e\u0431\u0445\u0456\u0434\u043d\u043e \u0437\u0431\u0435\u0440\u0456\u0433\u0430\u0442\u0438 \u0442\u0438\u0448\u0443. It is necessary to keep quiet\/silence. klikn\u00fa\u0165, klika\u0165 \u043a\u043b\u0456\u043a\u043d\u0443\u0442\u0438, \u043a\u043b\u0456\u043a\u0430\u0442\u0438 to click k\u013e\u00fa\u010dov\u00e9 slov\u00e1 \u043a\u043b\u044e\u0447\u043e\u0432\u0456 \u0441\u043b\u043e\u0432\u0430 key words knihovn\u00ed\u010dka [&hellip;]<\/p>\n","protected":false},"author":1,"featured_media":0,"parent":808,"menu_order":4,"comment_status":"closed","ping_status":"closed","template":"","meta":{"_acf_changed":false,"ocean_post_layout":"full-screen","ocean_both_sidebars_style":"","ocean_both_sidebars_content_width":0,"ocean_both_sidebars_sidebars_width":0,"ocean_sidebar":"0","ocean_second_sidebar":"0","ocean_disable_margins":"enable","ocean_add_body_class":"","ocean_shortcode_before_top_bar":"","ocean_shortcode_after_top_bar":"","ocean_shortcode_before_header":"","ocean_shortcode_after_header":"","ocean_has_shortcode":"","ocean_shortcode_after_title":"","ocean_shortcode_before_footer_widgets":"","ocean_shortcode_after_footer_widgets":"","ocean_shortcode_before_footer_bottom":"","ocean_shortcode_after_footer_bottom":"","ocean_display_top_bar":"off","ocean_display_header":"default","ocean_header_style":"","ocean_center_header_left_menu":"0","ocean_custom_header_template":"0","ocean_custom_logo":0,"ocean_custom_retina_logo":0,"ocean_custom_logo_max_width":0,"ocean_custom_logo_tablet_max_width":0,"ocean_custom_logo_mobile_max_width":0,"ocean_custom_logo_max_height":0,"ocean_custom_logo_tablet_max_height":0,"ocean_custom_logo_mobile_max_height":0,"ocean_header_custom_menu":"0","ocean_menu_typo_font_family":"0","ocean_menu_typo_font_subset":"","ocean_menu_typo_font_size":0,"ocean_menu_typo_font_size_tablet":0,"ocean_menu_typo_font_size_mobile":0,"ocean_menu_typo_font_size_unit":"px","ocean_menu_typo_font_weight":"","ocean_menu_typo_font_weight_tablet":"","ocean_menu_typo_font_weight_mobile":"","ocean_menu_typo_transform":"","ocean_menu_typo_transform_tablet":"","ocean_menu_typo_transform_mobile":"","ocean_menu_typo_line_height":0,"ocean_menu_typo_line_height_tablet":0,"ocean_menu_typo_line_height_mobile":0,"ocean_menu_typo_line_height_unit":"","ocean_menu_typo_spacing":0,"ocean_menu_typo_spacing_tablet":0,"ocean_menu_typo_spacing_mobile":0,"ocean_menu_typo_spacing_unit":"","ocean_menu_link_color":"","ocean_menu_link_color_hover":"","ocean_menu_link_color_active":"","ocean_menu_link_background":"","ocean_menu_link_hover_background":"","ocean_menu_link_active_background":"","ocean_menu_social_links_bg":"","ocean_menu_social_hover_links_bg":"","ocean_menu_social_links_color":"","ocean_menu_social_hover_links_color":"","ocean_disable_title":"on","ocean_disable_heading":"default","ocean_post_title":"","ocean_post_subheading":"","ocean_post_title_style":"","ocean_post_title_background_color":"","ocean_post_title_background":0,"ocean_post_title_bg_image_position":"","ocean_post_title_bg_image_attachment":"","ocean_post_title_bg_image_repeat":"","ocean_post_title_bg_image_size":"","ocean_post_title_height":0,"ocean_post_title_bg_overlay":0.5,"ocean_post_title_bg_overlay_color":"","ocean_disable_breadcrumbs":"default","ocean_breadcrumbs_color":"","ocean_breadcrumbs_separator_color":"","ocean_breadcrumbs_links_color":"","ocean_breadcrumbs_links_hover_color":"","ocean_display_footer_widgets":"off","ocean_display_footer_bottom":"default","ocean_custom_footer_template":"0","footnotes":""},"class_list":["post-7709","page","type-page","status-publish","hentry","entry"],"acf":[],"amp_enabled":true,"_links":{"self":[{"href":"https:\/\/www.ff.unipo.sk\/slovencina\/index.php?rest_route=\/wp\/v2\/pages\/7709","targetHints":{"allow":["GET"]}}],"collection":[{"href":"https:\/\/www.ff.unipo.sk\/slovencina\/index.php?rest_route=\/wp\/v2\/pages"}],"about":[{"href":"https:\/\/www.ff.unipo.sk\/slovencina\/index.php?rest_route=\/wp\/v2\/types\/page"}],"author":[{"embeddable":true,"href":"https:\/\/www.ff.unipo.sk\/slovencina\/index.php?rest_route=\/wp\/v2\/users\/1"}],"replies":[{"embeddable":true,"href":"https:\/\/www.ff.unipo.sk\/slovencina\/index.php?rest_route=%2Fwp%2Fv2%2Fcomments&post=7709"}],"version-history":[{"count":7,"href":"https:\/\/www.ff.unipo.sk\/slovencina\/index.php?rest_route=\/wp\/v2\/pages\/7709\/revisions"}],"predecessor-version":[{"id":7846,"href":"https:\/\/www.ff.unipo.sk\/slovencina\/index.php?rest_route=\/wp\/v2\/pages\/7709\/revisions\/7846"}],"up":[{"embeddable":true,"href":"https:\/\/www.ff.unipo.sk\/slovencina\/index.php?rest_route=\/wp\/v2\/pages\/808"}],"wp:attachment":[{"href":"https:\/\/www.ff.unipo.sk\/slovencina\/index.php?rest_route=%2Fwp%2Fv2%2Fmedia&parent=7709"}],"curies":[{"name":"wp","href":"https:\/\/api.w.org\/{rel}","templated":true}]}}