{"id":7714,"date":"2024-12-08T15:47:41","date_gmt":"2024-12-08T14:47:41","guid":{"rendered":"https:\/\/www.ff.unipo.sk\/slovencina\/?page_id=7714"},"modified":"2024-12-19T12:45:10","modified_gmt":"2024-12-19T11:45:10","slug":"na-studijnom-oddeleni-2-lexika","status":"publish","type":"page","link":"https:\/\/www.ff.unipo.sk\/slovencina\/?page_id=7714","title":{"rendered":"NA \u0160TUDIJNOM ODDELEN\u00cd 2"},"content":{"rendered":"\t\t<div data-elementor-type=\"wp-page\" data-elementor-id=\"7714\" class=\"elementor elementor-7714\">\n\t\t\t\t\t\t<section class=\"has_eae_slider elementor-section elementor-top-section elementor-element elementor-element-72f1bd0c elementor-section-boxed elementor-section-height-default elementor-section-height-default\" data-eae-slider=\"99620\" data-id=\"72f1bd0c\" data-element_type=\"section\" data-e-type=\"section\">\n\t\t\t\t\t\t<div class=\"elementor-container elementor-column-gap-default\">\n\t\t\t\t\t<div class=\"has_eae_slider elementor-column elementor-col-100 elementor-top-column elementor-element elementor-element-531859e2\" data-eae-slider=\"45299\" data-id=\"531859e2\" data-element_type=\"column\" data-e-type=\"column\">\n\t\t\t<div class=\"elementor-widget-wrap elementor-element-populated\">\n\t\t\t\t\t\t<div class=\"elementor-element elementor-element-68396f69 elementor-widget elementor-widget-image\" data-id=\"68396f69\" data-element_type=\"widget\" data-e-type=\"widget\" data-widget_type=\"image.default\">\n\t\t\t\t<div class=\"elementor-widget-container\">\n\t\t\t\t\t\t\t\t\t\t\t\t\t\t\t<img fetchpriority=\"high\" decoding=\"async\" width=\"2048\" height=\"343\" src=\"https:\/\/www.ff.unipo.sk\/slovencina\/wp-content\/uploads\/2023\/05\/banner-2048x343.png\" class=\"attachment-2048x2048 size-2048x2048 wp-image-1886\" alt=\"\" srcset=\"https:\/\/www.ff.unipo.sk\/slovencina\/wp-content\/uploads\/2023\/05\/banner-2048x343.png 2048w, https:\/\/www.ff.unipo.sk\/slovencina\/wp-content\/uploads\/2023\/05\/banner-300x50.png 300w, https:\/\/www.ff.unipo.sk\/slovencina\/wp-content\/uploads\/2023\/05\/banner-1024x172.png 1024w, https:\/\/www.ff.unipo.sk\/slovencina\/wp-content\/uploads\/2023\/05\/banner-768x129.png 768w, https:\/\/www.ff.unipo.sk\/slovencina\/wp-content\/uploads\/2023\/05\/banner-1536x258.png 1536w\" sizes=\"(max-width: 2048px) 100vw, 2048px\" \/>\t\t\t\t\t\t\t\t\t\t\t\t\t\t\t<\/div>\n\t\t\t\t<\/div>\n\t\t\t\t<div class=\"elementor-element elementor-element-389dccd9 elementor-widget elementor-widget-heading\" data-id=\"389dccd9\" data-element_type=\"widget\" data-e-type=\"widget\" data-widget_type=\"heading.default\">\n\t\t\t\t<div class=\"elementor-widget-container\">\n\t\t\t\t\t<h2 class=\"elementor-heading-title elementor-size-default\">NA \u0160TUDIJNOM ODDELEN\u00cd 2<BR>\n(ZMENA \u0160TUDIJN\u00c9HO PROGRAMU)<\/h2>\t\t\t\t<\/div>\n\t\t\t\t<\/div>\n\t\t\t\t\t<\/div>\n\t\t<\/div>\n\t\t\t\t\t<\/div>\n\t\t<\/section>\n\t\t\t\t<section class=\"has_eae_slider elementor-section elementor-top-section elementor-element elementor-element-39bd85c elementor-section-boxed elementor-section-height-default elementor-section-height-default\" data-eae-slider=\"59337\" data-id=\"39bd85c\" data-element_type=\"section\" data-e-type=\"section\">\n\t\t\t\t\t\t<div class=\"elementor-container elementor-column-gap-default\">\n\t\t\t\t\t<div class=\"has_eae_slider elementor-column elementor-col-16 elementor-top-column elementor-element elementor-element-599280b\" data-eae-slider=\"94471\" data-id=\"599280b\" data-element_type=\"column\" data-e-type=\"column\">\n\t\t\t<div class=\"elementor-widget-wrap\">\n\t\t\t\t\t\t\t<\/div>\n\t\t<\/div>\n\t\t\t\t<div class=\"has_eae_slider elementor-column elementor-col-66 elementor-top-column elementor-element elementor-element-bd416af\" data-eae-slider=\"25143\" data-id=\"bd416af\" data-element_type=\"column\" data-e-type=\"column\">\n\t\t\t<div class=\"elementor-widget-wrap elementor-element-populated\">\n\t\t\t\t\t\t<div class=\"elementor-element elementor-element-6bb018b elementor-widget elementor-widget-text-editor\" data-id=\"6bb018b\" data-element_type=\"widget\" data-e-type=\"widget\" data-widget_type=\"text-editor.default\">\n\t\t\t\t<div class=\"elementor-widget-container\">\n\t\t\t\t\t\t\t\t\t<table><tbody><tr><td width=\"208\"><p>adresa<\/p><\/td><td width=\"225\"><p>\u0430\u0434\u0440\u0435\u0441\u0430<\/p><\/td><td width=\"172\"><p>address<\/p><\/td><\/tr><tr><td width=\"208\"><p>adresova\u0165<\/p><\/td><td width=\"225\"><p>\u0430\u0434\u0440\u0435\u0441\u0443\u0432\u0430\u0442\u0438<\/p><\/td><td width=\"172\"><p>to address<\/p><\/td><\/tr><tr><td width=\"208\"><p>akademick\u00fd rok<\/p><\/td><td width=\"225\"><p>\u043d\u0430\u0432\u0447\u0430\u043b\u044c\u043d\u0438\u0439 \u0440\u0456\u043a (\u0443 \u0432\u0438\u0449\u043e\u043c\u0443 \u043d\u0430\u0432\u0447\u0430\u043b\u044c\u043d\u043e\u043c\u0443 \u0437\u0430\u043a\u043b\u0430\u0434\u0456)<\/p><\/td><td width=\"172\"><p>academic year<\/p><\/td><\/tr><tr><td width=\"208\"><p>aprob\u00e1cia<\/p><\/td><td width=\"225\"><p>\u0441\u043f\u0435\u0446\u0456\u0430\u043b\u0456\u0437\u0430\u0446\u0456\u044f<\/p><\/td><td width=\"172\"><p>specialization<\/p><\/td><\/tr><tr><td width=\"208\"><p>bakal\u00e1rsky stupe\u0148<\/p><\/td><td width=\"225\"><p>\u0431\u0430\u043a\u0430\u043b\u0430\u0432\u0440\u0441\u044c\u043a\u0438\u0439 \u0441\u0442\u0443\u043f\u0456\u043d\u044c<\/p><\/td><td width=\"172\"><p>Bachelor\u00b4s degree<\/p><\/td><\/tr><tr><td width=\"208\"><p>dekan<\/p><\/td><td width=\"225\"><p>\u0434\u0435\u043a\u0430\u043d<\/p><\/td><td width=\"172\"><p>dean<\/p><\/td><\/tr><tr><td width=\"208\"><p>d\u00f4vod<\/p><\/td><td width=\"225\"><p>\u043f\u0440\u0438\u0447\u0438\u043d\u0430<\/p><\/td><td width=\"172\"><p>reason<\/p><\/td><\/tr><tr><td width=\"208\"><p>garant<\/p><\/td><td width=\"225\"><p>\u0433\u0430\u0440\u0430\u043d\u0442<\/p><\/td><td width=\"172\"><p>guarantor<\/p><\/td><\/tr><tr><td width=\"208\"><p>hlavi\u010dka (\u017eiadosti)<\/p><\/td><td width=\"225\"><p>\u0448\u0430\u043f\u043a\u0430 (\u0437\u0430\u044f\u0432\u0438) (\u0430\u0434\u043c\u0456\u043d.)<\/p><\/td><td width=\"172\"><p>(application) header<\/p><\/td><\/tr><tr><td width=\"208\"><p>(naplnen\u00e1) kapacita<\/p><\/td><td width=\"225\"><p>\u043c\u0430\u043a\u0441\u0438\u043c\u0430\u043b\u044c\u043d\u0430 \u043a\u0456\u043b\u044c\u043a\u0456\u0441\u0442\u044c \u0441\u0442\u0443\u0434\u0435\u043d\u0442\u0456\u0432, \u044f\u043a\u0456 \u043c\u043e\u0436\u0443\u0442\u044c \u043d\u0430\u0432\u0447\u0430\u0442\u0438\u0441\u044f \u043d\u0430 \u043e\u0441\u0432\u0456\u0442\u043d\u0456\u0439 \u043f\u0440\u043e\u0433\u0440\u0430\u043c\u0456<\/p><\/td><td width=\"172\"><p>(filled) capacity<\/p><\/td><\/tr><tr><td width=\"208\"><p>kombina\u010dn\u00fd program<\/p><\/td><td width=\"225\"><p>\u043e\u0441\u0432\u0456\u0442\u043d\u044f \u043f\u0440\u043e\u0433\u0440\u0430\u043c\u0430 \u0437 \u043a\u043e\u043c\u0431\u0456\u043d\u0430\u0446\u0456\u0454\u044e \u0434\u0432\u043e\u0445 \u0441\u043f\u0435\u0446\u0456\u0430\u043b\u0456\u0437\u0430\u0446\u0456\u0439<\/p><\/td><td width=\"172\"><p>combined study programme<\/p><\/td><\/tr><tr><td width=\"208\"><p>kontaktn\u00e9 \u00fadaje\u00a0<\/p><\/td><td width=\"225\"><p>\u043a\u043e\u043d\u0442\u0430\u043a\u0442\u043d\u0456 \u0434\u0430\u043d\u0456<\/p><\/td><td width=\"172\"><p>contact data<\/p><\/td><\/tr><tr><td width=\"208\"><p>magistersk\u00fd stupe\u0148<\/p><\/td><td width=\"225\"><p>\u043c\u0430\u0433\u0456\u0441\u0442\u0435\u0440\u0441\u044c\u043a\u0438\u0439 \u0441\u0442\u0443\u043f\u0456\u043d\u044c<\/p><\/td><td width=\"172\"><p>Master\u00b4s degree<\/p><\/td><\/tr><tr><td width=\"208\"><p>moment\u00e1lne<\/p><\/td><td width=\"225\"><p>\u0443 \u0434\u0430\u043d\u0438\u0439 \u0447\u0430\u0441, \u0434\u0430\u043d\u0438\u0439 \u043c\u043e\u043c\u0435\u043d\u0442<\/p><\/td><td width=\"172\"><p>currently<\/p><\/td><\/tr><tr><td width=\"208\"><p>nach\u00e1dza\u0165 sa<\/p><\/td><td width=\"225\"><p>\u0437\u043d\u0430\u0445\u043e\u0434\u0438\u0442\u0438\u0441\u044f<\/p><\/td><td width=\"172\"><p>to be located<\/p><\/td><\/tr><tr><td width=\"208\"><p>najsk\u00f4r<\/p><\/td><td width=\"225\"><p>\u043d\u0435 \u0440\u0430\u043d\u0456\u0448\u0435<\/p><\/td><td width=\"172\"><p>earliest<\/p><\/td><\/tr><tr><td width=\"208\"><p>najnesk\u00f4r<\/p><\/td><td width=\"225\"><p>\u043d\u0435 \u043f\u0456\u0437\u043d\u0456\u0448\u0435<\/p><\/td><td width=\"172\"><p>at the latest<\/p><\/td><\/tr><tr><td width=\"208\"><p>nap\u00edsa\u0165<\/p><\/td><td width=\"225\"><p>\u043d\u0430\u043f\u0438\u0441\u0430\u0442\u0438<\/p><\/td><td width=\"172\"><p>to write<\/p><\/td><\/tr><tr><td width=\"208\"><p>n\u00e1podobne (hovor.)<\/p><\/td><td width=\"225\"><p>\u043d\u0430\u0432\u0437\u0430\u0454\u043c<\/p><\/td><td width=\"172\"><p>likewise<\/p><\/td><\/tr><tr><td width=\"208\"><p>ob\u00e1lka<\/p><\/td><td width=\"225\"><p>\u043a\u043e\u043d\u0432\u0435\u0440\u0442<\/p><\/td><td width=\"172\"><p>envelope<\/p><\/td><\/tr><tr><td width=\"208\"><p>odovzda\u0165<\/p><\/td><td width=\"225\"><p>\u043f\u0435\u0440\u0435\u0434\u0430\u0442\u0438, \u0434\u0430\u0442\u0438<\/p><\/td><td width=\"172\"><p>to submit<\/p><\/td><\/tr><tr><td width=\"208\"><p>ods\u00fahlasi\u0165<\/p><\/td><td width=\"225\"><p>\u043f\u043e\u0433\u043e\u0434\u0438\u0442\u0438<\/p><\/td><td width=\"172\"><p>to approve<\/p><\/td><\/tr><tr><td width=\"208\"><p>ope\u010diatkova\u0165<\/p><\/td><td width=\"225\"><p>\u043f\u043e\u0441\u0442\u0430\u0432\u0438\u0442\u0438 \u043f\u0435\u0447\u0430\u0442\u043a\u0443<\/p><\/td><td width=\"172\"><p>to stamp<\/p><\/td><\/tr><tr><td width=\"208\"><p>pe\u010diatka<\/p><\/td><td width=\"225\"><p>\u043f\u0435\u0447\u0430\u0442\u043a\u0430<\/p><\/td><td width=\"172\"><p>stamp<\/p><\/td><\/tr><tr><td width=\"208\"><p>poda\u0165 (\u017eiados\u0165)<\/p><\/td><td width=\"225\"><p>\u043f\u043e\u0434\u0430\u0442\u0438<\/p><\/td><td width=\"172\"><p>to apply<\/p><\/td><\/tr><tr><td width=\"208\"><p>podate\u013e\u0148a<\/p><\/td><td width=\"225\"><p>\u043a\u0430\u043d\u0446\u0435\u043b\u044f\u0440\u0456\u044f<\/p><\/td><td width=\"172\"><p>mailroom<\/p><\/td><\/tr><tr><td width=\"208\"><p>podpis<\/p><\/td><td width=\"225\"><p>\u043f\u0456\u0434\u043f\u0438\u0441<\/p><\/td><td width=\"172\"><p>signature<\/p><\/td><\/tr><tr><td width=\"208\"><p>podp\u00edsa\u0165<\/p><\/td><td width=\"225\"><p>\u043f\u0456\u0434\u043f\u0438\u0441\u0430\u0442\u0438<\/p><\/td><td width=\"172\"><p>to sign<\/p><\/td><\/tr><tr><td width=\"208\"><p>prebra\u0165 (\u017eiados\u0165)<\/p><\/td><td width=\"225\"><p>\u043f\u0440\u0438\u0439\u043d\u044f\u0442\u0438 \u0432\u0456\u0434 \u043a\u043e\u0433\u043e\u0441\u044c<\/p><\/td><td width=\"172\"><p>to take over (the application)<\/p><\/td><\/tr><tr><td width=\"208\"><p>prest\u00fapi\u0165 (na in\u00fd \u0161tudijn\u00fd program)<\/p><\/td><td width=\"225\"><p>\u043f\u0435\u0440\u0435\u0439\u0442\u0438<\/p><\/td><td width=\"172\"><p>to switch (to another study programme)<\/p><\/td><\/tr><tr><td width=\"208\"><p>preukaz (\u0161tudenta)<\/p><\/td><td width=\"225\"><p>\u043f\u043e\u0441\u0432\u0456\u0434\u0447\u0435\u043d\u043d\u044f \u0441\u0442\u0443\u0434\u0435\u043d\u0442\u0430, \u0441\u0442\u0443\u0434\u0435\u043d\u0442\u0441\u044c\u043a\u0438\u0439 \u043a\u0432\u0438\u0442\u043e\u043a (ISIC)<\/p><\/td><td width=\"172\"><p>student ID card\u00a0\u00a0<\/p><\/td><\/tr><tr><td width=\"208\"><p>ro\u010dn\u00edk<\/p><\/td><td width=\"225\"><p>\u043a\u0443\u0440\u0441<\/p><\/td><td width=\"172\"><p>year<\/p><\/td><\/tr><tr><td width=\"208\"><p>rok \u0161t\u00fadia<\/p><\/td><td width=\"225\"><p>\u0440\u0456\u043a \u043d\u0430\u0432\u0447\u0430\u043d\u043d\u044f<\/p><\/td><td width=\"172\"><p>year of study<\/p><\/td><\/tr><tr><td width=\"208\"><p>rozhodnutie (dekana)<\/p><\/td><td width=\"225\"><p>\u0440\u0456\u0448\u0435\u043d\u043d\u044f<\/p><\/td><td width=\"172\"><p>(dean\u00b4s) decision<\/p><\/td><\/tr><tr><td width=\"208\"><p>semester<\/p><\/td><td width=\"225\"><p>\u0441\u0435\u043c\u0435\u0441\u0442\u0440<\/p><\/td><td width=\"172\"><p>semester, term<\/p><\/td><\/tr><tr><td width=\"208\"><p>schr\u00e1nka<\/p><\/td><td width=\"225\"><p>\u0441\u043a\u0440\u0438\u043d\u044c\u043a\u0430<\/p><\/td><td width=\"172\"><p>box<\/p><\/td><\/tr><tr><td width=\"208\"><p>splni\u0165 (podmienky)<\/p><\/td><td width=\"225\"><p>\u0432\u0438\u043a\u043e\u043d\u0430\u0442\u0438<\/p><\/td><td width=\"172\"><p>to meet the conditions<\/p><\/td><\/tr><tr><td width=\"208\"><p>stupe\u0148 \u0161t\u00fadia<\/p><\/td><td width=\"225\"><p>\u043e\u0441\u0432\u0456\u0442\u043d\u0456\u0439 \u0441\u0442\u0443\u043f\u0456\u043d\u044c<\/p><\/td><td width=\"172\"><p>degree of study\u00a0\u00a0<\/p><\/td><\/tr><tr><td width=\"208\"><p>s\u00fahlasi\u0165<\/p><\/td><td width=\"225\"><p>\u043f\u043e\u0433\u043e\u0434\u0438\u0442\u0438\u0441\u044f<\/p><\/td><td width=\"172\"><p>to approve<\/p><\/td><\/tr><tr><td width=\"208\"><p>\u0161tudijn\u00e9 oddelenie<\/p><\/td><td width=\"225\"><p>\u043d\u0430\u0432\u0447\u0430\u043b\u044c\u043d\u0438\u0439 \u0432\u0456\u0434\u0434\u0456\u043b\u00a0<\/p><\/td><td width=\"172\"><p>study department<\/p><\/td><\/tr><tr><td width=\"208\"><p>\u0161tudijn\u00e9 povinnosti<\/p><\/td><td width=\"225\"><p>\u043d\u0430\u0432\u0447\u0430\u043b\u044c\u043d\u0456 \u043e\u0431\u043e\u0432\u0315 \u044f\u0437\u043a\u0438<\/p><\/td><td width=\"172\"><p>study duties<\/p><\/td><\/tr><tr><td width=\"208\"><p>\u0161tudijn\u00fd program<\/p><\/td><td width=\"225\"><p>\u043e\u0441\u0432\u0456\u0442\u043d\u044f \u043f\u0440\u043e\u0433\u0440\u0430\u043c\u0430<\/p><\/td><td width=\"172\"><p>study programme\u00a0<\/p><\/td><\/tr><tr><td width=\"208\"><p>tla\u010divo, formul\u00e1r<\/p><\/td><td width=\"225\"><p>\u0431\u043b\u0430\u043d\u043a, \u0444\u043e\u0440\u043c\u0443\u043b\u044f\u0440<\/p><\/td><td width=\"172\"><p>form<\/p><\/td><\/tr><tr><td width=\"208\"><p>ukon\u010denie (ro\u010dn\u00edka)<\/p><\/td><td width=\"225\"><p>\u0437\u0430\u043a\u0456\u043d\u0447\u0435\u043d\u043d\u044f<\/p><\/td><td width=\"172\"><p>completion of the study year<\/p><\/td><\/tr><tr><td width=\"208\"><p>upozorni\u0165 na nie\u010do<\/p><\/td><td width=\"225\"><p>\u0437\u0432\u0435\u0440\u0442\u0430\u0442\u0438 \u0443\u0432\u0430\u0433\u0443 \u043d\u0430 \u0449\u043e\u0441\u044c, \u043f\u043e\u043f\u0435\u0440\u0435\u0434\u0436\u0430\u0442\u0438 \u043f\u0440\u043e \u0449\u043e\u0441\u044c<\/p><\/td><td width=\"172\"><p>to notify<\/p><\/td><\/tr><tr><td width=\"208\"><p>uv\u00e1dza\u0165, uvies\u0165<\/p><\/td><td width=\"225\"><p>\u043d\u0430\u0432\u043e\u0434\u0438\u0442\u0438, \u0437\u0433\u0430\u0434\u0443\u0432\u0430\u0442\u0438<\/p><\/td><td width=\"172\"><p>to state<\/p><\/td><\/tr><tr><td width=\"208\"><p>vec (\u017eiadosti)<\/p><\/td><td width=\"225\"><p>\u043f\u0440\u0435\u0434\u043c\u0435\u0442 (\u0437\u0430\u044f\u0432\u0438)<\/p><\/td><td width=\"172\"><p>subject (of application)<\/p><\/td><\/tr><tr><td width=\"208\"><p>vhodi\u0165<\/p><\/td><td width=\"225\"><p>\u0437\u0430\u043a\u0438\u043d\u0443\u0442\u0438<\/p><\/td><td width=\"172\"><p>throw in<\/p><\/td><\/tr><tr><td width=\"208\"><p>v\u00a0r\u00e1mci<\/p><\/td><td width=\"225\"><p>\u0432 \u0440\u0430\u043c\u043a\u0430\u0445, \u0432 \u043c\u0435\u0436\u0430\u0445<\/p><\/td><td width=\"172\"><p>in the line of, in the context of<\/p><\/td><\/tr><tr><td width=\"208\"><p>vr\u00e1ti\u0165 sa<\/p><\/td><td width=\"225\"><p>\u043f\u043e\u0432\u0435\u0440\u043d\u0443\u0442\u0438\u0441\u044f<\/p><\/td><td width=\"172\"><p>to return<\/p><\/td><\/tr><tr><td width=\"208\"><p>v\u00a0s\u00falade s<\/p><\/td><td width=\"225\"><p>\u0437\u0433\u0456\u0434\u043d\u043e \u0437<\/p><\/td><td width=\"172\"><p>in accordance with<\/p><\/td><\/tr><tr><td width=\"208\"><p>vyjadrenie<\/p><\/td><td width=\"225\"><p>\u0432\u0456\u0434\u0433\u0443\u043a<\/p><\/td><td width=\"172\"><p>statement<\/p><\/td><\/tr><tr><td width=\"208\"><p>vyjadri\u0165 sa\u00a0<\/p><\/td><td width=\"225\"><p>\u043d\u0430\u0434\u0430\u0442\u0438 \u0432\u0456\u0434\u0433\u0443\u043a<\/p><\/td><td width=\"172\"><p>to make statement<\/p><\/td><\/tr><tr><td width=\"208\"><p>vyplni\u0165\u00a0<\/p><\/td><td width=\"225\"><p>\u0437\u0430\u043f\u043e\u0432\u043d\u0438\u0442\u0438<\/p><\/td><td width=\"172\"><p>to fill in<\/p><\/td><\/tr><tr><td width=\"208\"><p>vypracova\u0165 (rozhodnutie na z\u00e1klade vyjadrenia garanta)<\/p><\/td><td width=\"225\"><p>\u0440\u043e\u0437\u0440\u043e\u0431\u0438\u0442\u0438, \u0441\u043a\u043b\u0430\u0441\u0442\u0438, \u0441\u0444\u043e\u0440\u043c\u0443\u0432\u0430\u0442\u0438<\/p><\/td><td width=\"172\"><p>to formulate\/deliver (a decision based on a\u00a0statement by the dean)<\/p><\/td><\/tr><tr><td width=\"208\"><p>zanies\u0165<\/p><\/td><td width=\"225\"><p>\u0437\u0430\u043d\u0435\u0441\u0442\u0438<\/p><\/td><td width=\"172\"><p>to deliver<\/p><\/td><\/tr><tr><td width=\"208\"><p>zmena<\/p><\/td><td width=\"225\"><p>\u0437\u043c\u0456\u043d\u0430<\/p><\/td><td width=\"172\"><p>change<\/p><\/td><\/tr><tr><td width=\"208\"><p>zmeni\u0165<\/p><\/td><td width=\"225\"><p>\u0437\u043c\u0456\u043d\u0438\u0442\u0438<\/p><\/td><td width=\"172\"><p>to change<\/p><\/td><\/tr><tr><td width=\"208\"><p>zodpovedn\u00fd<\/p><\/td><td width=\"225\"><p>\u0432\u0456\u0434\u043f\u043e\u0432\u0456\u0434\u0430\u043b\u044c\u043d\u0438\u0439<\/p><\/td><td width=\"172\"><p>responsible<\/p><\/td><\/tr><tr><td width=\"208\"><p>za\u010diatok<\/p><\/td><td width=\"225\"><p>\u043f\u043e\u0447\u0430\u0442\u043e\u043a<\/p><\/td><td width=\"172\"><p>beginning<\/p><\/td><\/tr><tr><td width=\"208\"><p>z\u00e1klad, na z\u00e1klade<\/p><\/td><td width=\"225\"><p>\u043e\u0441\u043d\u043e\u0432\u0430, \u043d\u0430 \u043e\u0441\u043d\u043e\u0432\u0456, \u043d\u0430 \u043f\u0456\u0434\u0441\u0442\u0430\u0432\u0456<\/p><\/td><td width=\"172\"><p>base, based on<\/p><\/td><\/tr><tr><td width=\"208\"><p>\u017eiada\u0165<\/p><\/td><td width=\"225\"><p>\u043f\u0440\u043e\u0441\u0438\u0442\u0438<\/p><\/td><td width=\"172\"><p>to apply for, to request<\/p><\/td><\/tr><tr><td width=\"208\"><p>\u017eiados\u0165<\/p><\/td><td width=\"225\"><p>\u0437\u0430\u044f\u0432\u0430, \u043f\u0440\u043e\u0445\u0430\u043d\u043d\u044f<\/p><\/td><td width=\"172\"><p>application form, request<\/p><\/td><\/tr><\/tbody><\/table>\t\t\t\t\t\t\t\t<\/div>\n\t\t\t\t<\/div>\n\t\t\t\t\t<\/div>\n\t\t<\/div>\n\t\t\t\t<div class=\"has_eae_slider elementor-column elementor-col-16 elementor-top-column elementor-element elementor-element-d3f5ab6\" data-eae-slider=\"22287\" data-id=\"d3f5ab6\" data-element_type=\"column\" data-e-type=\"column\">\n\t\t\t<div class=\"elementor-widget-wrap\">\n\t\t\t\t\t\t\t<\/div>\n\t\t<\/div>\n\t\t\t\t\t<\/div>\n\t\t<\/section>\n\t\t\t\t<\/div>\n\t\t","protected":false},"excerpt":{"rendered":"<p>NA \u0160TUDIJNOM ODDELEN\u00cd 2 (ZMENA \u0160TUDIJN\u00c9HO PROGRAMU) adresa \u0430\u0434\u0440\u0435\u0441\u0430 address adresova\u0165 \u0430\u0434\u0440\u0435\u0441\u0443\u0432\u0430\u0442\u0438 to address akademick\u00fd rok \u043d\u0430\u0432\u0447\u0430\u043b\u044c\u043d\u0438\u0439 \u0440\u0456\u043a (\u0443 \u0432\u0438\u0449\u043e\u043c\u0443 \u043d\u0430\u0432\u0447\u0430\u043b\u044c\u043d\u043e\u043c\u0443 \u0437\u0430\u043a\u043b\u0430\u0434\u0456) academic year aprob\u00e1cia \u0441\u043f\u0435\u0446\u0456\u0430\u043b\u0456\u0437\u0430\u0446\u0456\u044f specialization bakal\u00e1rsky stupe\u0148 \u0431\u0430\u043a\u0430\u043b\u0430\u0432\u0440\u0441\u044c\u043a\u0438\u0439 \u0441\u0442\u0443\u043f\u0456\u043d\u044c Bachelor\u00b4s degree dekan \u0434\u0435\u043a\u0430\u043d dean d\u00f4vod \u043f\u0440\u0438\u0447\u0438\u043d\u0430 reason garant \u0433\u0430\u0440\u0430\u043d\u0442 guarantor hlavi\u010dka (\u017eiadosti) \u0448\u0430\u043f\u043a\u0430 (\u0437\u0430\u044f\u0432\u0438) (\u0430\u0434\u043c\u0456\u043d.) (application) header (naplnen\u00e1) kapacita \u043c\u0430\u043a\u0441\u0438\u043c\u0430\u043b\u044c\u043d\u0430 \u043a\u0456\u043b\u044c\u043a\u0456\u0441\u0442\u044c \u0441\u0442\u0443\u0434\u0435\u043d\u0442\u0456\u0432, \u044f\u043a\u0456 [&hellip;]<\/p>\n","protected":false},"author":1,"featured_media":0,"parent":808,"menu_order":9,"comment_status":"closed","ping_status":"closed","template":"","meta":{"_acf_changed":false,"ocean_post_layout":"full-screen","ocean_both_sidebars_style":"","ocean_both_sidebars_content_width":0,"ocean_both_sidebars_sidebars_width":0,"ocean_sidebar":"","ocean_second_sidebar":"","ocean_disable_margins":"enable","ocean_add_body_class":"","ocean_shortcode_before_top_bar":"","ocean_shortcode_after_top_bar":"","ocean_shortcode_before_header":"","ocean_shortcode_after_header":"","ocean_has_shortcode":"","ocean_shortcode_after_title":"","ocean_shortcode_before_footer_widgets":"","ocean_shortcode_after_footer_widgets":"","ocean_shortcode_before_footer_bottom":"","ocean_shortcode_after_footer_bottom":"","ocean_display_top_bar":"off","ocean_display_header":"default","ocean_header_style":"","ocean_center_header_left_menu":"","ocean_custom_header_template":"","ocean_custom_logo":0,"ocean_custom_retina_logo":0,"ocean_custom_logo_max_width":0,"ocean_custom_logo_tablet_max_width":0,"ocean_custom_logo_mobile_max_width":0,"ocean_custom_logo_max_height":0,"ocean_custom_logo_tablet_max_height":0,"ocean_custom_logo_mobile_max_height":0,"ocean_header_custom_menu":"","ocean_menu_typo_font_family":"","ocean_menu_typo_font_subset":"","ocean_menu_typo_font_size":0,"ocean_menu_typo_font_size_tablet":0,"ocean_menu_typo_font_size_mobile":0,"ocean_menu_typo_font_size_unit":"px","ocean_menu_typo_font_weight":"","ocean_menu_typo_font_weight_tablet":"","ocean_menu_typo_font_weight_mobile":"","ocean_menu_typo_transform":"","ocean_menu_typo_transform_tablet":"","ocean_menu_typo_transform_mobile":"","ocean_menu_typo_line_height":0,"ocean_menu_typo_line_height_tablet":0,"ocean_menu_typo_line_height_mobile":0,"ocean_menu_typo_line_height_unit":"","ocean_menu_typo_spacing":0,"ocean_menu_typo_spacing_tablet":0,"ocean_menu_typo_spacing_mobile":0,"ocean_menu_typo_spacing_unit":"","ocean_menu_link_color":"","ocean_menu_link_color_hover":"","ocean_menu_link_color_active":"","ocean_menu_link_background":"","ocean_menu_link_hover_background":"","ocean_menu_link_active_background":"","ocean_menu_social_links_bg":"","ocean_menu_social_hover_links_bg":"","ocean_menu_social_links_color":"","ocean_menu_social_hover_links_color":"","ocean_disable_title":"on","ocean_disable_heading":"default","ocean_post_title":"","ocean_post_subheading":"","ocean_post_title_style":"","ocean_post_title_background_color":"","ocean_post_title_background":0,"ocean_post_title_bg_image_position":"","ocean_post_title_bg_image_attachment":"","ocean_post_title_bg_image_repeat":"","ocean_post_title_bg_image_size":"","ocean_post_title_height":0,"ocean_post_title_bg_overlay":0.5,"ocean_post_title_bg_overlay_color":"","ocean_disable_breadcrumbs":"default","ocean_breadcrumbs_color":"","ocean_breadcrumbs_separator_color":"","ocean_breadcrumbs_links_color":"","ocean_breadcrumbs_links_hover_color":"","ocean_display_footer_widgets":"off","ocean_display_footer_bottom":"default","ocean_custom_footer_template":"","footnotes":""},"class_list":["post-7714","page","type-page","status-publish","hentry","entry"],"acf":[],"amp_enabled":true,"_links":{"self":[{"href":"https:\/\/www.ff.unipo.sk\/slovencina\/index.php?rest_route=\/wp\/v2\/pages\/7714","targetHints":{"allow":["GET"]}}],"collection":[{"href":"https:\/\/www.ff.unipo.sk\/slovencina\/index.php?rest_route=\/wp\/v2\/pages"}],"about":[{"href":"https:\/\/www.ff.unipo.sk\/slovencina\/index.php?rest_route=\/wp\/v2\/types\/page"}],"author":[{"embeddable":true,"href":"https:\/\/www.ff.unipo.sk\/slovencina\/index.php?rest_route=\/wp\/v2\/users\/1"}],"replies":[{"embeddable":true,"href":"https:\/\/www.ff.unipo.sk\/slovencina\/index.php?rest_route=%2Fwp%2Fv2%2Fcomments&post=7714"}],"version-history":[{"count":7,"href":"https:\/\/www.ff.unipo.sk\/slovencina\/index.php?rest_route=\/wp\/v2\/pages\/7714\/revisions"}],"predecessor-version":[{"id":7861,"href":"https:\/\/www.ff.unipo.sk\/slovencina\/index.php?rest_route=\/wp\/v2\/pages\/7714\/revisions\/7861"}],"up":[{"embeddable":true,"href":"https:\/\/www.ff.unipo.sk\/slovencina\/index.php?rest_route=\/wp\/v2\/pages\/808"}],"wp:attachment":[{"href":"https:\/\/www.ff.unipo.sk\/slovencina\/index.php?rest_route=%2Fwp%2Fv2%2Fmedia&parent=7714"}],"curies":[{"name":"wp","href":"https:\/\/api.w.org\/{rel}","templated":true}]}}