{"id":812,"date":"2023-03-05T19:06:07","date_gmt":"2023-03-05T18:06:07","guid":{"rendered":"https:\/\/www.ff.unipo.sk\/slovencina\/?page_id=812"},"modified":"2024-12-19T12:26:15","modified_gmt":"2024-12-19T11:26:15","slug":"na-ubytovacom-oddeleni-lexika","status":"publish","type":"page","link":"https:\/\/www.ff.unipo.sk\/slovencina\/?page_id=812","title":{"rendered":"NA UBYTOVACOM ODDELEN\u00cd"},"content":{"rendered":"\t\t<div data-elementor-type=\"wp-page\" data-elementor-id=\"812\" class=\"elementor elementor-812\">\n\t\t\t\t\t\t<section class=\"has_eae_slider elementor-section elementor-top-section elementor-element elementor-element-5e157081 elementor-section-boxed elementor-section-height-default elementor-section-height-default\" data-eae-slider=\"96418\" data-id=\"5e157081\" data-element_type=\"section\" data-e-type=\"section\">\n\t\t\t\t\t\t<div class=\"elementor-container elementor-column-gap-default\">\n\t\t\t\t\t<div class=\"has_eae_slider elementor-column elementor-col-100 elementor-top-column elementor-element elementor-element-7dbf1cc5\" data-eae-slider=\"743\" data-id=\"7dbf1cc5\" data-element_type=\"column\" data-e-type=\"column\">\n\t\t\t<div class=\"elementor-widget-wrap elementor-element-populated\">\n\t\t\t\t\t\t<div class=\"elementor-element elementor-element-5cbcfef0 elementor-widget elementor-widget-image\" data-id=\"5cbcfef0\" data-element_type=\"widget\" data-e-type=\"widget\" data-widget_type=\"image.default\">\n\t\t\t\t<div class=\"elementor-widget-container\">\n\t\t\t\t\t\t\t\t\t\t\t\t\t\t\t<img fetchpriority=\"high\" decoding=\"async\" width=\"2048\" height=\"343\" src=\"https:\/\/www.ff.unipo.sk\/slovencina\/wp-content\/uploads\/2023\/05\/banner-2048x343.png\" class=\"attachment-2048x2048 size-2048x2048 wp-image-1886\" alt=\"\" srcset=\"https:\/\/www.ff.unipo.sk\/slovencina\/wp-content\/uploads\/2023\/05\/banner-2048x343.png 2048w, https:\/\/www.ff.unipo.sk\/slovencina\/wp-content\/uploads\/2023\/05\/banner-300x50.png 300w, https:\/\/www.ff.unipo.sk\/slovencina\/wp-content\/uploads\/2023\/05\/banner-1024x172.png 1024w, https:\/\/www.ff.unipo.sk\/slovencina\/wp-content\/uploads\/2023\/05\/banner-768x129.png 768w, https:\/\/www.ff.unipo.sk\/slovencina\/wp-content\/uploads\/2023\/05\/banner-1536x258.png 1536w\" sizes=\"(max-width: 2048px) 100vw, 2048px\" \/>\t\t\t\t\t\t\t\t\t\t\t\t\t\t\t<\/div>\n\t\t\t\t<\/div>\n\t\t\t\t\t<\/div>\n\t\t<\/div>\n\t\t\t\t\t<\/div>\n\t\t<\/section>\n\t\t\t\t<section class=\"has_eae_slider elementor-section elementor-top-section elementor-element elementor-element-304a230 elementor-section-boxed elementor-section-height-default elementor-section-height-default\" data-eae-slider=\"81760\" data-id=\"304a230\" data-element_type=\"section\" data-e-type=\"section\">\n\t\t\t\t\t\t<div class=\"elementor-container elementor-column-gap-default\">\n\t\t\t\t\t<div class=\"has_eae_slider elementor-column elementor-col-100 elementor-top-column elementor-element elementor-element-add7be2\" data-eae-slider=\"1915\" data-id=\"add7be2\" data-element_type=\"column\" data-e-type=\"column\">\n\t\t\t<div class=\"elementor-widget-wrap elementor-element-populated\">\n\t\t\t\t\t\t<div class=\"elementor-element elementor-element-fed30d7 elementor-widget elementor-widget-heading\" data-id=\"fed30d7\" data-element_type=\"widget\" data-e-type=\"widget\" data-widget_type=\"heading.default\">\n\t\t\t\t<div class=\"elementor-widget-container\">\n\t\t\t\t\t<h2 class=\"elementor-heading-title elementor-size-default\">NA UBYTOVACOM ODDELEN\u00cd<\/h2>\t\t\t\t<\/div>\n\t\t\t\t<\/div>\n\t\t\t\t\t<\/div>\n\t\t<\/div>\n\t\t\t\t\t<\/div>\n\t\t<\/section>\n\t\t\t\t<section class=\"has_eae_slider elementor-section elementor-top-section elementor-element elementor-element-630937d elementor-section-boxed elementor-section-height-default elementor-section-height-default\" data-eae-slider=\"55935\" data-id=\"630937d\" data-element_type=\"section\" data-e-type=\"section\">\n\t\t\t\t\t\t<div class=\"elementor-container elementor-column-gap-default\">\n\t\t\t\t\t<div class=\"has_eae_slider elementor-column elementor-col-16 elementor-top-column elementor-element elementor-element-d5678fd\" data-eae-slider=\"84282\" data-id=\"d5678fd\" data-element_type=\"column\" data-e-type=\"column\">\n\t\t\t<div class=\"elementor-widget-wrap\">\n\t\t\t\t\t\t\t<\/div>\n\t\t<\/div>\n\t\t\t\t<div class=\"has_eae_slider elementor-column elementor-col-66 elementor-top-column elementor-element elementor-element-c1591a2\" data-eae-slider=\"24893\" data-id=\"c1591a2\" data-element_type=\"column\" data-e-type=\"column\">\n\t\t\t<div class=\"elementor-widget-wrap elementor-element-populated\">\n\t\t\t\t\t\t<div class=\"elementor-element elementor-element-0fe49c7 elementor-widget elementor-widget-text-editor\" data-id=\"0fe49c7\" data-element_type=\"widget\" data-e-type=\"widget\" data-widget_type=\"text-editor.default\">\n\t\t\t\t<div class=\"elementor-widget-container\">\n\t\t\t\t\t\t\t\t\t<table><tbody><tr><td width=\"198\"><p>akademick\u00fd rok<\/p><\/td><td width=\"227\"><p>\u043d\u0430\u0432\u0447\u0430\u043b\u044c\u043d\u0438\u0439 \u0440\u0456\u043a \u0443 \u0432\u0438\u0449\u0456\u0439 \u0448\u043a\u043e\u043b\u0456<\/p><\/td><td width=\"179\"><p>academic year<\/p><\/td><\/tr><tr><td width=\"198\"><p>bankov\u00fd prevod<\/p><\/td><td width=\"227\"><p>\u0431\u0430\u043d\u043a\u0456\u0432\u0441\u044c\u043a\u0438\u0439 \u043f\u0435\u0440\u0435\u043a\u0430\u0437<\/p><\/td><td width=\"179\"><p>bank transfer\u00a0\u00a0<\/p><\/td><\/tr><tr><td width=\"198\"><p>bielize\u0148<\/p><\/td><td width=\"227\"><p>\u0431\u0456\u043b\u0438\u0437\u043d\u0430<\/p><\/td><td width=\"179\"><p>laundry\u00a0<\/p><\/td><\/tr><tr><td width=\"198\"><p>cestovn\u00fd pas<\/p><\/td><td width=\"227\"><p>\u0437\u0430\u043a\u043e\u0440\u0434\u043e\u043d\u043d\u0438\u0439 \u043f\u0430\u0441\u043f\u043e\u0440\u0442<\/p><\/td><td width=\"179\"><p>passport<\/p><\/td><\/tr><tr><td width=\"198\"><p>\u010destn\u00e9 vyhl\u00e1senie<\/p><\/td><td width=\"227\"><p>\u043f\u0456\u0434\u043f\u0438\u0441\u043a\u0430<\/p><\/td><td width=\"179\"><p>solemn declaration, declaration, affidavit\u00a0<\/p><\/td><\/tr><tr><td width=\"198\"><p>d\u00e1va\u0165 pozor<\/p><\/td><td width=\"227\"><p>\u0431\u0443\u0442\u0438 \u043e\u0431\u0435\u0440\u0435\u0436\u043d\u0438\u043c<\/p><\/td><td width=\"179\"><p>to pay attention<\/p><\/td><\/tr><tr><td width=\"198\"><p>depozit, z\u00e1loha<\/p><\/td><td width=\"227\"><p>\u0433\u0430\u0440\u0430\u043d\u0442\u0456\u0439\u043d\u0438\u0439 \u043f\u043b\u0430\u0442\u0456\u0436, \u0437\u0430\u0432\u0434\u0430\u0442\u043e\u043a<\/p><\/td><td width=\"179\"><p>deposit<\/p><\/td><\/tr><tr><td width=\"198\"><p>dodr\u017eiava\u0165<\/p><\/td><td width=\"227\"><p>\u0434\u043e\u0442\u0440\u0438\u043c\u0443\u0432\u0430\u0442\u0438\u0441\u044f<\/p><\/td><td width=\"179\"><p>abide by<\/p><\/td><\/tr><tr><td width=\"198\"><p>doklad o\u00a0zaplaten\u00ed<\/p><\/td><td width=\"227\"><p>\u0434\u043e\u043a\u0443\u043c\u0435\u043d\u0442 \u043f\u0440\u043e \u043e\u043f\u043b\u0430\u0442\u0443, \u043a\u0432\u0438\u0442\u0430\u043d\u0446\u0456\u044f<\/p><\/td><td width=\"179\"><p>proof of payment<\/p><\/td><\/tr><tr><td width=\"198\"><p>domov\u00fd poriadok<\/p><\/td><td width=\"227\"><p>\u043f\u0440\u0430\u0432\u0438\u043b\u0430 \u0432\u043d\u0443\u0442\u0440\u0456\u0448\u043d\u044c\u043e\u0433\u043e \u0440\u043e\u0437\u043f\u043e\u0440\u044f\u0434\u043a\u0443<\/p><\/td><td width=\"179\"><p>house rules and regulations\u00a0\u00a0<\/p><\/td><\/tr><tr><td width=\"198\"><p>elektrospotrebi\u010d<\/p><\/td><td width=\"227\"><p>\u0435\u043b\u0435\u043a\u0442\u0440\u043e\u043f\u0440\u0438\u043b\u0430\u0434<\/p><\/td><td width=\"179\"><p>electrical appliance<\/p><\/td><\/tr><tr><td width=\"198\"><p>izba<\/p><\/td><td width=\"227\"><p>\u043a\u0456\u043c\u043d\u0430\u0442\u0430<\/p><\/td><td width=\"179\"><p>room<\/p><\/td><\/tr><tr><td width=\"198\"><p>kontrolova\u0165\/skontrolova\u0165<\/p><\/td><td width=\"227\"><p>\u043f\u0435\u0440\u0435\u0432\u0456\u0440\u044f\u0442\u0438\/\u043f\u0435\u0440\u0435\u0432\u0456\u0440\u0438\u0442\u0438<\/p><\/td><td width=\"179\"><p>to check\u00a0<\/p><\/td><\/tr><tr><td width=\"198\"><p>nahra\u0165<\/p><\/td><td width=\"227\"><p>\u0437\u0430\u043f\u0438\u0441\u0430\u0442\u0438 (\u0432 \u0435\u043b\u0435\u043a\u0442\u0440\u043e\u043d\u043d\u043e\u043c\u0443 \u0432\u0438\u0433\u043b\u044f\u0434\u0456)<\/p><\/td><td width=\"179\"><p>to upload<\/p><\/td><\/tr><tr><td width=\"198\"><p>n\u00e1jomn\u00e9<\/p><\/td><td width=\"227\"><p>\u043e\u0440\u0435\u043d\u0434\u043d\u0430 \u043f\u043b\u0430\u0442\u0430<\/p><\/td><td width=\"179\"><p>rent<\/p><\/td><\/tr><tr><td width=\"198\"><p>preukaz toto\u017enosti (ob\u010diansky preukaz, cestovn\u00fd pas)<\/p><\/td><td width=\"227\"><p>\u043f\u043e\u0441\u0432\u0456\u0434\u0447\u0435\u043d\u043d\u044f \u0433\u0440\u043e\u043c\u0430\u0434\u044f\u043d\u0438\u043d\u0430 (ID \u043a\u0430\u0440\u0442\u0430\/\u043f\u0430\u0441\u043f\u043e\u0440\u0442)<\/p><\/td><td width=\"179\"><p>identity card (ID)\u00a0<\/p><\/td><\/tr><tr><td width=\"198\"><p>plnolet\u00fd<\/p><\/td><td width=\"227\"><p>\u043f\u043e\u0432\u043d\u043e\u043b\u0456\u0442\u043d\u0456\u0439<\/p><\/td><td width=\"179\"><p>adult<\/p><\/td><\/tr><tr><td width=\"198\"><p>pokuta<\/p><\/td><td width=\"227\"><p>\u0448\u0442\u0440\u0430\u0444<\/p><\/td><td width=\"179\"><p>fine<\/p><\/td><\/tr><tr><td width=\"198\"><p>poplatok<\/p><\/td><td width=\"227\"><p>\u043f\u043b\u0430\u0442\u0430\/\u0437\u0431\u0456\u0440<\/p><\/td><td width=\"179\"><p>fee<\/p><\/td><\/tr><tr><td width=\"198\"><p>poskytova\u0165\/poskytn\u00fa\u0165<\/p><\/td><td width=\"227\"><p>\u043d\u0430\u0434\u0430\u0432\u0430\u0442\u0438\/\u043d\u0430\u0434\u0430\u0442\u0438<\/p><\/td><td width=\"179\"><p>to provide<\/p><\/td><\/tr><tr><td width=\"198\"><p>predpisy (bezpe\u010dnostn\u00e9, protipo\u017eiarne)<\/p><\/td><td width=\"227\"><p>\u043f\u0440\u0430\u0432\u0438\u043b\u0430 (\u0431\u0435\u0437\u043f\u0435\u043a\u0438, \u043f\u0440\u043e\u0442\u0438\u043f\u043e\u0436\u0435\u0436\u043d\u0456)<\/p><p>\u00a0<\/p><\/td><td width=\"179\"><p>regulations (security regulations, fire safety standards)<\/p><\/td><\/tr><tr><td width=\"198\"><p>preuk\u00e1za\u0165 sa<\/p><\/td><td width=\"227\"><p>\u043f\u043e\u0441\u0432\u0456\u0434\u0447\u0438\u0442\u0438 \u0441\u0432\u043e\u044e \u043e\u0441\u043e\u0431\u0443 (\u043d\u0430\u0434\u0430\u0442\u0438 \u043f\u043e\u0441\u0432\u0456\u0434\u0447\u0435\u043d\u043d\u044f)<\/p><\/td><td width=\"179\"><p>to prove one\u00b4s identity\u00a0<\/p><\/td><\/tr><tr><td width=\"198\"><p>prevzia\u0165<\/p><\/td><td width=\"227\"><p>\u043e\u0442\u0440\u0438\u043c\u0430\u0442\u0438<\/p><\/td><td width=\"179\"><p>to receive, to take over<\/p><\/td><\/tr><tr><td width=\"198\"><p>pridelen\u00fd priestor<\/p><\/td><td width=\"227\"><p>\u043d\u0430\u0434\u0430\u043d\u0435 \u043f\u0440\u0438\u043c\u0456\u0449\u0435\u043d\u043d\u044f<\/p><\/td><td width=\"179\"><p>assigned space<\/p><\/td><\/tr><tr><td width=\"198\"><p>pr\u00edzemie<\/p><\/td><td width=\"227\"><p>\u043f\u0435\u0440\u0448\u0438\u0439 \u043f\u043e\u0432\u0435\u0440\u0445<\/p><\/td><td width=\"179\"><p>ground floor\u00a0(BrE), fist floor (AmE)<\/p><\/td><\/tr><tr><td width=\"198\"><p>rezerva\u010dn\u00fd poplatok<\/p><\/td><td width=\"227\"><p>\u043f\u043b\u0430\u0442\u0430 \u0437\u0430 \u0431\u0440\u043e\u043d\u044e\u0432\u0430\u043d\u043d\u044f<\/p><p>\u00a0<\/p><\/td><td width=\"179\"><p>reservation charge\u00a0<\/p><\/td><\/tr><tr><td width=\"198\"><p>rezervovan\u00fd<\/p><\/td><td width=\"227\"><p>\u0437\u0430\u0431\u0440\u043e\u043d\u044c\u043e\u0432\u0430\u043d\u0438\u0439, \u0437\u0430\u043c\u043e\u0432\u043b\u0435\u043d\u0438\u0439<\/p><\/td><td width=\"179\"><p>reserved\u00a0\u00a0<\/p><\/td><\/tr><tr><td width=\"198\"><p>sklad<\/p><\/td><td width=\"227\"><p>\u0441\u043a\u043b\u0430\u0434\u00a0\u00a0\u00a0\u00a0\u00a0\u00a0\u00a0\u00a0\u00a0\u00a0\u00a0\u00a0\u00a0\u00a0\u00a0\u00a0\u00a0\u00a0<\/p><\/td><td width=\"179\"><p>store<\/p><\/td><\/tr><tr><td width=\"198\"><p>splnomocnenie<\/p><\/td><td width=\"227\"><p>\u0434\u043e\u0440\u0443\u0447\u0435\u043d\u043d\u044f, \u0434\u043e\u0432\u0456\u0440\u0435\u043d\u0456\u0441\u0442\u044c<\/p><\/td><td width=\"179\"><p>authorization\u00a0\u00a0<\/p><\/td><\/tr><tr><td width=\"198\"><p>spolub\u00fdvaj\u00faci\/spolub\u00fdvaj\u00faca<\/p><\/td><td width=\"227\"><p>\u0441\u0443\u0441\u0456\u0434\/\u0441\u0443\u0441\u0456\u0434\u043a\u0430 \u043f\u043e \u043a\u0456\u043c\u043d\u0430\u0442\u0456<\/p><\/td><td width=\"179\"><p>roommate\u00a0\u00a0<\/p><\/td><\/tr><tr><td width=\"198\"><p>straten\u00fd<\/p><\/td><td width=\"227\"><p>\u0437\u0430\u0433\u0443\u0431\u043b\u0435\u043d\u0438\u0439<\/p><\/td><td width=\"179\"><p>lost<\/p><\/td><\/tr><tr><td width=\"198\"><p>\u0161koda<\/p><\/td><td width=\"227\"><p>\u0448\u043a\u043e\u0434\u0430, \u0437\u0431\u0438\u0442\u043a\u0438<\/p><\/td><td width=\"179\"><p>damage\u00a0\u00a0<\/p><\/td><\/tr><tr><td width=\"198\"><p>\u0161tudentsk\u00fd domov, intern\u00e1t<\/p><\/td><td width=\"227\"><p>\u0433\u0443\u0440\u0442\u043e\u0436\u0438\u0442\u043e\u043a<\/p><\/td><td width=\"179\"><p>dormitory<\/p><\/td><\/tr><tr><td width=\"198\"><p>ubytovac\u00ed preukaz, legitim\u00e1cia<\/p><\/td><td width=\"227\"><p>\u043f\u0435\u0440\u0435\u043f\u0443\u0441\u0442\u043a\u0430, \u043f\u043e\u0441\u0432\u0456\u0434\u0447\u0435\u043d\u043d\u044f \u043c\u0435\u0448\u043a\u0430\u043d\u0446\u044f \u0433\u0443\u0440\u0442\u043e\u0436\u0438\u0442\u043a\u0443<\/p><\/td><td width=\"179\"><p>accommodation certificate, dormitory pass\u00a0\u00a0<\/p><\/td><\/tr><tr><td width=\"198\"><p>ubytovacie oddelenie<\/p><\/td><td width=\"227\"><p>\u0432\u0456\u0434\u0434\u0456\u043b \u043f\u043e\u0441\u0435\u043b\u0435\u043d\u043d\u044f<\/p><\/td><td width=\"179\"><p>accommodation department\u00a0\u00a0<\/p><\/td><\/tr><tr><td width=\"198\"><p>ubytovanie<\/p><\/td><td width=\"227\"><p>1. \u043f\u043e\u043c\u0435\u0448\u043a\u0430\u043d\u043d\u044f, \u0436\u0438\u0442\u043b\u043e<\/p><p>2. \u043f\u043e\u0441\u0435\u043b\u0435\u043d\u043d\u044f, \u043d\u0430\u0434\u0430\u043d\u043d\u044f \u0436\u0438\u0442\u043b\u0430<\/p><\/td><td width=\"179\"><p>accommodation\u00a0\u00a0<\/p><\/td><\/tr><tr><td width=\"198\"><p>ubytovan\u00fd<\/p><\/td><td width=\"227\"><p>\u043c\u0435\u0448\u043a\u0430\u043d\u0435\u0446\u044c (\u0433\u0443\u0440\u0442\u043e\u0436\u0438\u0442\u043a\u0443)<\/p><\/td><td width=\"179\"><p>accommodated\u00a0\u00a0<\/p><\/td><\/tr><tr><td width=\"198\"><p>ubytovate\u013e<\/p><\/td><td width=\"227\"><p>\u043e\u0441\u043e\u0431\u0430\/\u0443\u0441\u0442\u0430\u043d\u043e\u0432\u0430, \u044f\u043a\u0430 \u043d\u0430\u0434\u0430\u0454 \u0442\u0438\u043c\u0447\u0430\u0441\u043e\u0432\u0435 \u0436\u0438\u0442\u043b\u043e<\/p><\/td><td width=\"179\"><p>accommodation provider\u00a0<\/p><\/td><\/tr><tr><td width=\"198\"><p>ubytova\u0165 sa<\/p><\/td><td width=\"227\"><p>\u043f\u043e\u0441\u0435\u043b\u0438\u0442\u0438\u0441\u044f<\/p><\/td><td width=\"179\"><p>to check in (at)\u00a0\u00a0<\/p><\/td><\/tr><tr><td width=\"198\"><p>udr\u017eiava\u0165 poriadok<\/p><\/td><td width=\"227\"><p>\u0443\u0442\u0440\u0438\u043c\u0443\u0432\u0430\u0442\u0438 \u043f\u043e\u0440\u044f\u0434\u043e\u043a<\/p><\/td><td width=\"179\"><p>to keep in order\u00a0<\/p><\/td><\/tr><tr><td width=\"198\"><p>uhradi\u0165<\/p><\/td><td width=\"227\"><p>\u0441\u043f\u043b\u0430\u0442\u0438\u0442\u0438<\/p><\/td><td width=\"179\"><p>to pay, to reimburse<\/p><\/td><\/tr><tr><td width=\"198\"><p>\u00faradne overen\u00fd<\/p><\/td><td width=\"227\"><p>\u043d\u043e\u0442\u0430\u0440\u0456\u0430\u043b\u044c\u043d\u043e \u0437\u0430\u0441\u0432\u0456\u0434\u0447\u0435\u043d\u0438\u0439<\/p><\/td><td width=\"179\"><p>(officially) certified, officially endorsed<\/p><\/td><\/tr><tr><td width=\"198\"><p>vo v\u00fd\u0161ke<\/p><\/td><td width=\"227\"><p>\u0443 \u0440\u043e\u0437\u043c\u0456\u0440\u0456 (\u043a\u043e\u043b\u0438 \u0439\u0434\u0435\u0442\u044c\u0441\u044f \u043f\u0440\u043e \u0433\u0440\u043e\u0448\u043e\u0432\u0443 \u0441\u0443\u043c\u0443)<\/p><\/td><td width=\"179\"><p>in the amount of, in amounts<\/p><\/td><\/tr><tr><td width=\"198\"><p>vytla\u010den\u00fd<\/p><\/td><td width=\"227\"><p>\u0440\u043e\u0437\u0434\u0440\u0443\u043a\u043e\u0432\u0430\u043d\u0438\u0439<\/p><\/td><td width=\"179\"><p>printed out\u00a0\u00a0<\/p><\/td><\/tr><tr><td width=\"198\"><p>vytla\u010di\u0165<\/p><\/td><td width=\"227\"><p>\u0440\u043e\u0437\u0434\u0440\u0443\u043a\u0443\u0432\u0430\u0442\u0438<\/p><\/td><td width=\"179\"><p>to print out\u00a0<\/p><\/td><\/tr><tr><td width=\"198\"><p>vyplnen\u00fd<\/p><\/td><td width=\"227\"><p>\u0437\u0430\u043f\u043e\u0432\u043d\u0435\u043d\u0438\u0439 (\u043f\u0440\u043e \u0431\u043b\u0430\u043d\u043a\u0438, \u0444\u043e\u0440\u043c\u0443\u043b\u044f\u0440\u0438, \u0443\u0433\u043e\u0434\u0438)<\/p><\/td><td width=\"179\"><p>filled out\u00a0<\/p><\/td><\/tr><tr><td width=\"198\"><p>zmluva o\u00a0ubytovan\u00ed<\/p><\/td><td width=\"227\"><p>\u0434\u043e\u0433\u043e\u0432\u0456\u0440 \u043d\u0430 \u043f\u0440\u043e\u0436\u0438\u0432\u0430\u043d\u043d\u044f \u0432 \u0433\u0443\u0440\u0442\u043e\u0436\u0438\u0442\u043a\u0443<\/p><\/td><td width=\"179\"><p>accommodation contract\u00a0\u00a0<\/p><\/td><\/tr><\/tbody><\/table><p>\u00a0<\/p>\t\t\t\t\t\t\t\t<\/div>\n\t\t\t\t<\/div>\n\t\t\t\t\t<\/div>\n\t\t<\/div>\n\t\t\t\t<div class=\"has_eae_slider elementor-column elementor-col-16 elementor-top-column elementor-element elementor-element-118c225\" data-eae-slider=\"11511\" data-id=\"118c225\" data-element_type=\"column\" data-e-type=\"column\">\n\t\t\t<div class=\"elementor-widget-wrap\">\n\t\t\t\t\t\t\t<\/div>\n\t\t<\/div>\n\t\t\t\t\t<\/div>\n\t\t<\/section>\n\t\t\t\t<\/div>\n\t\t","protected":false},"excerpt":{"rendered":"<p>NA UBYTOVACOM ODDELEN\u00cd akademick\u00fd rok \u043d\u0430\u0432\u0447\u0430\u043b\u044c\u043d\u0438\u0439 \u0440\u0456\u043a \u0443 \u0432\u0438\u0449\u0456\u0439 \u0448\u043a\u043e\u043b\u0456 academic year bankov\u00fd prevod \u0431\u0430\u043d\u043a\u0456\u0432\u0441\u044c\u043a\u0438\u0439 \u043f\u0435\u0440\u0435\u043a\u0430\u0437 bank transfer\u00a0\u00a0 bielize\u0148 \u0431\u0456\u043b\u0438\u0437\u043d\u0430 laundry\u00a0 cestovn\u00fd pas \u0437\u0430\u043a\u043e\u0440\u0434\u043e\u043d\u043d\u0438\u0439 \u043f\u0430\u0441\u043f\u043e\u0440\u0442 passport \u010destn\u00e9 vyhl\u00e1senie \u043f\u0456\u0434\u043f\u0438\u0441\u043a\u0430 solemn declaration, declaration, affidavit\u00a0 d\u00e1va\u0165 pozor \u0431\u0443\u0442\u0438 \u043e\u0431\u0435\u0440\u0435\u0436\u043d\u0438\u043c to pay attention depozit, z\u00e1loha \u0433\u0430\u0440\u0430\u043d\u0442\u0456\u0439\u043d\u0438\u0439 \u043f\u043b\u0430\u0442\u0456\u0436, \u0437\u0430\u0432\u0434\u0430\u0442\u043e\u043a deposit dodr\u017eiava\u0165 \u0434\u043e\u0442\u0440\u0438\u043c\u0443\u0432\u0430\u0442\u0438\u0441\u044f abide by doklad o\u00a0zaplaten\u00ed \u0434\u043e\u043a\u0443\u043c\u0435\u043d\u0442 \u043f\u0440\u043e \u043e\u043f\u043b\u0430\u0442\u0443, [&hellip;]<\/p>\n","protected":false},"author":1,"featured_media":0,"parent":808,"menu_order":1,"comment_status":"closed","ping_status":"closed","template":"","meta":{"_acf_changed":false,"ocean_post_layout":"full-screen","ocean_both_sidebars_style":"","ocean_both_sidebars_content_width":0,"ocean_both_sidebars_sidebars_width":0,"ocean_sidebar":"0","ocean_second_sidebar":"0","ocean_disable_margins":"enable","ocean_add_body_class":"","ocean_shortcode_before_top_bar":"","ocean_shortcode_after_top_bar":"","ocean_shortcode_before_header":"","ocean_shortcode_after_header":"","ocean_has_shortcode":"","ocean_shortcode_after_title":"","ocean_shortcode_before_footer_widgets":"","ocean_shortcode_after_footer_widgets":"","ocean_shortcode_before_footer_bottom":"","ocean_shortcode_after_footer_bottom":"","ocean_display_top_bar":"off","ocean_display_header":"default","ocean_header_style":"","ocean_center_header_left_menu":"0","ocean_custom_header_template":"0","ocean_custom_logo":0,"ocean_custom_retina_logo":0,"ocean_custom_logo_max_width":0,"ocean_custom_logo_tablet_max_width":0,"ocean_custom_logo_mobile_max_width":0,"ocean_custom_logo_max_height":0,"ocean_custom_logo_tablet_max_height":0,"ocean_custom_logo_mobile_max_height":0,"ocean_header_custom_menu":"0","ocean_menu_typo_font_family":"0","ocean_menu_typo_font_subset":"","ocean_menu_typo_font_size":0,"ocean_menu_typo_font_size_tablet":0,"ocean_menu_typo_font_size_mobile":0,"ocean_menu_typo_font_size_unit":"px","ocean_menu_typo_font_weight":"","ocean_menu_typo_font_weight_tablet":"","ocean_menu_typo_font_weight_mobile":"","ocean_menu_typo_transform":"","ocean_menu_typo_transform_tablet":"","ocean_menu_typo_transform_mobile":"","ocean_menu_typo_line_height":0,"ocean_menu_typo_line_height_tablet":0,"ocean_menu_typo_line_height_mobile":0,"ocean_menu_typo_line_height_unit":"","ocean_menu_typo_spacing":0,"ocean_menu_typo_spacing_tablet":0,"ocean_menu_typo_spacing_mobile":0,"ocean_menu_typo_spacing_unit":"","ocean_menu_link_color":"","ocean_menu_link_color_hover":"","ocean_menu_link_color_active":"","ocean_menu_link_background":"","ocean_menu_link_hover_background":"","ocean_menu_link_active_background":"","ocean_menu_social_links_bg":"","ocean_menu_social_hover_links_bg":"","ocean_menu_social_links_color":"","ocean_menu_social_hover_links_color":"","ocean_disable_title":"on","ocean_disable_heading":"default","ocean_post_title":"","ocean_post_subheading":"","ocean_post_title_style":"","ocean_post_title_background_color":"","ocean_post_title_background":0,"ocean_post_title_bg_image_position":"","ocean_post_title_bg_image_attachment":"","ocean_post_title_bg_image_repeat":"","ocean_post_title_bg_image_size":"","ocean_post_title_height":0,"ocean_post_title_bg_overlay":0.5,"ocean_post_title_bg_overlay_color":"","ocean_disable_breadcrumbs":"default","ocean_breadcrumbs_color":"","ocean_breadcrumbs_separator_color":"","ocean_breadcrumbs_links_color":"","ocean_breadcrumbs_links_hover_color":"","ocean_display_footer_widgets":"off","ocean_display_footer_bottom":"default","ocean_custom_footer_template":"0","footnotes":""},"class_list":["post-812","page","type-page","status-publish","hentry","entry"],"acf":[],"amp_enabled":true,"_links":{"self":[{"href":"https:\/\/www.ff.unipo.sk\/slovencina\/index.php?rest_route=\/wp\/v2\/pages\/812","targetHints":{"allow":["GET"]}}],"collection":[{"href":"https:\/\/www.ff.unipo.sk\/slovencina\/index.php?rest_route=\/wp\/v2\/pages"}],"about":[{"href":"https:\/\/www.ff.unipo.sk\/slovencina\/index.php?rest_route=\/wp\/v2\/types\/page"}],"author":[{"embeddable":true,"href":"https:\/\/www.ff.unipo.sk\/slovencina\/index.php?rest_route=\/wp\/v2\/users\/1"}],"replies":[{"embeddable":true,"href":"https:\/\/www.ff.unipo.sk\/slovencina\/index.php?rest_route=%2Fwp%2Fv2%2Fcomments&post=812"}],"version-history":[{"count":36,"href":"https:\/\/www.ff.unipo.sk\/slovencina\/index.php?rest_route=\/wp\/v2\/pages\/812\/revisions"}],"predecessor-version":[{"id":7837,"href":"https:\/\/www.ff.unipo.sk\/slovencina\/index.php?rest_route=\/wp\/v2\/pages\/812\/revisions\/7837"}],"up":[{"embeddable":true,"href":"https:\/\/www.ff.unipo.sk\/slovencina\/index.php?rest_route=\/wp\/v2\/pages\/808"}],"wp:attachment":[{"href":"https:\/\/www.ff.unipo.sk\/slovencina\/index.php?rest_route=%2Fwp%2Fv2%2Fmedia&parent=812"}],"curies":[{"name":"wp","href":"https:\/\/api.w.org\/{rel}","templated":true}]}}