{"id":1582,"date":"2024-05-06T15:31:14","date_gmt":"2024-05-06T13:31:14","guid":{"rendered":"https:\/\/www.ff.unipo.sk\/slovotvorna-komisia\/?page_id=1582"},"modified":"2026-01-28T14:26:53","modified_gmt":"2026-01-28T13:26:53","slug":"clenovia-komisie","status":"publish","type":"page","link":"https:\/\/www.ff.unipo.sk\/slovotvorna-komisia\/clenovia-komisie\/","title":{"rendered":"\u010cLENOVIA"},"content":{"rendered":"\t\t<div data-elementor-type=\"wp-page\" data-elementor-id=\"1582\" class=\"elementor elementor-1582\">\n\t\t\t\t\t\t<section class=\"elementor-section elementor-top-section elementor-element elementor-element-92e8863 elementor-section-content-middle elementor-section-boxed elementor-section-height-default elementor-section-height-default\" data-id=\"92e8863\" data-element_type=\"section\" data-e-type=\"section\" data-settings=\"{&quot;background_background&quot;:&quot;classic&quot;}\">\n\t\t\t\t\t\t\t<div class=\"elementor-background-overlay\"><\/div>\n\t\t\t\t\t\t\t<div class=\"elementor-container elementor-column-gap-no\">\n\t\t\t\t\t<div class=\"elementor-column elementor-col-100 elementor-top-column elementor-element elementor-element-fc4e00e\" data-id=\"fc4e00e\" data-element_type=\"column\" data-e-type=\"column\">\n\t\t\t<div class=\"elementor-widget-wrap elementor-element-populated\">\n\t\t\t\t<div class=\"elementor-element elementor-element-c7da904 e-grid e-con-boxed e-con e-parent\" data-id=\"c7da904\" data-element_type=\"container\" data-e-type=\"container\">\n\t\t\t\t\t<div class=\"e-con-inner\">\n\t\t\t\t<div class=\"elementor-element elementor-element-5a61a8f elementor-widget elementor-widget-heading\" data-id=\"5a61a8f\" data-element_type=\"widget\" data-e-type=\"widget\" data-widget_type=\"heading.default\">\n\t\t\t\t<div class=\"elementor-widget-container\">\n\t\t\t\t\t<h2 class=\"elementor-heading-title elementor-size-default\">KOMISIA PRE SLOVANSK\u00da SLOVOTVORBU<\/h2>\t\t\t\t<\/div>\n\t\t\t\t<\/div>\n\t\t\t\t<div class=\"elementor-element elementor-element-0c7ff8a elementor-widget elementor-widget-text-editor\" data-id=\"0c7ff8a\" data-element_type=\"widget\" data-e-type=\"widget\" data-widget_type=\"text-editor.default\">\n\t\t\t\t<div class=\"elementor-widget-container\">\n\t\t\t\t\t\t\t\t\t<p>PRI MEDZIN\u00c1RODNOM KOMIT\u00c9TE SLAVISTOV<\/p>\t\t\t\t\t\t\t\t<\/div>\n\t\t\t\t<\/div>\n\t\t\t\t\t<\/div>\n\t\t\t\t<\/div>\n\t\t\t\t\t<\/div>\n\t\t<\/div>\n\t\t\t\t\t<\/div>\n\t\t<\/section>\n\t\t<div class=\"elementor-element elementor-element-fa458b4 e-flex e-con-boxed e-con e-parent\" data-id=\"fa458b4\" data-element_type=\"container\" data-e-type=\"container\" data-settings=\"{&quot;animation&quot;:&quot;none&quot;}\">\n\t\t\t\t\t<div class=\"e-con-inner\">\n\t\t\t\t<div class=\"elementor-element elementor-element-58424fc elementor-widget__width-inherit elementor-widget elementor-widget-heading\" data-id=\"58424fc\" data-element_type=\"widget\" data-e-type=\"widget\" data-settings=\"{&quot;_animation&quot;:&quot;none&quot;}\" data-widget_type=\"heading.default\">\n\t\t\t\t<div class=\"elementor-widget-container\">\n\t\t\t\t\t<h2 class=\"elementor-heading-title elementor-size-default\">\u010cLENOVIA KOMISIE<\/h2>\t\t\t\t<\/div>\n\t\t\t\t<\/div>\n\t\t\t\t\t<\/div>\n\t\t\t\t<\/div>\n\t\t<div class=\"elementor-element elementor-element-5b8c431 e-flex e-con-boxed e-con e-parent\" data-id=\"5b8c431\" data-element_type=\"container\" data-e-type=\"container\">\n\t\t\t\t\t<div class=\"e-con-inner\">\n\t\t\t\t<div class=\"elementor-element elementor-element-a895964 elementor-widget__width-inherit elementor-widget elementor-widget-heading\" data-id=\"a895964\" data-element_type=\"widget\" data-e-type=\"widget\" data-settings=\"{&quot;_animation&quot;:&quot;none&quot;}\" data-widget_type=\"heading.default\">\n\t\t\t\t<div class=\"elementor-widget-container\">\n\t\t\t\t\t<h2 class=\"elementor-heading-title elementor-size-default\">predsedn\u00edctvo<\/h2>\t\t\t\t<\/div>\n\t\t\t\t<\/div>\n\t\t\t\t<div class=\"elementor-element elementor-element-790e891 elementor-widget elementor-widget-text-editor\" data-id=\"790e891\" data-element_type=\"widget\" data-e-type=\"widget\" data-widget_type=\"text-editor.default\">\n\t\t\t\t<div class=\"elementor-widget-container\">\n\t\t\t\t\t\t\t\t\t<ul><li><a href=\"https:\/\/www.ff.unipo.sk\/slovotvorna-komisia\/clenovia-komisie\/dragicevic\/\"><strong>Dragi\u0107evi\u0107, Rajna<\/strong><\/a> <strong>(\u0414\u0440\u0430\u0433\u0438\u045b\u0435\u0432\u0438\u045b, \u0420\u0430j\u043d\u0430)<\/strong> \u2013 predsedn\u00ed\u010dka (Srbsko, Belehrad)<\/li><li><strong><a href=\"https:\/\/www.ff.unipo.sk\/slovotvorna-komisia\/clenovia-komisie\/olostiak\/\">Olo\u0161tiak, Martin<\/a><\/strong> \u2013 podpredseda (Slovensko, Pre\u0161ov)<\/li><li><strong><a href=\"https:\/\/www.ff.unipo.sk\/slovotvorna-komisia\/clenovia-komisie\/kysluk\/\">Kys\u013euk,\u00a0Larysa\u00a0Pavlivna<\/a> (\u041a\u0438\u0441\u043b\u044e\u043a, \u041b\u0430\u0440\u0438\u0441\u0430 \u041f\u0430\u0432\u043b\u0456\u0432\u043d\u0430) <\/strong>\u00a0\u2013 tajomn\u00ed\u010dka (Ukrajina, Kyjev)<\/li><\/ul>\t\t\t\t\t\t\t\t<\/div>\n\t\t\t\t<\/div>\n\t\t\t\t\t<\/div>\n\t\t\t\t<\/div>\n\t\t<div class=\"elementor-element elementor-element-4a7dc73 e-flex e-con-boxed e-con e-parent\" data-id=\"4a7dc73\" data-element_type=\"container\" data-e-type=\"container\">\n\t\t\t\t\t<div class=\"e-con-inner\">\n\t\t\t\t<div class=\"elementor-element elementor-element-3e2b16b elementor-widget-divider--view-line elementor-widget elementor-widget-divider\" data-id=\"3e2b16b\" data-element_type=\"widget\" data-e-type=\"widget\" data-widget_type=\"divider.default\">\n\t\t\t\t<div class=\"elementor-widget-container\">\n\t\t\t\t\t\t\t<div class=\"elementor-divider\">\n\t\t\t<span class=\"elementor-divider-separator\">\n\t\t\t\t\t\t<\/span>\n\t\t<\/div>\n\t\t\t\t\t\t<\/div>\n\t\t\t\t<\/div>\n\t\t\t\t\t<\/div>\n\t\t\t\t<\/div>\n\t\t<div class=\"elementor-element elementor-element-1924815 e-flex e-con-boxed e-con e-parent\" data-id=\"1924815\" data-element_type=\"container\" data-e-type=\"container\">\n\t\t\t\t\t<div class=\"e-con-inner\">\n\t\t\t\t<div class=\"elementor-element elementor-element-f188e89 elementor-widget__width-inherit elementor-widget elementor-widget-heading\" data-id=\"f188e89\" data-element_type=\"widget\" data-e-type=\"widget\" data-settings=\"{&quot;_animation&quot;:&quot;none&quot;}\" data-widget_type=\"heading.default\">\n\t\t\t\t<div class=\"elementor-widget-container\">\n\t\t\t\t\t<h2 class=\"elementor-heading-title elementor-size-default\">\u010dlenovia<\/h2>\t\t\t\t<\/div>\n\t\t\t\t<\/div>\n\t\t\t\t<div class=\"elementor-element elementor-element-2909898 elementor-widget elementor-widget-text-editor\" data-id=\"2909898\" data-element_type=\"widget\" data-e-type=\"widget\" data-widget_type=\"text-editor.default\">\n\t\t\t\t<div class=\"elementor-widget-container\">\n\t\t\t\t\t\t\t\t\t<ul><li><strong><a href=\"https:\/\/www.ff.unipo.sk\/slovotvorna-komisia\/clenovia-komisie\/ajdzanovic\/\">Aj\u0111anovi\u0107, Milan<\/a> (\u0410\u0458\u045f\u0430\u043d\u043e\u0432\u0438\u045b, \u041c\u0438\u043b\u0430\u043d) <\/strong>\u00a0(Srbsko, Nov\u00fd Sad)<\/li><li><strong>Arizankovska,\u00a0Lidija (\u0410\u0440\u0438\u0437\u0430\u043d\u043a\u043e\u0432\u0441\u043a\u0430, \u041b\u0438\u0434\u0438\u0458\u0430) <\/strong>\u00a0(Severn\u00e9 Maced\u00f3nsko, Skopje)<\/li><li><strong>Avramova, Cvetanka (\u0410\u0432\u0440\u0430\u043c\u043e\u0432\u0430, \u0426\u0432\u0435\u0442\u0430\u043d\u043a\u0430) <\/strong>\u00a0(Bulharsko, Sofia)<\/li><li><strong>Belentschikow,\u00a0Renate <\/strong>\u00a0(Nemecko, Magdeburg)<\/li><li><a href=\"https:\/\/www.ff.unipo.sk\/slovotvorna-komisia\/clenovia-komisie\/bozdechova\/\"><strong>Bozd\u011bchov\u00e1,\u00a0Ivana <\/strong><\/a>\u00a0(\u010cesko, Praha)<\/li><li><a href=\"https:\/\/www.ff.unipo.sk\/slovotvorna-komisia\/clenovia-komisie\/burkacka\/\"><strong>Burkacka, Iwona <\/strong><\/a>\u00a0(Po\u013esko, Var\u0161ava)<\/li><li><strong>\u0106ori\u0107, Bo\u017eo (\u040b\u043e\u0440\u0438\u045b, \u0411\u043e\u0436\u043e) <\/strong>\u00a0(Srbsko, Belehrad)<\/li><li><strong><a href=\"https:\/\/www.ff.unipo.sk\/slovotvorna-komisia\/clenovia-komisie\/fatkhutdinova\/\">Fatchutdinova, Venera Gabdulchakovna<\/a> (\u0424\u0430\u0442\u0445\u0443\u0442\u0434\u0438\u043d\u043e\u0432\u0430, \u0412\u0435\u043d\u0435\u0440\u0430 \u0413\u0430\u0431\u0434\u0443\u043b\u0445\u0430\u043a\u043e\u0432\u043d\u0430) <\/strong>\u00a0(Rusko, Kaza\u0148)<\/li><li><strong>Hammel Robert <\/strong>\u00a0(Nemecko, Berl\u00edn)<\/li><li><strong>Hna\u0165uk, Lidija Pavlivna (\u0413\u043d\u0430\u0442\u044e\u043a, \u041b\u0456\u0434\u0456\u044f \u041f\u0430\u0432\u043b\u0456\u0432\u043d\u0430) <\/strong>\u00a0(Ukrajina, Kyjev)<\/li><li><strong><a href=\"https:\/\/www.ff.unipo.sk\/slovotvorna-komisia\/clenovia-komisie\/charitoncik\/\">Char\u0456ton\u010d\u0456k,\u00a0Zinajda Andrejevna<\/a> (\u0425\u0430\u0440\u0438\u0442\u043e\u043d\u0447\u0438\u043a, \u0417\u0438\u043d\u0430\u0438\u0434\u0430 \u0410\u043d\u0434\u0440\u0435\u0435\u0432\u043d\u0430) <\/strong>\u00a0(Bielorusko, Minsk)<\/li><li><a href=\"https:\/\/www.ff.unipo.sk\/slovotvorna-komisia\/clenovia-komisie\/janockova\/\"><strong>Jano\u010dkov\u00e1 Nicol <\/strong><\/a>\u00a0(Slovensko, Bratislava)<\/li><li><a href=\"https:\/\/www.ff.unipo.sk\/slovotvorna-komisia\/clenovia-komisie\/janowska\/\"><strong>Janowska, Aleksandra <\/strong><\/a>\u00a0(Po\u013esko, Katovice)<\/li><li><strong><a href=\"https:\/\/www.ff.unipo.sk\/slovotvorna-komisia\/clenovia-komisie\/karpilovska\/\">Karpilovska,\u00a0Jevhenija\u00a0Anatolijivna<\/a> (\u041a\u0430\u0440\u043f\u0456\u043b\u043e\u0432\u0441\u044c\u043a\u0430, \u0404\u0432\u0433\u0435\u043d\u0456\u044f \u0410\u043d\u0430\u0442\u043e\u043b\u0456\u0457\u0432\u043d\u0430) <\/strong>\u00a0(Ukrajina, Kyjev)<\/li><li><strong>Kern, Boris <\/strong>\u00a0(Slovinsko, \u013dub\u013eana)<\/li><li><a href=\"https:\/\/www.ff.unipo.sk\/slovotvorna-komisia\/clenovia-komisie\/kleszczowa\/\"><strong>Kleszczowa,\u00a0Krystyna <\/strong><\/a>\u00a0(Po\u013esko, Katovice)<\/li><li><strong><a href=\"https:\/\/www.ff.unipo.sk\/slovotvorna-komisia\/clenovia-komisie\/koriakowcewa\/\">Koriakowcewa,\u00a0Jelena\u00a0Ivanovna<\/a> (\u041a\u043e\u0440\u044f\u043a\u043e\u0432\u0446\u0435\u0432\u0430, \u0415\u043b\u0435\u043d\u0430 \u0418.) <\/strong>\u00a0(Po\u013esko, Siedlce)<\/li><li><strong>Kowalski,\u00a0Pawe\u0142 <\/strong>\u00a0(Po\u013esko, Var\u0161ava)<\/li><li><a href=\"https:\/\/www.ff.unipo.sk\/slovotvorna-komisia\/clenovia-komisie\/liptakova\/\"><strong>Lipt\u00e1kov\u00e1, \u013dudmila <\/strong><\/a>\u00a0(Slovensko, Pre\u0161ov)<\/li><li><strong>Luka\u0161anec, A\u013eaksandr A. (<\/strong><strong>\u041b\u0443\u043a\u0430\u0448\u0430\u043d\u0435\u0446<\/strong><strong>,\u00a0<\/strong><strong>\u0410\u043b\u044f\u043a\u0441\u0430\u043d\u0434\u0440<\/strong><strong>\u00a0<\/strong><strong>\u0410<\/strong><strong>.) <\/strong>\u00a0(Bielorusko, Minsk)<\/li><li><strong><a href=\"https:\/\/www.ff.unipo.sk\/slovotvorna-komisia\/clenovia-komisie\/lukashanets\/\">Luka\u0161anec,\u00a0Jelena\u00a0Glebovna<\/a> (<\/strong><strong>\u041b\u0443\u043a\u0430\u0448\u0430\u043d\u0435\u0446<\/strong><strong>, <\/strong><strong>\u0415\u043b\u0435\u043d\u0430<\/strong> <strong>\u0413\u043b\u0435\u0431\u043e\u0432\u043d\u0430<\/strong><strong>) <\/strong>\u00a0(Bielorusko, Minsk)<\/li><li><strong>Mengel,\u00a0Swetlana <\/strong>\u00a0(Nemecko, Halle-Wittenberg)<\/li><li><strong><a href=\"https:\/\/www.ff.unipo.sk\/slovotvorna-komisia\/clenovia-komisie\/milasin\/\">Mila\u0161in,\u00a0Goran<\/a> (\u041c\u0438\u043b\u0430\u0448\u0438\u043d, \u0413\u043e\u0440\u0430\u043d) <\/strong>\u00a0(Bosna a Hercegovina, Banja Luka)<\/li><li><strong>Miloslavskij,\u00a0Igor\u00a0Grigorievi\u010d (\u041c\u0438\u043b\u043e\u0441\u043b\u0430\u0432\u0441\u043a\u0438\u0439, \u0418\u0433\u043e\u0440\u044c \u0413\u0440\u0438\u0433\u043e\u0440\u044c\u0435\u0432\u0438\u0447) <\/strong>\u00a0(Rusko, Moskva)<\/li><li><strong>Nag\u00f3rko, Alicja <\/strong>\u00a0(Nemecko, Berl\u00edn)<\/li><li><strong>Nam-Shin\u00a0Cho <\/strong>\u00a0(Ju\u017en\u00e1 K\u00f3rea, Soul)<\/li><li><strong>Nenezi\u0107,\u00a0Sonja <\/strong>\u00a0(\u010cierna Hora, Podgorica)<\/li><li><strong><a href=\"https:\/\/www.ff.unipo.sk\/slovotvorna-komisia\/clenovia-komisie\/nikitevic\/\">Nikitevi\u010d,\u00a0Aleksej Vasilievi\u010d<\/a> (<\/strong><strong>\u041d\u0438\u043a\u0438\u0442\u0435\u0432\u0438\u0447<\/strong><strong>, <\/strong><strong>\u0410\u043b\u0435\u043a\u0441\u0435\u0439<\/strong> <strong>\u0412\u0430\u0441\u0438\u043b\u044c\u0435\u0432\u0438\u0447<\/strong><strong>) <\/strong>\u00a0(Bielorusko, Grodno)<\/li><li><strong>Nikolajev,\u00a0Gennadij Aleksejevi\u010d (<\/strong><strong>\u041d\u0438\u043a\u043e\u043b\u0430\u0435\u0432<\/strong><strong>, <\/strong><strong>\u0413\u0435\u043d\u043d\u0430\u0434\u0438\u0439<\/strong> <strong>\u0410\u043b\u0435\u043a\u0441\u0435\u0435\u0432\u0438\u0447<\/strong><strong>) <\/strong>\u00a0(Rusko, Kaza\u0148)<\/li><li><strong>Nikolina,\u00a0Natalija\u00a0<\/strong><strong>\u0410<\/strong><strong>natolievna (<\/strong><strong>\u041d\u0438\u043a\u043e\u043b\u0438\u043d\u0430<\/strong><strong>, <\/strong><strong>\u041d\u0430\u0442\u0430\u043b\u0438\u044f<\/strong> <strong>\u0410\u043d\u0430\u0442\u043e\u043b\u044c\u0435\u0432\u043d\u0430<\/strong><strong>) <\/strong>\u00a0(Rusko, Moskva)<\/li><li><a href=\"https:\/\/www.ff.unipo.sk\/slovotvorna-komisia\/clenovia-komisie\/niseva\/\"><strong>Ni\u0161eva, Bo\u017eana <\/strong><\/a>\u00a0(\u010cesko, Praha)<\/li><li><strong><a href=\"https:\/\/www.ff.unipo.sk\/slovotvorna-komisia\/clenovia-komisie\/pastuch\/\">Pastuch,\u00a0Magdalena<\/a> <\/strong>\u00a0(Po\u013esko, Katowice)<\/li><li><strong>Petruchina,\u00a0Jelena\u00a0Vasilievna (<\/strong><strong>\u041f\u0435\u0442\u0440\u0443\u0445\u0438\u043d\u0430<\/strong><strong>, <\/strong><strong>\u0415\u043b\u0435\u043d\u0430<\/strong> <strong>\u0412\u0430\u0441\u0438\u043b\u044c\u0435\u0432\u043d\u0430<\/strong><strong>) <\/strong>\u00a0(Rusko, Moskva)<\/li><li><a href=\"https:\/\/www.ff.unipo.sk\/slovotvorna-komisia\/clenovia-komisie\/pohoncowa\/\"><strong>Pohon\u010dowa,\u00a0Anja <\/strong><\/a>\u00a0(Nemecko, Bautzen)<\/li><li><strong><a href=\"https:\/\/www.ff.unipo.sk\/slovotvorna-komisia\/clenovia-komisie\/ratsiburskaya\/\">Raciburskaja,\u00a0Larisa\u00a0Viktorovna<\/a> (<\/strong><strong>\u0420\u0430\u0446\u0438\u0431\u0443\u0440\u0441\u043a\u0430\u044f<\/strong><strong>, <\/strong><strong>\u041b\u0430\u0440\u0438\u0441\u0430<\/strong> <strong>\u0412\u0438\u043a\u0442\u043e\u0440\u043e\u0432\u043d\u0430<\/strong><strong>) <\/strong>\u00a0(Rusko, Kaza\u0148)<\/li><li><strong>Raecke\u00a0Jochen <\/strong>\u00a0(Nemecko, \u0422\u00fcbingen)<\/li><li><strong>Rudnik-Karwatowa,\u00a0Zofia\u00a0Ewa <\/strong>\u00a0(Po\u013esko, Var\u0161ava)<\/li><li><strong>Sachno<\/strong><strong>, <\/strong><strong>Sergej<\/strong> <strong>L<\/strong><strong>. (\u0421\u0430\u0445\u043d\u043e, \u0421\u0435\u0440\u0433\u0435\u0439 \u041b.) <\/strong>\u00a0(Franc\u00fazsko, Par\u00ed\u017e)<\/li><li><strong>Sierociuk,\u00a0Jerzy <\/strong>\u00a0(Po\u013esko, Pozna\u0144)<\/li><li><a href=\"https:\/\/www.ff.unipo.sk\/slovotvorna-komisia\/clenovia-komisie\/stramljic-breznik\/\"><strong>Stramlji\u010d\u00a0Breznik,\u00a0Irena <\/strong><\/a>\u00a0(Slovinsko, Maribor)<\/li><li><a href=\"https:\/\/www.ff.unipo.sk\/slovotvorna-komisia\/clenovia-komisie\/sehovic\/\"><strong>\u0160ehovi\u0107,\u00a0Amela <\/strong><\/a>\u00a0(Bosna a Hercegovina, Sarajevo)<\/li><li><a href=\"https:\/\/www.ff.unipo.sk\/slovotvorna-komisia\/clenovia-komisie\/stebih-golub\/\"><strong>\u0160tebih\u00a0Golub,\u00a0Barbara <\/strong><\/a>\u00a0(Chorv\u00e1tsko, Z\u00e1hreb)<\/li><li><a href=\"https:\/\/www.ff.unipo.sk\/slovotvorna-komisia\/clenovia-komisie\/tosovic\/\"><strong>To\u0161ovi\u0107,\u00a0Branko <\/strong><\/a>\u00a0(Rak\u00fasko, Graz)<\/li><li><strong>Uluchanov,\u00a0Igor\u00a0Stepanovi\u010d (<\/strong><strong>\u0423\u043b\u0443\u0445\u0430\u043d\u043e\u0432<\/strong><strong>, <\/strong><strong>\u0418\u0433\u043e\u0440\u044c<\/strong> <strong>\u0421\u0442\u0435\u043f\u0430\u043d\u043e\u0432\u0438\u0447<\/strong><strong>) <\/strong>\u00a0(Rusko, Moskva)<\/li><li><strong>Vinogradova,\u00a0Valentina\u00a0Nikolajevna (<\/strong><strong>\u0412\u0438\u043d\u043e\u0433\u0440\u0430\u0434\u043e\u0432\u0430<\/strong><strong>, <\/strong><strong>\u0412\u0430\u043b\u0435\u043d\u0442\u0438\u043d\u0430<\/strong> <strong>\u041d\u0438\u043a\u043e\u043b\u0430\u0435\u0432\u043d\u0430<\/strong><strong>) <\/strong>\u00a0(Rusko, Moskva)<\/li><li><a href=\"https:\/\/www.ff.unipo.sk\/slovotvorna-komisia\/clenovia-komisie\/waszakowa\/\"><strong>Waszakowa,\u00a0Krystyna <\/strong><\/a>\u00a0(Po\u013esko, Var\u0161ava)<\/li><\/ul>\t\t\t\t\t\t\t\t<\/div>\n\t\t\t\t<\/div>\n\t\t\t\t\t<\/div>\n\t\t\t\t<\/div>\n\t\t<div class=\"elementor-element elementor-element-6d44dd54 e-flex e-con-boxed e-con e-parent\" data-id=\"6d44dd54\" data-element_type=\"container\" data-e-type=\"container\">\n\t\t\t\t\t<div class=\"e-con-inner\">\n\t\t\t\t<div class=\"elementor-element elementor-element-39fcb0c1 elementor-widget-divider--view-line elementor-widget elementor-widget-divider\" data-id=\"39fcb0c1\" data-element_type=\"widget\" data-e-type=\"widget\" data-widget_type=\"divider.default\">\n\t\t\t\t<div class=\"elementor-widget-container\">\n\t\t\t\t\t\t\t<div class=\"elementor-divider\">\n\t\t\t<span class=\"elementor-divider-separator\">\n\t\t\t\t\t\t<\/span>\n\t\t<\/div>\n\t\t\t\t\t\t<\/div>\n\t\t\t\t<\/div>\n\t\t\t\t\t<\/div>\n\t\t\t\t<\/div>\n\t\t<div class=\"elementor-element elementor-element-157d9eb e-flex e-con-boxed e-con e-parent\" data-id=\"157d9eb\" data-element_type=\"container\" data-e-type=\"container\">\n\t\t\t\t\t<div class=\"e-con-inner\">\n\t\t\t\t<div class=\"elementor-element elementor-element-0fd3fc5 elementor-widget__width-inherit elementor-widget elementor-widget-heading\" data-id=\"0fd3fc5\" data-element_type=\"widget\" data-e-type=\"widget\" data-settings=\"{&quot;_animation&quot;:&quot;none&quot;}\" data-widget_type=\"heading.default\">\n\t\t\t\t<div class=\"elementor-widget-container\">\n\t\t\t\t\t<h2 class=\"elementor-heading-title elementor-size-default\">b\u00fdval\u00ed \u010dlenovia<\/h2>\t\t\t\t<\/div>\n\t\t\t\t<\/div>\n\t\t\t\t<div class=\"elementor-element elementor-element-6c4f16e elementor-widget elementor-widget-text-editor\" data-id=\"6c4f16e\" data-element_type=\"widget\" data-e-type=\"widget\" data-widget_type=\"text-editor.default\">\n\t\t\t\t<div class=\"elementor-widget-container\">\n\t\t\t\t\t\t\t\t\t<ul><li><strong>Baltova,\u00a0Julija (\u0411\u0430\u043b\u0442\u043e\u0432\u0430, \u042e\u043b\u0438\u044f) <\/strong>\u00a0(Bulharsko, Sofia)<\/li><li><strong>Buz\u00e1ssyov\u00e1, Kl\u00e1ra <\/strong>\u00a0(Slovensko, Bratislava)<\/li><li><strong>Jermakova,\u00a0O\u013ega\u00a0Pavlovna (\u0415\u0440\u043c\u0430\u043a\u043e\u0432\u0430, \u041e\u043b\u044c\u0433\u0430 \u041f\u0430\u0432\u043b\u043e\u0432\u043d\u0430) <\/strong>\u00a0(Rusko, Kaluga)<\/li><li><strong>Ferrand, Marcel <\/strong>\u00a0(Franc\u00fazsko, Bussy)<\/li><li><strong>Furd\u00edk, Juraj <\/strong>\u00a0(Slovensko, Pre\u0161ov)<\/li><li><strong>Guiraud-Weber, Marguerite <\/strong>\u00a0(Franc\u00fazsko, Marseille)<\/li><li><strong>Gortan-Premk, Darinka (\u0413\u043e\u0440\u0442\u0430\u043d-\u041f\u0440\u0435\u043c\u043a, \u0414\u0430\u0440\u0438\u043d\u043a\u0430) <\/strong>\u00a0(Srbsko, Belehrad)<\/li><li><strong>Horodenska, Kateryna Hryhorivna (\u0413\u043e\u0440\u043e\u0434\u0435\u043d\u0441\u044c\u043a\u0430, \u041a\u0430\u0442\u0435\u0440\u0438\u043d\u0430 \u0413\u0440\u0438\u0433\u043e\u0440\u0456\u0432\u043d\u0430) <\/strong>\u00a0(Ukrajina, Kyjev)<\/li><li><strong>Jelitte, Herbert <\/strong>\u00a0(Nemecko, Gie\u00dfen)<\/li><li><strong>Klymenko, Nina Fedorivna (\u041a\u043b\u0438\u043c\u0435\u043d\u043a\u043e, \u041d\u0456\u043d\u0430 \u0424\u0435\u0434\u043e\u0440\u0456\u0432\u043d\u0430)\u00a0 <\/strong>(Ukrajina, Kyjev)<\/li><li><strong>Kreja, Bogus\u0142aw <\/strong>\u00a0(Po\u013esko, Gda\u0144sk)<\/li><li><strong>Kubriakova, Jelena Samojlovna (\u041a\u0443\u0431\u0440\u044f\u043a\u043e\u0432\u0430, \u0415\u043b\u0435\u043d\u0430 \u0421\u0430\u043c\u043e\u0439\u043b\u043e\u0432\u043d\u0430) <\/strong>\u00a0(Rusko, Moskva)<\/li><li><strong>Manu\u010darian, Ruben Stepanovi\u010d (\u041c\u0430\u043d\u0443\u0447\u0430\u0440\u044f\u043d, \u0420\u0443\u0431\u0435\u043d \u0421\u0442\u0435\u043f\u0430\u043d\u043e\u0432\u0438\u0447) <\/strong>\u00a0(Rusko, Moskva)<\/li><li><strong>Martincov\u00e1, Olga <\/strong>\u00a0(\u010cesko, Praha)<\/li><li><strong>Ne\u0161\u010dimenko,\u00a0Galina\u00a0Parfenievna (\u041d\u0435\u0449\u0438\u043c\u0435\u043d\u043a\u043e, \u0413\u0430\u043b\u0438\u043d\u0430 \u041f\u0430\u0440\u0444\u0435\u043d\u044c\u0435\u0432\u043d\u0430) <\/strong>\u00a0(Rusko, Moskva)<\/li><li><strong>Ohnheiser, Ingeborg <\/strong>\u00a0(Rak\u00fasko, Innsbruck)<\/li><li><strong>Radeva,\u00a0Vasilka (\u0420\u0430\u0434\u0435\u0432\u0430, \u0412\u0430\u0441\u0438\u043b\u043a\u0430) <\/strong>\u00a0(Bulharsko, Sofia)<\/li><li><strong>Selimski,\u00a0Ludwig <\/strong>\u00a0(Po\u013esko \/ Bulharsko, Katovice)<\/li><li><strong>Sokolov\u00e1, Miloslava <\/strong>\u00a0(Slovensko, Pre\u0161ov)<\/li><li><strong>Tichonov, Alexandr Nikolajevi\u010d (<\/strong><strong>\u0422\u0438\u0447\u0445\u043e\u043d\u043e\u0432<\/strong><strong>, <\/strong><strong>\u0410\u043b\u0435\u043a\u0441\u0430\u043d\u0434\u0440<\/strong> <strong>\u041d\u0438\u043a\u043e\u043b\u0430\u0435\u0432\u0438\u0447<\/strong><strong>) <\/strong>\u00a0(Rusko, Moskva)<\/li><li><strong>Wonisch,\u00a0Arno <\/strong>\u00a0(Rak\u00fasko, Graz)<\/li><li><strong>Zemskaja, Jelena Andrejevna (<\/strong><strong>\u0417\u0435\u043c\u0441\u043a\u0430\u044f<\/strong><strong>, <\/strong><strong>\u0415\u043b\u0435\u043d\u0430<\/strong> <strong>\u0410\u043d\u0434\u0440\u0435\u0435\u0432\u043d\u0430<\/strong><strong>) <\/strong>\u00a0(Rusko, Moskva)<\/li><\/ul>\t\t\t\t\t\t\t\t<\/div>\n\t\t\t\t<\/div>\n\t\t\t\t\t<\/div>\n\t\t\t\t<\/div>\n\t\t\t\t<section class=\"elementor-section elementor-top-section elementor-element elementor-element-58db5b38 elementor-section-boxed elementor-section-height-default elementor-section-height-default\" data-id=\"58db5b38\" data-element_type=\"section\" data-e-type=\"section\" id=\"footer_section\" data-settings=\"{&quot;background_background&quot;:&quot;classic&quot;}\">\n\t\t\t\t\t\t<div class=\"elementor-container elementor-column-gap-default\">\n\t\t\t\t\t<div class=\"elementor-column elementor-col-100 elementor-top-column elementor-element elementor-element-535c53fd\" data-id=\"535c53fd\" data-element_type=\"column\" data-e-type=\"column\">\n\t\t\t<div class=\"elementor-widget-wrap elementor-element-populated\">\n\t\t\t\t\t\t<section class=\"elementor-section elementor-inner-section elementor-element elementor-element-2a35cb2f elementor-section-content-middle elementor-section-full_width elementor-section-height-default elementor-section-height-default\" data-id=\"2a35cb2f\" data-element_type=\"section\" data-e-type=\"section\">\n\t\t\t\t\t\t<div class=\"elementor-container elementor-column-gap-no\">\n\t\t\t\t\t<div class=\"elementor-column elementor-col-50 elementor-inner-column elementor-element elementor-element-51a4b87e\" data-id=\"51a4b87e\" data-element_type=\"column\" data-e-type=\"column\">\n\t\t\t<div class=\"elementor-widget-wrap elementor-element-populated\">\n\t\t\t\t\t\t<div class=\"elementor-element elementor-element-32757408 elementor-widget elementor-widget-text-editor\" data-id=\"32757408\" data-element_type=\"widget\" data-e-type=\"widget\" data-widget_type=\"text-editor.default\">\n\t\t\t\t<div class=\"elementor-widget-container\">\n\t\t\t\t\t\t\t\t\t<p style=\"text-align: left;\"><span style=\"color: #ff0003;\">\u00a9 2024 &#8211; 2026 | Komisia pre slovansk\u00fa slovotvorbu<\/span><\/p>\t\t\t\t\t\t\t\t<\/div>\n\t\t\t\t<\/div>\n\t\t\t\t\t<\/div>\n\t\t<\/div>\n\t\t\t\t<div class=\"elementor-column elementor-col-50 elementor-inner-column elementor-element elementor-element-3d403e71\" data-id=\"3d403e71\" data-element_type=\"column\" data-e-type=\"column\">\n\t\t\t<div class=\"elementor-widget-wrap elementor-element-populated\">\n\t\t\t\t\t\t<div class=\"elementor-element elementor-element-759501ab elementor-widget elementor-widget-text-editor\" data-id=\"759501ab\" data-element_type=\"widget\" data-e-type=\"widget\" data-widget_type=\"text-editor.default\">\n\t\t\t\t<div class=\"elementor-widget-container\">\n\t\t\t\t\t\t\t\t\t<p style=\"text-align: right;\"><span style=\"color: #ff0003;\">webdesign \u00a9 2024 &#8211; 2026 Marianna Kraviarov\u00e1<\/span><\/p>\t\t\t\t\t\t\t\t<\/div>\n\t\t\t\t<\/div>\n\t\t\t\t\t<\/div>\n\t\t<\/div>\n\t\t\t\t\t<\/div>\n\t\t<\/section>\n\t\t\t\t\t<\/div>\n\t\t<\/div>\n\t\t\t\t\t<\/div>\n\t\t<\/section>\n\t\t\t\t<\/div>\n\t\t","protected":false},"excerpt":{"rendered":"<p>KOMISIA PRE SLOVANSK\u00da SLOVOTVORBU PRI MEDZIN\u00c1RODNOM KOMIT\u00c9TE SLAVISTOV \u010cLENOVIA KOMISIE predsedn\u00edctvo Dragi\u0107evi\u0107, Rajna (\u0414\u0440\u0430\u0433\u0438\u045b\u0435\u0432\u0438\u045b, \u0420\u0430j\u043d\u0430) \u2013 predsedn\u00ed\u010dka (Srbsko, Belehrad) Olo\u0161tiak, Martin \u2013 podpredseda (Slovensko, Pre\u0161ov) Kys\u013euk,\u00a0Larysa\u00a0Pavlivna (\u041a\u0438\u0441\u043b\u044e\u043a, \u041b\u0430\u0440\u0438\u0441\u0430 \u041f\u0430\u0432\u043b\u0456\u0432\u043d\u0430) \u00a0\u2013 tajomn\u00ed\u010dka (Ukrajina, Kyjev) \u010dlenovia Aj\u0111anovi\u0107, Milan (\u0410\u0458\u045f\u0430\u043d\u043e\u0432\u0438\u045b, \u041c\u0438\u043b\u0430\u043d) \u00a0(Srbsko, Nov\u00fd Sad) Arizankovska,\u00a0Lidija (\u0410\u0440\u0438\u0437\u0430\u043d\u043a\u043e\u0432\u0441\u043a\u0430, \u041b\u0438\u0434\u0438\u0458\u0430) \u00a0(Severn\u00e9 Maced\u00f3nsko, Skopje) Avramova, Cvetanka (\u0410\u0432\u0440\u0430\u043c\u043e\u0432\u0430, \u0426\u0432\u0435\u0442\u0430\u043d\u043a\u0430) \u00a0(Bulharsko, Sofia) Belentschikow,\u00a0Renate \u00a0(Nemecko, [&hellip;]<\/p>\n","protected":false},"author":1,"featured_media":0,"parent":0,"menu_order":0,"comment_status":"closed","ping_status":"closed","template":"","meta":{"footnotes":""},"class_list":["post-1582","page","type-page","status-publish","hentry"],"_links":{"self":[{"href":"https:\/\/www.ff.unipo.sk\/slovotvorna-komisia\/wp-json\/wp\/v2\/pages\/1582","targetHints":{"allow":["GET"]}}],"collection":[{"href":"https:\/\/www.ff.unipo.sk\/slovotvorna-komisia\/wp-json\/wp\/v2\/pages"}],"about":[{"href":"https:\/\/www.ff.unipo.sk\/slovotvorna-komisia\/wp-json\/wp\/v2\/types\/page"}],"author":[{"embeddable":true,"href":"https:\/\/www.ff.unipo.sk\/slovotvorna-komisia\/wp-json\/wp\/v2\/users\/1"}],"replies":[{"embeddable":true,"href":"https:\/\/www.ff.unipo.sk\/slovotvorna-komisia\/wp-json\/wp\/v2\/comments?post=1582"}],"version-history":[{"count":113,"href":"https:\/\/www.ff.unipo.sk\/slovotvorna-komisia\/wp-json\/wp\/v2\/pages\/1582\/revisions"}],"predecessor-version":[{"id":3391,"href":"https:\/\/www.ff.unipo.sk\/slovotvorna-komisia\/wp-json\/wp\/v2\/pages\/1582\/revisions\/3391"}],"wp:attachment":[{"href":"https:\/\/www.ff.unipo.sk\/slovotvorna-komisia\/wp-json\/wp\/v2\/media?parent=1582"}],"curies":[{"name":"wp","href":"https:\/\/api.w.org\/{rel}","templated":true}]}}