{"id":1725,"date":"2024-05-06T23:10:50","date_gmt":"2024-05-06T21:10:50","guid":{"rendered":"https:\/\/www.ff.unipo.sk\/slovotvorna-komisia\/?page_id=1725"},"modified":"2026-01-28T21:55:49","modified_gmt":"2026-01-28T20:55:49","slug":"conferences","status":"publish","type":"page","link":"https:\/\/www.ff.unipo.sk\/slovotvorna-komisia\/en\/conferences\/","title":{"rendered":"CONFERENCES"},"content":{"rendered":"\t\t<div data-elementor-type=\"wp-page\" data-elementor-id=\"1725\" class=\"elementor elementor-1725\">\n\t\t\t\t\t\t<section class=\"elementor-section elementor-top-section elementor-element elementor-element-92e8863 elementor-section-content-middle elementor-section-boxed elementor-section-height-default elementor-section-height-default\" data-id=\"92e8863\" data-element_type=\"section\" data-e-type=\"section\" data-settings=\"{&quot;background_background&quot;:&quot;classic&quot;}\">\n\t\t\t\t\t\t\t<div class=\"elementor-background-overlay\"><\/div>\n\t\t\t\t\t\t\t<div class=\"elementor-container elementor-column-gap-no\">\n\t\t\t\t\t<div class=\"elementor-column elementor-col-100 elementor-top-column elementor-element elementor-element-fc4e00e\" data-id=\"fc4e00e\" data-element_type=\"column\" data-e-type=\"column\">\n\t\t\t<div class=\"elementor-widget-wrap elementor-element-populated\">\n\t\t\t\t<div class=\"elementor-element elementor-element-c7da904 e-grid e-con-boxed e-con e-parent\" data-id=\"c7da904\" data-element_type=\"container\" data-e-type=\"container\">\n\t\t\t\t\t<div class=\"e-con-inner\">\n\t\t\t\t<div class=\"elementor-element elementor-element-5a61a8f elementor-widget elementor-widget-heading\" data-id=\"5a61a8f\" data-element_type=\"widget\" data-e-type=\"widget\" data-widget_type=\"heading.default\">\n\t\t\t\t<div class=\"elementor-widget-container\">\n\t\t\t\t\t<h2 class=\"elementor-heading-title elementor-size-default\">Commission on Slavic Word-formation <\/h2>\t\t\t\t<\/div>\n\t\t\t\t<\/div>\n\t\t\t\t<div class=\"elementor-element elementor-element-0c7ff8a elementor-widget elementor-widget-text-editor\" data-id=\"0c7ff8a\" data-element_type=\"widget\" data-e-type=\"widget\" data-widget_type=\"text-editor.default\">\n\t\t\t\t<div class=\"elementor-widget-container\">\n\t\t\t\t\t\t\t\t\t<p>at the International Committee of Slavists<\/p>\t\t\t\t\t\t\t\t<\/div>\n\t\t\t\t<\/div>\n\t\t\t\t\t<\/div>\n\t\t\t\t<\/div>\n\t\t\t\t\t<\/div>\n\t\t<\/div>\n\t\t\t\t\t<\/div>\n\t\t<\/section>\n\t\t<div class=\"elementor-element elementor-element-fa458b4 e-flex e-con-boxed e-con e-parent\" data-id=\"fa458b4\" data-element_type=\"container\" data-e-type=\"container\" data-settings=\"{&quot;animation&quot;:&quot;none&quot;}\">\n\t\t\t\t\t<div class=\"e-con-inner\">\n\t\t\t\t<div class=\"elementor-element elementor-element-58424fc elementor-widget__width-inherit elementor-widget elementor-widget-heading\" data-id=\"58424fc\" data-element_type=\"widget\" data-e-type=\"widget\" data-settings=\"{&quot;_animation&quot;:&quot;none&quot;}\" data-widget_type=\"heading.default\">\n\t\t\t\t<div class=\"elementor-widget-container\">\n\t\t\t\t\t<h2 class=\"elementor-heading-title elementor-size-default\">CONFERENCES<\/h2>\t\t\t\t<\/div>\n\t\t\t\t<\/div>\n\t\t\t\t\t<\/div>\n\t\t\t\t<\/div>\n\t\t<div class=\"elementor-element elementor-element-2f9b650 e-flex e-con-boxed e-con e-parent\" data-id=\"2f9b650\" data-element_type=\"container\" data-e-type=\"container\">\n\t\t\t\t\t<div class=\"e-con-inner\">\n\t\t\t\t<div class=\"elementor-element elementor-element-d3e9fee elementor-widget elementor-widget-shortcode\" data-id=\"d3e9fee\" data-element_type=\"widget\" data-e-type=\"widget\" data-widget_type=\"shortcode.default\">\n\t\t\t\t<div class=\"elementor-widget-container\">\n\t\t\t\t\t\t\t<div class=\"elementor-shortcode\"><div class=\"sttf-container sttf-l sttf-l2\" id=\"sttf-l2-1181\">\n\t<div class=\"sttf-timeline\">\n\t\t\t<div class=\"sttf-event\" id=\"sttf-event-3388\">\n\t\t\t<div class=\"sttf-event-content\">\n\t\t\t\t\t\t\t\t\t<div class=\"sttf-event-date\">11. \u2013 16. 5. 2026<\/div>\n\t\t\t\t\t\t\t\t\t\t<div class=\"sttf-event-icon\"><i class=\"fas fa-calendar\"><\/i><\/div>\n\t\t\t\t\t\t\t\t\t\t<h3 class=\"sttf-event-title\">\u0421\u041b\u041e\u0412\u041e\u041e\u0411\u0420\u0410\u0417\u0423\u0412\u0410\u041d\u0415\u0422\u041e \u041d\u0410 \u0421\u041b\u0410\u0412\u042f\u041d\u0421\u041a\u0418\u0422\u0415 \u0415\u0417\u0418\u0426\u0418 \u2013 \u0410\u041a\u0422\u0423\u0410\u041b\u041d\u0418 \u041f\u0420\u041e\u0411\u041b\u0415\u041c\u0418 \u0418 \u041f\u0415\u0420\u0421\u041f\u0415\u041a\u0422\u0418\u0412\u0418<\/h3>\n\t\t\t\t\t<p class=\"sttf-event-desc\">BULHARSKO \u2013 Sofia<\/p>\n\t\t\t\t\t\t\t<\/div>\n\t\t<\/div>\n\t\t\t\t\t<div class=\"sttf-event\" id=\"sttf-event-1440\">\n\t\t\t<div class=\"sttf-event-content\">\n\t\t\t\t\t\t\t\t<a href=\"https:\/\/komisija-za-besedotvorje.zrc-sazu.si\/\" target=&quot;blank&quot; class=\"sttf-event-link\">\n\t\t\t\t\t\t\t\t\t<div class=\"sttf-event-date\">17. \u2013 20. 9. 2024<\/div>\n\t\t\t\t\t\t\t\t\t\t<div class=\"sttf-event-icon\"><i class=\"fas fa-calendar\"><\/i><\/div>\n\t\t\t\t\t\t\t\t\t\t<h3 class=\"sttf-event-title\">STOPENJSKO BESEDOTVORJE<\/h3>\n\t\t\t\t\t<p class=\"sttf-event-desc\">SLOVINSKO \u2013 Ljubljana<\/p>\n\t\t\t\t\t\t\t\t<\/a>\n\t\t\t\t\t\t\t<\/div>\n\t\t<\/div>\n\t\t\t\t\t<div class=\"sttf-event\" id=\"sttf-event-1441\">\n\t\t\t<div class=\"sttf-event-content\">\n\t\t\t\t\t\t\t\t\t<div class=\"sttf-event-date\">29. 5. \u2013 3. 6. 2023<\/div>\n\t\t\t\t\t\t\t\t\t\t<div class=\"sttf-event-icon\"><i class=\"fas fa-calendar\"><\/i><\/div>\n\t\t\t\t\t\t\t\t\t\t<h3 class=\"sttf-event-title\">\u0422\u0415\u041d\u0414\u0415\u041d\u0426\u0418\u0418 \u0412\u041e \u0417\u0411\u041e\u0420\u041e\u041e\u0411\u0420\u0410\u0417\u0423\u0412\u0410\u040a\u0415\u0422\u041e \u041d\u0410 \u0413\u041b\u0410\u0413\u041e\u041b\u0418\u0422\u0415 \u0412\u041e \u0421\u041b\u041e\u0412\u0415\u041d\u0421\u041a\u0418\u0422\u0415 \u0408\u0410\u0417\u0418\u0426\u0418<\/h3>\n\t\t\t\t\t<p class=\"sttf-event-desc\">SEVERN\u00c9 MACED\u00d3NSKO \u2013 Ochrid<\/p>\n\t\t\t\t\t\t\t<\/div>\n\t\t<\/div>\n\t\t\t\t\t<div class=\"sttf-event\" id=\"sttf-event-1442\">\n\t\t\t<div class=\"sttf-event-content\">\n\t\t\t\t\t\t\t\t\t<div class=\"sttf-event-date\">2022<\/div>\n\t\t\t\t\t\t\t\t\t\t<div class=\"sttf-event-icon\"><i class=\"fas fa-calendar\"><\/i><\/div>\n\t\t\t\t\t\t\t\t\t\t<h3 class=\"sttf-event-title\">\u010cESK\u00c1 SLOVOTVORN\u00c1 KONCEPCE V KONTEXTU SLOVANSK\u00c9 SLOVOTVORBY<\/h3>\n\t\t\t\t\t<p class=\"sttf-event-desc\">\u010cESKO \u2013 Praha: neuskuto\u010dnila sa<\/p>\n\t\t\t\t\t\t\t<\/div>\n\t\t<\/div>\n\t\t\t\t\t<div class=\"sttf-event\" id=\"sttf-event-1443\">\n\t\t\t<div class=\"sttf-event-content\">\n\t\t\t\t\t\t\t\t\t<div class=\"sttf-event-date\">6. \u2013 10. 9. 2021<\/div>\n\t\t\t\t\t\t\t\t\t\t<div class=\"sttf-event-icon\"><i class=\"fas fa-calendar\"><\/i><\/div>\n\t\t\t\t\t\t\t\t\t\t<h3 class=\"sttf-event-title\">SLOVANSK\u00c1 SLOVOTVORBA: SYNCHR\u00d3NIA, INOV\u00c1CIE, NEOLOGIZ\u00c1CIA<\/h3>\n\t\t\t\t\t<p class=\"sttf-event-desc\">SLOVENSKO \u2013 Pre\u0161ov<\/p>\n\t\t\t\t\t\t\t<\/div>\n\t\t<\/div>\n\t\t\t\t\t<div class=\"sttf-event\" id=\"sttf-event-1444\">\n\t\t\t<div class=\"sttf-event-content\">\n\t\t\t\t\t\t\t\t\t<div class=\"sttf-event-date\">7. \u2013 12. 9. 2020<\/div>\n\t\t\t\t\t\t\t\t\t\t<div class=\"sttf-event-icon\"><i class=\"fas fa-calendar\"><\/i><\/div>\n\t\t\t\t\t\t\t\t\t\t<h3 class=\"sttf-event-title\">S\u0141OWOTW\u00d3RSTWO W PRZESTRZENI KOMUNIKACYJNEJ<\/h3>\n\t\t\t\t\t<p class=\"sttf-event-desc\">PO\u013dSKO \u2013 Waszawa<\/p>\n\t\t\t\t\t\t\t<\/div>\n\t\t<\/div>\n\t\t\t\t\t<div class=\"sttf-event\" id=\"sttf-event-1438\">\n\t\t\t<div class=\"sttf-event-content\">\n\t\t\t\t\t\t\t\t\t<div class=\"sttf-event-date\">3. \u2013 7. 6. 2019<\/div>\n\t\t\t\t\t\t\t\t\t\t<div class=\"sttf-event-icon\"><i class=\"fas fa-calendar\"><\/i><\/div>\n\t\t\t\t\t\t\t\t\t\t<h3 class=\"sttf-event-title\">\u0421\u041b\u0410\u0412\u042f\u041d\u0421\u041a\u0410\u042f \u0414\u042d\u0420\u042b\u0412\u0410\u0422\u0410\u0413\u0420\u0410\u0424\u0406\u042f: \u0421\u041b\u041e\u040e\u041d\u0406\u041a\u0406 \u0412\u042b\u0422\u0412\u041e\u0420\u041d\u042b\u0425 \u0421\u041b\u041e\u040e \u0406 \u0412\u042b\u0422\u0412\u041e\u0420\u041d\u042b\u042f \u0421\u041b\u041e\u0412\u042b \u040e \u0421\u041b\u041e\u040e\u041d\u0406\u041a\u0410\u0425<\/h3>\n\t\t\t\t\t<p class=\"sttf-event-desc\">BIELORUSKO \u2013 Minsk<\/p>\n\t\t\t\t\t\t\t<\/div>\n\t\t<\/div>\n\t\t\t\t\t<div class=\"sttf-event\" id=\"sttf-event-1439\">\n\t\t\t<div class=\"sttf-event-content\">\n\t\t\t\t\t\t\t\t\t<div class=\"sttf-event-date\">4. \u2013 7. 4. 2017<\/div>\n\t\t\t\t\t\t\t\t\t\t<div class=\"sttf-event-icon\"><i class=\"fas fa-calendar\"><\/i><\/div>\n\t\t\t\t\t\t\t\t\t\t<h3 class=\"sttf-event-title\">UNIVERBACIJA\/UNIVERBIZACIJA U SLAVENSKIM JEZICIMA<\/h3>\n\t\t\t\t\t<p class=\"sttf-event-desc\">BOSNA A HERCEGOVINA \u2013 Sarajevo<\/p>\n\t\t\t\t\t\t\t<\/div>\n\t\t<\/div>\n\t\t\t\t\t<div class=\"sttf-event\" id=\"sttf-event-1434\">\n\t\t\t<div class=\"sttf-event-content\">\n\t\t\t\t\t\t\t\t\t<div class=\"sttf-event-date\">22. \u2013 25. 3. 2016<\/div>\n\t\t\t\t\t\t\t\t\t\t<div class=\"sttf-event-icon\"><i class=\"fas fa-calendar\"><\/i><\/div>\n\t\t\t\t\t\t\t\t\t\t<h3 class=\"sttf-event-title\">WORTBILDUNG UND INTERNET<\/h3>\n\t\t\t\t\t<p class=\"sttf-event-desc\">RAK\u00daSKO \u2013 Graz<\/p>\n\t\t\t\t\t\t\t<\/div>\n\t\t<\/div>\n\t\t\t\t\t<div class=\"sttf-event\" id=\"sttf-event-1435\">\n\t\t\t<div class=\"sttf-event-content\">\n\t\t\t\t\t\t\t\t\t<div class=\"sttf-event-date\">25. \u2013 29. 5. 2015<\/div>\n\t\t\t\t\t\t\t\t\t\t<div class=\"sttf-event-icon\"><i class=\"fas fa-calendar\"><\/i><\/div>\n\t\t\t\t\t\t\t\t\t\t<h3 class=\"sttf-event-title\">MANJ\u0160ALNICE V SLOVANSKIH JEZIKIH: OJBLIKA IN VLOGA<\/h3>\n\t\t\t\t\t<p class=\"sttf-event-desc\">SLOVINSKO \u2013 Maribor<\/p>\n\t\t\t\t\t\t\t<\/div>\n\t\t<\/div>\n\t\t\t\t\t<div class=\"sttf-event\" id=\"sttf-event-1436\">\n\t\t\t<div class=\"sttf-event-content\">\n\t\t\t\t\t\t\t\t\t<div class=\"sttf-event-date\">20. \u2013 25. 9. 2014<\/div>\n\t\t\t\t\t\t\t\t\t\t<div class=\"sttf-event-icon\"><i class=\"fas fa-calendar\"><\/i><\/div>\n\t\t\t\t\t\t\t\t\t\t<h3 class=\"sttf-event-title\">SLAVISCHE WORTBILDUNG IM VERGLEICH: THEORETISCHE UND PRAGMATISCHE ASPEKTE<\/h3>\n\t\t\t\t\t<p class=\"sttf-event-desc\">NEMECKO \u2013 Lutherstadt-Wittenberg<\/p>\n\t\t\t\t\t\t\t<\/div>\n\t\t<\/div>\n\t\t\t\t\t<div class=\"sttf-event\" id=\"sttf-event-1437\">\n\t\t\t<div class=\"sttf-event-content\">\n\t\t\t\t\t\t\t\t\t<div class=\"sttf-event-date\">28. \u2013 31. 5. 2012<\/div>\n\t\t\t\t\t\t\t\t\t\t<div class=\"sttf-event-icon\"><i class=\"fas fa-calendar\"><\/i><\/div>\n\t\t\t\t\t\t\t\t\t\t<h3 class=\"sttf-event-title\">\u0422\u0412\u041e\u0420\u0411\u0410 \u0420\u0415\u0427\u0418 \u0418 \u040a\u0415\u041d\u0418 \u0420\u0415\u0421\u0423\u0420\u0421\u0418 \u0423 \u0421\u041b\u041e\u0412\u0415\u041d\u0421\u041a\u0418\u041c \u0408\u0415\u0417\u0418\u0426\u0418\u041c\u0410<\/h3>\n\t\t\t\t\t<p class=\"sttf-event-desc\">SRBSKO \u2013 Belehrad<\/p>\n\t\t\t\t\t\t\t<\/div>\n\t\t<\/div>\n\t\t\t\t\t<div class=\"sttf-event\" id=\"sttf-event-1430\">\n\t\t\t<div class=\"sttf-event-content\">\n\t\t\t\t\t\t\t\t\t<div class=\"sttf-event-date\">16. \u2013 20. 5. 2011<\/div>\n\t\t\t\t\t\t\t\t\t\t<div class=\"sttf-event-icon\"><i class=\"fas fa-calendar\"><\/i><\/div>\n\t\t\t\t\t\t\t\t\t\t<h3 class=\"sttf-event-title\">S\u0141OWOTW\u00d3RSTWO S\u0141OWIA\u0143SKIE: SYSTEM I TEKST<\/h3>\n\t\t\t\t\t<p class=\"sttf-event-desc\">PO\u013dSKO \u2013 Pozna\u0144<\/p>\n\t\t\t\t\t\t\t<\/div>\n\t\t<\/div>\n\t\t\t\t\t<div class=\"sttf-event\" id=\"sttf-event-1431\">\n\t\t\t<div class=\"sttf-event-content\">\n\t\t\t\t\t\t\t\t\t<div class=\"sttf-event-date\">25. \u2013 28. 5. 2010<\/div>\n\t\t\t\t\t\t\t\t\t\t<div class=\"sttf-event-icon\"><i class=\"fas fa-calendar\"><\/i><\/div>\n\t\t\t\t\t\t\t\t\t\t<h3 class=\"sttf-event-title\">\u0412\u0406\u0414\u041e\u0411\u0420\u0410\u0416\u0415\u041d\u041d\u042f \u0406\u0421\u00ac\u0422\u041e\u0420\u0406\u0407 \u0422\u0410 \u041a\u0423\u041b\u042c\u0422\u0423\u0420\u0418 \u041d\u0410\u0420\u041e\u0414\u0423 \u0412 \u0421\u041b\u041e\u0412\u041e\u0422\u0412\u041e\u0420\u0415\u041d\u041d\u0406<\/h3>\n\t\t\t\t\t<p class=\"sttf-event-desc\">UKRAJINA \u2013 Kyjev<\/p>\n\t\t\t\t\t\t\t<\/div>\n\t\t<\/div>\n\t\t\t\t\t<div class=\"sttf-event\" id=\"sttf-event-1432\">\n\t\t\t<div class=\"sttf-event-content\">\n\t\t\t\t\t\t\t\t\t<div class=\"sttf-event-date\">24. \u2013 26. 3. 2009<\/div>\n\t\t\t\t\t\t\t\t\t\t<div class=\"sttf-event-icon\"><i class=\"fas fa-calendar\"><\/i><\/div>\n\t\t\t\t\t\t\t\t\t\t<h3 class=\"sttf-event-title\">\u041d\u041e\u0412\u042b\u0415 \u042f\u0412\u041b\u0415\u041d\u0418\u042f \u0412 \u0421\u041b\u0410\u0412\u042f\u041d\u0421\u041a\u041e\u041c \u0421\u041b\u041e\u0412\u041e\u041e\u0411\u0420\u0410\u0417\u041e\u0412\u0410\u041d\u0418\u0418: \u0421\u0418\u0421\u0422\u0415\u041c\u0410 \u0418 \u0424\u0423\u041d\u041a\u0426\u0418\u041e\u041d\u0418\u0420\u041e\u0412\u0410\u041d\u0418\u0415<\/h3>\n\t\t\t\t\t<p class=\"sttf-event-desc\">RUSKO \u2013 Moskva<\/p>\n\t\t\t\t\t\t\t<\/div>\n\t\t<\/div>\n\t\t\t\t\t<div class=\"sttf-event\" id=\"sttf-event-1433\">\n\t\t\t<div class=\"sttf-event-content\">\n\t\t\t\t\t\t\t\t\t<div class=\"sttf-event-date\">1. \u2013 6. 10. 2007<\/div>\n\t\t\t\t\t\t\t\t\t\t<div class=\"sttf-event-icon\"><i class=\"fas fa-calendar\"><\/i><\/div>\n\t\t\t\t\t\t\t\t\t\t<h3 class=\"sttf-event-title\">\u0421\u041b\u041e\u0412\u041e\u041e\u0411\u0420\u0410\u0417\u0423\u0412\u0410\u041d\u0415 \u0418 \u041b\u0415\u041a\u0421\u0418\u041a\u041e\u041b\u041e\u0413\u0418\u042f<\/h3>\n\t\t\t\t\t<p class=\"sttf-event-desc\">BULHARSKO \u2013 Sofia<\/p>\n\t\t\t\t\t\t\t<\/div>\n\t\t<\/div>\n\t\t\t\t\t<div class=\"sttf-event\" id=\"sttf-event-1429\">\n\t\t\t<div class=\"sttf-event-content\">\n\t\t\t\t\t\t\t\t\t<div class=\"sttf-event-date\">9. \u2013 14. 10. 2006<\/div>\n\t\t\t\t\t\t\t\t\t\t<div class=\"sttf-event-icon\"><i class=\"fas fa-calendar\"><\/i><\/div>\n\t\t\t\t\t\t\t\t\t\t<h3 class=\"sttf-event-title\">\u0424\u0423\u041d\u041a\u0426\u042b\u042f\u041d\u0410\u041b\u042c\u041d\u042b\u042f \u0410\u0421\u041f\u0415\u041a\u0422\u042b \u0421\u041b\u041e\u0412\u0410\u040e\u0422\u0412\u0410\u0420\u042d\u041d\u041d\u042f<\/h3>\n\t\t\t\t\t<p class=\"sttf-event-desc\">BIELOSRUSKO \u2013 Minsk<\/p>\n\t\t\t\t\t\t\t<\/div>\n\t\t<\/div>\n\t\t\t\t\t<div class=\"sttf-event\" id=\"sttf-event-1428\">\n\t\t\t<div class=\"sttf-event-content\">\n\t\t\t\t\t\t\t\t\t<div class=\"sttf-event-date\">13. \u2013 18. 11. 2005<\/div>\n\t\t\t\t\t\t\t\t\t\t<div class=\"sttf-event-icon\"><i class=\"fas fa-calendar\"><\/i><\/div>\n\t\t\t\t\t\t\t\t\t\t<h3 class=\"sttf-event-title\">SPRACHLICHE KATEGORIEN UND DIE SLAWISCHE WORTBILDUNG<\/h3>\n\t\t\t\t\t<p class=\"sttf-event-desc\">NEMECKO \u2013 Berl\u00edn<\/p>\n\t\t\t\t\t\t\t<\/div>\n\t\t<\/div>\n\t\t\t\t\t<div class=\"sttf-event\" id=\"sttf-event-1427\">\n\t\t\t<div class=\"sttf-event-content\">\n\t\t\t\t\t\t\t\t\t<div class=\"sttf-event-date\">27. 9. \u2013 1. 10. 2004<\/div>\n\t\t\t\t\t\t\t\t\t\t<div class=\"sttf-event-icon\"><i class=\"fas fa-calendar\"><\/i><\/div>\n\t\t\t\t\t\t\t\t\t\t<h3 class=\"sttf-event-title\">MOTIVOVAN\u00c9 SLOVO V LEXIK\u00c1LNOM SYST\u00c9ME JAZYKA<\/h3>\n\t\t\t\t\t<p class=\"sttf-event-desc\">SLOVENSKO \u2013 Bratislava<\/p>\n\t\t\t\t\t\t\t<\/div>\n\t\t<\/div>\n\t\t\t\t\t<div class=\"sttf-event\" id=\"sttf-event-1426\">\n\t\t\t<div class=\"sttf-event-content\">\n\t\t\t\t\t\t\t\t\t<div class=\"sttf-event-date\">2. \u2013 6. 3. 2003<\/div>\n\t\t\t\t\t\t\t\t\t\t<div class=\"sttf-event-icon\"><i class=\"fas fa-calendar\"><\/i><\/div>\n\t\t\t\t\t\t\t\t\t\t<h3 class=\"sttf-event-title\">\u041f\u0420\u0410\u0411\u041b\u0415\u041c\u042b \u0422\u042d\u041e\u0420\u042b\u0406 \u0406 \u0413\u0406\u0421\u0422\u041e\u0420\u042b\u0406 \u0421\u041b\u0410\u0412\u042f\u041d\u0421\u041a\u0410\u0413\u0410 \u0421\u041b\u041e\u0412\u0410\u040e\u0422\u0412\u0410\u0420\u042d\u041d\u041d\u042f<\/h3>\n\t\t\t\t\t<p class=\"sttf-event-desc\">BIELORUSKO \u2013 Minsk<\/p>\n\t\t\t\t\t\t\t<\/div>\n\t\t<\/div>\n\t\t\t\t\t<div class=\"sttf-event\" id=\"sttf-event-1425\">\n\t\t\t<div class=\"sttf-event-content\">\n\t\t\t\t\t\t\t\t\t<div class=\"sttf-event-date\">20. \u2013 25. 9. 2001<\/div>\n\t\t\t\t\t\t\t\t\t\t<div class=\"sttf-event-icon\"><i class=\"fas fa-calendar\"><\/i><\/div>\n\t\t\t\t\t\t\t\t\t\t<h3 class=\"sttf-event-title\">SLAWISCHE WORTBILDUNG. SEMANTIK UND KOMBINATORIK<\/h3>\n\t\t\t\t\t<p class=\"sttf-event-desc\">NEMECKO \u2013 Lutherstadt-Wittenberg<\/p>\n\t\t\t\t\t\t\t<\/div>\n\t\t<\/div>\n\t\t\t\t\t<div class=\"sttf-event\" id=\"sttf-event-1182\">\n\t\t\t<div class=\"sttf-event-content\">\n\t\t\t\t\t\t\t\t\t<div class=\"sttf-event-date\">27. \u2013 29. 9. 2000<\/div>\n\t\t\t\t\t\t\t\t\t\t<div class=\"sttf-event-icon\"><i class=\"fas fa-calendar\"><\/i><\/div>\n\t\t\t\t\t\t\t\t\t\t<h3 class=\"sttf-event-title\">S\u0141OWOTW\u00d3RSTWO A INNE SPOSOBY NOMINACJI<\/h3>\n\t\t\t\t\t<p class=\"sttf-event-desc\">PO\u013dSKO \u2013 Katowice<\/p>\n\t\t\t\t\t\t\t<\/div>\n\t\t<\/div>\n\t\t\t\t\t<div class=\"sttf-event\" id=\"sttf-event-1183\">\n\t\t\t<div class=\"sttf-event-content\">\n\t\t\t\t\t\t\t\t\t<div class=\"sttf-event-date\">29. 9 . \u2013 1. 10. 1999<\/div>\n\t\t\t\t\t\t\t\t\t\t<div class=\"sttf-event-icon\"><i class=\"fas fa-calendar\"><\/i><\/div>\n\t\t\t\t\t\t\t\t\t\t<h3 class=\"sttf-event-title\">WORTBILDUNG: INTERAKTIV IM SPRACHSYSTEM \u2013 INTERDISZIPLIN\u00c4R ALS FORSCHUNGSGEGENSTAND<\/h3>\n\t\t\t\t\t<p class=\"sttf-event-desc\">RAK\u00daSKO \u2013 Innsbruck<\/p>\n\t\t\t\t\t\t\t<\/div>\n\t\t<\/div>\n\t\t\t\t\t<div class=\"sttf-event\" id=\"sttf-event-1184\">\n\t\t\t<div class=\"sttf-event-content\">\n\t\t\t\t\t\t\t\t\t<div class=\"sttf-event-date\">9. \u2013 11. 10. 1997<\/div>\n\t\t\t\t\t\t\t\t\t\t<div class=\"sttf-event-icon\"><i class=\"fas fa-calendar\"><\/i><\/div>\n\t\t\t\t\t\t\t\t\t\t<h3 class=\"sttf-event-title\">NEUE WEGE DER SLAVISTISCHEN WORTBILDUNGSFORSCHUNG<\/h3>\n\t\t\t\t\t<p class=\"sttf-event-desc\">NEMECKO \u2013 Magdeburg<\/p>\n\t\t\t\t\t\t\t<\/div>\n\t\t<\/div>\n\t\t\t\t\t<div class=\"sttf-event\" id=\"sttf-event-1185\">\n\t\t\t<div class=\"sttf-event-content\">\n\t\t\t\t\t\t\t\t\t<div class=\"sttf-event-date\">26. \u2013 30. 8. 1996<\/div>\n\t\t\t\t\t\t\t\t\t\t<div class=\"sttf-event-icon\"><i class=\"fas fa-calendar\"><\/i><\/div>\n\t\t\t\t\t\t\t\t\t\t<h3 class=\"sttf-event-title\"><\/h3>\n\t\t\t\t\t<p class=\"sttf-event-desc\">RUSKO \u2013 Volgograd<\/p>\n\t\t\t\t\t\t\t<\/div>\n\t\t<\/div>\n\t\t\t\t<\/div>\n<\/div>\n<\/div>\n\t\t\t\t\t\t<\/div>\n\t\t\t\t<\/div>\n\t\t\t\t\t<\/div>\n\t\t\t\t<\/div>\n\t\t\t\t<section class=\"elementor-section elementor-top-section elementor-element elementor-element-33d52387 elementor-section-boxed elementor-section-height-default elementor-section-height-default\" data-id=\"33d52387\" data-element_type=\"section\" data-e-type=\"section\" id=\"footer_section\" data-settings=\"{&quot;background_background&quot;:&quot;classic&quot;}\">\n\t\t\t\t\t\t<div class=\"elementor-container elementor-column-gap-default\">\n\t\t\t\t\t<div class=\"elementor-column elementor-col-100 elementor-top-column elementor-element elementor-element-3da4b54e\" data-id=\"3da4b54e\" data-element_type=\"column\" data-e-type=\"column\">\n\t\t\t<div class=\"elementor-widget-wrap elementor-element-populated\">\n\t\t\t\t\t\t<section class=\"elementor-section elementor-inner-section elementor-element elementor-element-7e4b6397 elementor-section-content-middle elementor-section-full_width elementor-section-height-default elementor-section-height-default\" data-id=\"7e4b6397\" data-element_type=\"section\" data-e-type=\"section\">\n\t\t\t\t\t\t<div class=\"elementor-container elementor-column-gap-no\">\n\t\t\t\t\t<div class=\"elementor-column elementor-col-50 elementor-inner-column elementor-element elementor-element-78a54d8\" data-id=\"78a54d8\" data-element_type=\"column\" data-e-type=\"column\">\n\t\t\t<div class=\"elementor-widget-wrap elementor-element-populated\">\n\t\t\t\t\t\t<div class=\"elementor-element elementor-element-6895ee05 elementor-widget elementor-widget-text-editor\" data-id=\"6895ee05\" data-element_type=\"widget\" data-e-type=\"widget\" data-widget_type=\"text-editor.default\">\n\t\t\t\t<div class=\"elementor-widget-container\">\n\t\t\t\t\t\t\t\t\t<p style=\"text-align: left;\"><span style=\"color: #ff0003;\">\u00a9 2024 \u2013 2026 | Commission on Slavic Word-formation <\/span><\/p>\t\t\t\t\t\t\t\t<\/div>\n\t\t\t\t<\/div>\n\t\t\t\t\t<\/div>\n\t\t<\/div>\n\t\t\t\t<div class=\"elementor-column elementor-col-50 elementor-inner-column elementor-element elementor-element-7dc141dd\" data-id=\"7dc141dd\" data-element_type=\"column\" data-e-type=\"column\">\n\t\t\t<div class=\"elementor-widget-wrap elementor-element-populated\">\n\t\t\t\t\t\t<div class=\"elementor-element elementor-element-220ffebb elementor-widget elementor-widget-text-editor\" data-id=\"220ffebb\" data-element_type=\"widget\" data-e-type=\"widget\" data-widget_type=\"text-editor.default\">\n\t\t\t\t<div class=\"elementor-widget-container\">\n\t\t\t\t\t\t\t\t\t<p style=\"text-align: right;\"><span style=\"color: #ff0003;\">webdesign \u00a9 2024 \u2013 2026 Marianna Kraviarov\u00e1<\/span><\/p>\t\t\t\t\t\t\t\t<\/div>\n\t\t\t\t<\/div>\n\t\t\t\t\t<\/div>\n\t\t<\/div>\n\t\t\t\t\t<\/div>\n\t\t<\/section>\n\t\t\t\t\t<\/div>\n\t\t<\/div>\n\t\t\t\t\t<\/div>\n\t\t<\/section>\n\t\t\t\t<\/div>\n\t\t","protected":false},"excerpt":{"rendered":"<p>Commission on Slavic Word-formation at the International Committee of Slavists CONFERENCES \u00a9 2024 \u2013 2026 | Commission on Slavic Word-formation webdesign \u00a9 2024 \u2013 2026 Marianna Kraviarov\u00e1<\/p>\n","protected":false},"author":1,"featured_media":0,"parent":0,"menu_order":0,"comment_status":"closed","ping_status":"closed","template":"","meta":{"footnotes":""},"class_list":["post-1725","page","type-page","status-publish","hentry"],"_links":{"self":[{"href":"https:\/\/www.ff.unipo.sk\/slovotvorna-komisia\/wp-json\/wp\/v2\/pages\/1725","targetHints":{"allow":["GET"]}}],"collection":[{"href":"https:\/\/www.ff.unipo.sk\/slovotvorna-komisia\/wp-json\/wp\/v2\/pages"}],"about":[{"href":"https:\/\/www.ff.unipo.sk\/slovotvorna-komisia\/wp-json\/wp\/v2\/types\/page"}],"author":[{"embeddable":true,"href":"https:\/\/www.ff.unipo.sk\/slovotvorna-komisia\/wp-json\/wp\/v2\/users\/1"}],"replies":[{"embeddable":true,"href":"https:\/\/www.ff.unipo.sk\/slovotvorna-komisia\/wp-json\/wp\/v2\/comments?post=1725"}],"version-history":[{"count":19,"href":"https:\/\/www.ff.unipo.sk\/slovotvorna-komisia\/wp-json\/wp\/v2\/pages\/1725\/revisions"}],"predecessor-version":[{"id":3520,"href":"https:\/\/www.ff.unipo.sk\/slovotvorna-komisia\/wp-json\/wp\/v2\/pages\/1725\/revisions\/3520"}],"wp:attachment":[{"href":"https:\/\/www.ff.unipo.sk\/slovotvorna-komisia\/wp-json\/wp\/v2\/media?parent=1725"}],"curies":[{"name":"wp","href":"https:\/\/api.w.org\/{rel}","templated":true}]}}