{"id":1874,"date":"2024-05-07T08:44:57","date_gmt":"2024-05-07T06:44:57","guid":{"rendered":"https:\/\/www.ff.unipo.sk\/slovotvorna-komisia\/?page_id=1874"},"modified":"2026-01-28T23:41:21","modified_gmt":"2026-01-28T22:41:21","slug":"%d0%b4%d0%be%d0%bc","status":"publish","type":"page","link":"https:\/\/www.ff.unipo.sk\/slovotvorna-komisia\/ru\/%d0%b4%d0%be%d0%bc\/","title":{"rendered":"\u0414\u041e\u041c"},"content":{"rendered":"\t\t<div data-elementor-type=\"wp-page\" data-elementor-id=\"1874\" class=\"elementor elementor-1874\">\n\t\t\t\t\t\t<section class=\"elementor-section elementor-top-section elementor-element elementor-element-92e8863 elementor-section-content-middle elementor-section-boxed elementor-section-height-default elementor-section-height-default\" data-id=\"92e8863\" data-element_type=\"section\" data-e-type=\"section\" data-settings=\"{&quot;background_background&quot;:&quot;classic&quot;}\">\n\t\t\t\t\t\t\t<div class=\"elementor-background-overlay\"><\/div>\n\t\t\t\t\t\t\t<div class=\"elementor-container elementor-column-gap-no\">\n\t\t\t\t\t<div class=\"elementor-column elementor-col-100 elementor-top-column elementor-element elementor-element-fc4e00e\" data-id=\"fc4e00e\" data-element_type=\"column\" data-e-type=\"column\">\n\t\t\t<div class=\"elementor-widget-wrap elementor-element-populated\">\n\t\t\t\t<div class=\"elementor-element elementor-element-c7da904 e-con-full e-flex e-con e-parent\" data-id=\"c7da904\" data-element_type=\"container\" data-e-type=\"container\">\n\t\t\t\t<div class=\"elementor-element elementor-element-5a61a8f elementor-widget elementor-widget-heading\" data-id=\"5a61a8f\" data-element_type=\"widget\" data-e-type=\"widget\" data-widget_type=\"heading.default\">\n\t\t\t\t<div class=\"elementor-widget-container\">\n\t\t\t\t\t<h2 class=\"elementor-heading-title elementor-size-default\">\u041a\u043e\u043c\u0438\u0441\u0441\u0438\u044f \u043f\u043e \u0441\u043b\u0430\u0432\u044f\u043d\u0441\u043a\u043e\u043c\u0443 \u0441\u043b\u043e\u0432\u043e\u043e\u0431\u0440\u0430\u0437\u043e\u0432\u0430\u043d\u0438\u044e<\/h2>\t\t\t\t<\/div>\n\t\t\t\t<\/div>\n\t\t\t\t<div class=\"elementor-element elementor-element-0c7ff8a elementor-widget elementor-widget-text-editor\" data-id=\"0c7ff8a\" data-element_type=\"widget\" data-e-type=\"widget\" data-widget_type=\"text-editor.default\">\n\t\t\t\t<div class=\"elementor-widget-container\">\n\t\t\t\t\t\t\t\t\t<p>\u043f\u0440\u0438 \u041c\u0435\u0436\u0434\u0443\u043d\u0430\u0440\u043e\u0434\u043d\u043e\u043c \u043a\u043e\u043c\u0438\u0442\u0435\u0442\u0435 \u0441\u043b\u0430\u0432\u0438\u0441\u0442\u043e\u0432<\/p>\t\t\t\t\t\t\t\t<\/div>\n\t\t\t\t<\/div>\n\t\t\t\t<\/div>\n\t\t\t\t\t<\/div>\n\t\t<\/div>\n\t\t\t\t\t<\/div>\n\t\t<\/section>\n\t\t\t\t<section class=\"elementor-section elementor-top-section elementor-element elementor-element-1620ad8 elementor-section-boxed elementor-section-height-default elementor-section-height-default\" data-id=\"1620ad8\" data-element_type=\"section\" data-e-type=\"section\" data-settings=\"{&quot;background_background&quot;:&quot;classic&quot;}\">\n\t\t\t\t\t\t<div class=\"elementor-container elementor-column-gap-no\">\n\t\t\t\t\t<div class=\"elementor-column elementor-col-100 elementor-top-column elementor-element elementor-element-a005f25\" data-id=\"a005f25\" data-element_type=\"column\" data-e-type=\"column\">\n\t\t\t<div class=\"elementor-widget-wrap elementor-element-populated\">\n\t\t\t\t\t\t<section class=\"elementor-section elementor-inner-section elementor-element elementor-element-e0a3aea elementor-section-full_width elementor-section-height-default elementor-section-height-default\" data-id=\"e0a3aea\" data-element_type=\"section\" data-e-type=\"section\">\n\t\t\t\t\t\t<div class=\"elementor-container elementor-column-gap-no\">\n\t\t\t\t\t<div class=\"elementor-column elementor-col-50 elementor-inner-column elementor-element elementor-element-6f9f6b9\" data-id=\"6f9f6b9\" data-element_type=\"column\" data-e-type=\"column\">\n\t\t\t<div class=\"elementor-widget-wrap elementor-element-populated\">\n\t\t\t\t\t\t<div class=\"elementor-element elementor-element-a8125fb elementor-widget elementor-widget-heading\" data-id=\"a8125fb\" data-element_type=\"widget\" data-e-type=\"widget\" data-widget_type=\"heading.default\">\n\t\t\t\t<div class=\"elementor-widget-container\">\n\t\t\t\t\t<h2 class=\"elementor-heading-title elementor-size-default\"><p class=\"MsoNormal\">Komisia pre slovansk\u00fa\nslovotvorbu pri Medzin\u00e1rodnom komit\u00e9te slavistov vznikla na n\u00e1vrh I. S. Uluchanova\n(Rusko) na plen\u00e1rnom zasadnut\u00ed Medzin\u00e1rodn\u00e9ho komit\u00e9tu slavistov (20. \u2013 21. 10.\n1994, Urbino, Taliansko). Prv\u00fdm predsedom komisie bol I. S. Uluchanov (1994 \u2013 2008),\n\u010falej komisiu viedol A. A. Luka\u0161anec (Bielorusko) (2008 \u2013 2022). V s\u00fa\u010dasnosti (od\nroku 2022) je predsedn\u00ed\u010dkou R. Dragi\u0107evi\u0107 (Srbsko). Komisia sa neust\u00e1le\nroz\u0161iruje o nov\u00fdch \u010dlenov (dnes m\u00e1 53 \u010dlenov, z ktor\u00fdch v\u00e4\u010d\u0161ina v komisii akt\u00edvne\npracuje). Komisia doteraz zorganizovala 22 medzin\u00e1rodn\u00fdch konferenci\u00ed v mnoh\u00fdch\neur\u00f3pskych krajin\u00e1ch.<\/p>\n\n<p class=\"MsoNormal\">Komisia predstavuje\nnajuzn\u00e1vanej\u0161iu eur\u00f3psku a svetov\u00fa organiz\u00e1ciu ...<\/p>\n\n<\/h2>\t\t\t\t<\/div>\n\t\t\t\t<\/div>\n\t\t\t\t<div class=\"elementor-element elementor-element-461ace4 elementor-widget elementor-widget-button\" data-id=\"461ace4\" data-element_type=\"widget\" data-e-type=\"widget\" data-widget_type=\"button.default\">\n\t\t\t\t<div class=\"elementor-widget-container\">\n\t\t\t\t\t\t\t\t\t<div class=\"elementor-button-wrapper\">\n\t\t\t\t\t<a class=\"elementor-button elementor-button-link elementor-size-sm\" href=\"https:\/\/www.ff.unipo.sk\/slovotvorna-komisia\/ru\/%d0%ba%d0%be%d0%bc%d0%b8%d1%81%d1%81%d0%b8%d1%8f\/\">\n\t\t\t\t\t\t<span class=\"elementor-button-content-wrapper\">\n\t\t\t\t\t\t\t\t\t<span class=\"elementor-button-text\">\u0427\u0418\u0422\u0410\u0422\u042c \u0414\u0410\u041b\u0415\u0415<\/span>\n\t\t\t\t\t<\/span>\n\t\t\t\t\t<\/a>\n\t\t\t\t<\/div>\n\t\t\t\t\t\t\t\t<\/div>\n\t\t\t\t<\/div>\n\t\t\t\t\t<\/div>\n\t\t<\/div>\n\t\t\t\t<div class=\"elementor-column elementor-col-50 elementor-inner-column elementor-element elementor-element-416caa0\" data-id=\"416caa0\" data-element_type=\"column\" data-e-type=\"column\">\n\t\t\t<div class=\"elementor-widget-wrap elementor-element-populated\">\n\t\t\t\t\t\t<div class=\"elementor-element elementor-element-880bba1 elementor-widget__width-initial animated-slow e-transform elementor-invisible elementor-widget elementor-widget-image\" data-id=\"880bba1\" data-element_type=\"widget\" data-e-type=\"widget\" data-settings=\"{&quot;_animation&quot;:&quot;fadeInUp&quot;,&quot;_transform_scale_effect_hover&quot;:{&quot;unit&quot;:&quot;px&quot;,&quot;size&quot;:1.5,&quot;sizes&quot;:[]},&quot;_transform_scale_effect_hover_tablet&quot;:{&quot;unit&quot;:&quot;px&quot;,&quot;size&quot;:&quot;&quot;,&quot;sizes&quot;:[]},&quot;_transform_scale_effect_hover_mobile&quot;:{&quot;unit&quot;:&quot;px&quot;,&quot;size&quot;:&quot;&quot;,&quot;sizes&quot;:[]}}\" data-widget_type=\"image.default\">\n\t\t\t\t<div class=\"elementor-widget-container\">\n\t\t\t\t\t\t\t\t\t\t\t\t\t\t\t<img fetchpriority=\"high\" decoding=\"async\" width=\"1600\" height=\"1200\" src=\"https:\/\/www.ff.unipo.sk\/slovotvorna-komisia\/wp-content\/uploads\/2024\/05\/Ohrid-2023.jpg\" class=\"attachment-full size-full wp-image-2243\" alt=\"Ohrid 2023\" srcset=\"https:\/\/www.ff.unipo.sk\/slovotvorna-komisia\/wp-content\/uploads\/2024\/05\/Ohrid-2023.jpg 1600w, https:\/\/www.ff.unipo.sk\/slovotvorna-komisia\/wp-content\/uploads\/2024\/05\/Ohrid-2023-300x225.jpg 300w, https:\/\/www.ff.unipo.sk\/slovotvorna-komisia\/wp-content\/uploads\/2024\/05\/Ohrid-2023-1024x768.jpg 1024w, https:\/\/www.ff.unipo.sk\/slovotvorna-komisia\/wp-content\/uploads\/2024\/05\/Ohrid-2023-768x576.jpg 768w, https:\/\/www.ff.unipo.sk\/slovotvorna-komisia\/wp-content\/uploads\/2024\/05\/Ohrid-2023-1536x1152.jpg 1536w\" sizes=\"(max-width: 1600px) 100vw, 1600px\" \/>\t\t\t\t\t\t\t\t\t\t\t\t\t\t\t<\/div>\n\t\t\t\t<\/div>\n\t\t\t\t\t<\/div>\n\t\t<\/div>\n\t\t\t\t\t<\/div>\n\t\t<\/section>\n\t\t\t\t\t<\/div>\n\t\t<\/div>\n\t\t\t\t\t<\/div>\n\t\t<\/section>\n\t\t\t\t<section class=\"elementor-section elementor-top-section elementor-element elementor-element-18017fa elementor-section-boxed elementor-section-height-default elementor-section-height-default\" data-id=\"18017fa\" data-element_type=\"section\" data-e-type=\"section\" data-settings=\"{&quot;background_background&quot;:&quot;classic&quot;}\">\n\t\t\t\t\t\t<div class=\"elementor-container elementor-column-gap-no\">\n\t\t\t\t\t<div class=\"elementor-column elementor-col-100 elementor-top-column elementor-element elementor-element-bd2e3e1\" data-id=\"bd2e3e1\" data-element_type=\"column\" data-e-type=\"column\">\n\t\t\t<div class=\"elementor-widget-wrap elementor-element-populated\">\n\t\t\t\t\t\t<section class=\"elementor-section elementor-inner-section elementor-element elementor-element-0eeab58 elementor-section-boxed elementor-section-height-default elementor-section-height-default\" data-id=\"0eeab58\" data-element_type=\"section\" data-e-type=\"section\">\n\t\t\t\t\t\t<div class=\"elementor-container elementor-column-gap-no\">\n\t\t\t\t\t<div class=\"elementor-column elementor-col-100 elementor-inner-column elementor-element elementor-element-ce0ee56\" data-id=\"ce0ee56\" data-element_type=\"column\" data-e-type=\"column\">\n\t\t\t<div class=\"elementor-widget-wrap elementor-element-populated\">\n\t\t\t\t\t\t<div class=\"elementor-element elementor-element-6ca040d elementor-widget-mobile__width-inherit elementor-widget__width-inherit elementor-widget elementor-widget-heading\" data-id=\"6ca040d\" data-element_type=\"widget\" data-e-type=\"widget\" data-widget_type=\"heading.default\">\n\t\t\t\t<div class=\"elementor-widget-container\">\n\t\t\t\t\t<h2 class=\"elementor-heading-title elementor-size-default\">\u041d\u041e\u0412\u041e\u0421\u0422\u0418<\/h2>\t\t\t\t<\/div>\n\t\t\t\t<\/div>\n\t\t\t\t\t<\/div>\n\t\t<\/div>\n\t\t\t\t\t<\/div>\n\t\t<\/section>\n\t\t\t\t<section class=\"elementor-section elementor-inner-section elementor-element elementor-element-38b63bb elementor-section-full_width elementor-section-height-default elementor-section-height-default\" data-id=\"38b63bb\" data-element_type=\"section\" data-e-type=\"section\">\n\t\t\t\t\t\t<div class=\"elementor-container elementor-column-gap-no\">\n\t\t\t\t\t<div class=\"elementor-column elementor-col-25 elementor-inner-column elementor-element elementor-element-2290704\" data-id=\"2290704\" data-element_type=\"column\" data-e-type=\"column\">\n\t\t\t<div class=\"elementor-widget-wrap elementor-element-populated\">\n\t\t\t\t\t\t<div class=\"elementor-element elementor-element-bf8d5f0 eael-infobox-content-align--left animated-slow eael-infobox-shape-radius eael-infobox-hover-img-shape-radius elementor-invisible elementor-widget elementor-widget-eael-info-box\" data-id=\"bf8d5f0\" data-element_type=\"widget\" data-e-type=\"widget\" data-settings=\"{&quot;_animation&quot;:&quot;fadeInUp&quot;}\" data-widget_type=\"eael-info-box.default\">\n\t\t\t\t<div class=\"elementor-widget-container\">\n\t\t\t\t\t        <div class=\"eael-infobox icon-on-top\">\n\t            <div class=\"infobox-icon\">\n\n                            <img decoding=\"async\" src=\"https:\/\/www.ff.unipo.sk\/slovotvorna-komisia\/wp-content\/uploads\/2026\/01\/sofia-divadlo-scaled.png\" alt=\"\">\n            \n            \n            \n        <\/div>\n            <div class=\"infobox-content\">\n                    <div class=\"infobox-title-section\">\n                <h2 class=\"title\">11. \u2013 16. 5. 2026<hr><\/h2>            <\/div>\n            <div><p>\u0421\u043b\u043e\u0432\u043e\u043e\u0431\u0440\u0430\u0437\u0443\u0432\u0430\u043d\u0435\u0442\u043e \u043d\u0430 \u0441\u043b\u0430\u0432\u044f\u043d\u0441\u043a\u0438\u0442\u0435 \u0435\u0437\u0438\u0446\u0438 \u2013 \u0430\u043a\u0442\u0443\u0430\u043b\u043d\u0438 \u043f\u0440\u043e\u0431\u043b\u0435\u043c\u0438 \u0438 \u043f\u0435\u0440\u0441\u043f\u0435\u043a\u0442\u0438\u0432\u0438<\/p><\/div>        <div class=\"infobox-button\">\n            <a class=\"eael-infobox-button\" href=\"https:\/\/www.ff.unipo.sk\/slovotvorna-komisia\/ru\/%d0%ba%d0%be%d0%bd%d1%84%d0%b5%d1%80%d0%b5%d0%bd%d1%86%d0%b8%d1%8f-2026\/\">\n                                                <span class=\"infobox-button-text\">\u0427\u0418\u0422\u0410\u0422\u042c \u0414\u0410\u041b\u0415\u0415<\/span>\n                            <\/a>\n        <\/div>\n            <\/div>\n            <\/div>\n\n\t\t\t\t\t\t<\/div>\n\t\t\t\t<\/div>\n\t\t\t\t\t<\/div>\n\t\t<\/div>\n\t\t\t\t<div class=\"elementor-column elementor-col-25 elementor-inner-column elementor-element elementor-element-6ff8187\" data-id=\"6ff8187\" data-element_type=\"column\" data-e-type=\"column\">\n\t\t\t<div class=\"elementor-widget-wrap elementor-element-populated\">\n\t\t\t\t\t\t<div class=\"elementor-element elementor-element-32f7f93 eael-infobox-content-align--left animated-slow eael-infobox-shape-radius eael-infobox-hover-img-shape-radius elementor-invisible elementor-widget elementor-widget-eael-info-box\" data-id=\"32f7f93\" data-element_type=\"widget\" data-e-type=\"widget\" data-settings=\"{&quot;_animation&quot;:&quot;fadeInUp&quot;}\" data-widget_type=\"eael-info-box.default\">\n\t\t\t\t<div class=\"elementor-widget-container\">\n\t\t\t\t\t        <div class=\"eael-infobox icon-on-top\">\n\t            <div class=\"infobox-icon\">\n\n                            <img decoding=\"async\" src=\"https:\/\/www.ff.unipo.sk\/slovotvorna-komisia\/wp-content\/uploads\/2024\/11\/23-Ochrid-2023-obal-scaled.jpg\" alt=\"\">\n            \n            \n            \n        <\/div>\n            <div class=\"infobox-content\">\n                    <div class=\"infobox-title-section\">\n                <h2 class=\"title\">\u0422\u0415\u041d\u0414\u0415\u041d\u0426\u0418\u0418 \u0412\u041e \u0417\u0411\u041e\u0420\u041e\u041e\u0411\u0420\u0410\u0417\u0423\u0412\u0410\u040a\u0415\u0422\u041e \u041d\u0410 \u0413\u041b\u0410\u0413\u041e\u041b\u0418\u0422\u0415 \u0412\u041e \u0421\u041b\u041e\u0412\u0415\u041d\u0421\u041a\u0418\u0422\u0415 \u0408\u0410\u0417\u0418\u0426\u0418<hr><\/h2>            <\/div>\n            <div><p>Vy\u0161iel zborn\u00edk z konferencie v Ochride (2023)<\/p><\/div>        <div class=\"infobox-button\">\n            <a class=\"eael-infobox-button\" href=\"https:\/\/www.ff.unipo.sk\/slovotvorna-komisia\/ru\/%d0%ba%d0%be%d0%bb%d0%bb%d0%b5%d0%ba%d1%86%d0%b8%d1%8f-2023\/\">\n                                                <span class=\"infobox-button-text\">\u0427\u0418\u0422\u0410\u0422\u042c \u0414\u0410\u041b\u0415\u0415<\/span>\n                            <\/a>\n        <\/div>\n            <\/div>\n            <\/div>\n\n\t\t\t\t\t\t<\/div>\n\t\t\t\t<\/div>\n\t\t\t\t\t<\/div>\n\t\t<\/div>\n\t\t\t\t<div class=\"elementor-column elementor-col-25 elementor-inner-column elementor-element elementor-element-1e0ba41\" data-id=\"1e0ba41\" data-element_type=\"column\" data-e-type=\"column\">\n\t\t\t<div class=\"elementor-widget-wrap elementor-element-populated\">\n\t\t\t\t\t\t<div class=\"elementor-element elementor-element-a68d42d eael-infobox-content-align--left animated-slow eael-infobox-shape-radius eael-infobox-hover-img-shape-radius elementor-invisible elementor-widget elementor-widget-eael-info-box\" data-id=\"a68d42d\" data-element_type=\"widget\" data-e-type=\"widget\" data-settings=\"{&quot;_animation&quot;:&quot;fadeInUp&quot;}\" data-widget_type=\"eael-info-box.default\">\n\t\t\t\t<div class=\"elementor-widget-container\">\n\t\t\t\t\t        <div class=\"eael-infobox icon-on-top\">\n\t            <div class=\"infobox-icon\">\n\n                            <img decoding=\"async\" src=\"https:\/\/www.ff.unipo.sk\/slovotvorna-komisia\/wp-content\/uploads\/2024\/08\/kniha.jpg\" alt=\"\">\n            \n            \n            \n        <\/div>\n            <div class=\"infobox-content\">\n                    <div class=\"infobox-title-section\">\n                <h2 class=\"title\">\u010cESK\u00c1 SLOVOTVORN\u00c1 KONCEPCE V KONTEXTU SLOVANSK\u00c9 JAZYKOV\u011aDY<hr><\/h2>            <\/div>\n            <div><p>Vy\u0161la kolekt\u00edvna monografia<\/p><\/div>        <div class=\"infobox-button\">\n            <a class=\"eael-infobox-button\" href=\"https:\/\/www.ff.unipo.sk\/slovotvorna-komisia\/ru\/%d0%bc%d0%be%d0%bd%d0%be%d0%b3%d1%80%d0%b0%d1%84%d0%b8%d1%8f-2024\/\">\n                                                <span class=\"infobox-button-text\">\u0427\u0418\u0422\u0410\u0422\u042c \u0414\u0410\u041b\u0415\u0415<\/span>\n                            <\/a>\n        <\/div>\n            <\/div>\n            <\/div>\n\n\t\t\t\t\t\t<\/div>\n\t\t\t\t<\/div>\n\t\t\t\t\t<\/div>\n\t\t<\/div>\n\t\t\t\t<div class=\"elementor-column elementor-col-25 elementor-inner-column elementor-element elementor-element-5e695d1\" data-id=\"5e695d1\" data-element_type=\"column\" data-e-type=\"column\">\n\t\t\t<div class=\"elementor-widget-wrap elementor-element-populated\">\n\t\t\t\t\t\t<div class=\"elementor-element elementor-element-9c69c39 eael-infobox-content-align--left animated-slow eael-infobox-shape-radius eael-infobox-hover-img-shape-radius elementor-invisible elementor-widget elementor-widget-eael-info-box\" data-id=\"9c69c39\" data-element_type=\"widget\" data-e-type=\"widget\" data-settings=\"{&quot;_animation&quot;:&quot;fadeInUp&quot;}\" data-widget_type=\"eael-info-box.default\">\n\t\t\t\t<div class=\"elementor-widget-container\">\n\t\t\t\t\t        <div class=\"eael-infobox icon-on-top\">\n\t            <div class=\"infobox-icon\">\n\n                            <img decoding=\"async\" src=\"https:\/\/www.ff.unipo.sk\/slovotvorna-komisia\/wp-content\/uploads\/2024\/05\/lublana.jpg\" alt=\"\">\n            \n            \n            \n        <\/div>\n            <div class=\"infobox-content\">\n                    <div class=\"infobox-title-section\">\n                <h2 class=\"title\">17. \u2013 20. 9. 2024<hr><\/h2>            <\/div>\n            <div><p>Stopenjsko besedotvorje<\/p><p>\u00a0<\/p><\/div>        <div class=\"infobox-button\">\n            <a class=\"eael-infobox-button\" href=\"https:\/\/www.ff.unipo.sk\/slovotvorna-komisia\/ru\/%d0%ba%d0%be%d0%bd%d1%84%d0%b5%d1%80%d0%b5%d0%bd%d1%86%d0%b8%d1%8f-2024\/\">\n                                                <span class=\"infobox-button-text\">\u0427\u0418\u0422\u0410\u0422\u042c \u0414\u0410\u041b\u0415\u0415<\/span>\n                            <\/a>\n        <\/div>\n            <\/div>\n            <\/div>\n\n\t\t\t\t\t\t<\/div>\n\t\t\t\t<\/div>\n\t\t\t\t\t<\/div>\n\t\t<\/div>\n\t\t\t\t\t<\/div>\n\t\t<\/section>\n\t\t\t\t\t<\/div>\n\t\t<\/div>\n\t\t\t\t\t<\/div>\n\t\t<\/section>\n\t\t\t\t<section class=\"elementor-section elementor-top-section elementor-element elementor-element-6d7995ca elementor-section-boxed elementor-section-height-default elementor-section-height-default\" data-id=\"6d7995ca\" data-element_type=\"section\" data-e-type=\"section\" id=\"footer_section\" data-settings=\"{&quot;background_background&quot;:&quot;classic&quot;}\">\n\t\t\t\t\t\t<div class=\"elementor-container elementor-column-gap-default\">\n\t\t\t\t\t<div class=\"elementor-column elementor-col-100 elementor-top-column elementor-element elementor-element-22c5273f\" data-id=\"22c5273f\" data-element_type=\"column\" data-e-type=\"column\">\n\t\t\t<div class=\"elementor-widget-wrap elementor-element-populated\">\n\t\t\t\t\t\t<section class=\"elementor-section elementor-inner-section elementor-element elementor-element-639a9e24 elementor-section-content-middle elementor-section-full_width elementor-section-height-default elementor-section-height-default\" data-id=\"639a9e24\" data-element_type=\"section\" data-e-type=\"section\">\n\t\t\t\t\t\t<div class=\"elementor-container elementor-column-gap-no\">\n\t\t\t\t\t<div class=\"elementor-column elementor-col-50 elementor-inner-column elementor-element elementor-element-15e5fff7\" data-id=\"15e5fff7\" data-element_type=\"column\" data-e-type=\"column\">\n\t\t\t<div class=\"elementor-widget-wrap elementor-element-populated\">\n\t\t\t\t\t\t<div class=\"elementor-element elementor-element-40a67bda elementor-widget elementor-widget-text-editor\" data-id=\"40a67bda\" data-element_type=\"widget\" data-e-type=\"widget\" data-widget_type=\"text-editor.default\">\n\t\t\t\t<div class=\"elementor-widget-container\">\n\t\t\t\t\t\t\t\t\t<p style=\"text-align: left;\"><span style=\"color: #ff0003;\">\u00a9 2024 \u2013 2026 | \u041a\u041e\u041c\u0418\u0421\u0421\u0418\u042f \u041f\u041e \u0421\u041b\u0410\u0412\u042f\u041d\u0421\u041a\u041e\u041c\u0423 \u0421\u041b\u041e\u0412\u041e\u041e\u0411\u0420\u0410\u0417\u041e\u0412\u0410\u041d\u0418\u042e <\/span><\/p>\t\t\t\t\t\t\t\t<\/div>\n\t\t\t\t<\/div>\n\t\t\t\t\t<\/div>\n\t\t<\/div>\n\t\t\t\t<div class=\"elementor-column elementor-col-50 elementor-inner-column elementor-element elementor-element-4a9effd8\" data-id=\"4a9effd8\" data-element_type=\"column\" data-e-type=\"column\">\n\t\t\t<div class=\"elementor-widget-wrap elementor-element-populated\">\n\t\t\t\t\t\t<div class=\"elementor-element elementor-element-4fdfa39a elementor-widget elementor-widget-text-editor\" data-id=\"4fdfa39a\" data-element_type=\"widget\" data-e-type=\"widget\" data-widget_type=\"text-editor.default\">\n\t\t\t\t<div class=\"elementor-widget-container\">\n\t\t\t\t\t\t\t\t\t<p style=\"text-align: right;\"><span style=\"color: #ff0003;\">webdesign \u00a9 2024 \u2013 2026 Marianna Kraviarov\u00e1<\/span><\/p>\t\t\t\t\t\t\t\t<\/div>\n\t\t\t\t<\/div>\n\t\t\t\t\t<\/div>\n\t\t<\/div>\n\t\t\t\t\t<\/div>\n\t\t<\/section>\n\t\t\t\t\t<\/div>\n\t\t<\/div>\n\t\t\t\t\t<\/div>\n\t\t<\/section>\n\t\t\t\t<\/div>\n\t\t","protected":false},"excerpt":{"rendered":"<p>\u041a\u043e\u043c\u0438\u0441\u0441\u0438\u044f \u043f\u043e \u0441\u043b\u0430\u0432\u044f\u043d\u0441\u043a\u043e\u043c\u0443 \u0441\u043b\u043e\u0432\u043e\u043e\u0431\u0440\u0430\u0437\u043e\u0432\u0430\u043d\u0438\u044e \u043f\u0440\u0438 \u041c\u0435\u0436\u0434\u0443\u043d\u0430\u0440\u043e\u0434\u043d\u043e\u043c \u043a\u043e\u043c\u0438\u0442\u0435\u0442\u0435 \u0441\u043b\u0430\u0432\u0438\u0441\u0442\u043e\u0432 Komisia pre slovansk\u00fa slovotvorbu pri Medzin\u00e1rodnom komit\u00e9te slavistov vznikla na n\u00e1vrh I. S. Uluchanova (Rusko) na plen\u00e1rnom zasadnut\u00ed Medzin\u00e1rodn\u00e9ho komit\u00e9tu slavistov (20. \u2013 21. 10. 1994, Urbino, Taliansko). Prv\u00fdm predsedom komisie bol I. S. Uluchanov (1994 \u2013 2008), \u010falej komisiu viedol A. A. Luka\u0161anec (Bielorusko) (2008 \u2013 [&hellip;]<\/p>\n","protected":false},"author":1,"featured_media":0,"parent":0,"menu_order":0,"comment_status":"closed","ping_status":"closed","template":"","meta":{"footnotes":""},"class_list":["post-1874","page","type-page","status-publish","hentry"],"_links":{"self":[{"href":"https:\/\/www.ff.unipo.sk\/slovotvorna-komisia\/wp-json\/wp\/v2\/pages\/1874","targetHints":{"allow":["GET"]}}],"collection":[{"href":"https:\/\/www.ff.unipo.sk\/slovotvorna-komisia\/wp-json\/wp\/v2\/pages"}],"about":[{"href":"https:\/\/www.ff.unipo.sk\/slovotvorna-komisia\/wp-json\/wp\/v2\/types\/page"}],"author":[{"embeddable":true,"href":"https:\/\/www.ff.unipo.sk\/slovotvorna-komisia\/wp-json\/wp\/v2\/users\/1"}],"replies":[{"embeddable":true,"href":"https:\/\/www.ff.unipo.sk\/slovotvorna-komisia\/wp-json\/wp\/v2\/comments?post=1874"}],"version-history":[{"count":43,"href":"https:\/\/www.ff.unipo.sk\/slovotvorna-komisia\/wp-json\/wp\/v2\/pages\/1874\/revisions"}],"predecessor-version":[{"id":3628,"href":"https:\/\/www.ff.unipo.sk\/slovotvorna-komisia\/wp-json\/wp\/v2\/pages\/1874\/revisions\/3628"}],"wp:attachment":[{"href":"https:\/\/www.ff.unipo.sk\/slovotvorna-komisia\/wp-json\/wp\/v2\/media?parent=1874"}],"curies":[{"name":"wp","href":"https:\/\/api.w.org\/{rel}","templated":true}]}}