{"id":2027,"date":"2024-05-07T16:41:18","date_gmt":"2024-05-07T14:41:18","guid":{"rendered":"https:\/\/www.ff.unipo.sk\/slovotvorna-komisia\/?page_id=2027"},"modified":"2026-01-28T23:44:07","modified_gmt":"2026-01-28T22:44:07","slug":"%d0%bd%d0%be%d0%b2%d0%be%d1%81%d1%82%d0%b8-ru","status":"publish","type":"page","link":"https:\/\/www.ff.unipo.sk\/slovotvorna-komisia\/ru\/%d0%bd%d0%be%d0%b2%d0%be%d1%81%d1%82%d0%b8-ru\/","title":{"rendered":"\u041d\u041e\u0412\u041e\u0421\u0422\u0418"},"content":{"rendered":"\t\t<div data-elementor-type=\"wp-page\" data-elementor-id=\"2027\" class=\"elementor elementor-2027\">\n\t\t\t\t\t\t<section class=\"elementor-section elementor-top-section elementor-element elementor-element-92e8863 elementor-section-content-middle elementor-section-boxed elementor-section-height-default elementor-section-height-default\" data-id=\"92e8863\" data-element_type=\"section\" data-e-type=\"section\" data-settings=\"{&quot;background_background&quot;:&quot;classic&quot;}\">\n\t\t\t\t\t\t\t<div class=\"elementor-background-overlay\"><\/div>\n\t\t\t\t\t\t\t<div class=\"elementor-container elementor-column-gap-no\">\n\t\t\t\t\t<div class=\"elementor-column elementor-col-100 elementor-top-column elementor-element elementor-element-fc4e00e\" data-id=\"fc4e00e\" data-element_type=\"column\" data-e-type=\"column\">\n\t\t\t<div class=\"elementor-widget-wrap elementor-element-populated\">\n\t\t\t\t<div class=\"elementor-element elementor-element-c7da904 e-grid e-con-boxed e-con e-parent\" data-id=\"c7da904\" data-element_type=\"container\" data-e-type=\"container\">\n\t\t\t\t\t<div class=\"e-con-inner\">\n\t\t\t\t<div class=\"elementor-element elementor-element-5a61a8f elementor-widget elementor-widget-heading\" data-id=\"5a61a8f\" data-element_type=\"widget\" data-e-type=\"widget\" data-widget_type=\"heading.default\">\n\t\t\t\t<div class=\"elementor-widget-container\">\n\t\t\t\t\t<h2 class=\"elementor-heading-title elementor-size-default\">\u041a\u041e\u041c\u0418\u0421\u0421\u0418\u042f \u041f\u041e \u0421\u041b\u0410\u0412\u042f\u041d\u0421\u041a\u041e\u041c\u0423 \u0421\u041b\u041e\u0412\u041e\u041e\u0411\u0420\u0410\u0417\u041e\u0412\u0410\u041d\u0418\u042e<\/h2>\t\t\t\t<\/div>\n\t\t\t\t<\/div>\n\t\t\t\t<div class=\"elementor-element elementor-element-0c7ff8a elementor-widget elementor-widget-text-editor\" data-id=\"0c7ff8a\" data-element_type=\"widget\" data-e-type=\"widget\" data-widget_type=\"text-editor.default\">\n\t\t\t\t<div class=\"elementor-widget-container\">\n\t\t\t\t\t\t\t\t\t<p>\u041f\u0420\u0418 \u041c\u0415\u0416\u0414\u0423\u041d\u0410\u0420\u041e\u0414\u041d\u041e\u041c \u041a\u041e\u041c\u0418\u0422\u0415\u0422\u0415 \u0421\u041b\u0410\u0412\u0418\u0421\u0422\u041e\u0412<\/p>\t\t\t\t\t\t\t\t<\/div>\n\t\t\t\t<\/div>\n\t\t\t\t\t<\/div>\n\t\t\t\t<\/div>\n\t\t\t\t\t<\/div>\n\t\t<\/div>\n\t\t\t\t\t<\/div>\n\t\t<\/section>\n\t\t\t\t<section class=\"elementor-section elementor-top-section elementor-element elementor-element-18017fa elementor-section-boxed elementor-section-height-default elementor-section-height-default\" data-id=\"18017fa\" data-element_type=\"section\" data-e-type=\"section\" data-settings=\"{&quot;background_background&quot;:&quot;classic&quot;}\">\n\t\t\t\t\t\t<div class=\"elementor-container elementor-column-gap-no\">\n\t\t\t\t\t<div class=\"elementor-column elementor-col-100 elementor-top-column elementor-element elementor-element-bd2e3e1\" data-id=\"bd2e3e1\" data-element_type=\"column\" data-e-type=\"column\">\n\t\t\t<div class=\"elementor-widget-wrap elementor-element-populated\">\n\t\t\t\t\t\t<section class=\"elementor-section elementor-inner-section elementor-element elementor-element-0eeab58 elementor-section-boxed elementor-section-height-default elementor-section-height-default\" data-id=\"0eeab58\" data-element_type=\"section\" data-e-type=\"section\">\n\t\t\t\t\t\t<div class=\"elementor-container elementor-column-gap-no\">\n\t\t\t\t\t<div class=\"elementor-column elementor-col-100 elementor-inner-column elementor-element elementor-element-ce0ee56\" data-id=\"ce0ee56\" data-element_type=\"column\" data-e-type=\"column\">\n\t\t\t<div class=\"elementor-widget-wrap elementor-element-populated\">\n\t\t\t\t\t\t<div class=\"elementor-element elementor-element-6ca040d elementor-widget-mobile__width-inherit elementor-widget__width-inherit elementor-widget elementor-widget-heading\" data-id=\"6ca040d\" data-element_type=\"widget\" data-e-type=\"widget\" data-widget_type=\"heading.default\">\n\t\t\t\t<div class=\"elementor-widget-container\">\n\t\t\t\t\t<h2 class=\"elementor-heading-title elementor-size-default\">\u041d\u041e\u0412\u041e\u0421\u0422\u0418<\/h2>\t\t\t\t<\/div>\n\t\t\t\t<\/div>\n\t\t\t\t\t<\/div>\n\t\t<\/div>\n\t\t\t\t\t<\/div>\n\t\t<\/section>\n\t\t\t\t<section class=\"elementor-section elementor-inner-section elementor-element elementor-element-38b63bb elementor-section-full_width elementor-section-height-default elementor-section-height-default\" data-id=\"38b63bb\" data-element_type=\"section\" data-e-type=\"section\">\n\t\t\t\t\t\t<div class=\"elementor-container elementor-column-gap-no\">\n\t\t\t\t\t<div class=\"elementor-column elementor-col-25 elementor-inner-column elementor-element elementor-element-7b9bde8\" data-id=\"7b9bde8\" data-element_type=\"column\" data-e-type=\"column\">\n\t\t\t<div class=\"elementor-widget-wrap elementor-element-populated\">\n\t\t\t\t\t\t<div class=\"elementor-element elementor-element-2a1c91a eael-infobox-content-align--left animated-slow eael-infobox-shape-radius eael-infobox-hover-img-shape-radius elementor-invisible elementor-widget elementor-widget-eael-info-box\" data-id=\"2a1c91a\" data-element_type=\"widget\" data-e-type=\"widget\" data-settings=\"{&quot;_animation&quot;:&quot;fadeInUp&quot;}\" data-widget_type=\"eael-info-box.default\">\n\t\t\t\t<div class=\"elementor-widget-container\">\n\t\t\t\t\t        <div class=\"eael-infobox icon-on-top\">\n\t            <div class=\"infobox-icon\">\n\n                            <img decoding=\"async\" src=\"https:\/\/www.ff.unipo.sk\/slovotvorna-komisia\/wp-content\/uploads\/2026\/01\/sofia-divadlo-scaled.png\" alt=\"\">\n            \n            \n            \n        <\/div>\n            <div class=\"infobox-content\">\n                    <div class=\"infobox-title-section\">\n                <h2 class=\"title\">11. \u2013 16. 5. 2026<hr><\/h2>            <\/div>\n            <div><p>\u0421\u043b\u043e\u0432\u043e\u043e\u0431\u0440\u0430\u0437\u0443\u0432\u0430\u043d\u0435\u0442\u043e \u043d\u0430 \u0441\u043b\u0430\u0432\u044f\u043d\u0441\u043a\u0438\u0442\u0435 \u0435\u0437\u0438\u0446\u0438 \u2013 \u0430\u043a\u0442\u0443\u0430\u043b\u043d\u0438 \u043f\u0440\u043e\u0431\u043b\u0435\u043c\u0438 \u0438 \u043f\u0435\u0440\u0441\u043f\u0435\u043a\u0442\u0438\u0432\u0438<\/p><\/div>        <div class=\"infobox-button\">\n            <a class=\"eael-infobox-button\" href=\"https:\/\/www.ff.unipo.sk\/slovotvorna-komisia\/ru\/%d0%ba%d0%be%d0%bd%d1%84%d0%b5%d1%80%d0%b5%d0%bd%d1%86%d0%b8%d1%8f-2026\/\">\n                                                <span class=\"infobox-button-text\">\u0427\u0418\u0422\u0410\u0422\u042c \u0414\u0410\u041b\u0415\u0415<\/span>\n                            <\/a>\n        <\/div>\n            <\/div>\n            <\/div>\n\n\t\t\t\t\t\t<\/div>\n\t\t\t\t<\/div>\n\t\t\t\t\t<\/div>\n\t\t<\/div>\n\t\t\t\t<div class=\"elementor-column elementor-col-25 elementor-inner-column elementor-element elementor-element-92593fa\" data-id=\"92593fa\" data-element_type=\"column\" data-e-type=\"column\">\n\t\t\t<div class=\"elementor-widget-wrap elementor-element-populated\">\n\t\t\t\t\t\t<div class=\"elementor-element elementor-element-19c5272 eael-infobox-content-align--left animated-slow eael-infobox-shape-radius eael-infobox-hover-img-shape-radius elementor-invisible elementor-widget elementor-widget-eael-info-box\" data-id=\"19c5272\" data-element_type=\"widget\" data-e-type=\"widget\" data-settings=\"{&quot;_animation&quot;:&quot;fadeInUp&quot;}\" data-widget_type=\"eael-info-box.default\">\n\t\t\t\t<div class=\"elementor-widget-container\">\n\t\t\t\t\t        <div class=\"eael-infobox icon-on-top\">\n\t            <div class=\"infobox-icon\">\n\n                            <img decoding=\"async\" src=\"https:\/\/www.ff.unipo.sk\/slovotvorna-komisia\/wp-content\/uploads\/2024\/11\/23-Ochrid-2023-obal-scaled.jpg\" alt=\"\">\n            \n            \n            \n        <\/div>\n            <div class=\"infobox-content\">\n                    <div class=\"infobox-title-section\">\n                <h2 class=\"title\">\u0422\u0415\u041d\u0414\u0415\u041d\u0426\u0418\u0418 \u0412\u041e \u0417\u0411\u041e\u0420\u041e\u041e\u0411\u0420\u0410\u0417\u0423\u0412\u0410\u040a\u0415\u0422\u041e \u041d\u0410 \u0413\u041b\u0410\u0413\u041e\u041b\u0418\u0422\u0415 \u0412\u041e \u0421\u041b\u041e\u0412\u0415\u041d\u0421\u041a\u0418\u0422\u0415 \u0408\u0410\u0417\u0418\u0426\u0418<hr><\/h2>            <\/div>\n            <div><p>Vy\u0161iel zborn\u00edk z konferencie v Ochride (2023)<\/p><\/div>        <div class=\"infobox-button\">\n            <a class=\"eael-infobox-button\" href=\"https:\/\/www.ff.unipo.sk\/slovotvorna-komisia\/ru\/%d0%ba%d0%be%d0%bb%d0%bb%d0%b5%d0%ba%d1%86%d0%b8%d1%8f-2023\/\">\n                                                <span class=\"infobox-button-text\">\u0427\u0418\u0422\u0410\u0422\u042c \u0414\u0410\u041b\u0415\u0415<\/span>\n                            <\/a>\n        <\/div>\n            <\/div>\n            <\/div>\n\n\t\t\t\t\t\t<\/div>\n\t\t\t\t<\/div>\n\t\t\t\t\t<\/div>\n\t\t<\/div>\n\t\t\t\t<div class=\"elementor-column elementor-col-25 elementor-inner-column elementor-element elementor-element-1e0ba41\" data-id=\"1e0ba41\" data-element_type=\"column\" data-e-type=\"column\">\n\t\t\t<div class=\"elementor-widget-wrap elementor-element-populated\">\n\t\t\t\t\t\t<div class=\"elementor-element elementor-element-70557ea eael-infobox-content-align--left animated-slow eael-infobox-shape-radius eael-infobox-hover-img-shape-radius elementor-invisible elementor-widget elementor-widget-eael-info-box\" data-id=\"70557ea\" data-element_type=\"widget\" data-e-type=\"widget\" data-settings=\"{&quot;_animation&quot;:&quot;fadeInUp&quot;}\" data-widget_type=\"eael-info-box.default\">\n\t\t\t\t<div class=\"elementor-widget-container\">\n\t\t\t\t\t        <div class=\"eael-infobox icon-on-top\">\n\t            <div class=\"infobox-icon\">\n\n                            <img decoding=\"async\" src=\"https:\/\/www.ff.unipo.sk\/slovotvorna-komisia\/wp-content\/uploads\/2024\/08\/kniha.jpg\" alt=\"\">\n            \n            \n            \n        <\/div>\n            <div class=\"infobox-content\">\n                    <div class=\"infobox-title-section\">\n                <h2 class=\"title\">\u010cESK\u00c1 SLOVOTVORN\u00c1 KONCEPCE V KONTEXTU SLOVANSK\u00c9 JAZYKOV\u011aDY<hr><\/h2>            <\/div>\n            <div><p>Vy\u0161la kolekt\u00edvna monografia<\/p><\/div>        <div class=\"infobox-button\">\n            <a class=\"eael-infobox-button\" href=\"https:\/\/www.ff.unipo.sk\/slovotvorna-komisia\/ru\/%d0%bc%d0%be%d0%bd%d0%be%d0%b3%d1%80%d0%b0%d1%84%d0%b8%d1%8f-2024\/\">\n                                                <span class=\"infobox-button-text\">\u0427\u0418\u0422\u0410\u0422\u042c \u0414\u0410\u041b\u0415\u0415<\/span>\n                            <\/a>\n        <\/div>\n            <\/div>\n            <\/div>\n\n\t\t\t\t\t\t<\/div>\n\t\t\t\t<\/div>\n\t\t\t\t\t<\/div>\n\t\t<\/div>\n\t\t\t\t<div class=\"elementor-column elementor-col-25 elementor-inner-column elementor-element elementor-element-204290c\" data-id=\"204290c\" data-element_type=\"column\" data-e-type=\"column\">\n\t\t\t<div class=\"elementor-widget-wrap elementor-element-populated\">\n\t\t\t\t\t\t<div class=\"elementor-element elementor-element-e1bf12b eael-infobox-content-align--left animated-slow eael-infobox-shape-radius eael-infobox-hover-img-shape-radius elementor-invisible elementor-widget elementor-widget-eael-info-box\" data-id=\"e1bf12b\" data-element_type=\"widget\" data-e-type=\"widget\" data-settings=\"{&quot;_animation&quot;:&quot;fadeInUp&quot;}\" data-widget_type=\"eael-info-box.default\">\n\t\t\t\t<div class=\"elementor-widget-container\">\n\t\t\t\t\t        <div class=\"eael-infobox icon-on-top\">\n\t            <div class=\"infobox-icon\">\n\n                            <img decoding=\"async\" src=\"https:\/\/www.ff.unipo.sk\/slovotvorna-komisia\/wp-content\/uploads\/2024\/05\/lublana.jpg\" alt=\"\">\n            \n            \n            \n        <\/div>\n            <div class=\"infobox-content\">\n                    <div class=\"infobox-title-section\">\n                <h2 class=\"title\">17. \u2013 20. 9. 2024<hr><\/h2>            <\/div>\n            <div><p>Stopenjsko besedotvorje<\/p><p>\u00a0<\/p><\/div>        <div class=\"infobox-button\">\n            <a class=\"eael-infobox-button\" href=\"https:\/\/www.ff.unipo.sk\/slovotvorna-komisia\/ru\/%d0%ba%d0%be%d0%bd%d1%84%d0%b5%d1%80%d0%b5%d0%bd%d1%86%d0%b8%d1%8f-2024\/\">\n                                                <span class=\"infobox-button-text\">\u0427\u0418\u0422\u0410\u0422\u042c \u0414\u0410\u041b\u0415\u0415<\/span>\n                            <\/a>\n        <\/div>\n            <\/div>\n            <\/div>\n\n\t\t\t\t\t\t<\/div>\n\t\t\t\t<\/div>\n\t\t\t\t\t<\/div>\n\t\t<\/div>\n\t\t\t\t\t<\/div>\n\t\t<\/section>\n\t\t\t\t\t<\/div>\n\t\t<\/div>\n\t\t\t\t\t<\/div>\n\t\t<\/section>\n\t\t\t\t<section class=\"elementor-section elementor-top-section elementor-element elementor-element-53e855c6 elementor-section-boxed elementor-section-height-default elementor-section-height-default\" data-id=\"53e855c6\" data-element_type=\"section\" data-e-type=\"section\" id=\"footer_section\" data-settings=\"{&quot;background_background&quot;:&quot;classic&quot;}\">\n\t\t\t\t\t\t<div class=\"elementor-container elementor-column-gap-default\">\n\t\t\t\t\t<div class=\"elementor-column elementor-col-100 elementor-top-column elementor-element elementor-element-3c40b903\" data-id=\"3c40b903\" data-element_type=\"column\" data-e-type=\"column\">\n\t\t\t<div class=\"elementor-widget-wrap elementor-element-populated\">\n\t\t\t\t\t\t<section class=\"elementor-section elementor-inner-section elementor-element elementor-element-35d3f8e3 elementor-section-content-middle elementor-section-full_width elementor-section-height-default elementor-section-height-default\" data-id=\"35d3f8e3\" data-element_type=\"section\" data-e-type=\"section\">\n\t\t\t\t\t\t<div class=\"elementor-container elementor-column-gap-no\">\n\t\t\t\t\t<div class=\"elementor-column elementor-col-50 elementor-inner-column elementor-element elementor-element-464a4bdf\" data-id=\"464a4bdf\" data-element_type=\"column\" data-e-type=\"column\">\n\t\t\t<div class=\"elementor-widget-wrap elementor-element-populated\">\n\t\t\t\t\t\t<div class=\"elementor-element elementor-element-370cac30 elementor-widget elementor-widget-text-editor\" data-id=\"370cac30\" data-element_type=\"widget\" data-e-type=\"widget\" data-widget_type=\"text-editor.default\">\n\t\t\t\t<div class=\"elementor-widget-container\">\n\t\t\t\t\t\t\t\t\t<p style=\"text-align: left;\"><span style=\"color: #ff0003;\">\u00a9 2024 \u2013 2026 | \u041a\u041e\u041c\u0418\u0421\u0421\u0418\u042f \u041f\u041e \u0421\u041b\u0410\u0412\u042f\u041d\u0421\u041a\u041e\u041c\u0423 \u0421\u041b\u041e\u0412\u041e\u041e\u0411\u0420\u0410\u0417\u041e\u0412\u0410\u041d\u0418\u042e <\/span><\/p>\t\t\t\t\t\t\t\t<\/div>\n\t\t\t\t<\/div>\n\t\t\t\t\t<\/div>\n\t\t<\/div>\n\t\t\t\t<div class=\"elementor-column elementor-col-50 elementor-inner-column elementor-element elementor-element-5e274f9\" data-id=\"5e274f9\" data-element_type=\"column\" data-e-type=\"column\">\n\t\t\t<div class=\"elementor-widget-wrap elementor-element-populated\">\n\t\t\t\t\t\t<div class=\"elementor-element elementor-element-6c1d3a9b elementor-widget elementor-widget-text-editor\" data-id=\"6c1d3a9b\" data-element_type=\"widget\" data-e-type=\"widget\" data-widget_type=\"text-editor.default\">\n\t\t\t\t<div class=\"elementor-widget-container\">\n\t\t\t\t\t\t\t\t\t<p style=\"text-align: right;\"><span style=\"color: #ff0003;\">webdesign \u00a9 2024 \u2013 2026 Marianna Kraviarov\u00e1<\/span><\/p>\t\t\t\t\t\t\t\t<\/div>\n\t\t\t\t<\/div>\n\t\t\t\t\t<\/div>\n\t\t<\/div>\n\t\t\t\t\t<\/div>\n\t\t<\/section>\n\t\t\t\t\t<\/div>\n\t\t<\/div>\n\t\t\t\t\t<\/div>\n\t\t<\/section>\n\t\t\t\t<\/div>\n\t\t","protected":false},"excerpt":{"rendered":"<p>\u041a\u041e\u041c\u0418\u0421\u0421\u0418\u042f \u041f\u041e \u0421\u041b\u0410\u0412\u042f\u041d\u0421\u041a\u041e\u041c\u0423 \u0421\u041b\u041e\u0412\u041e\u041e\u0411\u0420\u0410\u0417\u041e\u0412\u0410\u041d\u0418\u042e \u041f\u0420\u0418 \u041c\u0415\u0416\u0414\u0423\u041d\u0410\u0420\u041e\u0414\u041d\u041e\u041c \u041a\u041e\u041c\u0418\u0422\u0415\u0422\u0415 \u0421\u041b\u0410\u0412\u0418\u0421\u0422\u041e\u0412 \u041d\u041e\u0412\u041e\u0421\u0422\u0418 11. \u2013 16. 5. 2026 \u0421\u043b\u043e\u0432\u043e\u043e\u0431\u0440\u0430\u0437\u0443\u0432\u0430\u043d\u0435\u0442\u043e \u043d\u0430 \u0441\u043b\u0430\u0432\u044f\u043d\u0441\u043a\u0438\u0442\u0435 \u0435\u0437\u0438\u0446\u0438 \u2013 \u0430\u043a\u0442\u0443\u0430\u043b\u043d\u0438 \u043f\u0440\u043e\u0431\u043b\u0435\u043c\u0438 \u0438 \u043f\u0435\u0440\u0441\u043f\u0435\u043a\u0442\u0438\u0432\u0438 \u0427\u0418\u0422\u0410\u0422\u042c \u0414\u0410\u041b\u0415\u0415 \u0422\u0415\u041d\u0414\u0415\u041d\u0426\u0418\u0418 \u0412\u041e \u0417\u0411\u041e\u0420\u041e\u041e\u0411\u0420\u0410\u0417\u0423\u0412\u0410\u040a\u0415\u0422\u041e \u041d\u0410 \u0413\u041b\u0410\u0413\u041e\u041b\u0418\u0422\u0415 \u0412\u041e \u0421\u041b\u041e\u0412\u0415\u041d\u0421\u041a\u0418\u0422\u0415 \u0408\u0410\u0417\u0418\u0426\u0418 Vy\u0161iel zborn\u00edk z konferencie v Ochride (2023) \u0427\u0418\u0422\u0410\u0422\u042c \u0414\u0410\u041b\u0415\u0415 \u010cESK\u00c1 SLOVOTVORN\u00c1 KONCEPCE V KONTEXTU SLOVANSK\u00c9 JAZYKOV\u011aDY Vy\u0161la kolekt\u00edvna monografia \u0427\u0418\u0422\u0410\u0422\u042c \u0414\u0410\u041b\u0415\u0415 17. [&hellip;]<\/p>\n","protected":false},"author":1,"featured_media":0,"parent":0,"menu_order":0,"comment_status":"closed","ping_status":"closed","template":"","meta":{"footnotes":""},"class_list":["post-2027","page","type-page","status-publish","hentry"],"_links":{"self":[{"href":"https:\/\/www.ff.unipo.sk\/slovotvorna-komisia\/wp-json\/wp\/v2\/pages\/2027","targetHints":{"allow":["GET"]}}],"collection":[{"href":"https:\/\/www.ff.unipo.sk\/slovotvorna-komisia\/wp-json\/wp\/v2\/pages"}],"about":[{"href":"https:\/\/www.ff.unipo.sk\/slovotvorna-komisia\/wp-json\/wp\/v2\/types\/page"}],"author":[{"embeddable":true,"href":"https:\/\/www.ff.unipo.sk\/slovotvorna-komisia\/wp-json\/wp\/v2\/users\/1"}],"replies":[{"embeddable":true,"href":"https:\/\/www.ff.unipo.sk\/slovotvorna-komisia\/wp-json\/wp\/v2\/comments?post=2027"}],"version-history":[{"count":40,"href":"https:\/\/www.ff.unipo.sk\/slovotvorna-komisia\/wp-json\/wp\/v2\/pages\/2027\/revisions"}],"predecessor-version":[{"id":3634,"href":"https:\/\/www.ff.unipo.sk\/slovotvorna-komisia\/wp-json\/wp\/v2\/pages\/2027\/revisions\/3634"}],"wp:attachment":[{"href":"https:\/\/www.ff.unipo.sk\/slovotvorna-komisia\/wp-json\/wp\/v2\/media?parent=2027"}],"curies":[{"name":"wp","href":"https:\/\/api.w.org\/{rel}","templated":true}]}}