{"id":2032,"date":"2024-05-07T16:43:28","date_gmt":"2024-05-07T14:43:28","guid":{"rendered":"https:\/\/www.ff.unipo.sk\/slovotvorna-komisia\/?page_id=2032"},"modified":"2026-02-23T15:20:09","modified_gmt":"2026-02-23T14:20:09","slug":"%d0%bf%d1%83%d0%b1%d0%bb%d0%b8%d0%ba%d0%b0%d1%86%d0%b8%d0%b8","status":"publish","type":"page","link":"https:\/\/www.ff.unipo.sk\/slovotvorna-komisia\/ru\/%d0%bf%d1%83%d0%b1%d0%bb%d0%b8%d0%ba%d0%b0%d1%86%d0%b8%d0%b8\/","title":{"rendered":"\u041f\u0423\u0411\u041b\u0418\u041a\u0410\u0426\u0418\u0418"},"content":{"rendered":"\t\t<div data-elementor-type=\"wp-page\" data-elementor-id=\"2032\" class=\"elementor elementor-2032\">\n\t\t\t\t\t\t<section class=\"elementor-section elementor-top-section elementor-element elementor-element-92e8863 elementor-section-content-middle elementor-section-boxed elementor-section-height-default elementor-section-height-default\" data-id=\"92e8863\" data-element_type=\"section\" data-e-type=\"section\" data-settings=\"{&quot;background_background&quot;:&quot;classic&quot;}\">\n\t\t\t\t\t\t\t<div class=\"elementor-background-overlay\"><\/div>\n\t\t\t\t\t\t\t<div class=\"elementor-container elementor-column-gap-no\">\n\t\t\t\t\t<div class=\"elementor-column elementor-col-100 elementor-top-column elementor-element elementor-element-fc4e00e\" data-id=\"fc4e00e\" data-element_type=\"column\" data-e-type=\"column\">\n\t\t\t<div class=\"elementor-widget-wrap elementor-element-populated\">\n\t\t\t\t<div class=\"elementor-element elementor-element-c7da904 e-grid e-con-boxed e-con e-parent\" data-id=\"c7da904\" data-element_type=\"container\" data-e-type=\"container\">\n\t\t\t\t\t<div class=\"e-con-inner\">\n\t\t\t\t<div class=\"elementor-element elementor-element-5a61a8f elementor-widget elementor-widget-heading\" data-id=\"5a61a8f\" data-element_type=\"widget\" data-e-type=\"widget\" data-widget_type=\"heading.default\">\n\t\t\t\t<div class=\"elementor-widget-container\">\n\t\t\t\t\t<h2 class=\"elementor-heading-title elementor-size-default\">\u041a\u041e\u041c\u0418\u0421\u0421\u0418\u042f \u041f\u041e \u0421\u041b\u0410\u0412\u042f\u041d\u0421\u041a\u041e\u041c\u0423 \u0421\u041b\u041e\u0412\u041e\u041e\u0411\u0420\u0410\u0417\u041e\u0412\u0410\u041d\u0418\u042e<\/h2>\t\t\t\t<\/div>\n\t\t\t\t<\/div>\n\t\t\t\t<div class=\"elementor-element elementor-element-0c7ff8a elementor-widget elementor-widget-text-editor\" data-id=\"0c7ff8a\" data-element_type=\"widget\" data-e-type=\"widget\" data-widget_type=\"text-editor.default\">\n\t\t\t\t<div class=\"elementor-widget-container\">\n\t\t\t\t\t\t\t\t\t<p>\u041f\u0420\u0418 \u041c\u0415\u0416\u0414\u0423\u041d\u0410\u0420\u041e\u0414\u041d\u041e\u041c \u041a\u041e\u041c\u0418\u0422\u0415\u0422\u0415 \u0421\u041b\u0410\u0412\u0418\u0421\u0422\u041e\u0412<\/p>\t\t\t\t\t\t\t\t<\/div>\n\t\t\t\t<\/div>\n\t\t\t\t\t<\/div>\n\t\t\t\t<\/div>\n\t\t\t\t\t<\/div>\n\t\t<\/div>\n\t\t\t\t\t<\/div>\n\t\t<\/section>\n\t\t<div class=\"elementor-element elementor-element-fa458b4 e-flex e-con-boxed e-con e-parent\" data-id=\"fa458b4\" data-element_type=\"container\" data-e-type=\"container\" data-settings=\"{&quot;animation&quot;:&quot;none&quot;}\">\n\t\t\t\t\t<div class=\"e-con-inner\">\n\t\t\t\t<div class=\"elementor-element elementor-element-58424fc elementor-widget__width-inherit elementor-widget elementor-widget-heading\" data-id=\"58424fc\" data-element_type=\"widget\" data-e-type=\"widget\" data-settings=\"{&quot;_animation&quot;:&quot;none&quot;}\" data-widget_type=\"heading.default\">\n\t\t\t\t<div class=\"elementor-widget-container\">\n\t\t\t\t\t<h2 class=\"elementor-heading-title elementor-size-default\">\u041f\u0423\u0411\u041b\u0418\u041a\u0410\u0426\u0418\u0418<\/h2>\t\t\t\t<\/div>\n\t\t\t\t<\/div>\n\t\t\t\t\t<\/div>\n\t\t\t\t<\/div>\n\t\t<div class=\"elementor-element elementor-element-5b8c431 e-flex e-con-boxed e-con e-parent\" data-id=\"5b8c431\" data-element_type=\"container\" data-e-type=\"container\">\n\t\t\t\t\t<div class=\"e-con-inner\">\n\t\t\t\t<div class=\"elementor-element elementor-element-a895964 elementor-widget__width-inherit elementor-widget elementor-widget-heading\" data-id=\"a895964\" data-element_type=\"widget\" data-e-type=\"widget\" data-settings=\"{&quot;_animation&quot;:&quot;none&quot;}\" data-widget_type=\"heading.default\">\n\t\t\t\t<div class=\"elementor-widget-container\">\n\t\t\t\t\t<h2 class=\"elementor-heading-title elementor-size-default\">\u041c\u0410\u0422\u0415\u0420\u0418\u0410\u041b\u042b \u041a\u041e\u041d\u0424\u0415\u0420\u0415\u041d\u0426\u0418\u0419, \u041e\u0420\u0413\u0410\u041d\u0418\u0417\u041e\u0412\u0410\u041d\u041d\u042b\u0425 \u041a\u041e\u041c\u0418\u0421\u0421\u0418\u0415\u0419<\/h2>\t\t\t\t<\/div>\n\t\t\t\t<\/div>\n\t\t\t\t<div class=\"elementor-element elementor-element-790e891 elementor-widget elementor-widget-text-editor\" data-id=\"790e891\" data-element_type=\"widget\" data-e-type=\"widget\" data-widget_type=\"text-editor.default\">\n\t\t\t\t<div class=\"elementor-widget-container\">\n\t\t\t\t\t\t\t\t\t<ul><li><a href=\"https:\/\/www.ff.unipo.sk\/slovotvorna-komisia\/wp-content\/uploads\/2024\/11\/23-Ochrid-2023.pdf\" target=\"_blank\" rel=\"noopener\">2023<\/a> (Ochrid)<\/li><li><a href=\"https:\/\/www.pulib.sk\/web\/kniznica\/elpub\/dokument\/Olostiak26\" target=\"_blank\" rel=\"noopener\">2021<\/a> (Pre\u0161ov)<\/li><li><a href=\"https:\/\/www.ff.unipo.sk\/slovotvorna-komisia\/wp-content\/uploads\/2024\/05\/20-Warszawa-2020.pdf\" target=\"_blank\" rel=\"noopener\">2020<\/a> (Warszawa)<\/li><li><a href=\"https:\/\/www.ff.unipo.sk\/slovotvorna-komisia\/wp-content\/uploads\/2024\/05\/19-Minsk-2019.pdf\" target=\"_blank\" rel=\"noopener\">2019<\/a> (Minsk)<\/li><li><a href=\"https:\/\/www.ff.unipo.sk\/slovotvorna-komisia\/wp-content\/uploads\/2024\/05\/18-Sarajevo-2018.pdf\" target=\"_blank\" rel=\"noopener\">2018<\/a> (Sarajevo)<\/li><li><a href=\"https:\/\/www.ff.unipo.sk\/slovotvorna-komisia\/wp-content\/uploads\/2024\/05\/17-Graz-2016.pdf\" target=\"_blank\" rel=\"noopener\">2016<\/a> (Graz)<\/li><li><a href=\"https:\/\/www.ff.unipo.sk\/slovotvorna-komisia\/wp-content\/uploads\/2024\/05\/16-Maribor-2015.pdf\" target=\"_blank\" rel=\"noopener\">2015<\/a> (Maribor)<\/li><li><a href=\"https:\/\/www.ff.unipo.sk\/slovotvorna-komisia\/wp-content\/uploads\/2024\/05\/14-Belehrad-2012.pdf\" target=\"_blank\" rel=\"noopener\">2012<\/a> (Belehrad)<\/li><li><a href=\"https:\/\/www.ff.unipo.sk\/slovotvorna-komisia\/wp-content\/uploads\/2024\/05\/12-Kyjev-2010.pdf\" target=\"_blank\" rel=\"noopener\">2010<\/a> (Kyjev)<\/li><li><a href=\"https:\/\/www.ff.unipo.sk\/slovotvorna-komisia\/wp-content\/uploads\/2024\/05\/11-Moskva-2009.pdf\" target=\"_blank\" rel=\"noopener\">2009<\/a> (Moskva)<\/li><li><a href=\"https:\/\/www.ff.unipo.sk\/slovotvorna-komisia\/wp-content\/uploads\/2024\/05\/09-Minsk-2006.pdf\" target=\"_blank\" rel=\"noopener\">2006<\/a> (Minsk)<\/li><li><a href=\"https:\/\/www.ff.unipo.sk\/slovotvorna-komisia\/wp-content\/uploads\/2024\/05\/07-Bratislava-2004.pdf\" target=\"_blank\" rel=\"noopener\">2004<\/a> (Bratislava)<\/li><\/ul>\t\t\t\t\t\t\t\t<\/div>\n\t\t\t\t<\/div>\n\t\t\t\t\t<\/div>\n\t\t\t\t<\/div>\n\t\t<div class=\"elementor-element elementor-element-4a7dc73 e-flex e-con-boxed e-con e-parent\" data-id=\"4a7dc73\" data-element_type=\"container\" data-e-type=\"container\">\n\t\t\t\t\t<div class=\"e-con-inner\">\n\t\t\t\t<div class=\"elementor-element elementor-element-3e2b16b elementor-widget-divider--view-line elementor-widget elementor-widget-divider\" data-id=\"3e2b16b\" data-element_type=\"widget\" data-e-type=\"widget\" data-widget_type=\"divider.default\">\n\t\t\t\t<div class=\"elementor-widget-container\">\n\t\t\t\t\t\t\t<div class=\"elementor-divider\">\n\t\t\t<span class=\"elementor-divider-separator\">\n\t\t\t\t\t\t<\/span>\n\t\t<\/div>\n\t\t\t\t\t\t<\/div>\n\t\t\t\t<\/div>\n\t\t\t\t\t<\/div>\n\t\t\t\t<\/div>\n\t\t<div class=\"elementor-element elementor-element-1924815 e-flex e-con-boxed e-con e-parent\" data-id=\"1924815\" data-element_type=\"container\" data-e-type=\"container\">\n\t\t\t\t\t<div class=\"e-con-inner\">\n\t\t\t\t<div class=\"elementor-element elementor-element-f188e89 elementor-widget__width-inherit elementor-widget elementor-widget-heading\" data-id=\"f188e89\" data-element_type=\"widget\" data-e-type=\"widget\" data-settings=\"{&quot;_animation&quot;:&quot;none&quot;}\" data-widget_type=\"heading.default\">\n\t\t\t\t<div class=\"elementor-widget-container\">\n\t\t\t\t\t<h2 class=\"elementor-heading-title elementor-size-default\">\u0414\u0410\u041b\u042c\u041d\u0415\u0419\u0428\u0418\u0415 \u041f\u0423\u0411\u041b\u0418\u041a\u0410\u0426\u0418\u0418<\/h2>\t\t\t\t<\/div>\n\t\t\t\t<\/div>\n\t\t\t\t<div class=\"elementor-element elementor-element-2909898 elementor-widget elementor-widget-text-editor\" data-id=\"2909898\" data-element_type=\"widget\" data-e-type=\"widget\" data-widget_type=\"text-editor.default\">\n\t\t\t\t<div class=\"elementor-widget-container\">\n\t\t\t\t\t\t\t\t\t<ul><li><a href=\"https:\/\/www.ff.unipo.sk\/slovotvorna-komisia\/wp-content\/uploads\/2024\/05\/Przejawy-internacjonalizacji-Koriakowcewa-2009.pdf\" target=\"_blank\" rel=\"noopener\">Przejawy internacjonalizacji w j\u0119zykach s\u0142owia\u0144skich<\/a>\u00a0(ed. Koriakowcewa, 2009)<\/li><li><a href=\"https:\/\/www.ff.unipo.sk\/slovotvorna-komisia\/wp-content\/uploads\/2024\/05\/Slowotworstwo-a-nowe-style-2013.pdf\" target=\"_blank\" rel=\"noopener\">S\u0142owotw\u00f3rstwo a nowe style funkcjonalne j\u0119zyk\u00f3w s\u0142owia\u0144skich<\/a> (ed. Koriakowcewa, 2013) \u2013 tematick\u00e1 sekcia (XV International Congress of Slavists, Minsk 2013)<\/li><li><span style=\"color: #000000;\"><a href=\"https:\/\/www.ff.unipo.sk\/slovotvorna-komisia\/wp-content\/uploads\/2024\/05\/Glabalizacija-i-slavianskaje-slovautvarenne-2019.pdf\" target=\"_blank\" rel=\"noopener\">\u0413\u043b\u0430\u0431\u0430\u043b\u0456\u0437\u0430\u0446\u044b\u044f \u0456 \u0441\u043b\u0430\u0432\u044f\u043d\u0441\u043a\u0430\u0435 \u0441\u043b\u043e\u0432\u0430\u045e\u0442\u0432\u0430\u0440\u044d\u043d\u043d\u0435<\/a>\u00a0(ed. Luka\u0161anec, 2019) \u2013 tematick\u00e1 sekcia (XVI International Congress of Slavists, Beograd 2018)<\/span><\/li><li><a href=\"https:\/\/www.ff.unipo.sk\/slovotvorna-komisia\/wp-content\/uploads\/2026\/01\/Movy-i-movoznavstvo.pdf\">\u041c\u043e\u0432\u0438 i \u043c\u043e\u0432\u043e\u0437\u043d\u0430\u0432\u0441\u0442\u0432\u043e \u0443 \u0425\u0425I \u0441\u0442\u043e\u043bi\u0442\u0442i&#8230; <\/a>\u00a0(eds. Karpilovska \u2013 Kys\u013euk, 2025)<\/li><li><a href=\"https:\/\/www.ff.unipo.sk\/slovotvorna-komisia\/wp-content\/uploads\/2026\/01\/Derivaciona-gnezda-2025.pdf\">\u0414\u0435\u0440\u0438\u0432\u0430\u0446\u0438\u043e\u043d\u0430 \u0433\u043d\u0435\u0437\u0434\u0430 \u0443 \u0441\u043b\u043e\u0432\u0435\u043d\u0441\u043a\u0438\u043c \u0458\u0435\u0437\u0438\u0446\u0438\u043c\u0430: \u0441\u0438\u0441\u0442\u0435\u043c\u043d\u043e\u0441\u0442 \u0442\u0432\u043e\u0440\u0431\u0435\u043d\u0435 \u043f\u0440\u043e\u0434\u0443\u043a\u0442\u0438\u0432\u043d\u043e\u0441\u0442\u0438<\/a> (ed. Dragi\u0107evi\u0107, 2025) \u2013 tematick\u00e1 sekcia (XVII International Congress of Slavists, Paris 2025)<\/li><li><a href=\"https:\/\/www.ff.unipo.sk\/slovotvorna-komisia\/wp-content\/uploads\/2026\/01\/Tvorba-promena.pdf\">T\u0432\u043e\u0440\u0431\u0430, \u043f\u0440\u043e\u043c\u0435\u043d\u0430 \u0438 \u043d\u043e\u0440\u043c\u0430 \u0443 \u0458\u0435\u0437\u0438\u0447\u043a\u043e\u043c \u0441\u0438\u0441\u0442\u0435\u043c\u0443&#8230;\u00a0<\/a> (eds. Milanovi\u0107 \u2013 Dragi\u0107evi\u0107 \u2013 Brbori\u0107\u2013 Macanovi\u0107, 2025)<\/li><li><a href=\"https:\/\/www.ff.unipo.sk\/slovotvorna-komisia\/wp-content\/uploads\/2026\/02\/Onomaziologicke-aspekty-z-porovnavacieho-pohladu-2025.pdf\">Onomaziologick\u00e9 aspekty z porovnav\u00e1cieho poh\u013eadu&#8230; <\/a> (ed. Olo\u0161tiak, 2025)<\/li><\/ul>\t\t\t\t\t\t\t\t<\/div>\n\t\t\t\t<\/div>\n\t\t\t\t\t<\/div>\n\t\t\t\t<\/div>\n\t\t\t\t<section class=\"elementor-section elementor-top-section elementor-element elementor-element-7c6bdac2 elementor-section-boxed elementor-section-height-default elementor-section-height-default\" data-id=\"7c6bdac2\" data-element_type=\"section\" data-e-type=\"section\" id=\"footer_section\" data-settings=\"{&quot;background_background&quot;:&quot;classic&quot;}\">\n\t\t\t\t\t\t<div class=\"elementor-container elementor-column-gap-default\">\n\t\t\t\t\t<div class=\"elementor-column elementor-col-100 elementor-top-column elementor-element elementor-element-5f2960ff\" data-id=\"5f2960ff\" data-element_type=\"column\" data-e-type=\"column\">\n\t\t\t<div class=\"elementor-widget-wrap elementor-element-populated\">\n\t\t\t\t\t\t<section class=\"elementor-section elementor-inner-section elementor-element elementor-element-40f57f5a elementor-section-content-middle elementor-section-full_width elementor-section-height-default elementor-section-height-default\" data-id=\"40f57f5a\" data-element_type=\"section\" data-e-type=\"section\">\n\t\t\t\t\t\t<div class=\"elementor-container elementor-column-gap-no\">\n\t\t\t\t\t<div class=\"elementor-column elementor-col-50 elementor-inner-column elementor-element elementor-element-1cf4ac38\" data-id=\"1cf4ac38\" data-element_type=\"column\" data-e-type=\"column\">\n\t\t\t<div class=\"elementor-widget-wrap elementor-element-populated\">\n\t\t\t\t\t\t<div class=\"elementor-element elementor-element-3c3601d3 elementor-widget elementor-widget-text-editor\" data-id=\"3c3601d3\" data-element_type=\"widget\" data-e-type=\"widget\" data-widget_type=\"text-editor.default\">\n\t\t\t\t<div class=\"elementor-widget-container\">\n\t\t\t\t\t\t\t\t\t<p style=\"text-align: left;\"><span style=\"color: #ff0003;\">\u00a9 2024 \u2013 2026 | \u041a\u041e\u041c\u0418\u0421\u0421\u0418\u042f \u041f\u041e \u0421\u041b\u0410\u0412\u042f\u041d\u0421\u041a\u041e\u041c\u0423 \u0421\u041b\u041e\u0412\u041e\u041e\u0411\u0420\u0410\u0417\u041e\u0412\u0410\u041d\u0418\u042e <\/span><\/p>\t\t\t\t\t\t\t\t<\/div>\n\t\t\t\t<\/div>\n\t\t\t\t\t<\/div>\n\t\t<\/div>\n\t\t\t\t<div class=\"elementor-column elementor-col-50 elementor-inner-column elementor-element elementor-element-7d708633\" data-id=\"7d708633\" data-element_type=\"column\" data-e-type=\"column\">\n\t\t\t<div class=\"elementor-widget-wrap elementor-element-populated\">\n\t\t\t\t\t\t<div class=\"elementor-element elementor-element-e2120c3 elementor-widget elementor-widget-text-editor\" data-id=\"e2120c3\" data-element_type=\"widget\" data-e-type=\"widget\" data-widget_type=\"text-editor.default\">\n\t\t\t\t<div class=\"elementor-widget-container\">\n\t\t\t\t\t\t\t\t\t<p style=\"text-align: right;\"><span style=\"color: #ff0003;\">webdesign \u00a9 2024 \u2013 2026 Marianna Kraviarov\u00e1<\/span><\/p>\t\t\t\t\t\t\t\t<\/div>\n\t\t\t\t<\/div>\n\t\t\t\t\t<\/div>\n\t\t<\/div>\n\t\t\t\t\t<\/div>\n\t\t<\/section>\n\t\t\t\t\t<\/div>\n\t\t<\/div>\n\t\t\t\t\t<\/div>\n\t\t<\/section>\n\t\t\t\t<\/div>\n\t\t","protected":false},"excerpt":{"rendered":"<p>\u041a\u041e\u041c\u0418\u0421\u0421\u0418\u042f \u041f\u041e \u0421\u041b\u0410\u0412\u042f\u041d\u0421\u041a\u041e\u041c\u0423 \u0421\u041b\u041e\u0412\u041e\u041e\u0411\u0420\u0410\u0417\u041e\u0412\u0410\u041d\u0418\u042e \u041f\u0420\u0418 \u041c\u0415\u0416\u0414\u0423\u041d\u0410\u0420\u041e\u0414\u041d\u041e\u041c \u041a\u041e\u041c\u0418\u0422\u0415\u0422\u0415 \u0421\u041b\u0410\u0412\u0418\u0421\u0422\u041e\u0412 \u041f\u0423\u0411\u041b\u0418\u041a\u0410\u0426\u0418\u0418 \u041c\u0410\u0422\u0415\u0420\u0418\u0410\u041b\u042b \u041a\u041e\u041d\u0424\u0415\u0420\u0415\u041d\u0426\u0418\u0419, \u041e\u0420\u0413\u0410\u041d\u0418\u0417\u041e\u0412\u0410\u041d\u041d\u042b\u0425 \u041a\u041e\u041c\u0418\u0421\u0421\u0418\u0415\u0419 2023 (Ochrid) 2021 (Pre\u0161ov) 2020 (Warszawa) 2019 (Minsk) 2018 (Sarajevo) 2016 (Graz) 2015 (Maribor) 2012 (Belehrad) 2010 (Kyjev) 2009 (Moskva) 2006 (Minsk) 2004 (Bratislava) \u0414\u0410\u041b\u042c\u041d\u0415\u0419\u0428\u0418\u0415 \u041f\u0423\u0411\u041b\u0418\u041a\u0410\u0426\u0418\u0418 Przejawy internacjonalizacji w j\u0119zykach s\u0142owia\u0144skich\u00a0(ed. Koriakowcewa, 2009) S\u0142owotw\u00f3rstwo a nowe style funkcjonalne j\u0119zyk\u00f3w s\u0142owia\u0144skich (ed. Koriakowcewa, [&hellip;]<\/p>\n","protected":false},"author":1,"featured_media":0,"parent":0,"menu_order":0,"comment_status":"closed","ping_status":"closed","template":"","meta":{"footnotes":""},"class_list":["post-2032","page","type-page","status-publish","hentry"],"_links":{"self":[{"href":"https:\/\/www.ff.unipo.sk\/slovotvorna-komisia\/wp-json\/wp\/v2\/pages\/2032","targetHints":{"allow":["GET"]}}],"collection":[{"href":"https:\/\/www.ff.unipo.sk\/slovotvorna-komisia\/wp-json\/wp\/v2\/pages"}],"about":[{"href":"https:\/\/www.ff.unipo.sk\/slovotvorna-komisia\/wp-json\/wp\/v2\/types\/page"}],"author":[{"embeddable":true,"href":"https:\/\/www.ff.unipo.sk\/slovotvorna-komisia\/wp-json\/wp\/v2\/users\/1"}],"replies":[{"embeddable":true,"href":"https:\/\/www.ff.unipo.sk\/slovotvorna-komisia\/wp-json\/wp\/v2\/comments?post=2032"}],"version-history":[{"count":31,"href":"https:\/\/www.ff.unipo.sk\/slovotvorna-komisia\/wp-json\/wp\/v2\/pages\/2032\/revisions"}],"predecessor-version":[{"id":3755,"href":"https:\/\/www.ff.unipo.sk\/slovotvorna-komisia\/wp-json\/wp\/v2\/pages\/2032\/revisions\/3755"}],"wp:attachment":[{"href":"https:\/\/www.ff.unipo.sk\/slovotvorna-komisia\/wp-json\/wp\/v2\/media?parent=2032"}],"curies":[{"name":"wp","href":"https:\/\/api.w.org\/{rel}","templated":true}]}}