{"id":2654,"date":"2024-05-26T23:35:07","date_gmt":"2024-05-26T21:35:07","guid":{"rendered":"https:\/\/www.ff.unipo.sk\/slovotvorna-komisia\/?page_id=2654"},"modified":"2026-01-28T21:39:18","modified_gmt":"2026-01-28T20:39:18","slug":"janockova","status":"publish","type":"page","link":"https:\/\/www.ff.unipo.sk\/slovotvorna-komisia\/clenovia-komisie\/janockova\/","title":{"rendered":"Nicol JANO\u010cKOV\u00c1"},"content":{"rendered":"\t\t<div data-elementor-type=\"wp-page\" data-elementor-id=\"2654\" class=\"elementor elementor-2654\">\n\t\t\t\t\t\t<section class=\"elementor-section elementor-top-section elementor-element elementor-element-92e8863 elementor-section-content-middle elementor-section-boxed elementor-section-height-default elementor-section-height-default\" data-id=\"92e8863\" data-element_type=\"section\" data-e-type=\"section\" data-settings=\"{&quot;background_background&quot;:&quot;classic&quot;}\">\n\t\t\t\t\t\t\t<div class=\"elementor-background-overlay\"><\/div>\n\t\t\t\t\t\t\t<div class=\"elementor-container elementor-column-gap-no\">\n\t\t\t\t\t<div class=\"elementor-column elementor-col-100 elementor-top-column elementor-element elementor-element-fc4e00e\" data-id=\"fc4e00e\" data-element_type=\"column\" data-e-type=\"column\">\n\t\t\t<div class=\"elementor-widget-wrap elementor-element-populated\">\n\t\t\t\t<div class=\"elementor-element elementor-element-c7da904 e-grid e-con-boxed e-con e-parent\" data-id=\"c7da904\" data-element_type=\"container\" data-e-type=\"container\">\n\t\t\t\t\t<div class=\"e-con-inner\">\n\t\t\t\t<div class=\"elementor-element elementor-element-5a61a8f elementor-widget elementor-widget-heading\" data-id=\"5a61a8f\" data-element_type=\"widget\" data-e-type=\"widget\" data-widget_type=\"heading.default\">\n\t\t\t\t<div class=\"elementor-widget-container\">\n\t\t\t\t\t<h2 class=\"elementor-heading-title elementor-size-default\">KOMISIA PRE SLOVANSK\u00da SLOVOTVORBU<\/h2>\t\t\t\t<\/div>\n\t\t\t\t<\/div>\n\t\t\t\t<div class=\"elementor-element elementor-element-0c7ff8a elementor-widget elementor-widget-text-editor\" data-id=\"0c7ff8a\" data-element_type=\"widget\" data-e-type=\"widget\" data-widget_type=\"text-editor.default\">\n\t\t\t\t<div class=\"elementor-widget-container\">\n\t\t\t\t\t\t\t\t\t<p>PRI MEDZIN\u00c1RODNOM KOMIT\u00c9TE SLAVISTOV<\/p>\t\t\t\t\t\t\t\t<\/div>\n\t\t\t\t<\/div>\n\t\t\t\t\t<\/div>\n\t\t\t\t<\/div>\n\t\t\t\t\t<\/div>\n\t\t<\/div>\n\t\t\t\t\t<\/div>\n\t\t<\/section>\n\t\t<div class=\"elementor-element elementor-element-fa458b4 e-flex e-con-boxed e-con e-parent\" data-id=\"fa458b4\" data-element_type=\"container\" data-e-type=\"container\" data-settings=\"{&quot;animation&quot;:&quot;none&quot;}\">\n\t\t\t\t\t<div class=\"e-con-inner\">\n\t\t\t\t<div class=\"elementor-element elementor-element-58424fc elementor-widget__width-inherit elementor-widget elementor-widget-heading\" data-id=\"58424fc\" data-element_type=\"widget\" data-e-type=\"widget\" data-settings=\"{&quot;_animation&quot;:&quot;none&quot;}\" data-widget_type=\"heading.default\">\n\t\t\t\t<div class=\"elementor-widget-container\">\n\t\t\t\t\t<h2 class=\"elementor-heading-title elementor-size-default\">Nicol JANO\u010cKOV\u00c1<\/h2>\t\t\t\t<\/div>\n\t\t\t\t<\/div>\n\t\t\t\t\t<\/div>\n\t\t\t\t<\/div>\n\t\t<div class=\"elementor-element elementor-element-39a3d42 e-flex e-con-boxed e-con e-parent\" data-id=\"39a3d42\" data-element_type=\"container\" data-e-type=\"container\">\n\t\t\t\t\t<div class=\"e-con-inner\">\n\t\t<div class=\"elementor-element elementor-element-eb88dd5 e-con-full e-flex e-con e-child\" data-id=\"eb88dd5\" data-element_type=\"container\" data-e-type=\"container\">\n\t\t\t\t<div class=\"elementor-element elementor-element-3f02a20 elementor-widget elementor-widget-text-editor\" data-id=\"3f02a20\" data-element_type=\"widget\" data-e-type=\"widget\" data-widget_type=\"text-editor.default\">\n\t\t\t\t<div class=\"elementor-widget-container\">\n\t\t\t\t\t\t\t\t\t<table width=\"642\">\n<tbody>\n<tr>\n<td width=\"250\"><strong>Krajina \/ Country:<\/strong><\/td>\n<td width=\"392\">Slovensko<\/td>\n<\/tr>\n<tr>\n<td width=\"250\"><strong>Afili\u00e1cia \/ Affiliation:<\/strong><\/td>\n<td width=\"392\">Slovensk\u00e1 akad\u00e9mia vied<br>\n\nJazykovedn\u00fd \u00fastav \u013dudov\u00edta \u0160t\u00fara SAV, v. v. i.<br>\n\nPansk\u00e1 26<br>\n\n811 01 Bratislava 1<br>\n\nSlovensko<\/td>\n<\/tr>\n<tr>\n<td width=\"250\"><strong>E-mail:<\/strong><\/td>\n<td width=\"392\">nicol.janockova@juls.savba.sk<\/td>\n<\/tr>\n<tr>\n<td width=\"250\"><strong>Rok narodenia \/ Year of birth:<\/strong><\/td>\n<td width=\"392\">1978<\/td>\n<\/tr>\n<tr>\n<td width=\"250\"><strong>\u010clen slovotvornej komisie \/ Commission membership:<\/strong><\/td>\n<td width=\"392\">od r. 2009<\/td>\n<\/tr>\n<tr>\n<td width=\"250\"><strong>Akademick\u00e9 hodnosti \/ Academic titles:<\/strong><\/td>\n<td width=\"392\">Mgr. PhD.<\/td>\n<\/tr>\n<tr>\n<td width=\"250\"><strong>ORCID:<\/strong><\/td>\n<td width=\"392\">&nbsp;<\/td>\n<\/tr>\n<tr>\n<td width=\"250\"><strong>V\u00fdskumn\u00e9 zameranie \/ Research interests:<\/strong><\/td>\n<td width=\"392\">v\u00fdkladov\u00e1 lexikografia, lexikol\u00f3gia, slovotvorba, morfol\u00f3gia<\/td>\n<\/tr>\n<tr>\n<td width=\"250\"><strong>Linky \/ Links:<\/strong><\/td>\n<td width=\"392\">\u00dastavn\u00fd profil:<br>\n\n<a href=\"https:\/\/www.sav.sk\/?lang=sk&amp;doc=user-org-user&amp;user_no=3533\">https:\/\/www.sav.sk\/?lang=sk&amp;doc=user-org-user&amp;user_no=3533<\/a><br><br>\nBibliografia:<br>\n\n<a href=\"https:\/\/www.sav.sk\/?lang=sk&amp;doc=user-org-user&amp;user_no=3533&amp;action=publications\">https:\/\/www.sav.sk\/?lang=sk&amp;doc=user-org-user&amp;user_no=3533&amp;action=publications<\/a>\n<\/td>\n<\/tr>\n<\/tbody>\n<\/table>\n\t\t\t\t\t\t\t\t<\/div>\n\t\t\t\t<\/div>\n\t\t\t\t<\/div>\n\t\t<div class=\"elementor-element elementor-element-f12d2e4 e-con-full e-flex e-con e-child\" data-id=\"f12d2e4\" data-element_type=\"container\" data-e-type=\"container\">\n\t\t\t\t<div class=\"elementor-element elementor-element-5fc2edc elementor-widget elementor-widget-image\" data-id=\"5fc2edc\" data-element_type=\"widget\" data-e-type=\"widget\" data-widget_type=\"image.default\">\n\t\t\t\t<div class=\"elementor-widget-container\">\n\t\t\t\t\t\t\t\t\t\t\t\t\t\t\t<img fetchpriority=\"high\" decoding=\"async\" width=\"234\" height=\"300\" src=\"https:\/\/www.ff.unipo.sk\/slovotvorna-komisia\/wp-content\/uploads\/2024\/05\/janockova-foto-X-234x300.jpg\" class=\"attachment-medium size-medium wp-image-2656\" alt=\"\" srcset=\"https:\/\/www.ff.unipo.sk\/slovotvorna-komisia\/wp-content\/uploads\/2024\/05\/janockova-foto-X-234x300.jpg 234w, https:\/\/www.ff.unipo.sk\/slovotvorna-komisia\/wp-content\/uploads\/2024\/05\/janockova-foto-X-798x1024.jpg 798w, https:\/\/www.ff.unipo.sk\/slovotvorna-komisia\/wp-content\/uploads\/2024\/05\/janockova-foto-X-768x986.jpg 768w, https:\/\/www.ff.unipo.sk\/slovotvorna-komisia\/wp-content\/uploads\/2024\/05\/janockova-foto-X.jpg 935w\" sizes=\"(max-width: 234px) 100vw, 234px\" \/>\t\t\t\t\t\t\t\t\t\t\t\t\t\t\t<\/div>\n\t\t\t\t<\/div>\n\t\t\t\t<\/div>\n\t\t\t\t\t<\/div>\n\t\t\t\t<\/div>\n\t\t<div class=\"elementor-element elementor-element-7295fb1 e-flex e-con-boxed e-con e-parent\" data-id=\"7295fb1\" data-element_type=\"container\" data-e-type=\"container\">\n\t\t\t\t\t<div class=\"e-con-inner\">\n\t\t<div class=\"elementor-element elementor-element-450be4c e-flex e-con-boxed e-con e-child\" data-id=\"450be4c\" data-element_type=\"container\" data-e-type=\"container\">\n\t\t\t\t\t<div class=\"e-con-inner\">\n\t\t\t\t<div class=\"elementor-element elementor-element-be0add8 elementor-widget elementor-widget-text-editor\" data-id=\"be0add8\" data-element_type=\"widget\" data-e-type=\"widget\" data-widget_type=\"text-editor.default\">\n\t\t\t\t<div class=\"elementor-widget-container\">\n\t\t\t\t\t\t\t\t\t<h4><span style=\"color: #2c366a;\"><strong>V\u00fdberov\u00e1 bibliografia \/ Selected bibliography<\/strong><\/span><\/h4><p><span style=\"color: #2c366a;\"><strong style=\"background-color: transparent; text-align: var(--text-align);\">I. Kni\u017en\u00e9 publik\u00e1cie (monografie, u\u010debnice, slovn\u00edky) \/ Books (monographs, text-books, dictionaries)<\/strong><\/span><\/p><p><span style=\"color: #2c366a;\"><strong style=\"background-color: transparent; text-align: var(--text-align);\">a) Autor, spoluautor \/ author, co-author<\/strong><\/span><\/p><p>Avramovov\u00e1, M. \u2013 Bal\u00e1\u017eov\u00e1, \u013d. \u2013 Ha\u0161anov\u00e1, J. \u2013 Chocholov\u00e1, B. \u2013 Jano\u010dkov\u00e1, N. \u2013 Jaro\u0161ov\u00e1, A. \u2013 Kon\u010dalov\u00e1, J. \u2013 Ocetov\u00e1, L. \u2013 Oravcov\u00e1, A. \u2013 Petrufov\u00e1, M. \u2013 Porubsk\u00e1, E. \u2013 \u0160ebestov\u00e1, A. \u2013 \u0160ufliarska, A. \u2013 Zvon\u010dekov\u00e1, D.:<em> Slovn\u00edk s\u00fa\u010dasn\u00e9ho slovensk\u00e9ho jazyka. O \u2013 Pn<\/em>. Hl. ved. red. A. Jaro\u0161ov\u00e1. Ved. red. I. Hrubani\u010dov\u00e1 \u2013 M. Ivanov\u00e1. Bratislava 2021. <a href=\"https:\/\/slovnik.juls.savba.sk\/\">Online<\/a>.<\/p><p>Avramovov\u00e1, M. \u2013 Bal\u00e1\u017eov\u00e1, \u013d. \u2013 Ha\u0161anov\u00e1, J. \u2013 Chocholov\u00e1, B. \u2013 Jano\u010dkov\u00e1, N. \u2013 Jaro\u0161ov\u00e1, A. \u2013 Kon\u010dalov\u00e1, J. \u2013 Ocetov\u00e1, L. \u2013 Oravcov\u00e1, A. \u2013 Petrufov\u00e1, M. \u2013 Porubsk\u00e1, E. \u2013 \u0160ebestov\u00e1, A. \u2013 \u0160ufliarska, A. \u2013 Zvon\u010dekov\u00e1, D.:<em> Slovn\u00edk s\u00fa\u010dasn\u00e9ho slovensk\u00e9ho jazyka. M \u2013 N<\/em>. Hl. ved. red. A. Jaro\u0161ov\u00e1. Ved. red. J. Bos\u00e1k \u2013 K. Buz\u00e1ssyov\u00e1 \u2013 A. Jaro\u0161ov\u00e1 \u2013 M. Sokolov\u00e1. Bratislava 2015. <a href=\"https:\/\/slovnik.juls.savba.sk\/\">Online<\/a>.<\/p><p>Jano\u010dkov\u00e1, N.: <em>Sloveso a\u00a0zmysly \u2013 slovotvorba a\u00a0vidotvorba<\/em>. Bratislava 2014.<\/p><p>Avramovov\u00e1, M. \u2013 Bal\u00e1\u017eov\u00e1, \u013d. \u2013 \u010cierna, M. \u2013 Ha\u0161anov\u00e1, J. \u2013 Chocholov\u00e1, B. \u2013 Jano\u010dkov\u00e1, N. \u2013 Jaro\u0161ov\u00e1, A. \u2013 Kon\u010dalov\u00e1, J. \u2013 Kov\u00e1\u010dov\u00e1, M. \u2013 Ocetov\u00e1, L. \u2013 Oravcov\u00e1, Adriana \u2013 Oravcov\u00e1, Anna \u2013 Petrufov\u00e1, M. \u2013 Porubsk\u00e1, E. \u2013 \u0160ebestov\u00e1, A. \u2013 \u0160ufliarska, A. \u2013 Zvon\u010dekov\u00e1, D.:<em> Slovn\u00edk s\u00fa\u010dasn\u00e9ho slovensk\u00e9ho jazyka. H \u2013 L<\/em>. Hl. ved. red. A. Jaro\u0161ov\u00e1 \u2013 K. Buz\u00e1ssyov\u00e1. Ved. red. J. Bos\u00e1k \u2013 K. Buz\u00e1ssyov\u00e1 \u2013 A. Jaro\u0161ov\u00e1. Bratislava 2011. <a href=\"https:\/\/slovnik.juls.savba.sk\/\">Online<\/a>.<\/p><p>Bal\u00e1\u017eov\u00e1, \u013d. \u2013 Buz\u00e1ssyov\u00e1, K. \u2013 \u010cierna, M. \u2013 Holi\u010dov\u00e1, B. \u2013 Jano\u010dkov\u00e1, N. \u2013 Oravcov\u00e1, Adriana \u2013 Oravcov\u00e1, Anna \u2013 Petrufov\u00e1, M. \u2013 Porubsk\u00e1, E. \u2013 \u0160ebestov\u00e1, A. \u2013 \u0160ufliarska, A. \u2013 Zamborov\u00e1, M.:<em> Slovn\u00edk s\u00fa\u010dasn\u00e9ho slovensk\u00e9ho jazyka. A \u2013 G<\/em>. Hl. ved. red. K. Buz\u00e1ssyov\u00e1 \u2013 A. Jaro\u0161ov\u00e1. Ved. red. J. Bos\u00e1k \u2013 K. Buz\u00e1ssyov\u00e1 \u2013 A. Jaro\u0161ov\u00e1 \u2013 J. Skladan\u00e1. Bratislava 2006. <a href=\"https:\/\/slovnik.juls.savba.sk\/\">Online<\/a>.<\/p><p><span style=\"color: #2c366a;\"><strong style=\"background-color: transparent; text-align: var(--text-align);\">b) Editor, spolueditor \/ editor, co-editor<\/strong><\/span><\/p><p>Chocholov\u00e1, B. \u2013 Jano\u010dkov\u00e1, N. (eds.): <em>Ako sa rodia a\u00a0\u017eij\u00fa slov\u00e1 I. V\u00fdber z\u00a0diela Kl\u00e1ry Buz\u00e1ssyovej. <\/em>Bratislava 2018.<\/p><p>Chocholov\u00e1, B. \u2013 Jano\u010dkov\u00e1, N. (eds.): <em>Ako sa rodia a\u00a0\u017eij\u00fa slov\u00e1 II. V\u00fdber z\u00a0diela Kl\u00e1ry Buz\u00e1ssyovej. <\/em>Bratislava 2018.<\/p><p>Buz\u00e1ssyov\u00e1, K. \u2013 Chocholov\u00e1, B. \u2013 Jano\u010dkov\u00e1, N. (eds.): <em>Slovo v\u00a0slovn\u00edku. Aspekty lexik\u00e1lnej s\u00e9mantiky \u2013 gramatika \u2013 \u0161tylistika (pragmatika). Na po\u010des\u0165 Alexandry Jaro\u0161ovej<\/em>. Bratislava 2012. <a href=\"https:\/\/www.juls.savba.sk\/pub_slovo_v_slovniku.html\">Online<\/a>.<\/p><p><span style=\"color: #2c366a;\"><strong style=\"background-color: transparent; text-align: var(--text-align);\">c) Kapitoly v\u00a0monografi\u00e1ch \/ Chapters in monographs<\/strong><\/span><\/p><p>Jano\u010dkov\u00e1, N.: Diferenci\u00e1tory predik\u00e1tu. In: Morfologick\u00e9 aspekty s\u00fa\u010dasnej sloven\u010diny. Ed. J. Doln\u00edk. Bratislava: VEDA, vydavate\u013estvo SAV 2010, s. 135 \u2013 166.<\/p><p><span style=\"color: #2c366a;\"><strong style=\"background-color: transparent; text-align: var(--text-align);\">II. \u0160t\u00fadie (pr\u00edspevky v\u00a0\u010dasopisoch, zborn\u00edkoch) \/ Studies (journal articles, proceedings papers, etc.)<\/strong><\/span><\/p><p>Jano\u010dkov\u00e1, N. [50 %] \u2013 Ha\u0161anov\u00e1, J. [50 %]: Aspektologick\u00e9 v\u00fdzvy a rie\u0161enia v Slovn\u00edku s\u00fa\u010dasn\u00e9ho slovensk\u00e9ho jazyka. In: Karpilovska, Je. A. (ed.): Leksykohrafi\u010dna paradyhma 21 st.: teorija i\u00a0metodolohija. Do 100-lit\u0165a vid d\u0148a narod\u017een\u0148a Leonida Sydorovy\u010da Palamar\u010duka. Kyjev: Instytut ukrajinskoji movy NAN Ukrajiny 2023, s. 13 \u2013 26.<\/p><p>Bal\u00e1\u017eov\u00e1, \u013d. [20 %] \u2013 Chocholov\u00e1, B. [20 %] \u2013 Jano\u010dkov\u00e1, N. [20 %] \u2013 Kolen\u010d\u00edkov\u00e1, N. [20 %] \u2013 Mih\u00e1likov\u00e1, L. [20 %]: Slovn\u00edky a lexikografick\u00e9 ot\u00e1zky v \u010dasopise Slovensk\u00e1 re\u010d. In: Slovensk\u00e1 re\u010d, 2022, ro\u010d. 87, \u010d. 3, s.\u00a0186 \u2013 219. <a href=\"https:\/\/www.sav.sk\/?lang=sk&amp;doc=journal-list&amp;part=list_articles&amp;journal_issue_no=11116790\">Online<\/a>.<\/p><p>Jano\u010dkov\u00e1, N.: Ke\u010f sa morf\u00e9ma slovom stane (pozn\u00e1mky k osamostat\u0148ovaniu sa niektor\u00fdch prefixoidov). In: Olo\u0161tiak, M. \u2013 Lipt\u00e1kov\u00e1, \u013d. \u2013 Bedn\u00e1rov\u00e1-Gibov\u00e1, K. (eds.): Slovansk\u00e1 slovotvorba: synchr\u00f3nia, inov\u00e1cie, neologiz\u00e1cia. Pre\u0161ov: Pre\u0161ovsk\u00e1 univerzita v Pre\u0161ove 2022, s. 23 \u2013 254. <a href=\"https:\/\/www.pulib.sk\/web\/kniznica\/elpub\/dokument\/Olostiak26\">Online<\/a>.<\/p><p>Jano\u010dkov\u00e1, N.: Reflektovanie deriva\u010dn\u00fdch vz\u0165ahov vo v\u00fdkladovom slovn\u00edku. In: Luka\u0161anec, A. A. (ed.): Slavianskaja deryvatagrafija. Minsk: Prava i ekanomika 2020, s. 127 \u2013 141.<\/p><p>Jano\u010dkov\u00e1, N. [50 %] \u2013 Ha\u0161anov\u00e1, J. [50 %]: \u010c\u00edslovky v Slovn\u00edku s\u00fa\u010dasn\u00e9ho slovensk\u00e9ho jazyka. In: Karpilovska, Je. A. \u2013 Kys\u013euk, L. P. \u2013 Roma\u0148uk, Ju., V. \u2013 Savenko, A. O. (eds.): U po\u0161ukach harmoni\u00ef movy. Do 80-lit\u0165a vid d\u0148a narod\u017een\u0148a \u010dlena-korespondenta Naciona\u013eno\u00ef akademi\u00ef nauk Ukra\u00efny, doktora filolohi\u010dnych nauk, profesora Niny Fedorivny Klymenko. Kyiv: Vidavny\u010dyj dim Dmitra Burago 2020, s. 168 \u2013 177.<\/p><p>Jano\u010dkov\u00e1, N.: Je hluchonem\u00fd rovnak\u00fd ako nepo\u010duj\u00faci a nevidom\u00fd ako nevidiaci? (na margo spracovania nieko\u013ek\u00fdch slovn\u00edkov\u00fdch hesiel). In: Kult\u00fara slova, 2019, ro\u010d. 53, \u010d. 4, s. 193 \u2013 204. <a href=\"https:\/\/www.sav.sk\/?lang=sk&amp;doc=journal-list&amp;part=list_articles&amp;journal_issue_no=11115322\">Online<\/a>.<\/p><p>Jano\u010dkov\u00e1, N.: K eliptickej univerbiz\u00e1cii v sloven\u010dine (typ <em>krstn\u00fd otec \u2192 krstn\u00fd<\/em>). In: \u0160ehovi\u0107, A. (ed.): Zbornik radova. Osamnaesta Me\u0111unarodna nau\u010dna konferencija Komisije za tvorbu rije\u010di Me\u0111unarodnog komiteta slavista Univerbacija\/Univerbizacija u slavenskim jezicima, Sarajevo, 4. \u2013 7. aprila 2017. Sarajevo: Slavisti\u010dki komitet 2018, s. 154 \u2013 168. <a href=\"http:\/\/www.slavistickikomitet.ba\/Univerbacija\/Univerbizacijauslavenskimjezicima.pdf\">Online<\/a>.<\/p><p>Jano\u010dkov\u00e1, N.: O substantiviza\u010dn\u00fdch procesoch v sloven\u010dine \u2013 morfologicky a deriva\u010dne. In: Orgo\u0148ov\u00e1, O. \u2013 Bohunick\u00e1, A. \u2013 M\u00facskov\u00e1, G. \u2013 Muzikov\u00e1, K. \u2013 Popovi\u010dov\u00e1-Sedl\u00e1\u010dkov\u00e1, Z. (eds.): Jazyk a jazykoveda v\u00a0s\u00favislostiach. Zborn\u00edk pr\u00edspevkov z medzin\u00e1rodnej vedeckej konferencie Jazyk a jazykoveda v\u00a0s\u00favislostiach. Bratislava: Univerzita Komensk\u00e9ho v\u00a0Bratislave 2017, s. 458 \u2013 468. <a href=\"https:\/\/fphil.uniba.sk\/katedry-a-odborne-pracoviska\/ksjtk\/publikacie\/\">Online<\/a>.<\/p><p>Sokolov\u00e1, M. [25 %] \u2013 Jaro\u0161ov\u00e1, A. [25 %] \u2013 Ha\u0161anov\u00e1, J. [25 %] \u2013 Jano\u010dkov\u00e1, N. [25 %]: Prezent\u00e1cia genit\u00edvu v slovesnej v\u00e4zbe v\u00a0sloven\u010dine (so zrete\u013eom na lexikografick\u00e9 spracovanie slovies vo v\u00fdkladovom Slovn\u00edku s\u00fa\u010dasn\u00e9ho slovensk\u00e9ho jazyka). In: Koriakowcewa, E. (ed.): Wsp\u00f3\u0142czesne j\u0119zykoznawstwo s\u0142owia\u0144skie: teoria i\u00a0metodologia bada\u0144. Tom 2. Metody analizy i opisu jednostek leksykalnych i tekstowych. Siedlce: Uniwersytet Przyrodniczo-Humanistyczny w Siedlcach, Wydzia\u0142 Humanistyczny, Instytut Filologii Polskiej i Lingwistyki Stosowanej, Mi\u0119dzynarodowy Komitet Slawist\u00f3w, Komisja S\u0142owotw\u00f3rstwa 2016, s. 113 \u2013 140.<\/p><p>Jano\u010dkov\u00e1, N.: Slovesn\u00e9 deminut\u00edva v sloven\u010dine. In: Stramlji\u010d Breznik, I. (ed.): Manj\u0161alnice v slovanskih jezikih: oblika in vloga. Deminutivy v slavianskich jazykach: forma i ro\u013e. Diminutives in Slavic Languages: Form and Role. Maribor \u2013 Bielsko-Bia\u0142a \u2013 Budapest \u2013 Kansas \u2013 Praha: Mednarodna zalo\u017eba Oddelka za slovanske jezike in knji\u017eevnosti, Filozofska fakulteta 2015, s. 122 \u2013 136.<\/p><p>Jano\u010dkov\u00e1, N.: Pozn\u00e1mky k mod\u00e1lnym sloves\u00e1m (na pr\u00edklade slovesa <em>musie\u0165<\/em>). In: Mislovi\u010dov\u00e1, S. (ed.): Jazykov\u00e1 kult\u00fara a terminol\u00f3gia. Bratislava: VEDA, vydavate\u013estvo SAV 2015, s. 45 \u2013 55. <a href=\"https:\/\/www.juls.savba.sk\/publications.html#zoznamdiel\">Online<\/a>.<\/p><p>Jano\u010dkov\u00e1, N.: Pozn\u00e1mky k makrokompoz\u00edcii v\u00fdkladov\u00e9ho slovn\u00edka. In: Kesselov\u00e1, J. \u2013 Imrichov\u00e1, M. \u2013 Olo\u0161tiak, M. (eds.): Registre jazyka a jazykovedy (I). Na po\u010des\u0165 Daniely Slan\u010dovej. Pre\u0161ov: Pre\u0161ovsk\u00e1 univerzita v Pre\u0161ove 2014, s. 199 \u2013 206. <a href=\"http:\/\/www.pulib.sk\/web\/kniznica\/elpub\/dokument\/Kesselova3\">Online<\/a>.<\/p><p>Jano\u010dkov\u00e1, N.: Syst\u00e9mov\u00e9 a (kont)textov\u00e9 dimenzie slovotvorne motivovan\u00fdch slovies v sloven\u010dine. In: Sierociuk, J. (ed.): S\u0142owotw\u00f3rstwo s\u0142owia\u0144skie: system i tekst. Prace Komisji S\u0142owotw\u00f3rczej przy Mi\u0119dzynarodowym Komitecie Slawist\u00f3w. Pozna\u0144: Wydawnictwo Pozna\u0144skiego towarzystwa przyjaci\u00f3\u0142 nauk 2012, s. 143 \u2013 152.<\/p><p>Jano\u010dkov\u00e1, N.: Frekventat\u00edva v gramatike a v slovn\u00edku. In: Buz\u00e1ssyov\u00e1, K. \u2013 Chocholov\u00e1, B. \u2013 Jano\u010dkov\u00e1, N. (eds.): Slovo v\u00a0slovn\u00edku. Aspekty lexik\u00e1lnej s\u00e9mantiky \u2013 gramatika \u2013 \u0161tylistika (pragmatika). Na po\u010des\u0165 Alexandry Jaro\u0161ovej. Bratislava: Jazykovedn\u00fd \u00fastav \u013d. \u0160t\u00fara SAV \u2013 VEDA, vydavate\u013estvo SAV 2012, s. 171 \u2013 183. <a href=\"https:\/\/www.juls.savba.sk\/pub_slovo_v_slovniku.html\">Online<\/a>.<\/p><p>Jano\u010dkov\u00e1, N.: Gramatika v slovn\u00edku a slovn\u00edk (aj) pre gramatiku (na pr\u00edklade spracovania biaspektu\u00e1lnych slovies v Slovn\u00edku s\u00fa\u010dasn\u00e9ho slovensk\u00e9ho jazyka). In: Olo\u0161tiak, M. \u2013 Ivanov\u00e1, M. \u2013 Slan\u010dov\u00e1, D. (eds.): Vidy jazyka a\u00a0jazykovedy. Na po\u010des\u0165 Miloslavy Sokolovej. Pre\u0161ov: Pre\u0161ovsk\u00e1 univerzita v Pre\u0161ove 2011, s. 91 \u2013 103. <a href=\"https:\/\/www.pulib.sk\/web\/kniznica\/elpub\/dokument\/Olostiak2\">Online<\/a>.<\/p><p>Jano\u010dkov\u00e1, N.: \u201eVe\u013ek\u00e9\u201c slovesn\u00e9 hesl\u00e1 vo v\u00fdkladovom slovn\u00edku (alebo ako sa koncipovali sloves\u00e1 <em>\u00eds\u0165<\/em> a\u00a0<em>chodi\u0165<\/em>). In: Jazykovedn\u00fd \u010dasopis, 2010, ro\u010d. 61, \u010d. 1, s. 71 \u2013 84. <a href=\"https:\/\/www.sav.sk\/?lang=sk&amp;doc=journal-list&amp;part=list_articles&amp;journal_issue_no=11116198\">Online<\/a>.<\/p><p>Jano\u010dkov\u00e1, N.: Lexik\u00e1lne inov\u00e1cie vyvolan\u00e9 gramatick\u00fdmi, \u0161trukt\u00farnymi a pragmatick\u00fdmi \u010dinite\u013emi (na materi\u00e1li prefix\u00e1lnych slovies). In: Novyje javlenija v slavianskom slovoobrazovanii: sistema i\u00a0funkcionirovanije. Doklady XI Me\u017edunarodnoj nau\u010dnoj konferencii Komissii po slavianskomu slovoobrazovaniju pri Me\u017edunarodnom komitete slavistov. Moskva: Izdate\u013estvo Moskovskogo universiteta 2010, s. 332 \u2013 346.<\/p><p>Jano\u010dkov\u00e1, N.: Verb\u00e1lny aspekt a motiva\u010dn\u00e9 mo\u017enosti slovesa. In: Ivanov\u00e1, M. (ed.): Aspektu\u00e1lnos\u0165 a\u00a0mod\u00e1lnos\u0165 v sloven\u010dine. Pre\u0161ov: Pre\u0161ovsk\u00e1 univerzita v Pre\u0161ove 2009, s. 111 \u2013 142. <a href=\"http:\/\/www.pulib.sk\/elpub2\/FF\/Ivanova1\/index.html\">Online<\/a>. \u00a0<\/p><p>Jano\u010dkov\u00e1, N.: Slovotvorn\u00e9 a s\u00e9mantick\u00e9 s\u00favislosti slovesn\u00e9ho vidu v sloven\u010dine (k \u0161tat\u00fatu slovesn\u00e9ho vidu v sloven\u010dine). In: Slovensk\u00e1 re\u010d, 2004, ro\u010d. 69, \u010d. 2, s. 65 \u2013 84. <a href=\"https:\/\/www.sav.sk\/?lang=sk&amp;doc=journal-list&amp;part=list_articles&amp;journal_issue_no=11115771\">Online<\/a>.<\/p><p>Jano\u010dkov\u00e1, N.: O kos\u00e9mii predponov\u00fdch slovies. Venovan\u00e9 nedo\u017eit\u00fdm 67. narodenin\u00e1m prof. PhDr. Juraja Furd\u00edka, CSc. In: Slovensk\u00e1 re\u010d, 2002, ro\u010d. 67, \u010d. 6, s. 321 \u2013 329. <a href=\"https:\/\/www.sav.sk\/?lang=sk&amp;doc=journal-list&amp;part=list_articles&amp;journal_issue_no=11115785\">Online<\/a>.<\/p>\t\t\t\t\t\t\t\t<\/div>\n\t\t\t\t<\/div>\n\t\t\t\t\t<\/div>\n\t\t\t\t<\/div>\n\t\t\t\t\t<\/div>\n\t\t\t\t<\/div>\n\t\t\t\t<section class=\"elementor-section elementor-top-section elementor-element elementor-element-631459dc elementor-section-boxed elementor-section-height-default elementor-section-height-default\" data-id=\"631459dc\" data-element_type=\"section\" data-e-type=\"section\" id=\"footer_section\" data-settings=\"{&quot;background_background&quot;:&quot;classic&quot;}\">\n\t\t\t\t\t\t<div class=\"elementor-container elementor-column-gap-default\">\n\t\t\t\t\t<div class=\"elementor-column elementor-col-100 elementor-top-column elementor-element elementor-element-3a4301e5\" data-id=\"3a4301e5\" data-element_type=\"column\" data-e-type=\"column\">\n\t\t\t<div class=\"elementor-widget-wrap elementor-element-populated\">\n\t\t\t\t\t\t<section class=\"elementor-section elementor-inner-section elementor-element elementor-element-2a72dfa7 elementor-section-content-middle elementor-section-full_width elementor-section-height-default elementor-section-height-default\" data-id=\"2a72dfa7\" data-element_type=\"section\" data-e-type=\"section\">\n\t\t\t\t\t\t<div class=\"elementor-container elementor-column-gap-no\">\n\t\t\t\t\t<div class=\"elementor-column elementor-col-50 elementor-inner-column elementor-element elementor-element-4b1513c1\" data-id=\"4b1513c1\" data-element_type=\"column\" data-e-type=\"column\">\n\t\t\t<div class=\"elementor-widget-wrap elementor-element-populated\">\n\t\t\t\t\t\t<div class=\"elementor-element elementor-element-60209b37 elementor-widget elementor-widget-text-editor\" data-id=\"60209b37\" data-element_type=\"widget\" data-e-type=\"widget\" data-widget_type=\"text-editor.default\">\n\t\t\t\t<div class=\"elementor-widget-container\">\n\t\t\t\t\t\t\t\t\t<p style=\"text-align: left;\"><span style=\"color: #ff0003;\">\u00a9 2024 \u2013 2026 | Komisia pre slovansk\u00fa slovotvorbu<\/span><\/p>\t\t\t\t\t\t\t\t<\/div>\n\t\t\t\t<\/div>\n\t\t\t\t\t<\/div>\n\t\t<\/div>\n\t\t\t\t<div class=\"elementor-column elementor-col-50 elementor-inner-column elementor-element elementor-element-56bdbf29\" data-id=\"56bdbf29\" data-element_type=\"column\" data-e-type=\"column\">\n\t\t\t<div class=\"elementor-widget-wrap elementor-element-populated\">\n\t\t\t\t\t\t<div class=\"elementor-element elementor-element-72d7a50d elementor-widget elementor-widget-text-editor\" data-id=\"72d7a50d\" data-element_type=\"widget\" data-e-type=\"widget\" data-widget_type=\"text-editor.default\">\n\t\t\t\t<div class=\"elementor-widget-container\">\n\t\t\t\t\t\t\t\t\t<p style=\"text-align: right;\"><span style=\"color: #ff0003;\">webdesign \u00a9 2024 \u2013 2026 Marianna Kraviarov\u00e1<\/span><\/p>\t\t\t\t\t\t\t\t<\/div>\n\t\t\t\t<\/div>\n\t\t\t\t\t<\/div>\n\t\t<\/div>\n\t\t\t\t\t<\/div>\n\t\t<\/section>\n\t\t\t\t\t<\/div>\n\t\t<\/div>\n\t\t\t\t\t<\/div>\n\t\t<\/section>\n\t\t\t\t<\/div>\n\t\t","protected":false},"excerpt":{"rendered":"<p>KOMISIA PRE SLOVANSK\u00da SLOVOTVORBU PRI MEDZIN\u00c1RODNOM KOMIT\u00c9TE SLAVISTOV Nicol JANO\u010cKOV\u00c1 Krajina \/ Country: Slovensko Afili\u00e1cia \/ Affiliation: Slovensk\u00e1 akad\u00e9mia vied Jazykovedn\u00fd \u00fastav \u013dudov\u00edta \u0160t\u00fara SAV, v. v. i. Pansk\u00e1 26 811 01 Bratislava 1 Slovensko E-mail: nicol.janockova@juls.savba.sk Rok narodenia \/ Year of birth: 1978 \u010clen slovotvornej komisie \/ Commission membership: od r. 2009 Akademick\u00e9 hodnosti [&hellip;]<\/p>\n","protected":false},"author":1,"featured_media":0,"parent":1582,"menu_order":2,"comment_status":"closed","ping_status":"closed","template":"","meta":{"footnotes":""},"class_list":["post-2654","page","type-page","status-publish","hentry"],"_links":{"self":[{"href":"https:\/\/www.ff.unipo.sk\/slovotvorna-komisia\/wp-json\/wp\/v2\/pages\/2654","targetHints":{"allow":["GET"]}}],"collection":[{"href":"https:\/\/www.ff.unipo.sk\/slovotvorna-komisia\/wp-json\/wp\/v2\/pages"}],"about":[{"href":"https:\/\/www.ff.unipo.sk\/slovotvorna-komisia\/wp-json\/wp\/v2\/types\/page"}],"author":[{"embeddable":true,"href":"https:\/\/www.ff.unipo.sk\/slovotvorna-komisia\/wp-json\/wp\/v2\/users\/1"}],"replies":[{"embeddable":true,"href":"https:\/\/www.ff.unipo.sk\/slovotvorna-komisia\/wp-json\/wp\/v2\/comments?post=2654"}],"version-history":[{"count":7,"href":"https:\/\/www.ff.unipo.sk\/slovotvorna-komisia\/wp-json\/wp\/v2\/pages\/2654\/revisions"}],"predecessor-version":[{"id":3468,"href":"https:\/\/www.ff.unipo.sk\/slovotvorna-komisia\/wp-json\/wp\/v2\/pages\/2654\/revisions\/3468"}],"up":[{"embeddable":true,"href":"https:\/\/www.ff.unipo.sk\/slovotvorna-komisia\/wp-json\/wp\/v2\/pages\/1582"}],"wp:attachment":[{"href":"https:\/\/www.ff.unipo.sk\/slovotvorna-komisia\/wp-json\/wp\/v2\/media?parent=2654"}],"curies":[{"name":"wp","href":"https:\/\/api.w.org\/{rel}","templated":true}]}}