{"id":2676,"date":"2024-05-27T21:45:43","date_gmt":"2024-05-27T19:45:43","guid":{"rendered":"https:\/\/www.ff.unipo.sk\/slovotvorna-komisia\/?page_id=2676"},"modified":"2026-01-28T23:50:14","modified_gmt":"2026-01-28T22:50:14","slug":"sehovic","status":"publish","type":"page","link":"https:\/\/www.ff.unipo.sk\/slovotvorna-komisia\/clenovia-komisie\/sehovic\/","title":{"rendered":"Amela \u0160EHOVI\u0106"},"content":{"rendered":"\t\t<div data-elementor-type=\"wp-page\" data-elementor-id=\"2676\" class=\"elementor elementor-2676\">\n\t\t\t\t\t\t<section class=\"elementor-section elementor-top-section elementor-element elementor-element-92e8863 elementor-section-content-middle elementor-section-boxed elementor-section-height-default elementor-section-height-default\" data-id=\"92e8863\" data-element_type=\"section\" data-e-type=\"section\" data-settings=\"{&quot;background_background&quot;:&quot;classic&quot;}\">\n\t\t\t\t\t\t\t<div class=\"elementor-background-overlay\"><\/div>\n\t\t\t\t\t\t\t<div class=\"elementor-container elementor-column-gap-no\">\n\t\t\t\t\t<div class=\"elementor-column elementor-col-100 elementor-top-column elementor-element elementor-element-fc4e00e\" data-id=\"fc4e00e\" data-element_type=\"column\" data-e-type=\"column\">\n\t\t\t<div class=\"elementor-widget-wrap elementor-element-populated\">\n\t\t\t\t<div class=\"elementor-element elementor-element-c7da904 e-grid e-con-boxed e-con e-parent\" data-id=\"c7da904\" data-element_type=\"container\" data-e-type=\"container\">\n\t\t\t\t\t<div class=\"e-con-inner\">\n\t\t\t\t<div class=\"elementor-element elementor-element-5a61a8f elementor-widget elementor-widget-heading\" data-id=\"5a61a8f\" data-element_type=\"widget\" data-e-type=\"widget\" data-widget_type=\"heading.default\">\n\t\t\t\t<div class=\"elementor-widget-container\">\n\t\t\t\t\t<h2 class=\"elementor-heading-title elementor-size-default\">KOMISIA PRE SLOVANSK\u00da SLOVOTVORBU<\/h2>\t\t\t\t<\/div>\n\t\t\t\t<\/div>\n\t\t\t\t<div class=\"elementor-element elementor-element-0c7ff8a elementor-widget elementor-widget-text-editor\" data-id=\"0c7ff8a\" data-element_type=\"widget\" data-e-type=\"widget\" data-widget_type=\"text-editor.default\">\n\t\t\t\t<div class=\"elementor-widget-container\">\n\t\t\t\t\t\t\t\t\t<p>PRI MEDZIN\u00c1RODNOM KOMIT\u00c9TE SLAVISTOV<\/p>\t\t\t\t\t\t\t\t<\/div>\n\t\t\t\t<\/div>\n\t\t\t\t\t<\/div>\n\t\t\t\t<\/div>\n\t\t\t\t\t<\/div>\n\t\t<\/div>\n\t\t\t\t\t<\/div>\n\t\t<\/section>\n\t\t<div class=\"elementor-element elementor-element-fa458b4 e-flex e-con-boxed e-con e-parent\" data-id=\"fa458b4\" data-element_type=\"container\" data-e-type=\"container\" data-settings=\"{&quot;animation&quot;:&quot;none&quot;}\">\n\t\t\t\t\t<div class=\"e-con-inner\">\n\t\t\t\t<div class=\"elementor-element elementor-element-58424fc elementor-widget__width-inherit elementor-widget elementor-widget-heading\" data-id=\"58424fc\" data-element_type=\"widget\" data-e-type=\"widget\" data-settings=\"{&quot;_animation&quot;:&quot;none&quot;}\" data-widget_type=\"heading.default\">\n\t\t\t\t<div class=\"elementor-widget-container\">\n\t\t\t\t\t<h2 class=\"elementor-heading-title elementor-size-default\">Amela \u0160EHOVI\u0106<\/h2>\t\t\t\t<\/div>\n\t\t\t\t<\/div>\n\t\t\t\t\t<\/div>\n\t\t\t\t<\/div>\n\t\t<div class=\"elementor-element elementor-element-39a3d42 e-flex e-con-boxed e-con e-parent\" data-id=\"39a3d42\" data-element_type=\"container\" data-e-type=\"container\">\n\t\t\t\t\t<div class=\"e-con-inner\">\n\t\t<div class=\"elementor-element elementor-element-eb88dd5 e-con-full e-flex e-con e-child\" data-id=\"eb88dd5\" data-element_type=\"container\" data-e-type=\"container\">\n\t\t\t\t<div class=\"elementor-element elementor-element-3f02a20 elementor-widget elementor-widget-text-editor\" data-id=\"3f02a20\" data-element_type=\"widget\" data-e-type=\"widget\" data-widget_type=\"text-editor.default\">\n\t\t\t\t<div class=\"elementor-widget-container\">\n\t\t\t\t\t\t\t\t\t&nbsp;\n<table width=\"642\">\n<tbody>\n<tr>\n<td width=\"250\"><strong>Krajina \/ Country:<\/strong><\/td>\n<td width=\"392\">Bosna i Hercegovina<\/td>\n<\/tr>\n<tr>\n<td width=\"250\"><strong>Afili\u00e1cia \/ Affiliation:<\/strong><\/td>\n<td width=\"392\">Univerzitet u\u00a0Sarajevu<br>\n\nFilozofski fakultet<br>\n\nOdsjek za bosanski, hrvatski i\u00a0srpski jezik<br>\n\nUl. Franje Ra\u010dkog 1<br>\n\n71000 Sarajevo<br>\n\nBosna i\u00a0Hercegovina<\/td>\n<\/tr>\n<tr>\n<td width=\"250\"><strong>E-mail:<\/strong><\/td>\n<td width=\"392\">amela.ami.sehovic@gmail.com; <br>amela.sehovic@ff.unsa.ba<\/td>\n<\/tr>\n<tr>\n<td width=\"250\"><strong>Rok narodenia \/ Year of birth:<\/strong><\/td>\n<td width=\"392\">1973<\/td>\n<\/tr>\n<tr>\n<td width=\"250\"><strong>\u010clen slovotvornej komisie \/ Commission membership:<\/strong><\/td>\n<td width=\"392\">od 2012<\/td>\n<\/tr>\n<tr>\n<td width=\"250\"><strong>Akademick\u00e9 hodnosti \/ Academic titles:<\/strong><\/td>\n<td width=\"392\">Prof. dr.<\/td>\n<\/tr>\n<tr>\n<td width=\"250\"><strong>ORCID:<\/strong><\/td>\n<td width=\"392\">0000-0003-4667-7052<\/td>\n<\/tr>\n<tr>\n<td width=\"250\"><strong>V\u00fdskumn\u00e9 zameranie \/ Research interests:<\/strong><\/td>\n<td width=\"392\">leksikologija, leksikografija, tvorba rije\u010di, sociolingvistika, stilistika<\/td>\n<\/tr>\n<tr>\n<td width=\"250\"><strong>Linky \/ Links:<\/strong><\/td>\n<td width=\"392\">Univerzitski profil:<br>\n\n<a href=\"https:\/\/www.ff.unsa.ba\/index.php\/bs\/2014-12-13-22-50-32\">https:\/\/www.ff.unsa.ba\/index.php\/bs\/2014-12-13-22-50-32<\/a><br><br>\n\nBibliografia:<br>\n\n<a href=\"https:\/\/cris.cobiss.net\/e-cris\/bh\/bs\/researcher\/1528\">https:\/\/cris.cobiss.net\/e-cris\/bh\/bs\/researcher\/1528<\/a><\/td>\n<\/tr>\n<\/tbody>\n<\/table>\t\t\t\t\t\t\t\t<\/div>\n\t\t\t\t<\/div>\n\t\t\t\t<\/div>\n\t\t<div class=\"elementor-element elementor-element-f12d2e4 e-con-full e-flex e-con e-child\" data-id=\"f12d2e4\" data-element_type=\"container\" data-e-type=\"container\">\n\t\t\t\t<div class=\"elementor-element elementor-element-5fc2edc elementor-widget elementor-widget-image\" data-id=\"5fc2edc\" data-element_type=\"widget\" data-e-type=\"widget\" data-widget_type=\"image.default\">\n\t\t\t\t<div class=\"elementor-widget-container\">\n\t\t\t\t\t\t\t\t\t\t\t\t\t\t\t<img decoding=\"async\" width=\"150\" height=\"225\" src=\"https:\/\/www.ff.unipo.sk\/slovotvorna-komisia\/wp-content\/uploads\/2024\/05\/sehovic-foto.jpeg\" class=\"attachment-medium size-medium wp-image-2678\" alt=\"\" \/>\t\t\t\t\t\t\t\t\t\t\t\t\t\t\t<\/div>\n\t\t\t\t<\/div>\n\t\t\t\t<\/div>\n\t\t\t\t\t<\/div>\n\t\t\t\t<\/div>\n\t\t<div class=\"elementor-element elementor-element-7295fb1 e-flex e-con-boxed e-con e-parent\" data-id=\"7295fb1\" data-element_type=\"container\" data-e-type=\"container\">\n\t\t\t\t\t<div class=\"e-con-inner\">\n\t\t<div class=\"elementor-element elementor-element-450be4c e-flex e-con-boxed e-con e-child\" data-id=\"450be4c\" data-element_type=\"container\" data-e-type=\"container\">\n\t\t\t\t\t<div class=\"e-con-inner\">\n\t\t\t\t<div class=\"elementor-element elementor-element-be0add8 elementor-widget elementor-widget-text-editor\" data-id=\"be0add8\" data-element_type=\"widget\" data-e-type=\"widget\" data-widget_type=\"text-editor.default\">\n\t\t\t\t<div class=\"elementor-widget-container\">\n\t\t\t\t\t\t\t\t\t<h4><span style=\"color: #2c366a;\"><strong>Izabrana bibliografija \/ Selected bibliography<\/strong><\/span><\/h4><p><span style=\"color: #2c366a;\"><strong style=\"background-color: transparent; text-align: var(--text-align);\">I. Monografija, ud\u017ebenici, rje\u010dnici \/ Books (monographs, text-books, dictionaries)<\/strong><\/span><\/p><p><span style=\"color: #2c366a;\"><strong style=\"background-color: transparent; text-align: var(--text-align);\">a) Autorica, koautorica \/ author, co-author<\/strong><\/span><\/p><p>\u0160ehovi\u0107, A. \u2013 Haveri\u0107, \u0110.: <em>Leksika orijentalnog porijekla u frazemama bosanskog jezika<\/em>. Sarajevo 2017. <a href=\"http:\/\/www.ff-eizdavastvo.ba\/Knjige\/.aspx\">Online.<\/a><\/p><p>Haveri\u0107, \u0110. \u2013 \u0160ehovi\u0107, A.: <em>Rije\u010di perzijskog porijekla u bosanskom jeziku<\/em>. Sarajevo 2017.<\/p><p>\u0160ehovi\u0107, A.:<em> Je<\/em><em>zik u bosanskohercegova\u010dkim dramama (sociolingvisti\u010dki pristup)<\/em>. Sarajevo 2012.<\/p><p>Halilovi\u0107, S. \u2013 Pali\u0107, I. \u2013 \u0160ehovi\u0107, A.: <em>Rje\u010dnik bosanskoga jezika<\/em>. Sarajevo 2010.<\/p><p>Halilovi\u0107, S. \u2013 Tanovi\u0107, I. \u2013 \u0160ehovi\u0107, A.: <em>Govor grada Sarajeva i razgovorni bosanski jezik<\/em>. Sarajevo 2009. <em>\u00a0\u00a0\u00a0\u00a0\u00a0\u00a0\u00a0\u00a0\u00a0\u00a0\u00a0\u00a0\u00a0\u00a0\u00a0 \u00a0\u00a0\u00a0\u00a0\u00a0\u00a0\u00a0\u00a0\u00a0\u00a0\u00a0\u00a0\u00a0\u00a0\u00a0 <\/em><\/p><p>Tanovi\u0107, I. \u2013 \u0160ehovi\u0107, A.: <em>Negativan uticaj stranih jezika na maternji jezik (posljedice jezi\u010dke interferencije u jeziku povratnika iz zemalja prijema)<\/em>. Sarajevo 2004.<\/p><p><span style=\"color: #2c366a;\"><strong style=\"background-color: transparent; text-align: var(--text-align);\">b) Urednica \/ editor, co-editor<\/strong><\/span><\/p><p>\u0160ehovi\u0107, A.: <em>Etnokulturni stereotipi u slavenskim, germanskim, romanskim i orijentalnim jezicima: sli\u010dnosti i razlike u percepciji Drugoga<\/em>. Sarajevo 2023. <a href=\"https:\/\/slavistickikomitet.ba\/wp-content\/uploads\/2023\/12\/Zbornik-Etnokulturni-stereotipi-elektronsko-izdanje.pdf\">Online<\/a>.<\/p><p>\u0160ehovi\u0107, A.: <em>Univerbacija\/Univerbizacija u slavenskim jezicima<\/em>. Sarajevo 2018. <a href=\"http:\/\/www.slavistickikomitet.ba\/Univerbacija\/Univerbizacijauslavenskimjezicima.pdf\">Online<\/a>.<\/p><p><span style=\"color: #2c366a;\"><strong style=\"background-color: transparent; text-align: var(--text-align);\">c) Poglavlja u monografijama \/ Chapters in monographs<\/strong><\/span><\/p><p>\u0160ehovi\u0107, A.: Neologija i neografija u lingvisti\u010dkoj bosnistici. In: <em>Neologizmy a neologiz\u00e1cia v lingvistickej reflexii<\/em>. Ed. M. Olo\u0161tiak. Pre\u0161ov: Pre\u0161ovsk\u00e1 univerzita v Pre\u0161ove 2023, s. 335-353.<\/p><p>\u0160ehovi\u0107, A.: Stil \u010dasopisa za mlade. In: <em>\u0160t\u00fdl &#8211; komunik\u00e1cia &#8211; kult\u00fara : k st\u00e9mu v\u00fdro\u010diu narodenia profesora Jozefa Mistr\u00edka (1921 &#8211; 2000)<\/em>. Ed. Z. Popovi\u010dov\u00e1 Sedl\u00e1\u010dkov\u00e1. Bratislava: Univerzita Komensk\u00e9ho 2021, s. 345-354.<\/p><p>\u0160ehovi\u0107, A.: Etnokulturni stereotipi u frazemama bosanskog jezika. In: <em>U zrcalima sje\u0107anja &#8212; : zbornik radova u spomen na profesora Ilijasa Tanovi\u0107a<\/em>. Eds. A. Ljevo-Ov\u010dina, S. Ke\u0161o, A. Ibri\u0161imovi\u0107-\u0160abi\u0107. Sarajevo: Filozofski fakultet 2020, s. 113-129.<\/p><p><span style=\"color: #2c366a;\"><strong style=\"background-color: transparent; text-align: var(--text-align);\">II.\u00a0<\/strong><strong>Studije (radovi u\u00a0\u010dasopisima, zbornicima) \/ Studies (journal articles, proceedings papers, etc.)<\/strong><\/span><\/p><p>\u0160ehovi\u0107, Amela \u2013 Durmi\u0161evi\u0107, Elma: Etnokulturni stereotipi u vicevima na bosanskom jeziku. In: <em>Etnokulturni stereotipi u slavenskim, germanskim, romanskim i orijentalnim jezicima : sli\u010dnosti i razlike u percepciji Drugoga<\/em>. Ed. A. \u0160ehovi\u0107.\u00a0Sarajevo: Slavisti\u010dki komitet 2023, s. 113-134.<\/p><p>\u0160ehovi\u0107, Amela: Od rodno (ne)osjetljivog ka rodno neutralnom (nebinarnom) jeziku u lingvisti\u010dkoj bosnistici. In: <em>Ka rodno nebinarnim jezi\u010dkim praksama<\/em>. Eds. J. \u010cau\u0161evi\u0107, A. Ba\u0161i\u0107, M. Vrebac. Sarajevo: Sarajevski otvoreni centar 2023, s. 17-28. <a href=\"https:\/\/soc.ba\/site\/wp-content\/uploads\/2023\/11\/Ka-rodno-nebinarnim-jezickim-praksama-FINAL.pdf\">Online<\/a>.<\/p><p>\u0160ehovi\u0107, Amela: Okazionalizmi na bosanskohercegova\u010dkim internetskim portalima. In: <em>Slovansk\u00e1 slovotvorba: synchr\u00f3nia, inov\u00e1cie, neologiz\u00e1cia = Slavic word-formation : synchrony, innovations, neologization<\/em>. Ed. M. Olo\u0161tiak. Pre\u0161ov: Pre\u0161ovsk\u00e1 univerzita v Pre\u0161ove 2022, s. 357-365.<\/p><p>\u0160ehovi\u0107, Amela \u2013 Durmi\u0161evi\u0107, Elma: Slivenice na bosanskohercegova\u010dkim internetskim portalima. In: <em>\u041d\u043e\u0432\u043e\u0440\u0435\u0447\u0458\u0435: \u043d\u0430\u0443\u0447\u043d\u043e-\u043f\u043e\u043f\u0443\u043b\u0430\u0440\u043d\u0438 \u043d\u0435\u043e\u043b\u043e\u0448\u043a\u0438 \u0447\u0430\u0441\u043e\u043f\u0438\u0441<\/em>, [\u041e\u043d\u043b\u0430\u0458\u043d \u0438\u0437\u0434.], 2022, god. IV, br. 6, s. 43-62. <a href=\"http:\/\/www.alma.co.rs\/Novorecje\/Novorecje6.pdf\">Online<\/a>.<\/p><p>Haveri\u0107, \u0110enita \u2013 \u0160ehovi\u0107, Amela: Perzijski jezik u mre\u017ei verbalnih asocijacija me\u0111u govornicima bosanskog i crnogorskog jezika. In: <em>Cetinjski filolo\u0161ki dani II<\/em>. Ed. N. Vujovi\u0107. Cetinje: Fakultet za crnogorski jezik i knji\u017eevnost: Univerzitet u Kanzasu 2021, s. 175-195.<\/p><p>\u0160ehovi\u0107, Amela: Anglicizmi : motivatori u tvorbi glagolskih izvedenica u savremenom bosanskim jeziku.\u00a0In: <em>Bosanskohercegova\u010dki slavisti\u010dki kongres<\/em>. Eds. M. Karda\u0161, E.Me\u0161anovi\u0107-Me\u0161a. Sarajevo: Slavisti\u010dki komitet 2019, s. 229-242.<\/p>\t\t\t\t\t\t\t\t<\/div>\n\t\t\t\t<\/div>\n\t\t\t\t\t<\/div>\n\t\t\t\t<\/div>\n\t\t\t\t\t<\/div>\n\t\t\t\t<\/div>\n\t\t\t\t<section class=\"elementor-section elementor-top-section elementor-element elementor-element-7f8d1df6 elementor-section-boxed elementor-section-height-default elementor-section-height-default\" data-id=\"7f8d1df6\" data-element_type=\"section\" data-e-type=\"section\" id=\"footer_section\" data-settings=\"{&quot;background_background&quot;:&quot;classic&quot;}\">\n\t\t\t\t\t\t<div class=\"elementor-container elementor-column-gap-default\">\n\t\t\t\t\t<div class=\"elementor-column elementor-col-100 elementor-top-column elementor-element elementor-element-2e108ce3\" data-id=\"2e108ce3\" data-element_type=\"column\" data-e-type=\"column\">\n\t\t\t<div class=\"elementor-widget-wrap elementor-element-populated\">\n\t\t\t\t\t\t<section class=\"elementor-section elementor-inner-section elementor-element elementor-element-40df9d6c elementor-section-content-middle elementor-section-full_width elementor-section-height-default elementor-section-height-default\" data-id=\"40df9d6c\" data-element_type=\"section\" data-e-type=\"section\">\n\t\t\t\t\t\t<div class=\"elementor-container elementor-column-gap-no\">\n\t\t\t\t\t<div class=\"elementor-column elementor-col-50 elementor-inner-column elementor-element elementor-element-36fb78f\" data-id=\"36fb78f\" data-element_type=\"column\" data-e-type=\"column\">\n\t\t\t<div class=\"elementor-widget-wrap elementor-element-populated\">\n\t\t\t\t\t\t<div class=\"elementor-element elementor-element-1d1aaad2 elementor-widget elementor-widget-text-editor\" data-id=\"1d1aaad2\" data-element_type=\"widget\" data-e-type=\"widget\" data-widget_type=\"text-editor.default\">\n\t\t\t\t<div class=\"elementor-widget-container\">\n\t\t\t\t\t\t\t\t\t<p style=\"text-align: left;\"><span style=\"color: #ff0003;\">\u00a9 2024 \u2013 2026 | Komisia pre slovansk\u00fa slovotvorbu<\/span><\/p>\t\t\t\t\t\t\t\t<\/div>\n\t\t\t\t<\/div>\n\t\t\t\t\t<\/div>\n\t\t<\/div>\n\t\t\t\t<div class=\"elementor-column elementor-col-50 elementor-inner-column elementor-element elementor-element-2eec233\" data-id=\"2eec233\" data-element_type=\"column\" data-e-type=\"column\">\n\t\t\t<div class=\"elementor-widget-wrap elementor-element-populated\">\n\t\t\t\t\t\t<div class=\"elementor-element elementor-element-472852d6 elementor-widget elementor-widget-text-editor\" data-id=\"472852d6\" data-element_type=\"widget\" data-e-type=\"widget\" data-widget_type=\"text-editor.default\">\n\t\t\t\t<div class=\"elementor-widget-container\">\n\t\t\t\t\t\t\t\t\t<p style=\"text-align: right;\"><span style=\"color: #ff0003;\">webdesign \u00a9 2024 \u2013 2026 Marianna Kraviarov\u00e1<\/span><\/p>\t\t\t\t\t\t\t\t<\/div>\n\t\t\t\t<\/div>\n\t\t\t\t\t<\/div>\n\t\t<\/div>\n\t\t\t\t\t<\/div>\n\t\t<\/section>\n\t\t\t\t\t<\/div>\n\t\t<\/div>\n\t\t\t\t\t<\/div>\n\t\t<\/section>\n\t\t\t\t<\/div>\n\t\t","protected":false},"excerpt":{"rendered":"<p>KOMISIA PRE SLOVANSK\u00da SLOVOTVORBU PRI MEDZIN\u00c1RODNOM KOMIT\u00c9TE SLAVISTOV Amela \u0160EHOVI\u0106 &nbsp; Krajina \/ Country: Bosna i Hercegovina Afili\u00e1cia \/ Affiliation: Univerzitet u\u00a0Sarajevu Filozofski fakultet Odsjek za bosanski, hrvatski i\u00a0srpski jezik Ul. Franje Ra\u010dkog 1 71000 Sarajevo Bosna i\u00a0Hercegovina E-mail: amela.ami.sehovic@gmail.com; amela.sehovic@ff.unsa.ba Rok narodenia \/ Year of birth: 1973 \u010clen slovotvornej komisie \/ Commission membership: od [&hellip;]<\/p>\n","protected":false},"author":1,"featured_media":0,"parent":1582,"menu_order":4,"comment_status":"closed","ping_status":"closed","template":"","meta":{"footnotes":""},"class_list":["post-2676","page","type-page","status-publish","hentry"],"_links":{"self":[{"href":"https:\/\/www.ff.unipo.sk\/slovotvorna-komisia\/wp-json\/wp\/v2\/pages\/2676","targetHints":{"allow":["GET"]}}],"collection":[{"href":"https:\/\/www.ff.unipo.sk\/slovotvorna-komisia\/wp-json\/wp\/v2\/pages"}],"about":[{"href":"https:\/\/www.ff.unipo.sk\/slovotvorna-komisia\/wp-json\/wp\/v2\/types\/page"}],"author":[{"embeddable":true,"href":"https:\/\/www.ff.unipo.sk\/slovotvorna-komisia\/wp-json\/wp\/v2\/users\/1"}],"replies":[{"embeddable":true,"href":"https:\/\/www.ff.unipo.sk\/slovotvorna-komisia\/wp-json\/wp\/v2\/comments?post=2676"}],"version-history":[{"count":7,"href":"https:\/\/www.ff.unipo.sk\/slovotvorna-komisia\/wp-json\/wp\/v2\/pages\/2676\/revisions"}],"predecessor-version":[{"id":3648,"href":"https:\/\/www.ff.unipo.sk\/slovotvorna-komisia\/wp-json\/wp\/v2\/pages\/2676\/revisions\/3648"}],"up":[{"embeddable":true,"href":"https:\/\/www.ff.unipo.sk\/slovotvorna-komisia\/wp-json\/wp\/v2\/pages\/1582"}],"wp:attachment":[{"href":"https:\/\/www.ff.unipo.sk\/slovotvorna-komisia\/wp-json\/wp\/v2\/media?parent=2676"}],"curies":[{"name":"wp","href":"https:\/\/api.w.org\/{rel}","templated":true}]}}