{"id":2685,"date":"2024-05-27T22:01:56","date_gmt":"2024-05-27T20:01:56","guid":{"rendered":"https:\/\/www.ff.unipo.sk\/slovotvorna-komisia\/?page_id=2685"},"modified":"2026-01-28T23:50:53","modified_gmt":"2026-01-28T22:50:53","slug":"pastuch","status":"publish","type":"page","link":"https:\/\/www.ff.unipo.sk\/slovotvorna-komisia\/clenovia-komisie\/pastuch\/","title":{"rendered":"Magdalena PASTUCH"},"content":{"rendered":"\t\t<div data-elementor-type=\"wp-page\" data-elementor-id=\"2685\" class=\"elementor elementor-2685\">\n\t\t\t\t\t\t<section class=\"elementor-section elementor-top-section elementor-element elementor-element-92e8863 elementor-section-content-middle elementor-section-boxed elementor-section-height-default elementor-section-height-default\" data-id=\"92e8863\" data-element_type=\"section\" data-e-type=\"section\" data-settings=\"{&quot;background_background&quot;:&quot;classic&quot;}\">\n\t\t\t\t\t\t\t<div class=\"elementor-background-overlay\"><\/div>\n\t\t\t\t\t\t\t<div class=\"elementor-container elementor-column-gap-no\">\n\t\t\t\t\t<div class=\"elementor-column elementor-col-100 elementor-top-column elementor-element elementor-element-fc4e00e\" data-id=\"fc4e00e\" data-element_type=\"column\" data-e-type=\"column\">\n\t\t\t<div class=\"elementor-widget-wrap elementor-element-populated\">\n\t\t\t\t<div class=\"elementor-element elementor-element-c7da904 e-grid e-con-boxed e-con e-parent\" data-id=\"c7da904\" data-element_type=\"container\" data-e-type=\"container\">\n\t\t\t\t\t<div class=\"e-con-inner\">\n\t\t\t\t<div class=\"elementor-element elementor-element-5a61a8f elementor-widget elementor-widget-heading\" data-id=\"5a61a8f\" data-element_type=\"widget\" data-e-type=\"widget\" data-widget_type=\"heading.default\">\n\t\t\t\t<div class=\"elementor-widget-container\">\n\t\t\t\t\t<h2 class=\"elementor-heading-title elementor-size-default\">KOMISIA PRE SLOVANSK\u00da SLOVOTVORBU<\/h2>\t\t\t\t<\/div>\n\t\t\t\t<\/div>\n\t\t\t\t<div class=\"elementor-element elementor-element-0c7ff8a elementor-widget elementor-widget-text-editor\" data-id=\"0c7ff8a\" data-element_type=\"widget\" data-e-type=\"widget\" data-widget_type=\"text-editor.default\">\n\t\t\t\t<div class=\"elementor-widget-container\">\n\t\t\t\t\t\t\t\t\t<p>PRI MEDZIN\u00c1RODNOM KOMIT\u00c9TE SLAVISTOV<\/p>\t\t\t\t\t\t\t\t<\/div>\n\t\t\t\t<\/div>\n\t\t\t\t\t<\/div>\n\t\t\t\t<\/div>\n\t\t\t\t\t<\/div>\n\t\t<\/div>\n\t\t\t\t\t<\/div>\n\t\t<\/section>\n\t\t<div class=\"elementor-element elementor-element-fa458b4 e-flex e-con-boxed e-con e-parent\" data-id=\"fa458b4\" data-element_type=\"container\" data-e-type=\"container\" data-settings=\"{&quot;animation&quot;:&quot;none&quot;}\">\n\t\t\t\t\t<div class=\"e-con-inner\">\n\t\t\t\t<div class=\"elementor-element elementor-element-58424fc elementor-widget__width-inherit elementor-widget elementor-widget-heading\" data-id=\"58424fc\" data-element_type=\"widget\" data-e-type=\"widget\" data-settings=\"{&quot;_animation&quot;:&quot;none&quot;}\" data-widget_type=\"heading.default\">\n\t\t\t\t<div class=\"elementor-widget-container\">\n\t\t\t\t\t<h2 class=\"elementor-heading-title elementor-size-default\">Magdalena PASTUCH<\/h2>\t\t\t\t<\/div>\n\t\t\t\t<\/div>\n\t\t\t\t\t<\/div>\n\t\t\t\t<\/div>\n\t\t<div class=\"elementor-element elementor-element-39a3d42 e-flex e-con-boxed e-con e-parent\" data-id=\"39a3d42\" data-element_type=\"container\" data-e-type=\"container\">\n\t\t\t\t\t<div class=\"e-con-inner\">\n\t\t<div class=\"elementor-element elementor-element-eb88dd5 e-con-full e-flex e-con e-child\" data-id=\"eb88dd5\" data-element_type=\"container\" data-e-type=\"container\">\n\t\t\t\t<div class=\"elementor-element elementor-element-3f02a20 elementor-widget elementor-widget-text-editor\" data-id=\"3f02a20\" data-element_type=\"widget\" data-e-type=\"widget\" data-widget_type=\"text-editor.default\">\n\t\t\t\t<div class=\"elementor-widget-container\">\n\t\t\t\t\t\t\t\t\t<table width=\"642\">\n<tbody>\n<tr>\n<td width=\"250\"><strong>Kraj \/ Country:<\/strong><\/td>\n<td width=\"392\">Polska<\/td>\n<\/tr>\n<tr>\n<td width=\"250\"><strong>Afiliacja \/ Affiliation:<\/strong><\/td>\n<td width=\"392\">Uniwersytet \u015al\u0105ski w Katowicach<br>\n\nWydzia\u0142 Humanistyczny<br>\n\nInstytut J\u0119zykoznawstwa<br>\n\nUl. Uniwersytecka 4<br>\n\n40-007 Katowice<br>\n\nPolska<\/td>\n<\/tr>\n<tr>\n<td width=\"250\"><strong>E-mail:<\/strong><\/td>\n<td width=\"392\">magdalena.pastuch@us.edu.pl<\/td>\n<\/tr>\n<tr>\n<td width=\"250\"><strong>Rok urodzin \/ Year of birth:<\/strong><\/td>\n<td width=\"392\">1961<\/td>\n<\/tr>\n<tr>\n<td width=\"250\"><strong>Cz\u0142onkini Komisji S\u0142owotw\u00f3rczej \/Commission membership:<\/strong><\/td>\n<td width=\"392\">od r. 2015<\/td>\n<\/tr>\n<tr>\n<td width=\"250\"><strong>Tytu\u0142y i\u00a0stopnie akademickie \/Academic titles:<\/strong><\/td>\n<td width=\"392\">prof. dr hab. \/Professor<\/td>\n<\/tr>\n<tr>\n<td width=\"250\"><strong>ORCID:<\/strong><\/td>\n<td width=\"392\">0000-0001-6960-7191<\/td>\n<\/tr>\n<tr>\n<td width=\"250\"><strong>Zaonteresowania naukowe \/ Research interests:<\/strong><\/td>\n<td width=\"392\">historia j\u0119zyka, s\u0142owotw\u00f3rstwo, semantyka historyczna, pragmatyka historyczna<\/td>\n<\/tr>\n<tr>\n<td width=\"250\"><strong>Linki \/ Links:<\/strong><\/td>\n<td width=\"392\">Profil uniwersytecki<br>\n\n<a href=\"https:\/\/us.edu.pl\/instytut\/ij\/osoby\/magdalena-pastuch\/\">https:\/\/us.edu.pl\/instytut\/ij\/osoby\/magdalena-pastuch\/<\/a><br><br>\n\nPe\u0142na bibliografia:<br>\n\n<a href=\"https:\/\/us.edu.pl\/instytut\/ij\/wp-content\/uploads\/sites\/25\/Bez-kategorii\/Pastuch_Magdalena_spis_publikacji_calosc_2023.pdf\">https:\/\/us.edu.pl\/instytut\/ij\/wp-content\/uploads\/sites\/25\/Bez-kategorii\/Pastuch_Magdalena_spis_publikacji_calosc_2023.pdf<\/a><\/td>\n<\/tr>\n<\/tbody>\n<\/table>\t\t\t\t\t\t\t\t<\/div>\n\t\t\t\t<\/div>\n\t\t\t\t<\/div>\n\t\t<div class=\"elementor-element elementor-element-f12d2e4 e-con-full e-flex e-con e-child\" data-id=\"f12d2e4\" data-element_type=\"container\" data-e-type=\"container\">\n\t\t\t\t<div class=\"elementor-element elementor-element-5fc2edc elementor-widget elementor-widget-image\" data-id=\"5fc2edc\" data-element_type=\"widget\" data-e-type=\"widget\" data-widget_type=\"image.default\">\n\t\t\t\t<div class=\"elementor-widget-container\">\n\t\t\t\t\t\t\t\t\t\t\t\t\t\t\t<img fetchpriority=\"high\" decoding=\"async\" width=\"285\" height=\"300\" src=\"https:\/\/www.ff.unipo.sk\/slovotvorna-komisia\/wp-content\/uploads\/2024\/05\/pastuch-foto-X-285x300.jpg\" class=\"attachment-medium size-medium wp-image-2687\" alt=\"\" srcset=\"https:\/\/www.ff.unipo.sk\/slovotvorna-komisia\/wp-content\/uploads\/2024\/05\/pastuch-foto-X-285x300.jpg 285w, https:\/\/www.ff.unipo.sk\/slovotvorna-komisia\/wp-content\/uploads\/2024\/05\/pastuch-foto-X.jpg 424w\" sizes=\"(max-width: 285px) 100vw, 285px\" \/>\t\t\t\t\t\t\t\t\t\t\t\t\t\t\t<\/div>\n\t\t\t\t<\/div>\n\t\t\t\t<\/div>\n\t\t\t\t\t<\/div>\n\t\t\t\t<\/div>\n\t\t<div class=\"elementor-element elementor-element-7295fb1 e-flex e-con-boxed e-con e-parent\" data-id=\"7295fb1\" data-element_type=\"container\" data-e-type=\"container\">\n\t\t\t\t\t<div class=\"e-con-inner\">\n\t\t<div class=\"elementor-element elementor-element-450be4c e-flex e-con-boxed e-con e-child\" data-id=\"450be4c\" data-element_type=\"container\" data-e-type=\"container\">\n\t\t\t\t\t<div class=\"e-con-inner\">\n\t\t\t\t<div class=\"elementor-element elementor-element-be0add8 elementor-widget elementor-widget-text-editor\" data-id=\"be0add8\" data-element_type=\"widget\" data-e-type=\"widget\" data-widget_type=\"text-editor.default\">\n\t\t\t\t<div class=\"elementor-widget-container\">\n\t\t\t\t\t\t\t\t\t<h4><span style=\"color: #2c366a;\"><strong>Wybrana bibliografia \/ Selected bibliography<\/strong><\/span><\/h4><ul><li>Magdalena Pastuch, From the Speaker\u2019s Point of View\u201d \u2013 Subjectification as Pragmatic-Semantic Language Change, 2023, \u201eStudies in Polish Linguistics\u201d, Volume 18 (2023), Issue 4, s. 145-167; DOI 10.4467\/23005920SPL.23.007.18682. <a href=\"https:\/\/www.ejournals.eu\/SPL\/2023\/Issue-4\/art\/24606\/\">Online<\/a>.<\/li><li>Magdalena Pastuch, Barbara Mitrenga, Kinga W\u0105si\u0144ska, 2022, From adverb to intensifier. Corpus-based research in diachronic linguistics on the example of Polish words <em>okrutnie<\/em> [cruelly], <em>strasznie<\/em> [terribly] and <em>szalenie<\/em> [madly], \u201cJournal of Historical Pragmatics\u201d, Volume 23,\u00a0Number 2, 2022, pp. 285-326(42). <a href=\"http:\/\/doi.org\/10.1075\/jhp.19009.pas\">http:\/\/doi.org\/10.1075\/jhp.19009.pas<\/a><\/li><li>Magdalena Pastuch, 2022, \u201eLingVaria\u201d nr 2(34) s.143\u2013162, O rozwoju dyskursywnej funkcji form rozkazuj\u0105cych (na przyk\u0142adzie <em>s\u0142uchaj<\/em>). <a href=\"https:\/\/doi.org\/10.12797\/LV.17.2022.34.10\">https:\/\/doi.org\/10.12797\/LV.17.2022.34.10<\/a><\/li><li>Magdalena Pastuch, 2021, R\u00f3\u017cne oblicza prawdy. O historycznych \u017ar\u00f3d\u0142ach metatekstowych u\u017cy\u0107 prawdy, \u201ePrace Filologiczne\u201d 76\/2021, s. 425-438. DOI 32798\/pf.880; ISSN 0138-0567<\/li><li>Magdalena Pastuch, 2020, Polskie wyra\u017cenie o funkcji dopowiedzeniowej \u2013 historia i wsp\u00f3\u0142czesno\u015b\u0107, Wydawnictwo Uniwersytetu \u015al\u0105skiego, Katowice. <a href=\"https:\/\/doi.org.\/10.31262\/PN.3944\">https:\/\/doi.org.\/10.31262\/PN.3944<\/a>; ISBN 978-83-226-3883-5.<\/li><li>Magdalena Pastuch, 2018, Digital Humanities in Poland from the Perspective of the Historical Linguist of the Polish Language: Achievements, Needs, Demands Digital Scholarship in Humanities, Oxford University Press, \u201cDigital Scholarship in the Humanities\u201d, Volume 33, Issue 4, 1 December 2018, pp. 857\u2013873. <a href=\"https:\/\/doi.org\/10.1093\/llc\/fqy008\">https:\/\/doi.org\/10.1093\/llc\/fqy008<\/a> (wsp\u00f3\u0142autorstwo: Katarzyna Sujkowska-Sobisz, Joanna Przyklenk, Beata Duda, Karolina Lisczyk, Barbara Mitrenga).<\/li><li>Magdalena Pastuch, 2018, Metoda czy metodologia? Wsp\u00f3\u0142czesne potrzeby historii j\u0119zyka, [w:] Magdalena Pastuch, Miros\u0142awa Siuciak, red. Historia j\u0119zyka w XXI\u00a0 wieku. Stan i perspektywy, Wydawnictwo Uniwersytetu \u015al\u0105skiego, Katowice, ISSN 0208-6336, ISBN 978-83-226-3137-9 (wersja drukowana), ISBN 978-83-226-3138-6 (wersja elektroniczna), s. 32-44.<\/li><li>Magdalena Pastuch, 2017, Jak \u0142\u0105czy\u0107 historyczne jednostki j\u0119zyka w klasy funkcjonalne? Problemy z wyodr\u0119bnianiem dopowiedze\u0144 w materiale historycznym, \u201eJ\u0119zyk Polski\u201d, rocznik XCVII, z.4, s. 24-38, ISSN 0021-6941.<\/li><li>Magdalena Pastuch, 2015, \u201eS\u0142owa-kameleony\u201d \u2013 jak bada\u0107 dopowiedzenia w tek\u015bcie staropolskim? [w:] Jak bada\u0107 teksty staropolskie, red. T. Mika, D. Rojszczak-Robi\u0144ska, O. Stramczewska, Pozna\u0144, s. 119-135, ISBN 978-83-63664-66-4.<\/li><li>Magdalena Pastuch, 2011, Lexicalization and grammaticalization \u2013 similarities and differences (on the example of the Polish language), \u201eEast European Studies\u201d, vol. 27, (2011), p. 185-207, Seul.<\/li><li>Magdalena Pastuch, 2008, Ukryte dziedzictwo. \u015alady dawnej leksyki w s\u0142ownictwie wsp\u00f3\u0142czesnej polszczyzny, Wydawnictwo Uniwersytetu \u015al\u0105skiego, Katowice.<\/li><li>Magdalena Pastuch, 2000, Zmiany semantyczne i strukturalne czasownik\u00f3w odrzeczownikowych w polszczy\u017anie, Wydawnictwo Uniwersytetu \u015al\u0105skiego.<\/li><\/ul>\t\t\t\t\t\t\t\t<\/div>\n\t\t\t\t<\/div>\n\t\t\t\t\t<\/div>\n\t\t\t\t<\/div>\n\t\t\t\t\t<\/div>\n\t\t\t\t<\/div>\n\t\t\t\t<section class=\"elementor-section elementor-top-section elementor-element elementor-element-4222543a elementor-section-boxed elementor-section-height-default elementor-section-height-default\" data-id=\"4222543a\" data-element_type=\"section\" data-e-type=\"section\" id=\"footer_section\" data-settings=\"{&quot;background_background&quot;:&quot;classic&quot;}\">\n\t\t\t\t\t\t<div class=\"elementor-container elementor-column-gap-default\">\n\t\t\t\t\t<div class=\"elementor-column elementor-col-100 elementor-top-column elementor-element elementor-element-e598846\" data-id=\"e598846\" data-element_type=\"column\" data-e-type=\"column\">\n\t\t\t<div class=\"elementor-widget-wrap elementor-element-populated\">\n\t\t\t\t\t\t<section class=\"elementor-section elementor-inner-section elementor-element elementor-element-31d02e52 elementor-section-content-middle elementor-section-full_width elementor-section-height-default elementor-section-height-default\" data-id=\"31d02e52\" data-element_type=\"section\" data-e-type=\"section\">\n\t\t\t\t\t\t<div class=\"elementor-container elementor-column-gap-no\">\n\t\t\t\t\t<div class=\"elementor-column elementor-col-50 elementor-inner-column elementor-element elementor-element-71e6dffa\" data-id=\"71e6dffa\" data-element_type=\"column\" data-e-type=\"column\">\n\t\t\t<div class=\"elementor-widget-wrap elementor-element-populated\">\n\t\t\t\t\t\t<div class=\"elementor-element elementor-element-59fb40dd elementor-widget elementor-widget-text-editor\" data-id=\"59fb40dd\" data-element_type=\"widget\" data-e-type=\"widget\" data-widget_type=\"text-editor.default\">\n\t\t\t\t<div class=\"elementor-widget-container\">\n\t\t\t\t\t\t\t\t\t<p style=\"text-align: left;\"><span style=\"color: #ff0003;\">\u00a9 2024 \u2013 2026 | Komisia pre slovansk\u00fa slovotvorbu<\/span><\/p>\t\t\t\t\t\t\t\t<\/div>\n\t\t\t\t<\/div>\n\t\t\t\t\t<\/div>\n\t\t<\/div>\n\t\t\t\t<div class=\"elementor-column elementor-col-50 elementor-inner-column elementor-element elementor-element-1c40b458\" data-id=\"1c40b458\" data-element_type=\"column\" data-e-type=\"column\">\n\t\t\t<div class=\"elementor-widget-wrap elementor-element-populated\">\n\t\t\t\t\t\t<div class=\"elementor-element elementor-element-f0bdc9b elementor-widget elementor-widget-text-editor\" data-id=\"f0bdc9b\" data-element_type=\"widget\" data-e-type=\"widget\" data-widget_type=\"text-editor.default\">\n\t\t\t\t<div class=\"elementor-widget-container\">\n\t\t\t\t\t\t\t\t\t<p style=\"text-align: right;\"><span style=\"color: #ff0003;\">webdesign \u00a9 2024 \u2013 2026 Marianna Kraviarov\u00e1<\/span><\/p>\t\t\t\t\t\t\t\t<\/div>\n\t\t\t\t<\/div>\n\t\t\t\t\t<\/div>\n\t\t<\/div>\n\t\t\t\t\t<\/div>\n\t\t<\/section>\n\t\t\t\t\t<\/div>\n\t\t<\/div>\n\t\t\t\t\t<\/div>\n\t\t<\/section>\n\t\t\t\t<\/div>\n\t\t","protected":false},"excerpt":{"rendered":"<p>KOMISIA PRE SLOVANSK\u00da SLOVOTVORBU PRI MEDZIN\u00c1RODNOM KOMIT\u00c9TE SLAVISTOV Magdalena PASTUCH Kraj \/ Country: Polska Afiliacja \/ Affiliation: Uniwersytet \u015al\u0105ski w Katowicach Wydzia\u0142 Humanistyczny Instytut J\u0119zykoznawstwa Ul. Uniwersytecka 4 40-007 Katowice Polska E-mail: magdalena.pastuch@us.edu.pl Rok urodzin \/ Year of birth: 1961 Cz\u0142onkini Komisji S\u0142owotw\u00f3rczej \/Commission membership: od r. 2015 Tytu\u0142y i\u00a0stopnie akademickie \/Academic titles: prof. dr [&hellip;]<\/p>\n","protected":false},"author":1,"featured_media":0,"parent":1582,"menu_order":5,"comment_status":"closed","ping_status":"closed","template":"","meta":{"footnotes":""},"class_list":["post-2685","page","type-page","status-publish","hentry"],"_links":{"self":[{"href":"https:\/\/www.ff.unipo.sk\/slovotvorna-komisia\/wp-json\/wp\/v2\/pages\/2685","targetHints":{"allow":["GET"]}}],"collection":[{"href":"https:\/\/www.ff.unipo.sk\/slovotvorna-komisia\/wp-json\/wp\/v2\/pages"}],"about":[{"href":"https:\/\/www.ff.unipo.sk\/slovotvorna-komisia\/wp-json\/wp\/v2\/types\/page"}],"author":[{"embeddable":true,"href":"https:\/\/www.ff.unipo.sk\/slovotvorna-komisia\/wp-json\/wp\/v2\/users\/1"}],"replies":[{"embeddable":true,"href":"https:\/\/www.ff.unipo.sk\/slovotvorna-komisia\/wp-json\/wp\/v2\/comments?post=2685"}],"version-history":[{"count":7,"href":"https:\/\/www.ff.unipo.sk\/slovotvorna-komisia\/wp-json\/wp\/v2\/pages\/2685\/revisions"}],"predecessor-version":[{"id":3652,"href":"https:\/\/www.ff.unipo.sk\/slovotvorna-komisia\/wp-json\/wp\/v2\/pages\/2685\/revisions\/3652"}],"up":[{"embeddable":true,"href":"https:\/\/www.ff.unipo.sk\/slovotvorna-komisia\/wp-json\/wp\/v2\/pages\/1582"}],"wp:attachment":[{"href":"https:\/\/www.ff.unipo.sk\/slovotvorna-komisia\/wp-json\/wp\/v2\/media?parent=2685"}],"curies":[{"name":"wp","href":"https:\/\/api.w.org\/{rel}","templated":true}]}}