{"id":2694,"date":"2024-05-27T22:12:27","date_gmt":"2024-05-27T20:12:27","guid":{"rendered":"https:\/\/www.ff.unipo.sk\/slovotvorna-komisia\/?page_id=2694"},"modified":"2026-01-28T23:51:30","modified_gmt":"2026-01-28T22:51:30","slug":"milasin","status":"publish","type":"page","link":"https:\/\/www.ff.unipo.sk\/slovotvorna-komisia\/clenovia-komisie\/milasin\/","title":{"rendered":"\u0413\u043e\u0440\u0430\u043d \u041c\u0418\u041b\u0410\u0428\u0418\u041d"},"content":{"rendered":"\t\t<div data-elementor-type=\"wp-page\" data-elementor-id=\"2694\" class=\"elementor elementor-2694\">\n\t\t\t\t\t\t<section class=\"elementor-section elementor-top-section elementor-element elementor-element-92e8863 elementor-section-content-middle elementor-section-boxed elementor-section-height-default elementor-section-height-default\" data-id=\"92e8863\" data-element_type=\"section\" data-e-type=\"section\" data-settings=\"{&quot;background_background&quot;:&quot;classic&quot;}\">\n\t\t\t\t\t\t\t<div class=\"elementor-background-overlay\"><\/div>\n\t\t\t\t\t\t\t<div class=\"elementor-container elementor-column-gap-no\">\n\t\t\t\t\t<div class=\"elementor-column elementor-col-100 elementor-top-column elementor-element elementor-element-fc4e00e\" data-id=\"fc4e00e\" data-element_type=\"column\" data-e-type=\"column\">\n\t\t\t<div class=\"elementor-widget-wrap elementor-element-populated\">\n\t\t\t\t<div class=\"elementor-element elementor-element-c7da904 e-grid e-con-boxed e-con e-parent\" data-id=\"c7da904\" data-element_type=\"container\" data-e-type=\"container\">\n\t\t\t\t\t<div class=\"e-con-inner\">\n\t\t\t\t<div class=\"elementor-element elementor-element-5a61a8f elementor-widget elementor-widget-heading\" data-id=\"5a61a8f\" data-element_type=\"widget\" data-e-type=\"widget\" data-widget_type=\"heading.default\">\n\t\t\t\t<div class=\"elementor-widget-container\">\n\t\t\t\t\t<h2 class=\"elementor-heading-title elementor-size-default\">KOMISIA PRE SLOVANSK\u00da SLOVOTVORBU<\/h2>\t\t\t\t<\/div>\n\t\t\t\t<\/div>\n\t\t\t\t<div class=\"elementor-element elementor-element-0c7ff8a elementor-widget elementor-widget-text-editor\" data-id=\"0c7ff8a\" data-element_type=\"widget\" data-e-type=\"widget\" data-widget_type=\"text-editor.default\">\n\t\t\t\t<div class=\"elementor-widget-container\">\n\t\t\t\t\t\t\t\t\t<p>PRI MEDZIN\u00c1RODNOM KOMIT\u00c9TE SLAVISTOV<\/p>\t\t\t\t\t\t\t\t<\/div>\n\t\t\t\t<\/div>\n\t\t\t\t\t<\/div>\n\t\t\t\t<\/div>\n\t\t\t\t\t<\/div>\n\t\t<\/div>\n\t\t\t\t\t<\/div>\n\t\t<\/section>\n\t\t<div class=\"elementor-element elementor-element-fa458b4 e-flex e-con-boxed e-con e-parent\" data-id=\"fa458b4\" data-element_type=\"container\" data-e-type=\"container\" data-settings=\"{&quot;animation&quot;:&quot;none&quot;}\">\n\t\t\t\t\t<div class=\"e-con-inner\">\n\t\t\t\t<div class=\"elementor-element elementor-element-58424fc elementor-widget__width-inherit elementor-widget elementor-widget-heading\" data-id=\"58424fc\" data-element_type=\"widget\" data-e-type=\"widget\" data-settings=\"{&quot;_animation&quot;:&quot;none&quot;}\" data-widget_type=\"heading.default\">\n\t\t\t\t<div class=\"elementor-widget-container\">\n\t\t\t\t\t<h2 class=\"elementor-heading-title elementor-size-default\">\u0413\u043e\u0440\u0430\u043d \u041c\u0418\u041b\u0410\u0428\u0418\u041d<\/h2>\t\t\t\t<\/div>\n\t\t\t\t<\/div>\n\t\t\t\t\t<\/div>\n\t\t\t\t<\/div>\n\t\t<div class=\"elementor-element elementor-element-39a3d42 e-flex e-con-boxed e-con e-parent\" data-id=\"39a3d42\" data-element_type=\"container\" data-e-type=\"container\">\n\t\t\t\t\t<div class=\"e-con-inner\">\n\t\t<div class=\"elementor-element elementor-element-eb88dd5 e-con-full e-flex e-con e-child\" data-id=\"eb88dd5\" data-element_type=\"container\" data-e-type=\"container\">\n\t\t\t\t<div class=\"elementor-element elementor-element-3f02a20 elementor-widget elementor-widget-text-editor\" data-id=\"3f02a20\" data-element_type=\"widget\" data-e-type=\"widget\" data-widget_type=\"text-editor.default\">\n\t\t\t\t<div class=\"elementor-widget-container\">\n\t\t\t\t\t\t\t\t\t<table width=\"642\">\n<tbody>\n<tr>\n<td width=\"250\"><strong>\u0414\u0440\u0436\u0430\u0432\u0430 \/ Country:<\/strong><\/td>\n<td width=\"392\">\u0420\u0435\u043f\u0443\u0431\u043b\u0438\u043a\u0430 \u0421\u0440\u043f\u0441\u043a\u0430 \/ \u0411\u043e\u0441\u043d\u0430 \u0438 \u0425\u0435\u0440\u0446\u0435\u0433\u043e\u0432\u0438\u043d\u0430<\/td>\n<\/tr>\n<tr>\n<td width=\"250\"><strong>\u0410\u0444\u0438\u043b\u0438\u0458\u0430\u0446\u0438\u0458\u0430 \/ Affiliation:<\/strong><\/td>\n<td width=\"392\">\u0423\u043d\u0438\u0432\u0435\u0440\u0437\u0438\u0442\u0435\u0442 \u0443 \u0411\u0430\u045a\u043e\u0458 \u041b\u0443\u0446\u0438<br>\n\n\u0424\u0438\u043b\u043e\u043b\u043e\u0448\u043a\u0438 \u0444\u0430\u043a\u0443\u043b\u0442\u0435\u0442<br>\n\n\u041a\u0430\u0442\u0435\u0434\u0440\u0430 \u0437\u0430 \u0441\u0440\u0431\u0438\u0441\u0442\u0438\u043a\u0443<br>\n\n\u0411\u0443\u043b\u0435\u0432\u0430\u0440 \u0432\u043e\u0458\u0432\u043e\u0434\u0435 \u041f\u0435\u0442\u0440\u0430 \u0411\u043e\u0458\u043e\u0432\u0438\u045b\u0430 1\u0410<br>\n\n78 000 \u0411\u0430\u045a\u0430 \u041b\u0443\u043a\u0430<br>\n\n\u0420\u0435\u043f\u0443\u0431\u043b\u0438\u043a\u0430 \u0421\u0440\u043f\u0441\u043a\u0430 \/ \u0411\u043e\u0441\u043d\u0430 \u0438 \u0425\u0435\u0440\u0446\u0435\u0433\u043e\u0432\u0438\u043d\u0430<\/td>\n<\/tr>\n<tr>\n<td width=\"250\"><strong>E-mail:<\/strong><\/td>\n<td width=\"392\">goran.milasin@flf.unibl.org<\/td>\n<\/tr>\n<tr>\n<td width=\"250\"><strong>\u0413\u043e\u0434\u0438\u043d\u0430 \u0440\u043e\u0452\u0435\u045a\u0430 \/ Year of birth:<\/strong><\/td>\n<td width=\"392\">1982<\/td>\n<\/tr>\n<tr>\n<td width=\"250\"><strong>\u0427\u043b\u0430\u043d \u041a\u043e\u043c\u0438\u0441\u0438\u0458\u0435 \u0437\u0430 \u0442\u0432\u043e\u0440\u0431\u0443 \u0440\u0438\u0458\u0435\u0447\u0438 \/ Commission membership:<\/strong><\/td>\n<td width=\"392\">\u043e\u0434 2017 \u0433\u043e\u0434<\/td>\n<\/tr>\n<tr>\n<td width=\"250\"><strong>\u0410\u043a\u0430\u0434\u0435\u043c\u0441\u043a\u0430 \u0437\u0432\u0430\u045a\u0430 \/ Academic titles:<\/strong><\/td>\n<td width=\"392\">\u043f\u0440\u043e\u0444. \u043c\u0440<\/td>\n<\/tr>\n<tr>\n<td width=\"250\"><strong>ORCID:<\/strong><\/td>\n<td width=\"392\">0000-0002-6502-5976<\/td>\n<\/tr>\n<tr>\n<td width=\"250\"><strong>\u041d\u0430\u0443\u0447\u043d\u0430 \u0438\u043d\u0442\u0435\u0440\u0435\u0441\u043e\u0432\u0430\u045a\u0430 \/ Research interests:<\/strong><\/td>\n<td width=\"392\">\u0434\u0435\u0440\u0438\u0432\u0430\u0442\u043e\u043b\u043e\u0433\u0438\u0458\u0430, \u0441\u0442\u0438\u043b\u0438\u0441\u0442\u0438\u043a\u0430, \u043a\u043e\u0433\u043d\u0438\u0442\u0438\u0432\u043d\u0430 \u0441\u0435\u043c\u0430\u043d\u0442\u0438\u043a\u0430<\/td>\n<\/tr>\n<tr>\n<td width=\"250\"><strong>\u041b\u0438\u043d\u043a\u043e\u0432\u0438 \/ Links:<\/strong><\/td>\n<td width=\"392\">\u0423\u043d\u0438\u0432\u0435\u0440\u0437\u0438\u0442\u0435\u0442\u0441\u043a\u0438 \u043f\u0440\u043e\u0444\u0438\u043b:<br>\n\n<a href=\"https:\/\/www.flf.unibl.org\/akademsko-osoblje\/goran-milasin\/\">https:\/\/www.flf.unibl.org\/akademsko-osoblje\/goran-milasin\/<\/a><br><br>\n\n\u0411\u0438\u0431\u043b\u0438\u043e\u0433\u0440\u0430\u0444\u0438\u0458\u0430:<br>\n\n<a href=\"https:\/\/www.unibl.org\/fis\/zaposlen\/3136-goran-milasin\">https:\/\/www.unibl.org\/fis\/zaposlen\/3136-goran-milasin<\/a>\n\n&nbsp;<\/td>\n<\/tr>\n<\/tbody>\n<\/table>\t\t\t\t\t\t\t\t<\/div>\n\t\t\t\t<\/div>\n\t\t\t\t<\/div>\n\t\t<div class=\"elementor-element elementor-element-f12d2e4 e-con-full e-flex e-con e-child\" data-id=\"f12d2e4\" data-element_type=\"container\" data-e-type=\"container\">\n\t\t\t\t<div class=\"elementor-element elementor-element-5fc2edc elementor-widget elementor-widget-image\" data-id=\"5fc2edc\" data-element_type=\"widget\" data-e-type=\"widget\" data-widget_type=\"image.default\">\n\t\t\t\t<div class=\"elementor-widget-container\">\n\t\t\t\t\t\t\t\t\t\t\t\t\t\t\t<img fetchpriority=\"high\" decoding=\"async\" width=\"236\" height=\"300\" src=\"https:\/\/www.ff.unipo.sk\/slovotvorna-komisia\/wp-content\/uploads\/2024\/05\/milasin-foto-X-236x300.jpg\" class=\"attachment-medium size-medium wp-image-2696\" alt=\"\" srcset=\"https:\/\/www.ff.unipo.sk\/slovotvorna-komisia\/wp-content\/uploads\/2024\/05\/milasin-foto-X-236x300.jpg 236w, https:\/\/www.ff.unipo.sk\/slovotvorna-komisia\/wp-content\/uploads\/2024\/05\/milasin-foto-X.jpg 358w\" sizes=\"(max-width: 236px) 100vw, 236px\" \/>\t\t\t\t\t\t\t\t\t\t\t\t\t\t\t<\/div>\n\t\t\t\t<\/div>\n\t\t\t\t<\/div>\n\t\t\t\t\t<\/div>\n\t\t\t\t<\/div>\n\t\t<div class=\"elementor-element elementor-element-7295fb1 e-flex e-con-boxed e-con e-parent\" data-id=\"7295fb1\" data-element_type=\"container\" data-e-type=\"container\">\n\t\t\t\t\t<div class=\"e-con-inner\">\n\t\t<div class=\"elementor-element elementor-element-450be4c e-flex e-con-boxed e-con e-child\" data-id=\"450be4c\" data-element_type=\"container\" data-e-type=\"container\">\n\t\t\t\t\t<div class=\"e-con-inner\">\n\t\t\t\t<div class=\"elementor-element elementor-element-be0add8 elementor-widget elementor-widget-text-editor\" data-id=\"be0add8\" data-element_type=\"widget\" data-e-type=\"widget\" data-widget_type=\"text-editor.default\">\n\t\t\t\t<div class=\"elementor-widget-container\">\n\t\t\t\t\t\t\t\t\t<h4><span style=\"color: #2c366a;\"><strong>\u0418\u0437\u0431\u043e\u0440 \u0438\u0437 \u0431\u0438\u0431\u043b\u0438\u043e\u0433\u0440\u0430\u0444\u0438\u0458\u0435 \/ Selected bibliography<\/strong><\/span><\/h4><p><span style=\"color: #2c366a;\"><strong style=\"background-color: transparent; text-align: var(--text-align);\">I. \u041a\u045a\u0438\u0433\u0435 (\u043c\u043e\u043d\u043e\u0433\u0440\u0430\u0444\u0438\u0458\u0435, \u0443\u045f\u0431\u0435\u043d\u0438\u0446\u0438, \u0440\u0458\u0435\u0447\u043d\u0438\u0446\u0438) \/ Books (monographs, text-books, dictionaries)<\/strong><\/span><\/p><p><span style=\"color: #2c366a;\"><strong style=\"background-color: transparent; text-align: var(--text-align);\">a) \u0410\u0443\u0442\u043e\u0440, \u043a\u043e\u0430\u0443\u0442\u043e\u0440 \/ author, co-author<\/strong><\/span><\/p><p>\u2013<\/p><p><span style=\"color: #2c366a;\"><strong style=\"background-color: transparent; text-align: var(--text-align);\">\u0431) \u0423\u0440\u0435\u0434\u043d\u0438\u043a \/ editor, co-editor<\/strong><\/span><\/p><p>\u0414\u043e\u0458\u0447\u0438\u043d\u043e\u0432\u0438\u045b, \u0414. \u2013 \u041c\u0438\u043b\u0430\u0448\u0438\u043d, \u0413. (\u0443\u0440.): \u041c\u0443\u043b\u0442\u0438\u043c\u0435\u0434\u0438\u0458\u0430\u043b\u043d\u0430 \u0441\u0442\u0438\u043b\u0438\u0441\u0442\u0438\u043a\u0430: \u0417\u0431\u043e\u0440\u043d\u0438\u043a \u0440\u0430\u0434\u043e\u0432\u0430 \u0441\u0430 \u0447\u0435\u0442\u0432\u0440\u0442\u0435 \u043a\u043e\u043d\u0444\u0435\u0440\u0435\u043d\u0446\u0438\u0458\u0435 \u041a\u043e\u043c\u0438\u0441\u0438\u0458\u0435 \u0437\u0430 \u0441\u0442\u0438\u043b\u0438\u0441\u0442\u0438\u043a\u0443 \u043f\u0440\u0438 \u041c\u0435\u0452\u0443\u043d\u0430\u0440\u043e\u0434\u043d\u043e\u043c \u043a\u043e\u043c\u0438\u0442\u0435\u0442\u0443 \u0441\u043b\u0430\u0432\u0438\u0441\u0442\u0430, \u043e\u0434\u0440\u0436\u0430\u043d\u0435 18\u201320. \u043c\u0430\u0458\u0430 2017. \u0411\u0430\u045a\u0430 \u041b\u0443\u043a\u0430 \u2013 \u0413\u0440\u0430\u0446 2018.<\/p><p><span style=\"color: #2c366a;\"><strong style=\"background-color: transparent; text-align: var(--text-align);\">\u0432) \u041f\u043e\u0433\u043b\u0430\u0432\u0459\u0430 \u0443 \u043c\u043e\u043d\u043e\u0433\u0440\u0430\u0444\u0438\u0458\u0438 \/ Chapters in monographs<\/strong><\/span><\/p><p>\u041c\u0438\u043b\u0430\u0448\u0438\u043d, \u0413\u043e\u0440\u0430\u043d: \u041b\u0438\u043d\u0433\u0432\u043e\u0441\u0442\u0438\u043b\u0438\u0441\u0442\u0438\u043a\u0430 \u0443 \u0420\u0435\u043f\u0443\u0431\u043b\u0438\u0446\u0438 \u0421\u0440\u043f\u0441\u043a\u043e\u0458 \u043d\u0430 \u0440\u0430\u0437\u043c\u0435\u0452\u0443 XX \u0438 XXI \u0432\u0438\u0458\u0435\u043a\u0430. \u0423: \u0421\u0442\u0438\u043b\u0438\u0441\u0442\u0438\u043a\u0430 \u0441\u043b\u0430\u0432\u044f\u043d\u0441\u043a\u0438\u0445 \u0441\u0442\u0440\u0430\u043d \u043d\u0430 \u0440\u0443\u0431\u0435\u0436\u0435 XX\u2013XXI \u0432\u0435\u043a\u043e\u0432. \u0423\u0440. \u0421. \u0413\u0430\u0439\u0434\u0430 \u2013 \u0411.<\/p><p>\u0422\u043e\u0448\u043e\u0432\u0438\u0447 \u2013 \u041d. \u041a\u043b\u0443\u0448\u0438\u043d\u0430 \u2013 \u0422. \u0418\u0446\u043a\u043e\u0432\u0438\u0447. \u041c\u043e\u0441\u043a\u0432\u0430: \u0424\u043b\u0438\u043d\u0442\u0430 2023, \u0441. 292\u2013298.<\/p><p><span style=\"color: #2c366a;\"><strong style=\"background-color: transparent; text-align: var(--text-align);\">II. \u0421\u0442\u0443\u0434\u0438\u0458\u0435 (\u0447\u043b\u0430\u043d\u0446\u0438 \u0443 \u0447\u0430\u0441\u043e\u043f\u0438\u0441\u0438\u043c\u0430, \u0437\u0431\u043e\u0440\u043d\u0438\u0446\u0438\u043c\u0430 \u0438\u0442\u0434.) \/ Studies (journal articles, proceedings papers, etc.)<\/strong><\/span><\/p><p>\u041c\u0438\u043b\u0430\u0448\u0438\u043d, \u0413\u043e\u0440\u0430\u043d: \u041e \u043a\u043e\u043d\u0441\u0442\u0440\u0443\u043a\u0446\u0438\u0458\u0430\u043c\u0430 \u0441 \u043f\u0440\u0438\u0458\u0435\u0434\u043b\u043e\u0433\u043e\u043c \u043f\u043e \u0443 \u0440\u043e\u043c\u0430\u043d\u0438\u043c\u0430 \u0413\u043e\u0441\u043f\u043e\u0452\u0438\u0446\u0430 \u0438 \u041f\u0440\u043e\u043a\u043b\u0435\u0442\u0430 \u0430\u0432\u043b\u0438\u0458\u0430 \u0418\u0432\u0435 \u0410\u043d\u0434\u0440\u0438\u045b\u0430. \u0423: \u0424\u0438\u043b\u043e\u043b\u043e\u0433 \u2013 \u0447\u0430\u0441\u043e\u043f\u0438\u0441 \u0437\u0430 \u0458\u0435\u0437\u0438\u043a, \u043a\u045a\u0438\u0436\u0435\u0432\u043d\u043e\u0441\u0442 \u0438 \u043a\u0443\u043b\u0442\u0443\u0440\u0443, 2023, XIV, 27, \u0441. 204\u2013235.<\/p><p>\u041c\u0438\u043b\u0430\u0448\u0438\u043d, \u0413\u043e\u0440\u0430\u043d: \u041e \u0441\u0442\u0438\u043b\u0441\u043a\u043e-\u0458\u0435\u0437\u0438\u0447\u043a\u0438\u043c \u043e\u0441\u043e\u0431\u0435\u043d\u043e\u0441\u0442\u0438\u043c\u0430 \u043f\u0440\u0438\u043f\u043e\u0432\u0438\u0458\u0435\u0442\u043a\u0435 \u0411\u0438\u0444\u0435 \u2019\u0422\u0438\u0442\u0430\u043d\u0438\u043a\u2019 \u0418\u0432\u0435 \u0410\u043d\u0434\u0440\u0438\u045b\u0430. \u0423: To\u0161ovi\u0107, B. (\u0443\u0440.): Andri\u0107eva pripovijetka. Graz \u2013 \u0411\u0430\u045a\u0430 \u041b\u0443\u043a\u0430 \u2013 \u0411\u0435\u043e\u0433\u0440\u0430\u0434 \u2013 \u0421\u043e\u043a\u043e\u0431\u0430\u045a\u0430: Institut f\u00fcr Slawistik der Karl-Franzens-Universit\u00e4t Graz \u2013 \u041d\u0430\u0440\u043e\u0434\u043d\u0430 \u0438 \u0443\u043d\u0438\u0432\u0435\u0440\u0437\u0438\u0442\u0435\u0442\u0441\u043a\u0430 \u0431\u0438\u0431\u043b\u0438\u043e\u0442\u0435\u043a\u0430 \u0420\u0435\u043f\u0443\u0431\u043b\u0438\u043a\u0435 \u0421\u0440\u043f\u0441\u043a\u0435 \u2013 \u0421\u0432\u0435\u0442 \u043a\u045a\u0438\u0433\u0435 \u2013 Nmlibris \u2013 \u041d\u0430\u0440\u043e\u0434\u043d\u0430 \u0431\u0438\u0431\u043b\u0438\u043e\u0442\u0435\u043a\u0430 \u201e\u0421\u0442\u0435\u0432\u0430\u043d \u0421\u0440\u0435\u043c\u0430\u0446\u201d, 2022, \u0441. 597\u2013631.<\/p><p>\u041c\u0438\u043b\u0430\u0448\u0438\u043d, \u0413\u043e\u0440\u0430\u043d: \u0408\u0435\u0437\u0438\u0447\u043a\u0430 \u0441\u043b\u0438\u043a\u0430 \u0441\u0432\u0438\u0458\u0435\u0442\u0430 \u0443 \u0434\u0438\u0433\u0438\u0442\u0430\u043b\u043d\u043e \u0434\u043e\u0431\u0430. \u0423: \u0410\u043a\u0442\u0443\u0430\u043b\u044c\u043d\u044b\u0435 \u043f\u0440\u043e\u0431\u043b\u0435\u043c\u044b \u0441\u0442\u0438\u043b\u0438\u0441\u0442\u0438\u043a\u0438, 2021, 7, \u0441. 187\u2013195.<\/p><p>\u041c\u0438\u043b\u0430\u0448\u0438\u043d, \u0413\u043e\u0440\u0430\u043d: \u0418\u043d\u0434\u0438\u0432\u0438\u0434\u0443\u0430\u043b\u0438\u0437\u043c\u0438 \u0443 \u0458\u0435\u0437\u0438\u043a\u0443 \u0422\u0432\u0438\u0442\u0435\u0440\u0430. \u0423: \u0420\u0438\u0441\u0442\u0438\u045b, \u0421. \u2013 \u041b\u0430\u0437\u0438\u045b \u041a\u043e\u045a\u0438\u043a, \u0418. \u2013 \u0418\u0432\u0430\u043d\u043e\u0432\u0438\u045b, \u041d. (\u0443\u0440.): \u041b\u0435\u043a\u0441\u0438\u043a\u043e\u0433\u0440\u0430\u0444\u0438\u0458\u0430 \u0438 \u043b\u0435\u043a\u0441\u0438\u043a\u043e\u043b\u043e\u0433\u0438\u0458\u0430 \u0443 \u0441\u0432\u0435\u0442\u043b\u0443 \u0430\u043a\u0442\u0443\u0435\u043b\u043d\u0438\u0445 \u043f\u0440\u043e\u0431\u043b\u0435\u043c\u0430: \u0417\u0431\u043e\u0440\u043d\u0438\u043a \u043d\u0430\u0443\u0447\u043d\u0438\u0445 \u0440\u0430\u0434\u043e\u0432\u0430, \u0411\u0435\u043e\u0433\u0440\u0430\u0434: \u0418\u043d\u0441\u0442\u0438\u0442\u0443\u0442 \u0437\u0430 \u0441\u0440\u043f\u0441\u043a\u0438 \u0458\u0435\u0437\u0438\u043a \u0421\u0410\u041d\u0423, 2021, \u0441. 725\u2013744.<\/p><p>\u041c\u0438\u043b\u0430\u0448\u0438\u043d, \u0413\u043e\u0440\u0430\u043d: \u0408\u0435\u0437\u0438\u043a \u0438\u0437\u043c\u0435\u0452\u0443 \u0458\u0443\u0442\u0458\u0443\u0431\u0435\u0440\u0430 \u0438 \u0431\u0443\u043c\u0435\u0440\u0430: \u043e \u043d\u0435\u043a\u0438\u043c \u0442\u0435\u043d\u0434\u0435\u043d\u0446\u0438\u0458\u0430\u043c\u0430, \u043d\u043e\u0432\u0438\u043c \u0440\u0438\u0458\u0435\u0447\u0438\u043c\u0430 \u0438 \u0438\u0437\u0440\u0430\u0437\u0438\u043c\u0430 \u0443 \u0441\u0440\u043f\u0441\u043a\u043e\u043c \u0458\u0435\u0437\u0438\u043a\u0443. \u0423 \u0428\u043c\u0443\u0459\u0430, \u0421. (\u0443\u0440.): Philologia Serbica: \u041f\u043e\u0440\u043e\u0434\u0438\u0446\u0430 \u0438 \u043f\u043e\u0440\u043e\u0434\u0438\u0447\u043d\u0438 \u043e\u0434\u043d\u043e\u0441\u0438 \u0443 \u0441\u0440\u043f\u0441\u043a\u043e\u043c \u0458\u0435\u0437\u0438\u043a\u0443, \u043a\u045a\u0438\u0436\u0435\u0432\u043d\u043e\u0441\u0442\u0438 \u0438 \u043a\u0443\u043b\u0442\u0443\u0440\u0438. \u0411\u0430\u045a\u0430 \u041b\u0443\u043a\u0430: \u0424\u0438\u043b\u043e\u043b\u043e\u0448\u043a\u0438 \u0444\u0430\u043a\u0443\u043b\u0442\u0435\u0442 \u0423\u043d\u0438\u0432\u0435\u0440\u0437\u0438\u0442\u0435\u0442\u0430 \u0443 \u0411\u0430\u045a\u043e\u0458 \u041b\u0443\u0446\u0438, 2021, \u0441. 60\u201394.<\/p><p>\u041c\u0438\u043b\u0430\u0448\u0438\u043d, \u0413\u043e\u0440\u0430\u043d: \u0422\u0432\u043e\u0440\u0431\u0435\u043d\u0438 \u0440\u0435\u0441\u0443\u0440\u0441\u0438 \u0440\u0435\u043a\u043b\u0430\u043c\u043d\u043e\u0433 \u0434\u0438\u0441\u043a\u0443\u0440\u0441\u0430 \u0443 \u0441\u0440\u043f\u0441\u043a\u043e\u043c \u0458\u0435\u0437\u0438\u043a\u0443. \u0423: Kowalski, P. (\u0443\u0440.): S\u0142owotw\u00f3rstwo w przestrzeni komunikacyjnej. Warszawa: Instytut Slawistyki Polskiej Akademii Nauk, 2021, \u0441. 231\u2013249.<\/p><p>\u041c\u0438\u043b\u0430\u0448\u0438\u043d, \u0413\u043e\u0440\u0430\u043d: \u041e \u043e\u0434\u043b\u0438\u043a\u0430\u043c\u0430 \u0440\u0435\u043a\u043b\u0430\u043c\u043d\u043e\u0433 \u0441\u0442\u0438\u043b\u0430. \u0423: \u0410\u043a\u0442\u0443\u0430\u043b\u044c\u043d\u044b\u0435 \u043f\u0440\u043e\u0431\u043b\u0435\u043c\u044b \u0441\u0442\u0438\u043b\u0438\u0441\u0442\u0438\u043a\u0438, 2020, 6, \u0441. 58\u201366.<\/p><p>\u041c\u0438\u043b\u0430\u0448\u0438\u043d, \u0413\u043e\u0440\u0430\u043d: \u0423\u043d\u0438\u0432\u0435\u0440\u0431\u0438\u0437\u0430\u0446\u0438\u0458\u0430 \u0438\u0437 \u0443\u0433\u043b\u0430 \u0441\u0440\u043f\u0441\u043a\u0435 \u0434\u0435\u0440\u0438\u0432\u0430\u0442\u043e\u043b\u043e\u0433\u0438\u0458\u0435. \u0423: \u0408\u0443\u0436\u043d\u043e\u0441\u043b\u043e\u0432\u0435\u043d\u0441\u043a\u0438 \u0444\u0438\u043b\u043e\u043b\u043e\u0433, \u0418\u043d\u0441\u0442\u0438\u0442\u0443\u0442 \u0437\u0430 \u0441\u0440\u043f\u0441\u043a\u0438 \u0458\u0435\u0437\u0438\u043a \u0421\u0410\u041d\u0423, 2018, 74, 2, \u0441. 199\u2013215.<\/p><p>\u041c\u0438\u043b\u0430\u0448\u0438\u043d, \u0413\u043e\u0440\u0430\u043d: \u0411\u0438\u0440\u043e\u043a\u0440\u0430\u0442\u0438\u0437\u0430\u0446\u0438\u0458\u0430 \u0438 \u0436\u0430\u0440\u0433\u043e\u043d \u043a\u0430\u043e \u0430\u043d\u0442\u0438\u043f\u043e\u0434\u0438 \u0443 \u0458\u0435\u0437\u0438\u043a\u0443 \u0448\u0442\u0430\u043c\u043f\u0435. \u0423: \u0410\u043a\u0442\u0443\u0430\u043b\u044c\u043d\u044b\u0435 \u043f\u0440\u043e\u0431\u043b\u0435\u043c\u044b \u0441\u0442\u0438\u043b\u0438\u0441\u0442\u0438\u043a\u0438, 2018, 4, 170\u2013175.<\/p><p>\u041c\u0438\u043b\u0430\u0448\u0438\u043d, \u0413\u043e\u0440\u0430\u043d: \u041e \u0458\u0435\u0437\u0438\u043a\u0443 \u0422\u0432\u0438\u0442\u0435\u0440\u0430 \u0441\u0430 \u0434\u0435\u0440\u0438\u0432\u0430\u0442\u043e\u043b\u043e\u0448\u043a\u043e\u0433 \u0441\u0442\u0430\u043d\u043e\u0432\u0438\u0448\u0442\u0430. \u0423: To\u0161ovi\u0107, B. \u2013 Wonisch, \u0410. (\u0443\u0440.): Wortbildung und Internet. Graz: Institut f\u00fcr Slawistik der Karl-Franzens-Universit\u00e4t Graz \u2013 \u041a\u043e\u043c\u0438\u0441\u0438\u0458\u0430 \u0437\u0430 \u0442\u0432\u043e\u0440\u0431\u0443 \u0440\u0438\u0458\u0435\u0447\u0438 \u043f\u0440\u0438 \u041c\u0435\u0452\u0443\u043d\u0430\u0440\u043e\u0434\u043d\u043e\u043c \u043a\u043e\u043c\u0438\u0442\u0435\u0442\u0443 \u0441\u043b\u0430\u0432\u0438\u0441\u0442\u0430, 2016, \u0441. 225\u2013253.<\/p><p>\u041c\u0438\u043b\u0430\u0448\u0438\u043d, \u0413\u043e\u0440\u0430\u043d: \u0424\u043e\u043d\u043e\u043c\u0435\u0442\u0430\u043f\u043b\u0430\u0437\u043c\u0435 \u0443 \u0437\u0431\u0438\u0440\u0446\u0438 \u041f\u043b\u0430\u043d\u0438\u043d\u0446\u0438 \u0411\u0440\u0430\u043d\u043a\u0430 \u040b\u043e\u043f\u0438\u045b\u0430. \u0423: \u0424\u0438\u043b\u043e\u043b\u043e\u0433 \u2013 \u0447\u0430\u0441\u043e\u043f\u0438\u0441 \u0437\u0430 \u0458\u0435\u0437\u0438\u043a, \u043a\u045a\u0438\u0436\u0435\u0432\u043d\u043e\u0441\u0442 \u0438 \u043a\u0443\u043b\u0442\u0443\u0440\u0443, 2015, VI, 12, \u0441. 54\u201368.<\/p>\t\t\t\t\t\t\t\t<\/div>\n\t\t\t\t<\/div>\n\t\t\t\t\t<\/div>\n\t\t\t\t<\/div>\n\t\t\t\t\t<\/div>\n\t\t\t\t<\/div>\n\t\t\t\t<section class=\"elementor-section elementor-top-section elementor-element elementor-element-36ee00f5 elementor-section-boxed elementor-section-height-default elementor-section-height-default\" data-id=\"36ee00f5\" data-element_type=\"section\" data-e-type=\"section\" id=\"footer_section\" data-settings=\"{&quot;background_background&quot;:&quot;classic&quot;}\">\n\t\t\t\t\t\t<div class=\"elementor-container elementor-column-gap-default\">\n\t\t\t\t\t<div class=\"elementor-column elementor-col-100 elementor-top-column elementor-element elementor-element-55bd2bf4\" data-id=\"55bd2bf4\" data-element_type=\"column\" data-e-type=\"column\">\n\t\t\t<div class=\"elementor-widget-wrap elementor-element-populated\">\n\t\t\t\t\t\t<section class=\"elementor-section elementor-inner-section elementor-element elementor-element-1255a6ae elementor-section-content-middle elementor-section-full_width elementor-section-height-default elementor-section-height-default\" data-id=\"1255a6ae\" data-element_type=\"section\" data-e-type=\"section\">\n\t\t\t\t\t\t<div class=\"elementor-container elementor-column-gap-no\">\n\t\t\t\t\t<div class=\"elementor-column elementor-col-50 elementor-inner-column elementor-element elementor-element-5ad99b3b\" data-id=\"5ad99b3b\" data-element_type=\"column\" data-e-type=\"column\">\n\t\t\t<div class=\"elementor-widget-wrap elementor-element-populated\">\n\t\t\t\t\t\t<div class=\"elementor-element elementor-element-7d497eea elementor-widget elementor-widget-text-editor\" data-id=\"7d497eea\" data-element_type=\"widget\" data-e-type=\"widget\" data-widget_type=\"text-editor.default\">\n\t\t\t\t<div class=\"elementor-widget-container\">\n\t\t\t\t\t\t\t\t\t<p style=\"text-align: left;\"><span style=\"color: #ff0003;\">\u00a9 2024 \u2013 2026 | Komisia pre slovansk\u00fa slovotvorbu<\/span><\/p>\t\t\t\t\t\t\t\t<\/div>\n\t\t\t\t<\/div>\n\t\t\t\t\t<\/div>\n\t\t<\/div>\n\t\t\t\t<div class=\"elementor-column elementor-col-50 elementor-inner-column elementor-element elementor-element-6b30a75e\" data-id=\"6b30a75e\" data-element_type=\"column\" data-e-type=\"column\">\n\t\t\t<div class=\"elementor-widget-wrap elementor-element-populated\">\n\t\t\t\t\t\t<div class=\"elementor-element elementor-element-25e11904 elementor-widget elementor-widget-text-editor\" data-id=\"25e11904\" data-element_type=\"widget\" data-e-type=\"widget\" data-widget_type=\"text-editor.default\">\n\t\t\t\t<div class=\"elementor-widget-container\">\n\t\t\t\t\t\t\t\t\t<p style=\"text-align: right;\"><span style=\"color: #ff0003;\">webdesign \u00a9 2024 \u2013 2026 Marianna Kraviarov\u00e1<\/span><\/p>\t\t\t\t\t\t\t\t<\/div>\n\t\t\t\t<\/div>\n\t\t\t\t\t<\/div>\n\t\t<\/div>\n\t\t\t\t\t<\/div>\n\t\t<\/section>\n\t\t\t\t\t<\/div>\n\t\t<\/div>\n\t\t\t\t\t<\/div>\n\t\t<\/section>\n\t\t\t\t<\/div>\n\t\t","protected":false},"excerpt":{"rendered":"<p>KOMISIA PRE SLOVANSK\u00da SLOVOTVORBU PRI MEDZIN\u00c1RODNOM KOMIT\u00c9TE SLAVISTOV \u0413\u043e\u0440\u0430\u043d \u041c\u0418\u041b\u0410\u0428\u0418\u041d \u0414\u0440\u0436\u0430\u0432\u0430 \/ Country: \u0420\u0435\u043f\u0443\u0431\u043b\u0438\u043a\u0430 \u0421\u0440\u043f\u0441\u043a\u0430 \/ \u0411\u043e\u0441\u043d\u0430 \u0438 \u0425\u0435\u0440\u0446\u0435\u0433\u043e\u0432\u0438\u043d\u0430 \u0410\u0444\u0438\u043b\u0438\u0458\u0430\u0446\u0438\u0458\u0430 \/ Affiliation: \u0423\u043d\u0438\u0432\u0435\u0440\u0437\u0438\u0442\u0435\u0442 \u0443 \u0411\u0430\u045a\u043e\u0458 \u041b\u0443\u0446\u0438 \u0424\u0438\u043b\u043e\u043b\u043e\u0448\u043a\u0438 \u0444\u0430\u043a\u0443\u043b\u0442\u0435\u0442 \u041a\u0430\u0442\u0435\u0434\u0440\u0430 \u0437\u0430 \u0441\u0440\u0431\u0438\u0441\u0442\u0438\u043a\u0443 \u0411\u0443\u043b\u0435\u0432\u0430\u0440 \u0432\u043e\u0458\u0432\u043e\u0434\u0435 \u041f\u0435\u0442\u0440\u0430 \u0411\u043e\u0458\u043e\u0432\u0438\u045b\u0430 1\u0410 78 000 \u0411\u0430\u045a\u0430 \u041b\u0443\u043a\u0430 \u0420\u0435\u043f\u0443\u0431\u043b\u0438\u043a\u0430 \u0421\u0440\u043f\u0441\u043a\u0430 \/ \u0411\u043e\u0441\u043d\u0430 \u0438 \u0425\u0435\u0440\u0446\u0435\u0433\u043e\u0432\u0438\u043d\u0430 E-mail: goran.milasin@flf.unibl.org \u0413\u043e\u0434\u0438\u043d\u0430 \u0440\u043e\u0452\u0435\u045a\u0430 \/ Year of birth: 1982 [&hellip;]<\/p>\n","protected":false},"author":1,"featured_media":0,"parent":1582,"menu_order":6,"comment_status":"closed","ping_status":"closed","template":"","meta":{"footnotes":""},"class_list":["post-2694","page","type-page","status-publish","hentry"],"_links":{"self":[{"href":"https:\/\/www.ff.unipo.sk\/slovotvorna-komisia\/wp-json\/wp\/v2\/pages\/2694","targetHints":{"allow":["GET"]}}],"collection":[{"href":"https:\/\/www.ff.unipo.sk\/slovotvorna-komisia\/wp-json\/wp\/v2\/pages"}],"about":[{"href":"https:\/\/www.ff.unipo.sk\/slovotvorna-komisia\/wp-json\/wp\/v2\/types\/page"}],"author":[{"embeddable":true,"href":"https:\/\/www.ff.unipo.sk\/slovotvorna-komisia\/wp-json\/wp\/v2\/users\/1"}],"replies":[{"embeddable":true,"href":"https:\/\/www.ff.unipo.sk\/slovotvorna-komisia\/wp-json\/wp\/v2\/comments?post=2694"}],"version-history":[{"count":13,"href":"https:\/\/www.ff.unipo.sk\/slovotvorna-komisia\/wp-json\/wp\/v2\/pages\/2694\/revisions"}],"predecessor-version":[{"id":3656,"href":"https:\/\/www.ff.unipo.sk\/slovotvorna-komisia\/wp-json\/wp\/v2\/pages\/2694\/revisions\/3656"}],"up":[{"embeddable":true,"href":"https:\/\/www.ff.unipo.sk\/slovotvorna-komisia\/wp-json\/wp\/v2\/pages\/1582"}],"wp:attachment":[{"href":"https:\/\/www.ff.unipo.sk\/slovotvorna-komisia\/wp-json\/wp\/v2\/media?parent=2694"}],"curies":[{"name":"wp","href":"https:\/\/api.w.org\/{rel}","templated":true}]}}