{"id":2721,"date":"2024-07-01T13:22:00","date_gmt":"2024-07-01T11:22:00","guid":{"rendered":"https:\/\/www.ff.unipo.sk\/slovotvorna-komisia\/?page_id=2721"},"modified":"2026-01-28T23:52:37","modified_gmt":"2026-01-28T22:52:37","slug":"janowska","status":"publish","type":"page","link":"https:\/\/www.ff.unipo.sk\/slovotvorna-komisia\/clenovia-komisie\/janowska\/","title":{"rendered":"Aleksandra JANOWSKA"},"content":{"rendered":"\t\t<div data-elementor-type=\"wp-page\" data-elementor-id=\"2721\" class=\"elementor elementor-2721\">\n\t\t\t\t\t\t<section class=\"elementor-section elementor-top-section elementor-element elementor-element-92e8863 elementor-section-content-middle elementor-section-boxed elementor-section-height-default elementor-section-height-default\" data-id=\"92e8863\" data-element_type=\"section\" data-e-type=\"section\" data-settings=\"{&quot;background_background&quot;:&quot;classic&quot;}\">\n\t\t\t\t\t\t\t<div class=\"elementor-background-overlay\"><\/div>\n\t\t\t\t\t\t\t<div class=\"elementor-container elementor-column-gap-no\">\n\t\t\t\t\t<div class=\"elementor-column elementor-col-100 elementor-top-column elementor-element elementor-element-fc4e00e\" data-id=\"fc4e00e\" data-element_type=\"column\" data-e-type=\"column\">\n\t\t\t<div class=\"elementor-widget-wrap elementor-element-populated\">\n\t\t\t\t<div class=\"elementor-element elementor-element-c7da904 e-grid e-con-boxed e-con e-parent\" data-id=\"c7da904\" data-element_type=\"container\" data-e-type=\"container\">\n\t\t\t\t\t<div class=\"e-con-inner\">\n\t\t\t\t<div class=\"elementor-element elementor-element-5a61a8f elementor-widget elementor-widget-heading\" data-id=\"5a61a8f\" data-element_type=\"widget\" data-e-type=\"widget\" data-widget_type=\"heading.default\">\n\t\t\t\t<div class=\"elementor-widget-container\">\n\t\t\t\t\t<h2 class=\"elementor-heading-title elementor-size-default\">KOMISIA PRE SLOVANSK\u00da SLOVOTVORBU<\/h2>\t\t\t\t<\/div>\n\t\t\t\t<\/div>\n\t\t\t\t<div class=\"elementor-element elementor-element-0c7ff8a elementor-widget elementor-widget-text-editor\" data-id=\"0c7ff8a\" data-element_type=\"widget\" data-e-type=\"widget\" data-widget_type=\"text-editor.default\">\n\t\t\t\t<div class=\"elementor-widget-container\">\n\t\t\t\t\t\t\t\t\t<p>PRI MEDZIN\u00c1RODNOM KOMIT\u00c9TE SLAVISTOV<\/p>\t\t\t\t\t\t\t\t<\/div>\n\t\t\t\t<\/div>\n\t\t\t\t\t<\/div>\n\t\t\t\t<\/div>\n\t\t\t\t\t<\/div>\n\t\t<\/div>\n\t\t\t\t\t<\/div>\n\t\t<\/section>\n\t\t<div class=\"elementor-element elementor-element-fa458b4 e-flex e-con-boxed e-con e-parent\" data-id=\"fa458b4\" data-element_type=\"container\" data-e-type=\"container\" data-settings=\"{&quot;animation&quot;:&quot;none&quot;}\">\n\t\t\t\t\t<div class=\"e-con-inner\">\n\t\t\t\t<div class=\"elementor-element elementor-element-58424fc elementor-widget__width-inherit elementor-widget elementor-widget-heading\" data-id=\"58424fc\" data-element_type=\"widget\" data-e-type=\"widget\" data-settings=\"{&quot;_animation&quot;:&quot;none&quot;}\" data-widget_type=\"heading.default\">\n\t\t\t\t<div class=\"elementor-widget-container\">\n\t\t\t\t\t<h2 class=\"elementor-heading-title elementor-size-default\">Aleksandra JANOWSKA<\/h2>\t\t\t\t<\/div>\n\t\t\t\t<\/div>\n\t\t\t\t\t<\/div>\n\t\t\t\t<\/div>\n\t\t<div class=\"elementor-element elementor-element-39a3d42 e-flex e-con-boxed e-con e-parent\" data-id=\"39a3d42\" data-element_type=\"container\" data-e-type=\"container\">\n\t\t\t\t\t<div class=\"e-con-inner\">\n\t\t<div class=\"elementor-element elementor-element-eb88dd5 e-con-full e-flex e-con e-child\" data-id=\"eb88dd5\" data-element_type=\"container\" data-e-type=\"container\">\n\t\t\t\t<div class=\"elementor-element elementor-element-3f02a20 elementor-widget elementor-widget-text-editor\" data-id=\"3f02a20\" data-element_type=\"widget\" data-e-type=\"widget\" data-widget_type=\"text-editor.default\">\n\t\t\t\t<div class=\"elementor-widget-container\">\n\t\t\t\t\t\t\t\t\t<table width=\"800\"><tbody><tr><td width=\"300\"><strong>Krajina \/ Country<\/strong><\/td><td width=\"500\">Polska<\/td><\/tr><tr><td width=\"300\"><strong>Afili\u00e1cia \/ Affiliation<\/strong><\/td><td width=\"500\"><p>Uniwersytet \u015al\u0105ski<br \/>Wydzia\u0142 Humanistyczny<br \/>Instytut J\u0119zykoznawstwa<br \/>Katowice 40-007<br \/><span style=\"font-family: inherit; font-size: inherit;\">ul. Uniwersytecka 4<\/span><\/p><\/td><\/tr><tr><td width=\"300\"><strong>E-mail<\/strong><\/td><td width=\"500\">aleksandra.janowska@us.edu.pl<\/td><\/tr><tr><td width=\"300\"><strong>Rok narodenia \/ Year of birth<\/strong><\/td><td width=\"500\">1960<\/td><\/tr><tr><td width=\"300\"><strong>\u010clen slovotvornej komisie:<\/strong><\/td><td width=\"500\">od r. 2020<\/td><\/tr><tr><td width=\"300\"><strong>Akademick\u00e9 hodnosti \/ Academic titles<\/strong><\/td><td width=\"500\">prof. dr hab.<\/td><\/tr><tr><td width=\"300\"><strong>ORCID:<\/strong><\/td><td width=\"500\">0000-0001-6597-8729<\/td><\/tr><tr><td width=\"300\"><strong>V\u00fdskumn\u00e9 zameranie \/ Research interests<\/strong><\/td><td width=\"500\">s\u0142owotw\u00f3rstwo, semantyka historyczna, wyra\u017cenia funkcyjne w uj\u0119ciu diachronicznym, historia j\u0119zyka polskiego<\/td><\/tr><tr><td width=\"300\"><strong>Linky \/ Links<\/strong><\/td><td width=\"500\"><p>Uniwersytecki profil:<br \/><a href=\"https:\/\/us.edu.pl\/instytut\/ij\/osoby\/aleksandra-janowska\/\">Aleksandra Janowska | Instytut J\u0119zykoznawstwa | Uniwersytet \u015al\u0105ski w Katowicach (us.edu.pl)<\/a><\/p><p>Bibliografia:<br \/><a href=\"https:\/\/opus.us.edu.pl\/info\/author\/USLe4fadc2e41494159a46e2e05aec7e4c6?affil=&amp;r=author&amp;tab=&amp;title=Profil%2Bosoby%2B%25E2%2580%2593%2BAleksandra%2BJanowska%2B%25E2%2580%2593%2BUniwersytet%2B%25C5%259Al%25C4%2585ski&amp;lang=pl&amp;qp=\">Profil osoby \u2013 Aleksandra Janowska \u2013 Uniwersytet \u015al\u0105ski (us.edu.pl)<\/a><\/p><\/td><\/tr><\/tbody><\/table>\t\t\t\t\t\t\t\t<\/div>\n\t\t\t\t<\/div>\n\t\t\t\t<\/div>\n\t\t<div class=\"elementor-element elementor-element-f12d2e4 e-con-full e-flex e-con e-child\" data-id=\"f12d2e4\" data-element_type=\"container\" data-e-type=\"container\">\n\t\t\t\t<div class=\"elementor-element elementor-element-5fc2edc elementor-widget elementor-widget-image\" data-id=\"5fc2edc\" data-element_type=\"widget\" data-e-type=\"widget\" data-widget_type=\"image.default\">\n\t\t\t\t<div class=\"elementor-widget-container\">\n\t\t\t\t\t\t\t\t\t\t\t\t\t\t\t<img fetchpriority=\"high\" decoding=\"async\" width=\"222\" height=\"300\" src=\"https:\/\/www.ff.unipo.sk\/slovotvorna-komisia\/wp-content\/uploads\/2024\/07\/janowska-foto-222x300.jpg\" class=\"attachment-medium size-medium wp-image-2723\" alt=\"\" srcset=\"https:\/\/www.ff.unipo.sk\/slovotvorna-komisia\/wp-content\/uploads\/2024\/07\/janowska-foto-222x300.jpg 222w, https:\/\/www.ff.unipo.sk\/slovotvorna-komisia\/wp-content\/uploads\/2024\/07\/janowska-foto.jpg 294w\" sizes=\"(max-width: 222px) 100vw, 222px\" \/>\t\t\t\t\t\t\t\t\t\t\t\t\t\t\t<\/div>\n\t\t\t\t<\/div>\n\t\t\t\t<\/div>\n\t\t\t\t\t<\/div>\n\t\t\t\t<\/div>\n\t\t<div class=\"elementor-element elementor-element-7295fb1 e-flex e-con-boxed e-con e-parent\" data-id=\"7295fb1\" data-element_type=\"container\" data-e-type=\"container\">\n\t\t\t\t\t<div class=\"e-con-inner\">\n\t\t<div class=\"elementor-element elementor-element-450be4c e-flex e-con-boxed e-con e-child\" data-id=\"450be4c\" data-element_type=\"container\" data-e-type=\"container\">\n\t\t\t\t\t<div class=\"e-con-inner\">\n\t\t\t\t<div class=\"elementor-element elementor-element-be0add8 elementor-widget elementor-widget-text-editor\" data-id=\"be0add8\" data-element_type=\"widget\" data-e-type=\"widget\" data-widget_type=\"text-editor.default\">\n\t\t\t\t<div class=\"elementor-widget-container\">\n\t\t\t\t\t\t\t\t\t<p><span style=\"color: #2c366a;\"><strong>Wybrane publikacje \/ Selected bibliography<br \/><\/strong><strong>I. Ksi\u0105\u017cki (monografie, podr\u0119czniki, s\u0142owniki) \/ Books (monographs, text-books, dictionaries)<u><br \/><\/u><\/strong><strong>a) Autor, wsp\u00f3\u0142autor \/ author, co-author<\/strong><\/span><\/p><p>Janowska, A.: <em>Funkcje przestrzenne przedrostk\u00f3w czasownikowych w polszczy\u017anie.<\/em> Wydawnictwo Uniwersytetu \u015al\u0105skiego. Katowice 1999.<\/p><p>Janowska, A., Pastuch M.: <em>S\u0142owotw\u00f3rstwo czasownik\u00f3w staropolskich. Stan i tendencje rozwojowe.<\/em> Wydawnictwo Universitas. Krak\u00f3w 2005.<\/p><p>Janowska, A.: <em>Polisemia staropolskich czasownik\u00f3w. \u0179r\u00f3d\u0142a, swoisto\u015b\u0107, konsekwencje. <\/em>Wydawnictwo Uniwersytetu \u015al\u0105skiego. Katowice 2007.<\/p><p>Janowska, A.: <em>Kszta\u0142towanie si\u0119 polskiej klasy przyimk\u00f3w wt\u00f3rnych<\/em>. Wydawnictwo Uniwersytetu \u015al\u0105skiego. Katowice 2015.<\/p><p><span style=\"color: #2c366a;\"><strong>II. Artyku\u0142y, rozdzia\u0142y w monografiach<\/strong><\/span><\/p><p>Janowska, A.: Opracowanie formant\u00f3w: &#8211;<em>ec<\/em>\u00a0 s. 41\u201349,\u00a0 &#8211;<em>cie<\/em> \u00a0s. 75\u201379 (wsp\u00f3\u0142autorstwo M. Pastuchowa), &#8211;<em>nik, -ko <\/em>s. 146\u2013160, <em>-nia<\/em> s. 195\u2013197, &#8211;<em>enie, -nie<\/em> s. 197\u2013262 (wsp\u00f3\u0142autorstwo M. Pastuchowa). W: <em>S\u0142owotw\u00f3rstwo j\u0119zyka doby staropolskiej. Przegl\u0105d formacji rzeczownikowych. <\/em>Red. K. Kleszczowa. Katowice 1996.<\/p><p>Janowska, A.: <em>Konsekwencje przekszta\u0142ce\u0144 formant\u00f3w rodzimych w polszczy\u017anie<\/em>. \u201eLingVaria\u201d, 2010, nr 2, s. 113\u2013120.<\/p><p>Janowska, A.: <em>Zmiany poj\u0119\u0107 jako impuls zmian znaczeniowych leksem\u00f3w (na przyk\u0142adzie poj\u0119cia umys\u0142u). <\/em>W:<em> W poszukiwaniu metod i obszar\u00f3w badawczych. Nazywanie w historii j\u0119zyka polskiego.<\/em> \u201ePozna\u0144skie Spotkania J\u0119zykoznawcze\u201d. T.23. Red. M. Ku\u017amicki, M. Osiewicz, Pozna\u0144 2012, s. 23\u2013 33.<\/p><p>Janowska, A.: <em>Polisemia jako czynnik przemian w polskich czasownikach prefiksalnych<\/em>. W: <em>S\u0142owotw\u00f3rstwo s\u0142owia\u0144skie: system i tekst. <\/em>Prace Komisji S\u0142owotw\u00f3rczej przy Mi\u0119dzynarodowym Komitecie Slawist\u00f3w. Seria 13. Red. J. Sierociuk. Pozna\u0144 2012, s. 203 \u2013 210.<\/p><p>Janowska, A.: <em>Wariantywno\u015b\u0107 jako \u017ar\u00f3d\u0142o supletywizmu czasownik\u00f3w<\/em>. W: <em>Cum reverentia, gratia, amicitia\u2026 Ksi\u0119ga jubileuszowa\u00a0 dedykowana Profesorowi\u00a0 Bogdanowi Walczakowi<\/em>. Red.\u00a0 J. Migda\u0142 i A. Piotrowska-Wojaczyk. Pozna\u0144 2013, t.1, s. 615\u2013623.<\/p><p>Janowska, A.: <em>Mi\u0119dzy przestrzeni\u0105 a czasem. Ewolucja temporalnych przyimk\u00f3w wt\u00f3rnych w polszczy\u017anie<\/em>. \u201eBiuletyn Polskiego Towarzystwa J\u0119zykoznawczego\u201d, 2015, vol. 71, s. 255\u2013 264.<\/p><p>Janowska, A.: Mi\u0119dzy sta\u0142o\u015bci\u0105 a\u00a0 zmienno\u015bci\u0105. Translokacje element\u00f3w kategorii j\u0119zykowych. W: Historia j\u0119zyka w XXI wieku. Stan i perspektywy. Red. M. Pastuchowa, M. Siuciak, wsp\u00f3\u0142udz. K. W\u0105si\u0144ska, W. Wilczek. Katowice 2018, s. 97\u2013105.<\/p><p>Janowska, A.: <em>Problemy opisu klasy przyimk\u00f3w wt\u00f3rnych w historii polszczyzny. Ekwiwalenty przyimkowe.<\/em> W: <em>Przesz\u0142o\u015b\u0107 w j\u0119zyku zamkni\u0119ta<\/em>. Red. U. W\u00f3jcik, V. Jaros, przy udziale I. Ku\u015bnierek. Cz\u0119stochowa 2018, s. 173\u2013184.\u00a0\u00a0<\/p><p>Janowska, A.: <em>Kilka uwag o rozwoju wt\u00f3rnych przyimk\u00f3w przestrzennych<\/em>. \u201eStudia z Filologii Polskiej i S\u0142owia\u0144skiej\u201d, 2018, nr 53, s. 43\u2013 58.<\/p><p>Janowska, A.: <em>W pu\u0142apce czasu. Jak zdefiniowa\u0107 stabilno\u015b\u0107<\/em>? W: <em>Staropolskie Spotkania J\u0119zykoznawcze.<\/em> 3: <em>Terminy w j\u0119zykoznawstwie synchronicznym i diachronicznym<\/em>. Red. T. Mika, D. Rojszczak-Robi\u0144ska, O. Zi\u00f3\u0142kowska. Pozna\u0144 2018, s.191\u2013201.<\/p><p>Janowska, A.: <em>Sta\u0142o\u015b\u0107, stabilno\u015b\u0107, ci\u0105g\u0142o\u015b\u0107. Uwagi terminologiczne<\/em>. W: <em>Filologia jako porz\u0105dkowanie chaosu<\/em>. Red. E. Wo\u017aniak, A. Lenartowicz-Zagrodna. \u0141\u00f3d\u017a 2018, s. 13\u201322.<\/p><p>Janowska, A.: <em>W\u0142a\u015bciwo\u015bci derywacyjne po\u017cyczek czasownikowych w XVI wieku<\/em>.\u00a0 \u201eJazykovedn\u00fd \u010dasopis\u201d, 2018, nr 3, s. 525\u2013533.<\/p><p>Janowska, A.: <em>\u0179r\u00f3d\u0142a a typy bada\u0144 historycznoj\u0119zykowych.<\/em> \u201eBiuletyn Polskiego Towarzystwa J\u0119zykoznawczego\u201d, 2018, vol. 74, s. 71\u201380.<\/p><p>Janowska, A.: <em>Od przys\u0142\u00f3wka do przedrostka (na przyk\u0142adzie polskiego \u201ewsp\u00f3\u0142-\u201e)<\/em>. \u201ePrace z Filologii Polskiej i S\u0142owia\u0144skiej\u201d, 2019, s. 1\u201313.<\/p><p>Janowska, A.: <em>O precyzji terminologicznej w kontek\u015bcie bada\u0144 diachronicznych (na przyk\u0142adzie przyimk\u00f3w).<\/em> \u201eBiuletyn Polskiego Towarzystwa J\u0119zykoznawczego\u201d, 2020, vol. 76, s. 207\u2013216.<\/p><p>Janowska, A.: <em>Problemy opisu staropolskiej derywacji czasownikowej<\/em>. \u201eLingVaria\u201d, 2020, nr 1, s. 135\u2013144.<\/p><p>Janowska, A.: <em>Mi\u0119dzy formacjami prostymi a z\u0142o\u017ceniami. Kilka s\u0142\u00f3w o ewolucji derywat\u00f3w z przyimkami wt\u00f3rnymi w polszczy\u017anie.<\/em> \u201e Prace Filologiczne\u201d, 2021, vol. 76, s. 185\u2013195.<\/p><p>Janowska, A.: <em>Z historii komunikacji spo\u0142ecznej. Funkcje sygnalizacyjne dzwonu, tr\u0105by i b\u0119bna w \u015bwietle leksyki dawnej polszczyzny<\/em>.\u00a0 \u201ePoradnik J\u0119zykowy\u201d, 2023, nr 3, s. 37\u201451.<\/p>\t\t\t\t\t\t\t\t<\/div>\n\t\t\t\t<\/div>\n\t\t\t\t\t<\/div>\n\t\t\t\t<\/div>\n\t\t\t\t\t<\/div>\n\t\t\t\t<\/div>\n\t\t\t\t<section class=\"elementor-section elementor-top-section elementor-element elementor-element-5027fd99 elementor-section-boxed elementor-section-height-default elementor-section-height-default\" data-id=\"5027fd99\" data-element_type=\"section\" data-e-type=\"section\" id=\"footer_section\" data-settings=\"{&quot;background_background&quot;:&quot;classic&quot;}\">\n\t\t\t\t\t\t<div class=\"elementor-container elementor-column-gap-default\">\n\t\t\t\t\t<div class=\"elementor-column elementor-col-100 elementor-top-column elementor-element elementor-element-1bc104fd\" data-id=\"1bc104fd\" data-element_type=\"column\" data-e-type=\"column\">\n\t\t\t<div class=\"elementor-widget-wrap elementor-element-populated\">\n\t\t\t\t\t\t<section class=\"elementor-section elementor-inner-section elementor-element elementor-element-3340f2f2 elementor-section-content-middle elementor-section-full_width elementor-section-height-default elementor-section-height-default\" data-id=\"3340f2f2\" data-element_type=\"section\" data-e-type=\"section\">\n\t\t\t\t\t\t<div class=\"elementor-container elementor-column-gap-no\">\n\t\t\t\t\t<div class=\"elementor-column elementor-col-50 elementor-inner-column elementor-element elementor-element-6be3232f\" data-id=\"6be3232f\" data-element_type=\"column\" data-e-type=\"column\">\n\t\t\t<div class=\"elementor-widget-wrap elementor-element-populated\">\n\t\t\t\t\t\t<div class=\"elementor-element elementor-element-b4ede85 elementor-widget elementor-widget-text-editor\" data-id=\"b4ede85\" data-element_type=\"widget\" data-e-type=\"widget\" data-widget_type=\"text-editor.default\">\n\t\t\t\t<div class=\"elementor-widget-container\">\n\t\t\t\t\t\t\t\t\t<p style=\"text-align: left;\"><span style=\"color: #ff0003;\">\u00a9 2024 \u2013 2026 | Komisia pre slovansk\u00fa slovotvorbu<\/span><\/p>\t\t\t\t\t\t\t\t<\/div>\n\t\t\t\t<\/div>\n\t\t\t\t\t<\/div>\n\t\t<\/div>\n\t\t\t\t<div class=\"elementor-column elementor-col-50 elementor-inner-column elementor-element elementor-element-369d5f80\" data-id=\"369d5f80\" data-element_type=\"column\" data-e-type=\"column\">\n\t\t\t<div class=\"elementor-widget-wrap elementor-element-populated\">\n\t\t\t\t\t\t<div class=\"elementor-element elementor-element-16108b8f elementor-widget elementor-widget-text-editor\" data-id=\"16108b8f\" data-element_type=\"widget\" data-e-type=\"widget\" data-widget_type=\"text-editor.default\">\n\t\t\t\t<div class=\"elementor-widget-container\">\n\t\t\t\t\t\t\t\t\t<p style=\"text-align: right;\"><span style=\"color: #ff0003;\">webdesign \u00a9 2024 \u2013 2026 Marianna Kraviarov\u00e1<\/span><\/p>\t\t\t\t\t\t\t\t<\/div>\n\t\t\t\t<\/div>\n\t\t\t\t\t<\/div>\n\t\t<\/div>\n\t\t\t\t\t<\/div>\n\t\t<\/section>\n\t\t\t\t\t<\/div>\n\t\t<\/div>\n\t\t\t\t\t<\/div>\n\t\t<\/section>\n\t\t\t\t<\/div>\n\t\t","protected":false},"excerpt":{"rendered":"<p>KOMISIA PRE SLOVANSK\u00da SLOVOTVORBU PRI MEDZIN\u00c1RODNOM KOMIT\u00c9TE SLAVISTOV Aleksandra JANOWSKA Krajina \/ Country Polska Afili\u00e1cia \/ Affiliation Uniwersytet \u015al\u0105skiWydzia\u0142 HumanistycznyInstytut J\u0119zykoznawstwaKatowice 40-007ul. Uniwersytecka 4 E-mail aleksandra.janowska@us.edu.pl Rok narodenia \/ Year of birth 1960 \u010clen slovotvornej komisie: od r. 2020 Akademick\u00e9 hodnosti \/ Academic titles prof. dr hab. ORCID: 0000-0001-6597-8729 V\u00fdskumn\u00e9 zameranie \/ Research interests s\u0142owotw\u00f3rstwo, [&hellip;]<\/p>\n","protected":false},"author":1,"featured_media":0,"parent":1582,"menu_order":8,"comment_status":"closed","ping_status":"closed","template":"","meta":{"footnotes":""},"class_list":["post-2721","page","type-page","status-publish","hentry"],"_links":{"self":[{"href":"https:\/\/www.ff.unipo.sk\/slovotvorna-komisia\/wp-json\/wp\/v2\/pages\/2721","targetHints":{"allow":["GET"]}}],"collection":[{"href":"https:\/\/www.ff.unipo.sk\/slovotvorna-komisia\/wp-json\/wp\/v2\/pages"}],"about":[{"href":"https:\/\/www.ff.unipo.sk\/slovotvorna-komisia\/wp-json\/wp\/v2\/types\/page"}],"author":[{"embeddable":true,"href":"https:\/\/www.ff.unipo.sk\/slovotvorna-komisia\/wp-json\/wp\/v2\/users\/1"}],"replies":[{"embeddable":true,"href":"https:\/\/www.ff.unipo.sk\/slovotvorna-komisia\/wp-json\/wp\/v2\/comments?post=2721"}],"version-history":[{"count":8,"href":"https:\/\/www.ff.unipo.sk\/slovotvorna-komisia\/wp-json\/wp\/v2\/pages\/2721\/revisions"}],"predecessor-version":[{"id":3664,"href":"https:\/\/www.ff.unipo.sk\/slovotvorna-komisia\/wp-json\/wp\/v2\/pages\/2721\/revisions\/3664"}],"up":[{"embeddable":true,"href":"https:\/\/www.ff.unipo.sk\/slovotvorna-komisia\/wp-json\/wp\/v2\/pages\/1582"}],"wp:attachment":[{"href":"https:\/\/www.ff.unipo.sk\/slovotvorna-komisia\/wp-json\/wp\/v2\/media?parent=2721"}],"curies":[{"name":"wp","href":"https:\/\/api.w.org\/{rel}","templated":true}]}}