{"id":2740,"date":"2024-07-01T14:47:06","date_gmt":"2024-07-01T12:47:06","guid":{"rendered":"https:\/\/www.ff.unipo.sk\/slovotvorna-komisia\/?page_id=2740"},"modified":"2026-01-28T23:53:48","modified_gmt":"2026-01-28T22:53:48","slug":"kleszczowa","status":"publish","type":"page","link":"https:\/\/www.ff.unipo.sk\/slovotvorna-komisia\/clenovia-komisie\/kleszczowa\/","title":{"rendered":"Krystyna KLESZCZOWA"},"content":{"rendered":"\t\t<div data-elementor-type=\"wp-page\" data-elementor-id=\"2740\" class=\"elementor elementor-2740\">\n\t\t\t\t\t\t<section class=\"elementor-section elementor-top-section elementor-element elementor-element-92e8863 elementor-section-content-middle elementor-section-boxed elementor-section-height-default elementor-section-height-default\" data-id=\"92e8863\" data-element_type=\"section\" data-e-type=\"section\" data-settings=\"{&quot;background_background&quot;:&quot;classic&quot;}\">\n\t\t\t\t\t\t\t<div class=\"elementor-background-overlay\"><\/div>\n\t\t\t\t\t\t\t<div class=\"elementor-container elementor-column-gap-no\">\n\t\t\t\t\t<div class=\"elementor-column elementor-col-100 elementor-top-column elementor-element elementor-element-fc4e00e\" data-id=\"fc4e00e\" data-element_type=\"column\" data-e-type=\"column\">\n\t\t\t<div class=\"elementor-widget-wrap elementor-element-populated\">\n\t\t\t\t<div class=\"elementor-element elementor-element-c7da904 e-grid e-con-boxed e-con e-parent\" data-id=\"c7da904\" data-element_type=\"container\" data-e-type=\"container\">\n\t\t\t\t\t<div class=\"e-con-inner\">\n\t\t\t\t<div class=\"elementor-element elementor-element-5a61a8f elementor-widget elementor-widget-heading\" data-id=\"5a61a8f\" data-element_type=\"widget\" data-e-type=\"widget\" data-widget_type=\"heading.default\">\n\t\t\t\t<div class=\"elementor-widget-container\">\n\t\t\t\t\t<h2 class=\"elementor-heading-title elementor-size-default\">KOMISIA PRE SLOVANSK\u00da SLOVOTVORBU<\/h2>\t\t\t\t<\/div>\n\t\t\t\t<\/div>\n\t\t\t\t<div class=\"elementor-element elementor-element-0c7ff8a elementor-widget elementor-widget-text-editor\" data-id=\"0c7ff8a\" data-element_type=\"widget\" data-e-type=\"widget\" data-widget_type=\"text-editor.default\">\n\t\t\t\t<div class=\"elementor-widget-container\">\n\t\t\t\t\t\t\t\t\t<p>PRI MEDZIN\u00c1RODNOM KOMIT\u00c9TE SLAVISTOV<\/p>\t\t\t\t\t\t\t\t<\/div>\n\t\t\t\t<\/div>\n\t\t\t\t\t<\/div>\n\t\t\t\t<\/div>\n\t\t\t\t\t<\/div>\n\t\t<\/div>\n\t\t\t\t\t<\/div>\n\t\t<\/section>\n\t\t<div class=\"elementor-element elementor-element-fa458b4 e-flex e-con-boxed e-con e-parent\" data-id=\"fa458b4\" data-element_type=\"container\" data-e-type=\"container\" data-settings=\"{&quot;animation&quot;:&quot;none&quot;}\">\n\t\t\t\t\t<div class=\"e-con-inner\">\n\t\t\t\t<div class=\"elementor-element elementor-element-58424fc elementor-widget__width-inherit elementor-widget elementor-widget-heading\" data-id=\"58424fc\" data-element_type=\"widget\" data-e-type=\"widget\" data-settings=\"{&quot;_animation&quot;:&quot;none&quot;}\" data-widget_type=\"heading.default\">\n\t\t\t\t<div class=\"elementor-widget-container\">\n\t\t\t\t\t<h2 class=\"elementor-heading-title elementor-size-default\">Krystyna KLESZCZOWA <\/h2>\t\t\t\t<\/div>\n\t\t\t\t<\/div>\n\t\t\t\t\t<\/div>\n\t\t\t\t<\/div>\n\t\t<div class=\"elementor-element elementor-element-39a3d42 e-flex e-con-boxed e-con e-parent\" data-id=\"39a3d42\" data-element_type=\"container\" data-e-type=\"container\">\n\t\t\t\t\t<div class=\"e-con-inner\">\n\t\t<div class=\"elementor-element elementor-element-eb88dd5 e-con-full e-flex e-con e-child\" data-id=\"eb88dd5\" data-element_type=\"container\" data-e-type=\"container\">\n\t\t\t\t<div class=\"elementor-element elementor-element-3f02a20 elementor-widget elementor-widget-text-editor\" data-id=\"3f02a20\" data-element_type=\"widget\" data-e-type=\"widget\" data-widget_type=\"text-editor.default\">\n\t\t\t\t<div class=\"elementor-widget-container\">\n\t\t\t\t\t\t\t\t\t<table width=\"800\"><tbody><tr><td width=\"300\"><strong>Krajina \/ Country<\/strong><\/td><td width=\"500\">Polska<\/td><\/tr><tr><td width=\"300\"><strong>Afili\u00e1cia \/ Affiliation<\/strong><\/td><td width=\"500\">Uniwersytet \u015al\u0105ski<br \/>w Katowicach<br \/><span style=\"font-family: inherit; font-size: inherit;\">ul. Bankowa 12<br \/><\/span>080 78 Katowice<br \/>Polska<\/td><\/tr><tr><td width=\"300\"><strong>E-mail<\/strong><\/td><td width=\"500\">krystyna.kleszcz@us.edu.pl<\/td><\/tr><tr><td width=\"300\"><strong>Rok narodenia \/ Year of birth<\/strong><\/td><td width=\"500\">1947<\/td><\/tr><tr><td width=\"300\"><strong>\u010clen slovotvornej komisie:<\/strong><\/td><td width=\"500\">od r. 2007<\/td><\/tr><tr><td width=\"300\"><strong>Akademick\u00e9 hodnosti \/ Academic titles<\/strong><\/td><td width=\"500\">prof. dr hab.<\/td><\/tr><tr><td width=\"300\"><strong>ORCID:<\/strong><\/td><td width=\"500\">0000-0003-4872-5484<\/td><\/tr><tr><td width=\"300\"><strong>V\u00fdskumn\u00e9 zameranie \/ Research interests<\/strong><\/td><td width=\"500\">history of language \u2013 word formation, semantics, lexicology, syntax<\/td><\/tr><tr><td width=\"300\"><strong>Linky \/ Links<\/strong><\/td><td width=\"500\"><p>Univerzitn\u00fd profil:<\/p><p>\u00a0<\/p><p>Bibiografia:<br \/><a href=\"https:\/\/opus.us.edu.pl\/info\/author\/USL6ff3fe71a15a45b98120b8d49af2baa6\/Profil%2Bosoby%2B%25E2%2580%2593%2BKrystyna%2BKleszcz%2B%25E2%2580%2593%2BUniwersytet%2B%25C5%259Al%25C4%2585ski?r=publication&amp;ps=20&amp;tab=publications&amp;sort=&amp;lang=pl&amp;pn=1\">Uniwersytet \u015al\u0105ski \u2013 profil osoby<\/a><\/p><\/td><\/tr><\/tbody><\/table>\t\t\t\t\t\t\t\t<\/div>\n\t\t\t\t<\/div>\n\t\t\t\t<\/div>\n\t\t<div class=\"elementor-element elementor-element-f12d2e4 e-con-full e-flex e-con e-child\" data-id=\"f12d2e4\" data-element_type=\"container\" data-e-type=\"container\">\n\t\t\t\t<div class=\"elementor-element elementor-element-5fc2edc e-transform elementor-widget elementor-widget-image\" data-id=\"5fc2edc\" data-element_type=\"widget\" data-e-type=\"widget\" data-settings=\"{&quot;_transform_flipX_effect&quot;:&quot;transform&quot;}\" data-widget_type=\"image.default\">\n\t\t\t\t<div class=\"elementor-widget-container\">\n\t\t\t\t\t\t\t\t\t\t\t\t\t\t\t<img fetchpriority=\"high\" decoding=\"async\" width=\"288\" height=\"300\" src=\"https:\/\/www.ff.unipo.sk\/slovotvorna-komisia\/wp-content\/uploads\/2024\/07\/kleszczowa-foto-X-288x300.jpg\" class=\"attachment-medium size-medium wp-image-2742\" alt=\"\" srcset=\"https:\/\/www.ff.unipo.sk\/slovotvorna-komisia\/wp-content\/uploads\/2024\/07\/kleszczowa-foto-X-288x300.jpg 288w, https:\/\/www.ff.unipo.sk\/slovotvorna-komisia\/wp-content\/uploads\/2024\/07\/kleszczowa-foto-X.jpg 448w\" sizes=\"(max-width: 288px) 100vw, 288px\" \/>\t\t\t\t\t\t\t\t\t\t\t\t\t\t\t<\/div>\n\t\t\t\t<\/div>\n\t\t\t\t<\/div>\n\t\t\t\t\t<\/div>\n\t\t\t\t<\/div>\n\t\t<div class=\"elementor-element elementor-element-7295fb1 e-flex e-con-boxed e-con e-parent\" data-id=\"7295fb1\" data-element_type=\"container\" data-e-type=\"container\">\n\t\t\t\t\t<div class=\"e-con-inner\">\n\t\t<div class=\"elementor-element elementor-element-450be4c e-flex e-con-boxed e-con e-child\" data-id=\"450be4c\" data-element_type=\"container\" data-e-type=\"container\">\n\t\t\t\t\t<div class=\"e-con-inner\">\n\t\t\t\t<div class=\"elementor-element elementor-element-be0add8 elementor-widget elementor-widget-text-editor\" data-id=\"be0add8\" data-element_type=\"widget\" data-e-type=\"widget\" data-widget_type=\"text-editor.default\">\n\t\t\t\t<div class=\"elementor-widget-container\">\n\t\t\t\t\t\t\t\t\t<h4><span style=\"color: #2c366a;\"><strong>V\u00fdberov\u00e1 bibliografia \/ Selected bibliography<\/strong><\/span><\/h4><p><span style=\"color: #2c366a;\"><strong style=\"background-color: transparent; text-align: var(--text-align);\">I. Kni\u017en\u00e9 publik\u00e1cie (monografie, u\u010debnice, slovn\u00edky) \/ Books (monographs, text-books, dictionaries)<\/strong><\/span><\/p><p><span style=\"color: #2c366a;\"><strong style=\"background-color: transparent; text-align: var(--text-align);\">a) Autor, spoluautor \/ author, co-author<\/strong><\/span><\/p><p>Krystyna Kleszczowa, <em>Ograniczenia semantyczne w procesie derywacji nazw narz\u0119dzi. <\/em>Katowice 1981.<\/p><p>Krystyna Kleszczowa, <em>Verba dicendi w historii j\u0119zyka polskiego. Zmiany znacze\u0144. <\/em>Katowice 1989, <a href=\"https:\/\/www.pulib.sk\/web\/kniznica\/elpub\/dokument\/Olostiak27\">Online<\/a>.<\/p><p>Krystyna Kleszczowa, <em>Staropolskie kategorie s\u0142owotw\u00f3rcze i ich perspektywiczna ewolucja<\/em>.<em> Rzeczowniki. <\/em>Katowice 1998, <a href=\"https:\/\/www.pulib.sk\/web\/kniznica\/elpub\/dokument\/Olostiak27\">Online<\/a>.<\/p><p>Krystyna Kleszczowa, <em>Staropolskie derywaty przymiotnikowe i ich perspektywiczna ewolucja<\/em>. Katowice 2003, <a href=\"https:\/\/www.pulib.sk\/web\/kniznica\/elpub\/dokument\/Olostiak27\">Online<\/a>.<\/p><p>Krystyna Kleszczowa, <em>Tajemnice dynamiki j\u0119zyka. Tom jubileuszowy<\/em>. Red. Naukowa: Aleksandra Janowska, Magdalena Pastuchowa. Katowice 2012: <a href=\"https:\/\/www.pulib.sk\/web\/kniznica\/elpub\/dokument\/Olostiak27\">Online<\/a>.<\/p><p>Krystyna Kleszczowa, <em>U \u017ar\u00f3de\u0142 polskich partyku\u0142. Derywacja funkcjonalna, przemiany, zaniki<\/em>. Wydawnictwo U\u015a, Katowice 2015, <a href=\"https:\/\/www.pulib.sk\/web\/kniznica\/elpub\/dokument\/Olostiak27\">Online<\/a>.<\/p><p>Krystyna Kleszczowa, autorstwo 88 hase\u0142 w: <em>S\u0142ownik zapomnianych wyra\u017ce\u0144 funkcyjnych<\/em>, red. R. Pawelec, Warszawa 2015.<\/p><p><span style=\"color: #2c366a;\"><strong style=\"background-color: transparent; text-align: var(--text-align);\">b) Editor, spolueditor \/ editor, co-editor<\/strong><\/span><\/p><p>[Red.] Krystyna Kleszczowa,<em> S\u0142owotw\u00f3rstwo j\u0119zyka doby staropolskiej. Przegl\u0105d formacji rzeczownikowych. <\/em>Katowice 1996. Autorstwo: Wst\u0119p: s. 11 \u2013 28 oraz strony: 31 \u2013 40; 49 \u2013 68; 79 \u2013 82; 103 \u2013 105; 160 \u2013 163; 164 \u2013 184 ; 187 \u2013 194; 262 \u2013 278; 296 \u2013 346; 351 \u2013 394 (w sumie 195 stron); te\u017c\u00a0 wsp\u00f3\u0142autorstwo: 82 \u2013 102 (z Antonin\u0105 Grybosiow\u0105): 106 \u2013 124\u00a0 (z Danut\u0105 Ostaszewsk\u0105); 293 \u2013 295 (z\u00a0\u00a0 Joann\u0105\u00a0 Sobczykowa);\u00a0 346 \u2013 351 (z Ew\u0105 Chlebick\u0105) \u2013 w sumie 195 stron autorskich i 45 wsp\u00f3\u0142autorstwa \u2013 razem 240 stron.<\/p><p>[Red.] Krystyna Kleszczowa i Ludwig Selimski, <em>S\u0142owotw\u00f3rstwo i inne sposoby nominacji. <\/em>Materia\u0142y z 4 konferencji Komisji S\u0142owotw\u00f3rstwa przy Mi\u0119dzynarodowym Komitecie Slawist\u00f3w. Katowice 27\u201329 wrze\u015bnia 2000 r. Katowice 2000.<\/p><p>[Red.] Krystyna Kleszczowa, Joanna Sobczykowa, <em>\u015al\u0105skie studia lingwistyczne<\/em>. Katowice 2003.<\/p><p>[Red.] Krystyna Kleszczowa i Artur Rejter, <em>Bogactwo polszczyzny w \u015bwietle jej historii<\/em>. Katowice 2006, 2008.<\/p><p>[Red.] Krystyna Kleszczowa i Jolanta Gwio\u017adzik, <em>Faktografia w badaniach historycznych<\/em>. Katowice 2009.<\/p><p>[Red.] Krystyna Kleszczowa i Anna Szczepanek, <em>Wyra\u017cenia funkcyjne w perspektywie diachronicznej, synchronicznej i por\u00f3wnawczej<\/em>. Katowice 2014.<\/p><p>[Red.] Krystyna Kleszczowa, Zbigniew Gre\u0144, Zofia Zaron, <em>My z Nich. Spu\u015bcizna j\u0119zykoznawc\u00f3w drugiej po\u0142owu XX wieku<\/em>. Warszawa 2018, 2019, 2020.<\/p><p><span style=\"color: #2c366a;\"><strong style=\"background-color: transparent; text-align: var(--text-align);\">c) Kapitoly v\u00a0monografi\u00e1ch \/ Chapters in monographs<\/strong><\/span><\/p><p>Kleszczowa Krystyna, <em>Sytuacja j\u0119zyka polskiego w Generalnej Guberni <\/em>oraz<em> Odbicie rzeczywisto\u015bci wojennej i okupacyjnej w leksyce j\u0119zyka og\u00f3lnego. <\/em>[W:] <em>J\u0119zyk polski w czasie II wojny \u015bwiatowej<\/em>. Red. Irena Bajerowa. Warszawa 1996, s. 25 \u2013 90, s. 217 \u2013250.<\/p><p>Kleszczowa Krystyna, <em>Przemiany systemu s\u0142owotw\u00f3rczego <\/em>\u2013 rozdzia\u0142 w ksi\u0105\u017cce pt. <em>Rozprawy o historii j\u0119zyka polskiego,<\/em> red. S. Borawski, Zielona G\u00f3ra 2005, s. 247\u2013284.<\/p><p>Kleszczowa Krystyna, <em>Ma\u0142a przyczyna, powa\u017cne skutki. Rzecz o zrywaniu wi\u0119zi etymologicznych<\/em>. W: <em>Efekt motyla II. Humani\u015bci wobec metaforyki teorii chaosu<\/em>. Studia pod redakcj\u0105 Kordiana Baku\u0142y i Doroty Heck, Krak\u00f3w 2011, s. 351-360.<\/p><p>Kleszczowa Krystyna, <em>Polskie badania s\u0142owotw\u00f3rcze u progu XXI wieku<\/em>. W: <em>J\u0119zykoznawstwo w Polsce. kierunki bada\u0144 i perspektywy rozwoju. <\/em>Materia\u0142y z sesji jubileuszowej Komitetu J\u0119zykoznawstwa PAN. Red. M. Grochowski. Warszawa 2012, s. 125-137.<\/p><p>Kleszczowa Krystyna, <em>U \u017ar\u00f3de\u0142 superlatywnych form w klasie wyra\u017ce\u0144 funkcyjnych. <\/em>W: <em>J\u0119zyk \u2013 Cz\u0142owiek \u2013 Spo\u0142ecze\u0144stwo<\/em>, red. Jolanta Panasiuk, Tomasz Wo\u017aniak. Lublin 2013, s. 65-72.<\/p><p>Kleszczowa Krystyna, <em>B\u0142\u0105d z perspektywy historii j\u0119zyka. <\/em>W: <em>Kultura m\u00f3wienia dawniej i dzi\u015b. <\/em>Red. M. Ku\u0142akowska, A. Myszka. Rzesz\u00f3w <em>\u00a0<\/em>2014, s. 64-73.<\/p><p>Kleszczowa Krystyna, <em>Zaimkowy rodow\u00f3d wybranych partyku\u0142<\/em>. W: <em>Maiuscula linguistica. Studia in honorem Professori Matthiae Grochowski sextuagesimo quinto dedicata<\/em>. Pod redakcj\u0105 naukow\u0105 Andrzeja Moroza, Piotra Sobotki, Magdaleny \u017babowskiej. Warszawa 2014, s. 131-140.<\/p><p>Kleszczowa Krystyna, <em>Grammaticalization in Slavonic word-formation<\/em>. W: <em>Word-Formation : An International Handbook of the Languages of Europe<\/em>. Edided by Peter O. M\u00fcller, Ingeborg Ohnheiser, Susan Olsen, Franz Rainer. Tom 40.3, p. 1731-1742. Berlin\/ Boston, De Gruyter Mouton 2015.<\/p><p>Kleszczowa Krystyna, <em>Status i\u00a0dzieje kategorii iteratywno\u015bci w\u00a0j\u0119zyku polskim<\/em>. W: <em>Jazykov\u00e1 zmena a pramene jej sk\u00famania<\/em>. Ed. G. M\u00facskov\u00e1, K. Muzikov\u00e1. Univerzita Komensk\u00e9ho v\u00a0Bratislave; s. 43-53. Bratys\u0142awa 2021.<\/p><p><span style=\"color: #2c366a;\"><strong style=\"background-color: transparent; text-align: var(--text-align);\">II. \u0160t\u00fadie (pr\u00edspevky v\u00a0\u010dasopisoch, zborn\u00edkoch) \/ Studies (journal articles, proceedings papers, etc.)<\/strong><\/span><\/p><p>Kleszczowa Krystyna, <em>Strukturalizm i poststrukturalizm w badaniach historycznoj\u0119zykowych<\/em>. \u201eBiuletyn Polskiego Towarzystwa J\u0119zykoznawczego\u201d LXVII, 2012, s. 97-115.<\/p><p>Kleszczowa Krystyna, <em>Pi\u0119tra przebiegu zmian sk\u0142adniowych<\/em>. \u201ePrace Filologiczne\u201d LXX, 2017, Warszawa, s. 273-285.<\/p><p>Kleszczowa Krystyna, <em>Przyczyny i skutki zmian sk\u0142adniowych polskich czasownik\u00f3w<\/em>. \u201ePrace Filologiczne\u201d LXXII, 2018, s. 167-177.<\/p><p>Kleszczowa Krystyna, <em>Mixed-Gender Groups and the Problem of Genesis of the Masculine Personal Gender<\/em>. \u201eForum Lingwistyczne\u201d 5, 2018, s. 97-105.<\/p><p>Kleszczowa Krystyna, <em>Kategoria jednokrotno\u015bci w polskich czasownikach. <\/em>\u201eLingVaria\u201d (15) 2020, nr 2 (30), s. 79-88.<\/p><p>Kleszczowa Krystyna, <em>Dublety s\u0142owotw\u00f3rcze w studiach nad histori\u0105 polskich przys\u0142\u00f3wk\u00f3w<\/em>. \u201ePrace Filologiczne\u201d 2021 (76), s. 245-256.<\/p><p>Kleszczowa Krystyna, <em>Problem relacji motywacyjnych staropolskich derywat\u00f3w<\/em>. \u201eRocznik Slawistyczny\u201d\u00a0 LXXI, 2022, s. 117-122.<\/p><p>Kleszczowa Krystyna, <em>Ekwipotencjalno\u015b\u0107 w ewolucji j\u0119zyka. Na przyk\u0142adzie polskich przys\u0142\u00f3wk\u00f3w<\/em>. \u201eRocznik Slawistyczny\u201d, t. LXXII, 2023, s. 91-104.<\/p><p>Kleszczowa Krystyna, <em>Zmiany w j\u0119zyku vs zmiany j\u0119zyka. <\/em>\u201eBiuletyn Polskiego Towarzystwa J\u0119zykoznawczego\u201d \u00a0LXXIX, 2023, s. 339-353.<\/p><p>Kleszczowa Krystyna, <em>From Object-Level Meaning to Metatextual Meaning. The Case of Polish Particles<\/em>. \u201cStudies in Polish Linguistics\u201d. Krak\u00f3w 2023, s. 55-68.<\/p>\t\t\t\t\t\t\t\t<\/div>\n\t\t\t\t<\/div>\n\t\t\t\t\t<\/div>\n\t\t\t\t<\/div>\n\t\t\t\t\t<\/div>\n\t\t\t\t<\/div>\n\t\t\t\t<section class=\"elementor-section elementor-top-section elementor-element elementor-element-1bfe2974 elementor-section-boxed elementor-section-height-default elementor-section-height-default\" data-id=\"1bfe2974\" data-element_type=\"section\" data-e-type=\"section\" id=\"footer_section\" data-settings=\"{&quot;background_background&quot;:&quot;classic&quot;}\">\n\t\t\t\t\t\t<div class=\"elementor-container elementor-column-gap-default\">\n\t\t\t\t\t<div class=\"elementor-column elementor-col-100 elementor-top-column elementor-element elementor-element-68c60fc\" data-id=\"68c60fc\" data-element_type=\"column\" data-e-type=\"column\">\n\t\t\t<div class=\"elementor-widget-wrap elementor-element-populated\">\n\t\t\t\t\t\t<section class=\"elementor-section elementor-inner-section elementor-element elementor-element-719b40fb elementor-section-content-middle elementor-section-full_width elementor-section-height-default elementor-section-height-default\" data-id=\"719b40fb\" data-element_type=\"section\" data-e-type=\"section\">\n\t\t\t\t\t\t<div class=\"elementor-container elementor-column-gap-no\">\n\t\t\t\t\t<div class=\"elementor-column elementor-col-50 elementor-inner-column elementor-element elementor-element-532826e1\" data-id=\"532826e1\" data-element_type=\"column\" data-e-type=\"column\">\n\t\t\t<div class=\"elementor-widget-wrap elementor-element-populated\">\n\t\t\t\t\t\t<div class=\"elementor-element elementor-element-24895e5f elementor-widget elementor-widget-text-editor\" data-id=\"24895e5f\" data-element_type=\"widget\" data-e-type=\"widget\" data-widget_type=\"text-editor.default\">\n\t\t\t\t<div class=\"elementor-widget-container\">\n\t\t\t\t\t\t\t\t\t<p style=\"text-align: left;\"><span style=\"color: #ff0003;\">\u00a9 2024 \u2013 2026 | Komisia pre slovansk\u00fa slovotvorbu<\/span><\/p>\t\t\t\t\t\t\t\t<\/div>\n\t\t\t\t<\/div>\n\t\t\t\t\t<\/div>\n\t\t<\/div>\n\t\t\t\t<div class=\"elementor-column elementor-col-50 elementor-inner-column elementor-element elementor-element-325a2382\" data-id=\"325a2382\" data-element_type=\"column\" data-e-type=\"column\">\n\t\t\t<div class=\"elementor-widget-wrap elementor-element-populated\">\n\t\t\t\t\t\t<div class=\"elementor-element elementor-element-7814b12d elementor-widget elementor-widget-text-editor\" data-id=\"7814b12d\" data-element_type=\"widget\" data-e-type=\"widget\" data-widget_type=\"text-editor.default\">\n\t\t\t\t<div class=\"elementor-widget-container\">\n\t\t\t\t\t\t\t\t\t<p style=\"text-align: right;\"><span style=\"color: #ff0003;\">webdesign \u00a9 2024 \u2013 2026 Marianna Kraviarov\u00e1<\/span><\/p>\t\t\t\t\t\t\t\t<\/div>\n\t\t\t\t<\/div>\n\t\t\t\t\t<\/div>\n\t\t<\/div>\n\t\t\t\t\t<\/div>\n\t\t<\/section>\n\t\t\t\t\t<\/div>\n\t\t<\/div>\n\t\t\t\t\t<\/div>\n\t\t<\/section>\n\t\t\t\t<\/div>\n\t\t","protected":false},"excerpt":{"rendered":"<p>KOMISIA PRE SLOVANSK\u00da SLOVOTVORBU PRI MEDZIN\u00c1RODNOM KOMIT\u00c9TE SLAVISTOV Krystyna KLESZCZOWA Krajina \/ Country Polska Afili\u00e1cia \/ Affiliation Uniwersytet \u015al\u0105skiw Katowicachul. Bankowa 12080 78 KatowicePolska E-mail krystyna.kleszcz@us.edu.pl Rok narodenia \/ Year of birth 1947 \u010clen slovotvornej komisie: od r. 2007 Akademick\u00e9 hodnosti \/ Academic titles prof. dr hab. ORCID: 0000-0003-4872-5484 V\u00fdskumn\u00e9 zameranie \/ Research interests history [&hellip;]<\/p>\n","protected":false},"author":1,"featured_media":0,"parent":1582,"menu_order":10,"comment_status":"closed","ping_status":"closed","template":"","meta":{"footnotes":""},"class_list":["post-2740","page","type-page","status-publish","hentry"],"_links":{"self":[{"href":"https:\/\/www.ff.unipo.sk\/slovotvorna-komisia\/wp-json\/wp\/v2\/pages\/2740","targetHints":{"allow":["GET"]}}],"collection":[{"href":"https:\/\/www.ff.unipo.sk\/slovotvorna-komisia\/wp-json\/wp\/v2\/pages"}],"about":[{"href":"https:\/\/www.ff.unipo.sk\/slovotvorna-komisia\/wp-json\/wp\/v2\/types\/page"}],"author":[{"embeddable":true,"href":"https:\/\/www.ff.unipo.sk\/slovotvorna-komisia\/wp-json\/wp\/v2\/users\/1"}],"replies":[{"embeddable":true,"href":"https:\/\/www.ff.unipo.sk\/slovotvorna-komisia\/wp-json\/wp\/v2\/comments?post=2740"}],"version-history":[{"count":13,"href":"https:\/\/www.ff.unipo.sk\/slovotvorna-komisia\/wp-json\/wp\/v2\/pages\/2740\/revisions"}],"predecessor-version":[{"id":3672,"href":"https:\/\/www.ff.unipo.sk\/slovotvorna-komisia\/wp-json\/wp\/v2\/pages\/2740\/revisions\/3672"}],"up":[{"embeddable":true,"href":"https:\/\/www.ff.unipo.sk\/slovotvorna-komisia\/wp-json\/wp\/v2\/pages\/1582"}],"wp:attachment":[{"href":"https:\/\/www.ff.unipo.sk\/slovotvorna-komisia\/wp-json\/wp\/v2\/media?parent=2740"}],"curies":[{"name":"wp","href":"https:\/\/api.w.org\/{rel}","templated":true}]}}