{"id":2776,"date":"2024-07-01T15:30:30","date_gmt":"2024-07-01T13:30:30","guid":{"rendered":"https:\/\/www.ff.unipo.sk\/slovotvorna-komisia\/?page_id=2776"},"modified":"2026-01-28T23:55:33","modified_gmt":"2026-01-28T22:55:33","slug":"stramljic-breznik","status":"publish","type":"page","link":"https:\/\/www.ff.unipo.sk\/slovotvorna-komisia\/clenovia-komisie\/stramljic-breznik\/","title":{"rendered":"Irena STRAMLJI\u010c BREZNIK"},"content":{"rendered":"\t\t<div data-elementor-type=\"wp-page\" data-elementor-id=\"2776\" class=\"elementor elementor-2776\">\n\t\t\t\t\t\t<section class=\"elementor-section elementor-top-section elementor-element elementor-element-92e8863 elementor-section-content-middle elementor-section-boxed elementor-section-height-default elementor-section-height-default\" data-id=\"92e8863\" data-element_type=\"section\" data-e-type=\"section\" data-settings=\"{&quot;background_background&quot;:&quot;classic&quot;}\">\n\t\t\t\t\t\t\t<div class=\"elementor-background-overlay\"><\/div>\n\t\t\t\t\t\t\t<div class=\"elementor-container elementor-column-gap-no\">\n\t\t\t\t\t<div class=\"elementor-column elementor-col-100 elementor-top-column elementor-element elementor-element-fc4e00e\" data-id=\"fc4e00e\" data-element_type=\"column\" data-e-type=\"column\">\n\t\t\t<div class=\"elementor-widget-wrap elementor-element-populated\">\n\t\t\t\t<div class=\"elementor-element elementor-element-c7da904 e-grid e-con-boxed e-con e-parent\" data-id=\"c7da904\" data-element_type=\"container\" data-e-type=\"container\">\n\t\t\t\t\t<div class=\"e-con-inner\">\n\t\t\t\t<div class=\"elementor-element elementor-element-5a61a8f elementor-widget elementor-widget-heading\" data-id=\"5a61a8f\" data-element_type=\"widget\" data-e-type=\"widget\" data-widget_type=\"heading.default\">\n\t\t\t\t<div class=\"elementor-widget-container\">\n\t\t\t\t\t<h2 class=\"elementor-heading-title elementor-size-default\">KOMISIA PRE SLOVANSK\u00da SLOVOTVORBU<\/h2>\t\t\t\t<\/div>\n\t\t\t\t<\/div>\n\t\t\t\t<div class=\"elementor-element elementor-element-0c7ff8a elementor-widget elementor-widget-text-editor\" data-id=\"0c7ff8a\" data-element_type=\"widget\" data-e-type=\"widget\" data-widget_type=\"text-editor.default\">\n\t\t\t\t<div class=\"elementor-widget-container\">\n\t\t\t\t\t\t\t\t\t<p>PRI MEDZIN\u00c1RODNOM KOMIT\u00c9TE SLAVISTOV<\/p>\t\t\t\t\t\t\t\t<\/div>\n\t\t\t\t<\/div>\n\t\t\t\t\t<\/div>\n\t\t\t\t<\/div>\n\t\t\t\t\t<\/div>\n\t\t<\/div>\n\t\t\t\t\t<\/div>\n\t\t<\/section>\n\t\t<div class=\"elementor-element elementor-element-fa458b4 e-flex e-con-boxed e-con e-parent\" data-id=\"fa458b4\" data-element_type=\"container\" data-e-type=\"container\" data-settings=\"{&quot;animation&quot;:&quot;none&quot;}\">\n\t\t\t\t\t<div class=\"e-con-inner\">\n\t\t\t\t<div class=\"elementor-element elementor-element-58424fc elementor-widget__width-inherit elementor-widget elementor-widget-heading\" data-id=\"58424fc\" data-element_type=\"widget\" data-e-type=\"widget\" data-settings=\"{&quot;_animation&quot;:&quot;none&quot;}\" data-widget_type=\"heading.default\">\n\t\t\t\t<div class=\"elementor-widget-container\">\n\t\t\t\t\t<h2 class=\"elementor-heading-title elementor-size-default\">Irena STRAMLJI\u010c BREZNIK<\/h2>\t\t\t\t<\/div>\n\t\t\t\t<\/div>\n\t\t\t\t\t<\/div>\n\t\t\t\t<\/div>\n\t\t<div class=\"elementor-element elementor-element-39a3d42 e-flex e-con-boxed e-con e-parent\" data-id=\"39a3d42\" data-element_type=\"container\" data-e-type=\"container\">\n\t\t\t\t\t<div class=\"e-con-inner\">\n\t\t<div class=\"elementor-element elementor-element-eb88dd5 e-con-full e-flex e-con e-child\" data-id=\"eb88dd5\" data-element_type=\"container\" data-e-type=\"container\">\n\t\t\t\t<div class=\"elementor-element elementor-element-3f02a20 elementor-widget elementor-widget-text-editor\" data-id=\"3f02a20\" data-element_type=\"widget\" data-e-type=\"widget\" data-widget_type=\"text-editor.default\">\n\t\t\t\t<div class=\"elementor-widget-container\">\n\t\t\t\t\t\t\t\t\t<table width=\"800\"><tbody><tr><td width=\"300\"><strong>Dr\u017eava \/ Country<\/strong><\/td><td width=\"500\">Slovenija<\/td><\/tr><tr><td width=\"300\"><strong>Afiliacija \/ Affiliation<\/strong><\/td><td width=\"500\">Univerza v Mariboru<br \/>Filozofska fakulteta<br \/>Oddelek za slovanske jezike in knji\u017eevnosti<br \/>Koro\u0161ka cesta 160<br \/>2000 Maribor<br \/>Slovenija<\/td><\/tr><tr><td width=\"300\"><strong>E-mail<\/strong><\/td><td width=\"500\">irena.stranljic@um.si<\/td><\/tr><tr><td width=\"300\"><strong>Leto rojstva \/ Year of birth<\/strong><\/td><td width=\"500\">1963<\/td><\/tr><tr><td width=\"300\"><strong>\u010clan besedotvorne komisije \/ Commission membership<\/strong><\/td><td width=\"500\">od l. 2006<\/td><\/tr><tr><td width=\"300\"><strong>Akademski naziv \/ Academic titles<\/strong><\/td><td width=\"500\">red. profesorica za slovenski jezik<\/td><\/tr><tr><td width=\"300\"><strong>ORCID:<\/strong><\/td><td width=\"500\">0000-0002-7267-6507<\/td><\/tr><tr><td width=\"300\"><strong>Podro\u010dja raziskovanja \/ Research interests<\/strong><\/td><td width=\"500\">leksikologija, besedotvorje, morfematika, leksikalno pomenoslovje, frazelologija, terminologija, skladnja<\/td><\/tr><tr><td width=\"300\"><strong>Povezave \/ Links<\/strong><\/td><td width=\"500\"><p>Univerzitetni profil:<br \/><a href=\"https:\/\/ff.um.si\/oseba\/irena-stramljic-breznik\/\">https:\/\/ff.um.si\/oseba\/irena-stramljic-breznik\/<\/a><\/p><p>Bibliografija 1990\u20132024:<br \/><a href=\"https:\/\/bib.cobiss.net\/bibliographies\/si\/webBiblio\/bib201_20240309_105702_a1516387.html\">https:\/\/bib.cobiss.net\/bibliographies\/si\/webBiblio\/<\/a><\/p><\/td><\/tr><\/tbody><\/table>\t\t\t\t\t\t\t\t<\/div>\n\t\t\t\t<\/div>\n\t\t\t\t<\/div>\n\t\t<div class=\"elementor-element elementor-element-f12d2e4 e-con-full e-flex e-con e-child\" data-id=\"f12d2e4\" data-element_type=\"container\" data-e-type=\"container\">\n\t\t\t\t<div class=\"elementor-element elementor-element-5fc2edc elementor-widget elementor-widget-image\" data-id=\"5fc2edc\" data-element_type=\"widget\" data-e-type=\"widget\" data-widget_type=\"image.default\">\n\t\t\t\t<div class=\"elementor-widget-container\">\n\t\t\t\t\t\t\t\t\t\t\t\t\t\t\t<img fetchpriority=\"high\" decoding=\"async\" width=\"218\" height=\"300\" src=\"https:\/\/www.ff.unipo.sk\/slovotvorna-komisia\/wp-content\/uploads\/2024\/07\/stramljic-breznik-foto-218x300.jpg\" class=\"attachment-medium size-medium wp-image-2778\" alt=\"\" srcset=\"https:\/\/www.ff.unipo.sk\/slovotvorna-komisia\/wp-content\/uploads\/2024\/07\/stramljic-breznik-foto-218x300.jpg 218w, https:\/\/www.ff.unipo.sk\/slovotvorna-komisia\/wp-content\/uploads\/2024\/07\/stramljic-breznik-foto.jpg 319w\" sizes=\"(max-width: 218px) 100vw, 218px\" \/>\t\t\t\t\t\t\t\t\t\t\t\t\t\t\t<\/div>\n\t\t\t\t<\/div>\n\t\t\t\t<\/div>\n\t\t\t\t\t<\/div>\n\t\t\t\t<\/div>\n\t\t<div class=\"elementor-element elementor-element-7295fb1 e-flex e-con-boxed e-con e-parent\" data-id=\"7295fb1\" data-element_type=\"container\" data-e-type=\"container\">\n\t\t\t\t\t<div class=\"e-con-inner\">\n\t\t<div class=\"elementor-element elementor-element-450be4c e-flex e-con-boxed e-con e-child\" data-id=\"450be4c\" data-element_type=\"container\" data-e-type=\"container\">\n\t\t\t\t\t<div class=\"e-con-inner\">\n\t\t\t\t<div class=\"elementor-element elementor-element-be0add8 elementor-widget elementor-widget-text-editor\" data-id=\"be0add8\" data-element_type=\"widget\" data-e-type=\"widget\" data-widget_type=\"text-editor.default\">\n\t\t\t\t<div class=\"elementor-widget-container\">\n\t\t\t\t\t\t\t\t\t<h4><span style=\"color: #2c366a;\"><strong>Izbrana bibliografija \/ Selected bibliography<\/strong><\/span><\/h4><p><span style=\"color: #2c366a;\"><strong>I. Knji\u017ene publikacije (monografije, u\u010dbniki, slovarji) \/ Books (monographs, text-books, dictionaries)<\/strong><\/span><\/p><p><span style=\"color: #2c366a;\"><strong>a) Avtor, soavtor \/ author, co-author<\/strong><\/span><\/p><p>Marke\u017ei\u010d, Tja\u0161a, Stramlji\u010d Breznik, Irena. Feminativi v slovenskem jeziku. Maribor: Univerzitetna zalo\u017eba: = University Press, 2021. 232 str., tabele. Mednarodna knji\u017ena zbirka Zora, 143. ISBN 978-961-286-528-3. DOI: 10.18690\/978-961-286-528-3. [COBISS.SI-ID 79780355]<\/p><p>Stramlji\u010d Breznik, Irena. Besedotvorje: teoreti\u010dno, prakti\u010dno in didakti\u010dno. Maribor: Univerzitetna zalo\u017eba Univerze, 2020. 174 str., tabele. Mednarodna knji\u017ena zbirka Zora, 136. ISBN 978-961-286-380-7. DOI: 10.18690\/978-961-286-380-7. [COBISS.SI-ID 27202307]<\/p><p>Stramlji\u010d Breznik, Irena. Med besedo in besedno zvezo. Maribor: Univerzitetna zalo\u017eba Univerze, 2018. 215 str., tabele, graf. prikazi. Mednarodna knji\u017ena zbirka Zora, 128. ISBN 978-961-286-210-7. DOI: 10.18690\/978-961-286-210-7. [COBISS.SI-ID 95492865]<\/p><p>Stramlji\u010d Breznik, Irena. Medmeti v slovenskem jeziku. 1. izd. Maribor: Pivec, 2014. 259 str., ilustr. ISBN 978-961-6897-88-4. [COBISS.SI-ID 79615233]<\/p><p>Stramlji\u010d Breznik, Irena. Tvorjenke slovenskega jezika med slovarjem in besedilom. Maribor: Filozofska fakulteta, Mednarodna zalo\u017eba Oddelka za slovanske jezike in knji\u017eevnosti, 2010. 265 str., ilustr. Mednarodna knji\u017ena zbirka Zora, 71. ISBN 978-961-6656-50-4. [COBISS.SI-ID 65867265]<\/p><p>Stramlji\u010d Breznik, Irena. Besednodru\u017einski slovar slovenskega jezika: poskusni zvezek za izto\u010dnice na B. Maribor: Slavisti\u010dno dru\u0161tvo, 2004. 318 str., graf. prikazi. Zbirka Zora, Priro\u010dniki, 1. ISBN 961-6320-23-8. [COBISS.SI-ID 53888769]<\/p><p>Stramlji\u010d Breznik, Irena. Prispevki iz slovenskega besedoslovja. Maribor: Slavisti\u010dno dru\u0161tvo, 1999. 285 str., tabele. Zora, 7. [COBISS.SI-ID 43840513]<\/p><p>Stramlji\u010d Breznik, Irena, Podbor\u0161ek, Ljubica. Medmeti na prese\u010di\u0161\u010du slovenskega besednega in znakovnega jezika. 1. izd. Ljubljana: Zveza dru\u0161tev gluhih in naglu\u0161nih Slovenije, 2014. 207 str., ilustr. ISBN 978-961-93152-5-5. [COBISS.SI-ID 274113024]<\/p><p>Stramlji\u010d Breznik, Irena. Ko cvetje spregovori jezikoslovcu. V Mariboru: Oddelek za slovanske jezike in knji\u017eevnosti, Filozofska fakulteta, 2008. 76 str., ilustr. ISBN 978-961-6656-16-0. [COBISS.SI-ID 61500929]<\/p><p>Stramlji\u010d Breznik, Irena (vodja projekta). <em>SPiPP<\/em> &#8211; svojilni pridevniki iz prevzetih priimkov: spletna aplikacija za pomo\u010d uporabnikom pri izra\u017eanju svojine za prevzete mo\u0161ke priimke. Pesek, Igor (sovodja projekta), Dovjak, Rok, Dokl, Nata\u0161a, Erjavec, Nika, Fajfar, Lenart, Jazbec, Ma\u0161a, Kamen\u0161ek Krajnc, Elin, Koler, Katja, Lakner, Anamarija, Podgor\u0161ek, Kaja, Re\u017eonja, Denis, Rotovnik Omerzu, Ana. [S. l.: s. n.], 2019-2020. https:\/\/spipp.ff.um.si\/ [COBISS.SI-ID 44258819]<\/p><p>Stramlji\u010d Breznik, Irena, Zemljak Jontes, Melita, Pulko, Simona, Valh Lopert, Alenka, Krajnc Ivi\u010d, Mira. Tako je bolje: priro\u010dnik z nasveti, kako odpraviti nekatere najpogostej\u0161e jezikovne te\u017eave v prodajnih katalogih trgovcev. Maribor: Filozofska fakulteta, Oddelek za slovanske jezike in knji\u017eevnost, 2008. 84 str., ilustr. ISBN 978-961-6656-14-6. [COBISS.SI-ID 61178369]<\/p><p><span style=\"color: #2c366a;\"><strong>b) Urednik, sourednik \/ editor, co-editor<\/strong><\/span><\/p><p>eSSKJ: slovar slovenskega knji\u017enega jezika. STRAMLJI\u010c BREZNIK, Irena (\u010dlan uredni\u0161kega sveta 2016-). Ljubljana: In\u0161titut za slovenski jezik Frana Ramov\u0161a ZRC SAZU: Zalo\u017eba ZRC, 2016-. Fran. ISSN 2738-6643, ISSN 2385-8613. https:\/\/fran.si\/201\/esskj-slovar-slovenskega-knjiznega-jezika\/. [COBISS.SI-ID 58116099]<\/p><p>Stramlji\u010d Breznik, Irena (urednik, avtor dodatnega besedila). Manj\u0161alnice v slovanskih jezikih : oblika in vloga = Deminutivy v slavjanskih jazykah : forma i rol\u02b9 = Diminutives in Slavic languages : form and role. Maribor: Mednarodna zalo\u017eba Oddelka za slovanske jezike in knji\u017eevnosti, Filozofska fakulteta, 2015. 645 str., ilustr. Knji\u017ena zbirka Zora, 113. ISBN 978-961-6930-34-5. [COBISS.SI-ID 85490945]<\/p><p>Topori\u0161i\u010d, Jo\u017ee, Stramlji\u010d Breznik, Irena (urednik, avtor dodatnega besedila, recenzent), Valh Lopert, Alenka (urednik). Jezikovni pogovori iz Sedem dni. 1. natis. Maribor: Pivec, 2007. 355 str. ISBN 978-961-6494-58-8. [COBISS.SI-ID 59242753]<\/p><p><span style=\"color: #2c366a;\"><strong>c) Samostojna poglavja v\u00a0monografijah \/ Chapters in monographs<\/strong><\/span><\/p><p>Stramlji\u010d Breznik, Irena. Tuja mo\u0161ka osebna imena in njihovi svojilni pridevniki v Breznik-Ramov\u0161evem Slovenskem pravopisu 1935. V: JESEN\u0160EK, Marko (ur.). Akademik Fran Ramov\u0161. Ljubljana: Slovenska akademija znanosti in umetnosti, 2023. Str. 165-188, ilustr. Razprave, 29. ISBN 978-961-268-093-0. ISSN 0560-2920. [COBISS.SI-ID 157830403]<\/p><p>Rotovnik Omerzu, Ana, Stramlji\u010d Breznik, Irena. Podalj\u0161ava ve\u010dzlo\u017enih tujih priimkov mo\u0161kega spola z osnovo na -r. V: VEROVNIK, Tina (ur.), et al. Pravopis na zrnu graha : razprave o pravopisnih vpra\u0161anjih. 1. izd. Ljubljana: Zalo\u017eba ZRC, 2022. Str. 297-321, 341, 352-353. ISBN 978-961-05-0621-8. https:\/\/omp.zrc-sazu.si\/zalozba\/catalog\/view\/1992\/8218\/1598-1, DOI: 10.3986\/97896105062_18. [COBISS.SI-ID 102985475] nagrada: Ana Rotovnik Omerzu prejme Perlachovo priznanje za leto 2022 za podro\u010dje znanstvenoraziskovalnih dose\u017ekov<\/p><p>Stramlji\u010d Breznik, Irena. Kolokacijska analiza izbranega mo\u0161ko- in \u017eenskospolskega para = Collocational analysis of a Selected masculine-feminine pair of personal nouns. V: NIKOLOVSKI, Gjoko (ur.), UL\u010cNIK, Natalija (ur.). Slavisti\u010dna prepletanja 3. 1. izd. Maribor: Univerza v Mariboru, Univerzitetna zalo\u017eba, 2022. Str. 211-236. ISBN 978-961-286-610 https:\/\/press.um.si\/index.php\/ump\/catalog\/book\/668, DOI: 10.18690\/um.ff.6.2022.12. [COBISS.SI-ID 114430723]<\/p><p>Plemenita\u0161, Katja, Vor\u0161i\u010d, Ines, Stramlji\u010d Breznik, Irena. Derivational networks in Slovene. V: K\u00d6RTV\u00c9LYESSY, L\u00edvia (ur.). Derivational networks across languages. Berlin; Boston: De Gruyter Mouton, cop. 2020. Str. 105-113, tabele. Trends in linguistics, Studies and monographs, vol. 340. ISBN 978-3-11-068649-4. ISSN 1861-4302. DOI: 10.1515\/9783110686630-010. [COBISS.SI-ID 22599939]<\/p><p>Stramlji\u010d Breznik, Irena. Uvid v nastajanju leksike v spletnem slovarju &#8222;\u017eive sloven\u0161\u010dine&#8220; (s prvinami kognitivnega pristopa). V: TO\u0160OVI\u0106, Branko (ur.), WONISCH, Arno (ur.). Wortbildung und Internet. Graz: Institut f\u00fcr Slawistik: Kommission f\u00fcr Wortbildung beim Internationalen Slawistenkomitee, 2016. Str. 387-403, ilustr. ISBN 978-3-9504084-6-1. [COBISS.SI-ID 23064072]<\/p><p>Stramlji\u010d Breznik, Irena. Slovene. V: M\u00dcLLER, Peter Otto (ur.). Word-formation : an international handbook of the languages of Europe. Berlin; Boston: De Gruyter Mouton. 2016, vol. 4, str. 2979-2998. Handb\u00fccher zur Sprach- und Kommunikationswissenschaft, Bd. 40. ISBN 978-3-11-037897-9, ISBN 978-3-11-024625-4, ISBN 978-3-11-024627-8, ISBN 978-3-11-037573-2, ISBN 978-3-11-037908-2, ISBN 978-3-11-042494-2. ISSN 1861-2997. http:\/\/www.degruyter.com\/view\/product\/433982. [COBISS.SI-ID 22116872]<\/p><p>Stramlji\u010d Breznik, Irena. Prefiksoidne zlo\u017eenke s sestavino video- med pisanjem skupaj in narazen. V: Koriakowcwva, Elena (ur.). Wsp\u00f3\u0142czesne j\u0119zykoznawstwo s\u0142owia\u0144skie : teoria i metodologia bada\u0144. Tom 1, S\u0142owotw\u00f3rstwo. W Siedlcach: Uniwersytet Przyrodniczo-Humanistyczny, Wydzia\u0142 Humanistyczny, Instytut Filologii Polskiej i Lingwistyki Stosowanej, Mi\u0119dzynarodowy Komitet Slawist\u00f3w, Komisja S\u0142owotw\u00f3rstwa, 2016. Str. 123-140, graf. prikazi. ISBN 978-83-64415-03-6, ISBN 978-83-64415-53-1. [COBISS.SI-ID 22949896]<\/p><p>Stramlji\u010d Breznik, Irena. Glagolske manj\u0161alnice v slovenskem jeziku. V: Stramlji\u010d Breznik, Irena (ur.). Manj\u0161alnice v slovanskih jezikih : oblika in vloga = Deminutivy v slavjanskih jazykah : forma i rol\u02b9 = Diminutives in Slavic languages : form and role. Maribor: Mednarodna zalo\u017eba Oddelka za slovanske jezike in knji\u017eevnosti, Filozofska fakulteta, 2015. Str. 363-374. Knji\u017ena zbirka Zora, 113. ISBN<\/p><p>Stramlji\u010d Breznik, Irena. Novej\u0161i leksikolo\u0161ki pojavi v sodobnem slovenskem jeziku (na primeru oglasnih besedil in novih tvorjenk razli\u010dnih besedilnih virov). V: JESEN\u0160EK, Marko (ur.). Slovenski jezik v stiku evropskega podonavskega in alpskega prostora. Maribor: Mednarodna zalo\u017eba Oddelka za slovanske jezike in knji\u017eevnosti, 2013. Str. 223-252. Mednarodna knji\u017ena zbirka Zora, 93. ISBN 978-961-6930-00-0. ISSN 1408-7464. [COBISS.SI-ID 19784968]<\/p><p>Stramlji\u010d Breznik, Irena. Hibridizacija novej\u0161ih slovenskih tvorjenk. V: KORIAKOWCEWA, Elena (ur.). Przejawy internacjonalizacji w j\u0119zykach s\u0142owia\u0144skich. Siedlce: Wydawnictwo Akademii Podlaskiej, 2009. Str. 165-178. ISBN 978-83-7051-532-4. [COBISS.SI-ID 17109256]<\/p><p><span style=\"color: #2c366a;\"><strong>II. \u0160tudije (prispevki v revijah, \u010dasopisih, zbornikih) \/ Studies (journal articles, proceedings papers, etc.)<\/strong><\/span><\/p><p>Stramlji\u010d Breznik, Irena, Marke\u017ei\u010d, Tja\u0161a. Primer obrazilne konkuren\u010dnosti feminativov na -ica in -ka pri mo\u0161kospolskih tvorjenkah na -or in -ator. Ju\u017enoslovenski filolog. 2023, knj. 79, sv. 1, str. 29-45. ISSN 2406-0763. http:\/\/www.isj.sanu.ac.rs\/wp-content\/uploads\/2023\/07\/JF-79-1-PRINT-1.pdf, DOI: 10.2298\/JFI2301029S. [COBISS.SI-ID 162762499]<\/p><p>Jako\u0161a, Suzana, Glava\u010d, Damjan, Stramlji\u010d Breznik, Irena. Terminotvorne zna\u010dilnosti samostalni\u0161ke besedne zveze s terminom celica v naravoslovju. Slavia Centralis. [Tiskana izd.]. 2022, letn. 15, \u0161t. 1, str. 7-25, tabele. ISSN 1855-6302. https:\/\/journals.um.si\/index.php\/slaviacentralis\/article\/view\/1840, http:\/\/www.dlib.si\/details\/URN:NBN:SI:doc-OYPNGUBO. [COBISS.SI-ID 125476099]<\/p><p>Marke\u017ei\u010d, Tja\u0161a, Stramlji\u010d Breznik, Irena. Poklicni feminativi v slovarskih virih in v razpisih za delovna mesta. Slavia Centralis. [Tiskana izd.]. 2020, letn. 13, \u0161t. 2, str. 100-119, ilustr. ISSN 1855-6302. http:\/\/www.ff.um.si\/dotAsset\/83673.pdf, http:\/\/www.dlib.si\/details\/URN:NBN:SI:doc-OCM54GBV. [COBISS.SI-ID 37803523]<\/p><p>Stramlji\u010d Breznik, Irena. Tvorbeni potencial glagolskih novotvorjenk na <em>-ing + -irati<\/em> v sloven\u0161\u010dini. Jazykovedn\u00fd \u010dasopis. 2018, ro\u010d. 69, \u010d. 3, str. 572-580. ISSN 0021-5597. DOI: 10.2478\/jazcas-2019-0033. [COBISS.SI-ID 24379400]<\/p><p>Stramlji\u010d Breznik, Irena. Univerbizacija (poenobesedenje) v slovenskem besedotvornem sistemu. Slavisti\u010dna revija : \u010dasopis za jezikoslovje in literarne vede. [Tiskana izd.]. jul.-sep. 2018, letn. 66, \u0161t. 3, str. 369-382. ISSN 0350-6894. https:\/\/srl.si\/ojs\/srl\/article\/view\/2018-3-1-8, http:\/\/www.dlib.si\/details\/URN:NBN:SI:DOC-TGSG6HLR. [COBISS.SI-ID 24038408]<\/p><p>Stramlji\u010d Breznik, Irena. Besedotvorni izzivi dialektolo\u0161kih raziskav : Slovenski lingvisti\u010dni atlas 1 in Semanti\u010dko-derivacioni re\u010dnik 1-2. V: WEISS, Peter (ur.). Dialektolo\u0161ki razgledi. Ljubljana: Zalo\u017eba ZRC, 2013. 19, \u0161t. 2, str. 59-72. Jezikoslovni zapiski, 19, 2013, \u0161t. 2. ISBN 978-961-254-671-7. ISSN 0354-0448. http:\/\/www.dlib.si\/details\/URN:NBN:SI:DOC-R0JYCDQ5. [COBISS.SI-ID 36826925]<\/p><p>Stramlji\u010d Breznik, Irena. Besedotvorna produktivnost posnemovalnih medmetov za zvoke naprav v sloven\u0161\u010dini. Slavia Meridionalis. 2013, 13, str. 97-107. ISSN 1233-6173. https:\/\/dk.um.si\/IzpisGradiva.php?id=67207, DOI: 10.11649\/sm.2013.005, DOI: 20.500.12556\/DKUM-67207. [COBISS.SI-ID 20274184]<\/p>\t\t\t\t\t\t\t\t<\/div>\n\t\t\t\t<\/div>\n\t\t\t\t\t<\/div>\n\t\t\t\t<\/div>\n\t\t\t\t\t<\/div>\n\t\t\t\t<\/div>\n\t\t\t\t<section class=\"elementor-section elementor-top-section elementor-element elementor-element-1a73da39 elementor-section-boxed elementor-section-height-default elementor-section-height-default\" data-id=\"1a73da39\" data-element_type=\"section\" data-e-type=\"section\" id=\"footer_section\" data-settings=\"{&quot;background_background&quot;:&quot;classic&quot;}\">\n\t\t\t\t\t\t<div class=\"elementor-container elementor-column-gap-default\">\n\t\t\t\t\t<div class=\"elementor-column elementor-col-100 elementor-top-column elementor-element elementor-element-562d99a9\" data-id=\"562d99a9\" data-element_type=\"column\" data-e-type=\"column\">\n\t\t\t<div class=\"elementor-widget-wrap elementor-element-populated\">\n\t\t\t\t\t\t<section class=\"elementor-section elementor-inner-section elementor-element elementor-element-692767bb elementor-section-content-middle elementor-section-full_width elementor-section-height-default elementor-section-height-default\" data-id=\"692767bb\" data-element_type=\"section\" data-e-type=\"section\">\n\t\t\t\t\t\t<div class=\"elementor-container elementor-column-gap-no\">\n\t\t\t\t\t<div class=\"elementor-column elementor-col-50 elementor-inner-column elementor-element elementor-element-11d985ab\" data-id=\"11d985ab\" data-element_type=\"column\" data-e-type=\"column\">\n\t\t\t<div class=\"elementor-widget-wrap elementor-element-populated\">\n\t\t\t\t\t\t<div class=\"elementor-element elementor-element-373da5c elementor-widget elementor-widget-text-editor\" data-id=\"373da5c\" data-element_type=\"widget\" data-e-type=\"widget\" data-widget_type=\"text-editor.default\">\n\t\t\t\t<div class=\"elementor-widget-container\">\n\t\t\t\t\t\t\t\t\t<p style=\"text-align: left;\"><span style=\"color: #ff0003;\">\u00a9 2024 \u2013 2026 | Komisia pre slovansk\u00fa slovotvorbu<\/span><\/p>\t\t\t\t\t\t\t\t<\/div>\n\t\t\t\t<\/div>\n\t\t\t\t\t<\/div>\n\t\t<\/div>\n\t\t\t\t<div class=\"elementor-column elementor-col-50 elementor-inner-column elementor-element elementor-element-5171e675\" data-id=\"5171e675\" data-element_type=\"column\" data-e-type=\"column\">\n\t\t\t<div class=\"elementor-widget-wrap elementor-element-populated\">\n\t\t\t\t\t\t<div class=\"elementor-element elementor-element-579417eb elementor-widget elementor-widget-text-editor\" data-id=\"579417eb\" data-element_type=\"widget\" data-e-type=\"widget\" data-widget_type=\"text-editor.default\">\n\t\t\t\t<div class=\"elementor-widget-container\">\n\t\t\t\t\t\t\t\t\t<p style=\"text-align: right;\"><span style=\"color: #ff0003;\">webdesign \u00a9 2024 \u2013 2026 Marianna Kraviarov\u00e1<\/span><\/p>\t\t\t\t\t\t\t\t<\/div>\n\t\t\t\t<\/div>\n\t\t\t\t\t<\/div>\n\t\t<\/div>\n\t\t\t\t\t<\/div>\n\t\t<\/section>\n\t\t\t\t\t<\/div>\n\t\t<\/div>\n\t\t\t\t\t<\/div>\n\t\t<\/section>\n\t\t\t\t<\/div>\n\t\t","protected":false},"excerpt":{"rendered":"<p>KOMISIA PRE SLOVANSK\u00da SLOVOTVORBU PRI MEDZIN\u00c1RODNOM KOMIT\u00c9TE SLAVISTOV Irena STRAMLJI\u010c BREZNIK Dr\u017eava \/ Country Slovenija Afiliacija \/ Affiliation Univerza v MariboruFilozofska fakultetaOddelek za slovanske jezike in knji\u017eevnostiKoro\u0161ka cesta 1602000 MariborSlovenija E-mail irena.stranljic@um.si Leto rojstva \/ Year of birth 1963 \u010clan besedotvorne komisije \/ Commission membership od l. 2006 Akademski naziv \/ Academic titles red. profesorica [&hellip;]<\/p>\n","protected":false},"author":1,"featured_media":0,"parent":1582,"menu_order":13,"comment_status":"closed","ping_status":"closed","template":"","meta":{"footnotes":""},"class_list":["post-2776","page","type-page","status-publish","hentry"],"_links":{"self":[{"href":"https:\/\/www.ff.unipo.sk\/slovotvorna-komisia\/wp-json\/wp\/v2\/pages\/2776","targetHints":{"allow":["GET"]}}],"collection":[{"href":"https:\/\/www.ff.unipo.sk\/slovotvorna-komisia\/wp-json\/wp\/v2\/pages"}],"about":[{"href":"https:\/\/www.ff.unipo.sk\/slovotvorna-komisia\/wp-json\/wp\/v2\/types\/page"}],"author":[{"embeddable":true,"href":"https:\/\/www.ff.unipo.sk\/slovotvorna-komisia\/wp-json\/wp\/v2\/users\/1"}],"replies":[{"embeddable":true,"href":"https:\/\/www.ff.unipo.sk\/slovotvorna-komisia\/wp-json\/wp\/v2\/comments?post=2776"}],"version-history":[{"count":10,"href":"https:\/\/www.ff.unipo.sk\/slovotvorna-komisia\/wp-json\/wp\/v2\/pages\/2776\/revisions"}],"predecessor-version":[{"id":3684,"href":"https:\/\/www.ff.unipo.sk\/slovotvorna-komisia\/wp-json\/wp\/v2\/pages\/2776\/revisions\/3684"}],"up":[{"embeddable":true,"href":"https:\/\/www.ff.unipo.sk\/slovotvorna-komisia\/wp-json\/wp\/v2\/pages\/1582"}],"wp:attachment":[{"href":"https:\/\/www.ff.unipo.sk\/slovotvorna-komisia\/wp-json\/wp\/v2\/media?parent=2776"}],"curies":[{"name":"wp","href":"https:\/\/api.w.org\/{rel}","templated":true}]}}