{"id":2885,"date":"2024-08-22T14:16:26","date_gmt":"2024-08-22T12:16:26","guid":{"rendered":"https:\/\/www.ff.unipo.sk\/slovotvorna-komisia\/?page_id=2885"},"modified":"2026-01-28T22:24:06","modified_gmt":"2026-01-28T21:24:06","slug":"%d0%bc%d0%be%d0%bd%d0%be%d0%b3%d1%80%d0%b0%d1%84%d0%b8%d1%98%d0%b0-2024","status":"publish","type":"page","link":"https:\/\/www.ff.unipo.sk\/slovotvorna-komisia\/sr\/%d0%bc%d0%be%d0%bd%d0%be%d0%b3%d1%80%d0%b0%d1%84%d0%b8%d1%98%d0%b0-2024\/","title":{"rendered":"\u041c\u041e\u041d\u041e\u0413\u0420\u0410\u0424\u0418\u0408\u0410 2024"},"content":{"rendered":"\t\t<div data-elementor-type=\"wp-page\" data-elementor-id=\"2885\" class=\"elementor elementor-2885\">\n\t\t\t\t\t\t<section class=\"elementor-section elementor-top-section elementor-element elementor-element-92e8863 elementor-section-content-middle elementor-section-boxed elementor-section-height-default elementor-section-height-default\" data-id=\"92e8863\" data-element_type=\"section\" data-e-type=\"section\" data-settings=\"{&quot;background_background&quot;:&quot;classic&quot;}\">\n\t\t\t\t\t\t\t<div class=\"elementor-background-overlay\"><\/div>\n\t\t\t\t\t\t\t<div class=\"elementor-container elementor-column-gap-no\">\n\t\t\t\t\t<div class=\"elementor-column elementor-col-100 elementor-top-column elementor-element elementor-element-fc4e00e\" data-id=\"fc4e00e\" data-element_type=\"column\" data-e-type=\"column\">\n\t\t\t<div class=\"elementor-widget-wrap elementor-element-populated\">\n\t\t\t\t<div class=\"elementor-element elementor-element-c7da904 e-grid e-con-boxed e-con e-parent\" data-id=\"c7da904\" data-element_type=\"container\" data-e-type=\"container\">\n\t\t\t\t\t<div class=\"e-con-inner\">\n\t\t\t\t<div class=\"elementor-element elementor-element-5a61a8f elementor-widget elementor-widget-heading\" data-id=\"5a61a8f\" data-element_type=\"widget\" data-e-type=\"widget\" data-widget_type=\"heading.default\">\n\t\t\t\t<div class=\"elementor-widget-container\">\n\t\t\t\t\t<h2 class=\"elementor-heading-title elementor-size-default\">\u041a\u041e\u041c\u0418\u0421\u0418\u0408\u0410 \u0417\u0410 \u0422\u0412\u041e\u0420\u0411\u0423 \u0421\u041b\u041e\u0412\u0415\u041d\u0421\u041a\u0415 \u0420\u0415\u0427\u0418<\/h2>\t\t\t\t<\/div>\n\t\t\t\t<\/div>\n\t\t\t\t<div class=\"elementor-element elementor-element-0c7ff8a elementor-widget elementor-widget-text-editor\" data-id=\"0c7ff8a\" data-element_type=\"widget\" data-e-type=\"widget\" data-widget_type=\"text-editor.default\">\n\t\t\t\t<div class=\"elementor-widget-container\">\n\t\t\t\t\t\t\t\t\t<p>\u041f\u0420\u0418 \u041c\u0415\u0402\u0423\u041d\u0410\u0420\u041e\u0414\u041d\u041e\u041c \u041a\u041e\u041c\u0418\u0422\u0415\u0422\u0423 \u0421\u041b\u0410\u0412\u0418\u0421\u0422\u0410<\/p>\t\t\t\t\t\t\t\t<\/div>\n\t\t\t\t<\/div>\n\t\t\t\t\t<\/div>\n\t\t\t\t<\/div>\n\t\t\t\t\t<\/div>\n\t\t<\/div>\n\t\t\t\t\t<\/div>\n\t\t<\/section>\n\t\t<div class=\"elementor-element elementor-element-e0b3469 e-flex e-con-boxed e-con e-parent\" data-id=\"e0b3469\" data-element_type=\"container\" data-e-type=\"container\">\n\t\t\t\t\t<div class=\"e-con-inner\">\n\t\t\t\t<div class=\"elementor-element elementor-element-5e18a70 animated-slow elementor-invisible elementor-widget elementor-widget-image\" data-id=\"5e18a70\" data-element_type=\"widget\" data-e-type=\"widget\" data-settings=\"{&quot;_animation&quot;:&quot;fadeInUp&quot;}\" data-widget_type=\"image.default\">\n\t\t\t\t<div class=\"elementor-widget-container\">\n\t\t\t\t\t\t\t\t\t\t\t\t\t\t\t\t<a href=\"https:\/\/ucjtk.ff.cuni.cz\/2024\/08\/11\/knizni-novinka-32\/?fbclid=IwY2xjawEnAJ1leHRuA2FlbQIxMQABHe7oyPvTMWT9CcipgJNSSzsThLWe_RxlzBfztMiXdAon23BTqa-CAeoJnQ_aem_Fe5RWNMxrjP__zVwDxkIfQ\" target=\"_blank\">\n\t\t\t\t\t\t\t<img fetchpriority=\"high\" decoding=\"async\" width=\"216\" height=\"300\" src=\"https:\/\/www.ff.unipo.sk\/slovotvorna-komisia\/wp-content\/uploads\/2024\/08\/kniha.jpg\" class=\"attachment-large size-large wp-image-2823\" alt=\"\" \/>\t\t\t\t\t\t\t\t<\/a>\n\t\t\t\t\t\t\t\t\t\t\t\t\t\t\t<\/div>\n\t\t\t\t<\/div>\n\t\t\t\t\t<\/div>\n\t\t\t\t<\/div>\n\t\t<div class=\"elementor-element elementor-element-fa458b4 e-flex e-con-boxed e-con e-parent\" data-id=\"fa458b4\" data-element_type=\"container\" data-e-type=\"container\" data-settings=\"{&quot;animation&quot;:&quot;none&quot;}\">\n\t\t\t\t\t<div class=\"e-con-inner\">\n\t\t\t\t<div class=\"elementor-element elementor-element-58424fc elementor-widget__width-inherit elementor-widget elementor-widget-heading\" data-id=\"58424fc\" data-element_type=\"widget\" data-e-type=\"widget\" data-settings=\"{&quot;_animation&quot;:&quot;none&quot;}\" data-widget_type=\"heading.default\">\n\t\t\t\t<div class=\"elementor-widget-container\">\n\t\t\t\t\t<h2 class=\"elementor-heading-title elementor-size-default\">\u010cESK\u00c1 SLOVOTVORN\u00c1 KONCEPCE V KONTEXTU SLOVANSK\u00c9 JAZYKOV\u011aDY<\/h2>\t\t\t\t<\/div>\n\t\t\t\t<\/div>\n\t\t\t\t<div class=\"elementor-element elementor-element-94d84af elementor-widget elementor-widget-text-editor\" data-id=\"94d84af\" data-element_type=\"widget\" data-e-type=\"widget\" data-widget_type=\"text-editor.default\">\n\t\t\t\t<div class=\"elementor-widget-container\">\n\t\t\t\t\t\t\t\t\tVy\u0161la kolekt\u00edvna monografia <a href=\"https:\/\/ucjtk.ff.cuni.cz\/2024\/08\/11\/knizni-novinka-32\/?fbclid=IwY2xjawEnAJ1leHRuA2FlbQIxMQABHe7oyPvTMWT9CcipgJNSSzsThLWe_RxlzBfztMiXdAon23BTqa-CAeoJnQ_aem_Fe5RWNMxrjP__zVwDxkIfQ\" target=\"_blank\"><strong>\u010cesk\u00e1 slovotvorn\u00e1 koncepce v kontextu slovansk\u00e9 jazykov\u011bdy <\/strong><\/a>(Praha: Academia 2024), ktor\u00e1 je venovan\u00e1 110. v\u00fdro\u010diu narodenia a 20. v\u00fdro\u010diu \u00famrtia v\u00fdznamn\u00e9ho \u010desk\u00e9ho lingvistu a derivatol\u00f3gia Milo\u0161a Dokulila. Editorkami monografie s\u00fa I. Bozd\u011bchov\u00e1, B.\u00a0Ni\u0161eva\u00a0a K.\u00a0Skwarsk\u00e1.\n\n<a href=\"https:\/\/www.academiaknihy.cz\/attachment\/1573.8ab4fb78d7\/ceska_slovo_ukazka.pdf\" target=\"_blank\"><strong>Obsah publik\u00e1cie<\/strong><\/a>\t\t\t\t\t\t\t\t<\/div>\n\t\t\t\t<\/div>\n\t\t\t\t\t<\/div>\n\t\t\t\t<\/div>\n\t\t<div class=\"elementor-element elementor-element-49e2311 e-flex e-con-boxed e-con e-parent\" data-id=\"49e2311\" data-element_type=\"container\" data-e-type=\"container\">\n\t\t\t\t\t<div class=\"e-con-inner\">\n\t\t\t\t<div class=\"elementor-element elementor-element-b244433 elementor-widget elementor-widget-button\" data-id=\"b244433\" data-element_type=\"widget\" data-e-type=\"widget\" data-widget_type=\"button.default\">\n\t\t\t\t<div class=\"elementor-widget-container\">\n\t\t\t\t\t\t\t\t\t<div class=\"elementor-button-wrapper\">\n\t\t\t\t\t<a class=\"elementor-button elementor-button-link elementor-size-sm\" href=\"https:\/\/www.ff.unipo.sk\/slovotvorna-komisia\/sr\/%d0%bd%d0%be%d0%b2%d0%be%d1%81%d1%82%d0%b8-sr\/\">\n\t\t\t\t\t\t<span class=\"elementor-button-content-wrapper\">\n\t\t\t\t\t\t\t\t\t<span class=\"elementor-button-text\">\u041d\u0410\u0417\u0410\u0414 \u041d\u0410 HO\u0412O\u0421\u0422\u0418<\/span>\n\t\t\t\t\t<\/span>\n\t\t\t\t\t<\/a>\n\t\t\t\t<\/div>\n\t\t\t\t\t\t\t\t<\/div>\n\t\t\t\t<\/div>\n\t\t\t\t\t<\/div>\n\t\t\t\t<\/div>\n\t\t\t\t<section class=\"elementor-section elementor-top-section elementor-element elementor-element-58e652d elementor-section-boxed elementor-section-height-default elementor-section-height-default\" data-id=\"58e652d\" data-element_type=\"section\" data-e-type=\"section\" id=\"footer_section\" data-settings=\"{&quot;background_background&quot;:&quot;classic&quot;}\">\n\t\t\t\t\t\t<div class=\"elementor-container elementor-column-gap-default\">\n\t\t\t\t\t<div class=\"elementor-column elementor-col-100 elementor-top-column elementor-element elementor-element-60938fb6\" data-id=\"60938fb6\" data-element_type=\"column\" data-e-type=\"column\">\n\t\t\t<div class=\"elementor-widget-wrap elementor-element-populated\">\n\t\t\t\t\t\t<section class=\"elementor-section elementor-inner-section elementor-element elementor-element-715785aa elementor-section-content-middle elementor-section-full_width elementor-section-height-default elementor-section-height-default\" data-id=\"715785aa\" data-element_type=\"section\" data-e-type=\"section\">\n\t\t\t\t\t\t<div class=\"elementor-container elementor-column-gap-no\">\n\t\t\t\t\t<div class=\"elementor-column elementor-col-50 elementor-inner-column elementor-element elementor-element-4dbf502e\" data-id=\"4dbf502e\" data-element_type=\"column\" data-e-type=\"column\">\n\t\t\t<div class=\"elementor-widget-wrap elementor-element-populated\">\n\t\t\t\t\t\t<div class=\"elementor-element elementor-element-51504ba8 elementor-widget elementor-widget-text-editor\" data-id=\"51504ba8\" data-element_type=\"widget\" data-e-type=\"widget\" data-widget_type=\"text-editor.default\">\n\t\t\t\t<div class=\"elementor-widget-container\">\n\t\t\t\t\t\t\t\t\t<p style=\"text-align: left;\"><span style=\"color: #ff0003;\">\u00a9 2024 \u2013 2026 | \u041a\u041e\u041c\u0418\u0421\u0418\u0408\u0410 \u0417\u0410 \u0422\u0412\u041e\u0420\u0411\u0423 \u0421\u041b\u041e\u0412\u0415\u041d\u0421\u041a\u0415 \u0420\u0415\u0427\u0418<\/span><\/p>\t\t\t\t\t\t\t\t<\/div>\n\t\t\t\t<\/div>\n\t\t\t\t\t<\/div>\n\t\t<\/div>\n\t\t\t\t<div class=\"elementor-column elementor-col-50 elementor-inner-column elementor-element elementor-element-56160463\" data-id=\"56160463\" data-element_type=\"column\" data-e-type=\"column\">\n\t\t\t<div class=\"elementor-widget-wrap elementor-element-populated\">\n\t\t\t\t\t\t<div class=\"elementor-element elementor-element-563d26f7 elementor-widget elementor-widget-text-editor\" data-id=\"563d26f7\" data-element_type=\"widget\" data-e-type=\"widget\" data-widget_type=\"text-editor.default\">\n\t\t\t\t<div class=\"elementor-widget-container\">\n\t\t\t\t\t\t\t\t\t<p style=\"text-align: right;\"><span style=\"color: #ff0003;\">webdesign \u00a9 2024 \u2013 2026 Marianna Kraviarov\u00e1<\/span><\/p>\t\t\t\t\t\t\t\t<\/div>\n\t\t\t\t<\/div>\n\t\t\t\t\t<\/div>\n\t\t<\/div>\n\t\t\t\t\t<\/div>\n\t\t<\/section>\n\t\t\t\t\t<\/div>\n\t\t<\/div>\n\t\t\t\t\t<\/div>\n\t\t<\/section>\n\t\t\t\t<\/div>\n\t\t","protected":false},"excerpt":{"rendered":"<p>\u041a\u041e\u041c\u0418\u0421\u0418\u0408\u0410 \u0417\u0410 \u0422\u0412\u041e\u0420\u0411\u0423 \u0421\u041b\u041e\u0412\u0415\u041d\u0421\u041a\u0415 \u0420\u0415\u0427\u0418 \u041f\u0420\u0418 \u041c\u0415\u0402\u0423\u041d\u0410\u0420\u041e\u0414\u041d\u041e\u041c \u041a\u041e\u041c\u0418\u0422\u0415\u0422\u0423 \u0421\u041b\u0410\u0412\u0418\u0421\u0422\u0410 \u010cESK\u00c1 SLOVOTVORN\u00c1 KONCEPCE V KONTEXTU SLOVANSK\u00c9 JAZYKOV\u011aDY Vy\u0161la kolekt\u00edvna monografia \u010cesk\u00e1 slovotvorn\u00e1 koncepce v kontextu slovansk\u00e9 jazykov\u011bdy (Praha: Academia 2024), ktor\u00e1 je venovan\u00e1 110. v\u00fdro\u010diu narodenia a 20. v\u00fdro\u010diu \u00famrtia v\u00fdznamn\u00e9ho \u010desk\u00e9ho lingvistu a derivatol\u00f3gia Milo\u0161a Dokulila. Editorkami monografie s\u00fa I. Bozd\u011bchov\u00e1, B.\u00a0Ni\u0161eva\u00a0a K.\u00a0Skwarsk\u00e1. Obsah publik\u00e1cie [&hellip;]<\/p>\n","protected":false},"author":1,"featured_media":0,"parent":0,"menu_order":0,"comment_status":"closed","ping_status":"closed","template":"","meta":{"footnotes":""},"class_list":["post-2885","page","type-page","status-publish","hentry"],"_links":{"self":[{"href":"https:\/\/www.ff.unipo.sk\/slovotvorna-komisia\/wp-json\/wp\/v2\/pages\/2885","targetHints":{"allow":["GET"]}}],"collection":[{"href":"https:\/\/www.ff.unipo.sk\/slovotvorna-komisia\/wp-json\/wp\/v2\/pages"}],"about":[{"href":"https:\/\/www.ff.unipo.sk\/slovotvorna-komisia\/wp-json\/wp\/v2\/types\/page"}],"author":[{"embeddable":true,"href":"https:\/\/www.ff.unipo.sk\/slovotvorna-komisia\/wp-json\/wp\/v2\/users\/1"}],"replies":[{"embeddable":true,"href":"https:\/\/www.ff.unipo.sk\/slovotvorna-komisia\/wp-json\/wp\/v2\/comments?post=2885"}],"version-history":[{"count":16,"href":"https:\/\/www.ff.unipo.sk\/slovotvorna-komisia\/wp-json\/wp\/v2\/pages\/2885\/revisions"}],"predecessor-version":[{"id":3589,"href":"https:\/\/www.ff.unipo.sk\/slovotvorna-komisia\/wp-json\/wp\/v2\/pages\/2885\/revisions\/3589"}],"wp:attachment":[{"href":"https:\/\/www.ff.unipo.sk\/slovotvorna-komisia\/wp-json\/wp\/v2\/media?parent=2885"}],"curies":[{"name":"wp","href":"https:\/\/api.w.org\/{rel}","templated":true}]}}