{"id":2943,"date":"2024-09-05T13:23:01","date_gmt":"2024-09-05T11:23:01","guid":{"rendered":"https:\/\/www.ff.unipo.sk\/slovotvorna-komisia\/?page_id=2943"},"modified":"2026-01-28T23:58:34","modified_gmt":"2026-01-28T22:58:34","slug":"stebih-golub","status":"publish","type":"page","link":"https:\/\/www.ff.unipo.sk\/slovotvorna-komisia\/clenovia-komisie\/stebih-golub\/","title":{"rendered":"Barbara \u0160TEBIH GOLUB"},"content":{"rendered":"\t\t<div data-elementor-type=\"wp-page\" data-elementor-id=\"2943\" class=\"elementor elementor-2943\">\n\t\t\t\t\t\t<section class=\"elementor-section elementor-top-section elementor-element elementor-element-92e8863 elementor-section-content-middle elementor-section-boxed elementor-section-height-default elementor-section-height-default\" data-id=\"92e8863\" data-element_type=\"section\" data-e-type=\"section\" data-settings=\"{&quot;background_background&quot;:&quot;classic&quot;}\">\n\t\t\t\t\t\t\t<div class=\"elementor-background-overlay\"><\/div>\n\t\t\t\t\t\t\t<div class=\"elementor-container elementor-column-gap-no\">\n\t\t\t\t\t<div class=\"elementor-column elementor-col-100 elementor-top-column elementor-element elementor-element-fc4e00e\" data-id=\"fc4e00e\" data-element_type=\"column\" data-e-type=\"column\">\n\t\t\t<div class=\"elementor-widget-wrap elementor-element-populated\">\n\t\t\t\t<div class=\"elementor-element elementor-element-c7da904 e-grid e-con-boxed e-con e-parent\" data-id=\"c7da904\" data-element_type=\"container\" data-e-type=\"container\">\n\t\t\t\t\t<div class=\"e-con-inner\">\n\t\t\t\t<div class=\"elementor-element elementor-element-5a61a8f elementor-widget elementor-widget-heading\" data-id=\"5a61a8f\" data-element_type=\"widget\" data-e-type=\"widget\" data-widget_type=\"heading.default\">\n\t\t\t\t<div class=\"elementor-widget-container\">\n\t\t\t\t\t<h2 class=\"elementor-heading-title elementor-size-default\">KOMISIA PRE SLOVANSK\u00da SLOVOTVORBU<\/h2>\t\t\t\t<\/div>\n\t\t\t\t<\/div>\n\t\t\t\t<div class=\"elementor-element elementor-element-0c7ff8a elementor-widget elementor-widget-text-editor\" data-id=\"0c7ff8a\" data-element_type=\"widget\" data-e-type=\"widget\" data-widget_type=\"text-editor.default\">\n\t\t\t\t<div class=\"elementor-widget-container\">\n\t\t\t\t\t\t\t\t\t<p>PRI MEDZIN\u00c1RODNOM KOMIT\u00c9TE SLAVISTOV<\/p>\t\t\t\t\t\t\t\t<\/div>\n\t\t\t\t<\/div>\n\t\t\t\t\t<\/div>\n\t\t\t\t<\/div>\n\t\t\t\t\t<\/div>\n\t\t<\/div>\n\t\t\t\t\t<\/div>\n\t\t<\/section>\n\t\t<div class=\"elementor-element elementor-element-fa458b4 e-flex e-con-boxed e-con e-parent\" data-id=\"fa458b4\" data-element_type=\"container\" data-e-type=\"container\" data-settings=\"{&quot;animation&quot;:&quot;none&quot;}\">\n\t\t\t\t\t<div class=\"e-con-inner\">\n\t\t\t\t<div class=\"elementor-element elementor-element-58424fc elementor-widget__width-inherit elementor-widget elementor-widget-heading\" data-id=\"58424fc\" data-element_type=\"widget\" data-e-type=\"widget\" data-settings=\"{&quot;_animation&quot;:&quot;none&quot;}\" data-widget_type=\"heading.default\">\n\t\t\t\t<div class=\"elementor-widget-container\">\n\t\t\t\t\t<h2 class=\"elementor-heading-title elementor-size-default\">Barbara \u0160TEBIH GOLUB<\/h2>\t\t\t\t<\/div>\n\t\t\t\t<\/div>\n\t\t\t\t\t<\/div>\n\t\t\t\t<\/div>\n\t\t<div class=\"elementor-element elementor-element-39a3d42 e-flex e-con-boxed e-con e-parent\" data-id=\"39a3d42\" data-element_type=\"container\" data-e-type=\"container\">\n\t\t\t\t\t<div class=\"e-con-inner\">\n\t\t<div class=\"elementor-element elementor-element-eb88dd5 e-con-full e-flex e-con e-child\" data-id=\"eb88dd5\" data-element_type=\"container\" data-e-type=\"container\">\n\t\t\t\t<div class=\"elementor-element elementor-element-3f02a20 elementor-widget elementor-widget-text-editor\" data-id=\"3f02a20\" data-element_type=\"widget\" data-e-type=\"widget\" data-widget_type=\"text-editor.default\">\n\t\t\t\t<div class=\"elementor-widget-container\">\n\t\t\t\t\t\t\t\t\t<table width=\"800\"><tbody><tr><td width=\"300\"><strong>Zemlja \/ Country<\/strong><\/td><td width=\"500\">Hrvatska<\/td><\/tr><tr><td width=\"300\"><strong>Pripadnost \/ Affiliation<\/strong><\/td><td width=\"500\"><p>Institut za hrvatski jezik<\/p><p>Ulica Republike Austrije 16<\/p><p>10000 Zagreb<\/p><p>Hrvatska<\/p><\/td><\/tr><tr><td width=\"300\"><strong>E-mail<\/strong><\/td><td width=\"500\">bstebih@ihjj.hr<\/td><\/tr><tr><td width=\"300\"><strong>Datum ro\u0111enja \/ Year of birth<\/strong><\/td><td width=\"500\">1974<\/td><\/tr><tr><td width=\"300\"><strong>\u010clanica Komisije \/ Membership in the commission<\/strong><\/td><td width=\"500\">od\u00a0 2006<\/td><\/tr><tr><td width=\"300\"><strong>Akademska titula \/ Academic titles<\/strong><\/td><td width=\"500\">dr. sc., znanstvena savjetnica u trajnom izboru<\/td><\/tr><tr><td width=\"300\"><strong>ORCID:<\/strong><\/td><td width=\"500\">0000-0003-2192-2947<\/td><\/tr><tr><td width=\"300\"><strong>Podru\u010dja instra\u017eivanja \/ Research interests<\/strong><\/td><td width=\"500\">povijest jezika (kajkavski knji\u017eevni jezik), povijesna leksikologija i leksikografija, povijesna gramatikologija i gramatikografija, kontaktna lingvistika, tvorba rije\u010di<\/td><\/tr><tr><td width=\"300\"><strong>Poveznice \/ Links<\/strong><\/td><td width=\"500\"><p>Poveznice:<\/p><p><a href=\"http:\/\/ihjj.hr\/istrazivac\/barbara-stebih-golub\/14\/\">http:\/\/ihjj.hr\/istrazivac\/barbara-stebih-golub\/14\/<\/a><\/p><p><a href=\"https:\/\/www.croris.hr\/crosbi\/searchByContext\/2\/3908\">https:\/\/www.croris.hr\/crosbi\/searchByContext\/2\/3908<\/a><\/p><\/td><\/tr><\/tbody><\/table>\t\t\t\t\t\t\t\t<\/div>\n\t\t\t\t<\/div>\n\t\t\t\t<\/div>\n\t\t<div class=\"elementor-element elementor-element-f12d2e4 e-con-full e-flex e-con e-child\" data-id=\"f12d2e4\" data-element_type=\"container\" data-e-type=\"container\">\n\t\t\t\t<div class=\"elementor-element elementor-element-5fc2edc elementor-widget elementor-widget-image\" data-id=\"5fc2edc\" data-element_type=\"widget\" data-e-type=\"widget\" data-widget_type=\"image.default\">\n\t\t\t\t<div class=\"elementor-widget-container\">\n\t\t\t\t\t\t\t\t\t\t\t\t\t\t\t<img decoding=\"async\" width=\"121\" height=\"163\" src=\"https:\/\/www.ff.unipo.sk\/slovotvorna-komisia\/wp-content\/uploads\/2024\/09\/stebih-golub-foto-X.jpg\" class=\"attachment-medium size-medium wp-image-2945\" alt=\"\" \/>\t\t\t\t\t\t\t\t\t\t\t\t\t\t\t<\/div>\n\t\t\t\t<\/div>\n\t\t\t\t<\/div>\n\t\t\t\t\t<\/div>\n\t\t\t\t<\/div>\n\t\t<div class=\"elementor-element elementor-element-7295fb1 e-flex e-con-boxed e-con e-parent\" data-id=\"7295fb1\" data-element_type=\"container\" data-e-type=\"container\">\n\t\t\t\t\t<div class=\"e-con-inner\">\n\t\t<div class=\"elementor-element elementor-element-450be4c e-flex e-con-boxed e-con e-child\" data-id=\"450be4c\" data-element_type=\"container\" data-e-type=\"container\">\n\t\t\t\t\t<div class=\"e-con-inner\">\n\t\t\t\t<div class=\"elementor-element elementor-element-be0add8 elementor-widget elementor-widget-text-editor\" data-id=\"be0add8\" data-element_type=\"widget\" data-e-type=\"widget\" data-widget_type=\"text-editor.default\">\n\t\t\t\t<div class=\"elementor-widget-container\">\n\t\t\t\t\t\t\t\t\t<h4><span style=\"color: #2c366a;\"><strong>Odabrana bibliografija \/ Selected bibliography<\/strong><\/span><\/h4><p><span style=\"color: #2c366a;\"><strong style=\"background-color: transparent; text-align: var(--text-align);\">I. Knji\u017ene publikacije (monografije, ud\u017ebenici, rje\u010dnici) \/ Books (monographs, text-books, dictionaries)<\/strong><\/span><\/p><p><span style=\"color: #2c366a;\"><strong style=\"background-color: transparent; text-align: var(--text-align);\">a) Autorica, koautorica \/ author, co-author<\/strong><\/span><\/p><p>\u0160tebih Golub, B.:\u00a0 <em>Blagore\u010dja<\/em> Ignaca Kristijanovi\u0107a. Zagreb 2022.<\/p><p>\u0160tebih Golub, B.:\u00a0 <em>Jezi\u010dnica horvatsko-slavinska Josipa \u0110urkove\u010dkoga<\/em>. Zagreb 2019.<\/p><p>\u0160tebih Golub, B.:\u00a0 <em>Horvatska gramatika I. E. Matijevi\u0107a<\/em>. Zagreb 2017.<\/p><p>\u0160tebih Golub, B.:\u00a0 <em>Franjo Kornig i njegova Horvatska gramatika.<\/em> Zagreb 2015.<\/p><p>\u0160tebih Golub, B.:\u00a0 <em>Ignacije Szentm\u00e1rtony i Uvod u Nauk o horvatskome jeziku<\/em>. Zagreb 2014.<\/p><p>\u0160tebih Golub, B.:\u00a0 <em>Ignac Kristijanovi\u0107: Slovnica horvatskoga narje\u010dja. <\/em>Zagreb 2012.<\/p><p>\u0160tebih Golub, B.:\u00a0 <em>Germanizmi u kajkavskome knji\u017eevnom jeziku<\/em>. Zagreb 2010.<\/p><p><span style=\"color: #2c366a;\"><strong style=\"background-color: transparent; text-align: var(--text-align);\">b) Urednica, suurednica \/ editor, co-editor<\/strong><\/span><\/p><p>Jirou\u0161-Rajkovi\u0107, V. \u2013 Runjai\u0107, S. \u2013 \u0160tebih Golub, B. <em>Pojmovnik hrvatskoga drvnotehnolo\u0161kog nazivlja<\/em>. Zagreb \u00a02018.<\/p><p>Jebrih, A.\u00a0 \u2013 \u0160tebih Golub, B. <em>Toma\u0161 Miklou\u0161i\u0107 \u2013 zbornik radova<\/em>. \u00a0Jastrebarsko 2012.<\/p><p><span style=\"color: #2c366a;\"><strong style=\"background-color: transparent; text-align: var(--text-align);\">c) Poglavlja u monografijama \/ Chapters in monographs<\/strong><\/span><\/p><p>\u0160tebih Golub, Barbara \u2013 Ramadanovi\u0107, Ermina: Neologija i neografija u suvremenom hrvatskom jeziku. U: Neologizmy a neologiz\u00e1cia v lingvistickej reflexii. Ed. M. Olo\u0161tiak. Pre\u0161ov: Pre\u0161ovsk\u00e1 univerzita 2023, str. 265\u2013274.<\/p><p>\u0160tebih Golub, Barbara: Novotvorenice pu\u010dkih <em>tvorbenjaka<\/em>. U: Slovansk\u00e1 tvorba. Synchr\u00f3nia, inov\u00e1cie, neologiz\u00e1cia. Ed. M. Olo\u0161tiak \u2013 L. Lipt\u00e1kov\u00e1 \u2013 K. Bern\u00e1rdov\u00e1-Gibov\u00e1. Pre\u0161ov: Vydavatelstvo Pre\u0161ovskej Univerzity 2022, str. 265\u2013274.<\/p><p>\u0160tebih Golub, Barbara: Wie man im 18. Jahrhundert kajkavische Grammatiken \u201ef\u00fcr Teutsche\u201d schrieb. U: Fremdsprachenlehrwerke in der fr\u00fchen Neuzeit. Perspektiven \u2013 Potentiale \u2013 Herausforderungen. Ed. J. H\u00fcbner, Julia \u2013 H. Simon. Wiesbaden: \u00a0Harrassowitz Verlag 2021, str. 107\u2013122.<\/p><p>\u0160tebih Golub, Barbara: Kajkavski hrvatski knji\u017eevni jezik u 19. stolje\u0107u. U: Povijest hrvatskoga jezika 4. Ur. J. Lisac \u2013 I. Pranjkovi\u0107 \u2013 M. Samard\u017eija. Zagreb: Dru\u0161tvo za promicanje hrvatske kulture i znanosti Croatica 2015, str. 113\u2013159.<\/p><p>\u0160tebih Golub, Barbara: Kajkavski hrvatski knji\u017eevni jezik u 17. i 18. stolje\u0107u. U: Povijest hrvatskoga jezika 3. Ur. R. Kati\u010di\u0107 \u2013 J. Lisac. Zagreb: Dru\u0161tvo za promicanje hrvatske kulture i znanosti Croatica 2013. str. 221\u2013263.<\/p><p>Mihaljevi\u0107, Milica \u2013 \u0160tebih Golub, Barbara: Mocijska tvorba u hrvatskome i srpskome jeziku. U: Hrvatski pogledi na odnose izme\u0111u hrvatskoga, srpskoga i bosanskoga\/bo\u0161nja\u010dkoga jezika. Ur. B. To\u0161ovi\u0107. Zagreb: Izvori 2010, str. 191\u2013213.<\/p><p>Mihaljevi\u0107, Milica \u2013 \u0160tebih Golub, Barbara: Hrvatsko i srpsko ra\u010dunalno nazivlje. U: Hrvatski pogledi na odnose izme\u0111u hrvatskoga, srpskoga i bosanskoga\/bo\u0161nja\u010dkoga jezika. Ur. B. To\u0161ovi\u0107. Zagreb: Izvori 2010, str. 185\u2013191.<\/p><p>Horvat, Milica \u2013 \u0160tebih Golub, Barbara: Globalizacija i internacionalizacija u hrvatskome i srpskome jeziku. U: Hrvatski pogledi na odnose izme\u0111u hrvatskoga, srpskoga i bosanskoga\/bo\u0161nja\u010dkoga jezika. Ur. B. To\u0161ovi\u0107. Zagreb: Izvori 2010, str. 169\u2013185.<\/p><p><span style=\"color: #2c366a;\"><strong style=\"background-color: transparent; text-align: var(--text-align);\">II. Studije (\u010dlanci u \u010dasopisima, zbornici) \/ Studies (journal articles, proceedings papers, etc.)<\/strong><\/span><\/p><p>Beck, Boris \u2013 \u0160tebih Golub, Barbara: Knjiga Tobija\u0161a Ignaca Kristijanovi\u0107a \u2013 komunikacijski aspekti biblijskog prijevoda. U: Crkva u svijetu, 2023, god. 58, br. 4, str. 613 \u2013 630.<\/p><p>Novak, Kristian \u2013 \u0160tebih Golub, Barbara: Prijevodne objasnidbenice u <em>Danici zagrebe\u010dkoj<\/em>. U: Filologija, god. 79, str. 115\u2013155.<\/p><p>\u0160tebih Golub, Barbara: Od <em>Chtejenya<\/em> do <em>\u010ctejenja<\/em> (jezi\u010dne mijene u kajkavskim lekcionarima). U: Crkva u svijetu, 2022, god. 57, br. 4, str. 555\u2013574.<\/p><p>Rezo, Vladimira \u2013 \u0160tebih Golub, Barbara: Kristijanovi\u0107eve kajkavske prerade Ezopa. Ra\u0161\u010dlamba devet parova basni iz Danice zagrebe\u010dke i Ezopu\u0161evih basni pohorva\u010denih. U: Studia Slavica Academiae Scientiarum Hungaricae, 2021, god. 66, br. 1, str. 173\u2013188.<\/p><p>Kova\u010devi\u0107, Barbara \u2013 \u0160tebih Golub, Barbara: Verschiedene sprichw\u00f6rtliche Redensarten \u2013 das erste kroatische phraseologische W\u00f6rterbuch. U: Kalbotyra, 2020, br. 73, str. 92\u2013103.<\/p><p>\u0160tebih Golub, Barbara: Mali uvod u bogatu kajkavsku gramatikografiju. U: Fluminensia, 2018, god. 30, br. 1, str. 127\u2013 151.<\/p><p>\u0160tebih Golub, Barbara: Stopljenice u medijskome i reklamnome diskursu suvremenoga hrvatskog jezika. U: Pozna\u0144skie studia slawistyczne, 2017, \u00a0br. 13, str. 196\u2013208.<\/p><p>\u0160tebih Golub, Barbara: Okazionalizmi u hrvatskome jeziku na internetu. U: Slavia Centralis, 2016,\u00a0 god. IX, br. 1, str. 35\u201347.<\/p><p>\u0160tebih Golub, Barbara: Jedan tip imeni\u010dkih slo\u017eenica u kajkavskome knji\u017eevnom jeziku. U: Slavia Centralis, 2016,\u00a0 god. X, br. 1, str. 5\u201322.<\/p><p>Novak, Kristian \u2013 \u0160tebih Golub, Barbara: Deutsch im Diskurs der Illyrischen Bewegung (1835\u20131843): Bedrohung, Leitbild, \u00dcberbr\u00fcckungsinstrument. U: Zagreber germanistische Beitr\u00e4ge, 2015, god. 24, str. 127\u2013149.<\/p><p>Novak, Kristian \u2013 \u0160tebih Golub, Barbara: 2015. Kontaktolo\u0161ka istra\u017eivanja germanizama u hrvatskome jeziku. U: Gwary Dzi\u015b. Rocznik po\u015bwi\u0119cony dialektologii s\u0142owia\u0144skiej, 2015, god. 7, str. 191\u2013201.<\/p><p>\u0160tebih Golub, Barbara: \u00a0O mociji bez emocija. U: Srpski jezik, 2014,god. 19, str. 461\u2013478.<\/p><p>Lewis, Kristian \u2013 \u0160tebih Golub, Barbara: \u00a0Tvorba rije\u010di i reklamni diskurs. U: Rasprave: \u010casopis Instituta za hrvatski jezik i jezikoslovlje, 2014, god. 40, br. 1, str. 133\u2013147.<\/p><p>Horvat, Marijana \u2013 \u0160tebih Golub, Barbara: \u00a0Tvorba rije\u010di u hrvatskim dopreporodnim gramatikama. U: Rasprave: \u010casopis Instituta za hrvatski jezik i jezikoslovlje, god. 38, br. 3, str. 295\u2013326.<\/p><p>\u0160tebih Golub, Barbara: \u00a0Pravi mocijski parnjaci u kajkavskome knji\u017eevnom jeziku. U: Rasprave Instituta za hrvatski jezik i jezikoslovlje, 2008, god. 34, str. 393\u2013412.<\/p><p>\u0160tebih Golub, Barbara: \u00a0Transmorfemizacija imeni\u010dkih germanizama u kajkavskome knji\u017eevnom jeziku. U: Rasprave Instituta za hrvatski jezik i jezikoslovlje, 2006, god. 32, str. 295\u2013311.<\/p>\t\t\t\t\t\t\t\t<\/div>\n\t\t\t\t<\/div>\n\t\t\t\t\t<\/div>\n\t\t\t\t<\/div>\n\t\t\t\t\t<\/div>\n\t\t\t\t<\/div>\n\t\t\t\t<section class=\"elementor-section elementor-top-section elementor-element elementor-element-6ecdac74 elementor-section-boxed elementor-section-height-default elementor-section-height-default\" data-id=\"6ecdac74\" data-element_type=\"section\" data-e-type=\"section\" id=\"footer_section\" data-settings=\"{&quot;background_background&quot;:&quot;classic&quot;}\">\n\t\t\t\t\t\t<div class=\"elementor-container elementor-column-gap-default\">\n\t\t\t\t\t<div class=\"elementor-column elementor-col-100 elementor-top-column elementor-element elementor-element-1d2b3ab9\" data-id=\"1d2b3ab9\" data-element_type=\"column\" data-e-type=\"column\">\n\t\t\t<div class=\"elementor-widget-wrap elementor-element-populated\">\n\t\t\t\t\t\t<section class=\"elementor-section elementor-inner-section elementor-element elementor-element-3d2e2f68 elementor-section-content-middle elementor-section-full_width elementor-section-height-default elementor-section-height-default\" data-id=\"3d2e2f68\" data-element_type=\"section\" data-e-type=\"section\">\n\t\t\t\t\t\t<div class=\"elementor-container elementor-column-gap-no\">\n\t\t\t\t\t<div class=\"elementor-column elementor-col-50 elementor-inner-column elementor-element elementor-element-70ebb79b\" data-id=\"70ebb79b\" data-element_type=\"column\" data-e-type=\"column\">\n\t\t\t<div class=\"elementor-widget-wrap elementor-element-populated\">\n\t\t\t\t\t\t<div class=\"elementor-element elementor-element-22226189 elementor-widget elementor-widget-text-editor\" data-id=\"22226189\" data-element_type=\"widget\" data-e-type=\"widget\" data-widget_type=\"text-editor.default\">\n\t\t\t\t<div class=\"elementor-widget-container\">\n\t\t\t\t\t\t\t\t\t<p style=\"text-align: left;\"><span style=\"color: #ff0003;\">\u00a9 2024 \u2013 2026 | Komisia pre slovansk\u00fa slovotvorbu<\/span><\/p>\t\t\t\t\t\t\t\t<\/div>\n\t\t\t\t<\/div>\n\t\t\t\t\t<\/div>\n\t\t<\/div>\n\t\t\t\t<div class=\"elementor-column elementor-col-50 elementor-inner-column elementor-element elementor-element-13f1d243\" data-id=\"13f1d243\" data-element_type=\"column\" data-e-type=\"column\">\n\t\t\t<div class=\"elementor-widget-wrap elementor-element-populated\">\n\t\t\t\t\t\t<div class=\"elementor-element elementor-element-5c6aeecd elementor-widget elementor-widget-text-editor\" data-id=\"5c6aeecd\" data-element_type=\"widget\" data-e-type=\"widget\" data-widget_type=\"text-editor.default\">\n\t\t\t\t<div class=\"elementor-widget-container\">\n\t\t\t\t\t\t\t\t\t<p style=\"text-align: right;\"><span style=\"color: #ff0003;\">webdesign \u00a9 2024 \u2013 2026 Marianna Kraviarov\u00e1<\/span><\/p>\t\t\t\t\t\t\t\t<\/div>\n\t\t\t\t<\/div>\n\t\t\t\t\t<\/div>\n\t\t<\/div>\n\t\t\t\t\t<\/div>\n\t\t<\/section>\n\t\t\t\t\t<\/div>\n\t\t<\/div>\n\t\t\t\t\t<\/div>\n\t\t<\/section>\n\t\t\t\t<\/div>\n\t\t","protected":false},"excerpt":{"rendered":"<p>KOMISIA PRE SLOVANSK\u00da SLOVOTVORBU PRI MEDZIN\u00c1RODNOM KOMIT\u00c9TE SLAVISTOV Barbara \u0160TEBIH GOLUB Zemlja \/ Country Hrvatska Pripadnost \/ Affiliation Institut za hrvatski jezik Ulica Republike Austrije 16 10000 Zagreb Hrvatska E-mail bstebih@ihjj.hr Datum ro\u0111enja \/ Year of birth 1974 \u010clanica Komisije \/ Membership in the commission od\u00a0 2006 Akademska titula \/ Academic titles dr. sc., znanstvena [&hellip;]<\/p>\n","protected":false},"author":1,"featured_media":0,"parent":1582,"menu_order":17,"comment_status":"closed","ping_status":"closed","template":"","meta":{"footnotes":""},"class_list":["post-2943","page","type-page","status-publish","hentry"],"_links":{"self":[{"href":"https:\/\/www.ff.unipo.sk\/slovotvorna-komisia\/wp-json\/wp\/v2\/pages\/2943","targetHints":{"allow":["GET"]}}],"collection":[{"href":"https:\/\/www.ff.unipo.sk\/slovotvorna-komisia\/wp-json\/wp\/v2\/pages"}],"about":[{"href":"https:\/\/www.ff.unipo.sk\/slovotvorna-komisia\/wp-json\/wp\/v2\/types\/page"}],"author":[{"embeddable":true,"href":"https:\/\/www.ff.unipo.sk\/slovotvorna-komisia\/wp-json\/wp\/v2\/users\/1"}],"replies":[{"embeddable":true,"href":"https:\/\/www.ff.unipo.sk\/slovotvorna-komisia\/wp-json\/wp\/v2\/comments?post=2943"}],"version-history":[{"count":7,"href":"https:\/\/www.ff.unipo.sk\/slovotvorna-komisia\/wp-json\/wp\/v2\/pages\/2943\/revisions"}],"predecessor-version":[{"id":3704,"href":"https:\/\/www.ff.unipo.sk\/slovotvorna-komisia\/wp-json\/wp\/v2\/pages\/2943\/revisions\/3704"}],"up":[{"embeddable":true,"href":"https:\/\/www.ff.unipo.sk\/slovotvorna-komisia\/wp-json\/wp\/v2\/pages\/1582"}],"wp:attachment":[{"href":"https:\/\/www.ff.unipo.sk\/slovotvorna-komisia\/wp-json\/wp\/v2\/media?parent=2943"}],"curies":[{"name":"wp","href":"https:\/\/api.w.org\/{rel}","templated":true}]}}