{"id":3095,"date":"2024-11-19T16:12:01","date_gmt":"2024-11-19T15:12:01","guid":{"rendered":"https:\/\/www.ff.unipo.sk\/slovotvorna-komisia\/?page_id=3095"},"modified":"2026-01-29T00:00:45","modified_gmt":"2026-01-28T23:00:45","slug":"charitoncik","status":"publish","type":"page","link":"https:\/\/www.ff.unipo.sk\/slovotvorna-komisia\/clenovia-komisie\/charitoncik\/","title":{"rendered":"\u0417\u0438\u043d\u0430\u0438\u0434\u0430 \u0410\u043d\u0434\u0440\u0435\u0435\u0432\u043d\u0430 \u0425\u0410\u0420\u0418\u0422\u041e\u041d\u0427\u0418\u041a"},"content":{"rendered":"\t\t<div data-elementor-type=\"wp-page\" data-elementor-id=\"3095\" class=\"elementor elementor-3095\">\n\t\t\t\t\t\t<section class=\"elementor-section elementor-top-section elementor-element elementor-element-92e8863 elementor-section-content-middle elementor-section-boxed elementor-section-height-default elementor-section-height-default\" data-id=\"92e8863\" data-element_type=\"section\" data-e-type=\"section\" data-settings=\"{&quot;background_background&quot;:&quot;classic&quot;}\">\n\t\t\t\t\t\t\t<div class=\"elementor-background-overlay\"><\/div>\n\t\t\t\t\t\t\t<div class=\"elementor-container elementor-column-gap-no\">\n\t\t\t\t\t<div class=\"elementor-column elementor-col-100 elementor-top-column elementor-element elementor-element-fc4e00e\" data-id=\"fc4e00e\" data-element_type=\"column\" data-e-type=\"column\">\n\t\t\t<div class=\"elementor-widget-wrap elementor-element-populated\">\n\t\t\t\t<div class=\"elementor-element elementor-element-c7da904 e-grid e-con-boxed e-con e-parent\" data-id=\"c7da904\" data-element_type=\"container\" data-e-type=\"container\">\n\t\t\t\t\t<div class=\"e-con-inner\">\n\t\t\t\t<div class=\"elementor-element elementor-element-5a61a8f elementor-widget elementor-widget-heading\" data-id=\"5a61a8f\" data-element_type=\"widget\" data-e-type=\"widget\" data-widget_type=\"heading.default\">\n\t\t\t\t<div class=\"elementor-widget-container\">\n\t\t\t\t\t<h2 class=\"elementor-heading-title elementor-size-default\">KOMISIA PRE SLOVANSK\u00da SLOVOTVORBU<\/h2>\t\t\t\t<\/div>\n\t\t\t\t<\/div>\n\t\t\t\t<div class=\"elementor-element elementor-element-0c7ff8a elementor-widget elementor-widget-text-editor\" data-id=\"0c7ff8a\" data-element_type=\"widget\" data-e-type=\"widget\" data-widget_type=\"text-editor.default\">\n\t\t\t\t<div class=\"elementor-widget-container\">\n\t\t\t\t\t\t\t\t\t<p>PRI MEDZIN\u00c1RODNOM KOMIT\u00c9TE SLAVISTOV<\/p>\t\t\t\t\t\t\t\t<\/div>\n\t\t\t\t<\/div>\n\t\t\t\t\t<\/div>\n\t\t\t\t<\/div>\n\t\t\t\t\t<\/div>\n\t\t<\/div>\n\t\t\t\t\t<\/div>\n\t\t<\/section>\n\t\t<div class=\"elementor-element elementor-element-fa458b4 e-flex e-con-boxed e-con e-parent\" data-id=\"fa458b4\" data-element_type=\"container\" data-e-type=\"container\" data-settings=\"{&quot;animation&quot;:&quot;none&quot;}\">\n\t\t\t\t\t<div class=\"e-con-inner\">\n\t\t\t\t<div class=\"elementor-element elementor-element-58424fc elementor-widget__width-inherit elementor-widget elementor-widget-heading\" data-id=\"58424fc\" data-element_type=\"widget\" data-e-type=\"widget\" data-settings=\"{&quot;_animation&quot;:&quot;none&quot;}\" data-widget_type=\"heading.default\">\n\t\t\t\t<div class=\"elementor-widget-container\">\n\t\t\t\t\t<h2 class=\"elementor-heading-title elementor-size-default\">\u0417\u0438\u043d\u0430\u0438\u0434\u0430 \u0410\u043d\u0434\u0440\u0435\u0435\u0432\u043d\u0430 \u0425\u0410\u0420\u0418\u0422\u041e\u041d\u0427\u0418\u041a<\/h2>\t\t\t\t<\/div>\n\t\t\t\t<\/div>\n\t\t\t\t\t<\/div>\n\t\t\t\t<\/div>\n\t\t<div class=\"elementor-element elementor-element-39a3d42 e-flex e-con-boxed e-con e-parent\" data-id=\"39a3d42\" data-element_type=\"container\" data-e-type=\"container\">\n\t\t\t\t\t<div class=\"e-con-inner\">\n\t\t<div class=\"elementor-element elementor-element-eb88dd5 e-con-full e-flex e-con e-child\" data-id=\"eb88dd5\" data-element_type=\"container\" data-e-type=\"container\">\n\t\t\t\t<div class=\"elementor-element elementor-element-3f02a20 elementor-widget elementor-widget-text-editor\" data-id=\"3f02a20\" data-element_type=\"widget\" data-e-type=\"widget\" data-widget_type=\"text-editor.default\">\n\t\t\t\t<div class=\"elementor-widget-container\">\n\t\t\t\t\t\t\t\t\t<table width=\"650\"><tbody><tr><td width=\"300\"><strong>Krajina \/ Country:<\/strong><\/td><td width=\"300\">Bialorus<\/td><\/tr><tr><td width=\"300\"><strong>Afili\u00e1cia \/ Affiliation:<\/strong><\/td><td width=\"300\"><p>Minsk state linguistic university<br \/>Thtoretical and applied linguistics department<br \/>Zakharov st. 21\u00a0<br \/>220034 Minsk<br \/>Bialorus<\/p><\/td><\/tr><tr><td width=\"300\"><strong>E-mail:<\/strong><\/td><td width=\"300\">zkharitonchik@mail.ru<\/td><\/tr><tr><td width=\"300\"><strong>Rok narodenia \/ Year of birth:<\/strong><\/td><td width=\"300\">1944<\/td><\/tr><tr><td width=\"300\"><strong>\u010clen slovotvornej komisie \/ Commission membership:<\/strong><\/td><td width=\"300\">od r. 2000<\/td><\/tr><tr><td width=\"300\"><strong>Akademick\u00e9 hodnosti \/ Academic titles:<\/strong><\/td><td width=\"300\">prof., Dr hab.<\/td><\/tr><tr><td width=\"300\"><strong>ORCID:<\/strong><\/td><td width=\"300\">\u00a0<\/td><\/tr><tr><td width=\"300\"><strong>V\u00fdskumn\u00e9 zameranie \/ Research interests:<\/strong><\/td><td width=\"300\">Lexicology, lexical semantics,\u00a0 wordformation, comparative studies<\/td><\/tr><tr><td width=\"300\"><strong>Linky \/ Links:<\/strong><\/td><td width=\"300\"><p>Bibliografia<\/p><\/td><\/tr><\/tbody><\/table>\t\t\t\t\t\t\t\t<\/div>\n\t\t\t\t<\/div>\n\t\t\t\t<\/div>\n\t\t<div class=\"elementor-element elementor-element-f12d2e4 e-con-full e-flex e-con e-child\" data-id=\"f12d2e4\" data-element_type=\"container\" data-e-type=\"container\">\n\t\t\t\t<div class=\"elementor-element elementor-element-5fc2edc elementor-widget elementor-widget-image\" data-id=\"5fc2edc\" data-element_type=\"widget\" data-e-type=\"widget\" data-widget_type=\"image.default\">\n\t\t\t\t<div class=\"elementor-widget-container\">\n\t\t\t\t\t\t\t\t\t\t\t\t\t\t\t<img fetchpriority=\"high\" decoding=\"async\" width=\"300\" height=\"225\" src=\"https:\/\/www.ff.unipo.sk\/slovotvorna-komisia\/wp-content\/uploads\/2024\/11\/kharitoncik-foto-300x225.jpg\" class=\"attachment-medium size-medium wp-image-3097\" alt=\"\" srcset=\"https:\/\/www.ff.unipo.sk\/slovotvorna-komisia\/wp-content\/uploads\/2024\/11\/kharitoncik-foto-300x225.jpg 300w, https:\/\/www.ff.unipo.sk\/slovotvorna-komisia\/wp-content\/uploads\/2024\/11\/kharitoncik-foto-1024x768.jpg 1024w, https:\/\/www.ff.unipo.sk\/slovotvorna-komisia\/wp-content\/uploads\/2024\/11\/kharitoncik-foto-768x576.jpg 768w, https:\/\/www.ff.unipo.sk\/slovotvorna-komisia\/wp-content\/uploads\/2024\/11\/kharitoncik-foto-1536x1152.jpg 1536w, https:\/\/www.ff.unipo.sk\/slovotvorna-komisia\/wp-content\/uploads\/2024\/11\/kharitoncik-foto.jpg 1600w\" sizes=\"(max-width: 300px) 100vw, 300px\" \/>\t\t\t\t\t\t\t\t\t\t\t\t\t\t\t<\/div>\n\t\t\t\t<\/div>\n\t\t\t\t<\/div>\n\t\t\t\t\t<\/div>\n\t\t\t\t<\/div>\n\t\t<div class=\"elementor-element elementor-element-7295fb1 e-flex e-con-boxed e-con e-parent\" data-id=\"7295fb1\" data-element_type=\"container\" data-e-type=\"container\">\n\t\t\t\t\t<div class=\"e-con-inner\">\n\t\t<div class=\"elementor-element elementor-element-450be4c e-flex e-con-boxed e-con e-child\" data-id=\"450be4c\" data-element_type=\"container\" data-e-type=\"container\">\n\t\t\t\t\t<div class=\"e-con-inner\">\n\t\t\t\t<div class=\"elementor-element elementor-element-be0add8 elementor-widget elementor-widget-text-editor\" data-id=\"be0add8\" data-element_type=\"widget\" data-e-type=\"widget\" data-widget_type=\"text-editor.default\">\n\t\t\t\t<div class=\"elementor-widget-container\">\n\t\t\t\t\t\t\t\t\t<h4><span style=\"color: #2c366a;\"><strong>V\u00fdberov\u00e1 bibliografia \/ Selected bibliography<\/strong><\/span><\/h4><p><span style=\"color: #2c366a;\"><strong style=\"background-color: transparent; text-align: var(--text-align);\">I. Kni\u017en\u00e9 publik\u00e1cie (monografie, u\u010debnice, slovn\u00edky) \/ Books (monographs, text-books, dictionaries)<\/strong><\/span><\/p><p><span style=\"color: #2c366a;\"><strong style=\"background-color: transparent; text-align: var(--text-align);\">a) \u0410utor, spoluautor \/ author, co-author<\/strong><\/span><\/p><p>\u00a0<\/p><p><span style=\"color: #2c366a;\"><strong style=\"background-color: transparent; text-align: var(--text-align);\">b) Editor, spolueditor \/ editor, co-editor<\/strong><\/span><\/p><p>\u00a0<\/p><p><span style=\"color: #2c366a;\"><strong style=\"background-color: transparent; text-align: var(--text-align);\">c) Kapitoly v monografi\u00e1ch \/ Chapters in monographs<\/strong><\/span><\/p><p>\u00a0<\/p><p><span style=\"color: #2c366a;\"><strong style=\"background-color: transparent; text-align: var(--text-align);\">II. \u0160t\u00fadie (pr\u00edspevky v \u010dasopisoch, zborn\u00edkoch) \/ Studies (journal articles, proceedings papers, etc.)<\/strong><\/span><\/p><p>\u00a0<\/p>\t\t\t\t\t\t\t\t<\/div>\n\t\t\t\t<\/div>\n\t\t\t\t\t<\/div>\n\t\t\t\t<\/div>\n\t\t\t\t\t<\/div>\n\t\t\t\t<\/div>\n\t\t\t\t<section class=\"elementor-section elementor-top-section elementor-element elementor-element-6f0f4aa7 elementor-section-boxed elementor-section-height-default elementor-section-height-default\" data-id=\"6f0f4aa7\" data-element_type=\"section\" data-e-type=\"section\" id=\"footer_section\" data-settings=\"{&quot;background_background&quot;:&quot;classic&quot;}\">\n\t\t\t\t\t\t<div class=\"elementor-container elementor-column-gap-default\">\n\t\t\t\t\t<div class=\"elementor-column elementor-col-100 elementor-top-column elementor-element elementor-element-6d5dd306\" data-id=\"6d5dd306\" data-element_type=\"column\" data-e-type=\"column\">\n\t\t\t<div class=\"elementor-widget-wrap elementor-element-populated\">\n\t\t\t\t\t\t<section class=\"elementor-section elementor-inner-section elementor-element elementor-element-5423d802 elementor-section-content-middle elementor-section-full_width elementor-section-height-default elementor-section-height-default\" data-id=\"5423d802\" data-element_type=\"section\" data-e-type=\"section\">\n\t\t\t\t\t\t<div class=\"elementor-container elementor-column-gap-no\">\n\t\t\t\t\t<div class=\"elementor-column elementor-col-50 elementor-inner-column elementor-element elementor-element-536d0893\" data-id=\"536d0893\" data-element_type=\"column\" data-e-type=\"column\">\n\t\t\t<div class=\"elementor-widget-wrap elementor-element-populated\">\n\t\t\t\t\t\t<div class=\"elementor-element elementor-element-b2467fb elementor-widget elementor-widget-text-editor\" data-id=\"b2467fb\" data-element_type=\"widget\" data-e-type=\"widget\" data-widget_type=\"text-editor.default\">\n\t\t\t\t<div class=\"elementor-widget-container\">\n\t\t\t\t\t\t\t\t\t<p style=\"text-align: left;\"><span style=\"color: #ff0003;\">\u00a9 2024 \u2013 2026 | Komisia pre slovansk\u00fa slovotvorbu<\/span><\/p>\t\t\t\t\t\t\t\t<\/div>\n\t\t\t\t<\/div>\n\t\t\t\t\t<\/div>\n\t\t<\/div>\n\t\t\t\t<div class=\"elementor-column elementor-col-50 elementor-inner-column elementor-element elementor-element-12ca06b9\" data-id=\"12ca06b9\" data-element_type=\"column\" data-e-type=\"column\">\n\t\t\t<div class=\"elementor-widget-wrap elementor-element-populated\">\n\t\t\t\t\t\t<div class=\"elementor-element elementor-element-6e254b78 elementor-widget elementor-widget-text-editor\" data-id=\"6e254b78\" data-element_type=\"widget\" data-e-type=\"widget\" data-widget_type=\"text-editor.default\">\n\t\t\t\t<div class=\"elementor-widget-container\">\n\t\t\t\t\t\t\t\t\t<p style=\"text-align: right;\"><span style=\"color: #ff0003;\">webdesign \u00a9 2024 \u2013 2026 Marianna Kraviarov\u00e1<\/span><\/p>\t\t\t\t\t\t\t\t<\/div>\n\t\t\t\t<\/div>\n\t\t\t\t\t<\/div>\n\t\t<\/div>\n\t\t\t\t\t<\/div>\n\t\t<\/section>\n\t\t\t\t\t<\/div>\n\t\t<\/div>\n\t\t\t\t\t<\/div>\n\t\t<\/section>\n\t\t\t\t<\/div>\n\t\t","protected":false},"excerpt":{"rendered":"<p>KOMISIA PRE SLOVANSK\u00da SLOVOTVORBU PRI MEDZIN\u00c1RODNOM KOMIT\u00c9TE SLAVISTOV \u0417\u0438\u043d\u0430\u0438\u0434\u0430 \u0410\u043d\u0434\u0440\u0435\u0435\u0432\u043d\u0430 \u0425\u0410\u0420\u0418\u0422\u041e\u041d\u0427\u0418\u041a Krajina \/ Country: Bialorus Afili\u00e1cia \/ Affiliation: Minsk state linguistic universityThtoretical and applied linguistics departmentZakharov st. 21\u00a0220034 MinskBialorus E-mail: zkharitonchik@mail.ru Rok narodenia \/ Year of birth: 1944 \u010clen slovotvornej komisie \/ Commission membership: od r. 2000 Akademick\u00e9 hodnosti \/ Academic titles: prof., Dr hab. [&hellip;]<\/p>\n","protected":false},"author":1,"featured_media":0,"parent":1582,"menu_order":20,"comment_status":"closed","ping_status":"closed","template":"","meta":{"footnotes":""},"class_list":["post-3095","page","type-page","status-publish","hentry"],"_links":{"self":[{"href":"https:\/\/www.ff.unipo.sk\/slovotvorna-komisia\/wp-json\/wp\/v2\/pages\/3095","targetHints":{"allow":["GET"]}}],"collection":[{"href":"https:\/\/www.ff.unipo.sk\/slovotvorna-komisia\/wp-json\/wp\/v2\/pages"}],"about":[{"href":"https:\/\/www.ff.unipo.sk\/slovotvorna-komisia\/wp-json\/wp\/v2\/types\/page"}],"author":[{"embeddable":true,"href":"https:\/\/www.ff.unipo.sk\/slovotvorna-komisia\/wp-json\/wp\/v2\/users\/1"}],"replies":[{"embeddable":true,"href":"https:\/\/www.ff.unipo.sk\/slovotvorna-komisia\/wp-json\/wp\/v2\/comments?post=3095"}],"version-history":[{"count":20,"href":"https:\/\/www.ff.unipo.sk\/slovotvorna-komisia\/wp-json\/wp\/v2\/pages\/3095\/revisions"}],"predecessor-version":[{"id":3720,"href":"https:\/\/www.ff.unipo.sk\/slovotvorna-komisia\/wp-json\/wp\/v2\/pages\/3095\/revisions\/3720"}],"up":[{"embeddable":true,"href":"https:\/\/www.ff.unipo.sk\/slovotvorna-komisia\/wp-json\/wp\/v2\/pages\/1582"}],"wp:attachment":[{"href":"https:\/\/www.ff.unipo.sk\/slovotvorna-komisia\/wp-json\/wp\/v2\/media?parent=3095"}],"curies":[{"name":"wp","href":"https:\/\/api.w.org\/{rel}","templated":true}]}}